{"id":129,"date":"2019-03-20T04:12:33","date_gmt":"2019-03-20T04:12:33","guid":{"rendered":"https:\/\/goya.everthemes.com\/demo-fashion\/?page_id=129"},"modified":"2026-01-28T16:13:15","modified_gmt":"2026-01-28T16:13:15","slug":"equipe","status":"publish","type":"page","link":"https:\/\/ohmondessin.com\/index.php\/equipe\/","title":{"rendered":"L&rsquo;\u00c9quipe"},"content":{"rendered":"<section class=\"wpb-content-wrapper\">[vc_row et_full_width=\u00a0\u00bbtrue\u00a0\u00bb et_row_padding=\u00a0\u00bbtrue\u00a0\u00bb css=\u00a0\u00bb.vc_custom_1759133056229{padding-top: 60px !important;padding-bottom: 100px !important;}\u00a0\u00bb][vc_column][vc_empty_space height=\u00a0\u00bb55px\u00a0\u00bb][vc_row_inner content_placement=\u00a0\u00bbmiddle\u00a0\u00bb el_class=\u00a0\u00bbalign-center\u00a0\u00bb css=\u00a0\u00bb.vc_custom_1759132881459{margin-bottom: -50px !important;}\u00a0\u00bb][vc_column_inner animation=\u00a0\u00bbanimation left-to-right\u00a0\u00bb offset=\u00a0\u00bbvc_col-md-7&Prime;]\t<div class=\"et-image-282 et-image     et_image_link\">\n\t\t<div class=\"et-image-inner animation right-to-left\">\n\t\t\t\t\t\t\t<div class=\"et-image-thumb \">\n\t\t\t\t\t<img loading=\"lazy\" decoding=\"async\" class=\"\" src=\"https:\/\/ohmondessin.com\/wp-content\/uploads\/2025\/09\/portrait_ohmondessin-1-900x900.jpg\" width=\"900\" height=\"900\" alt=\"portrait_ohmondessin\" title=\"portrait_ohmondessin\" \/>\t\t\t\t<\/div>\n\t\t\t\t\t\t\t\t\t\t\t<\/div>\n\t<\/div>\n  [\/vc_column_inner][vc_column_inner animation=\u00a0\u00bbanimation right-to-left\u00a0\u00bb offset=\u00a0\u00bbvc_col-md-5&Prime;][vc_column_text css=\u00a0\u00bb.vc_custom_1769616793449{padding-top: 20px !important;}\u00a0\u00bb]<b>Oh ! Mon Dessin<\/b> est n\u00e9 en 2019 avec un r\u00eave : cr\u00e9er de la papeterie et des objets qui donnent envie de sourire, de r\u00eaver\u2026 et de gribouiller mille id\u00e9es.<\/p>\n<p>Depuis mon atelier \u00e0 Maisons-Laffitte, dans les Yvelines et en compagnie de mon chat Renoir, j\u2019imagine chaque illustration \u00e0 la tablette graphique ou avec des m\u00e9diums plus traditionnels tels que la gouache ou l\u2019aquarelle. Les cartes postales, affiches et pin\u2019s sont enti\u00e8rement fabriqu\u00e9s \u00e0 l\u2019atelier, avec soin et passion. La papeterie est con\u00e7ue en collaboration avec une entreprise locale situ\u00e9e \u00e0 moins de 10 km, favorisant ainsi le circuit court.<\/p>\n<p>Soucieux de l\u2019environnement, Oh ! Mon Dessin s\u2019engage \u00e0 utiliser du papier recycl\u00e9 certifi\u00e9 FSC pour sa carterie et sa papeterie, garantissant des produits \u00e0 faible impact \u00e9cologique.[\/vc_column_text][\/vc_column_inner][\/vc_row_inner][\/vc_column][\/vc_row][vc_row et_full_width=\u00a0\u00bbtrue\u00a0\u00bb et_row_padding=\u00a0\u00bbtrue\u00a0\u00bb css=\u00a0\u00bb.vc_custom_1759132932544{padding-top: 40px !important;padding-bottom: 20px !important;background-color: #f2f2f2 !important;}\u00a0\u00bb][vc_column][vc_column_text animation=\u00a0\u00bbanimation top-to-bottom\u00a0\u00bb]\n<h1 class=\"fancy-title\" style=\"text-align: center;\">Depuis 2019 \u00e0 Maisons-Laffitte<\/h1>\n[\/vc_column_text][vc_column_text]\n<p class=\"p1\" style=\"text-align: center;\">\ud83c\udf43 Un engagement responsable : circuit court et z\u00e9ro surproduction pour pr\u00e9server la plan\u00e8te.<\/p>\n<p class=\"p1\" style=\"text-align: center;\">\ud83d\udce6 Un d\u00e9lai de fabrication rapide : j\u2019exp\u00e9die vos commandes sous 3 jours<\/p>\n<p style=\"text-align: center;\" data-start=\"133\" data-end=\"241\">\u2728 Une cr\u00e9ation locale et artisanale : chaque pi\u00e8ce est pens\u00e9e et fabriqu\u00e9e avec soin, en petite s\u00e9rie.<\/p>\n<p style=\"text-align: center;\" data-start=\"243\" data-end=\"344\">\ud83e\udd1d Un achat qui a du sens : soutenir un savoir-faire durable et respectueux de l\u2019environnement.<\/p>\n[\/vc_column_text][\/vc_column][\/vc_row][vc_row][vc_column][vc_column_text css=\u00a0\u00bb.vc_custom_1758980655063{padding-top: 40px !important;}\u00a0\u00bb]\n<h2 style=\"text-align: center;\">L&rsquo;\u00e9quipe de choc<\/h2>\n<p style=\"text-align: center;\">De l\u2019id\u00e9e au trait final, toutes nos cr\u00e9ations naissent dans notre atelier de Maisons-Laffitte (78).<\/p>\n[\/vc_column_text][\/vc_column][\/vc_row][vc_row css=\u00a0\u00bb.vc_custom_1692738647051{padding-bottom: 50px !important;}\u00a0\u00bb][vc_column width=\u00a0\u00bb1\/4&Prime;][vc_column_text animation=\u00a0\u00bbanimation left-to-right\u00a0\u00bb][\/vc_column_text][\/vc_column][vc_column width=\u00a0\u00bb1\/4&Prime;]  <div class=\"et-team-member animation bottom-to-top\">\n  \t<div class=\"et-team-member-image rounded\">\n\t  \t<figure style=\"background-image:url('https:\/\/ohmondessin.com\/wp-content\/uploads\/2025\/09\/Equipe-Renoir.png')\">\n\t\t \t\t<div class=\"overlay\">\n\t\t\t\t\t<div class=\"et-member-social\">\n\t\t\t\t\t\t\t\t\t\t\t\t\t\t\t\t\t\t\t\t\t\t\t\t\t\t\t\t\t\t\t\t\t\t\t\t\t\t\t\t\t<\/div>\n\t\t\t\t<\/div>\n\t  \t<\/figure>\n\t\t<\/div>\n\t\t<div class=\"et-member-information\">\n\t\t\t\t\t\t\t<h5>Renoir<\/h5>\n\t\t\t\t  \t\t  \t\t<p>Muse et Assistant<\/p>\n\t  \t  \t<\/div>\n\t<\/div>\n  [\/vc_column][vc_column width=\u00a0\u00bb1\/4&Prime;]  <div class=\"et-team-member animation bottom-to-top\">\n  \t<div class=\"et-team-member-image rounded\">\n\t  \t<figure style=\"background-image:url('https:\/\/ohmondessin.com\/wp-content\/uploads\/2025\/09\/Equipe-Roxane.png')\">\n\t\t \t\t<div class=\"overlay\">\n\t\t\t\t\t<div class=\"et-member-social\">\n\t\t\t\t\t\t\t\t\t\t\t\t\t<a href=\"https:\/\/www.facebook.com\/Ohmondessin\/\" class=\"facebook\" target=\"_blank\"><span class=\"et-icon et-facebook\"><\/span><\/a>\n\t\t\t\t\t\t\t\t\t\t\t\t\t\t\t\t\t\t\t\t\t\t\t\t\t\t\t\t\t\t\t\t\t\t\t\t\t<a href=\"https:\/\/www.instagram.com\/ohmondessin\/\" class=\"instagram\" target=\"_blank\"><span class=\"et-icon et-instagram\"><\/span><\/a>\n\t\t\t\t\t\t\t\t\t\t\t\t\t\t\t\t\t<\/div>\n\t\t\t\t<\/div>\n\t  \t<\/figure>\n\t\t<\/div>\n\t\t<div class=\"et-member-information\">\n\t\t\t\t\t\t\t<h5>Roxane<\/h5>\n\t\t\t\t  \t\t  \t\t<p>Cr\u00e9atrice de la marque et Illustratrice<\/p>\n\t  \t  \t<\/div>\n\t<\/div>\n  [\/vc_column][vc_column][vc_btn title=\u00a0\u00bbNous \u00e9crire un petit mot\u00a0\u00bb style=\u00a0\u00bbgradient-custom\u00a0\u00bb gradient_custom_color_1=\u00a0\u00bb#b19da2&Prime; gradient_custom_color_2=\u00a0\u00bb#b19da2&Prime; shape=\u00a0\u00bbsquare\u00a0\u00bb align=\u00a0\u00bbcenter\u00a0\u00bb link=\u00a0\u00bburl:https%3A%2F%2Fohmondessin.com%2Findex.php%2Fcontact-2%2F|title:Contact\u00a0\u00bb css=\u00a0\u00bb.vc_custom_1759133092650{padding-top: 20px !important;}\u00a0\u00bb][\/vc_column][\/vc_row][vc_row et_full_width=\u00a0\u00bbtrue\u00a0\u00bb css=\u00a0\u00bb.vc_custom_1758980792813{padding-top: 40px !important;padding-bottom: 40px !important;background-color: #f2f2f2 !important;}\u00a0\u00bb][vc_column css=\u00a0\u00bb.vc_custom_1758980762280{padding-top: 10px !important;background-color: #f2f2f2 !important;}\u00a0\u00bb][vc_single_image image=\u00a0\u00bb7121&Prime; img_size=\u00a0\u00bbfull\u00a0\u00bb onclick=\u00a0\u00bbcustom_link\u00a0\u00bb link=\u00a0\u00bbhttp:\/\/www.instagram.com\/ohmondessin\/\u00a0\u00bb][vc_row_inner][vc_column_inner width=\u00a0\u00bb2\/3&Prime; offset=\u00a0\u00bbvc_col-lg-7 vc_col-md-8&Prime;][vc_column_text]\n<h2>Retrouvez toute notre actualit\u00e9 ainsi que des photos in\u00e9dites <strong>sur Instagram<\/strong>\u00a0\ud83d\udc31<\/h2>\n[\/vc_column_text][\/vc_column_inner][vc_column_inner width=\u00a0\u00bb1\/3&Prime;]\t\t<div id=\"et-button-69d201d435d49\" class=\"et_btn_align_right \">\n\t\t\t<a href=\"https:\/\/www.instagram.com\/ohmondessin\/\" class=\" et_btn button et_btn_md solid color-custom  arrow-enabled \"  role=\"button\" title=\"Suivez nos aventure !\" ><span>Suivez nos aventures !<\/span><svg xmlns=\"http:\/\/www.w3.org\/2000\/svg\" xmlns:xlink=\"http:\/\/www.w3.org\/1999\/xlink\" x=\"0px\" y=\"0px\"\r\n\t width=\"30px\" height=\"18px\" viewBox=\"0 0 30 18\" enable-background=\"new 0 0 30 18\" xml:space=\"preserve\">\r\n<path class=\"handle\" d=\"M20.305,16.212c-0.407,0.409-0.407,1.071,0,1.479s1.068,0.408,1.476,0l7.914-7.952c0.408-0.409,0.408-1.071,0-1.481\r\n\tl-7.914-7.952c-0.407-0.409-1.068-0.409-1.476,0s-0.407,1.071,0,1.48l7.185,7.221L20.305,16.212z\"\/>\r\n<path class=\"bar\" fill-rule=\"evenodd\" clip-rule=\"evenodd\" d=\"M1,8h28.001c0.551,0,1,0.448,1,1c0,0.553-0.449,1-1,1H1c-0.553,0-1-0.447-1-1\r\n\tC0,8.448,0.447,8,1,8z\"\/>\r\n<\/svg>\r\n<\/a>\n\t\t<\/div>\n\t\t\n\t[\/vc_column_inner][\/vc_row_inner][\/vc_column][\/vc_row]\n<\/section>","protected":false},"excerpt":{"rendered":"<p>[vc_row et_full_width=\u00a0\u00bbtrue\u00a0\u00bb et_row_padding=\u00a0\u00bbtrue\u00a0\u00bb css=\u00a0\u00bb.vc_custom_1759133056229{padding-top: 60px !important;padding-bottom: 100px !important;}\u00a0\u00bb][vc_column][vc_empty_space height=\u00a0\u00bb55px\u00a0\u00bb][vc_row_inner content_placement=\u00a0\u00bbmiddle\u00a0\u00bb el_class=\u00a0\u00bbalign-center\u00a0\u00bb css=\u00a0\u00bb.vc_custom_1759132881459{margin-bottom: -50px !important;}\u00a0\u00bb][vc_column_inner animation=\u00a0\u00bbanimation left-to-right\u00a0\u00bb offset=\u00a0\u00bbvc_col-md-7&Prime;][\/vc_column_inner][vc_column_inner animation=\u00a0\u00bbanimation right-to-left\u00a0\u00bb offset=\u00a0\u00bbvc_col-md-5&Prime;][vc_column_text css=\u00a0\u00bb.vc_custom_1769616793449{padding-top: 20px !important;}\u00a0\u00bb]Oh ! Mon Dessin est n\u00e9 en 2019 avec un r\u00eave : cr\u00e9er de la papeterie et des objets qui donnent envie de sourire, de r\u00eaver\u2026 et de&hellip;<\/p>\n","protected":false},"author":1,"featured_media":0,"parent":0,"menu_order":0,"comment_status":"closed","ping_status":"closed","template":"","meta":{"footnotes":""},"class_list":["post-129","page","type-page","status-publish","hentry"],"yoast_head":"<!-- This site is optimized with the Yoast SEO plugin v24.6 - https:\/\/yoast.com\/wordpress\/plugins\/seo\/ -->\n<title>L&#039;\u00c9quipe - ohmondessin.com<\/title>\n<meta name=\"description\" content=\"Oh ! Mon Dessin est n\u00e9 en 2019 avec un r\u00eave : cr\u00e9er de la papeterie et des objets qui donnent envie de sourire, de r\u00eaver\u2026 et de gribouiller mille id\u00e9es.\" \/>\n<meta name=\"robots\" content=\"index, follow, max-snippet:-1, max-image-preview:large, max-video-preview:-1\" \/>\n<link rel=\"canonical\" href=\"https:\/\/ohmondessin.com\/index.php\/equipe\/\" \/>\n<meta property=\"og:locale\" content=\"fr_FR\" \/>\n<meta property=\"og:type\" content=\"article\" \/>\n<meta property=\"og:title\" content=\"L&#039;\u00c9quipe - ohmondessin.com\" \/>\n<meta property=\"og:description\" content=\"Oh ! Mon Dessin est n\u00e9 en 2019 avec un r\u00eave : cr\u00e9er de la papeterie et des objets qui donnent envie de sourire, de r\u00eaver\u2026 et de gribouiller mille id\u00e9es.\" \/>\n<meta property=\"og:url\" content=\"https:\/\/ohmondessin.com\/index.php\/equipe\/\" \/>\n<meta property=\"og:site_name\" content=\"ohmondessin.com\" \/>\n<meta property=\"article:publisher\" content=\"https:\/\/www.facebook.com\/Ohmondessin\" \/>\n<meta property=\"article:modified_time\" content=\"2026-01-28T16:13:15+00:00\" \/>\n<meta name=\"twitter:card\" content=\"summary_large_image\" \/>\n<meta name=\"twitter:label1\" content=\"Dur\u00e9e de lecture estim\u00e9e\" \/>\n\t<meta name=\"twitter:data1\" content=\"2 minutes\" \/>\n<script type=\"application\/ld+json\" class=\"yoast-schema-graph\">{\"@context\":\"https:\/\/schema.org\",\"@graph\":[{\"@type\":\"WebPage\",\"@id\":\"https:\/\/ohmondessin.com\/index.php\/equipe\/\",\"url\":\"https:\/\/ohmondessin.com\/index.php\/equipe\/\",\"name\":\"L'\u00c9quipe - ohmondessin.com\",\"isPartOf\":{\"@id\":\"https:\/\/ohmondessin.com\/#website\"},\"datePublished\":\"2019-03-20T04:12:33+00:00\",\"dateModified\":\"2026-01-28T16:13:15+00:00\",\"description\":\"Oh ! Mon Dessin est n\u00e9 en 2019 avec un r\u00eave : cr\u00e9er de la papeterie et des objets qui donnent envie de sourire, de r\u00eaver\u2026 et de gribouiller mille id\u00e9es.\",\"breadcrumb\":{\"@id\":\"https:\/\/ohmondessin.com\/index.php\/equipe\/#breadcrumb\"},\"inLanguage\":\"fr-FR\",\"potentialAction\":[{\"@type\":\"ReadAction\",\"target\":[\"https:\/\/ohmondessin.com\/index.php\/equipe\/\"]}]},{\"@type\":\"BreadcrumbList\",\"@id\":\"https:\/\/ohmondessin.com\/index.php\/equipe\/#breadcrumb\",\"itemListElement\":[{\"@type\":\"ListItem\",\"position\":1,\"name\":\"Accueil\",\"item\":\"https:\/\/ohmondessin.com\/\"},{\"@type\":\"ListItem\",\"position\":2,\"name\":\"L&rsquo;\u00c9quipe\"}]},{\"@type\":\"WebSite\",\"@id\":\"https:\/\/ohmondessin.com\/#website\",\"url\":\"https:\/\/ohmondessin.com\/\",\"name\":\"ohmondessin.com\",\"description\":\"De l\u2019illustration et du fait-main\",\"publisher\":{\"@id\":\"https:\/\/ohmondessin.com\/#organization\"},\"potentialAction\":[{\"@type\":\"SearchAction\",\"target\":{\"@type\":\"EntryPoint\",\"urlTemplate\":\"https:\/\/ohmondessin.com\/?s={search_term_string}\"},\"query-input\":{\"@type\":\"PropertyValueSpecification\",\"valueRequired\":true,\"valueName\":\"search_term_string\"}}],\"inLanguage\":\"fr-FR\"},{\"@type\":\"Organization\",\"@id\":\"https:\/\/ohmondessin.com\/#organization\",\"name\":\"ohmondessin.com\",\"url\":\"https:\/\/ohmondessin.com\/\",\"logo\":{\"@type\":\"ImageObject\",\"inLanguage\":\"fr-FR\",\"@id\":\"https:\/\/ohmondessin.com\/#\/schema\/logo\/image\/\",\"url\":\"https:\/\/ohmondessin.com\/wp-content\/uploads\/2023\/01\/logo_OHMD-dark.png\",\"contentUrl\":\"https:\/\/ohmondessin.com\/wp-content\/uploads\/2023\/01\/logo_OHMD-dark.png\",\"width\":500,\"height\":500,\"caption\":\"ohmondessin.com\"},\"image\":{\"@id\":\"https:\/\/ohmondessin.com\/#\/schema\/logo\/image\/\"},\"sameAs\":[\"https:\/\/www.facebook.com\/Ohmondessin\",\"https:\/\/www.instagram.com\/ohmondessin\/\"]}]}<\/script>\n<!-- \/ Yoast SEO plugin. -->","yoast_head_json":{"title":"L'\u00c9quipe - ohmondessin.com","description":"Oh ! Mon Dessin est n\u00e9 en 2019 avec un r\u00eave : cr\u00e9er de la papeterie et des objets qui donnent envie de sourire, de r\u00eaver\u2026 et de gribouiller mille id\u00e9es.","robots":{"index":"index","follow":"follow","max-snippet":"max-snippet:-1","max-image-preview":"max-image-preview:large","max-video-preview":"max-video-preview:-1"},"canonical":"https:\/\/ohmondessin.com\/index.php\/equipe\/","og_locale":"fr_FR","og_type":"article","og_title":"L'\u00c9quipe - ohmondessin.com","og_description":"Oh ! Mon Dessin est n\u00e9 en 2019 avec un r\u00eave : cr\u00e9er de la papeterie et des objets qui donnent envie de sourire, de r\u00eaver\u2026 et de gribouiller mille id\u00e9es.","og_url":"https:\/\/ohmondessin.com\/index.php\/equipe\/","og_site_name":"ohmondessin.com","article_publisher":"https:\/\/www.facebook.com\/Ohmondessin","article_modified_time":"2026-01-28T16:13:15+00:00","twitter_card":"summary_large_image","twitter_misc":{"Dur\u00e9e de lecture estim\u00e9e":"2 minutes"},"schema":{"@context":"https:\/\/schema.org","@graph":[{"@type":"WebPage","@id":"https:\/\/ohmondessin.com\/index.php\/equipe\/","url":"https:\/\/ohmondessin.com\/index.php\/equipe\/","name":"L'\u00c9quipe - ohmondessin.com","isPartOf":{"@id":"https:\/\/ohmondessin.com\/#website"},"datePublished":"2019-03-20T04:12:33+00:00","dateModified":"2026-01-28T16:13:15+00:00","description":"Oh ! Mon Dessin est n\u00e9 en 2019 avec un r\u00eave : cr\u00e9er de la papeterie et des objets qui donnent envie de sourire, de r\u00eaver\u2026 et de gribouiller mille id\u00e9es.","breadcrumb":{"@id":"https:\/\/ohmondessin.com\/index.php\/equipe\/#breadcrumb"},"inLanguage":"fr-FR","potentialAction":[{"@type":"ReadAction","target":["https:\/\/ohmondessin.com\/index.php\/equipe\/"]}]},{"@type":"BreadcrumbList","@id":"https:\/\/ohmondessin.com\/index.php\/equipe\/#breadcrumb","itemListElement":[{"@type":"ListItem","position":1,"name":"Accueil","item":"https:\/\/ohmondessin.com\/"},{"@type":"ListItem","position":2,"name":"L&rsquo;\u00c9quipe"}]},{"@type":"WebSite","@id":"https:\/\/ohmondessin.com\/#website","url":"https:\/\/ohmondessin.com\/","name":"ohmondessin.com","description":"De l\u2019illustration et du fait-main","publisher":{"@id":"https:\/\/ohmondessin.com\/#organization"},"potentialAction":[{"@type":"SearchAction","target":{"@type":"EntryPoint","urlTemplate":"https:\/\/ohmondessin.com\/?s={search_term_string}"},"query-input":{"@type":"PropertyValueSpecification","valueRequired":true,"valueName":"search_term_string"}}],"inLanguage":"fr-FR"},{"@type":"Organization","@id":"https:\/\/ohmondessin.com\/#organization","name":"ohmondessin.com","url":"https:\/\/ohmondessin.com\/","logo":{"@type":"ImageObject","inLanguage":"fr-FR","@id":"https:\/\/ohmondessin.com\/#\/schema\/logo\/image\/","url":"https:\/\/ohmondessin.com\/wp-content\/uploads\/2023\/01\/logo_OHMD-dark.png","contentUrl":"https:\/\/ohmondessin.com\/wp-content\/uploads\/2023\/01\/logo_OHMD-dark.png","width":500,"height":500,"caption":"ohmondessin.com"},"image":{"@id":"https:\/\/ohmondessin.com\/#\/schema\/logo\/image\/"},"sameAs":["https:\/\/www.facebook.com\/Ohmondessin","https:\/\/www.instagram.com\/ohmondessin\/"]}]}},"jetpack_sharing_enabled":true,"_links":{"self":[{"href":"https:\/\/ohmondessin.com\/index.php\/wp-json\/wp\/v2\/pages\/129","targetHints":{"allow":["GET"]}}],"collection":[{"href":"https:\/\/ohmondessin.com\/index.php\/wp-json\/wp\/v2\/pages"}],"about":[{"href":"https:\/\/ohmondessin.com\/index.php\/wp-json\/wp\/v2\/types\/page"}],"author":[{"embeddable":true,"href":"https:\/\/ohmondessin.com\/index.php\/wp-json\/wp\/v2\/users\/1"}],"replies":[{"embeddable":true,"href":"https:\/\/ohmondessin.com\/index.php\/wp-json\/wp\/v2\/comments?post=129"}],"version-history":[{"count":182,"href":"https:\/\/ohmondessin.com\/index.php\/wp-json\/wp\/v2\/pages\/129\/revisions"}],"predecessor-version":[{"id":8238,"href":"https:\/\/ohmondessin.com\/index.php\/wp-json\/wp\/v2\/pages\/129\/revisions\/8238"}],"wp:attachment":[{"href":"https:\/\/ohmondessin.com\/index.php\/wp-json\/wp\/v2\/media?parent=129"}],"curies":[{"name":"wp","href":"https:\/\/api.w.org\/{rel}","templated":true}]}}