{"id":4120,"date":"2019-07-20T00:12:34","date_gmt":"2019-07-20T00:12:34","guid":{"rendered":"https:\/\/goya.everthemes.com\/demo-decor\/?page_id=12"},"modified":"2023-02-15T16:41:52","modified_gmt":"2023-02-15T16:41:52","slug":"terms-conditions-2","status":"publish","type":"page","link":"https:\/\/ohmondessin.com\/index.php\/terms-conditions-2\/","title":{"rendered":"Mentions L\u00e9gales"},"content":{"rendered":"<h3 class=\"wp-block-heading\">Introduction<\/h3><p>Le site ohmondessin.com est \u00e9dit\u00e9 par Oh Mon Dessin &#8211; Roxane Perroux situ\u00e9 au 35 Bis Rue du Mar\u00e9chal Foch 78600 Maisons-Laffitte. Entrepreneur individuel.<\/p><p>Le site\u00a0www.ohmondessin.com\u00a0a \u00e9t\u00e9 mise en place par la soci\u00e9t\u00e9 immatricul\u00e9e au RCS sous le num\u00e9ro 753 629 179.<\/p><p>E-mail : <a href=\"mailto:contact@ohmondessin.com\">contact@ohmondessin.com<\/a><\/p><p>T\u00e9l\u00e9phone:\u00a006 73 47 69 876<\/p><p>Entreprise en charge de de stocker sur serveurs les donn\u00e9es du site internet : HOSTINGER\u00a0INTERNATIONAL LTD, 61 Lordou Vironos Street, 6023 Larnaca, Chypre<\/p>","protected":false},"excerpt":{"rendered":"<p>Introduction Le site ohmondessin.com est \u00e9dit\u00e9 par Oh Mon Dessin &#8211; Roxane Perroux situ\u00e9 au 35 Bis Rue du Mar\u00e9chal Foch 78600 Maisons-Laffitte. Entrepreneur individuel. Le site\u00a0www.ohmondessin.com\u00a0a \u00e9t\u00e9 mise en place par la soci\u00e9t\u00e9 immatricul\u00e9e au RCS sous le num\u00e9ro 753 629 179. E-mail : contact@ohmondessin.com T\u00e9l\u00e9phone:\u00a006 73 47 69&hellip;<\/p>\n","protected":false},"author":1,"featured_media":0,"parent":0,"menu_order":0,"comment_status":"closed","ping_status":"closed","template":"","meta":{"footnotes":""},"class_list":["post-4120","page","type-page","status-publish","hentry"],"yoast_head":"<!-- This site is optimized with the Yoast SEO plugin v24.6 - https:\/\/yoast.com\/wordpress\/plugins\/seo\/ -->\n<title>Mentions L\u00e9gales - ohmondessin.com<\/title>\n<meta name=\"robots\" content=\"index, follow, max-snippet:-1, max-image-preview:large, max-video-preview:-1\" \/>\n<link rel=\"canonical\" href=\"https:\/\/ohmondessin.com\/index.php\/terms-conditions-2\/\" \/>\n<meta property=\"og:locale\" content=\"fr_FR\" \/>\n<meta property=\"og:type\" content=\"article\" \/>\n<meta property=\"og:title\" content=\"Mentions L\u00e9gales - ohmondessin.com\" \/>\n<meta property=\"og:description\" content=\"Introduction Le site ohmondessin.com est \u00e9dit\u00e9 par Oh Mon Dessin &#8211; Roxane Perroux situ\u00e9 au 35 Bis Rue du Mar\u00e9chal Foch 78600 Maisons-Laffitte. Entrepreneur individuel. Le site\u00a0www.ohmondessin.com\u00a0a \u00e9t\u00e9 mise en place par la soci\u00e9t\u00e9 immatricul\u00e9e au RCS sous le num\u00e9ro 753 629 179. E-mail : contact@ohmondessin.com T\u00e9l\u00e9phone:\u00a006 73 47 69&hellip;\" \/>\n<meta property=\"og:url\" content=\"https:\/\/ohmondessin.com\/index.php\/terms-conditions-2\/\" \/>\n<meta property=\"og:site_name\" content=\"ohmondessin.com\" \/>\n<meta property=\"article:publisher\" content=\"https:\/\/www.facebook.com\/Ohmondessin\" \/>\n<meta property=\"article:modified_time\" content=\"2023-02-15T16:41:52+00:00\" \/>\n<meta name=\"twitter:card\" content=\"summary_large_image\" \/>\n<script type=\"application\/ld+json\" class=\"yoast-schema-graph\">{\"@context\":\"https:\/\/schema.org\",\"@graph\":[{\"@type\":\"WebPage\",\"@id\":\"https:\/\/ohmondessin.com\/index.php\/terms-conditions-2\/\",\"url\":\"https:\/\/ohmondessin.com\/index.php\/terms-conditions-2\/\",\"name\":\"Mentions L\u00e9gales - ohmondessin.com\",\"isPartOf\":{\"@id\":\"https:\/\/ohmondessin.com\/#website\"},\"datePublished\":\"2019-07-20T00:12:34+00:00\",\"dateModified\":\"2023-02-15T16:41:52+00:00\",\"breadcrumb\":{\"@id\":\"https:\/\/ohmondessin.com\/index.php\/terms-conditions-2\/#breadcrumb\"},\"inLanguage\":\"fr-FR\",\"potentialAction\":[{\"@type\":\"ReadAction\",\"target\":[\"https:\/\/ohmondessin.com\/index.php\/terms-conditions-2\/\"]}]},{\"@type\":\"BreadcrumbList\",\"@id\":\"https:\/\/ohmondessin.com\/index.php\/terms-conditions-2\/#breadcrumb\",\"itemListElement\":[{\"@type\":\"ListItem\",\"position\":1,\"name\":\"Accueil\",\"item\":\"https:\/\/ohmondessin.com\/\"},{\"@type\":\"ListItem\",\"position\":2,\"name\":\"Mentions L\u00e9gales\"}]},{\"@type\":\"WebSite\",\"@id\":\"https:\/\/ohmondessin.com\/#website\",\"url\":\"https:\/\/ohmondessin.com\/\",\"name\":\"ohmondessin.com\",\"description\":\"De l\u2019illustration et du fait-main\",\"publisher\":{\"@id\":\"https:\/\/ohmondessin.com\/#organization\"},\"potentialAction\":[{\"@type\":\"SearchAction\",\"target\":{\"@type\":\"EntryPoint\",\"urlTemplate\":\"https:\/\/ohmondessin.com\/?s={search_term_string}\"},\"query-input\":{\"@type\":\"PropertyValueSpecification\",\"valueRequired\":true,\"valueName\":\"search_term_string\"}}],\"inLanguage\":\"fr-FR\"},{\"@type\":\"Organization\",\"@id\":\"https:\/\/ohmondessin.com\/#organization\",\"name\":\"ohmondessin.com\",\"url\":\"https:\/\/ohmondessin.com\/\",\"logo\":{\"@type\":\"ImageObject\",\"inLanguage\":\"fr-FR\",\"@id\":\"https:\/\/ohmondessin.com\/#\/schema\/logo\/image\/\",\"url\":\"https:\/\/ohmondessin.com\/wp-content\/uploads\/2023\/01\/logo_OHMD-dark.png\",\"contentUrl\":\"https:\/\/ohmondessin.com\/wp-content\/uploads\/2023\/01\/logo_OHMD-dark.png\",\"width\":500,\"height\":500,\"caption\":\"ohmondessin.com\"},\"image\":{\"@id\":\"https:\/\/ohmondessin.com\/#\/schema\/logo\/image\/\"},\"sameAs\":[\"https:\/\/www.facebook.com\/Ohmondessin\",\"https:\/\/www.instagram.com\/ohmondessin\/\"]}]}<\/script>\n<!-- \/ Yoast SEO plugin. -->","yoast_head_json":{"title":"Mentions L\u00e9gales - ohmondessin.com","robots":{"index":"index","follow":"follow","max-snippet":"max-snippet:-1","max-image-preview":"max-image-preview:large","max-video-preview":"max-video-preview:-1"},"canonical":"https:\/\/ohmondessin.com\/index.php\/terms-conditions-2\/","og_locale":"fr_FR","og_type":"article","og_title":"Mentions L\u00e9gales - ohmondessin.com","og_description":"Introduction Le site ohmondessin.com est \u00e9dit\u00e9 par Oh Mon Dessin &#8211; Roxane Perroux situ\u00e9 au 35 Bis Rue du Mar\u00e9chal Foch 78600 Maisons-Laffitte. Entrepreneur individuel. Le site\u00a0www.ohmondessin.com\u00a0a \u00e9t\u00e9 mise en place par la soci\u00e9t\u00e9 immatricul\u00e9e au RCS sous le num\u00e9ro 753 629 179. E-mail : contact@ohmondessin.com T\u00e9l\u00e9phone:\u00a006 73 47 69&hellip;","og_url":"https:\/\/ohmondessin.com\/index.php\/terms-conditions-2\/","og_site_name":"ohmondessin.com","article_publisher":"https:\/\/www.facebook.com\/Ohmondessin","article_modified_time":"2023-02-15T16:41:52+00:00","twitter_card":"summary_large_image","schema":{"@context":"https:\/\/schema.org","@graph":[{"@type":"WebPage","@id":"https:\/\/ohmondessin.com\/index.php\/terms-conditions-2\/","url":"https:\/\/ohmondessin.com\/index.php\/terms-conditions-2\/","name":"Mentions L\u00e9gales - ohmondessin.com","isPartOf":{"@id":"https:\/\/ohmondessin.com\/#website"},"datePublished":"2019-07-20T00:12:34+00:00","dateModified":"2023-02-15T16:41:52+00:00","breadcrumb":{"@id":"https:\/\/ohmondessin.com\/index.php\/terms-conditions-2\/#breadcrumb"},"inLanguage":"fr-FR","potentialAction":[{"@type":"ReadAction","target":["https:\/\/ohmondessin.com\/index.php\/terms-conditions-2\/"]}]},{"@type":"BreadcrumbList","@id":"https:\/\/ohmondessin.com\/index.php\/terms-conditions-2\/#breadcrumb","itemListElement":[{"@type":"ListItem","position":1,"name":"Accueil","item":"https:\/\/ohmondessin.com\/"},{"@type":"ListItem","position":2,"name":"Mentions L\u00e9gales"}]},{"@type":"WebSite","@id":"https:\/\/ohmondessin.com\/#website","url":"https:\/\/ohmondessin.com\/","name":"ohmondessin.com","description":"De l\u2019illustration et du fait-main","publisher":{"@id":"https:\/\/ohmondessin.com\/#organization"},"potentialAction":[{"@type":"SearchAction","target":{"@type":"EntryPoint","urlTemplate":"https:\/\/ohmondessin.com\/?s={search_term_string}"},"query-input":{"@type":"PropertyValueSpecification","valueRequired":true,"valueName":"search_term_string"}}],"inLanguage":"fr-FR"},{"@type":"Organization","@id":"https:\/\/ohmondessin.com\/#organization","name":"ohmondessin.com","url":"https:\/\/ohmondessin.com\/","logo":{"@type":"ImageObject","inLanguage":"fr-FR","@id":"https:\/\/ohmondessin.com\/#\/schema\/logo\/image\/","url":"https:\/\/ohmondessin.com\/wp-content\/uploads\/2023\/01\/logo_OHMD-dark.png","contentUrl":"https:\/\/ohmondessin.com\/wp-content\/uploads\/2023\/01\/logo_OHMD-dark.png","width":500,"height":500,"caption":"ohmondessin.com"},"image":{"@id":"https:\/\/ohmondessin.com\/#\/schema\/logo\/image\/"},"sameAs":["https:\/\/www.facebook.com\/Ohmondessin","https:\/\/www.instagram.com\/ohmondessin\/"]}]}},"jetpack_sharing_enabled":true,"_links":{"self":[{"href":"https:\/\/ohmondessin.com\/index.php\/wp-json\/wp\/v2\/pages\/4120","targetHints":{"allow":["GET"]}}],"collection":[{"href":"https:\/\/ohmondessin.com\/index.php\/wp-json\/wp\/v2\/pages"}],"about":[{"href":"https:\/\/ohmondessin.com\/index.php\/wp-json\/wp\/v2\/types\/page"}],"author":[{"embeddable":true,"href":"https:\/\/ohmondessin.com\/index.php\/wp-json\/wp\/v2\/users\/1"}],"replies":[{"embeddable":true,"href":"https:\/\/ohmondessin.com\/index.php\/wp-json\/wp\/v2\/comments?post=4120"}],"version-history":[{"count":1,"href":"https:\/\/ohmondessin.com\/index.php\/wp-json\/wp\/v2\/pages\/4120\/revisions"}],"predecessor-version":[{"id":5258,"href":"https:\/\/ohmondessin.com\/index.php\/wp-json\/wp\/v2\/pages\/4120\/revisions\/5258"}],"wp:attachment":[{"href":"https:\/\/ohmondessin.com\/index.php\/wp-json\/wp\/v2\/media?parent=4120"}],"curies":[{"name":"wp","href":"https:\/\/api.w.org\/{rel}","templated":true}]}}