{"id":57,"date":"2019-03-17T15:40:42","date_gmt":"2019-03-17T15:40:42","guid":{"rendered":"https:\/\/goya.everthemes.com\/demo-fashion\/?page_id=57"},"modified":"2023-02-23T12:55:15","modified_gmt":"2023-02-23T12:55:15","slug":"faqs","status":"publish","type":"page","link":"https:\/\/ohmondessin.com\/index.php\/faqs\/","title":{"rendered":"FAQ"},"content":{"rendered":"<section class=\"wpb-content-wrapper\">[vc_row et_full_width=\u00a0\u00bbtrue\u00a0\u00bb et_row_padding=\u00a0\u00bbtrue\u00a0\u00bb parallax=\u00a0\u00bbcontent-moving\u00a0\u00bb css=\u00a0\u00bb.vc_custom_1675963028560{background-color: #d3ccc3 !important;background-position: center;background-repeat: no-repeat;background-size:cover !important;}\u00a0\u00bb][vc_column et_column_color=\u00a0\u00bbet-light-column\u00a0\u00bb][vc_row_inner][vc_column_inner offset=\u00a0\u00bbvc_col-lg-4 vc_col-md-6&Prime; css=\u00a0\u00bb.vc_custom_1675963726774{padding-top: 100px !important;}\u00a0\u00bb][vc_column_text css=\u00a0\u00bb.vc_custom_1675962943226{margin-top: 20px !important;}\u00a0\u00bb]\n<h1>FAQ<\/h1>\n<h4><strong>Voici les r\u00e9ponses aux questions les plus fr\u00e9quentes.<\/strong><\/h4>\n[\/vc_column_text][\/vc_column_inner][\/vc_row_inner][\/vc_column][\/vc_row][vc_row css=\u00a0\u00bb.vc_custom_1675963773443{padding-bottom: 120px !important;}\u00a0\u00bb][vc_column offset=\u00a0\u00bbvc_col-lg-offset-1 vc_col-lg-3&Prime; css=\u00a0\u00bb.vc_custom_1675963832270{border-bottom-width: 120px !important;}\u00a0\u00bb][vc_column_text]\n<h3>Produits<\/h3>\n[\/vc_column_text][vc_empty_space][\/vc_column][vc_column offset=\u00a0\u00bbvc_col-lg-6&Prime;][vc_tta_accordion active_section=\u00a0\u00bb1&Prime; style=\u00a0\u00bbstyle2&Prime;][vc_tta_section title=\u00a0\u00bbO\u00f9 sont fabriqu\u00e9s les produits ?\u00a0\u00bb tab_id=\u00a0\u00bb1522322738697-88e8c59b-62ccfe1b-0bf9&Prime;][vc_column_text]Les produits sont tous imagin\u00e9s et dessin\u00e9s \u00e0 Maisons-Laffitte (Yvelines).\u00a0Nous g\u00e9rons les impressions et fabriquons nous-m\u00eame nos pins.\u00a0L&rsquo;envoi des commandes se fait toujours depuis notre atelier.<\/p>\n<p>Pour des raisons techniques, les tote-bags et mugs sont imprim\u00e9s \u00e0 Paris.[\/vc_column_text][\/vc_tta_section][vc_tta_section title=\u00a0\u00bbJ&rsquo;ai command\u00e9 un produit sur-mesure, dans combien de temps vais-je le recevoir ?\u00a0\u00bb tab_id=\u00a0\u00bb1522322884722-77aa01b6-d3ecfe1b-0bf9&Prime;][vc_column_text]Pour les commandes sur-mesure :<\/p>\n<p>Pin&rsquo;s sur-mesure \u00a0: 1 \u00e0 2 semaines<\/p>\n<p>Illustrations sur-mesure (go\u00e9land\/portrait de maison\/chat) : 1 \u00e0 2 semaines<\/p>\n<p>Nana sur-mesure : 2 semaines pour les particuliers<\/p>\n<p>&nbsp;<\/p>\n[\/vc_column_text][\/vc_tta_section][vc_tta_section title=\u00a0\u00bbPouvez-vous ajouter un mot \u00e0 ma commande ?\u00a0\u00bb tab_id=\u00a0\u00bb1522322738673-aea3abb5-b800fe1b-0bf9&Prime;][vc_column_text]Oui, il est tout \u00e0 fait possible d&rsquo;ajouter un message \u00e0 votre commande.<\/p>\n<p>Envoyez-nous votre message en pr\u00e9cisant votre num\u00e9ro de commande \u00e0 <a href=\"mailto:contact@ohmondessin.com\">contact@ohmondessin.com<\/a>\u00a0et nous serons ravis de l&rsquo;ajouter![\/vc_column_text][\/vc_tta_section][\/vc_tta_accordion][\/vc_column][\/vc_row][vc_row css=\u00a0\u00bb.vc_custom_1579116504661{padding-bottom: 80px !important;}\u00a0\u00bb][vc_column offset=\u00a0\u00bbvc_col-lg-offset-1 vc_col-lg-3&Prime;][vc_column_text]\n<h3>Livraison et Retour<\/h3>\n[\/vc_column_text][vc_empty_space][\/vc_column][vc_column offset=\u00a0\u00bbvc_col-lg-6&Prime;][vc_tta_accordion active_section=\u00a0\u00bb1&Prime; style=\u00a0\u00bbstyle2&Prime;][vc_tta_section title=\u00a0\u00bb\u00c0 combien s\u2019\u00e9l\u00e8vent les frais de livraison ?\u00a0\u00bb tab_id=\u00a0\u00bb1675963327319-1d30cabf-2d64&Prime;][vc_column_text]Vous pouvez tout simplement simuler le prix d\u2019envoi en ajoutant les produits \u00e0 votre panier.<\/p>\n<p>Chaque commande est envoy\u00e9e avec un num\u00e9ro de suivi. Il vous sera communiqu\u00e9 \u00e0 l&rsquo;exp\u00e9dition de la commande.<\/p>\n<p>La livraison est gratuite \u00e0 partir de 60\u20ac d&rsquo;achats pour les commandes en France.[\/vc_column_text][\/vc_tta_section][vc_tta_section title=\u00a0\u00bbQuels sont les d\u00e9lais de livraison ?\u00a0\u00bb tab_id=\u00a0\u00bb1675963865288-93de0cde-14fe\u00a0\u00bb][vc_column_text]Livraison en France : 2 \u00e0 4 jours<\/p>\n<p>Livraison en Europe : 2 \u00e0 4 jours<\/p>\n<p>Reste du monde : 5 \u00e0 8 jours[\/vc_column_text][\/vc_tta_section][vc_tta_section title=\u00a0\u00bbLivrez-vous \u00e0 l&rsquo;\u00e9tranger ?\u00a0\u00bb tab_id=\u00a0\u00bb1675963602287-336d3599-2343&Prime;][vc_column_text]Oui \ud83c\udf0d[\/vc_column_text][\/vc_tta_section][vc_tta_section title=\u00a0\u00bbJe souhaite retourner ma commande, comment faire ?\u00a0\u00bb tab_id=\u00a0\u00bb1554865954832-7b4f4f32-3205&Prime;][vc_column_text]Les possibilit\u00e9s d\u2019\u00e9changes sont possibles dans un d\u00e9lai de 14 jours \u00e0 compter de la r\u00e9ception de votre commande.<\/p>\n<p>Envoyez-nous un message \u00e0 <a href=\"mailto:contact@ohmondessin.com\">contact@ohmondessin.com<\/a> en nous pr\u00e9cisant votre num\u00e9ro de commande, ainsi que le motif de votre volont\u00e9 d&rsquo;\u00e9change.<\/p>\n<p>Merci de joindre une photo \u00e0 votre mail si un article est arriv\u00e9 ab\u00eem\u00e9.<\/p>\n<p>Tout produit \u00e0 \u00e9changer ou \u00e0 rembourser devra \u00eatre retourn\u00e9 dans son ensemble et dans son emballage d\u2019origine, en Colissimo Recommand\u00e9. Les produits devront \u00eatre accompagn\u00e9s de la facture d\u2019achat ou du bon de livraison et exp\u00e9di\u00e9s \u00e0 l\u2019adresse suivante :<\/p>\n<p>Oh Mon Dessin \u2013 Roxane Perroux<\/p>\n<p>35 Bis Rue du Mar\u00e9chal Foch &#8211; 78600 Maisons-Laffitte<\/p>\n<p>Les frais de retour sont \u00e0 la charge de l&rsquo;acheteur. L&rsquo;\u00e9change ou le remboursement sera effectu\u00e9 une fois le colis re\u00e7u.[\/vc_column_text][\/vc_tta_section][vc_tta_section title=\u00a0\u00bbJe me suis tromp\u00e9(e) dans l\u2019adresse\u00a0\u00bb tab_id=\u00a0\u00bb1554865955032-f07c32a3-1c21&Prime;][vc_column_text]Merci de toujours v\u00e9rifier que l\u2019adresse donn\u00e9e soit valide.<\/p>\n<p>Si vous vous \u00eates tromp\u00e9(e), merci de nous contacter \u00e0 <a href=\"mailto:contact@ohmondessin.com\">contact@ohmondessin.com<\/a>\u00a0aussi vite que possible en mentionnant votre num\u00e9ro de commande.<\/p>\n<p>Si l\u2019envoi a d\u00e9j\u00e0 \u00e9t\u00e9 fait, nous sommes contraints d\u2019attendre que votre paquet nous soit retourn\u00e9 avant de pouvoir vous le renvoyer \u00e0 l\u2019adresse correcte, merci de votre compr\u00e9hension.[\/vc_column_text][\/vc_tta_section][\/vc_tta_accordion][\/vc_column][\/vc_row][vc_row css=\u00a0\u00bb.vc_custom_1579116498597{padding-bottom: 80px !important;}\u00a0\u00bb][vc_column offset=\u00a0\u00bbvc_col-lg-offset-1 vc_col-lg-3&Prime;][vc_column_text]\n<h3>Autres<\/h3>\n[\/vc_column_text][vc_empty_space][\/vc_column][vc_column offset=\u00a0\u00bbvc_col-lg-6&Prime;][vc_tta_accordion active_section=\u00a0\u00bb1&Prime; style=\u00a0\u00bbstyle2&Prime;][vc_tta_section title=\u00a0\u00bbJ\u2019ai une boutique, j\u2019aimerais revendre les cr\u00e9ations\u00a0\u00bb tab_id=\u00a0\u00bb1555532166627-d18a27a7-6515&Prime;][vc_column_text]Envoyez-nous un message \u00e0 <a href=\"mailto:contact@ohmondessin.com\">contact@ohmondessin.com<\/a>, nous ravis d&rsquo;\u00e9changer avec vous et de vous envoyer le catalogue de nos produits.[\/vc_column_text][\/vc_tta_section][vc_tta_section title=\u00a0\u00bbJe souhaite collaborer avec Oh! Mon Dessin\u00a0\u00bb tab_id=\u00a0\u00bb1555532166698-b9e07fe9-85b4&Prime;][vc_column_text]Envoyez-nous votre demande de collaboration \u00e0 l&rsquo;adresse <a href=\"mailto:contact@ohmondessin.com\">contact@ohmondessin.com<\/a> nous serons ravis de vous r\u00e9pondre dans les plus brefs d\u00e9lais.[\/vc_column_text][\/vc_tta_section][vc_tta_section title=\u00a0\u00bbQui est le chat noir et blanc qui appara\u00eet partout ?\u00a0\u00bb tab_id=\u00a0\u00bb1555532166782-e41f6de6-d637&Prime;][vc_column_text]C&rsquo;est Renoir, mon chat !<\/p>\n<p>Le meilleur des co\u00e9quipiers et des assistants !\u00a0Une jolie source d&rsquo;inspirations avec beaucoup de ronrons \ud83d\udc31[\/vc_column_text][\/vc_tta_section][\/vc_tta_accordion][\/vc_column][\/vc_row][vc_row et_full_width=\u00a0\u00bbtrue\u00a0\u00bb et_row_padding=\u00a0\u00bbtrue\u00a0\u00bb css=\u00a0\u00bb.vc_custom_1588132282993{padding-top: 80px !important;padding-bottom: 80px !important;background-color: #f8f8f8 !important;}\u00a0\u00bb][vc_column][vc_row_inner content_placement=\u00a0\u00bbmiddle\u00a0\u00bb][vc_column_inner offset=\u00a0\u00bbvc_col-lg-offset-1 vc_col-lg-6&Prime;][vc_column_text el_class=\u00a0\u00bbpostline-large accent-color fancy-title\u00a0\u00bb]\n<h6>Contact<\/h6>\n[\/vc_column_text][vc_column_text]\n<h2>Votre question n&rsquo;appara\u00eet pas ?<\/h2>\n[\/vc_column_text][\/vc_column_inner][vc_column_inner offset=\u00a0\u00bbvc_col-lg-3&Prime;]\t\t<div id=\"et-button-69d255648051a\" class=\"et_btn_align_center animation bottom-to-top\">\n\t\t\t<a href=\"https:\/\/ohmondessin.com\/index.php\/contact-2\/\" class=\" et_btn button et_btn_md solid color-  arrow-enabled \"  role=\"button\" title=\"Contact Us\" ><span>Contactez-nous<\/span><svg xmlns=\"http:\/\/www.w3.org\/2000\/svg\" xmlns:xlink=\"http:\/\/www.w3.org\/1999\/xlink\" x=\"0px\" y=\"0px\"\r\n\t width=\"30px\" height=\"18px\" viewBox=\"0 0 30 18\" enable-background=\"new 0 0 30 18\" xml:space=\"preserve\">\r\n<path class=\"handle\" d=\"M20.305,16.212c-0.407,0.409-0.407,1.071,0,1.479s1.068,0.408,1.476,0l7.914-7.952c0.408-0.409,0.408-1.071,0-1.481\r\n\tl-7.914-7.952c-0.407-0.409-1.068-0.409-1.476,0s-0.407,1.071,0,1.48l7.185,7.221L20.305,16.212z\"\/>\r\n<path class=\"bar\" fill-rule=\"evenodd\" clip-rule=\"evenodd\" d=\"M1,8h28.001c0.551,0,1,0.448,1,1c0,0.553-0.449,1-1,1H1c-0.553,0-1-0.447-1-1\r\n\tC0,8.448,0.447,8,1,8z\"\/>\r\n<\/svg>\r\n<\/a>\n\t\t<\/div>\n\t\t\n\t[\/vc_column_inner][\/vc_row_inner][\/vc_column][\/vc_row]\n<\/section>","protected":false},"excerpt":{"rendered":"<p>[vc_row et_full_width=\u00a0\u00bbtrue\u00a0\u00bb et_row_padding=\u00a0\u00bbtrue\u00a0\u00bb parallax=\u00a0\u00bbcontent-moving\u00a0\u00bb css=\u00a0\u00bb.vc_custom_1675963028560{background-color: #d3ccc3 !important;background-position: center;background-repeat: no-repeat;background-size:cover !important;}\u00a0\u00bb][vc_column et_column_color=\u00a0\u00bbet-light-column\u00a0\u00bb][vc_row_inner][vc_column_inner offset=\u00a0\u00bbvc_col-lg-4 vc_col-md-6&Prime; css=\u00a0\u00bb.vc_custom_1675963726774{padding-top: 100px !important;}\u00a0\u00bb][vc_column_text css=\u00a0\u00bb.vc_custom_1675962943226{margin-top: 20px !important;}\u00a0\u00bb] FAQ Voici les r\u00e9ponses aux questions les plus fr\u00e9quentes. [\/vc_column_text][\/vc_column_inner][\/vc_row_inner][\/vc_column][\/vc_row][vc_row css=\u00a0\u00bb.vc_custom_1675963773443{padding-bottom: 120px !important;}\u00a0\u00bb][vc_column offset=\u00a0\u00bbvc_col-lg-offset-1 vc_col-lg-3&Prime; css=\u00a0\u00bb.vc_custom_1675963832270{border-bottom-width: 120px !important;}\u00a0\u00bb][vc_column_text] Produits [\/vc_column_text][vc_empty_space][\/vc_column][vc_column offset=\u00a0\u00bbvc_col-lg-6&Prime;][vc_tta_accordion active_section=\u00a0\u00bb1&Prime; style=\u00a0\u00bbstyle2&Prime;][vc_tta_section title=\u00a0\u00bbO\u00f9 sont fabriqu\u00e9s les produits ?\u00a0\u00bb tab_id=\u00a0\u00bb1522322738697-88e8c59b-62ccfe1b-0bf9&Prime;][vc_column_text]Les produits&hellip;<\/p>\n","protected":false},"author":1,"featured_media":0,"parent":0,"menu_order":0,"comment_status":"closed","ping_status":"closed","template":"","meta":{"footnotes":""},"class_list":["post-57","page","type-page","status-publish","hentry"],"yoast_head":"<!-- This site is optimized with the Yoast SEO plugin v24.6 - https:\/\/yoast.com\/wordpress\/plugins\/seo\/ -->\n<title>FAQ - ohmondessin.com<\/title>\n<meta name=\"robots\" content=\"index, follow, max-snippet:-1, max-image-preview:large, max-video-preview:-1\" \/>\n<link rel=\"canonical\" href=\"https:\/\/ohmondessin.com\/index.php\/faqs\/\" \/>\n<meta property=\"og:locale\" content=\"fr_FR\" \/>\n<meta property=\"og:type\" content=\"article\" \/>\n<meta property=\"og:title\" content=\"FAQ - ohmondessin.com\" \/>\n<meta property=\"og:description\" content=\"[vc_row et_full_width=\u00a0\u00bbtrue\u00a0\u00bb et_row_padding=\u00a0\u00bbtrue\u00a0\u00bb parallax=\u00a0\u00bbcontent-moving\u00a0\u00bb css=\u00a0\u00bb.vc_custom_1675963028560{background-color: #d3ccc3 !important;background-position: center;background-repeat: no-repeat;background-size:cover !important;}\u00a0\u00bb][vc_column et_column_color=\u00a0\u00bbet-light-column\u00a0\u00bb][vc_row_inner][vc_column_inner offset=\u00a0\u00bbvc_col-lg-4 vc_col-md-6&Prime; css=\u00a0\u00bb.vc_custom_1675963726774{padding-top: 100px !important;}\u00a0\u00bb][vc_column_text css=\u00a0\u00bb.vc_custom_1675962943226{margin-top: 20px !important;}\u00a0\u00bb] FAQ Voici les r\u00e9ponses aux questions les plus fr\u00e9quentes. [\/vc_column_text][\/vc_column_inner][\/vc_row_inner][\/vc_column][\/vc_row][vc_row css=\u00a0\u00bb.vc_custom_1675963773443{padding-bottom: 120px !important;}\u00a0\u00bb][vc_column offset=\u00a0\u00bbvc_col-lg-offset-1 vc_col-lg-3&Prime; css=\u00a0\u00bb.vc_custom_1675963832270{border-bottom-width: 120px !important;}\u00a0\u00bb][vc_column_text] Produits [\/vc_column_text][vc_empty_space][\/vc_column][vc_column offset=\u00a0\u00bbvc_col-lg-6&Prime;][vc_tta_accordion active_section=\u00a0\u00bb1&Prime; style=\u00a0\u00bbstyle2&Prime;][vc_tta_section title=\u00a0\u00bbO\u00f9 sont fabriqu\u00e9s les produits ?\u00a0\u00bb tab_id=\u00a0\u00bb1522322738697-88e8c59b-62ccfe1b-0bf9&Prime;][vc_column_text]Les produits&hellip;\" \/>\n<meta property=\"og:url\" content=\"https:\/\/ohmondessin.com\/index.php\/faqs\/\" \/>\n<meta property=\"og:site_name\" content=\"ohmondessin.com\" \/>\n<meta property=\"article:publisher\" content=\"https:\/\/www.facebook.com\/Ohmondessin\" \/>\n<meta property=\"article:modified_time\" content=\"2023-02-23T12:55:15+00:00\" \/>\n<meta name=\"twitter:card\" content=\"summary_large_image\" \/>\n<meta name=\"twitter:label1\" content=\"Dur\u00e9e de lecture estim\u00e9e\" \/>\n\t<meta name=\"twitter:data1\" content=\"5 minutes\" \/>\n<script type=\"application\/ld+json\" class=\"yoast-schema-graph\">{\"@context\":\"https:\/\/schema.org\",\"@graph\":[{\"@type\":\"WebPage\",\"@id\":\"https:\/\/ohmondessin.com\/index.php\/faqs\/\",\"url\":\"https:\/\/ohmondessin.com\/index.php\/faqs\/\",\"name\":\"FAQ - ohmondessin.com\",\"isPartOf\":{\"@id\":\"https:\/\/ohmondessin.com\/#website\"},\"datePublished\":\"2019-03-17T15:40:42+00:00\",\"dateModified\":\"2023-02-23T12:55:15+00:00\",\"breadcrumb\":{\"@id\":\"https:\/\/ohmondessin.com\/index.php\/faqs\/#breadcrumb\"},\"inLanguage\":\"fr-FR\",\"potentialAction\":[{\"@type\":\"ReadAction\",\"target\":[\"https:\/\/ohmondessin.com\/index.php\/faqs\/\"]}]},{\"@type\":\"BreadcrumbList\",\"@id\":\"https:\/\/ohmondessin.com\/index.php\/faqs\/#breadcrumb\",\"itemListElement\":[{\"@type\":\"ListItem\",\"position\":1,\"name\":\"Accueil\",\"item\":\"https:\/\/ohmondessin.com\/\"},{\"@type\":\"ListItem\",\"position\":2,\"name\":\"FAQ\"}]},{\"@type\":\"WebSite\",\"@id\":\"https:\/\/ohmondessin.com\/#website\",\"url\":\"https:\/\/ohmondessin.com\/\",\"name\":\"ohmondessin.com\",\"description\":\"De l\u2019illustration et du fait-main\",\"publisher\":{\"@id\":\"https:\/\/ohmondessin.com\/#organization\"},\"potentialAction\":[{\"@type\":\"SearchAction\",\"target\":{\"@type\":\"EntryPoint\",\"urlTemplate\":\"https:\/\/ohmondessin.com\/?s={search_term_string}\"},\"query-input\":{\"@type\":\"PropertyValueSpecification\",\"valueRequired\":true,\"valueName\":\"search_term_string\"}}],\"inLanguage\":\"fr-FR\"},{\"@type\":\"Organization\",\"@id\":\"https:\/\/ohmondessin.com\/#organization\",\"name\":\"ohmondessin.com\",\"url\":\"https:\/\/ohmondessin.com\/\",\"logo\":{\"@type\":\"ImageObject\",\"inLanguage\":\"fr-FR\",\"@id\":\"https:\/\/ohmondessin.com\/#\/schema\/logo\/image\/\",\"url\":\"https:\/\/ohmondessin.com\/wp-content\/uploads\/2023\/01\/logo_OHMD-dark.png\",\"contentUrl\":\"https:\/\/ohmondessin.com\/wp-content\/uploads\/2023\/01\/logo_OHMD-dark.png\",\"width\":500,\"height\":500,\"caption\":\"ohmondessin.com\"},\"image\":{\"@id\":\"https:\/\/ohmondessin.com\/#\/schema\/logo\/image\/\"},\"sameAs\":[\"https:\/\/www.facebook.com\/Ohmondessin\",\"https:\/\/www.instagram.com\/ohmondessin\/\"]}]}<\/script>\n<!-- \/ Yoast SEO plugin. -->","yoast_head_json":{"title":"FAQ - ohmondessin.com","robots":{"index":"index","follow":"follow","max-snippet":"max-snippet:-1","max-image-preview":"max-image-preview:large","max-video-preview":"max-video-preview:-1"},"canonical":"https:\/\/ohmondessin.com\/index.php\/faqs\/","og_locale":"fr_FR","og_type":"article","og_title":"FAQ - ohmondessin.com","og_description":"[vc_row et_full_width=\u00a0\u00bbtrue\u00a0\u00bb et_row_padding=\u00a0\u00bbtrue\u00a0\u00bb parallax=\u00a0\u00bbcontent-moving\u00a0\u00bb css=\u00a0\u00bb.vc_custom_1675963028560{background-color: #d3ccc3 !important;background-position: center;background-repeat: no-repeat;background-size:cover !important;}\u00a0\u00bb][vc_column et_column_color=\u00a0\u00bbet-light-column\u00a0\u00bb][vc_row_inner][vc_column_inner offset=\u00a0\u00bbvc_col-lg-4 vc_col-md-6&Prime; css=\u00a0\u00bb.vc_custom_1675963726774{padding-top: 100px !important;}\u00a0\u00bb][vc_column_text css=\u00a0\u00bb.vc_custom_1675962943226{margin-top: 20px !important;}\u00a0\u00bb] FAQ Voici les r\u00e9ponses aux questions les plus fr\u00e9quentes. [\/vc_column_text][\/vc_column_inner][\/vc_row_inner][\/vc_column][\/vc_row][vc_row css=\u00a0\u00bb.vc_custom_1675963773443{padding-bottom: 120px !important;}\u00a0\u00bb][vc_column offset=\u00a0\u00bbvc_col-lg-offset-1 vc_col-lg-3&Prime; css=\u00a0\u00bb.vc_custom_1675963832270{border-bottom-width: 120px !important;}\u00a0\u00bb][vc_column_text] Produits [\/vc_column_text][vc_empty_space][\/vc_column][vc_column offset=\u00a0\u00bbvc_col-lg-6&Prime;][vc_tta_accordion active_section=\u00a0\u00bb1&Prime; style=\u00a0\u00bbstyle2&Prime;][vc_tta_section title=\u00a0\u00bbO\u00f9 sont fabriqu\u00e9s les produits ?\u00a0\u00bb tab_id=\u00a0\u00bb1522322738697-88e8c59b-62ccfe1b-0bf9&Prime;][vc_column_text]Les produits&hellip;","og_url":"https:\/\/ohmondessin.com\/index.php\/faqs\/","og_site_name":"ohmondessin.com","article_publisher":"https:\/\/www.facebook.com\/Ohmondessin","article_modified_time":"2023-02-23T12:55:15+00:00","twitter_card":"summary_large_image","twitter_misc":{"Dur\u00e9e de lecture estim\u00e9e":"5 minutes"},"schema":{"@context":"https:\/\/schema.org","@graph":[{"@type":"WebPage","@id":"https:\/\/ohmondessin.com\/index.php\/faqs\/","url":"https:\/\/ohmondessin.com\/index.php\/faqs\/","name":"FAQ - ohmondessin.com","isPartOf":{"@id":"https:\/\/ohmondessin.com\/#website"},"datePublished":"2019-03-17T15:40:42+00:00","dateModified":"2023-02-23T12:55:15+00:00","breadcrumb":{"@id":"https:\/\/ohmondessin.com\/index.php\/faqs\/#breadcrumb"},"inLanguage":"fr-FR","potentialAction":[{"@type":"ReadAction","target":["https:\/\/ohmondessin.com\/index.php\/faqs\/"]}]},{"@type":"BreadcrumbList","@id":"https:\/\/ohmondessin.com\/index.php\/faqs\/#breadcrumb","itemListElement":[{"@type":"ListItem","position":1,"name":"Accueil","item":"https:\/\/ohmondessin.com\/"},{"@type":"ListItem","position":2,"name":"FAQ"}]},{"@type":"WebSite","@id":"https:\/\/ohmondessin.com\/#website","url":"https:\/\/ohmondessin.com\/","name":"ohmondessin.com","description":"De l\u2019illustration et du fait-main","publisher":{"@id":"https:\/\/ohmondessin.com\/#organization"},"potentialAction":[{"@type":"SearchAction","target":{"@type":"EntryPoint","urlTemplate":"https:\/\/ohmondessin.com\/?s={search_term_string}"},"query-input":{"@type":"PropertyValueSpecification","valueRequired":true,"valueName":"search_term_string"}}],"inLanguage":"fr-FR"},{"@type":"Organization","@id":"https:\/\/ohmondessin.com\/#organization","name":"ohmondessin.com","url":"https:\/\/ohmondessin.com\/","logo":{"@type":"ImageObject","inLanguage":"fr-FR","@id":"https:\/\/ohmondessin.com\/#\/schema\/logo\/image\/","url":"https:\/\/ohmondessin.com\/wp-content\/uploads\/2023\/01\/logo_OHMD-dark.png","contentUrl":"https:\/\/ohmondessin.com\/wp-content\/uploads\/2023\/01\/logo_OHMD-dark.png","width":500,"height":500,"caption":"ohmondessin.com"},"image":{"@id":"https:\/\/ohmondessin.com\/#\/schema\/logo\/image\/"},"sameAs":["https:\/\/www.facebook.com\/Ohmondessin","https:\/\/www.instagram.com\/ohmondessin\/"]}]}},"jetpack_sharing_enabled":true,"_links":{"self":[{"href":"https:\/\/ohmondessin.com\/index.php\/wp-json\/wp\/v2\/pages\/57","targetHints":{"allow":["GET"]}}],"collection":[{"href":"https:\/\/ohmondessin.com\/index.php\/wp-json\/wp\/v2\/pages"}],"about":[{"href":"https:\/\/ohmondessin.com\/index.php\/wp-json\/wp\/v2\/types\/page"}],"author":[{"embeddable":true,"href":"https:\/\/ohmondessin.com\/index.php\/wp-json\/wp\/v2\/users\/1"}],"replies":[{"embeddable":true,"href":"https:\/\/ohmondessin.com\/index.php\/wp-json\/wp\/v2\/comments?post=57"}],"version-history":[{"count":23,"href":"https:\/\/ohmondessin.com\/index.php\/wp-json\/wp\/v2\/pages\/57\/revisions"}],"predecessor-version":[{"id":5496,"href":"https:\/\/ohmondessin.com\/index.php\/wp-json\/wp\/v2\/pages\/57\/revisions\/5496"}],"wp:attachment":[{"href":"https:\/\/ohmondessin.com\/index.php\/wp-json\/wp\/v2\/media?parent=57"}],"curies":[{"name":"wp","href":"https:\/\/api.w.org\/{rel}","templated":true}]}}