{"id":4481,"date":"2023-01-16T14:44:56","date_gmt":"2023-01-16T14:44:56","guid":{"rendered":"https:\/\/ohmondessin.com\/?post_type=product&#038;p=4481"},"modified":"2023-06-04T07:25:14","modified_gmt":"2023-06-04T07:25:14","slug":"pins-portrait-personnalise","status":"publish","type":"product","link":"https:\/\/ohmondessin.com\/index.php\/product\/pins-portrait-personnalise\/","title":{"rendered":"Pin&rsquo;s Portrait Personnalis\u00e9"},"content":{"rendered":"<p><em>Tarif pour deux personnes repr\u00e9sent\u00e9s.<\/em><\/p>\n<p><em>Me contacter si l&rsquo;illustration doit en comporter 3 ou plus.<\/em><\/p>\n<p>&nbsp;<\/p>\n<p><em>Comment \u00e7a se passe ?<\/em><\/p>\n<p>Enti\u00e8rement dessin\u00e9s \u00e0 la main (je ne d\u00e9calque pas votre photo, vos portraits sont dessin\u00e9s avec \u00ab\u00a0mon style de dessin\u00a0\u00bb), il vous suffit de m&rsquo;envoyer une photo de vous.<\/p>\n<p>Je peux ajouter un bandeau avec vos pr\u00e9noms ainsi que la date de votre \u00e9v\u00e9nement (sans co\u00fbt suppl\u00e9mentaire).<\/p>\n<p>Apr\u00e8s avoir pass\u00e9 commande, envoyez la photo \u00e0 dessiner \u00e0 l&rsquo;adresse : contact@ohmondessin.com<\/p>\n<p>Attention au choix de votre photo, car une fois le dessin commenc\u00e9, il n&rsquo;est pas possible d&rsquo;en changer.<\/p>\n<p>Je vous envoie votre illustration (dans les 2 \u00e0 4 jours environ apr\u00e8s r\u00e9ception de la photo), en attente d&rsquo;une validation de votre part (un seul retour avec modifications est possible, 55\u20ac vous seront factur\u00e9s pour tous retours suppl\u00e9mentaires)<\/p>\n<p>Une fois la validation faite, je r\u00e9alise vos pin&rsquo;s (passage au four, d\u00e9coupe, montage de l&rsquo;accroche, vernis&#8230;)<\/p>\n<p><em>Comment c&rsquo;est fait ?<\/em><\/p>\n<p>Tous mes pins sont enti\u00e8rement r\u00e9alis\u00e9s \u00e0 la main depuis la cr\u00e9ation du dessin, modelage du pin&rsquo;s, le four, en passant par le vernis et le montage.\u00a0Dimensions en moyenne 5 cm de hauteur x 7 cm de largeur<\/p>\n<p>Je pose trois couches de vernis pour qu&rsquo;il r\u00e9siste aux \u00e9preuves du temps<\/p>\n<p>Dessin\u00e9 et fabriqu\u00e9 avec amour \u2665<\/p>\n<p><em>\ud83d\ude9a Livraison gratuite \u00e0 partir de 60\u20ac d&rsquo;achat.<\/em><\/p>\n","protected":false},"excerpt":{"rendered":"<p>Laissez un cadeau inoubliable \u00e0 vos amis, \u00e0 vos invit\u00e9s ou aux mari\u00e9s!<\/p>\n<p>Je transforme votre portrait photo en pin&rsquo;s, vous pouvez choisir d&rsquo;\u00eatre repr\u00e9sent\u00e9 en solo, duo&#8230; et m\u00eame avec votre animal.<\/p>\n<p>Id\u00e9al pour vos \u00e9v\u00e9nements Mariage, EVJF, Anniversaire, Bapt\u00eame&#8230; toutes les occasions sont bonnes!<\/p>\n<p><em>Tarif pour deux personnes repr\u00e9sent\u00e9s.<\/em><\/p>\n<p><em>Me contacter si l&rsquo;illustration doit en comporter 3 ou plus.<\/em><\/p>\n","protected":false},"featured_media":4484,"comment_status":"open","ping_status":"closed","template":"","meta":[],"product_brand":[],"product_cat":[100],"product_tag":[135,192,170,131,165,193,191,190,101,195,196,194],"class_list":{"0":"post-4481","1":"product","2":"type-product","3":"status-publish","4":"has-post-thumbnail","6":"product_cat-pins","7":"product_tag-badge","8":"product_tag-badge-mariage","9":"product_tag-cadeau","10":"product_tag-cadeau-adulte","11":"product_tag-cadeau-enfant","12":"product_tag-cadeau-invites-mariage","13":"product_tag-cadeau-mariage","14":"product_tag-mariage","15":"product_tag-pins","16":"product_tag-pins-portrait","17":"product_tag-pins-personnalisable","18":"product_tag-portrait","20":"first","21":"instock","22":"taxable","23":"shipping-taxable","24":"purchasable","25":"product-type-variable"},"yoast_head":"<!-- This site is optimized with the Yoast SEO plugin v24.6 - https:\/\/yoast.com\/wordpress\/plugins\/seo\/ -->\n<title>Pin&#039;s Portrait Personnalis\u00e9 - ohmondessin.com<\/title>\n<meta name=\"robots\" content=\"index, follow, max-snippet:-1, max-image-preview:large, max-video-preview:-1\" \/>\n<link rel=\"canonical\" href=\"https:\/\/ohmondessin.com\/index.php\/product\/pins-portrait-personnalise\/\" \/>\n<meta property=\"og:locale\" content=\"fr_FR\" \/>\n<meta property=\"og:type\" content=\"article\" \/>\n<meta property=\"og:title\" content=\"Pin&#039;s Portrait Personnalis\u00e9 - ohmondessin.com\" \/>\n<meta property=\"og:description\" content=\"Laissez un cadeau inoubliable \u00e0 vos amis, \u00e0 vos invit\u00e9s ou aux mari\u00e9s!  Je transforme votre portrait photo en pin&#039;s, vous pouvez choisir d&#039;\u00eatre repr\u00e9sent\u00e9 en solo, duo... et m\u00eame avec votre animal.  Id\u00e9al pour vos \u00e9v\u00e9nements Mariage, EVJF, Anniversaire, Bapt\u00eame... toutes les occasions sont bonnes!  Tarif pour deux personnes repr\u00e9sent\u00e9s.  Me contacter si l&#039;illustration doit en comporter 3 ou plus.\" \/>\n<meta property=\"og:url\" content=\"https:\/\/ohmondessin.com\/index.php\/product\/pins-portrait-personnalise\/\" \/>\n<meta property=\"og:site_name\" content=\"ohmondessin.com\" \/>\n<meta property=\"article:publisher\" content=\"https:\/\/www.facebook.com\/Ohmondessin\" \/>\n<meta property=\"article:modified_time\" content=\"2023-06-04T07:25:14+00:00\" \/>\n<meta property=\"og:image\" content=\"https:\/\/ohmondessin.com\/wp-content\/uploads\/2023\/01\/Pins-Mariage2.jpg\" \/>\n\t<meta property=\"og:image:width\" content=\"1000\" \/>\n\t<meta property=\"og:image:height\" content=\"1000\" \/>\n\t<meta property=\"og:image:type\" content=\"image\/jpeg\" \/>\n<meta name=\"twitter:card\" content=\"summary_large_image\" \/>\n<meta name=\"twitter:label1\" content=\"Dur\u00e9e de lecture estim\u00e9e\" \/>\n\t<meta name=\"twitter:data1\" content=\"1 minute\" \/>\n<script type=\"application\/ld+json\" class=\"yoast-schema-graph\">{\"@context\":\"https:\/\/schema.org\",\"@graph\":[{\"@type\":\"WebPage\",\"@id\":\"https:\/\/ohmondessin.com\/index.php\/product\/pins-portrait-personnalise\/\",\"url\":\"https:\/\/ohmondessin.com\/index.php\/product\/pins-portrait-personnalise\/\",\"name\":\"Pin's Portrait Personnalis\u00e9 - ohmondessin.com\",\"isPartOf\":{\"@id\":\"https:\/\/ohmondessin.com\/#website\"},\"primaryImageOfPage\":{\"@id\":\"https:\/\/ohmondessin.com\/index.php\/product\/pins-portrait-personnalise\/#primaryimage\"},\"image\":{\"@id\":\"https:\/\/ohmondessin.com\/index.php\/product\/pins-portrait-personnalise\/#primaryimage\"},\"thumbnailUrl\":\"https:\/\/ohmondessin.com\/wp-content\/uploads\/2023\/01\/Pins-Mariage2.jpg\",\"datePublished\":\"2023-01-16T14:44:56+00:00\",\"dateModified\":\"2023-06-04T07:25:14+00:00\",\"breadcrumb\":{\"@id\":\"https:\/\/ohmondessin.com\/index.php\/product\/pins-portrait-personnalise\/#breadcrumb\"},\"inLanguage\":\"fr-FR\",\"potentialAction\":[{\"@type\":\"ReadAction\",\"target\":[\"https:\/\/ohmondessin.com\/index.php\/product\/pins-portrait-personnalise\/\"]}]},{\"@type\":\"ImageObject\",\"inLanguage\":\"fr-FR\",\"@id\":\"https:\/\/ohmondessin.com\/index.php\/product\/pins-portrait-personnalise\/#primaryimage\",\"url\":\"https:\/\/ohmondessin.com\/wp-content\/uploads\/2023\/01\/Pins-Mariage2.jpg\",\"contentUrl\":\"https:\/\/ohmondessin.com\/wp-content\/uploads\/2023\/01\/Pins-Mariage2.jpg\",\"width\":1000,\"height\":1000,\"caption\":\"Pins-Mariage2\"},{\"@type\":\"BreadcrumbList\",\"@id\":\"https:\/\/ohmondessin.com\/index.php\/product\/pins-portrait-personnalise\/#breadcrumb\",\"itemListElement\":[{\"@type\":\"ListItem\",\"position\":1,\"name\":\"Accueil\",\"item\":\"https:\/\/ohmondessin.com\/\"},{\"@type\":\"ListItem\",\"position\":2,\"name\":\"La boutique\",\"item\":\"https:\/\/ohmondessin.com\/index.php\/la-boutique\/\"},{\"@type\":\"ListItem\",\"position\":3,\"name\":\"Pin&#8217;s Portrait Personnalis\u00e9\"}]},{\"@type\":\"WebSite\",\"@id\":\"https:\/\/ohmondessin.com\/#website\",\"url\":\"https:\/\/ohmondessin.com\/\",\"name\":\"ohmondessin.com\",\"description\":\"De l\u2019illustration et du fait-main\",\"publisher\":{\"@id\":\"https:\/\/ohmondessin.com\/#organization\"},\"potentialAction\":[{\"@type\":\"SearchAction\",\"target\":{\"@type\":\"EntryPoint\",\"urlTemplate\":\"https:\/\/ohmondessin.com\/?s={search_term_string}\"},\"query-input\":{\"@type\":\"PropertyValueSpecification\",\"valueRequired\":true,\"valueName\":\"search_term_string\"}}],\"inLanguage\":\"fr-FR\"},{\"@type\":\"Organization\",\"@id\":\"https:\/\/ohmondessin.com\/#organization\",\"name\":\"ohmondessin.com\",\"url\":\"https:\/\/ohmondessin.com\/\",\"logo\":{\"@type\":\"ImageObject\",\"inLanguage\":\"fr-FR\",\"@id\":\"https:\/\/ohmondessin.com\/#\/schema\/logo\/image\/\",\"url\":\"https:\/\/ohmondessin.com\/wp-content\/uploads\/2023\/01\/logo_OHMD-dark.png\",\"contentUrl\":\"https:\/\/ohmondessin.com\/wp-content\/uploads\/2023\/01\/logo_OHMD-dark.png\",\"width\":500,\"height\":500,\"caption\":\"ohmondessin.com\"},\"image\":{\"@id\":\"https:\/\/ohmondessin.com\/#\/schema\/logo\/image\/\"},\"sameAs\":[\"https:\/\/www.facebook.com\/Ohmondessin\",\"https:\/\/www.instagram.com\/ohmondessin\/\"]}]}<\/script>\n<!-- \/ Yoast SEO plugin. -->","yoast_head_json":{"title":"Pin's Portrait Personnalis\u00e9 - ohmondessin.com","robots":{"index":"index","follow":"follow","max-snippet":"max-snippet:-1","max-image-preview":"max-image-preview:large","max-video-preview":"max-video-preview:-1"},"canonical":"https:\/\/ohmondessin.com\/index.php\/product\/pins-portrait-personnalise\/","og_locale":"fr_FR","og_type":"article","og_title":"Pin's Portrait Personnalis\u00e9 - ohmondessin.com","og_description":"Laissez un cadeau inoubliable \u00e0 vos amis, \u00e0 vos invit\u00e9s ou aux mari\u00e9s!  Je transforme votre portrait photo en pin's, vous pouvez choisir d'\u00eatre repr\u00e9sent\u00e9 en solo, duo... et m\u00eame avec votre animal.  Id\u00e9al pour vos \u00e9v\u00e9nements Mariage, EVJF, Anniversaire, Bapt\u00eame... toutes les occasions sont bonnes!  Tarif pour deux personnes repr\u00e9sent\u00e9s.  Me contacter si l'illustration doit en comporter 3 ou plus.","og_url":"https:\/\/ohmondessin.com\/index.php\/product\/pins-portrait-personnalise\/","og_site_name":"ohmondessin.com","article_publisher":"https:\/\/www.facebook.com\/Ohmondessin","article_modified_time":"2023-06-04T07:25:14+00:00","og_image":[{"width":1000,"height":1000,"url":"https:\/\/ohmondessin.com\/wp-content\/uploads\/2023\/01\/Pins-Mariage2.jpg","type":"image\/jpeg"}],"twitter_card":"summary_large_image","twitter_misc":{"Dur\u00e9e de lecture estim\u00e9e":"1 minute"},"schema":{"@context":"https:\/\/schema.org","@graph":[{"@type":"WebPage","@id":"https:\/\/ohmondessin.com\/index.php\/product\/pins-portrait-personnalise\/","url":"https:\/\/ohmondessin.com\/index.php\/product\/pins-portrait-personnalise\/","name":"Pin's Portrait Personnalis\u00e9 - ohmondessin.com","isPartOf":{"@id":"https:\/\/ohmondessin.com\/#website"},"primaryImageOfPage":{"@id":"https:\/\/ohmondessin.com\/index.php\/product\/pins-portrait-personnalise\/#primaryimage"},"image":{"@id":"https:\/\/ohmondessin.com\/index.php\/product\/pins-portrait-personnalise\/#primaryimage"},"thumbnailUrl":"https:\/\/ohmondessin.com\/wp-content\/uploads\/2023\/01\/Pins-Mariage2.jpg","datePublished":"2023-01-16T14:44:56+00:00","dateModified":"2023-06-04T07:25:14+00:00","breadcrumb":{"@id":"https:\/\/ohmondessin.com\/index.php\/product\/pins-portrait-personnalise\/#breadcrumb"},"inLanguage":"fr-FR","potentialAction":[{"@type":"ReadAction","target":["https:\/\/ohmondessin.com\/index.php\/product\/pins-portrait-personnalise\/"]}]},{"@type":"ImageObject","inLanguage":"fr-FR","@id":"https:\/\/ohmondessin.com\/index.php\/product\/pins-portrait-personnalise\/#primaryimage","url":"https:\/\/ohmondessin.com\/wp-content\/uploads\/2023\/01\/Pins-Mariage2.jpg","contentUrl":"https:\/\/ohmondessin.com\/wp-content\/uploads\/2023\/01\/Pins-Mariage2.jpg","width":1000,"height":1000,"caption":"Pins-Mariage2"},{"@type":"BreadcrumbList","@id":"https:\/\/ohmondessin.com\/index.php\/product\/pins-portrait-personnalise\/#breadcrumb","itemListElement":[{"@type":"ListItem","position":1,"name":"Accueil","item":"https:\/\/ohmondessin.com\/"},{"@type":"ListItem","position":2,"name":"La boutique","item":"https:\/\/ohmondessin.com\/index.php\/la-boutique\/"},{"@type":"ListItem","position":3,"name":"Pin&#8217;s Portrait Personnalis\u00e9"}]},{"@type":"WebSite","@id":"https:\/\/ohmondessin.com\/#website","url":"https:\/\/ohmondessin.com\/","name":"ohmondessin.com","description":"De l\u2019illustration et du fait-main","publisher":{"@id":"https:\/\/ohmondessin.com\/#organization"},"potentialAction":[{"@type":"SearchAction","target":{"@type":"EntryPoint","urlTemplate":"https:\/\/ohmondessin.com\/?s={search_term_string}"},"query-input":{"@type":"PropertyValueSpecification","valueRequired":true,"valueName":"search_term_string"}}],"inLanguage":"fr-FR"},{"@type":"Organization","@id":"https:\/\/ohmondessin.com\/#organization","name":"ohmondessin.com","url":"https:\/\/ohmondessin.com\/","logo":{"@type":"ImageObject","inLanguage":"fr-FR","@id":"https:\/\/ohmondessin.com\/#\/schema\/logo\/image\/","url":"https:\/\/ohmondessin.com\/wp-content\/uploads\/2023\/01\/logo_OHMD-dark.png","contentUrl":"https:\/\/ohmondessin.com\/wp-content\/uploads\/2023\/01\/logo_OHMD-dark.png","width":500,"height":500,"caption":"ohmondessin.com"},"image":{"@id":"https:\/\/ohmondessin.com\/#\/schema\/logo\/image\/"},"sameAs":["https:\/\/www.facebook.com\/Ohmondessin","https:\/\/www.instagram.com\/ohmondessin\/"]}]}},"jetpack_sharing_enabled":true,"_links":{"self":[{"href":"https:\/\/ohmondessin.com\/index.php\/wp-json\/wp\/v2\/product\/4481","targetHints":{"allow":["GET"]}}],"collection":[{"href":"https:\/\/ohmondessin.com\/index.php\/wp-json\/wp\/v2\/product"}],"about":[{"href":"https:\/\/ohmondessin.com\/index.php\/wp-json\/wp\/v2\/types\/product"}],"replies":[{"embeddable":true,"href":"https:\/\/ohmondessin.com\/index.php\/wp-json\/wp\/v2\/comments?post=4481"}],"wp:featuredmedia":[{"embeddable":true,"href":"https:\/\/ohmondessin.com\/index.php\/wp-json\/wp\/v2\/media\/4484"}],"wp:attachment":[{"href":"https:\/\/ohmondessin.com\/index.php\/wp-json\/wp\/v2\/media?parent=4481"}],"wp:term":[{"taxonomy":"product_brand","embeddable":true,"href":"https:\/\/ohmondessin.com\/index.php\/wp-json\/wp\/v2\/product_brand?post=4481"},{"taxonomy":"product_cat","embeddable":true,"href":"https:\/\/ohmondessin.com\/index.php\/wp-json\/wp\/v2\/product_cat?post=4481"},{"taxonomy":"product_tag","embeddable":true,"href":"https:\/\/ohmondessin.com\/index.php\/wp-json\/wp\/v2\/product_tag?post=4481"}],"curies":[{"name":"wp","href":"https:\/\/api.w.org\/{rel}","templated":true}]}}