{"id":4498,"date":"2023-01-16T15:51:06","date_gmt":"2023-01-16T15:51:06","guid":{"rendered":"https:\/\/ohmondessin.com\/?post_type=product&#038;p=4498"},"modified":"2025-05-07T12:26:13","modified_gmt":"2025-05-07T12:26:13","slug":"pochette-en-coton-bio-dans-le-jardin-il-ya","status":"publish","type":"product","link":"https:\/\/ohmondessin.com\/index.php\/product\/pochette-en-coton-bio-dans-le-jardin-il-ya\/","title":{"rendered":"Pochette en Coton Bio \u00ab\u00a0Dans le jardin, il y&rsquo;a&#8230;\u00a0\u00bb"},"content":{"rendered":"<p>Pochette en Coton \u00ab\u00a0Dans le jardin, il y&rsquo;a&#8230;\u00a0\u00bb<\/p>\n<p>\ud83c\uddeb\ud83c\uddf7 Produit imprim\u00e9 \u00e0 Paris et exp\u00e9di\u00e9 avec amour depuis mon atelier \u00e0 Maisons-Laffitte (78)<\/p>\n","protected":false},"excerpt":{"rendered":"<p>Taille de la pochette : 25x30cm<\/p>\n<p>Tissu \u00e9pais en coton \u00e9cru de grammage 150 gr\/m\u00b2<\/p>\n<p>L&rsquo;illustration reproduite sur la pochette est \u00e9galement disponible sur la boutique en affiche ou en carte postale \ud83d\ude42<\/p>\n<p>Ce produit est imprim\u00e9 en France.<\/p>\n<p><em>\ud83d\ude9a Livraison gratuite \u00e0 partir de 60\u20ac d\u2019achats<\/em><\/p>\n","protected":false},"featured_media":4499,"comment_status":"open","ping_status":"closed","template":"","meta":[],"product_brand":[],"product_cat":[1302,160,161],"product_tag":[122,595,513,269,203,207,206,199,208,205,209],"class_list":{"0":"post-4498","1":"product","2":"type-product","3":"status-publish","4":"has-post-thumbnail","6":"product_cat-petits-prix","7":"product_cat-textiles","8":"product_cat-pochettes","9":"product_tag-cadeau-jardinier","10":"product_tag-cadeau-lapin","11":"product_tag-illustration-jardin","12":"product_tag-lapin-illustration","13":"product_tag-pochette","14":"product_tag-pochette-cordon","15":"product_tag-pochette-coton","16":"product_tag-pochette-enfant","17":"product_tag-pochette-jardin","18":"product_tag-pochette-rangement-enfant","19":"product_tag-rangement-jardin","20":"product_shipping_class-lettre-suivie","22":"first","23":"instock","24":"sale","25":"taxable","26":"shipping-taxable","27":"purchasable","28":"product-type-simple"},"yoast_head":"<!-- This site is optimized with the Yoast SEO plugin v24.6 - https:\/\/yoast.com\/wordpress\/plugins\/seo\/ -->\n<title>Pochette en Coton Bio &quot;Dans le jardin, il y&#039;a...&quot; - ohmondessin.com<\/title>\n<meta name=\"robots\" content=\"index, follow, max-snippet:-1, max-image-preview:large, max-video-preview:-1\" \/>\n<link rel=\"canonical\" href=\"https:\/\/ohmondessin.com\/index.php\/product\/pochette-en-coton-bio-dans-le-jardin-il-ya\/\" \/>\n<meta property=\"og:locale\" content=\"fr_FR\" \/>\n<meta property=\"og:type\" content=\"article\" \/>\n<meta property=\"og:title\" content=\"Pochette en Coton Bio &quot;Dans le jardin, il y&#039;a...&quot; - ohmondessin.com\" \/>\n<meta property=\"og:description\" content=\"Taille de la pochette : 25x30cm  Tissu \u00e9pais en coton \u00e9cru de grammage 150 gr\/m\u00b2  L&#039;illustration reproduite sur la pochette est \u00e9galement disponible sur la boutique en affiche ou en carte postale :)  Ce produit est imprim\u00e9 en France.  \ud83d\ude9a Livraison gratuite \u00e0 partir de 60\u20ac d\u2019achats\" \/>\n<meta property=\"og:url\" content=\"https:\/\/ohmondessin.com\/index.php\/product\/pochette-en-coton-bio-dans-le-jardin-il-ya\/\" \/>\n<meta property=\"og:site_name\" content=\"ohmondessin.com\" \/>\n<meta property=\"article:publisher\" content=\"https:\/\/www.facebook.com\/Ohmondessin\" \/>\n<meta property=\"article:modified_time\" content=\"2025-05-07T12:26:13+00:00\" \/>\n<meta property=\"og:image\" content=\"http:\/\/ohmondessin.com\/wp-content\/uploads\/2023\/01\/Pochette-enfant-dans-le-jardin.jpg\" \/>\n\t<meta property=\"og:image:width\" content=\"1000\" \/>\n\t<meta property=\"og:image:height\" content=\"1000\" \/>\n\t<meta property=\"og:image:type\" content=\"image\/jpeg\" \/>\n<meta name=\"twitter:card\" content=\"summary_large_image\" \/>\n<meta name=\"twitter:label1\" content=\"Dur\u00e9e de lecture estim\u00e9e\" \/>\n\t<meta name=\"twitter:data1\" content=\"1 minute\" \/>\n<script type=\"application\/ld+json\" class=\"yoast-schema-graph\">{\"@context\":\"https:\/\/schema.org\",\"@graph\":[{\"@type\":\"WebPage\",\"@id\":\"https:\/\/ohmondessin.com\/index.php\/product\/pochette-en-coton-bio-dans-le-jardin-il-ya\/\",\"url\":\"https:\/\/ohmondessin.com\/index.php\/product\/pochette-en-coton-bio-dans-le-jardin-il-ya\/\",\"name\":\"Pochette en Coton Bio \\\"Dans le jardin, il y'a...\\\" - ohmondessin.com\",\"isPartOf\":{\"@id\":\"https:\/\/ohmondessin.com\/#website\"},\"primaryImageOfPage\":{\"@id\":\"https:\/\/ohmondessin.com\/index.php\/product\/pochette-en-coton-bio-dans-le-jardin-il-ya\/#primaryimage\"},\"image\":{\"@id\":\"https:\/\/ohmondessin.com\/index.php\/product\/pochette-en-coton-bio-dans-le-jardin-il-ya\/#primaryimage\"},\"thumbnailUrl\":\"https:\/\/ohmondessin.com\/wp-content\/uploads\/2023\/01\/Pochette-enfant-dans-le-jardin.jpg\",\"datePublished\":\"2023-01-16T15:51:06+00:00\",\"dateModified\":\"2025-05-07T12:26:13+00:00\",\"breadcrumb\":{\"@id\":\"https:\/\/ohmondessin.com\/index.php\/product\/pochette-en-coton-bio-dans-le-jardin-il-ya\/#breadcrumb\"},\"inLanguage\":\"fr-FR\",\"potentialAction\":[{\"@type\":\"ReadAction\",\"target\":[\"https:\/\/ohmondessin.com\/index.php\/product\/pochette-en-coton-bio-dans-le-jardin-il-ya\/\"]}]},{\"@type\":\"ImageObject\",\"inLanguage\":\"fr-FR\",\"@id\":\"https:\/\/ohmondessin.com\/index.php\/product\/pochette-en-coton-bio-dans-le-jardin-il-ya\/#primaryimage\",\"url\":\"https:\/\/ohmondessin.com\/wp-content\/uploads\/2023\/01\/Pochette-enfant-dans-le-jardin.jpg\",\"contentUrl\":\"https:\/\/ohmondessin.com\/wp-content\/uploads\/2023\/01\/Pochette-enfant-dans-le-jardin.jpg\",\"width\":1000,\"height\":1000,\"caption\":\"Pochette-enfant-dans-le-jardin\"},{\"@type\":\"BreadcrumbList\",\"@id\":\"https:\/\/ohmondessin.com\/index.php\/product\/pochette-en-coton-bio-dans-le-jardin-il-ya\/#breadcrumb\",\"itemListElement\":[{\"@type\":\"ListItem\",\"position\":1,\"name\":\"Accueil\",\"item\":\"https:\/\/ohmondessin.com\/\"},{\"@type\":\"ListItem\",\"position\":2,\"name\":\"La boutique\",\"item\":\"https:\/\/ohmondessin.com\/index.php\/la-boutique\/\"},{\"@type\":\"ListItem\",\"position\":3,\"name\":\"Pochette en Coton Bio \u00ab\u00a0Dans le jardin, il y&rsquo;a&#8230;\u00a0\u00bb\"}]},{\"@type\":\"WebSite\",\"@id\":\"https:\/\/ohmondessin.com\/#website\",\"url\":\"https:\/\/ohmondessin.com\/\",\"name\":\"ohmondessin.com\",\"description\":\"De l\u2019illustration et du fait-main\",\"publisher\":{\"@id\":\"https:\/\/ohmondessin.com\/#organization\"},\"potentialAction\":[{\"@type\":\"SearchAction\",\"target\":{\"@type\":\"EntryPoint\",\"urlTemplate\":\"https:\/\/ohmondessin.com\/?s={search_term_string}\"},\"query-input\":{\"@type\":\"PropertyValueSpecification\",\"valueRequired\":true,\"valueName\":\"search_term_string\"}}],\"inLanguage\":\"fr-FR\"},{\"@type\":\"Organization\",\"@id\":\"https:\/\/ohmondessin.com\/#organization\",\"name\":\"ohmondessin.com\",\"url\":\"https:\/\/ohmondessin.com\/\",\"logo\":{\"@type\":\"ImageObject\",\"inLanguage\":\"fr-FR\",\"@id\":\"https:\/\/ohmondessin.com\/#\/schema\/logo\/image\/\",\"url\":\"https:\/\/ohmondessin.com\/wp-content\/uploads\/2023\/01\/logo_OHMD-dark.png\",\"contentUrl\":\"https:\/\/ohmondessin.com\/wp-content\/uploads\/2023\/01\/logo_OHMD-dark.png\",\"width\":500,\"height\":500,\"caption\":\"ohmondessin.com\"},\"image\":{\"@id\":\"https:\/\/ohmondessin.com\/#\/schema\/logo\/image\/\"},\"sameAs\":[\"https:\/\/www.facebook.com\/Ohmondessin\",\"https:\/\/www.instagram.com\/ohmondessin\/\"]}]}<\/script>\n<!-- \/ Yoast SEO plugin. -->","yoast_head_json":{"title":"Pochette en Coton Bio \"Dans le jardin, il y'a...\" - ohmondessin.com","robots":{"index":"index","follow":"follow","max-snippet":"max-snippet:-1","max-image-preview":"max-image-preview:large","max-video-preview":"max-video-preview:-1"},"canonical":"https:\/\/ohmondessin.com\/index.php\/product\/pochette-en-coton-bio-dans-le-jardin-il-ya\/","og_locale":"fr_FR","og_type":"article","og_title":"Pochette en Coton Bio \"Dans le jardin, il y'a...\" - ohmondessin.com","og_description":"Taille de la pochette : 25x30cm  Tissu \u00e9pais en coton \u00e9cru de grammage 150 gr\/m\u00b2  L'illustration reproduite sur la pochette est \u00e9galement disponible sur la boutique en affiche ou en carte postale :)  Ce produit est imprim\u00e9 en France.  \ud83d\ude9a Livraison gratuite \u00e0 partir de 60\u20ac d\u2019achats","og_url":"https:\/\/ohmondessin.com\/index.php\/product\/pochette-en-coton-bio-dans-le-jardin-il-ya\/","og_site_name":"ohmondessin.com","article_publisher":"https:\/\/www.facebook.com\/Ohmondessin","article_modified_time":"2025-05-07T12:26:13+00:00","og_image":[{"width":1000,"height":1000,"url":"http:\/\/ohmondessin.com\/wp-content\/uploads\/2023\/01\/Pochette-enfant-dans-le-jardin.jpg","type":"image\/jpeg"}],"twitter_card":"summary_large_image","twitter_misc":{"Dur\u00e9e de lecture estim\u00e9e":"1 minute"},"schema":{"@context":"https:\/\/schema.org","@graph":[{"@type":"WebPage","@id":"https:\/\/ohmondessin.com\/index.php\/product\/pochette-en-coton-bio-dans-le-jardin-il-ya\/","url":"https:\/\/ohmondessin.com\/index.php\/product\/pochette-en-coton-bio-dans-le-jardin-il-ya\/","name":"Pochette en Coton Bio \"Dans le jardin, il y'a...\" - ohmondessin.com","isPartOf":{"@id":"https:\/\/ohmondessin.com\/#website"},"primaryImageOfPage":{"@id":"https:\/\/ohmondessin.com\/index.php\/product\/pochette-en-coton-bio-dans-le-jardin-il-ya\/#primaryimage"},"image":{"@id":"https:\/\/ohmondessin.com\/index.php\/product\/pochette-en-coton-bio-dans-le-jardin-il-ya\/#primaryimage"},"thumbnailUrl":"https:\/\/ohmondessin.com\/wp-content\/uploads\/2023\/01\/Pochette-enfant-dans-le-jardin.jpg","datePublished":"2023-01-16T15:51:06+00:00","dateModified":"2025-05-07T12:26:13+00:00","breadcrumb":{"@id":"https:\/\/ohmondessin.com\/index.php\/product\/pochette-en-coton-bio-dans-le-jardin-il-ya\/#breadcrumb"},"inLanguage":"fr-FR","potentialAction":[{"@type":"ReadAction","target":["https:\/\/ohmondessin.com\/index.php\/product\/pochette-en-coton-bio-dans-le-jardin-il-ya\/"]}]},{"@type":"ImageObject","inLanguage":"fr-FR","@id":"https:\/\/ohmondessin.com\/index.php\/product\/pochette-en-coton-bio-dans-le-jardin-il-ya\/#primaryimage","url":"https:\/\/ohmondessin.com\/wp-content\/uploads\/2023\/01\/Pochette-enfant-dans-le-jardin.jpg","contentUrl":"https:\/\/ohmondessin.com\/wp-content\/uploads\/2023\/01\/Pochette-enfant-dans-le-jardin.jpg","width":1000,"height":1000,"caption":"Pochette-enfant-dans-le-jardin"},{"@type":"BreadcrumbList","@id":"https:\/\/ohmondessin.com\/index.php\/product\/pochette-en-coton-bio-dans-le-jardin-il-ya\/#breadcrumb","itemListElement":[{"@type":"ListItem","position":1,"name":"Accueil","item":"https:\/\/ohmondessin.com\/"},{"@type":"ListItem","position":2,"name":"La boutique","item":"https:\/\/ohmondessin.com\/index.php\/la-boutique\/"},{"@type":"ListItem","position":3,"name":"Pochette en Coton Bio \u00ab\u00a0Dans le jardin, il y&rsquo;a&#8230;\u00a0\u00bb"}]},{"@type":"WebSite","@id":"https:\/\/ohmondessin.com\/#website","url":"https:\/\/ohmondessin.com\/","name":"ohmondessin.com","description":"De l\u2019illustration et du fait-main","publisher":{"@id":"https:\/\/ohmondessin.com\/#organization"},"potentialAction":[{"@type":"SearchAction","target":{"@type":"EntryPoint","urlTemplate":"https:\/\/ohmondessin.com\/?s={search_term_string}"},"query-input":{"@type":"PropertyValueSpecification","valueRequired":true,"valueName":"search_term_string"}}],"inLanguage":"fr-FR"},{"@type":"Organization","@id":"https:\/\/ohmondessin.com\/#organization","name":"ohmondessin.com","url":"https:\/\/ohmondessin.com\/","logo":{"@type":"ImageObject","inLanguage":"fr-FR","@id":"https:\/\/ohmondessin.com\/#\/schema\/logo\/image\/","url":"https:\/\/ohmondessin.com\/wp-content\/uploads\/2023\/01\/logo_OHMD-dark.png","contentUrl":"https:\/\/ohmondessin.com\/wp-content\/uploads\/2023\/01\/logo_OHMD-dark.png","width":500,"height":500,"caption":"ohmondessin.com"},"image":{"@id":"https:\/\/ohmondessin.com\/#\/schema\/logo\/image\/"},"sameAs":["https:\/\/www.facebook.com\/Ohmondessin","https:\/\/www.instagram.com\/ohmondessin\/"]}]}},"jetpack_sharing_enabled":true,"_links":{"self":[{"href":"https:\/\/ohmondessin.com\/index.php\/wp-json\/wp\/v2\/product\/4498","targetHints":{"allow":["GET"]}}],"collection":[{"href":"https:\/\/ohmondessin.com\/index.php\/wp-json\/wp\/v2\/product"}],"about":[{"href":"https:\/\/ohmondessin.com\/index.php\/wp-json\/wp\/v2\/types\/product"}],"replies":[{"embeddable":true,"href":"https:\/\/ohmondessin.com\/index.php\/wp-json\/wp\/v2\/comments?post=4498"}],"wp:featuredmedia":[{"embeddable":true,"href":"https:\/\/ohmondessin.com\/index.php\/wp-json\/wp\/v2\/media\/4499"}],"wp:attachment":[{"href":"https:\/\/ohmondessin.com\/index.php\/wp-json\/wp\/v2\/media?parent=4498"}],"wp:term":[{"taxonomy":"product_brand","embeddable":true,"href":"https:\/\/ohmondessin.com\/index.php\/wp-json\/wp\/v2\/product_brand?post=4498"},{"taxonomy":"product_cat","embeddable":true,"href":"https:\/\/ohmondessin.com\/index.php\/wp-json\/wp\/v2\/product_cat?post=4498"},{"taxonomy":"product_tag","embeddable":true,"href":"https:\/\/ohmondessin.com\/index.php\/wp-json\/wp\/v2\/product_tag?post=4498"}],"curies":[{"name":"wp","href":"https:\/\/api.w.org\/{rel}","templated":true}]}}