{"id":4525,"date":"2023-01-20T13:56:58","date_gmt":"2023-01-20T13:56:58","guid":{"rendered":"https:\/\/ohmondessin.com\/?post_type=product&#038;p=4525"},"modified":"2026-01-15T00:01:51","modified_gmt":"2026-01-15T00:01:51","slug":"mug-en-acier-emaille-velos-ile-de-re","status":"publish","type":"product","link":"https:\/\/ohmondessin.com\/index.php\/product\/mug-en-acier-emaille-velos-ile-de-re\/","title":{"rendered":"Mug en acier \u00e9maill\u00e9 \u00ab\u00a0V\u00e9los ile de R\u00e9\u00a0\u00bb"},"content":{"rendered":"<p>Mug en acier \u00e9maill\u00e9, \u00e0 emporter partout !<\/p>\n<p>Contenance: 284 ml<\/p>\n","protected":false},"excerpt":{"rendered":"<div class=\"wrapper_desc_content\">\n<div class=\"productDescription__block productDescription__bs\">\n<p>Retrouvez l&rsquo;illustration \u00ab\u00a0V\u00e9los ile de R\u00e9\u00a0\u00bb d\u00e9clin\u00e9e sur mug en acier \u00e9maill\u00e9.<\/p>\n<p>Conseil d&rsquo;utilisation : Ce mug n&rsquo;est pas adapt\u00e9 au micro-onde mais il passe au lave-vaisselle !<\/p>\n<p>\ud83c\uddeb\ud83c\uddf7 Produit imprim\u00e9 \u00e0 Paris et exp\u00e9di\u00e9 avec amour depuis mon petit atelier \u00e0 Maisons-Laffitte (78)<\/p>\n<\/div>\n<\/div>\n","protected":false},"featured_media":7611,"comment_status":"open","ping_status":"closed","template":"","meta":[],"product_brand":[],"product_cat":[117,130],"product_tag":[231,230,235,232,246,236,248,239,247,245],"class_list":{"0":"post-4525","1":"product","2":"type-product","3":"status-publish","4":"has-post-thumbnail","6":"product_cat-mugs-tasses","7":"product_cat-mugs-emailles-mug","8":"product_tag-affiche-ile-de-re","9":"product_tag-cadeau-ile-de-re","10":"product_tag-ile-de-re","11":"product_tag-mug-ile-de-re","12":"product_tag-mug-velo-ile-de-re","13":"product_tag-phare-ile-de-re","14":"product_tag-poster-velo-ile-de-re","15":"product_tag-tasse-ile-de-re","16":"product_tag-tasse-velo","17":"product_tag-velo-ile-de-re","18":"product_shipping_class-mugs","20":"first","21":"instock","22":"taxable","23":"shipping-taxable","24":"purchasable","25":"product-type-simple"},"yoast_head":"<!-- This site is optimized with the Yoast SEO plugin v24.6 - https:\/\/yoast.com\/wordpress\/plugins\/seo\/ -->\n<title>Mug en acier \u00e9maill\u00e9 &quot;V\u00e9los ile de R\u00e9&quot; - ohmondessin.com<\/title>\n<meta name=\"robots\" content=\"index, follow, max-snippet:-1, max-image-preview:large, max-video-preview:-1\" \/>\n<link rel=\"canonical\" href=\"https:\/\/ohmondessin.com\/index.php\/product\/mug-en-acier-emaille-velos-ile-de-re\/\" \/>\n<meta property=\"og:locale\" content=\"fr_FR\" \/>\n<meta property=\"og:type\" content=\"article\" \/>\n<meta property=\"og:title\" content=\"Mug en acier \u00e9maill\u00e9 &quot;V\u00e9los ile de R\u00e9&quot; - ohmondessin.com\" \/>\n<meta property=\"og:description\" content=\"Retrouvez l&#039;illustration &quot;V\u00e9los ile de R\u00e9&quot; d\u00e9clin\u00e9e sur mug en acier \u00e9maill\u00e9.  Conseil d&#039;utilisation : Ce mug n&#039;est pas adapt\u00e9 au micro-onde mais il passe au lave-vaisselle !  \ud83c\uddeb\ud83c\uddf7 Produit imprim\u00e9 \u00e0 Paris et exp\u00e9di\u00e9 avec amour depuis mon petit atelier \u00e0 Maisons-Laffitte (78)\" \/>\n<meta property=\"og:url\" content=\"https:\/\/ohmondessin.com\/index.php\/product\/mug-en-acier-emaille-velos-ile-de-re\/\" \/>\n<meta property=\"og:site_name\" content=\"ohmondessin.com\" \/>\n<meta property=\"article:publisher\" content=\"https:\/\/www.facebook.com\/Ohmondessin\" \/>\n<meta property=\"article:modified_time\" content=\"2026-01-15T00:01:51+00:00\" \/>\n<meta property=\"og:image\" content=\"http:\/\/ohmondessin.com\/wp-content\/uploads\/2023\/01\/velo_1-min-2-1-scaled.jpg\" \/>\n\t<meta property=\"og:image:width\" content=\"2560\" \/>\n\t<meta property=\"og:image:height\" content=\"2560\" \/>\n\t<meta property=\"og:image:type\" content=\"image\/jpeg\" \/>\n<meta name=\"twitter:card\" content=\"summary_large_image\" \/>\n<meta name=\"twitter:label1\" content=\"Dur\u00e9e de lecture estim\u00e9e\" \/>\n\t<meta name=\"twitter:data1\" content=\"1 minute\" \/>\n<script type=\"application\/ld+json\" class=\"yoast-schema-graph\">{\"@context\":\"https:\/\/schema.org\",\"@graph\":[{\"@type\":\"WebPage\",\"@id\":\"https:\/\/ohmondessin.com\/index.php\/product\/mug-en-acier-emaille-velos-ile-de-re\/\",\"url\":\"https:\/\/ohmondessin.com\/index.php\/product\/mug-en-acier-emaille-velos-ile-de-re\/\",\"name\":\"Mug en acier \u00e9maill\u00e9 \\\"V\u00e9los ile de R\u00e9\\\" - ohmondessin.com\",\"isPartOf\":{\"@id\":\"https:\/\/ohmondessin.com\/#website\"},\"primaryImageOfPage\":{\"@id\":\"https:\/\/ohmondessin.com\/index.php\/product\/mug-en-acier-emaille-velos-ile-de-re\/#primaryimage\"},\"image\":{\"@id\":\"https:\/\/ohmondessin.com\/index.php\/product\/mug-en-acier-emaille-velos-ile-de-re\/#primaryimage\"},\"thumbnailUrl\":\"https:\/\/ohmondessin.com\/wp-content\/uploads\/2023\/01\/velo_1-min-2-1-scaled.jpg\",\"datePublished\":\"2023-01-20T13:56:58+00:00\",\"dateModified\":\"2026-01-15T00:01:51+00:00\",\"breadcrumb\":{\"@id\":\"https:\/\/ohmondessin.com\/index.php\/product\/mug-en-acier-emaille-velos-ile-de-re\/#breadcrumb\"},\"inLanguage\":\"fr-FR\",\"potentialAction\":[{\"@type\":\"ReadAction\",\"target\":[\"https:\/\/ohmondessin.com\/index.php\/product\/mug-en-acier-emaille-velos-ile-de-re\/\"]}]},{\"@type\":\"ImageObject\",\"inLanguage\":\"fr-FR\",\"@id\":\"https:\/\/ohmondessin.com\/index.php\/product\/mug-en-acier-emaille-velos-ile-de-re\/#primaryimage\",\"url\":\"https:\/\/ohmondessin.com\/wp-content\/uploads\/2023\/01\/velo_1-min-2-1-scaled.jpg\",\"contentUrl\":\"https:\/\/ohmondessin.com\/wp-content\/uploads\/2023\/01\/velo_1-min-2-1-scaled.jpg\",\"width\":2560,\"height\":2560},{\"@type\":\"BreadcrumbList\",\"@id\":\"https:\/\/ohmondessin.com\/index.php\/product\/mug-en-acier-emaille-velos-ile-de-re\/#breadcrumb\",\"itemListElement\":[{\"@type\":\"ListItem\",\"position\":1,\"name\":\"Accueil\",\"item\":\"https:\/\/ohmondessin.com\/\"},{\"@type\":\"ListItem\",\"position\":2,\"name\":\"La boutique\",\"item\":\"https:\/\/ohmondessin.com\/index.php\/la-boutique\/\"},{\"@type\":\"ListItem\",\"position\":3,\"name\":\"Mug en acier \u00e9maill\u00e9 \u00ab\u00a0V\u00e9los ile de R\u00e9\u00a0\u00bb\"}]},{\"@type\":\"WebSite\",\"@id\":\"https:\/\/ohmondessin.com\/#website\",\"url\":\"https:\/\/ohmondessin.com\/\",\"name\":\"ohmondessin.com\",\"description\":\"De l\u2019illustration et du fait-main\",\"publisher\":{\"@id\":\"https:\/\/ohmondessin.com\/#organization\"},\"potentialAction\":[{\"@type\":\"SearchAction\",\"target\":{\"@type\":\"EntryPoint\",\"urlTemplate\":\"https:\/\/ohmondessin.com\/?s={search_term_string}\"},\"query-input\":{\"@type\":\"PropertyValueSpecification\",\"valueRequired\":true,\"valueName\":\"search_term_string\"}}],\"inLanguage\":\"fr-FR\"},{\"@type\":\"Organization\",\"@id\":\"https:\/\/ohmondessin.com\/#organization\",\"name\":\"ohmondessin.com\",\"url\":\"https:\/\/ohmondessin.com\/\",\"logo\":{\"@type\":\"ImageObject\",\"inLanguage\":\"fr-FR\",\"@id\":\"https:\/\/ohmondessin.com\/#\/schema\/logo\/image\/\",\"url\":\"https:\/\/ohmondessin.com\/wp-content\/uploads\/2023\/01\/logo_OHMD-dark.png\",\"contentUrl\":\"https:\/\/ohmondessin.com\/wp-content\/uploads\/2023\/01\/logo_OHMD-dark.png\",\"width\":500,\"height\":500,\"caption\":\"ohmondessin.com\"},\"image\":{\"@id\":\"https:\/\/ohmondessin.com\/#\/schema\/logo\/image\/\"},\"sameAs\":[\"https:\/\/www.facebook.com\/Ohmondessin\",\"https:\/\/www.instagram.com\/ohmondessin\/\"]}]}<\/script>\n<!-- \/ Yoast SEO plugin. -->","yoast_head_json":{"title":"Mug en acier \u00e9maill\u00e9 \"V\u00e9los ile de R\u00e9\" - ohmondessin.com","robots":{"index":"index","follow":"follow","max-snippet":"max-snippet:-1","max-image-preview":"max-image-preview:large","max-video-preview":"max-video-preview:-1"},"canonical":"https:\/\/ohmondessin.com\/index.php\/product\/mug-en-acier-emaille-velos-ile-de-re\/","og_locale":"fr_FR","og_type":"article","og_title":"Mug en acier \u00e9maill\u00e9 \"V\u00e9los ile de R\u00e9\" - ohmondessin.com","og_description":"Retrouvez l'illustration \"V\u00e9los ile de R\u00e9\" d\u00e9clin\u00e9e sur mug en acier \u00e9maill\u00e9.  Conseil d'utilisation : Ce mug n'est pas adapt\u00e9 au micro-onde mais il passe au lave-vaisselle !  \ud83c\uddeb\ud83c\uddf7 Produit imprim\u00e9 \u00e0 Paris et exp\u00e9di\u00e9 avec amour depuis mon petit atelier \u00e0 Maisons-Laffitte (78)","og_url":"https:\/\/ohmondessin.com\/index.php\/product\/mug-en-acier-emaille-velos-ile-de-re\/","og_site_name":"ohmondessin.com","article_publisher":"https:\/\/www.facebook.com\/Ohmondessin","article_modified_time":"2026-01-15T00:01:51+00:00","og_image":[{"width":2560,"height":2560,"url":"http:\/\/ohmondessin.com\/wp-content\/uploads\/2023\/01\/velo_1-min-2-1-scaled.jpg","type":"image\/jpeg"}],"twitter_card":"summary_large_image","twitter_misc":{"Dur\u00e9e de lecture estim\u00e9e":"1 minute"},"schema":{"@context":"https:\/\/schema.org","@graph":[{"@type":"WebPage","@id":"https:\/\/ohmondessin.com\/index.php\/product\/mug-en-acier-emaille-velos-ile-de-re\/","url":"https:\/\/ohmondessin.com\/index.php\/product\/mug-en-acier-emaille-velos-ile-de-re\/","name":"Mug en acier \u00e9maill\u00e9 \"V\u00e9los ile de R\u00e9\" - ohmondessin.com","isPartOf":{"@id":"https:\/\/ohmondessin.com\/#website"},"primaryImageOfPage":{"@id":"https:\/\/ohmondessin.com\/index.php\/product\/mug-en-acier-emaille-velos-ile-de-re\/#primaryimage"},"image":{"@id":"https:\/\/ohmondessin.com\/index.php\/product\/mug-en-acier-emaille-velos-ile-de-re\/#primaryimage"},"thumbnailUrl":"https:\/\/ohmondessin.com\/wp-content\/uploads\/2023\/01\/velo_1-min-2-1-scaled.jpg","datePublished":"2023-01-20T13:56:58+00:00","dateModified":"2026-01-15T00:01:51+00:00","breadcrumb":{"@id":"https:\/\/ohmondessin.com\/index.php\/product\/mug-en-acier-emaille-velos-ile-de-re\/#breadcrumb"},"inLanguage":"fr-FR","potentialAction":[{"@type":"ReadAction","target":["https:\/\/ohmondessin.com\/index.php\/product\/mug-en-acier-emaille-velos-ile-de-re\/"]}]},{"@type":"ImageObject","inLanguage":"fr-FR","@id":"https:\/\/ohmondessin.com\/index.php\/product\/mug-en-acier-emaille-velos-ile-de-re\/#primaryimage","url":"https:\/\/ohmondessin.com\/wp-content\/uploads\/2023\/01\/velo_1-min-2-1-scaled.jpg","contentUrl":"https:\/\/ohmondessin.com\/wp-content\/uploads\/2023\/01\/velo_1-min-2-1-scaled.jpg","width":2560,"height":2560},{"@type":"BreadcrumbList","@id":"https:\/\/ohmondessin.com\/index.php\/product\/mug-en-acier-emaille-velos-ile-de-re\/#breadcrumb","itemListElement":[{"@type":"ListItem","position":1,"name":"Accueil","item":"https:\/\/ohmondessin.com\/"},{"@type":"ListItem","position":2,"name":"La boutique","item":"https:\/\/ohmondessin.com\/index.php\/la-boutique\/"},{"@type":"ListItem","position":3,"name":"Mug en acier \u00e9maill\u00e9 \u00ab\u00a0V\u00e9los ile de R\u00e9\u00a0\u00bb"}]},{"@type":"WebSite","@id":"https:\/\/ohmondessin.com\/#website","url":"https:\/\/ohmondessin.com\/","name":"ohmondessin.com","description":"De l\u2019illustration et du fait-main","publisher":{"@id":"https:\/\/ohmondessin.com\/#organization"},"potentialAction":[{"@type":"SearchAction","target":{"@type":"EntryPoint","urlTemplate":"https:\/\/ohmondessin.com\/?s={search_term_string}"},"query-input":{"@type":"PropertyValueSpecification","valueRequired":true,"valueName":"search_term_string"}}],"inLanguage":"fr-FR"},{"@type":"Organization","@id":"https:\/\/ohmondessin.com\/#organization","name":"ohmondessin.com","url":"https:\/\/ohmondessin.com\/","logo":{"@type":"ImageObject","inLanguage":"fr-FR","@id":"https:\/\/ohmondessin.com\/#\/schema\/logo\/image\/","url":"https:\/\/ohmondessin.com\/wp-content\/uploads\/2023\/01\/logo_OHMD-dark.png","contentUrl":"https:\/\/ohmondessin.com\/wp-content\/uploads\/2023\/01\/logo_OHMD-dark.png","width":500,"height":500,"caption":"ohmondessin.com"},"image":{"@id":"https:\/\/ohmondessin.com\/#\/schema\/logo\/image\/"},"sameAs":["https:\/\/www.facebook.com\/Ohmondessin","https:\/\/www.instagram.com\/ohmondessin\/"]}]}},"jetpack_sharing_enabled":true,"_links":{"self":[{"href":"https:\/\/ohmondessin.com\/index.php\/wp-json\/wp\/v2\/product\/4525","targetHints":{"allow":["GET"]}}],"collection":[{"href":"https:\/\/ohmondessin.com\/index.php\/wp-json\/wp\/v2\/product"}],"about":[{"href":"https:\/\/ohmondessin.com\/index.php\/wp-json\/wp\/v2\/types\/product"}],"replies":[{"embeddable":true,"href":"https:\/\/ohmondessin.com\/index.php\/wp-json\/wp\/v2\/comments?post=4525"}],"wp:featuredmedia":[{"embeddable":true,"href":"https:\/\/ohmondessin.com\/index.php\/wp-json\/wp\/v2\/media\/7611"}],"wp:attachment":[{"href":"https:\/\/ohmondessin.com\/index.php\/wp-json\/wp\/v2\/media?parent=4525"}],"wp:term":[{"taxonomy":"product_brand","embeddable":true,"href":"https:\/\/ohmondessin.com\/index.php\/wp-json\/wp\/v2\/product_brand?post=4525"},{"taxonomy":"product_cat","embeddable":true,"href":"https:\/\/ohmondessin.com\/index.php\/wp-json\/wp\/v2\/product_cat?post=4525"},{"taxonomy":"product_tag","embeddable":true,"href":"https:\/\/ohmondessin.com\/index.php\/wp-json\/wp\/v2\/product_tag?post=4525"}],"curies":[{"name":"wp","href":"https:\/\/api.w.org\/{rel}","templated":true}]}}