{"id":4551,"date":"2023-01-21T16:26:45","date_gmt":"2023-01-21T16:26:45","guid":{"rendered":"https:\/\/ohmondessin.com\/?post_type=product&#038;p=4551"},"modified":"2026-01-07T07:49:44","modified_gmt":"2026-01-07T07:49:44","slug":"tote-bag-en-coton-bio-saint-malo-les-mouettes-de-la-plage-du-sillon","status":"publish","type":"product","link":"https:\/\/ohmondessin.com\/index.php\/product\/tote-bag-en-coton-bio-saint-malo-les-mouettes-de-la-plage-du-sillon\/","title":{"rendered":"Tote-Bag en Coton \u00ab\u00a0Saint-Malo, Les Mouettes de la Plage du Sillon\u00a0\u00bb"},"content":{"rendered":"<p><strong>D\u00e9tails du produit :<\/strong><\/p>\n<ul>\n<li><strong>Design original<\/strong> : Une illustration imagin\u00e9e et dessin\u00e9e avec amour.<\/li>\n<li><strong>Mat\u00e9riaux \u00e9cologiques<\/strong> : Fabriqu\u00e9 en coton 140 gr\/m\u00b2 et respectueux de l\u2019environnement, ce tote bag Oeko-Tex 100\u00ae est parfait pour un usage quotidien.<\/li>\n<li><strong>Pratique et polyvalent<\/strong> : Que ce soit pour les courses, les livres, ou vos affaires personnelles, son format pratique (38\u00d742 cm) et ses anses confortables en font un choix pratique et \u00e9l\u00e9gant.<\/li>\n<li><strong>Les petits plus :<\/strong> Imprim\u00e9 \u00e0 10 km de l\u2019atelier et exp\u00e9di\u00e9 avec amour.<\/li>\n<\/ul>\n","protected":false},"excerpt":{"rendered":"<p>Tote Bag en Coton \u00ab\u00a0Saint-Malo, Les Mouettes de la Plage du Sillon\u00a0\u00bb<\/p>\n<p>\ud83c\uddeb\ud83c\uddf7 Produits imprim\u00e9s \u00e0 Paris et exp\u00e9di\u00e9s avec amour depuis mon atelier \u00e0 Maisons-Laffitte (78)<\/p>\n","protected":false},"featured_media":4554,"comment_status":"open","ping_status":"closed","template":"","meta":[],"product_brand":[],"product_cat":[1302,160,159],"product_tag":[397,286,103,611,132,143,146,147,289,287,271,285,288,267],"class_list":{"0":"post-4551","1":"product","2":"type-product","3":"status-publish","4":"has-post-thumbnail","6":"product_cat-petits-prix","7":"product_cat-textiles","8":"product_cat-tote-bags","9":"product_tag-affiche-mouette","10":"product_tag-affiche-st-malo","11":"product_tag-bretagne","12":"product_tag-brise-lame","13":"product_tag-cadeau-bretagne","14":"product_tag-goeland","15":"product_tag-marin","16":"product_tag-mouette","17":"product_tag-plage-du-sillon","18":"product_tag-poster-saint-malo","19":"product_tag-sac-rangement","20":"product_tag-saint-malo","21":"product_tag-tote-bag-saint-malo","22":"product_tag-tote-bag","24":"first","25":"instock","26":"sale","27":"taxable","28":"shipping-taxable","29":"purchasable","30":"product-type-simple"},"yoast_head":"<!-- This site is optimized with the Yoast SEO plugin v24.6 - https:\/\/yoast.com\/wordpress\/plugins\/seo\/ -->\n<title>Tote-Bag en Coton &quot;Saint-Malo, Les Mouettes de la Plage du Sillon&quot; - ohmondessin.com<\/title>\n<meta name=\"robots\" content=\"index, follow, max-snippet:-1, max-image-preview:large, max-video-preview:-1\" \/>\n<link rel=\"canonical\" href=\"https:\/\/ohmondessin.com\/index.php\/product\/tote-bag-en-coton-bio-saint-malo-les-mouettes-de-la-plage-du-sillon\/\" \/>\n<meta property=\"og:locale\" content=\"fr_FR\" \/>\n<meta property=\"og:type\" content=\"article\" \/>\n<meta property=\"og:title\" content=\"Tote-Bag en Coton &quot;Saint-Malo, Les Mouettes de la Plage du Sillon&quot; - ohmondessin.com\" \/>\n<meta property=\"og:description\" content=\"Tote Bag en Coton &quot;Saint-Malo, Les Mouettes de la Plage du Sillon&quot;  \ud83c\uddeb\ud83c\uddf7 Produits imprim\u00e9s \u00e0 Paris et exp\u00e9di\u00e9s avec amour depuis mon atelier \u00e0 Maisons-Laffitte (78)\" \/>\n<meta property=\"og:url\" content=\"https:\/\/ohmondessin.com\/index.php\/product\/tote-bag-en-coton-bio-saint-malo-les-mouettes-de-la-plage-du-sillon\/\" \/>\n<meta property=\"og:site_name\" content=\"ohmondessin.com\" \/>\n<meta property=\"article:publisher\" content=\"https:\/\/www.facebook.com\/Ohmondessin\" \/>\n<meta property=\"article:modified_time\" content=\"2026-01-07T07:49:44+00:00\" \/>\n<meta property=\"og:image\" content=\"http:\/\/ohmondessin.com\/wp-content\/uploads\/2023\/01\/Tote-Bag-Goeland-Saint-Malo-\u2013-1.jpg\" \/>\n\t<meta property=\"og:image:width\" content=\"1000\" \/>\n\t<meta property=\"og:image:height\" content=\"1000\" \/>\n\t<meta property=\"og:image:type\" content=\"image\/jpeg\" \/>\n<meta name=\"twitter:card\" content=\"summary_large_image\" \/>\n<meta name=\"twitter:label1\" content=\"Dur\u00e9e de lecture estim\u00e9e\" \/>\n\t<meta name=\"twitter:data1\" content=\"1 minute\" \/>\n<script type=\"application\/ld+json\" class=\"yoast-schema-graph\">{\"@context\":\"https:\/\/schema.org\",\"@graph\":[{\"@type\":\"WebPage\",\"@id\":\"https:\/\/ohmondessin.com\/index.php\/product\/tote-bag-en-coton-bio-saint-malo-les-mouettes-de-la-plage-du-sillon\/\",\"url\":\"https:\/\/ohmondessin.com\/index.php\/product\/tote-bag-en-coton-bio-saint-malo-les-mouettes-de-la-plage-du-sillon\/\",\"name\":\"Tote-Bag en Coton \\\"Saint-Malo, Les Mouettes de la Plage du Sillon\\\" - ohmondessin.com\",\"isPartOf\":{\"@id\":\"https:\/\/ohmondessin.com\/#website\"},\"primaryImageOfPage\":{\"@id\":\"https:\/\/ohmondessin.com\/index.php\/product\/tote-bag-en-coton-bio-saint-malo-les-mouettes-de-la-plage-du-sillon\/#primaryimage\"},\"image\":{\"@id\":\"https:\/\/ohmondessin.com\/index.php\/product\/tote-bag-en-coton-bio-saint-malo-les-mouettes-de-la-plage-du-sillon\/#primaryimage\"},\"thumbnailUrl\":\"https:\/\/ohmondessin.com\/wp-content\/uploads\/2023\/01\/Tote-Bag-Goeland-Saint-Malo-\u2013-1.jpg\",\"datePublished\":\"2023-01-21T16:26:45+00:00\",\"dateModified\":\"2026-01-07T07:49:44+00:00\",\"breadcrumb\":{\"@id\":\"https:\/\/ohmondessin.com\/index.php\/product\/tote-bag-en-coton-bio-saint-malo-les-mouettes-de-la-plage-du-sillon\/#breadcrumb\"},\"inLanguage\":\"fr-FR\",\"potentialAction\":[{\"@type\":\"ReadAction\",\"target\":[\"https:\/\/ohmondessin.com\/index.php\/product\/tote-bag-en-coton-bio-saint-malo-les-mouettes-de-la-plage-du-sillon\/\"]}]},{\"@type\":\"ImageObject\",\"inLanguage\":\"fr-FR\",\"@id\":\"https:\/\/ohmondessin.com\/index.php\/product\/tote-bag-en-coton-bio-saint-malo-les-mouettes-de-la-plage-du-sillon\/#primaryimage\",\"url\":\"https:\/\/ohmondessin.com\/wp-content\/uploads\/2023\/01\/Tote-Bag-Goeland-Saint-Malo-\u2013-1.jpg\",\"contentUrl\":\"https:\/\/ohmondessin.com\/wp-content\/uploads\/2023\/01\/Tote-Bag-Goeland-Saint-Malo-\u2013-1.jpg\",\"width\":1000,\"height\":1000},{\"@type\":\"BreadcrumbList\",\"@id\":\"https:\/\/ohmondessin.com\/index.php\/product\/tote-bag-en-coton-bio-saint-malo-les-mouettes-de-la-plage-du-sillon\/#breadcrumb\",\"itemListElement\":[{\"@type\":\"ListItem\",\"position\":1,\"name\":\"Accueil\",\"item\":\"https:\/\/ohmondessin.com\/\"},{\"@type\":\"ListItem\",\"position\":2,\"name\":\"La boutique\",\"item\":\"https:\/\/ohmondessin.com\/index.php\/la-boutique\/\"},{\"@type\":\"ListItem\",\"position\":3,\"name\":\"Tote-Bag en Coton \u00ab\u00a0Saint-Malo, Les Mouettes de la Plage du Sillon\u00a0\u00bb\"}]},{\"@type\":\"WebSite\",\"@id\":\"https:\/\/ohmondessin.com\/#website\",\"url\":\"https:\/\/ohmondessin.com\/\",\"name\":\"ohmondessin.com\",\"description\":\"De l\u2019illustration et du fait-main\",\"publisher\":{\"@id\":\"https:\/\/ohmondessin.com\/#organization\"},\"potentialAction\":[{\"@type\":\"SearchAction\",\"target\":{\"@type\":\"EntryPoint\",\"urlTemplate\":\"https:\/\/ohmondessin.com\/?s={search_term_string}\"},\"query-input\":{\"@type\":\"PropertyValueSpecification\",\"valueRequired\":true,\"valueName\":\"search_term_string\"}}],\"inLanguage\":\"fr-FR\"},{\"@type\":\"Organization\",\"@id\":\"https:\/\/ohmondessin.com\/#organization\",\"name\":\"ohmondessin.com\",\"url\":\"https:\/\/ohmondessin.com\/\",\"logo\":{\"@type\":\"ImageObject\",\"inLanguage\":\"fr-FR\",\"@id\":\"https:\/\/ohmondessin.com\/#\/schema\/logo\/image\/\",\"url\":\"https:\/\/ohmondessin.com\/wp-content\/uploads\/2023\/01\/logo_OHMD-dark.png\",\"contentUrl\":\"https:\/\/ohmondessin.com\/wp-content\/uploads\/2023\/01\/logo_OHMD-dark.png\",\"width\":500,\"height\":500,\"caption\":\"ohmondessin.com\"},\"image\":{\"@id\":\"https:\/\/ohmondessin.com\/#\/schema\/logo\/image\/\"},\"sameAs\":[\"https:\/\/www.facebook.com\/Ohmondessin\",\"https:\/\/www.instagram.com\/ohmondessin\/\"]}]}<\/script>\n<!-- \/ Yoast SEO plugin. -->","yoast_head_json":{"title":"Tote-Bag en Coton \"Saint-Malo, Les Mouettes de la Plage du Sillon\" - ohmondessin.com","robots":{"index":"index","follow":"follow","max-snippet":"max-snippet:-1","max-image-preview":"max-image-preview:large","max-video-preview":"max-video-preview:-1"},"canonical":"https:\/\/ohmondessin.com\/index.php\/product\/tote-bag-en-coton-bio-saint-malo-les-mouettes-de-la-plage-du-sillon\/","og_locale":"fr_FR","og_type":"article","og_title":"Tote-Bag en Coton \"Saint-Malo, Les Mouettes de la Plage du Sillon\" - ohmondessin.com","og_description":"Tote Bag en Coton \"Saint-Malo, Les Mouettes de la Plage du Sillon\"  \ud83c\uddeb\ud83c\uddf7 Produits imprim\u00e9s \u00e0 Paris et exp\u00e9di\u00e9s avec amour depuis mon atelier \u00e0 Maisons-Laffitte (78)","og_url":"https:\/\/ohmondessin.com\/index.php\/product\/tote-bag-en-coton-bio-saint-malo-les-mouettes-de-la-plage-du-sillon\/","og_site_name":"ohmondessin.com","article_publisher":"https:\/\/www.facebook.com\/Ohmondessin","article_modified_time":"2026-01-07T07:49:44+00:00","og_image":[{"width":1000,"height":1000,"url":"http:\/\/ohmondessin.com\/wp-content\/uploads\/2023\/01\/Tote-Bag-Goeland-Saint-Malo-\u2013-1.jpg","type":"image\/jpeg"}],"twitter_card":"summary_large_image","twitter_misc":{"Dur\u00e9e de lecture estim\u00e9e":"1 minute"},"schema":{"@context":"https:\/\/schema.org","@graph":[{"@type":"WebPage","@id":"https:\/\/ohmondessin.com\/index.php\/product\/tote-bag-en-coton-bio-saint-malo-les-mouettes-de-la-plage-du-sillon\/","url":"https:\/\/ohmondessin.com\/index.php\/product\/tote-bag-en-coton-bio-saint-malo-les-mouettes-de-la-plage-du-sillon\/","name":"Tote-Bag en Coton \"Saint-Malo, Les Mouettes de la Plage du Sillon\" - ohmondessin.com","isPartOf":{"@id":"https:\/\/ohmondessin.com\/#website"},"primaryImageOfPage":{"@id":"https:\/\/ohmondessin.com\/index.php\/product\/tote-bag-en-coton-bio-saint-malo-les-mouettes-de-la-plage-du-sillon\/#primaryimage"},"image":{"@id":"https:\/\/ohmondessin.com\/index.php\/product\/tote-bag-en-coton-bio-saint-malo-les-mouettes-de-la-plage-du-sillon\/#primaryimage"},"thumbnailUrl":"https:\/\/ohmondessin.com\/wp-content\/uploads\/2023\/01\/Tote-Bag-Goeland-Saint-Malo-\u2013-1.jpg","datePublished":"2023-01-21T16:26:45+00:00","dateModified":"2026-01-07T07:49:44+00:00","breadcrumb":{"@id":"https:\/\/ohmondessin.com\/index.php\/product\/tote-bag-en-coton-bio-saint-malo-les-mouettes-de-la-plage-du-sillon\/#breadcrumb"},"inLanguage":"fr-FR","potentialAction":[{"@type":"ReadAction","target":["https:\/\/ohmondessin.com\/index.php\/product\/tote-bag-en-coton-bio-saint-malo-les-mouettes-de-la-plage-du-sillon\/"]}]},{"@type":"ImageObject","inLanguage":"fr-FR","@id":"https:\/\/ohmondessin.com\/index.php\/product\/tote-bag-en-coton-bio-saint-malo-les-mouettes-de-la-plage-du-sillon\/#primaryimage","url":"https:\/\/ohmondessin.com\/wp-content\/uploads\/2023\/01\/Tote-Bag-Goeland-Saint-Malo-\u2013-1.jpg","contentUrl":"https:\/\/ohmondessin.com\/wp-content\/uploads\/2023\/01\/Tote-Bag-Goeland-Saint-Malo-\u2013-1.jpg","width":1000,"height":1000},{"@type":"BreadcrumbList","@id":"https:\/\/ohmondessin.com\/index.php\/product\/tote-bag-en-coton-bio-saint-malo-les-mouettes-de-la-plage-du-sillon\/#breadcrumb","itemListElement":[{"@type":"ListItem","position":1,"name":"Accueil","item":"https:\/\/ohmondessin.com\/"},{"@type":"ListItem","position":2,"name":"La boutique","item":"https:\/\/ohmondessin.com\/index.php\/la-boutique\/"},{"@type":"ListItem","position":3,"name":"Tote-Bag en Coton \u00ab\u00a0Saint-Malo, Les Mouettes de la Plage du Sillon\u00a0\u00bb"}]},{"@type":"WebSite","@id":"https:\/\/ohmondessin.com\/#website","url":"https:\/\/ohmondessin.com\/","name":"ohmondessin.com","description":"De l\u2019illustration et du fait-main","publisher":{"@id":"https:\/\/ohmondessin.com\/#organization"},"potentialAction":[{"@type":"SearchAction","target":{"@type":"EntryPoint","urlTemplate":"https:\/\/ohmondessin.com\/?s={search_term_string}"},"query-input":{"@type":"PropertyValueSpecification","valueRequired":true,"valueName":"search_term_string"}}],"inLanguage":"fr-FR"},{"@type":"Organization","@id":"https:\/\/ohmondessin.com\/#organization","name":"ohmondessin.com","url":"https:\/\/ohmondessin.com\/","logo":{"@type":"ImageObject","inLanguage":"fr-FR","@id":"https:\/\/ohmondessin.com\/#\/schema\/logo\/image\/","url":"https:\/\/ohmondessin.com\/wp-content\/uploads\/2023\/01\/logo_OHMD-dark.png","contentUrl":"https:\/\/ohmondessin.com\/wp-content\/uploads\/2023\/01\/logo_OHMD-dark.png","width":500,"height":500,"caption":"ohmondessin.com"},"image":{"@id":"https:\/\/ohmondessin.com\/#\/schema\/logo\/image\/"},"sameAs":["https:\/\/www.facebook.com\/Ohmondessin","https:\/\/www.instagram.com\/ohmondessin\/"]}]}},"jetpack_sharing_enabled":true,"_links":{"self":[{"href":"https:\/\/ohmondessin.com\/index.php\/wp-json\/wp\/v2\/product\/4551","targetHints":{"allow":["GET"]}}],"collection":[{"href":"https:\/\/ohmondessin.com\/index.php\/wp-json\/wp\/v2\/product"}],"about":[{"href":"https:\/\/ohmondessin.com\/index.php\/wp-json\/wp\/v2\/types\/product"}],"replies":[{"embeddable":true,"href":"https:\/\/ohmondessin.com\/index.php\/wp-json\/wp\/v2\/comments?post=4551"}],"wp:featuredmedia":[{"embeddable":true,"href":"https:\/\/ohmondessin.com\/index.php\/wp-json\/wp\/v2\/media\/4554"}],"wp:attachment":[{"href":"https:\/\/ohmondessin.com\/index.php\/wp-json\/wp\/v2\/media?parent=4551"}],"wp:term":[{"taxonomy":"product_brand","embeddable":true,"href":"https:\/\/ohmondessin.com\/index.php\/wp-json\/wp\/v2\/product_brand?post=4551"},{"taxonomy":"product_cat","embeddable":true,"href":"https:\/\/ohmondessin.com\/index.php\/wp-json\/wp\/v2\/product_cat?post=4551"},{"taxonomy":"product_tag","embeddable":true,"href":"https:\/\/ohmondessin.com\/index.php\/wp-json\/wp\/v2\/product_tag?post=4551"}],"curies":[{"name":"wp","href":"https:\/\/api.w.org\/{rel}","templated":true}]}}