{"id":4577,"date":"2024-01-25T09:29:32","date_gmt":"2024-01-25T09:29:32","guid":{"rendered":"https:\/\/ohmondessin.com\/?post_type=product&#038;p=4577"},"modified":"2026-01-15T00:01:52","modified_gmt":"2026-01-15T00:01:52","slug":"tote-bag-en-coton-bio-le-chat-et-ses-pivoines","status":"publish","type":"product","link":"https:\/\/ohmondessin.com\/index.php\/product\/tote-bag-en-coton-bio-le-chat-et-ses-pivoines\/","title":{"rendered":"Tote-Bag en Coton Epais \u00ab\u00a0Le Chat et ses pivoines\u00a0\u00bb"},"content":{"rendered":"<p><strong>D\u00e9tails du produit :<\/strong><\/p>\n<ul>\n<li><strong>Design original<\/strong> : Une illustration originale dessin\u00e9e avec amour.<\/li>\n<li><strong>Mat\u00e9riaux \u00e9cologiques<\/strong> : Fabriqu\u00e9 en coton \u00e9pais 230 gr\/m\u00b2 et respectueux de l\u2019environnement, ce tote bag Oeko-Tex 100\u00ae est parfait pour un usage quotidien.<\/li>\n<li><strong>Pratique et polyvalent<\/strong> : Que ce soit pour les courses, les livres, ou vos affaires personnelles, son format pratique (38\u00d742 cm) et ses anses confortables en font un choix pratique et \u00e9l\u00e9gant.<\/li>\n<li><strong>Les petits plus :<\/strong> Imprim\u00e9 \u00e0 10 km de l\u2019atelier et exp\u00e9di\u00e9 avec amour.<\/li>\n<\/ul>\n","protected":false},"excerpt":{"rendered":"<p>Ajoutez une touche de douceur et de charme \u00e0 votre quotidien avec ce tote bag unique illustr\u00e9 d\u2019un adorable petit chat. Ce sac en coton \u00e9pais est id\u00e9al pour transporter vos essentiels.<\/p>\n","protected":false},"featured_media":4578,"comment_status":"open","ping_status":"closed","template":"","meta":[],"product_brand":[],"product_cat":[1304,160,159],"product_tag":[340,184,344,342,343,345,271,339,597,267,341,330],"class_list":{"0":"post-4577","1":"product","2":"type-product","3":"status-publish","4":"has-post-thumbnail","6":"product_cat-st-valentin","7":"product_cat-textiles","8":"product_cat-tote-bags","9":"product_tag-affiche-chat","10":"product_tag-chat","11":"product_tag-chat-pivoine","12":"product_tag-illustration-chat","13":"product_tag-pivoines","14":"product_tag-sac-pivoine","15":"product_tag-sac-rangement","16":"product_tag-sac-tournesols","17":"product_tag-tote-bag-fleurs","18":"product_tag-tote-bag","19":"product_tag-tote-bag-chat","20":"product_tag-tote-bag-maman","22":"first","23":"outofstock","24":"taxable","25":"shipping-taxable","26":"purchasable","27":"product-type-simple"},"yoast_head":"<!-- This site is optimized with the Yoast SEO plugin v24.6 - https:\/\/yoast.com\/wordpress\/plugins\/seo\/ -->\n<title>Tote-Bag en Coton Epais &quot;Le Chat et ses pivoines&quot; - ohmondessin.com<\/title>\n<meta name=\"robots\" content=\"index, follow, max-snippet:-1, max-image-preview:large, max-video-preview:-1\" \/>\n<link rel=\"canonical\" href=\"https:\/\/ohmondessin.com\/index.php\/product\/tote-bag-en-coton-bio-le-chat-et-ses-pivoines\/\" \/>\n<meta property=\"og:locale\" content=\"fr_FR\" \/>\n<meta property=\"og:type\" content=\"article\" \/>\n<meta property=\"og:title\" content=\"Tote-Bag en Coton Epais &quot;Le Chat et ses pivoines&quot; - ohmondessin.com\" \/>\n<meta property=\"og:description\" content=\"Ajoutez une touche de douceur et de charme \u00e0 votre quotidien avec ce tote bag unique illustr\u00e9 d\u2019un adorable petit chat. Ce sac en coton \u00e9pais est id\u00e9al pour transporter vos essentiels.\" \/>\n<meta property=\"og:url\" content=\"https:\/\/ohmondessin.com\/index.php\/product\/tote-bag-en-coton-bio-le-chat-et-ses-pivoines\/\" \/>\n<meta property=\"og:site_name\" content=\"ohmondessin.com\" \/>\n<meta property=\"article:publisher\" content=\"https:\/\/www.facebook.com\/Ohmondessin\" \/>\n<meta property=\"article:modified_time\" content=\"2026-01-15T00:01:52+00:00\" \/>\n<meta property=\"og:image\" content=\"http:\/\/ohmondessin.com\/wp-content\/uploads\/2023\/01\/Tote-Bag-Le-Chat-et-ses-pivoines.jpg\" \/>\n\t<meta property=\"og:image:width\" content=\"1000\" \/>\n\t<meta property=\"og:image:height\" content=\"1000\" \/>\n\t<meta property=\"og:image:type\" content=\"image\/jpeg\" \/>\n<meta name=\"twitter:card\" content=\"summary_large_image\" \/>\n<meta name=\"twitter:label1\" content=\"Dur\u00e9e de lecture estim\u00e9e\" \/>\n\t<meta name=\"twitter:data1\" content=\"1 minute\" \/>\n<script type=\"application\/ld+json\" class=\"yoast-schema-graph\">{\"@context\":\"https:\/\/schema.org\",\"@graph\":[{\"@type\":\"WebPage\",\"@id\":\"https:\/\/ohmondessin.com\/index.php\/product\/tote-bag-en-coton-bio-le-chat-et-ses-pivoines\/\",\"url\":\"https:\/\/ohmondessin.com\/index.php\/product\/tote-bag-en-coton-bio-le-chat-et-ses-pivoines\/\",\"name\":\"Tote-Bag en Coton Epais \\\"Le Chat et ses pivoines\\\" - ohmondessin.com\",\"isPartOf\":{\"@id\":\"https:\/\/ohmondessin.com\/#website\"},\"primaryImageOfPage\":{\"@id\":\"https:\/\/ohmondessin.com\/index.php\/product\/tote-bag-en-coton-bio-le-chat-et-ses-pivoines\/#primaryimage\"},\"image\":{\"@id\":\"https:\/\/ohmondessin.com\/index.php\/product\/tote-bag-en-coton-bio-le-chat-et-ses-pivoines\/#primaryimage\"},\"thumbnailUrl\":\"https:\/\/ohmondessin.com\/wp-content\/uploads\/2023\/01\/Tote-Bag-Le-Chat-et-ses-pivoines.jpg\",\"datePublished\":\"2024-01-25T09:29:32+00:00\",\"dateModified\":\"2026-01-15T00:01:52+00:00\",\"breadcrumb\":{\"@id\":\"https:\/\/ohmondessin.com\/index.php\/product\/tote-bag-en-coton-bio-le-chat-et-ses-pivoines\/#breadcrumb\"},\"inLanguage\":\"fr-FR\",\"potentialAction\":[{\"@type\":\"ReadAction\",\"target\":[\"https:\/\/ohmondessin.com\/index.php\/product\/tote-bag-en-coton-bio-le-chat-et-ses-pivoines\/\"]}]},{\"@type\":\"ImageObject\",\"inLanguage\":\"fr-FR\",\"@id\":\"https:\/\/ohmondessin.com\/index.php\/product\/tote-bag-en-coton-bio-le-chat-et-ses-pivoines\/#primaryimage\",\"url\":\"https:\/\/ohmondessin.com\/wp-content\/uploads\/2023\/01\/Tote-Bag-Le-Chat-et-ses-pivoines.jpg\",\"contentUrl\":\"https:\/\/ohmondessin.com\/wp-content\/uploads\/2023\/01\/Tote-Bag-Le-Chat-et-ses-pivoines.jpg\",\"width\":1000,\"height\":1000,\"caption\":\"Tote-Bag-Le Chat et ses pivoines\"},{\"@type\":\"BreadcrumbList\",\"@id\":\"https:\/\/ohmondessin.com\/index.php\/product\/tote-bag-en-coton-bio-le-chat-et-ses-pivoines\/#breadcrumb\",\"itemListElement\":[{\"@type\":\"ListItem\",\"position\":1,\"name\":\"Accueil\",\"item\":\"https:\/\/ohmondessin.com\/\"},{\"@type\":\"ListItem\",\"position\":2,\"name\":\"La boutique\",\"item\":\"https:\/\/ohmondessin.com\/index.php\/la-boutique\/\"},{\"@type\":\"ListItem\",\"position\":3,\"name\":\"Tote-Bag en Coton Epais \u00ab\u00a0Le Chat et ses pivoines\u00a0\u00bb\"}]},{\"@type\":\"WebSite\",\"@id\":\"https:\/\/ohmondessin.com\/#website\",\"url\":\"https:\/\/ohmondessin.com\/\",\"name\":\"ohmondessin.com\",\"description\":\"De l\u2019illustration et du fait-main\",\"publisher\":{\"@id\":\"https:\/\/ohmondessin.com\/#organization\"},\"potentialAction\":[{\"@type\":\"SearchAction\",\"target\":{\"@type\":\"EntryPoint\",\"urlTemplate\":\"https:\/\/ohmondessin.com\/?s={search_term_string}\"},\"query-input\":{\"@type\":\"PropertyValueSpecification\",\"valueRequired\":true,\"valueName\":\"search_term_string\"}}],\"inLanguage\":\"fr-FR\"},{\"@type\":\"Organization\",\"@id\":\"https:\/\/ohmondessin.com\/#organization\",\"name\":\"ohmondessin.com\",\"url\":\"https:\/\/ohmondessin.com\/\",\"logo\":{\"@type\":\"ImageObject\",\"inLanguage\":\"fr-FR\",\"@id\":\"https:\/\/ohmondessin.com\/#\/schema\/logo\/image\/\",\"url\":\"https:\/\/ohmondessin.com\/wp-content\/uploads\/2023\/01\/logo_OHMD-dark.png\",\"contentUrl\":\"https:\/\/ohmondessin.com\/wp-content\/uploads\/2023\/01\/logo_OHMD-dark.png\",\"width\":500,\"height\":500,\"caption\":\"ohmondessin.com\"},\"image\":{\"@id\":\"https:\/\/ohmondessin.com\/#\/schema\/logo\/image\/\"},\"sameAs\":[\"https:\/\/www.facebook.com\/Ohmondessin\",\"https:\/\/www.instagram.com\/ohmondessin\/\"]}]}<\/script>\n<!-- \/ Yoast SEO plugin. -->","yoast_head_json":{"title":"Tote-Bag en Coton Epais \"Le Chat et ses pivoines\" - ohmondessin.com","robots":{"index":"index","follow":"follow","max-snippet":"max-snippet:-1","max-image-preview":"max-image-preview:large","max-video-preview":"max-video-preview:-1"},"canonical":"https:\/\/ohmondessin.com\/index.php\/product\/tote-bag-en-coton-bio-le-chat-et-ses-pivoines\/","og_locale":"fr_FR","og_type":"article","og_title":"Tote-Bag en Coton Epais \"Le Chat et ses pivoines\" - ohmondessin.com","og_description":"Ajoutez une touche de douceur et de charme \u00e0 votre quotidien avec ce tote bag unique illustr\u00e9 d\u2019un adorable petit chat. Ce sac en coton \u00e9pais est id\u00e9al pour transporter vos essentiels.","og_url":"https:\/\/ohmondessin.com\/index.php\/product\/tote-bag-en-coton-bio-le-chat-et-ses-pivoines\/","og_site_name":"ohmondessin.com","article_publisher":"https:\/\/www.facebook.com\/Ohmondessin","article_modified_time":"2026-01-15T00:01:52+00:00","og_image":[{"width":1000,"height":1000,"url":"http:\/\/ohmondessin.com\/wp-content\/uploads\/2023\/01\/Tote-Bag-Le-Chat-et-ses-pivoines.jpg","type":"image\/jpeg"}],"twitter_card":"summary_large_image","twitter_misc":{"Dur\u00e9e de lecture estim\u00e9e":"1 minute"},"schema":{"@context":"https:\/\/schema.org","@graph":[{"@type":"WebPage","@id":"https:\/\/ohmondessin.com\/index.php\/product\/tote-bag-en-coton-bio-le-chat-et-ses-pivoines\/","url":"https:\/\/ohmondessin.com\/index.php\/product\/tote-bag-en-coton-bio-le-chat-et-ses-pivoines\/","name":"Tote-Bag en Coton Epais \"Le Chat et ses pivoines\" - ohmondessin.com","isPartOf":{"@id":"https:\/\/ohmondessin.com\/#website"},"primaryImageOfPage":{"@id":"https:\/\/ohmondessin.com\/index.php\/product\/tote-bag-en-coton-bio-le-chat-et-ses-pivoines\/#primaryimage"},"image":{"@id":"https:\/\/ohmondessin.com\/index.php\/product\/tote-bag-en-coton-bio-le-chat-et-ses-pivoines\/#primaryimage"},"thumbnailUrl":"https:\/\/ohmondessin.com\/wp-content\/uploads\/2023\/01\/Tote-Bag-Le-Chat-et-ses-pivoines.jpg","datePublished":"2024-01-25T09:29:32+00:00","dateModified":"2026-01-15T00:01:52+00:00","breadcrumb":{"@id":"https:\/\/ohmondessin.com\/index.php\/product\/tote-bag-en-coton-bio-le-chat-et-ses-pivoines\/#breadcrumb"},"inLanguage":"fr-FR","potentialAction":[{"@type":"ReadAction","target":["https:\/\/ohmondessin.com\/index.php\/product\/tote-bag-en-coton-bio-le-chat-et-ses-pivoines\/"]}]},{"@type":"ImageObject","inLanguage":"fr-FR","@id":"https:\/\/ohmondessin.com\/index.php\/product\/tote-bag-en-coton-bio-le-chat-et-ses-pivoines\/#primaryimage","url":"https:\/\/ohmondessin.com\/wp-content\/uploads\/2023\/01\/Tote-Bag-Le-Chat-et-ses-pivoines.jpg","contentUrl":"https:\/\/ohmondessin.com\/wp-content\/uploads\/2023\/01\/Tote-Bag-Le-Chat-et-ses-pivoines.jpg","width":1000,"height":1000,"caption":"Tote-Bag-Le Chat et ses pivoines"},{"@type":"BreadcrumbList","@id":"https:\/\/ohmondessin.com\/index.php\/product\/tote-bag-en-coton-bio-le-chat-et-ses-pivoines\/#breadcrumb","itemListElement":[{"@type":"ListItem","position":1,"name":"Accueil","item":"https:\/\/ohmondessin.com\/"},{"@type":"ListItem","position":2,"name":"La boutique","item":"https:\/\/ohmondessin.com\/index.php\/la-boutique\/"},{"@type":"ListItem","position":3,"name":"Tote-Bag en Coton Epais \u00ab\u00a0Le Chat et ses pivoines\u00a0\u00bb"}]},{"@type":"WebSite","@id":"https:\/\/ohmondessin.com\/#website","url":"https:\/\/ohmondessin.com\/","name":"ohmondessin.com","description":"De l\u2019illustration et du fait-main","publisher":{"@id":"https:\/\/ohmondessin.com\/#organization"},"potentialAction":[{"@type":"SearchAction","target":{"@type":"EntryPoint","urlTemplate":"https:\/\/ohmondessin.com\/?s={search_term_string}"},"query-input":{"@type":"PropertyValueSpecification","valueRequired":true,"valueName":"search_term_string"}}],"inLanguage":"fr-FR"},{"@type":"Organization","@id":"https:\/\/ohmondessin.com\/#organization","name":"ohmondessin.com","url":"https:\/\/ohmondessin.com\/","logo":{"@type":"ImageObject","inLanguage":"fr-FR","@id":"https:\/\/ohmondessin.com\/#\/schema\/logo\/image\/","url":"https:\/\/ohmondessin.com\/wp-content\/uploads\/2023\/01\/logo_OHMD-dark.png","contentUrl":"https:\/\/ohmondessin.com\/wp-content\/uploads\/2023\/01\/logo_OHMD-dark.png","width":500,"height":500,"caption":"ohmondessin.com"},"image":{"@id":"https:\/\/ohmondessin.com\/#\/schema\/logo\/image\/"},"sameAs":["https:\/\/www.facebook.com\/Ohmondessin","https:\/\/www.instagram.com\/ohmondessin\/"]}]}},"jetpack_sharing_enabled":true,"_links":{"self":[{"href":"https:\/\/ohmondessin.com\/index.php\/wp-json\/wp\/v2\/product\/4577","targetHints":{"allow":["GET"]}}],"collection":[{"href":"https:\/\/ohmondessin.com\/index.php\/wp-json\/wp\/v2\/product"}],"about":[{"href":"https:\/\/ohmondessin.com\/index.php\/wp-json\/wp\/v2\/types\/product"}],"replies":[{"embeddable":true,"href":"https:\/\/ohmondessin.com\/index.php\/wp-json\/wp\/v2\/comments?post=4577"}],"wp:featuredmedia":[{"embeddable":true,"href":"https:\/\/ohmondessin.com\/index.php\/wp-json\/wp\/v2\/media\/4578"}],"wp:attachment":[{"href":"https:\/\/ohmondessin.com\/index.php\/wp-json\/wp\/v2\/media?parent=4577"}],"wp:term":[{"taxonomy":"product_brand","embeddable":true,"href":"https:\/\/ohmondessin.com\/index.php\/wp-json\/wp\/v2\/product_brand?post=4577"},{"taxonomy":"product_cat","embeddable":true,"href":"https:\/\/ohmondessin.com\/index.php\/wp-json\/wp\/v2\/product_cat?post=4577"},{"taxonomy":"product_tag","embeddable":true,"href":"https:\/\/ohmondessin.com\/index.php\/wp-json\/wp\/v2\/product_tag?post=4577"}],"curies":[{"name":"wp","href":"https:\/\/api.w.org\/{rel}","templated":true}]}}