{"id":4593,"date":"2023-01-26T15:31:19","date_gmt":"2023-01-26T15:31:19","guid":{"rendered":"https:\/\/ohmondessin.com\/?post_type=product&#038;p=4593"},"modified":"2026-01-15T00:03:30","modified_gmt":"2026-01-15T00:03:30","slug":"affiche-et-carte-postale-parisienne-vin-rouge-et-tour-eiffel","status":"publish","type":"product","link":"https:\/\/ohmondessin.com\/index.php\/product\/affiche-et-carte-postale-parisienne-vin-rouge-et-tour-eiffel\/","title":{"rendered":"Affiche \u00ab\u00a0Parisienne Vin Rouge et Tour Eiffel\u00a0\u00bb"},"content":{"rendered":"<p>Cette illustration est r\u00e9alis\u00e9e, imprim\u00e9e et emball\u00e9e dans mon atelier \u00e0 Maisons-Laffitte (78)<\/p>\n<p><em>\ud83d\ude9a Livraison gratuite \u00e0 partir de 80\u20ac d\u2019achats<\/em><\/p>\n","protected":false},"excerpt":{"rendered":"<p>Illustration imprim\u00e9e avec des encres riches et vibrantes sur un papier mate premium de 210 g\/m\u00b2.<\/p>\n<p>Sur chaque affiche au format A3 (29,7x42cm), vous retrouverez l\u2019empreinte en relief de notre logo Oh ! Mon Dessin gr\u00e2ce \u00e0 l\u2019utilisation d\u2019une pince \u00e0 gaufrer. Cette signature marque avec \u00e9l\u00e9gance le papier et certifie l\u2019affiche.<\/p>\n<p>Cette illustration est r\u00e9alis\u00e9e, imprim\u00e9e et emball\u00e9e dans mon atelier \u00e0 Maisons-Laffitte (78).<\/p>\n","protected":false},"featured_media":4601,"comment_status":"open","ping_status":"closed","template":"","meta":[],"product_brand":[],"product_cat":[745,752,746],"product_tag":[105,112,138,567,368,369,370,139,356,354,355,106,371],"class_list":{"0":"post-4593","1":"product","2":"type-product","3":"status-publish","4":"has-post-thumbnail","6":"product_cat-affiches","7":"product_cat-affiches-villes-affiches","8":"product_cat-toutes-les-affiches","9":"product_tag-affiche","10":"product_tag-affiche-france","11":"product_tag-affiche-paris","12":"product_tag-affiche-parisienne","13":"product_tag-affiche-vin-rouge","14":"product_tag-carte-postale-paris","15":"product_tag-carte-postale-parisienne","16":"product_tag-fait-main","17":"product_tag-illustration-tour-eiffel","18":"product_tag-paris","19":"product_tag-parisienne","20":"product_tag-poster","21":"product_tag-tour-eiffel","22":"product_shipping_class-lettre-suivie","24":"first","25":"instock","26":"taxable","27":"shipping-taxable","28":"purchasable","29":"product-type-variable"},"yoast_head":"<!-- This site is optimized with the Yoast SEO plugin v24.6 - https:\/\/yoast.com\/wordpress\/plugins\/seo\/ -->\n<title>Affiche &quot;Parisienne Vin Rouge et Tour Eiffel&quot; - ohmondessin.com<\/title>\n<meta name=\"robots\" content=\"index, follow, max-snippet:-1, max-image-preview:large, max-video-preview:-1\" \/>\n<link rel=\"canonical\" href=\"https:\/\/ohmondessin.com\/index.php\/product\/affiche-et-carte-postale-parisienne-vin-rouge-et-tour-eiffel\/\" \/>\n<meta property=\"og:locale\" content=\"fr_FR\" \/>\n<meta property=\"og:type\" content=\"article\" \/>\n<meta property=\"og:title\" content=\"Affiche &quot;Parisienne Vin Rouge et Tour Eiffel&quot; - ohmondessin.com\" \/>\n<meta property=\"og:description\" content=\"Illustration imprim\u00e9e avec des encres riches et vibrantes sur un papier mate premium de 210 g\/m\u00b2.  Sur chaque affiche au format A3 (29,7x42cm), vous retrouverez l\u2019empreinte en relief de notre logo Oh ! Mon Dessin gr\u00e2ce \u00e0 l\u2019utilisation d\u2019une pince \u00e0 gaufrer. Cette signature marque avec \u00e9l\u00e9gance le papier et certifie l\u2019affiche.  Cette illustration est r\u00e9alis\u00e9e, imprim\u00e9e et emball\u00e9e dans mon atelier \u00e0 Maisons-Laffitte (78).\" \/>\n<meta property=\"og:url\" content=\"https:\/\/ohmondessin.com\/index.php\/product\/affiche-et-carte-postale-parisienne-vin-rouge-et-tour-eiffel\/\" \/>\n<meta property=\"og:site_name\" content=\"ohmondessin.com\" \/>\n<meta property=\"article:publisher\" content=\"https:\/\/www.facebook.com\/Ohmondessin\" \/>\n<meta property=\"article:modified_time\" content=\"2026-01-15T00:03:30+00:00\" \/>\n<meta property=\"og:image\" content=\"http:\/\/ohmondessin.com\/wp-content\/uploads\/2023\/01\/Affiche-Parisienne-Vin-Rouge-et-Tour-Eiffel.jpg\" \/>\n\t<meta property=\"og:image:width\" content=\"1000\" \/>\n\t<meta property=\"og:image:height\" content=\"1000\" \/>\n\t<meta property=\"og:image:type\" content=\"image\/jpeg\" \/>\n<meta name=\"twitter:card\" content=\"summary_large_image\" \/>\n<script type=\"application\/ld+json\" class=\"yoast-schema-graph\">{\"@context\":\"https:\/\/schema.org\",\"@graph\":[{\"@type\":\"WebPage\",\"@id\":\"https:\/\/ohmondessin.com\/index.php\/product\/affiche-et-carte-postale-parisienne-vin-rouge-et-tour-eiffel\/\",\"url\":\"https:\/\/ohmondessin.com\/index.php\/product\/affiche-et-carte-postale-parisienne-vin-rouge-et-tour-eiffel\/\",\"name\":\"Affiche \\\"Parisienne Vin Rouge et Tour Eiffel\\\" - ohmondessin.com\",\"isPartOf\":{\"@id\":\"https:\/\/ohmondessin.com\/#website\"},\"primaryImageOfPage\":{\"@id\":\"https:\/\/ohmondessin.com\/index.php\/product\/affiche-et-carte-postale-parisienne-vin-rouge-et-tour-eiffel\/#primaryimage\"},\"image\":{\"@id\":\"https:\/\/ohmondessin.com\/index.php\/product\/affiche-et-carte-postale-parisienne-vin-rouge-et-tour-eiffel\/#primaryimage\"},\"thumbnailUrl\":\"https:\/\/ohmondessin.com\/wp-content\/uploads\/2023\/01\/Affiche-Parisienne-Vin-Rouge-et-Tour-Eiffel.jpg\",\"datePublished\":\"2023-01-26T15:31:19+00:00\",\"dateModified\":\"2026-01-15T00:03:30+00:00\",\"breadcrumb\":{\"@id\":\"https:\/\/ohmondessin.com\/index.php\/product\/affiche-et-carte-postale-parisienne-vin-rouge-et-tour-eiffel\/#breadcrumb\"},\"inLanguage\":\"fr-FR\",\"potentialAction\":[{\"@type\":\"ReadAction\",\"target\":[\"https:\/\/ohmondessin.com\/index.php\/product\/affiche-et-carte-postale-parisienne-vin-rouge-et-tour-eiffel\/\"]}]},{\"@type\":\"ImageObject\",\"inLanguage\":\"fr-FR\",\"@id\":\"https:\/\/ohmondessin.com\/index.php\/product\/affiche-et-carte-postale-parisienne-vin-rouge-et-tour-eiffel\/#primaryimage\",\"url\":\"https:\/\/ohmondessin.com\/wp-content\/uploads\/2023\/01\/Affiche-Parisienne-Vin-Rouge-et-Tour-Eiffel.jpg\",\"contentUrl\":\"https:\/\/ohmondessin.com\/wp-content\/uploads\/2023\/01\/Affiche-Parisienne-Vin-Rouge-et-Tour-Eiffel.jpg\",\"width\":1000,\"height\":1000,\"caption\":\"Affiche-Parisienne-Vin-Rouge-et-Tour-Eiffel\"},{\"@type\":\"BreadcrumbList\",\"@id\":\"https:\/\/ohmondessin.com\/index.php\/product\/affiche-et-carte-postale-parisienne-vin-rouge-et-tour-eiffel\/#breadcrumb\",\"itemListElement\":[{\"@type\":\"ListItem\",\"position\":1,\"name\":\"Accueil\",\"item\":\"https:\/\/ohmondessin.com\/\"},{\"@type\":\"ListItem\",\"position\":2,\"name\":\"La boutique\",\"item\":\"https:\/\/ohmondessin.com\/index.php\/la-boutique\/\"},{\"@type\":\"ListItem\",\"position\":3,\"name\":\"Affiche &#8220;Parisienne Vin Rouge et Tour Eiffel&#8221;\"}]},{\"@type\":\"WebSite\",\"@id\":\"https:\/\/ohmondessin.com\/#website\",\"url\":\"https:\/\/ohmondessin.com\/\",\"name\":\"ohmondessin.com\",\"description\":\"De l\u2019illustration et du fait-main\",\"publisher\":{\"@id\":\"https:\/\/ohmondessin.com\/#organization\"},\"potentialAction\":[{\"@type\":\"SearchAction\",\"target\":{\"@type\":\"EntryPoint\",\"urlTemplate\":\"https:\/\/ohmondessin.com\/?s={search_term_string}\"},\"query-input\":{\"@type\":\"PropertyValueSpecification\",\"valueRequired\":true,\"valueName\":\"search_term_string\"}}],\"inLanguage\":\"fr-FR\"},{\"@type\":\"Organization\",\"@id\":\"https:\/\/ohmondessin.com\/#organization\",\"name\":\"ohmondessin.com\",\"url\":\"https:\/\/ohmondessin.com\/\",\"logo\":{\"@type\":\"ImageObject\",\"inLanguage\":\"fr-FR\",\"@id\":\"https:\/\/ohmondessin.com\/#\/schema\/logo\/image\/\",\"url\":\"https:\/\/ohmondessin.com\/wp-content\/uploads\/2023\/01\/logo_OHMD-dark.png\",\"contentUrl\":\"https:\/\/ohmondessin.com\/wp-content\/uploads\/2023\/01\/logo_OHMD-dark.png\",\"width\":500,\"height\":500,\"caption\":\"ohmondessin.com\"},\"image\":{\"@id\":\"https:\/\/ohmondessin.com\/#\/schema\/logo\/image\/\"},\"sameAs\":[\"https:\/\/www.facebook.com\/Ohmondessin\",\"https:\/\/www.instagram.com\/ohmondessin\/\"]}]}<\/script>\n<!-- \/ Yoast SEO plugin. -->","yoast_head_json":{"title":"Affiche \"Parisienne Vin Rouge et Tour Eiffel\" - ohmondessin.com","robots":{"index":"index","follow":"follow","max-snippet":"max-snippet:-1","max-image-preview":"max-image-preview:large","max-video-preview":"max-video-preview:-1"},"canonical":"https:\/\/ohmondessin.com\/index.php\/product\/affiche-et-carte-postale-parisienne-vin-rouge-et-tour-eiffel\/","og_locale":"fr_FR","og_type":"article","og_title":"Affiche \"Parisienne Vin Rouge et Tour Eiffel\" - ohmondessin.com","og_description":"Illustration imprim\u00e9e avec des encres riches et vibrantes sur un papier mate premium de 210 g\/m\u00b2.  Sur chaque affiche au format A3 (29,7x42cm), vous retrouverez l\u2019empreinte en relief de notre logo Oh ! Mon Dessin gr\u00e2ce \u00e0 l\u2019utilisation d\u2019une pince \u00e0 gaufrer. Cette signature marque avec \u00e9l\u00e9gance le papier et certifie l\u2019affiche.  Cette illustration est r\u00e9alis\u00e9e, imprim\u00e9e et emball\u00e9e dans mon atelier \u00e0 Maisons-Laffitte (78).","og_url":"https:\/\/ohmondessin.com\/index.php\/product\/affiche-et-carte-postale-parisienne-vin-rouge-et-tour-eiffel\/","og_site_name":"ohmondessin.com","article_publisher":"https:\/\/www.facebook.com\/Ohmondessin","article_modified_time":"2026-01-15T00:03:30+00:00","og_image":[{"width":1000,"height":1000,"url":"http:\/\/ohmondessin.com\/wp-content\/uploads\/2023\/01\/Affiche-Parisienne-Vin-Rouge-et-Tour-Eiffel.jpg","type":"image\/jpeg"}],"twitter_card":"summary_large_image","schema":{"@context":"https:\/\/schema.org","@graph":[{"@type":"WebPage","@id":"https:\/\/ohmondessin.com\/index.php\/product\/affiche-et-carte-postale-parisienne-vin-rouge-et-tour-eiffel\/","url":"https:\/\/ohmondessin.com\/index.php\/product\/affiche-et-carte-postale-parisienne-vin-rouge-et-tour-eiffel\/","name":"Affiche \"Parisienne Vin Rouge et Tour Eiffel\" - ohmondessin.com","isPartOf":{"@id":"https:\/\/ohmondessin.com\/#website"},"primaryImageOfPage":{"@id":"https:\/\/ohmondessin.com\/index.php\/product\/affiche-et-carte-postale-parisienne-vin-rouge-et-tour-eiffel\/#primaryimage"},"image":{"@id":"https:\/\/ohmondessin.com\/index.php\/product\/affiche-et-carte-postale-parisienne-vin-rouge-et-tour-eiffel\/#primaryimage"},"thumbnailUrl":"https:\/\/ohmondessin.com\/wp-content\/uploads\/2023\/01\/Affiche-Parisienne-Vin-Rouge-et-Tour-Eiffel.jpg","datePublished":"2023-01-26T15:31:19+00:00","dateModified":"2026-01-15T00:03:30+00:00","breadcrumb":{"@id":"https:\/\/ohmondessin.com\/index.php\/product\/affiche-et-carte-postale-parisienne-vin-rouge-et-tour-eiffel\/#breadcrumb"},"inLanguage":"fr-FR","potentialAction":[{"@type":"ReadAction","target":["https:\/\/ohmondessin.com\/index.php\/product\/affiche-et-carte-postale-parisienne-vin-rouge-et-tour-eiffel\/"]}]},{"@type":"ImageObject","inLanguage":"fr-FR","@id":"https:\/\/ohmondessin.com\/index.php\/product\/affiche-et-carte-postale-parisienne-vin-rouge-et-tour-eiffel\/#primaryimage","url":"https:\/\/ohmondessin.com\/wp-content\/uploads\/2023\/01\/Affiche-Parisienne-Vin-Rouge-et-Tour-Eiffel.jpg","contentUrl":"https:\/\/ohmondessin.com\/wp-content\/uploads\/2023\/01\/Affiche-Parisienne-Vin-Rouge-et-Tour-Eiffel.jpg","width":1000,"height":1000,"caption":"Affiche-Parisienne-Vin-Rouge-et-Tour-Eiffel"},{"@type":"BreadcrumbList","@id":"https:\/\/ohmondessin.com\/index.php\/product\/affiche-et-carte-postale-parisienne-vin-rouge-et-tour-eiffel\/#breadcrumb","itemListElement":[{"@type":"ListItem","position":1,"name":"Accueil","item":"https:\/\/ohmondessin.com\/"},{"@type":"ListItem","position":2,"name":"La boutique","item":"https:\/\/ohmondessin.com\/index.php\/la-boutique\/"},{"@type":"ListItem","position":3,"name":"Affiche &#8220;Parisienne Vin Rouge et Tour Eiffel&#8221;"}]},{"@type":"WebSite","@id":"https:\/\/ohmondessin.com\/#website","url":"https:\/\/ohmondessin.com\/","name":"ohmondessin.com","description":"De l\u2019illustration et du fait-main","publisher":{"@id":"https:\/\/ohmondessin.com\/#organization"},"potentialAction":[{"@type":"SearchAction","target":{"@type":"EntryPoint","urlTemplate":"https:\/\/ohmondessin.com\/?s={search_term_string}"},"query-input":{"@type":"PropertyValueSpecification","valueRequired":true,"valueName":"search_term_string"}}],"inLanguage":"fr-FR"},{"@type":"Organization","@id":"https:\/\/ohmondessin.com\/#organization","name":"ohmondessin.com","url":"https:\/\/ohmondessin.com\/","logo":{"@type":"ImageObject","inLanguage":"fr-FR","@id":"https:\/\/ohmondessin.com\/#\/schema\/logo\/image\/","url":"https:\/\/ohmondessin.com\/wp-content\/uploads\/2023\/01\/logo_OHMD-dark.png","contentUrl":"https:\/\/ohmondessin.com\/wp-content\/uploads\/2023\/01\/logo_OHMD-dark.png","width":500,"height":500,"caption":"ohmondessin.com"},"image":{"@id":"https:\/\/ohmondessin.com\/#\/schema\/logo\/image\/"},"sameAs":["https:\/\/www.facebook.com\/Ohmondessin","https:\/\/www.instagram.com\/ohmondessin\/"]}]}},"jetpack_sharing_enabled":true,"_links":{"self":[{"href":"https:\/\/ohmondessin.com\/index.php\/wp-json\/wp\/v2\/product\/4593","targetHints":{"allow":["GET"]}}],"collection":[{"href":"https:\/\/ohmondessin.com\/index.php\/wp-json\/wp\/v2\/product"}],"about":[{"href":"https:\/\/ohmondessin.com\/index.php\/wp-json\/wp\/v2\/types\/product"}],"replies":[{"embeddable":true,"href":"https:\/\/ohmondessin.com\/index.php\/wp-json\/wp\/v2\/comments?post=4593"}],"wp:featuredmedia":[{"embeddable":true,"href":"https:\/\/ohmondessin.com\/index.php\/wp-json\/wp\/v2\/media\/4601"}],"wp:attachment":[{"href":"https:\/\/ohmondessin.com\/index.php\/wp-json\/wp\/v2\/media?parent=4593"}],"wp:term":[{"taxonomy":"product_brand","embeddable":true,"href":"https:\/\/ohmondessin.com\/index.php\/wp-json\/wp\/v2\/product_brand?post=4593"},{"taxonomy":"product_cat","embeddable":true,"href":"https:\/\/ohmondessin.com\/index.php\/wp-json\/wp\/v2\/product_cat?post=4593"},{"taxonomy":"product_tag","embeddable":true,"href":"https:\/\/ohmondessin.com\/index.php\/wp-json\/wp\/v2\/product_tag?post=4593"}],"curies":[{"name":"wp","href":"https:\/\/api.w.org\/{rel}","templated":true}]}}