{"id":4713,"date":"2023-01-28T12:13:39","date_gmt":"2023-01-28T12:13:39","guid":{"rendered":"https:\/\/ohmondessin.com\/?post_type=product&#038;p=4713"},"modified":"2026-01-15T00:03:31","modified_gmt":"2026-01-15T00:03:31","slug":"affiche-et-carte-postale-ile-de-re-lane-en-culotte","status":"publish","type":"product","link":"https:\/\/ohmondessin.com\/index.php\/product\/affiche-et-carte-postale-ile-de-re-lane-en-culotte\/","title":{"rendered":"Affiche \u00ab\u00a0Ile de R\u00e9 &#8211; L&rsquo;\u00e2ne en culotte\u00a0\u00bb"},"content":{"rendered":"<p>Cette illustration est r\u00e9alis\u00e9e, imprim\u00e9e et emball\u00e9e dans mon atelier \u00e0 Maisons-Laffitte (78)<\/p>\n<p><em>\ud83d\ude9a Livraison gratuite \u00e0 partir de 80\u20ac d\u2019achats<\/em><\/p>\n","protected":false},"excerpt":{"rendered":"<p>Illustration imprim\u00e9e avec des encres riches et vibrantes sur un papier mate premium de 210 g\/m\u00b2.<\/p>\n<p>Sur chaque affiche au format A3 (29,7x42cm), vous retrouverez l\u2019empreinte en relief de notre logo Oh ! Mon Dessin gr\u00e2ce \u00e0 l\u2019utilisation d\u2019une pince \u00e0 gaufrer. Cette signature marque avec \u00e9l\u00e9gance le papier et certifie l\u2019affiche.<\/p>\n<p>Cette illustration est r\u00e9alis\u00e9e, imprim\u00e9e et emball\u00e9e dans mon atelier \u00e0 Maisons-Laffitte (78).<\/p>\n<p>&nbsp;<\/p>\n","protected":false},"featured_media":4719,"comment_status":"open","ping_status":"closed","template":"","meta":[],"product_brand":[],"product_cat":[745,752,746],"product_tag":[105,112,231,442,443,444,234,139,235,241,106,433],"class_list":{"0":"post-4713","1":"product","2":"type-product","3":"status-publish","4":"has-post-thumbnail","6":"product_cat-affiches","7":"product_cat-affiches-villes-affiches","8":"product_cat-toutes-les-affiches","9":"product_tag-affiche","10":"product_tag-affiche-france","11":"product_tag-affiche-ile-de-re","12":"product_tag-ane-en-culotte","13":"product_tag-ane-en-culotte-affiche","14":"product_tag-ane-en-culotte-illustration","15":"product_tag-ane-ile-de-re","16":"product_tag-fait-main","17":"product_tag-ile-de-re","18":"product_tag-illustration-ile-de-re","19":"product_tag-poster","20":"product_tag-poster-ile-de-re","21":"product_shipping_class-lettre-suivie","23":"first","24":"instock","25":"taxable","26":"shipping-taxable","27":"purchasable","28":"product-type-variable"},"yoast_head":"<!-- This site is optimized with the Yoast SEO plugin v24.6 - https:\/\/yoast.com\/wordpress\/plugins\/seo\/ -->\n<title>Affiche &quot;Ile de R\u00e9 - L&#039;\u00e2ne en culotte&quot; - ohmondessin.com<\/title>\n<meta name=\"robots\" content=\"index, follow, max-snippet:-1, max-image-preview:large, max-video-preview:-1\" \/>\n<link rel=\"canonical\" href=\"https:\/\/ohmondessin.com\/index.php\/product\/affiche-et-carte-postale-ile-de-re-lane-en-culotte\/\" \/>\n<meta property=\"og:locale\" content=\"fr_FR\" \/>\n<meta property=\"og:type\" content=\"article\" \/>\n<meta property=\"og:title\" content=\"Affiche &quot;Ile de R\u00e9 - L&#039;\u00e2ne en culotte&quot; - ohmondessin.com\" \/>\n<meta property=\"og:description\" content=\"Illustration imprim\u00e9e avec des encres riches et vibrantes sur un papier mate premium de 210 g\/m\u00b2.  Sur chaque affiche au format A3 (29,7x42cm), vous retrouverez l\u2019empreinte en relief de notre logo Oh ! Mon Dessin gr\u00e2ce \u00e0 l\u2019utilisation d\u2019une pince \u00e0 gaufrer. Cette signature marque avec \u00e9l\u00e9gance le papier et certifie l\u2019affiche.  Cette illustration est r\u00e9alis\u00e9e, imprim\u00e9e et emball\u00e9e dans mon atelier \u00e0 Maisons-Laffitte (78).  &nbsp;\" \/>\n<meta property=\"og:url\" content=\"https:\/\/ohmondessin.com\/index.php\/product\/affiche-et-carte-postale-ile-de-re-lane-en-culotte\/\" \/>\n<meta property=\"og:site_name\" content=\"ohmondessin.com\" \/>\n<meta property=\"article:publisher\" content=\"https:\/\/www.facebook.com\/Ohmondessin\" \/>\n<meta property=\"article:modified_time\" content=\"2026-01-15T00:03:31+00:00\" \/>\n<meta property=\"og:image\" content=\"http:\/\/ohmondessin.com\/wp-content\/uploads\/2023\/01\/Affiche-ile-de-re-ane-en-culotte.jpg\" \/>\n\t<meta property=\"og:image:width\" content=\"1000\" \/>\n\t<meta property=\"og:image:height\" content=\"1000\" \/>\n\t<meta property=\"og:image:type\" content=\"image\/jpeg\" \/>\n<meta name=\"twitter:card\" content=\"summary_large_image\" \/>\n<meta name=\"twitter:label1\" content=\"Dur\u00e9e de lecture estim\u00e9e\" \/>\n\t<meta name=\"twitter:data1\" content=\"1 minute\" \/>\n<script type=\"application\/ld+json\" class=\"yoast-schema-graph\">{\"@context\":\"https:\/\/schema.org\",\"@graph\":[{\"@type\":\"WebPage\",\"@id\":\"https:\/\/ohmondessin.com\/index.php\/product\/affiche-et-carte-postale-ile-de-re-lane-en-culotte\/\",\"url\":\"https:\/\/ohmondessin.com\/index.php\/product\/affiche-et-carte-postale-ile-de-re-lane-en-culotte\/\",\"name\":\"Affiche \\\"Ile de R\u00e9 - L'\u00e2ne en culotte\\\" - ohmondessin.com\",\"isPartOf\":{\"@id\":\"https:\/\/ohmondessin.com\/#website\"},\"primaryImageOfPage\":{\"@id\":\"https:\/\/ohmondessin.com\/index.php\/product\/affiche-et-carte-postale-ile-de-re-lane-en-culotte\/#primaryimage\"},\"image\":{\"@id\":\"https:\/\/ohmondessin.com\/index.php\/product\/affiche-et-carte-postale-ile-de-re-lane-en-culotte\/#primaryimage\"},\"thumbnailUrl\":\"https:\/\/ohmondessin.com\/wp-content\/uploads\/2023\/01\/Affiche-ile-de-re-ane-en-culotte.jpg\",\"datePublished\":\"2023-01-28T12:13:39+00:00\",\"dateModified\":\"2026-01-15T00:03:31+00:00\",\"breadcrumb\":{\"@id\":\"https:\/\/ohmondessin.com\/index.php\/product\/affiche-et-carte-postale-ile-de-re-lane-en-culotte\/#breadcrumb\"},\"inLanguage\":\"fr-FR\",\"potentialAction\":[{\"@type\":\"ReadAction\",\"target\":[\"https:\/\/ohmondessin.com\/index.php\/product\/affiche-et-carte-postale-ile-de-re-lane-en-culotte\/\"]}]},{\"@type\":\"ImageObject\",\"inLanguage\":\"fr-FR\",\"@id\":\"https:\/\/ohmondessin.com\/index.php\/product\/affiche-et-carte-postale-ile-de-re-lane-en-culotte\/#primaryimage\",\"url\":\"https:\/\/ohmondessin.com\/wp-content\/uploads\/2023\/01\/Affiche-ile-de-re-ane-en-culotte.jpg\",\"contentUrl\":\"https:\/\/ohmondessin.com\/wp-content\/uploads\/2023\/01\/Affiche-ile-de-re-ane-en-culotte.jpg\",\"width\":1000,\"height\":1000,\"caption\":\"ile-de-re-ane-en-culotte\"},{\"@type\":\"BreadcrumbList\",\"@id\":\"https:\/\/ohmondessin.com\/index.php\/product\/affiche-et-carte-postale-ile-de-re-lane-en-culotte\/#breadcrumb\",\"itemListElement\":[{\"@type\":\"ListItem\",\"position\":1,\"name\":\"Accueil\",\"item\":\"https:\/\/ohmondessin.com\/\"},{\"@type\":\"ListItem\",\"position\":2,\"name\":\"La boutique\",\"item\":\"https:\/\/ohmondessin.com\/index.php\/la-boutique\/\"},{\"@type\":\"ListItem\",\"position\":3,\"name\":\"Affiche \u00ab\u00a0Ile de R\u00e9 &#8211; L&rsquo;\u00e2ne en culotte\u00a0\u00bb\"}]},{\"@type\":\"WebSite\",\"@id\":\"https:\/\/ohmondessin.com\/#website\",\"url\":\"https:\/\/ohmondessin.com\/\",\"name\":\"ohmondessin.com\",\"description\":\"De l\u2019illustration et du fait-main\",\"publisher\":{\"@id\":\"https:\/\/ohmondessin.com\/#organization\"},\"potentialAction\":[{\"@type\":\"SearchAction\",\"target\":{\"@type\":\"EntryPoint\",\"urlTemplate\":\"https:\/\/ohmondessin.com\/?s={search_term_string}\"},\"query-input\":{\"@type\":\"PropertyValueSpecification\",\"valueRequired\":true,\"valueName\":\"search_term_string\"}}],\"inLanguage\":\"fr-FR\"},{\"@type\":\"Organization\",\"@id\":\"https:\/\/ohmondessin.com\/#organization\",\"name\":\"ohmondessin.com\",\"url\":\"https:\/\/ohmondessin.com\/\",\"logo\":{\"@type\":\"ImageObject\",\"inLanguage\":\"fr-FR\",\"@id\":\"https:\/\/ohmondessin.com\/#\/schema\/logo\/image\/\",\"url\":\"https:\/\/ohmondessin.com\/wp-content\/uploads\/2023\/01\/logo_OHMD-dark.png\",\"contentUrl\":\"https:\/\/ohmondessin.com\/wp-content\/uploads\/2023\/01\/logo_OHMD-dark.png\",\"width\":500,\"height\":500,\"caption\":\"ohmondessin.com\"},\"image\":{\"@id\":\"https:\/\/ohmondessin.com\/#\/schema\/logo\/image\/\"},\"sameAs\":[\"https:\/\/www.facebook.com\/Ohmondessin\",\"https:\/\/www.instagram.com\/ohmondessin\/\"]}]}<\/script>\n<!-- \/ Yoast SEO plugin. -->","yoast_head_json":{"title":"Affiche \"Ile de R\u00e9 - L'\u00e2ne en culotte\" - ohmondessin.com","robots":{"index":"index","follow":"follow","max-snippet":"max-snippet:-1","max-image-preview":"max-image-preview:large","max-video-preview":"max-video-preview:-1"},"canonical":"https:\/\/ohmondessin.com\/index.php\/product\/affiche-et-carte-postale-ile-de-re-lane-en-culotte\/","og_locale":"fr_FR","og_type":"article","og_title":"Affiche \"Ile de R\u00e9 - L'\u00e2ne en culotte\" - ohmondessin.com","og_description":"Illustration imprim\u00e9e avec des encres riches et vibrantes sur un papier mate premium de 210 g\/m\u00b2.  Sur chaque affiche au format A3 (29,7x42cm), vous retrouverez l\u2019empreinte en relief de notre logo Oh ! Mon Dessin gr\u00e2ce \u00e0 l\u2019utilisation d\u2019une pince \u00e0 gaufrer. Cette signature marque avec \u00e9l\u00e9gance le papier et certifie l\u2019affiche.  Cette illustration est r\u00e9alis\u00e9e, imprim\u00e9e et emball\u00e9e dans mon atelier \u00e0 Maisons-Laffitte (78).  &nbsp;","og_url":"https:\/\/ohmondessin.com\/index.php\/product\/affiche-et-carte-postale-ile-de-re-lane-en-culotte\/","og_site_name":"ohmondessin.com","article_publisher":"https:\/\/www.facebook.com\/Ohmondessin","article_modified_time":"2026-01-15T00:03:31+00:00","og_image":[{"width":1000,"height":1000,"url":"http:\/\/ohmondessin.com\/wp-content\/uploads\/2023\/01\/Affiche-ile-de-re-ane-en-culotte.jpg","type":"image\/jpeg"}],"twitter_card":"summary_large_image","twitter_misc":{"Dur\u00e9e de lecture estim\u00e9e":"1 minute"},"schema":{"@context":"https:\/\/schema.org","@graph":[{"@type":"WebPage","@id":"https:\/\/ohmondessin.com\/index.php\/product\/affiche-et-carte-postale-ile-de-re-lane-en-culotte\/","url":"https:\/\/ohmondessin.com\/index.php\/product\/affiche-et-carte-postale-ile-de-re-lane-en-culotte\/","name":"Affiche \"Ile de R\u00e9 - L'\u00e2ne en culotte\" - ohmondessin.com","isPartOf":{"@id":"https:\/\/ohmondessin.com\/#website"},"primaryImageOfPage":{"@id":"https:\/\/ohmondessin.com\/index.php\/product\/affiche-et-carte-postale-ile-de-re-lane-en-culotte\/#primaryimage"},"image":{"@id":"https:\/\/ohmondessin.com\/index.php\/product\/affiche-et-carte-postale-ile-de-re-lane-en-culotte\/#primaryimage"},"thumbnailUrl":"https:\/\/ohmondessin.com\/wp-content\/uploads\/2023\/01\/Affiche-ile-de-re-ane-en-culotte.jpg","datePublished":"2023-01-28T12:13:39+00:00","dateModified":"2026-01-15T00:03:31+00:00","breadcrumb":{"@id":"https:\/\/ohmondessin.com\/index.php\/product\/affiche-et-carte-postale-ile-de-re-lane-en-culotte\/#breadcrumb"},"inLanguage":"fr-FR","potentialAction":[{"@type":"ReadAction","target":["https:\/\/ohmondessin.com\/index.php\/product\/affiche-et-carte-postale-ile-de-re-lane-en-culotte\/"]}]},{"@type":"ImageObject","inLanguage":"fr-FR","@id":"https:\/\/ohmondessin.com\/index.php\/product\/affiche-et-carte-postale-ile-de-re-lane-en-culotte\/#primaryimage","url":"https:\/\/ohmondessin.com\/wp-content\/uploads\/2023\/01\/Affiche-ile-de-re-ane-en-culotte.jpg","contentUrl":"https:\/\/ohmondessin.com\/wp-content\/uploads\/2023\/01\/Affiche-ile-de-re-ane-en-culotte.jpg","width":1000,"height":1000,"caption":"ile-de-re-ane-en-culotte"},{"@type":"BreadcrumbList","@id":"https:\/\/ohmondessin.com\/index.php\/product\/affiche-et-carte-postale-ile-de-re-lane-en-culotte\/#breadcrumb","itemListElement":[{"@type":"ListItem","position":1,"name":"Accueil","item":"https:\/\/ohmondessin.com\/"},{"@type":"ListItem","position":2,"name":"La boutique","item":"https:\/\/ohmondessin.com\/index.php\/la-boutique\/"},{"@type":"ListItem","position":3,"name":"Affiche \u00ab\u00a0Ile de R\u00e9 &#8211; L&rsquo;\u00e2ne en culotte\u00a0\u00bb"}]},{"@type":"WebSite","@id":"https:\/\/ohmondessin.com\/#website","url":"https:\/\/ohmondessin.com\/","name":"ohmondessin.com","description":"De l\u2019illustration et du fait-main","publisher":{"@id":"https:\/\/ohmondessin.com\/#organization"},"potentialAction":[{"@type":"SearchAction","target":{"@type":"EntryPoint","urlTemplate":"https:\/\/ohmondessin.com\/?s={search_term_string}"},"query-input":{"@type":"PropertyValueSpecification","valueRequired":true,"valueName":"search_term_string"}}],"inLanguage":"fr-FR"},{"@type":"Organization","@id":"https:\/\/ohmondessin.com\/#organization","name":"ohmondessin.com","url":"https:\/\/ohmondessin.com\/","logo":{"@type":"ImageObject","inLanguage":"fr-FR","@id":"https:\/\/ohmondessin.com\/#\/schema\/logo\/image\/","url":"https:\/\/ohmondessin.com\/wp-content\/uploads\/2023\/01\/logo_OHMD-dark.png","contentUrl":"https:\/\/ohmondessin.com\/wp-content\/uploads\/2023\/01\/logo_OHMD-dark.png","width":500,"height":500,"caption":"ohmondessin.com"},"image":{"@id":"https:\/\/ohmondessin.com\/#\/schema\/logo\/image\/"},"sameAs":["https:\/\/www.facebook.com\/Ohmondessin","https:\/\/www.instagram.com\/ohmondessin\/"]}]}},"jetpack_sharing_enabled":true,"_links":{"self":[{"href":"https:\/\/ohmondessin.com\/index.php\/wp-json\/wp\/v2\/product\/4713","targetHints":{"allow":["GET"]}}],"collection":[{"href":"https:\/\/ohmondessin.com\/index.php\/wp-json\/wp\/v2\/product"}],"about":[{"href":"https:\/\/ohmondessin.com\/index.php\/wp-json\/wp\/v2\/types\/product"}],"replies":[{"embeddable":true,"href":"https:\/\/ohmondessin.com\/index.php\/wp-json\/wp\/v2\/comments?post=4713"}],"wp:featuredmedia":[{"embeddable":true,"href":"https:\/\/ohmondessin.com\/index.php\/wp-json\/wp\/v2\/media\/4719"}],"wp:attachment":[{"href":"https:\/\/ohmondessin.com\/index.php\/wp-json\/wp\/v2\/media?parent=4713"}],"wp:term":[{"taxonomy":"product_brand","embeddable":true,"href":"https:\/\/ohmondessin.com\/index.php\/wp-json\/wp\/v2\/product_brand?post=4713"},{"taxonomy":"product_cat","embeddable":true,"href":"https:\/\/ohmondessin.com\/index.php\/wp-json\/wp\/v2\/product_cat?post=4713"},{"taxonomy":"product_tag","embeddable":true,"href":"https:\/\/ohmondessin.com\/index.php\/wp-json\/wp\/v2\/product_tag?post=4713"}],"curies":[{"name":"wp","href":"https:\/\/api.w.org\/{rel}","templated":true}]}}