{"id":4884,"date":"2025-05-01T13:45:27","date_gmt":"2025-05-01T13:45:27","guid":{"rendered":"https:\/\/ohmondessin.com\/?post_type=product&#038;p=4884"},"modified":"2026-02-13T17:50:15","modified_gmt":"2026-02-13T17:50:15","slug":"portraits-maison-illustration-sur-mesure","status":"publish","type":"product","link":"https:\/\/ohmondessin.com\/index.php\/product\/portraits-maison-illustration-sur-mesure\/","title":{"rendered":"Portraits de Maison &#8211; Une illustration sur mesure de votre lieu de vie"},"content":{"rendered":"<p>Je dessine la fa\u00e7ade de votre maison\/immeuble\/tiny house&#8230; (o\u00f9 celles de vos amis) \u00e0 partir de photographies.<br \/>\nJ&rsquo;y ajoute le pr\u00e9nom des propri\u00e9taires ainsi que la date d&rsquo;am\u00e9nagement.<\/p>\n<p>Pour un cadeau unique, \u00e0 offrir ou se faire offrir !<\/p>\n<p>Toutes les illustrations sont imprim\u00e9es et emball\u00e9es dans mon atelier \u00e0 Maisons-Laffitte (78).<\/p>\n<p><em>Comment \u00e7a se passe ?<\/em><\/p>\n<p>Votre habitation est enti\u00e8rement dessin\u00e9e \u00e0 la main (je ne d\u00e9calque pas votre photo, votre logement est dessin\u00e9 avec \u00ab\u00a0mon style de dessin\u00a0\u00bb) et pour cela, il vous suffit de m&rsquo;envoyer vos photos \u00e0 l&rsquo;adresse <a href=\"mailto:contact@ohmondessin.com\">contact@ohmondessin.com<\/a><\/p>\n<p>Il me faut au moins une photo de l&rsquo;habitation en entier et de face.<\/p>\n<p><em>Le dessin<\/em><\/p>\n<p>L&rsquo;illustration est en couleurs et imprim\u00e9e sur un format A3 (29,7cm x 42,0 cm).<br \/>\nAttention au choix de votre photo, car une fois le dessin commenc\u00e9, il n&rsquo;est pas possible d&rsquo;en changer.<\/p>\n<p>Je vous envoie ensuite un dessin pour validation et puis, c&rsquo;est parti pour l&rsquo;impression !*<\/p>\n<p><em>Envoi<\/em><\/p>\n<p>Ce tirage vous est soigneusement envoy\u00e9 dans un tube (vous pouvez suivre le cheminement de votre colis sur internet).<\/p>\n<p>&nbsp;<\/p>\n<p>*Tout retour suppl\u00e9mentaire pour modification sera factur\u00e9 53\u20ac<\/p>\n","protected":false},"excerpt":{"rendered":"<p>Une illustration sur mesure de votre petit cocon !<\/p>\n<p>Illustration imprim\u00e9e sur un format A3 avec des encres riches et vibrantes sur un papier mate premium de 210 g\/m\u00b2.<\/p>\n<p><em>\ud83d\ude9a Livraison gratuite pour cette illustration<\/em><\/p>\n","protected":false},"featured_media":7839,"comment_status":"open","ping_status":"closed","template":"","meta":[],"product_brand":[],"product_cat":[745,760,746],"product_tag":[105,112,526,525,771,522,139,524,520,521,770,523,106,107],"class_list":{"0":"post-4884","1":"product","2":"type-product","3":"status-publish","4":"has-post-thumbnail","6":"product_cat-affiches","7":"product_cat-affiches-personnalisables","8":"product_cat-toutes-les-affiches","9":"product_tag-affiche","10":"product_tag-affiche-france","11":"product_tag-cadeau-mariage-illustration","12":"product_tag-cadeau-orginal","13":"product_tag-cadeau-sur-mesure","14":"product_tag-dessin-maison","15":"product_tag-fait-main","16":"product_tag-illustration-facade","17":"product_tag-illustration-maison","18":"product_tag-illustration-personnalisee","19":"product_tag-illustration-sur-mesure","20":"product_tag-portrait-facade","21":"product_tag-poster","22":"product_tag-yvelines","24":"first","25":"instock","26":"taxable","27":"shipping-taxable","28":"purchasable","29":"product-type-simple"},"yoast_head":"<!-- This site is optimized with the Yoast SEO plugin v24.6 - https:\/\/yoast.com\/wordpress\/plugins\/seo\/ -->\n<title>Portraits de Maison - Une illustration sur mesure de votre lieu de vie - ohmondessin.com<\/title>\n<meta name=\"description\" content=\"Une illustration sur mesure de votre petit cocon ! Illustration imprim\u00e9e sur un format A3 avec des encres riches et vibrantes sur un papier mate.\" \/>\n<meta name=\"robots\" content=\"index, follow, max-snippet:-1, max-image-preview:large, max-video-preview:-1\" \/>\n<link rel=\"canonical\" href=\"https:\/\/ohmondessin.com\/index.php\/product\/portraits-maison-illustration-sur-mesure\/\" \/>\n<meta property=\"og:locale\" content=\"fr_FR\" \/>\n<meta property=\"og:type\" content=\"article\" \/>\n<meta property=\"og:title\" content=\"Portraits de Maison - Une illustration sur mesure de votre lieu de vie - ohmondessin.com\" \/>\n<meta property=\"og:description\" content=\"Une illustration sur mesure de votre petit cocon ! Illustration imprim\u00e9e sur un format A3 avec des encres riches et vibrantes sur un papier mate.\" \/>\n<meta property=\"og:url\" content=\"https:\/\/ohmondessin.com\/index.php\/product\/portraits-maison-illustration-sur-mesure\/\" \/>\n<meta property=\"og:site_name\" content=\"ohmondessin.com\" \/>\n<meta property=\"article:publisher\" content=\"https:\/\/www.facebook.com\/Ohmondessin\" \/>\n<meta property=\"article:modified_time\" content=\"2026-02-13T17:50:15+00:00\" \/>\n<meta property=\"og:image\" content=\"http:\/\/ohmondessin.com\/wp-content\/uploads\/2023\/02\/maison-briques-2025-2-scaled.jpg\" \/>\n\t<meta property=\"og:image:width\" content=\"2560\" \/>\n\t<meta property=\"og:image:height\" content=\"2560\" \/>\n\t<meta property=\"og:image:type\" content=\"image\/jpeg\" \/>\n<meta name=\"twitter:card\" content=\"summary_large_image\" \/>\n<meta name=\"twitter:label1\" content=\"Dur\u00e9e de lecture estim\u00e9e\" \/>\n\t<meta name=\"twitter:data1\" content=\"2 minutes\" \/>\n<script type=\"application\/ld+json\" class=\"yoast-schema-graph\">{\"@context\":\"https:\/\/schema.org\",\"@graph\":[{\"@type\":\"WebPage\",\"@id\":\"https:\/\/ohmondessin.com\/index.php\/product\/portraits-maison-illustration-sur-mesure\/\",\"url\":\"https:\/\/ohmondessin.com\/index.php\/product\/portraits-maison-illustration-sur-mesure\/\",\"name\":\"Portraits de Maison - Une illustration sur mesure de votre lieu de vie - ohmondessin.com\",\"isPartOf\":{\"@id\":\"https:\/\/ohmondessin.com\/#website\"},\"primaryImageOfPage\":{\"@id\":\"https:\/\/ohmondessin.com\/index.php\/product\/portraits-maison-illustration-sur-mesure\/#primaryimage\"},\"image\":{\"@id\":\"https:\/\/ohmondessin.com\/index.php\/product\/portraits-maison-illustration-sur-mesure\/#primaryimage\"},\"thumbnailUrl\":\"https:\/\/ohmondessin.com\/wp-content\/uploads\/2023\/02\/maison-briques-2025-2-scaled.jpg\",\"datePublished\":\"2025-05-01T13:45:27+00:00\",\"dateModified\":\"2026-02-13T17:50:15+00:00\",\"description\":\"Une illustration sur mesure de votre petit cocon ! Illustration imprim\u00e9e sur un format A3 avec des encres riches et vibrantes sur un papier mate.\",\"breadcrumb\":{\"@id\":\"https:\/\/ohmondessin.com\/index.php\/product\/portraits-maison-illustration-sur-mesure\/#breadcrumb\"},\"inLanguage\":\"fr-FR\",\"potentialAction\":[{\"@type\":\"ReadAction\",\"target\":[\"https:\/\/ohmondessin.com\/index.php\/product\/portraits-maison-illustration-sur-mesure\/\"]}]},{\"@type\":\"ImageObject\",\"inLanguage\":\"fr-FR\",\"@id\":\"https:\/\/ohmondessin.com\/index.php\/product\/portraits-maison-illustration-sur-mesure\/#primaryimage\",\"url\":\"https:\/\/ohmondessin.com\/wp-content\/uploads\/2023\/02\/maison-briques-2025-2-scaled.jpg\",\"contentUrl\":\"https:\/\/ohmondessin.com\/wp-content\/uploads\/2023\/02\/maison-briques-2025-2-scaled.jpg\",\"width\":2560,\"height\":2560},{\"@type\":\"BreadcrumbList\",\"@id\":\"https:\/\/ohmondessin.com\/index.php\/product\/portraits-maison-illustration-sur-mesure\/#breadcrumb\",\"itemListElement\":[{\"@type\":\"ListItem\",\"position\":1,\"name\":\"Accueil\",\"item\":\"https:\/\/ohmondessin.com\/\"},{\"@type\":\"ListItem\",\"position\":2,\"name\":\"La boutique\",\"item\":\"https:\/\/ohmondessin.com\/index.php\/la-boutique\/\"},{\"@type\":\"ListItem\",\"position\":3,\"name\":\"Portraits de Maison &#8211; Une illustration sur mesure de votre lieu de vie\"}]},{\"@type\":\"WebSite\",\"@id\":\"https:\/\/ohmondessin.com\/#website\",\"url\":\"https:\/\/ohmondessin.com\/\",\"name\":\"ohmondessin.com\",\"description\":\"De l\u2019illustration et du fait-main\",\"publisher\":{\"@id\":\"https:\/\/ohmondessin.com\/#organization\"},\"potentialAction\":[{\"@type\":\"SearchAction\",\"target\":{\"@type\":\"EntryPoint\",\"urlTemplate\":\"https:\/\/ohmondessin.com\/?s={search_term_string}\"},\"query-input\":{\"@type\":\"PropertyValueSpecification\",\"valueRequired\":true,\"valueName\":\"search_term_string\"}}],\"inLanguage\":\"fr-FR\"},{\"@type\":\"Organization\",\"@id\":\"https:\/\/ohmondessin.com\/#organization\",\"name\":\"ohmondessin.com\",\"url\":\"https:\/\/ohmondessin.com\/\",\"logo\":{\"@type\":\"ImageObject\",\"inLanguage\":\"fr-FR\",\"@id\":\"https:\/\/ohmondessin.com\/#\/schema\/logo\/image\/\",\"url\":\"https:\/\/ohmondessin.com\/wp-content\/uploads\/2023\/01\/logo_OHMD-dark.png\",\"contentUrl\":\"https:\/\/ohmondessin.com\/wp-content\/uploads\/2023\/01\/logo_OHMD-dark.png\",\"width\":500,\"height\":500,\"caption\":\"ohmondessin.com\"},\"image\":{\"@id\":\"https:\/\/ohmondessin.com\/#\/schema\/logo\/image\/\"},\"sameAs\":[\"https:\/\/www.facebook.com\/Ohmondessin\",\"https:\/\/www.instagram.com\/ohmondessin\/\"]}]}<\/script>\n<!-- \/ Yoast SEO plugin. -->","yoast_head_json":{"title":"Portraits de Maison - Une illustration sur mesure de votre lieu de vie - ohmondessin.com","description":"Une illustration sur mesure de votre petit cocon ! Illustration imprim\u00e9e sur un format A3 avec des encres riches et vibrantes sur un papier mate.","robots":{"index":"index","follow":"follow","max-snippet":"max-snippet:-1","max-image-preview":"max-image-preview:large","max-video-preview":"max-video-preview:-1"},"canonical":"https:\/\/ohmondessin.com\/index.php\/product\/portraits-maison-illustration-sur-mesure\/","og_locale":"fr_FR","og_type":"article","og_title":"Portraits de Maison - Une illustration sur mesure de votre lieu de vie - ohmondessin.com","og_description":"Une illustration sur mesure de votre petit cocon ! Illustration imprim\u00e9e sur un format A3 avec des encres riches et vibrantes sur un papier mate.","og_url":"https:\/\/ohmondessin.com\/index.php\/product\/portraits-maison-illustration-sur-mesure\/","og_site_name":"ohmondessin.com","article_publisher":"https:\/\/www.facebook.com\/Ohmondessin","article_modified_time":"2026-02-13T17:50:15+00:00","og_image":[{"width":2560,"height":2560,"url":"http:\/\/ohmondessin.com\/wp-content\/uploads\/2023\/02\/maison-briques-2025-2-scaled.jpg","type":"image\/jpeg"}],"twitter_card":"summary_large_image","twitter_misc":{"Dur\u00e9e de lecture estim\u00e9e":"2 minutes"},"schema":{"@context":"https:\/\/schema.org","@graph":[{"@type":"WebPage","@id":"https:\/\/ohmondessin.com\/index.php\/product\/portraits-maison-illustration-sur-mesure\/","url":"https:\/\/ohmondessin.com\/index.php\/product\/portraits-maison-illustration-sur-mesure\/","name":"Portraits de Maison - Une illustration sur mesure de votre lieu de vie - ohmondessin.com","isPartOf":{"@id":"https:\/\/ohmondessin.com\/#website"},"primaryImageOfPage":{"@id":"https:\/\/ohmondessin.com\/index.php\/product\/portraits-maison-illustration-sur-mesure\/#primaryimage"},"image":{"@id":"https:\/\/ohmondessin.com\/index.php\/product\/portraits-maison-illustration-sur-mesure\/#primaryimage"},"thumbnailUrl":"https:\/\/ohmondessin.com\/wp-content\/uploads\/2023\/02\/maison-briques-2025-2-scaled.jpg","datePublished":"2025-05-01T13:45:27+00:00","dateModified":"2026-02-13T17:50:15+00:00","description":"Une illustration sur mesure de votre petit cocon ! Illustration imprim\u00e9e sur un format A3 avec des encres riches et vibrantes sur un papier mate.","breadcrumb":{"@id":"https:\/\/ohmondessin.com\/index.php\/product\/portraits-maison-illustration-sur-mesure\/#breadcrumb"},"inLanguage":"fr-FR","potentialAction":[{"@type":"ReadAction","target":["https:\/\/ohmondessin.com\/index.php\/product\/portraits-maison-illustration-sur-mesure\/"]}]},{"@type":"ImageObject","inLanguage":"fr-FR","@id":"https:\/\/ohmondessin.com\/index.php\/product\/portraits-maison-illustration-sur-mesure\/#primaryimage","url":"https:\/\/ohmondessin.com\/wp-content\/uploads\/2023\/02\/maison-briques-2025-2-scaled.jpg","contentUrl":"https:\/\/ohmondessin.com\/wp-content\/uploads\/2023\/02\/maison-briques-2025-2-scaled.jpg","width":2560,"height":2560},{"@type":"BreadcrumbList","@id":"https:\/\/ohmondessin.com\/index.php\/product\/portraits-maison-illustration-sur-mesure\/#breadcrumb","itemListElement":[{"@type":"ListItem","position":1,"name":"Accueil","item":"https:\/\/ohmondessin.com\/"},{"@type":"ListItem","position":2,"name":"La boutique","item":"https:\/\/ohmondessin.com\/index.php\/la-boutique\/"},{"@type":"ListItem","position":3,"name":"Portraits de Maison &#8211; Une illustration sur mesure de votre lieu de vie"}]},{"@type":"WebSite","@id":"https:\/\/ohmondessin.com\/#website","url":"https:\/\/ohmondessin.com\/","name":"ohmondessin.com","description":"De l\u2019illustration et du fait-main","publisher":{"@id":"https:\/\/ohmondessin.com\/#organization"},"potentialAction":[{"@type":"SearchAction","target":{"@type":"EntryPoint","urlTemplate":"https:\/\/ohmondessin.com\/?s={search_term_string}"},"query-input":{"@type":"PropertyValueSpecification","valueRequired":true,"valueName":"search_term_string"}}],"inLanguage":"fr-FR"},{"@type":"Organization","@id":"https:\/\/ohmondessin.com\/#organization","name":"ohmondessin.com","url":"https:\/\/ohmondessin.com\/","logo":{"@type":"ImageObject","inLanguage":"fr-FR","@id":"https:\/\/ohmondessin.com\/#\/schema\/logo\/image\/","url":"https:\/\/ohmondessin.com\/wp-content\/uploads\/2023\/01\/logo_OHMD-dark.png","contentUrl":"https:\/\/ohmondessin.com\/wp-content\/uploads\/2023\/01\/logo_OHMD-dark.png","width":500,"height":500,"caption":"ohmondessin.com"},"image":{"@id":"https:\/\/ohmondessin.com\/#\/schema\/logo\/image\/"},"sameAs":["https:\/\/www.facebook.com\/Ohmondessin","https:\/\/www.instagram.com\/ohmondessin\/"]}]}},"jetpack_sharing_enabled":true,"_links":{"self":[{"href":"https:\/\/ohmondessin.com\/index.php\/wp-json\/wp\/v2\/product\/4884","targetHints":{"allow":["GET"]}}],"collection":[{"href":"https:\/\/ohmondessin.com\/index.php\/wp-json\/wp\/v2\/product"}],"about":[{"href":"https:\/\/ohmondessin.com\/index.php\/wp-json\/wp\/v2\/types\/product"}],"replies":[{"embeddable":true,"href":"https:\/\/ohmondessin.com\/index.php\/wp-json\/wp\/v2\/comments?post=4884"}],"wp:featuredmedia":[{"embeddable":true,"href":"https:\/\/ohmondessin.com\/index.php\/wp-json\/wp\/v2\/media\/7839"}],"wp:attachment":[{"href":"https:\/\/ohmondessin.com\/index.php\/wp-json\/wp\/v2\/media?parent=4884"}],"wp:term":[{"taxonomy":"product_brand","embeddable":true,"href":"https:\/\/ohmondessin.com\/index.php\/wp-json\/wp\/v2\/product_brand?post=4884"},{"taxonomy":"product_cat","embeddable":true,"href":"https:\/\/ohmondessin.com\/index.php\/wp-json\/wp\/v2\/product_cat?post=4884"},{"taxonomy":"product_tag","embeddable":true,"href":"https:\/\/ohmondessin.com\/index.php\/wp-json\/wp\/v2\/product_tag?post=4884"}],"curies":[{"name":"wp","href":"https:\/\/api.w.org\/{rel}","templated":true}]}}