{"id":4892,"date":"2023-02-01T14:00:04","date_gmt":"2023-02-01T14:00:04","guid":{"rendered":"https:\/\/ohmondessin.com\/?post_type=product&#038;p=4892"},"modified":"2026-01-15T00:03:31","modified_gmt":"2026-01-15T00:03:31","slug":"portraits-de-chat-illustration-personnalisee","status":"publish","type":"product","link":"https:\/\/ohmondessin.com\/index.php\/product\/portraits-de-chat-illustration-personnalisee\/","title":{"rendered":"Portraits de Chat &#8211; Illustration Personnalis\u00e9e"},"content":{"rendered":"<p><em>Comment \u00e7a se passe ?<\/em><\/p>\n<p>Votre animal est enti\u00e8rement dessin\u00e9 \u00e0 la main (je ne d\u00e9calque pas votre photo, votre animal est dessin\u00e9 avec \u00ab\u00a0mon style de dessin\u00a0\u00bb) et pour cela, il vous suffit de m&rsquo;envoyer les photos de votre animal \u00e0 l&rsquo;adresse <a href=\"mailto:contact@ohmondessin.com\">contact@ohmondessin.com<\/a><\/p>\n<p>N&rsquo;oubliez pas de pr\u00e9ciser si il s&rsquo;agit d&rsquo;un m\u00e2le ou d&rsquo;une femelle.<\/p>\n<p><em>Le dessin<\/em><\/p>\n<p>Je reproduis la couleur du pelage de votre chat ainsi que sa morphologie !<\/p>\n<p>Compter 1 semaine pour la r\u00e9alisation et l&rsquo;impression.<\/p>\n<p>Sur la photo de cet article, il s&rsquo;agit de mon chat qui m&rsquo;a servi de mod\u00e8le\u00a0\ud83d\udc31<\/p>\n<p><i>\ud83d\ude9a Livraison gratuite pour\u00a0l&rsquo;achat du portrait !<\/i><\/p>\n","protected":false},"excerpt":{"rendered":"<p>Je transforme la photo de votre chat en dessin \ud83d\udc31<\/p>\n<p>Pour un cadeau unique, \u00e0 offrir ou se faire offrir !<\/p>\n<p>Toutes les illustrations sont imprim\u00e9es et emball\u00e9es dans mon atelier \u00e0 Maisons-Laffitte (78).<\/p>\n","protected":false},"featured_media":4897,"comment_status":"open","ping_status":"closed","template":"","meta":[],"product_brand":[],"product_cat":[745,760,746],"product_tag":[105,340,527,530,525,502,528,139,529,521],"class_list":{"0":"post-4892","1":"product","2":"type-product","3":"status-publish","4":"has-post-thumbnail","6":"product_cat-affiches","7":"product_cat-affiches-personnalisables","8":"product_cat-toutes-les-affiches","9":"product_tag-affiche","10":"product_tag-affiche-chat","11":"product_tag-affiche-chat-personnalise","12":"product_tag-affiche-personnalisee-animaux","13":"product_tag-cadeau-orginal","14":"product_tag-chat-personnalise","15":"product_tag-dessin-chat","16":"product_tag-fait-main","17":"product_tag-illustration-chat-personnalise","18":"product_tag-illustration-personnalisee","20":"first","21":"instock","22":"taxable","23":"shipping-taxable","24":"purchasable","25":"product-type-variable"},"yoast_head":"<!-- This site is optimized with the Yoast SEO plugin v24.6 - https:\/\/yoast.com\/wordpress\/plugins\/seo\/ -->\n<title>Portraits de Chat - Illustration Personnalis\u00e9e - ohmondessin.com<\/title>\n<meta name=\"robots\" content=\"index, follow, max-snippet:-1, max-image-preview:large, max-video-preview:-1\" \/>\n<link rel=\"canonical\" href=\"https:\/\/ohmondessin.com\/index.php\/product\/portraits-de-chat-illustration-personnalisee\/\" \/>\n<meta property=\"og:locale\" content=\"fr_FR\" \/>\n<meta property=\"og:type\" content=\"article\" \/>\n<meta property=\"og:title\" content=\"Portraits de Chat - Illustration Personnalis\u00e9e - ohmondessin.com\" \/>\n<meta property=\"og:description\" content=\"Je transforme la photo de votre chat en dessin \ud83d\udc31  Pour un cadeau unique, \u00e0 offrir ou se faire offrir !  Toutes les illustrations sont imprim\u00e9es et emball\u00e9es dans mon atelier \u00e0 Maisons-Laffitte (78).\" \/>\n<meta property=\"og:url\" content=\"https:\/\/ohmondessin.com\/index.php\/product\/portraits-de-chat-illustration-personnalisee\/\" \/>\n<meta property=\"og:site_name\" content=\"ohmondessin.com\" \/>\n<meta property=\"article:publisher\" content=\"https:\/\/www.facebook.com\/Ohmondessin\" \/>\n<meta property=\"article:modified_time\" content=\"2026-01-15T00:03:31+00:00\" \/>\n<meta property=\"og:image\" content=\"http:\/\/ohmondessin.com\/wp-content\/uploads\/2023\/02\/Portrait-Chat1.png\" \/>\n\t<meta property=\"og:image:width\" content=\"500\" \/>\n\t<meta property=\"og:image:height\" content=\"500\" \/>\n\t<meta property=\"og:image:type\" content=\"image\/png\" \/>\n<meta name=\"twitter:card\" content=\"summary_large_image\" \/>\n<meta name=\"twitter:label1\" content=\"Dur\u00e9e de lecture estim\u00e9e\" \/>\n\t<meta name=\"twitter:data1\" content=\"1 minute\" \/>\n<script type=\"application\/ld+json\" class=\"yoast-schema-graph\">{\"@context\":\"https:\/\/schema.org\",\"@graph\":[{\"@type\":\"WebPage\",\"@id\":\"https:\/\/ohmondessin.com\/index.php\/product\/portraits-de-chat-illustration-personnalisee\/\",\"url\":\"https:\/\/ohmondessin.com\/index.php\/product\/portraits-de-chat-illustration-personnalisee\/\",\"name\":\"Portraits de Chat - Illustration Personnalis\u00e9e - ohmondessin.com\",\"isPartOf\":{\"@id\":\"https:\/\/ohmondessin.com\/#website\"},\"primaryImageOfPage\":{\"@id\":\"https:\/\/ohmondessin.com\/index.php\/product\/portraits-de-chat-illustration-personnalisee\/#primaryimage\"},\"image\":{\"@id\":\"https:\/\/ohmondessin.com\/index.php\/product\/portraits-de-chat-illustration-personnalisee\/#primaryimage\"},\"thumbnailUrl\":\"https:\/\/ohmondessin.com\/wp-content\/uploads\/2023\/02\/Portrait-Chat1.png\",\"datePublished\":\"2023-02-01T14:00:04+00:00\",\"dateModified\":\"2026-01-15T00:03:31+00:00\",\"breadcrumb\":{\"@id\":\"https:\/\/ohmondessin.com\/index.php\/product\/portraits-de-chat-illustration-personnalisee\/#breadcrumb\"},\"inLanguage\":\"fr-FR\",\"potentialAction\":[{\"@type\":\"ReadAction\",\"target\":[\"https:\/\/ohmondessin.com\/index.php\/product\/portraits-de-chat-illustration-personnalisee\/\"]}]},{\"@type\":\"ImageObject\",\"inLanguage\":\"fr-FR\",\"@id\":\"https:\/\/ohmondessin.com\/index.php\/product\/portraits-de-chat-illustration-personnalisee\/#primaryimage\",\"url\":\"https:\/\/ohmondessin.com\/wp-content\/uploads\/2023\/02\/Portrait-Chat1.png\",\"contentUrl\":\"https:\/\/ohmondessin.com\/wp-content\/uploads\/2023\/02\/Portrait-Chat1.png\",\"width\":500,\"height\":500,\"caption\":\"Portrait-Chat1\"},{\"@type\":\"BreadcrumbList\",\"@id\":\"https:\/\/ohmondessin.com\/index.php\/product\/portraits-de-chat-illustration-personnalisee\/#breadcrumb\",\"itemListElement\":[{\"@type\":\"ListItem\",\"position\":1,\"name\":\"Accueil\",\"item\":\"https:\/\/ohmondessin.com\/\"},{\"@type\":\"ListItem\",\"position\":2,\"name\":\"La boutique\",\"item\":\"https:\/\/ohmondessin.com\/index.php\/la-boutique\/\"},{\"@type\":\"ListItem\",\"position\":3,\"name\":\"Portraits de Chat &#8211; Illustration Personnalis\u00e9e\"}]},{\"@type\":\"WebSite\",\"@id\":\"https:\/\/ohmondessin.com\/#website\",\"url\":\"https:\/\/ohmondessin.com\/\",\"name\":\"ohmondessin.com\",\"description\":\"De l\u2019illustration et du fait-main\",\"publisher\":{\"@id\":\"https:\/\/ohmondessin.com\/#organization\"},\"potentialAction\":[{\"@type\":\"SearchAction\",\"target\":{\"@type\":\"EntryPoint\",\"urlTemplate\":\"https:\/\/ohmondessin.com\/?s={search_term_string}\"},\"query-input\":{\"@type\":\"PropertyValueSpecification\",\"valueRequired\":true,\"valueName\":\"search_term_string\"}}],\"inLanguage\":\"fr-FR\"},{\"@type\":\"Organization\",\"@id\":\"https:\/\/ohmondessin.com\/#organization\",\"name\":\"ohmondessin.com\",\"url\":\"https:\/\/ohmondessin.com\/\",\"logo\":{\"@type\":\"ImageObject\",\"inLanguage\":\"fr-FR\",\"@id\":\"https:\/\/ohmondessin.com\/#\/schema\/logo\/image\/\",\"url\":\"https:\/\/ohmondessin.com\/wp-content\/uploads\/2023\/01\/logo_OHMD-dark.png\",\"contentUrl\":\"https:\/\/ohmondessin.com\/wp-content\/uploads\/2023\/01\/logo_OHMD-dark.png\",\"width\":500,\"height\":500,\"caption\":\"ohmondessin.com\"},\"image\":{\"@id\":\"https:\/\/ohmondessin.com\/#\/schema\/logo\/image\/\"},\"sameAs\":[\"https:\/\/www.facebook.com\/Ohmondessin\",\"https:\/\/www.instagram.com\/ohmondessin\/\"]}]}<\/script>\n<!-- \/ Yoast SEO plugin. -->","yoast_head_json":{"title":"Portraits de Chat - Illustration Personnalis\u00e9e - ohmondessin.com","robots":{"index":"index","follow":"follow","max-snippet":"max-snippet:-1","max-image-preview":"max-image-preview:large","max-video-preview":"max-video-preview:-1"},"canonical":"https:\/\/ohmondessin.com\/index.php\/product\/portraits-de-chat-illustration-personnalisee\/","og_locale":"fr_FR","og_type":"article","og_title":"Portraits de Chat - Illustration Personnalis\u00e9e - ohmondessin.com","og_description":"Je transforme la photo de votre chat en dessin \ud83d\udc31  Pour un cadeau unique, \u00e0 offrir ou se faire offrir !  Toutes les illustrations sont imprim\u00e9es et emball\u00e9es dans mon atelier \u00e0 Maisons-Laffitte (78).","og_url":"https:\/\/ohmondessin.com\/index.php\/product\/portraits-de-chat-illustration-personnalisee\/","og_site_name":"ohmondessin.com","article_publisher":"https:\/\/www.facebook.com\/Ohmondessin","article_modified_time":"2026-01-15T00:03:31+00:00","og_image":[{"width":500,"height":500,"url":"http:\/\/ohmondessin.com\/wp-content\/uploads\/2023\/02\/Portrait-Chat1.png","type":"image\/png"}],"twitter_card":"summary_large_image","twitter_misc":{"Dur\u00e9e de lecture estim\u00e9e":"1 minute"},"schema":{"@context":"https:\/\/schema.org","@graph":[{"@type":"WebPage","@id":"https:\/\/ohmondessin.com\/index.php\/product\/portraits-de-chat-illustration-personnalisee\/","url":"https:\/\/ohmondessin.com\/index.php\/product\/portraits-de-chat-illustration-personnalisee\/","name":"Portraits de Chat - Illustration Personnalis\u00e9e - ohmondessin.com","isPartOf":{"@id":"https:\/\/ohmondessin.com\/#website"},"primaryImageOfPage":{"@id":"https:\/\/ohmondessin.com\/index.php\/product\/portraits-de-chat-illustration-personnalisee\/#primaryimage"},"image":{"@id":"https:\/\/ohmondessin.com\/index.php\/product\/portraits-de-chat-illustration-personnalisee\/#primaryimage"},"thumbnailUrl":"https:\/\/ohmondessin.com\/wp-content\/uploads\/2023\/02\/Portrait-Chat1.png","datePublished":"2023-02-01T14:00:04+00:00","dateModified":"2026-01-15T00:03:31+00:00","breadcrumb":{"@id":"https:\/\/ohmondessin.com\/index.php\/product\/portraits-de-chat-illustration-personnalisee\/#breadcrumb"},"inLanguage":"fr-FR","potentialAction":[{"@type":"ReadAction","target":["https:\/\/ohmondessin.com\/index.php\/product\/portraits-de-chat-illustration-personnalisee\/"]}]},{"@type":"ImageObject","inLanguage":"fr-FR","@id":"https:\/\/ohmondessin.com\/index.php\/product\/portraits-de-chat-illustration-personnalisee\/#primaryimage","url":"https:\/\/ohmondessin.com\/wp-content\/uploads\/2023\/02\/Portrait-Chat1.png","contentUrl":"https:\/\/ohmondessin.com\/wp-content\/uploads\/2023\/02\/Portrait-Chat1.png","width":500,"height":500,"caption":"Portrait-Chat1"},{"@type":"BreadcrumbList","@id":"https:\/\/ohmondessin.com\/index.php\/product\/portraits-de-chat-illustration-personnalisee\/#breadcrumb","itemListElement":[{"@type":"ListItem","position":1,"name":"Accueil","item":"https:\/\/ohmondessin.com\/"},{"@type":"ListItem","position":2,"name":"La boutique","item":"https:\/\/ohmondessin.com\/index.php\/la-boutique\/"},{"@type":"ListItem","position":3,"name":"Portraits de Chat &#8211; Illustration Personnalis\u00e9e"}]},{"@type":"WebSite","@id":"https:\/\/ohmondessin.com\/#website","url":"https:\/\/ohmondessin.com\/","name":"ohmondessin.com","description":"De l\u2019illustration et du fait-main","publisher":{"@id":"https:\/\/ohmondessin.com\/#organization"},"potentialAction":[{"@type":"SearchAction","target":{"@type":"EntryPoint","urlTemplate":"https:\/\/ohmondessin.com\/?s={search_term_string}"},"query-input":{"@type":"PropertyValueSpecification","valueRequired":true,"valueName":"search_term_string"}}],"inLanguage":"fr-FR"},{"@type":"Organization","@id":"https:\/\/ohmondessin.com\/#organization","name":"ohmondessin.com","url":"https:\/\/ohmondessin.com\/","logo":{"@type":"ImageObject","inLanguage":"fr-FR","@id":"https:\/\/ohmondessin.com\/#\/schema\/logo\/image\/","url":"https:\/\/ohmondessin.com\/wp-content\/uploads\/2023\/01\/logo_OHMD-dark.png","contentUrl":"https:\/\/ohmondessin.com\/wp-content\/uploads\/2023\/01\/logo_OHMD-dark.png","width":500,"height":500,"caption":"ohmondessin.com"},"image":{"@id":"https:\/\/ohmondessin.com\/#\/schema\/logo\/image\/"},"sameAs":["https:\/\/www.facebook.com\/Ohmondessin","https:\/\/www.instagram.com\/ohmondessin\/"]}]}},"jetpack_sharing_enabled":true,"_links":{"self":[{"href":"https:\/\/ohmondessin.com\/index.php\/wp-json\/wp\/v2\/product\/4892","targetHints":{"allow":["GET"]}}],"collection":[{"href":"https:\/\/ohmondessin.com\/index.php\/wp-json\/wp\/v2\/product"}],"about":[{"href":"https:\/\/ohmondessin.com\/index.php\/wp-json\/wp\/v2\/types\/product"}],"replies":[{"embeddable":true,"href":"https:\/\/ohmondessin.com\/index.php\/wp-json\/wp\/v2\/comments?post=4892"}],"wp:featuredmedia":[{"embeddable":true,"href":"https:\/\/ohmondessin.com\/index.php\/wp-json\/wp\/v2\/media\/4897"}],"wp:attachment":[{"href":"https:\/\/ohmondessin.com\/index.php\/wp-json\/wp\/v2\/media?parent=4892"}],"wp:term":[{"taxonomy":"product_brand","embeddable":true,"href":"https:\/\/ohmondessin.com\/index.php\/wp-json\/wp\/v2\/product_brand?post=4892"},{"taxonomy":"product_cat","embeddable":true,"href":"https:\/\/ohmondessin.com\/index.php\/wp-json\/wp\/v2\/product_cat?post=4892"},{"taxonomy":"product_tag","embeddable":true,"href":"https:\/\/ohmondessin.com\/index.php\/wp-json\/wp\/v2\/product_tag?post=4892"}],"curies":[{"name":"wp","href":"https:\/\/api.w.org\/{rel}","templated":true}]}}