{"id":5542,"date":"2025-11-09T14:32:07","date_gmt":"2025-11-09T14:32:07","guid":{"rendered":"https:\/\/ohmondessin.com\/?post_type=product&#038;p=5542"},"modified":"2026-01-15T00:01:50","modified_gmt":"2026-01-15T00:01:50","slug":"bougie-la-nana-de-maisons-laffitte","status":"publish","type":"product","link":"https:\/\/ohmondessin.com\/index.php\/product\/bougie-la-nana-de-maisons-laffitte\/","title":{"rendered":"Bougie \u00ab\u00a0La Nana de Maisons-Laffitte\u00a0\u00bb"},"content":{"rendered":"<p>Cire ve\u0301ge\u0301tale &#8211; M\u00e8che coton &#8211; Joli tube blanc fourni avec la bougie<\/p>\n<div class=\"page\" title=\"Page 1\">\n<div class=\"section\">\n<div class=\"layoutArea\">\n<div class=\"column\">\n<p>Fabrique\u0301e par un cirier d\u2019art en Charente-Maritime\u00a0\ud83c\uddeb\ud83c\uddf7<\/p>\n<\/div>\n<\/div>\n<\/div>\n<\/div>\n","protected":false},"excerpt":{"rendered":"<div class=\"page\" title=\"Page 1\">\n<div class=\"section\">\n<div class=\"layoutArea\">\n<div class=\"column\">\n<p><em>Parfum : Bois &#8211; Santal &#8211; Cr\u00e8me<\/em><\/p>\n<p>Inspir\u00e9e par ma vie dans cette jolie ville d&rsquo;Yvelines.<\/p>\n<\/div>\n<p>Bougie \u00e0 la cire v\u00e9g\u00e9tale (180g) et m\u00e8che coton con\u00e7ue pour 47h de brulage.\u00a0Fabriqu\u00e9e en France et exp\u00e9di\u00e9e dans son tube blanc avec l&rsquo;illustration de la Nana de Maisons-Laffitte.<\/p>\n<p>&nbsp;<\/p>\n<\/div>\n<\/div>\n<\/div>\n","protected":false},"featured_media":5546,"comment_status":"open","ping_status":"closed","template":"","meta":[],"product_brand":[],"product_cat":[780,612],"product_tag":[613,619,615,616,617,618,323,614,620,109],"class_list":{"0":"post-5542","1":"product","2":"type-product","3":"status-publish","4":"has-post-thumbnail","6":"product_cat-maison","7":"product_cat-bougies","8":"product_tag-bougie","9":"product_tag-bougie-maison","10":"product_tag-bougie-maisons-laffitte","11":"product_tag-bougie-parfumee","12":"product_tag-cadeau-bougie","13":"product_tag-cadeau-maison","14":"product_tag-cadeau-maman","15":"product_tag-cavalier","16":"product_tag-decoration-bougie","17":"product_tag-maisons-laffitte","18":"product_shipping_class-puzzles","20":"first","21":"instock","22":"taxable","23":"shipping-taxable","24":"purchasable","25":"product-type-simple"},"yoast_head":"<!-- This site is optimized with the Yoast SEO plugin v24.6 - https:\/\/yoast.com\/wordpress\/plugins\/seo\/ -->\n<title>Bougie &quot;La Nana de Maisons-Laffitte&quot; - ohmondessin.com<\/title>\n<meta name=\"robots\" content=\"index, follow, max-snippet:-1, max-image-preview:large, max-video-preview:-1\" \/>\n<link rel=\"canonical\" href=\"https:\/\/ohmondessin.com\/index.php\/product\/bougie-la-nana-de-maisons-laffitte\/\" \/>\n<meta property=\"og:locale\" content=\"fr_FR\" \/>\n<meta property=\"og:type\" content=\"article\" \/>\n<meta property=\"og:title\" content=\"Bougie &quot;La Nana de Maisons-Laffitte&quot; - ohmondessin.com\" \/>\n<meta property=\"og:description\" content=\"Parfum : Bois - Santal - Cr\u00e8me  Inspir\u00e9e par ma vie dans cette jolie ville d&#039;Yvelines.   Bougie \u00e0 la cire v\u00e9g\u00e9tale (180g) et m\u00e8che coton con\u00e7ue pour 47h de brulage.\u00a0Fabriqu\u00e9e en France et exp\u00e9di\u00e9e dans son tube blanc avec l&#039;illustration de la Nana de Maisons-Laffitte.  &nbsp;\" \/>\n<meta property=\"og:url\" content=\"https:\/\/ohmondessin.com\/index.php\/product\/bougie-la-nana-de-maisons-laffitte\/\" \/>\n<meta property=\"og:site_name\" content=\"ohmondessin.com\" \/>\n<meta property=\"article:publisher\" content=\"https:\/\/www.facebook.com\/Ohmondessin\" \/>\n<meta property=\"article:modified_time\" content=\"2026-01-15T00:01:50+00:00\" \/>\n<meta property=\"og:image\" content=\"http:\/\/ohmondessin.com\/wp-content\/uploads\/2023\/03\/BOUGIES-Maisons-Laffitte-min-906x1024.png\" \/>\n\t<meta property=\"og:image:width\" content=\"906\" \/>\n\t<meta property=\"og:image:height\" content=\"1024\" \/>\n\t<meta property=\"og:image:type\" content=\"image\/png\" \/>\n<meta name=\"twitter:card\" content=\"summary_large_image\" \/>\n<meta name=\"twitter:label1\" content=\"Dur\u00e9e de lecture estim\u00e9e\" \/>\n\t<meta name=\"twitter:data1\" content=\"1 minute\" \/>\n<script type=\"application\/ld+json\" class=\"yoast-schema-graph\">{\"@context\":\"https:\/\/schema.org\",\"@graph\":[{\"@type\":\"WebPage\",\"@id\":\"https:\/\/ohmondessin.com\/index.php\/product\/bougie-la-nana-de-maisons-laffitte\/\",\"url\":\"https:\/\/ohmondessin.com\/index.php\/product\/bougie-la-nana-de-maisons-laffitte\/\",\"name\":\"Bougie \\\"La Nana de Maisons-Laffitte\\\" - ohmondessin.com\",\"isPartOf\":{\"@id\":\"https:\/\/ohmondessin.com\/#website\"},\"primaryImageOfPage\":{\"@id\":\"https:\/\/ohmondessin.com\/index.php\/product\/bougie-la-nana-de-maisons-laffitte\/#primaryimage\"},\"image\":{\"@id\":\"https:\/\/ohmondessin.com\/index.php\/product\/bougie-la-nana-de-maisons-laffitte\/#primaryimage\"},\"thumbnailUrl\":\"https:\/\/ohmondessin.com\/wp-content\/uploads\/2023\/03\/BOUGIES-Maisons-Laffitte-min.png\",\"datePublished\":\"2025-11-09T14:32:07+00:00\",\"dateModified\":\"2026-01-15T00:01:50+00:00\",\"breadcrumb\":{\"@id\":\"https:\/\/ohmondessin.com\/index.php\/product\/bougie-la-nana-de-maisons-laffitte\/#breadcrumb\"},\"inLanguage\":\"fr-FR\",\"potentialAction\":[{\"@type\":\"ReadAction\",\"target\":[\"https:\/\/ohmondessin.com\/index.php\/product\/bougie-la-nana-de-maisons-laffitte\/\"]}]},{\"@type\":\"ImageObject\",\"inLanguage\":\"fr-FR\",\"@id\":\"https:\/\/ohmondessin.com\/index.php\/product\/bougie-la-nana-de-maisons-laffitte\/#primaryimage\",\"url\":\"https:\/\/ohmondessin.com\/wp-content\/uploads\/2023\/03\/BOUGIES-Maisons-Laffitte-min.png\",\"contentUrl\":\"https:\/\/ohmondessin.com\/wp-content\/uploads\/2023\/03\/BOUGIES-Maisons-Laffitte-min.png\",\"width\":2899,\"height\":3276,\"caption\":\"BOUGIES-Maisons-Laffitte-min\"},{\"@type\":\"BreadcrumbList\",\"@id\":\"https:\/\/ohmondessin.com\/index.php\/product\/bougie-la-nana-de-maisons-laffitte\/#breadcrumb\",\"itemListElement\":[{\"@type\":\"ListItem\",\"position\":1,\"name\":\"Accueil\",\"item\":\"https:\/\/ohmondessin.com\/\"},{\"@type\":\"ListItem\",\"position\":2,\"name\":\"La boutique\",\"item\":\"https:\/\/ohmondessin.com\/index.php\/la-boutique\/\"},{\"@type\":\"ListItem\",\"position\":3,\"name\":\"Bougie \u00ab\u00a0La Nana de Maisons-Laffitte\u00a0\u00bb\"}]},{\"@type\":\"WebSite\",\"@id\":\"https:\/\/ohmondessin.com\/#website\",\"url\":\"https:\/\/ohmondessin.com\/\",\"name\":\"ohmondessin.com\",\"description\":\"De l\u2019illustration et du fait-main\",\"publisher\":{\"@id\":\"https:\/\/ohmondessin.com\/#organization\"},\"potentialAction\":[{\"@type\":\"SearchAction\",\"target\":{\"@type\":\"EntryPoint\",\"urlTemplate\":\"https:\/\/ohmondessin.com\/?s={search_term_string}\"},\"query-input\":{\"@type\":\"PropertyValueSpecification\",\"valueRequired\":true,\"valueName\":\"search_term_string\"}}],\"inLanguage\":\"fr-FR\"},{\"@type\":\"Organization\",\"@id\":\"https:\/\/ohmondessin.com\/#organization\",\"name\":\"ohmondessin.com\",\"url\":\"https:\/\/ohmondessin.com\/\",\"logo\":{\"@type\":\"ImageObject\",\"inLanguage\":\"fr-FR\",\"@id\":\"https:\/\/ohmondessin.com\/#\/schema\/logo\/image\/\",\"url\":\"https:\/\/ohmondessin.com\/wp-content\/uploads\/2023\/01\/logo_OHMD-dark.png\",\"contentUrl\":\"https:\/\/ohmondessin.com\/wp-content\/uploads\/2023\/01\/logo_OHMD-dark.png\",\"width\":500,\"height\":500,\"caption\":\"ohmondessin.com\"},\"image\":{\"@id\":\"https:\/\/ohmondessin.com\/#\/schema\/logo\/image\/\"},\"sameAs\":[\"https:\/\/www.facebook.com\/Ohmondessin\",\"https:\/\/www.instagram.com\/ohmondessin\/\"]}]}<\/script>\n<!-- \/ Yoast SEO plugin. -->","yoast_head_json":{"title":"Bougie \"La Nana de Maisons-Laffitte\" - ohmondessin.com","robots":{"index":"index","follow":"follow","max-snippet":"max-snippet:-1","max-image-preview":"max-image-preview:large","max-video-preview":"max-video-preview:-1"},"canonical":"https:\/\/ohmondessin.com\/index.php\/product\/bougie-la-nana-de-maisons-laffitte\/","og_locale":"fr_FR","og_type":"article","og_title":"Bougie \"La Nana de Maisons-Laffitte\" - ohmondessin.com","og_description":"Parfum : Bois - Santal - Cr\u00e8me  Inspir\u00e9e par ma vie dans cette jolie ville d'Yvelines.   Bougie \u00e0 la cire v\u00e9g\u00e9tale (180g) et m\u00e8che coton con\u00e7ue pour 47h de brulage.\u00a0Fabriqu\u00e9e en France et exp\u00e9di\u00e9e dans son tube blanc avec l'illustration de la Nana de Maisons-Laffitte.  &nbsp;","og_url":"https:\/\/ohmondessin.com\/index.php\/product\/bougie-la-nana-de-maisons-laffitte\/","og_site_name":"ohmondessin.com","article_publisher":"https:\/\/www.facebook.com\/Ohmondessin","article_modified_time":"2026-01-15T00:01:50+00:00","og_image":[{"width":906,"height":1024,"url":"http:\/\/ohmondessin.com\/wp-content\/uploads\/2023\/03\/BOUGIES-Maisons-Laffitte-min-906x1024.png","type":"image\/png"}],"twitter_card":"summary_large_image","twitter_misc":{"Dur\u00e9e de lecture estim\u00e9e":"1 minute"},"schema":{"@context":"https:\/\/schema.org","@graph":[{"@type":"WebPage","@id":"https:\/\/ohmondessin.com\/index.php\/product\/bougie-la-nana-de-maisons-laffitte\/","url":"https:\/\/ohmondessin.com\/index.php\/product\/bougie-la-nana-de-maisons-laffitte\/","name":"Bougie \"La Nana de Maisons-Laffitte\" - ohmondessin.com","isPartOf":{"@id":"https:\/\/ohmondessin.com\/#website"},"primaryImageOfPage":{"@id":"https:\/\/ohmondessin.com\/index.php\/product\/bougie-la-nana-de-maisons-laffitte\/#primaryimage"},"image":{"@id":"https:\/\/ohmondessin.com\/index.php\/product\/bougie-la-nana-de-maisons-laffitte\/#primaryimage"},"thumbnailUrl":"https:\/\/ohmondessin.com\/wp-content\/uploads\/2023\/03\/BOUGIES-Maisons-Laffitte-min.png","datePublished":"2025-11-09T14:32:07+00:00","dateModified":"2026-01-15T00:01:50+00:00","breadcrumb":{"@id":"https:\/\/ohmondessin.com\/index.php\/product\/bougie-la-nana-de-maisons-laffitte\/#breadcrumb"},"inLanguage":"fr-FR","potentialAction":[{"@type":"ReadAction","target":["https:\/\/ohmondessin.com\/index.php\/product\/bougie-la-nana-de-maisons-laffitte\/"]}]},{"@type":"ImageObject","inLanguage":"fr-FR","@id":"https:\/\/ohmondessin.com\/index.php\/product\/bougie-la-nana-de-maisons-laffitte\/#primaryimage","url":"https:\/\/ohmondessin.com\/wp-content\/uploads\/2023\/03\/BOUGIES-Maisons-Laffitte-min.png","contentUrl":"https:\/\/ohmondessin.com\/wp-content\/uploads\/2023\/03\/BOUGIES-Maisons-Laffitte-min.png","width":2899,"height":3276,"caption":"BOUGIES-Maisons-Laffitte-min"},{"@type":"BreadcrumbList","@id":"https:\/\/ohmondessin.com\/index.php\/product\/bougie-la-nana-de-maisons-laffitte\/#breadcrumb","itemListElement":[{"@type":"ListItem","position":1,"name":"Accueil","item":"https:\/\/ohmondessin.com\/"},{"@type":"ListItem","position":2,"name":"La boutique","item":"https:\/\/ohmondessin.com\/index.php\/la-boutique\/"},{"@type":"ListItem","position":3,"name":"Bougie \u00ab\u00a0La Nana de Maisons-Laffitte\u00a0\u00bb"}]},{"@type":"WebSite","@id":"https:\/\/ohmondessin.com\/#website","url":"https:\/\/ohmondessin.com\/","name":"ohmondessin.com","description":"De l\u2019illustration et du fait-main","publisher":{"@id":"https:\/\/ohmondessin.com\/#organization"},"potentialAction":[{"@type":"SearchAction","target":{"@type":"EntryPoint","urlTemplate":"https:\/\/ohmondessin.com\/?s={search_term_string}"},"query-input":{"@type":"PropertyValueSpecification","valueRequired":true,"valueName":"search_term_string"}}],"inLanguage":"fr-FR"},{"@type":"Organization","@id":"https:\/\/ohmondessin.com\/#organization","name":"ohmondessin.com","url":"https:\/\/ohmondessin.com\/","logo":{"@type":"ImageObject","inLanguage":"fr-FR","@id":"https:\/\/ohmondessin.com\/#\/schema\/logo\/image\/","url":"https:\/\/ohmondessin.com\/wp-content\/uploads\/2023\/01\/logo_OHMD-dark.png","contentUrl":"https:\/\/ohmondessin.com\/wp-content\/uploads\/2023\/01\/logo_OHMD-dark.png","width":500,"height":500,"caption":"ohmondessin.com"},"image":{"@id":"https:\/\/ohmondessin.com\/#\/schema\/logo\/image\/"},"sameAs":["https:\/\/www.facebook.com\/Ohmondessin","https:\/\/www.instagram.com\/ohmondessin\/"]}]}},"jetpack_sharing_enabled":true,"_links":{"self":[{"href":"https:\/\/ohmondessin.com\/index.php\/wp-json\/wp\/v2\/product\/5542","targetHints":{"allow":["GET"]}}],"collection":[{"href":"https:\/\/ohmondessin.com\/index.php\/wp-json\/wp\/v2\/product"}],"about":[{"href":"https:\/\/ohmondessin.com\/index.php\/wp-json\/wp\/v2\/types\/product"}],"replies":[{"embeddable":true,"href":"https:\/\/ohmondessin.com\/index.php\/wp-json\/wp\/v2\/comments?post=5542"}],"wp:featuredmedia":[{"embeddable":true,"href":"https:\/\/ohmondessin.com\/index.php\/wp-json\/wp\/v2\/media\/5546"}],"wp:attachment":[{"href":"https:\/\/ohmondessin.com\/index.php\/wp-json\/wp\/v2\/media?parent=5542"}],"wp:term":[{"taxonomy":"product_brand","embeddable":true,"href":"https:\/\/ohmondessin.com\/index.php\/wp-json\/wp\/v2\/product_brand?post=5542"},{"taxonomy":"product_cat","embeddable":true,"href":"https:\/\/ohmondessin.com\/index.php\/wp-json\/wp\/v2\/product_cat?post=5542"},{"taxonomy":"product_tag","embeddable":true,"href":"https:\/\/ohmondessin.com\/index.php\/wp-json\/wp\/v2\/product_tag?post=5542"}],"curies":[{"name":"wp","href":"https:\/\/api.w.org\/{rel}","templated":true}]}}