{"id":5549,"date":"2025-11-09T15:22:09","date_gmt":"2025-11-09T15:22:09","guid":{"rendered":"https:\/\/ohmondessin.com\/?post_type=product&#038;p=5549"},"modified":"2026-01-15T00:01:50","modified_gmt":"2026-01-15T00:01:50","slug":"bougie-la-parisienne","status":"publish","type":"product","link":"https:\/\/ohmondessin.com\/index.php\/product\/bougie-la-parisienne\/","title":{"rendered":"Bougie \u00ab\u00a0La Parisienne\u00a0\u00bb"},"content":{"rendered":"<p>Cire ve\u0301ge\u0301tale &#8211; M\u00e8che coton &#8211; Joli tube blanc fourni avec la bougie<\/p>\n<div class=\"page\" title=\"Page 1\">\n<div class=\"section\">\n<div class=\"layoutArea\">\n<div class=\"column\">\n<p>Fabrique\u0301e par un cirier d\u2019art en Charente-Maritime\u00a0\ud83c\uddeb\ud83c\uddf7<\/p>\n<\/div>\n<\/div>\n<\/div>\n<\/div>\n","protected":false},"excerpt":{"rendered":"<div class=\"page\" title=\"Page 1\">\n<div class=\"section\">\n<div class=\"layoutArea\">\n<div class=\"column\">\n<p><em>Parfum : Rose d&rsquo;Orient &#8211; Rhubarbe &#8211; Encens<\/em><\/p>\n<p>Inspir\u00e9e par les jolies parisiennes so chic!<\/p>\n<\/div>\n<p>Bougie \u00e0 la cire v\u00e9g\u00e9tale (180g) et m\u00e8che coton con\u00e7ue pour 47h de brulage.\u00a0Fabriqu\u00e9e en France et exp\u00e9di\u00e9e dans son tube blanc avec l&rsquo;illustration de la Parisienne.<\/p>\n<p>&nbsp;<\/p>\n<\/div>\n<\/div>\n<\/div>\n","protected":false},"featured_media":5562,"comment_status":"open","ping_status":"closed","template":"","meta":[],"product_brand":[],"product_cat":[1235,1304,780,612],"product_tag":[455,613,619,616,622,626,617,618,323,614,624,620,623,354,625,355],"class_list":{"0":"post-5549","1":"product","2":"type-product","3":"status-publish","4":"has-post-thumbnail","6":"product_cat-guide-cadeaux-de-noel","7":"product_cat-st-valentin","8":"product_cat-maison","9":"product_cat-bougies","10":"product_tag-affiche-beret-paris","11":"product_tag-bougie","12":"product_tag-bougie-maison","13":"product_tag-bougie-parfumee","14":"product_tag-bougie-paris","15":"product_tag-bougie-tour-eiffel","16":"product_tag-cadeau-bougie","17":"product_tag-cadeau-maison","18":"product_tag-cadeau-maman","19":"product_tag-cavalier","20":"product_tag-cliche-paris","21":"product_tag-decoration-bougie","22":"product_tag-decoration-paris","23":"product_tag-paris","24":"product_tag-paris-tour-eiffel","25":"product_tag-parisienne","26":"product_shipping_class-puzzles","28":"first","29":"instock","30":"taxable","31":"shipping-taxable","32":"purchasable","33":"product-type-simple"},"yoast_head":"<!-- This site is optimized with the Yoast SEO plugin v24.6 - https:\/\/yoast.com\/wordpress\/plugins\/seo\/ -->\n<title>Bougie &quot;La Parisienne&quot; - ohmondessin.com<\/title>\n<meta name=\"robots\" content=\"index, follow, max-snippet:-1, max-image-preview:large, max-video-preview:-1\" \/>\n<link rel=\"canonical\" href=\"https:\/\/ohmondessin.com\/index.php\/product\/bougie-la-parisienne\/\" \/>\n<meta property=\"og:locale\" content=\"fr_FR\" \/>\n<meta property=\"og:type\" content=\"article\" \/>\n<meta property=\"og:title\" content=\"Bougie &quot;La Parisienne&quot; - ohmondessin.com\" \/>\n<meta property=\"og:description\" content=\"Parfum : Rose d&#039;Orient - Rhubarbe - Encens  Inspir\u00e9e par les jolies parisiennes so chic!   Bougie \u00e0 la cire v\u00e9g\u00e9tale (180g) et m\u00e8che coton con\u00e7ue pour 47h de brulage.\u00a0Fabriqu\u00e9e en France et exp\u00e9di\u00e9e dans son tube blanc avec l&#039;illustration de la Parisienne.  &nbsp;\" \/>\n<meta property=\"og:url\" content=\"https:\/\/ohmondessin.com\/index.php\/product\/bougie-la-parisienne\/\" \/>\n<meta property=\"og:site_name\" content=\"ohmondessin.com\" \/>\n<meta property=\"article:publisher\" content=\"https:\/\/www.facebook.com\/Ohmondessin\" \/>\n<meta property=\"article:modified_time\" content=\"2026-01-15T00:01:50+00:00\" \/>\n<meta property=\"og:image\" content=\"http:\/\/ohmondessin.com\/wp-content\/uploads\/2023\/03\/BOUGIES-Parisienne-min-min-scaled.jpg\" \/>\n\t<meta property=\"og:image:width\" content=\"2265\" \/>\n\t<meta property=\"og:image:height\" content=\"2560\" \/>\n\t<meta property=\"og:image:type\" content=\"image\/jpeg\" \/>\n<meta name=\"twitter:card\" content=\"summary_large_image\" \/>\n<meta name=\"twitter:label1\" content=\"Dur\u00e9e de lecture estim\u00e9e\" \/>\n\t<meta name=\"twitter:data1\" content=\"1 minute\" \/>\n<script type=\"application\/ld+json\" class=\"yoast-schema-graph\">{\"@context\":\"https:\/\/schema.org\",\"@graph\":[{\"@type\":\"WebPage\",\"@id\":\"https:\/\/ohmondessin.com\/index.php\/product\/bougie-la-parisienne\/\",\"url\":\"https:\/\/ohmondessin.com\/index.php\/product\/bougie-la-parisienne\/\",\"name\":\"Bougie \\\"La Parisienne\\\" - ohmondessin.com\",\"isPartOf\":{\"@id\":\"https:\/\/ohmondessin.com\/#website\"},\"primaryImageOfPage\":{\"@id\":\"https:\/\/ohmondessin.com\/index.php\/product\/bougie-la-parisienne\/#primaryimage\"},\"image\":{\"@id\":\"https:\/\/ohmondessin.com\/index.php\/product\/bougie-la-parisienne\/#primaryimage\"},\"thumbnailUrl\":\"https:\/\/ohmondessin.com\/wp-content\/uploads\/2023\/03\/BOUGIES-Parisienne-min-min-scaled.jpg\",\"datePublished\":\"2025-11-09T15:22:09+00:00\",\"dateModified\":\"2026-01-15T00:01:50+00:00\",\"breadcrumb\":{\"@id\":\"https:\/\/ohmondessin.com\/index.php\/product\/bougie-la-parisienne\/#breadcrumb\"},\"inLanguage\":\"fr-FR\",\"potentialAction\":[{\"@type\":\"ReadAction\",\"target\":[\"https:\/\/ohmondessin.com\/index.php\/product\/bougie-la-parisienne\/\"]}]},{\"@type\":\"ImageObject\",\"inLanguage\":\"fr-FR\",\"@id\":\"https:\/\/ohmondessin.com\/index.php\/product\/bougie-la-parisienne\/#primaryimage\",\"url\":\"https:\/\/ohmondessin.com\/wp-content\/uploads\/2023\/03\/BOUGIES-Parisienne-min-min-scaled.jpg\",\"contentUrl\":\"https:\/\/ohmondessin.com\/wp-content\/uploads\/2023\/03\/BOUGIES-Parisienne-min-min-scaled.jpg\",\"width\":2265,\"height\":2560,\"caption\":\"BOUGIES-Parisienne\"},{\"@type\":\"BreadcrumbList\",\"@id\":\"https:\/\/ohmondessin.com\/index.php\/product\/bougie-la-parisienne\/#breadcrumb\",\"itemListElement\":[{\"@type\":\"ListItem\",\"position\":1,\"name\":\"Accueil\",\"item\":\"https:\/\/ohmondessin.com\/\"},{\"@type\":\"ListItem\",\"position\":2,\"name\":\"La boutique\",\"item\":\"https:\/\/ohmondessin.com\/index.php\/la-boutique\/\"},{\"@type\":\"ListItem\",\"position\":3,\"name\":\"Bougie \u00ab\u00a0La Parisienne\u00a0\u00bb\"}]},{\"@type\":\"WebSite\",\"@id\":\"https:\/\/ohmondessin.com\/#website\",\"url\":\"https:\/\/ohmondessin.com\/\",\"name\":\"ohmondessin.com\",\"description\":\"De l\u2019illustration et du fait-main\",\"publisher\":{\"@id\":\"https:\/\/ohmondessin.com\/#organization\"},\"potentialAction\":[{\"@type\":\"SearchAction\",\"target\":{\"@type\":\"EntryPoint\",\"urlTemplate\":\"https:\/\/ohmondessin.com\/?s={search_term_string}\"},\"query-input\":{\"@type\":\"PropertyValueSpecification\",\"valueRequired\":true,\"valueName\":\"search_term_string\"}}],\"inLanguage\":\"fr-FR\"},{\"@type\":\"Organization\",\"@id\":\"https:\/\/ohmondessin.com\/#organization\",\"name\":\"ohmondessin.com\",\"url\":\"https:\/\/ohmondessin.com\/\",\"logo\":{\"@type\":\"ImageObject\",\"inLanguage\":\"fr-FR\",\"@id\":\"https:\/\/ohmondessin.com\/#\/schema\/logo\/image\/\",\"url\":\"https:\/\/ohmondessin.com\/wp-content\/uploads\/2023\/01\/logo_OHMD-dark.png\",\"contentUrl\":\"https:\/\/ohmondessin.com\/wp-content\/uploads\/2023\/01\/logo_OHMD-dark.png\",\"width\":500,\"height\":500,\"caption\":\"ohmondessin.com\"},\"image\":{\"@id\":\"https:\/\/ohmondessin.com\/#\/schema\/logo\/image\/\"},\"sameAs\":[\"https:\/\/www.facebook.com\/Ohmondessin\",\"https:\/\/www.instagram.com\/ohmondessin\/\"]}]}<\/script>\n<!-- \/ Yoast SEO plugin. -->","yoast_head_json":{"title":"Bougie \"La Parisienne\" - ohmondessin.com","robots":{"index":"index","follow":"follow","max-snippet":"max-snippet:-1","max-image-preview":"max-image-preview:large","max-video-preview":"max-video-preview:-1"},"canonical":"https:\/\/ohmondessin.com\/index.php\/product\/bougie-la-parisienne\/","og_locale":"fr_FR","og_type":"article","og_title":"Bougie \"La Parisienne\" - ohmondessin.com","og_description":"Parfum : Rose d'Orient - Rhubarbe - Encens  Inspir\u00e9e par les jolies parisiennes so chic!   Bougie \u00e0 la cire v\u00e9g\u00e9tale (180g) et m\u00e8che coton con\u00e7ue pour 47h de brulage.\u00a0Fabriqu\u00e9e en France et exp\u00e9di\u00e9e dans son tube blanc avec l'illustration de la Parisienne.  &nbsp;","og_url":"https:\/\/ohmondessin.com\/index.php\/product\/bougie-la-parisienne\/","og_site_name":"ohmondessin.com","article_publisher":"https:\/\/www.facebook.com\/Ohmondessin","article_modified_time":"2026-01-15T00:01:50+00:00","og_image":[{"width":2265,"height":2560,"url":"http:\/\/ohmondessin.com\/wp-content\/uploads\/2023\/03\/BOUGIES-Parisienne-min-min-scaled.jpg","type":"image\/jpeg"}],"twitter_card":"summary_large_image","twitter_misc":{"Dur\u00e9e de lecture estim\u00e9e":"1 minute"},"schema":{"@context":"https:\/\/schema.org","@graph":[{"@type":"WebPage","@id":"https:\/\/ohmondessin.com\/index.php\/product\/bougie-la-parisienne\/","url":"https:\/\/ohmondessin.com\/index.php\/product\/bougie-la-parisienne\/","name":"Bougie \"La Parisienne\" - ohmondessin.com","isPartOf":{"@id":"https:\/\/ohmondessin.com\/#website"},"primaryImageOfPage":{"@id":"https:\/\/ohmondessin.com\/index.php\/product\/bougie-la-parisienne\/#primaryimage"},"image":{"@id":"https:\/\/ohmondessin.com\/index.php\/product\/bougie-la-parisienne\/#primaryimage"},"thumbnailUrl":"https:\/\/ohmondessin.com\/wp-content\/uploads\/2023\/03\/BOUGIES-Parisienne-min-min-scaled.jpg","datePublished":"2025-11-09T15:22:09+00:00","dateModified":"2026-01-15T00:01:50+00:00","breadcrumb":{"@id":"https:\/\/ohmondessin.com\/index.php\/product\/bougie-la-parisienne\/#breadcrumb"},"inLanguage":"fr-FR","potentialAction":[{"@type":"ReadAction","target":["https:\/\/ohmondessin.com\/index.php\/product\/bougie-la-parisienne\/"]}]},{"@type":"ImageObject","inLanguage":"fr-FR","@id":"https:\/\/ohmondessin.com\/index.php\/product\/bougie-la-parisienne\/#primaryimage","url":"https:\/\/ohmondessin.com\/wp-content\/uploads\/2023\/03\/BOUGIES-Parisienne-min-min-scaled.jpg","contentUrl":"https:\/\/ohmondessin.com\/wp-content\/uploads\/2023\/03\/BOUGIES-Parisienne-min-min-scaled.jpg","width":2265,"height":2560,"caption":"BOUGIES-Parisienne"},{"@type":"BreadcrumbList","@id":"https:\/\/ohmondessin.com\/index.php\/product\/bougie-la-parisienne\/#breadcrumb","itemListElement":[{"@type":"ListItem","position":1,"name":"Accueil","item":"https:\/\/ohmondessin.com\/"},{"@type":"ListItem","position":2,"name":"La boutique","item":"https:\/\/ohmondessin.com\/index.php\/la-boutique\/"},{"@type":"ListItem","position":3,"name":"Bougie \u00ab\u00a0La Parisienne\u00a0\u00bb"}]},{"@type":"WebSite","@id":"https:\/\/ohmondessin.com\/#website","url":"https:\/\/ohmondessin.com\/","name":"ohmondessin.com","description":"De l\u2019illustration et du fait-main","publisher":{"@id":"https:\/\/ohmondessin.com\/#organization"},"potentialAction":[{"@type":"SearchAction","target":{"@type":"EntryPoint","urlTemplate":"https:\/\/ohmondessin.com\/?s={search_term_string}"},"query-input":{"@type":"PropertyValueSpecification","valueRequired":true,"valueName":"search_term_string"}}],"inLanguage":"fr-FR"},{"@type":"Organization","@id":"https:\/\/ohmondessin.com\/#organization","name":"ohmondessin.com","url":"https:\/\/ohmondessin.com\/","logo":{"@type":"ImageObject","inLanguage":"fr-FR","@id":"https:\/\/ohmondessin.com\/#\/schema\/logo\/image\/","url":"https:\/\/ohmondessin.com\/wp-content\/uploads\/2023\/01\/logo_OHMD-dark.png","contentUrl":"https:\/\/ohmondessin.com\/wp-content\/uploads\/2023\/01\/logo_OHMD-dark.png","width":500,"height":500,"caption":"ohmondessin.com"},"image":{"@id":"https:\/\/ohmondessin.com\/#\/schema\/logo\/image\/"},"sameAs":["https:\/\/www.facebook.com\/Ohmondessin","https:\/\/www.instagram.com\/ohmondessin\/"]}]}},"jetpack_sharing_enabled":true,"_links":{"self":[{"href":"https:\/\/ohmondessin.com\/index.php\/wp-json\/wp\/v2\/product\/5549","targetHints":{"allow":["GET"]}}],"collection":[{"href":"https:\/\/ohmondessin.com\/index.php\/wp-json\/wp\/v2\/product"}],"about":[{"href":"https:\/\/ohmondessin.com\/index.php\/wp-json\/wp\/v2\/types\/product"}],"replies":[{"embeddable":true,"href":"https:\/\/ohmondessin.com\/index.php\/wp-json\/wp\/v2\/comments?post=5549"}],"wp:featuredmedia":[{"embeddable":true,"href":"https:\/\/ohmondessin.com\/index.php\/wp-json\/wp\/v2\/media\/5562"}],"wp:attachment":[{"href":"https:\/\/ohmondessin.com\/index.php\/wp-json\/wp\/v2\/media?parent=5549"}],"wp:term":[{"taxonomy":"product_brand","embeddable":true,"href":"https:\/\/ohmondessin.com\/index.php\/wp-json\/wp\/v2\/product_brand?post=5549"},{"taxonomy":"product_cat","embeddable":true,"href":"https:\/\/ohmondessin.com\/index.php\/wp-json\/wp\/v2\/product_cat?post=5549"},{"taxonomy":"product_tag","embeddable":true,"href":"https:\/\/ohmondessin.com\/index.php\/wp-json\/wp\/v2\/product_tag?post=5549"}],"curies":[{"name":"wp","href":"https:\/\/api.w.org\/{rel}","templated":true}]}}