{"id":5614,"date":"2023-04-11T15:05:25","date_gmt":"2023-04-11T15:05:25","guid":{"rendered":"https:\/\/ohmondessin.com\/?post_type=product&#038;p=5614"},"modified":"2026-01-15T00:03:31","modified_gmt":"2026-01-15T00:03:31","slug":"affiche-la-nana-de-maisons-laffitte","status":"publish","type":"product","link":"https:\/\/ohmondessin.com\/index.php\/product\/affiche-la-nana-de-maisons-laffitte\/","title":{"rendered":"Affiche \u00ab\u00a0La Nana de Maisons-Laffitte\u00a0\u00bb"},"content":{"rendered":"<p>Cette illustration est r\u00e9alis\u00e9e, imprim\u00e9e et emball\u00e9e dans mon atelier \u00e0 Maisons-Laffitte (78)<\/p>\n<p><em>\ud83d\ude9a Livraison gratuite \u00e0 partir de 80\u20ac d\u2019achats<\/em><\/p>\n","protected":false},"excerpt":{"rendered":"<p>Une affiche sur ma jolie ville avec l&rsquo;incontournable monde \u00e9questre, le fameux Paris-Brest et le ch\u00e2teau de Maisons-Laffitte !<\/p>\n<p>Illustration imprim\u00e9e avec des encres riches et vibrantes sur un papier mate premium de 210 g\/m\u00b2.<\/p>\n<p>Sur chaque affiche au format A3 (29,7x42cm), vous retrouverez centr\u00e9 en bas, l&#8217;empreinte en relief de notre logo gr\u00e2ce \u00e0 l&rsquo;utilisation d&rsquo;une pince \u00e0 gaufrer. Cette signature marque avec \u00e9l\u00e9gance le papier et certifie l&rsquo;affiche.<\/p>\n<p>Cette illustration est dessin\u00e9e, imprim\u00e9e et emball\u00e9e dans mon atelier \u00e0 Maisons-Laffitte (78).<\/p>\n<p>Existe aussi en cartes postales, toutes-bags et mugs !<\/p>\n<p>&nbsp;<\/p>\n<p>&nbsp;<\/p>\n","protected":false},"featured_media":4323,"comment_status":"open","ping_status":"closed","template":"","meta":[],"product_brand":[],"product_cat":[745,752,746],"product_tag":[105,111,141,140,112,346,138,556,108,139,109,110,106,107],"class_list":{"0":"post-5614","1":"product","2":"type-product","3":"status-publish","4":"has-post-thumbnail","6":"product_cat-affiches","7":"product_cat-affiches-villes-affiches","8":"product_cat-toutes-les-affiches","9":"product_tag-affiche","10":"product_tag-affiche-cavaliere","11":"product_tag-affiche-chateau","12":"product_tag-affiche-cheval","13":"product_tag-affiche-france","14":"product_tag-affiche-maisons-laffitte","15":"product_tag-affiche-paris","16":"product_tag-affiche-paris-brest","17":"product_tag-affiche-yvelines","18":"product_tag-fait-main","19":"product_tag-maisons-laffitte","20":"product_tag-paris-brest","21":"product_tag-poster","22":"product_tag-yvelines","23":"product_shipping_class-lettre-suivie","25":"first","26":"instock","27":"taxable","28":"shipping-taxable","29":"purchasable","30":"product-type-variable"},"yoast_head":"<!-- This site is optimized with the Yoast SEO plugin v24.6 - https:\/\/yoast.com\/wordpress\/plugins\/seo\/ -->\n<title>Affiche &quot;La Nana de Maisons-Laffitte&quot; - ohmondessin.com<\/title>\n<meta name=\"robots\" content=\"index, follow, max-snippet:-1, max-image-preview:large, max-video-preview:-1\" \/>\n<link rel=\"canonical\" href=\"https:\/\/ohmondessin.com\/index.php\/product\/affiche-la-nana-de-maisons-laffitte\/\" \/>\n<meta property=\"og:locale\" content=\"fr_FR\" \/>\n<meta property=\"og:type\" content=\"article\" \/>\n<meta property=\"og:title\" content=\"Affiche &quot;La Nana de Maisons-Laffitte&quot; - ohmondessin.com\" \/>\n<meta property=\"og:description\" content=\"Une affiche sur ma jolie ville avec l&#039;incontournable monde \u00e9questre, le fameux Paris-Brest et le ch\u00e2teau de Maisons-Laffitte !  Illustration imprim\u00e9e avec des encres riches et vibrantes sur un papier mate premium de 210 g\/m\u00b2.  Sur chaque affiche au format A3 (29,7x42cm), vous retrouverez centr\u00e9 en bas, l&#039;empreinte en relief de notre logo gr\u00e2ce \u00e0 l&#039;utilisation d&#039;une pince \u00e0 gaufrer. Cette signature marque avec \u00e9l\u00e9gance le papier et certifie l&#039;affiche.  Cette illustration est dessin\u00e9e, imprim\u00e9e et emball\u00e9e dans mon atelier \u00e0 Maisons-Laffitte (78).  Existe aussi en cartes postales, toutes-bags et mugs !  &nbsp;  &nbsp;\" \/>\n<meta property=\"og:url\" content=\"https:\/\/ohmondessin.com\/index.php\/product\/affiche-la-nana-de-maisons-laffitte\/\" \/>\n<meta property=\"og:site_name\" content=\"ohmondessin.com\" \/>\n<meta property=\"article:publisher\" content=\"https:\/\/www.facebook.com\/Ohmondessin\" \/>\n<meta property=\"article:modified_time\" content=\"2026-01-15T00:03:31+00:00\" \/>\n<meta property=\"og:image\" content=\"http:\/\/ohmondessin.com\/wp-content\/uploads\/2023\/01\/Affiche-Maisons-Laffitte.jpg\" \/>\n\t<meta property=\"og:image:width\" content=\"1000\" \/>\n\t<meta property=\"og:image:height\" content=\"1000\" \/>\n\t<meta property=\"og:image:type\" content=\"image\/jpeg\" \/>\n<meta name=\"twitter:card\" content=\"summary_large_image\" \/>\n<meta name=\"twitter:label1\" content=\"Dur\u00e9e de lecture estim\u00e9e\" \/>\n\t<meta name=\"twitter:data1\" content=\"1 minute\" \/>\n<script type=\"application\/ld+json\" class=\"yoast-schema-graph\">{\"@context\":\"https:\/\/schema.org\",\"@graph\":[{\"@type\":\"WebPage\",\"@id\":\"https:\/\/ohmondessin.com\/index.php\/product\/affiche-la-nana-de-maisons-laffitte\/\",\"url\":\"https:\/\/ohmondessin.com\/index.php\/product\/affiche-la-nana-de-maisons-laffitte\/\",\"name\":\"Affiche \\\"La Nana de Maisons-Laffitte\\\" - ohmondessin.com\",\"isPartOf\":{\"@id\":\"https:\/\/ohmondessin.com\/#website\"},\"primaryImageOfPage\":{\"@id\":\"https:\/\/ohmondessin.com\/index.php\/product\/affiche-la-nana-de-maisons-laffitte\/#primaryimage\"},\"image\":{\"@id\":\"https:\/\/ohmondessin.com\/index.php\/product\/affiche-la-nana-de-maisons-laffitte\/#primaryimage\"},\"thumbnailUrl\":\"https:\/\/ohmondessin.com\/wp-content\/uploads\/2023\/01\/Affiche-Maisons-Laffitte.jpg\",\"datePublished\":\"2023-04-11T15:05:25+00:00\",\"dateModified\":\"2026-01-15T00:03:31+00:00\",\"breadcrumb\":{\"@id\":\"https:\/\/ohmondessin.com\/index.php\/product\/affiche-la-nana-de-maisons-laffitte\/#breadcrumb\"},\"inLanguage\":\"fr-FR\",\"potentialAction\":[{\"@type\":\"ReadAction\",\"target\":[\"https:\/\/ohmondessin.com\/index.php\/product\/affiche-la-nana-de-maisons-laffitte\/\"]}]},{\"@type\":\"ImageObject\",\"inLanguage\":\"fr-FR\",\"@id\":\"https:\/\/ohmondessin.com\/index.php\/product\/affiche-la-nana-de-maisons-laffitte\/#primaryimage\",\"url\":\"https:\/\/ohmondessin.com\/wp-content\/uploads\/2023\/01\/Affiche-Maisons-Laffitte.jpg\",\"contentUrl\":\"https:\/\/ohmondessin.com\/wp-content\/uploads\/2023\/01\/Affiche-Maisons-Laffitte.jpg\",\"width\":1000,\"height\":1000},{\"@type\":\"BreadcrumbList\",\"@id\":\"https:\/\/ohmondessin.com\/index.php\/product\/affiche-la-nana-de-maisons-laffitte\/#breadcrumb\",\"itemListElement\":[{\"@type\":\"ListItem\",\"position\":1,\"name\":\"Accueil\",\"item\":\"https:\/\/ohmondessin.com\/\"},{\"@type\":\"ListItem\",\"position\":2,\"name\":\"La boutique\",\"item\":\"https:\/\/ohmondessin.com\/index.php\/la-boutique\/\"},{\"@type\":\"ListItem\",\"position\":3,\"name\":\"Affiche \u00ab\u00a0La Nana de Maisons-Laffitte\u00a0\u00bb\"}]},{\"@type\":\"WebSite\",\"@id\":\"https:\/\/ohmondessin.com\/#website\",\"url\":\"https:\/\/ohmondessin.com\/\",\"name\":\"ohmondessin.com\",\"description\":\"De l\u2019illustration et du fait-main\",\"publisher\":{\"@id\":\"https:\/\/ohmondessin.com\/#organization\"},\"potentialAction\":[{\"@type\":\"SearchAction\",\"target\":{\"@type\":\"EntryPoint\",\"urlTemplate\":\"https:\/\/ohmondessin.com\/?s={search_term_string}\"},\"query-input\":{\"@type\":\"PropertyValueSpecification\",\"valueRequired\":true,\"valueName\":\"search_term_string\"}}],\"inLanguage\":\"fr-FR\"},{\"@type\":\"Organization\",\"@id\":\"https:\/\/ohmondessin.com\/#organization\",\"name\":\"ohmondessin.com\",\"url\":\"https:\/\/ohmondessin.com\/\",\"logo\":{\"@type\":\"ImageObject\",\"inLanguage\":\"fr-FR\",\"@id\":\"https:\/\/ohmondessin.com\/#\/schema\/logo\/image\/\",\"url\":\"https:\/\/ohmondessin.com\/wp-content\/uploads\/2023\/01\/logo_OHMD-dark.png\",\"contentUrl\":\"https:\/\/ohmondessin.com\/wp-content\/uploads\/2023\/01\/logo_OHMD-dark.png\",\"width\":500,\"height\":500,\"caption\":\"ohmondessin.com\"},\"image\":{\"@id\":\"https:\/\/ohmondessin.com\/#\/schema\/logo\/image\/\"},\"sameAs\":[\"https:\/\/www.facebook.com\/Ohmondessin\",\"https:\/\/www.instagram.com\/ohmondessin\/\"]}]}<\/script>\n<!-- \/ Yoast SEO plugin. -->","yoast_head_json":{"title":"Affiche \"La Nana de Maisons-Laffitte\" - ohmondessin.com","robots":{"index":"index","follow":"follow","max-snippet":"max-snippet:-1","max-image-preview":"max-image-preview:large","max-video-preview":"max-video-preview:-1"},"canonical":"https:\/\/ohmondessin.com\/index.php\/product\/affiche-la-nana-de-maisons-laffitte\/","og_locale":"fr_FR","og_type":"article","og_title":"Affiche \"La Nana de Maisons-Laffitte\" - ohmondessin.com","og_description":"Une affiche sur ma jolie ville avec l'incontournable monde \u00e9questre, le fameux Paris-Brest et le ch\u00e2teau de Maisons-Laffitte !  Illustration imprim\u00e9e avec des encres riches et vibrantes sur un papier mate premium de 210 g\/m\u00b2.  Sur chaque affiche au format A3 (29,7x42cm), vous retrouverez centr\u00e9 en bas, l'empreinte en relief de notre logo gr\u00e2ce \u00e0 l'utilisation d'une pince \u00e0 gaufrer. Cette signature marque avec \u00e9l\u00e9gance le papier et certifie l'affiche.  Cette illustration est dessin\u00e9e, imprim\u00e9e et emball\u00e9e dans mon atelier \u00e0 Maisons-Laffitte (78).  Existe aussi en cartes postales, toutes-bags et mugs !  &nbsp;  &nbsp;","og_url":"https:\/\/ohmondessin.com\/index.php\/product\/affiche-la-nana-de-maisons-laffitte\/","og_site_name":"ohmondessin.com","article_publisher":"https:\/\/www.facebook.com\/Ohmondessin","article_modified_time":"2026-01-15T00:03:31+00:00","og_image":[{"width":1000,"height":1000,"url":"http:\/\/ohmondessin.com\/wp-content\/uploads\/2023\/01\/Affiche-Maisons-Laffitte.jpg","type":"image\/jpeg"}],"twitter_card":"summary_large_image","twitter_misc":{"Dur\u00e9e de lecture estim\u00e9e":"1 minute"},"schema":{"@context":"https:\/\/schema.org","@graph":[{"@type":"WebPage","@id":"https:\/\/ohmondessin.com\/index.php\/product\/affiche-la-nana-de-maisons-laffitte\/","url":"https:\/\/ohmondessin.com\/index.php\/product\/affiche-la-nana-de-maisons-laffitte\/","name":"Affiche \"La Nana de Maisons-Laffitte\" - ohmondessin.com","isPartOf":{"@id":"https:\/\/ohmondessin.com\/#website"},"primaryImageOfPage":{"@id":"https:\/\/ohmondessin.com\/index.php\/product\/affiche-la-nana-de-maisons-laffitte\/#primaryimage"},"image":{"@id":"https:\/\/ohmondessin.com\/index.php\/product\/affiche-la-nana-de-maisons-laffitte\/#primaryimage"},"thumbnailUrl":"https:\/\/ohmondessin.com\/wp-content\/uploads\/2023\/01\/Affiche-Maisons-Laffitte.jpg","datePublished":"2023-04-11T15:05:25+00:00","dateModified":"2026-01-15T00:03:31+00:00","breadcrumb":{"@id":"https:\/\/ohmondessin.com\/index.php\/product\/affiche-la-nana-de-maisons-laffitte\/#breadcrumb"},"inLanguage":"fr-FR","potentialAction":[{"@type":"ReadAction","target":["https:\/\/ohmondessin.com\/index.php\/product\/affiche-la-nana-de-maisons-laffitte\/"]}]},{"@type":"ImageObject","inLanguage":"fr-FR","@id":"https:\/\/ohmondessin.com\/index.php\/product\/affiche-la-nana-de-maisons-laffitte\/#primaryimage","url":"https:\/\/ohmondessin.com\/wp-content\/uploads\/2023\/01\/Affiche-Maisons-Laffitte.jpg","contentUrl":"https:\/\/ohmondessin.com\/wp-content\/uploads\/2023\/01\/Affiche-Maisons-Laffitte.jpg","width":1000,"height":1000},{"@type":"BreadcrumbList","@id":"https:\/\/ohmondessin.com\/index.php\/product\/affiche-la-nana-de-maisons-laffitte\/#breadcrumb","itemListElement":[{"@type":"ListItem","position":1,"name":"Accueil","item":"https:\/\/ohmondessin.com\/"},{"@type":"ListItem","position":2,"name":"La boutique","item":"https:\/\/ohmondessin.com\/index.php\/la-boutique\/"},{"@type":"ListItem","position":3,"name":"Affiche \u00ab\u00a0La Nana de Maisons-Laffitte\u00a0\u00bb"}]},{"@type":"WebSite","@id":"https:\/\/ohmondessin.com\/#website","url":"https:\/\/ohmondessin.com\/","name":"ohmondessin.com","description":"De l\u2019illustration et du fait-main","publisher":{"@id":"https:\/\/ohmondessin.com\/#organization"},"potentialAction":[{"@type":"SearchAction","target":{"@type":"EntryPoint","urlTemplate":"https:\/\/ohmondessin.com\/?s={search_term_string}"},"query-input":{"@type":"PropertyValueSpecification","valueRequired":true,"valueName":"search_term_string"}}],"inLanguage":"fr-FR"},{"@type":"Organization","@id":"https:\/\/ohmondessin.com\/#organization","name":"ohmondessin.com","url":"https:\/\/ohmondessin.com\/","logo":{"@type":"ImageObject","inLanguage":"fr-FR","@id":"https:\/\/ohmondessin.com\/#\/schema\/logo\/image\/","url":"https:\/\/ohmondessin.com\/wp-content\/uploads\/2023\/01\/logo_OHMD-dark.png","contentUrl":"https:\/\/ohmondessin.com\/wp-content\/uploads\/2023\/01\/logo_OHMD-dark.png","width":500,"height":500,"caption":"ohmondessin.com"},"image":{"@id":"https:\/\/ohmondessin.com\/#\/schema\/logo\/image\/"},"sameAs":["https:\/\/www.facebook.com\/Ohmondessin","https:\/\/www.instagram.com\/ohmondessin\/"]}]}},"jetpack_sharing_enabled":true,"_links":{"self":[{"href":"https:\/\/ohmondessin.com\/index.php\/wp-json\/wp\/v2\/product\/5614","targetHints":{"allow":["GET"]}}],"collection":[{"href":"https:\/\/ohmondessin.com\/index.php\/wp-json\/wp\/v2\/product"}],"about":[{"href":"https:\/\/ohmondessin.com\/index.php\/wp-json\/wp\/v2\/types\/product"}],"replies":[{"embeddable":true,"href":"https:\/\/ohmondessin.com\/index.php\/wp-json\/wp\/v2\/comments?post=5614"}],"wp:featuredmedia":[{"embeddable":true,"href":"https:\/\/ohmondessin.com\/index.php\/wp-json\/wp\/v2\/media\/4323"}],"wp:attachment":[{"href":"https:\/\/ohmondessin.com\/index.php\/wp-json\/wp\/v2\/media?parent=5614"}],"wp:term":[{"taxonomy":"product_brand","embeddable":true,"href":"https:\/\/ohmondessin.com\/index.php\/wp-json\/wp\/v2\/product_brand?post=5614"},{"taxonomy":"product_cat","embeddable":true,"href":"https:\/\/ohmondessin.com\/index.php\/wp-json\/wp\/v2\/product_cat?post=5614"},{"taxonomy":"product_tag","embeddable":true,"href":"https:\/\/ohmondessin.com\/index.php\/wp-json\/wp\/v2\/product_tag?post=5614"}],"curies":[{"name":"wp","href":"https:\/\/api.w.org\/{rel}","templated":true}]}}