{"id":5632,"date":"2023-04-16T16:40:38","date_gmt":"2023-04-16T16:40:38","guid":{"rendered":"https:\/\/ohmondessin.com\/?post_type=product&#038;p=5632"},"modified":"2025-12-17T15:33:48","modified_gmt":"2025-12-17T15:33:48","slug":"magnet-chat-qui-cuisine-la-fine-bouche-de-la-maison-cest-lui","status":"publish","type":"product","link":"https:\/\/ohmondessin.com\/index.php\/product\/magnet-chat-qui-cuisine-la-fine-bouche-de-la-maison-cest-lui\/","title":{"rendered":"Magnet Chat qui Cuisine \u00ab\u00a0La fine bouche de la maison, c&rsquo;est lui\u00a0\u00bb"},"content":{"rendered":"<p>\ud83c\uddeb\ud83c\uddf7 Produit imprim\u00e9 \u00e0 Paris et exp\u00e9di\u00e9 avec amour depuis mon petit atelier \u00e0 Maisons-Laffitte (78)<\/p>\n","protected":false},"excerpt":{"rendered":"<p>Parce que, c&rsquo;est bien connu : la fine bouche de la maison, c&rsquo;est le chat !<\/p>\n<p>\ud83c\uddeb\ud83c\uddf7 Produit imprim\u00e9 en France et exp\u00e9di\u00e9 avec amour depuis mon petit atelier \u00e0 Maisons-Laffitte (78)<\/p>\n","protected":false},"featured_media":5645,"comment_status":"open","ping_status":"closed","template":"","meta":[],"product_brand":[],"product_cat":[164],"product_tag":[666,542,665,664,660,243,661,662,663],"class_list":{"0":"post-5632","1":"product","2":"type-product","3":"status-publish","4":"has-post-thumbnail","6":"product_cat-magnets","7":"product_tag-affiche-chat-cuisine","8":"product_tag-affiche-cuisine","9":"product_tag-aimant-chat","10":"product_tag-aimant-cuisine","11":"product_tag-cuisine-chat","12":"product_tag-frigo-aimant","13":"product_tag-la-fine-bouche","14":"product_tag-magnet-chat","15":"product_tag-magnet-frigo-cuisine","17":"first","18":"outofstock","19":"purchasable","20":"product-type-simple"},"yoast_head":"<!-- This site is optimized with the Yoast SEO plugin v24.6 - https:\/\/yoast.com\/wordpress\/plugins\/seo\/ -->\n<title>Magnet Chat qui Cuisine &quot;La fine bouche de la maison, c&#039;est lui&quot; - ohmondessin.com<\/title>\n<meta name=\"robots\" content=\"index, follow, max-snippet:-1, max-image-preview:large, max-video-preview:-1\" \/>\n<link rel=\"canonical\" href=\"https:\/\/ohmondessin.com\/index.php\/product\/magnet-chat-qui-cuisine-la-fine-bouche-de-la-maison-cest-lui\/\" \/>\n<meta property=\"og:locale\" content=\"fr_FR\" \/>\n<meta property=\"og:type\" content=\"article\" \/>\n<meta property=\"og:title\" content=\"Magnet Chat qui Cuisine &quot;La fine bouche de la maison, c&#039;est lui&quot; - ohmondessin.com\" \/>\n<meta property=\"og:description\" content=\"Parce que, c&#039;est bien connu : la fine bouche de la maison, c&#039;est le chat !  \ud83c\uddeb\ud83c\uddf7 Produit imprim\u00e9 en France et exp\u00e9di\u00e9 avec amour depuis mon petit atelier \u00e0 Maisons-Laffitte (78)\" \/>\n<meta property=\"og:url\" content=\"https:\/\/ohmondessin.com\/index.php\/product\/magnet-chat-qui-cuisine-la-fine-bouche-de-la-maison-cest-lui\/\" \/>\n<meta property=\"og:site_name\" content=\"ohmondessin.com\" \/>\n<meta property=\"article:publisher\" content=\"https:\/\/www.facebook.com\/Ohmondessin\" \/>\n<meta property=\"article:modified_time\" content=\"2025-12-17T15:33:48+00:00\" \/>\n<meta property=\"og:image\" content=\"http:\/\/ohmondessin.com\/wp-content\/uploads\/2023\/04\/MAGNET_FINEBOUCHEB.jpg\" \/>\n\t<meta property=\"og:image:width\" content=\"1200\" \/>\n\t<meta property=\"og:image:height\" content=\"1200\" \/>\n\t<meta property=\"og:image:type\" content=\"image\/jpeg\" \/>\n<meta name=\"twitter:card\" content=\"summary_large_image\" \/>\n<meta name=\"twitter:label1\" content=\"Dur\u00e9e de lecture estim\u00e9e\" \/>\n\t<meta name=\"twitter:data1\" content=\"1 minute\" \/>\n<script type=\"application\/ld+json\" class=\"yoast-schema-graph\">{\"@context\":\"https:\/\/schema.org\",\"@graph\":[{\"@type\":\"WebPage\",\"@id\":\"https:\/\/ohmondessin.com\/index.php\/product\/magnet-chat-qui-cuisine-la-fine-bouche-de-la-maison-cest-lui\/\",\"url\":\"https:\/\/ohmondessin.com\/index.php\/product\/magnet-chat-qui-cuisine-la-fine-bouche-de-la-maison-cest-lui\/\",\"name\":\"Magnet Chat qui Cuisine \\\"La fine bouche de la maison, c'est lui\\\" - ohmondessin.com\",\"isPartOf\":{\"@id\":\"https:\/\/ohmondessin.com\/#website\"},\"primaryImageOfPage\":{\"@id\":\"https:\/\/ohmondessin.com\/index.php\/product\/magnet-chat-qui-cuisine-la-fine-bouche-de-la-maison-cest-lui\/#primaryimage\"},\"image\":{\"@id\":\"https:\/\/ohmondessin.com\/index.php\/product\/magnet-chat-qui-cuisine-la-fine-bouche-de-la-maison-cest-lui\/#primaryimage\"},\"thumbnailUrl\":\"https:\/\/ohmondessin.com\/wp-content\/uploads\/2023\/04\/MAGNET_FINEBOUCHEB.jpg\",\"datePublished\":\"2023-04-16T16:40:38+00:00\",\"dateModified\":\"2025-12-17T15:33:48+00:00\",\"breadcrumb\":{\"@id\":\"https:\/\/ohmondessin.com\/index.php\/product\/magnet-chat-qui-cuisine-la-fine-bouche-de-la-maison-cest-lui\/#breadcrumb\"},\"inLanguage\":\"fr-FR\",\"potentialAction\":[{\"@type\":\"ReadAction\",\"target\":[\"https:\/\/ohmondessin.com\/index.php\/product\/magnet-chat-qui-cuisine-la-fine-bouche-de-la-maison-cest-lui\/\"]}]},{\"@type\":\"ImageObject\",\"inLanguage\":\"fr-FR\",\"@id\":\"https:\/\/ohmondessin.com\/index.php\/product\/magnet-chat-qui-cuisine-la-fine-bouche-de-la-maison-cest-lui\/#primaryimage\",\"url\":\"https:\/\/ohmondessin.com\/wp-content\/uploads\/2023\/04\/MAGNET_FINEBOUCHEB.jpg\",\"contentUrl\":\"https:\/\/ohmondessin.com\/wp-content\/uploads\/2023\/04\/MAGNET_FINEBOUCHEB.jpg\",\"width\":1200,\"height\":1200},{\"@type\":\"BreadcrumbList\",\"@id\":\"https:\/\/ohmondessin.com\/index.php\/product\/magnet-chat-qui-cuisine-la-fine-bouche-de-la-maison-cest-lui\/#breadcrumb\",\"itemListElement\":[{\"@type\":\"ListItem\",\"position\":1,\"name\":\"Accueil\",\"item\":\"https:\/\/ohmondessin.com\/\"},{\"@type\":\"ListItem\",\"position\":2,\"name\":\"La boutique\",\"item\":\"https:\/\/ohmondessin.com\/index.php\/la-boutique\/\"},{\"@type\":\"ListItem\",\"position\":3,\"name\":\"Magnet Chat qui Cuisine \u00ab\u00a0La fine bouche de la maison, c&rsquo;est lui\u00a0\u00bb\"}]},{\"@type\":\"WebSite\",\"@id\":\"https:\/\/ohmondessin.com\/#website\",\"url\":\"https:\/\/ohmondessin.com\/\",\"name\":\"ohmondessin.com\",\"description\":\"De l\u2019illustration et du fait-main\",\"publisher\":{\"@id\":\"https:\/\/ohmondessin.com\/#organization\"},\"potentialAction\":[{\"@type\":\"SearchAction\",\"target\":{\"@type\":\"EntryPoint\",\"urlTemplate\":\"https:\/\/ohmondessin.com\/?s={search_term_string}\"},\"query-input\":{\"@type\":\"PropertyValueSpecification\",\"valueRequired\":true,\"valueName\":\"search_term_string\"}}],\"inLanguage\":\"fr-FR\"},{\"@type\":\"Organization\",\"@id\":\"https:\/\/ohmondessin.com\/#organization\",\"name\":\"ohmondessin.com\",\"url\":\"https:\/\/ohmondessin.com\/\",\"logo\":{\"@type\":\"ImageObject\",\"inLanguage\":\"fr-FR\",\"@id\":\"https:\/\/ohmondessin.com\/#\/schema\/logo\/image\/\",\"url\":\"https:\/\/ohmondessin.com\/wp-content\/uploads\/2023\/01\/logo_OHMD-dark.png\",\"contentUrl\":\"https:\/\/ohmondessin.com\/wp-content\/uploads\/2023\/01\/logo_OHMD-dark.png\",\"width\":500,\"height\":500,\"caption\":\"ohmondessin.com\"},\"image\":{\"@id\":\"https:\/\/ohmondessin.com\/#\/schema\/logo\/image\/\"},\"sameAs\":[\"https:\/\/www.facebook.com\/Ohmondessin\",\"https:\/\/www.instagram.com\/ohmondessin\/\"]}]}<\/script>\n<!-- \/ Yoast SEO plugin. -->","yoast_head_json":{"title":"Magnet Chat qui Cuisine \"La fine bouche de la maison, c'est lui\" - ohmondessin.com","robots":{"index":"index","follow":"follow","max-snippet":"max-snippet:-1","max-image-preview":"max-image-preview:large","max-video-preview":"max-video-preview:-1"},"canonical":"https:\/\/ohmondessin.com\/index.php\/product\/magnet-chat-qui-cuisine-la-fine-bouche-de-la-maison-cest-lui\/","og_locale":"fr_FR","og_type":"article","og_title":"Magnet Chat qui Cuisine \"La fine bouche de la maison, c'est lui\" - ohmondessin.com","og_description":"Parce que, c'est bien connu : la fine bouche de la maison, c'est le chat !  \ud83c\uddeb\ud83c\uddf7 Produit imprim\u00e9 en France et exp\u00e9di\u00e9 avec amour depuis mon petit atelier \u00e0 Maisons-Laffitte (78)","og_url":"https:\/\/ohmondessin.com\/index.php\/product\/magnet-chat-qui-cuisine-la-fine-bouche-de-la-maison-cest-lui\/","og_site_name":"ohmondessin.com","article_publisher":"https:\/\/www.facebook.com\/Ohmondessin","article_modified_time":"2025-12-17T15:33:48+00:00","og_image":[{"width":1200,"height":1200,"url":"http:\/\/ohmondessin.com\/wp-content\/uploads\/2023\/04\/MAGNET_FINEBOUCHEB.jpg","type":"image\/jpeg"}],"twitter_card":"summary_large_image","twitter_misc":{"Dur\u00e9e de lecture estim\u00e9e":"1 minute"},"schema":{"@context":"https:\/\/schema.org","@graph":[{"@type":"WebPage","@id":"https:\/\/ohmondessin.com\/index.php\/product\/magnet-chat-qui-cuisine-la-fine-bouche-de-la-maison-cest-lui\/","url":"https:\/\/ohmondessin.com\/index.php\/product\/magnet-chat-qui-cuisine-la-fine-bouche-de-la-maison-cest-lui\/","name":"Magnet Chat qui Cuisine \"La fine bouche de la maison, c'est lui\" - ohmondessin.com","isPartOf":{"@id":"https:\/\/ohmondessin.com\/#website"},"primaryImageOfPage":{"@id":"https:\/\/ohmondessin.com\/index.php\/product\/magnet-chat-qui-cuisine-la-fine-bouche-de-la-maison-cest-lui\/#primaryimage"},"image":{"@id":"https:\/\/ohmondessin.com\/index.php\/product\/magnet-chat-qui-cuisine-la-fine-bouche-de-la-maison-cest-lui\/#primaryimage"},"thumbnailUrl":"https:\/\/ohmondessin.com\/wp-content\/uploads\/2023\/04\/MAGNET_FINEBOUCHEB.jpg","datePublished":"2023-04-16T16:40:38+00:00","dateModified":"2025-12-17T15:33:48+00:00","breadcrumb":{"@id":"https:\/\/ohmondessin.com\/index.php\/product\/magnet-chat-qui-cuisine-la-fine-bouche-de-la-maison-cest-lui\/#breadcrumb"},"inLanguage":"fr-FR","potentialAction":[{"@type":"ReadAction","target":["https:\/\/ohmondessin.com\/index.php\/product\/magnet-chat-qui-cuisine-la-fine-bouche-de-la-maison-cest-lui\/"]}]},{"@type":"ImageObject","inLanguage":"fr-FR","@id":"https:\/\/ohmondessin.com\/index.php\/product\/magnet-chat-qui-cuisine-la-fine-bouche-de-la-maison-cest-lui\/#primaryimage","url":"https:\/\/ohmondessin.com\/wp-content\/uploads\/2023\/04\/MAGNET_FINEBOUCHEB.jpg","contentUrl":"https:\/\/ohmondessin.com\/wp-content\/uploads\/2023\/04\/MAGNET_FINEBOUCHEB.jpg","width":1200,"height":1200},{"@type":"BreadcrumbList","@id":"https:\/\/ohmondessin.com\/index.php\/product\/magnet-chat-qui-cuisine-la-fine-bouche-de-la-maison-cest-lui\/#breadcrumb","itemListElement":[{"@type":"ListItem","position":1,"name":"Accueil","item":"https:\/\/ohmondessin.com\/"},{"@type":"ListItem","position":2,"name":"La boutique","item":"https:\/\/ohmondessin.com\/index.php\/la-boutique\/"},{"@type":"ListItem","position":3,"name":"Magnet Chat qui Cuisine \u00ab\u00a0La fine bouche de la maison, c&rsquo;est lui\u00a0\u00bb"}]},{"@type":"WebSite","@id":"https:\/\/ohmondessin.com\/#website","url":"https:\/\/ohmondessin.com\/","name":"ohmondessin.com","description":"De l\u2019illustration et du fait-main","publisher":{"@id":"https:\/\/ohmondessin.com\/#organization"},"potentialAction":[{"@type":"SearchAction","target":{"@type":"EntryPoint","urlTemplate":"https:\/\/ohmondessin.com\/?s={search_term_string}"},"query-input":{"@type":"PropertyValueSpecification","valueRequired":true,"valueName":"search_term_string"}}],"inLanguage":"fr-FR"},{"@type":"Organization","@id":"https:\/\/ohmondessin.com\/#organization","name":"ohmondessin.com","url":"https:\/\/ohmondessin.com\/","logo":{"@type":"ImageObject","inLanguage":"fr-FR","@id":"https:\/\/ohmondessin.com\/#\/schema\/logo\/image\/","url":"https:\/\/ohmondessin.com\/wp-content\/uploads\/2023\/01\/logo_OHMD-dark.png","contentUrl":"https:\/\/ohmondessin.com\/wp-content\/uploads\/2023\/01\/logo_OHMD-dark.png","width":500,"height":500,"caption":"ohmondessin.com"},"image":{"@id":"https:\/\/ohmondessin.com\/#\/schema\/logo\/image\/"},"sameAs":["https:\/\/www.facebook.com\/Ohmondessin","https:\/\/www.instagram.com\/ohmondessin\/"]}]}},"jetpack_sharing_enabled":true,"_links":{"self":[{"href":"https:\/\/ohmondessin.com\/index.php\/wp-json\/wp\/v2\/product\/5632","targetHints":{"allow":["GET"]}}],"collection":[{"href":"https:\/\/ohmondessin.com\/index.php\/wp-json\/wp\/v2\/product"}],"about":[{"href":"https:\/\/ohmondessin.com\/index.php\/wp-json\/wp\/v2\/types\/product"}],"replies":[{"embeddable":true,"href":"https:\/\/ohmondessin.com\/index.php\/wp-json\/wp\/v2\/comments?post=5632"}],"wp:featuredmedia":[{"embeddable":true,"href":"https:\/\/ohmondessin.com\/index.php\/wp-json\/wp\/v2\/media\/5645"}],"wp:attachment":[{"href":"https:\/\/ohmondessin.com\/index.php\/wp-json\/wp\/v2\/media?parent=5632"}],"wp:term":[{"taxonomy":"product_brand","embeddable":true,"href":"https:\/\/ohmondessin.com\/index.php\/wp-json\/wp\/v2\/product_brand?post=5632"},{"taxonomy":"product_cat","embeddable":true,"href":"https:\/\/ohmondessin.com\/index.php\/wp-json\/wp\/v2\/product_cat?post=5632"},{"taxonomy":"product_tag","embeddable":true,"href":"https:\/\/ohmondessin.com\/index.php\/wp-json\/wp\/v2\/product_tag?post=5632"}],"curies":[{"name":"wp","href":"https:\/\/api.w.org\/{rel}","templated":true}]}}