{"id":5648,"date":"2023-04-22T14:19:42","date_gmt":"2023-04-22T14:19:42","guid":{"rendered":"https:\/\/ohmondessin.com\/?post_type=product&#038;p=5648"},"modified":"2026-01-15T00:01:55","modified_gmt":"2026-01-15T00:01:55","slug":"carte-merci","status":"publish","type":"product","link":"https:\/\/ohmondessin.com\/index.php\/product\/carte-merci\/","title":{"rendered":"Carte de remerciement \u00ab\u00a0Merci\u00a0\u00bb"},"content":{"rendered":"<p>\u2728 Carte double avec enveloppe, format 11,5 x 11,5 cm<\/p>\n<p>\u2728 Imprim\u00e9e sur du beau papier mat et fourni avec son enveloppe<\/p>\n<p>\u2728 Fabriqu\u00e9e dans mon atelier \u00e0 Maisons-Laffitte (78)<\/p>\n","protected":false},"excerpt":{"rendered":"<p>Une jolie carte pour dire merci, tout simplement.<\/p>\n<p>Il s&rsquo;agit d&rsquo;une reproduction d&rsquo;une illustration r\u00e9alis\u00e9e \u00e0 la gouache.<\/p>\n<p>Elle est imprim\u00e9e sur du beau papier mat \u00e9pais et vendue avec son enveloppe.<\/p>\n<p>Cette carte est dessin\u00e9e, imprim\u00e9e et emball\u00e9e dans mon atelier \u00e0 Maisons-Laffitte (78).<\/p>\n","protected":false},"featured_media":7232,"comment_status":"open","ping_status":"closed","template":"","meta":[],"product_brand":[],"product_cat":[1090,719,726,722],"product_tag":[105,506,696,694,372,695,139,763,762],"class_list":{"0":"post-5648","1":"product","2":"type-product","3":"status-publish","4":"has-post-thumbnail","6":"product_cat-affiches-cartes","7":"product_cat-carterie","8":"product_cat-collection-remerciement","9":"product_cat-toutes-les-cartes","10":"product_tag-affiche","11":"product_tag-carte-fleurs","12":"product_tag-carte-fleurs-merci","13":"product_tag-carte-merci","14":"product_tag-carte-postale","15":"product_tag-carte-remerciement","16":"product_tag-fait-main","17":"product_tag-illustration-fleurs","18":"product_tag-illustration-merci","19":"product_shipping_class-lettre-suivie","21":"first","22":"instock","23":"featured","24":"taxable","25":"shipping-taxable","26":"purchasable","27":"product-type-simple"},"yoast_head":"<!-- This site is optimized with the Yoast SEO plugin v24.6 - https:\/\/yoast.com\/wordpress\/plugins\/seo\/ -->\n<title>Carte de remerciement &quot;Merci&quot; - ohmondessin.com<\/title>\n<meta name=\"robots\" content=\"index, follow, max-snippet:-1, max-image-preview:large, max-video-preview:-1\" \/>\n<link rel=\"canonical\" href=\"https:\/\/ohmondessin.com\/index.php\/product\/carte-merci\/\" \/>\n<meta property=\"og:locale\" content=\"fr_FR\" \/>\n<meta property=\"og:type\" content=\"article\" \/>\n<meta property=\"og:title\" content=\"Carte de remerciement &quot;Merci&quot; - ohmondessin.com\" \/>\n<meta property=\"og:description\" content=\"Une jolie carte pour dire merci, tout simplement.  Il s&#039;agit d&#039;une reproduction d&#039;une illustration r\u00e9alis\u00e9e \u00e0 la gouache.  Elle est imprim\u00e9e sur du beau papier mat \u00e9pais et vendue avec son enveloppe.  Cette carte est dessin\u00e9e, imprim\u00e9e et emball\u00e9e dans mon atelier \u00e0 Maisons-Laffitte (78).\" \/>\n<meta property=\"og:url\" content=\"https:\/\/ohmondessin.com\/index.php\/product\/carte-merci\/\" \/>\n<meta property=\"og:site_name\" content=\"ohmondessin.com\" \/>\n<meta property=\"article:publisher\" content=\"https:\/\/www.facebook.com\/Ohmondessin\" \/>\n<meta property=\"article:modified_time\" content=\"2026-01-15T00:01:55+00:00\" \/>\n<meta property=\"og:image\" content=\"http:\/\/ohmondessin.com\/wp-content\/uploads\/2023\/04\/Cartecarreedouble_merci.jpg\" \/>\n\t<meta property=\"og:image:width\" content=\"1536\" \/>\n\t<meta property=\"og:image:height\" content=\"1536\" \/>\n\t<meta property=\"og:image:type\" content=\"image\/jpeg\" \/>\n<meta name=\"twitter:card\" content=\"summary_large_image\" \/>\n<meta name=\"twitter:label1\" content=\"Dur\u00e9e de lecture estim\u00e9e\" \/>\n\t<meta name=\"twitter:data1\" content=\"1 minute\" \/>\n<script type=\"application\/ld+json\" class=\"yoast-schema-graph\">{\"@context\":\"https:\/\/schema.org\",\"@graph\":[{\"@type\":\"WebPage\",\"@id\":\"https:\/\/ohmondessin.com\/index.php\/product\/carte-merci\/\",\"url\":\"https:\/\/ohmondessin.com\/index.php\/product\/carte-merci\/\",\"name\":\"Carte de remerciement \\\"Merci\\\" - ohmondessin.com\",\"isPartOf\":{\"@id\":\"https:\/\/ohmondessin.com\/#website\"},\"primaryImageOfPage\":{\"@id\":\"https:\/\/ohmondessin.com\/index.php\/product\/carte-merci\/#primaryimage\"},\"image\":{\"@id\":\"https:\/\/ohmondessin.com\/index.php\/product\/carte-merci\/#primaryimage\"},\"thumbnailUrl\":\"https:\/\/ohmondessin.com\/wp-content\/uploads\/2023\/04\/Cartecarreedouble_merci.jpg\",\"datePublished\":\"2023-04-22T14:19:42+00:00\",\"dateModified\":\"2026-01-15T00:01:55+00:00\",\"breadcrumb\":{\"@id\":\"https:\/\/ohmondessin.com\/index.php\/product\/carte-merci\/#breadcrumb\"},\"inLanguage\":\"fr-FR\",\"potentialAction\":[{\"@type\":\"ReadAction\",\"target\":[\"https:\/\/ohmondessin.com\/index.php\/product\/carte-merci\/\"]}]},{\"@type\":\"ImageObject\",\"inLanguage\":\"fr-FR\",\"@id\":\"https:\/\/ohmondessin.com\/index.php\/product\/carte-merci\/#primaryimage\",\"url\":\"https:\/\/ohmondessin.com\/wp-content\/uploads\/2023\/04\/Cartecarreedouble_merci.jpg\",\"contentUrl\":\"https:\/\/ohmondessin.com\/wp-content\/uploads\/2023\/04\/Cartecarreedouble_merci.jpg\",\"width\":1536,\"height\":1536},{\"@type\":\"BreadcrumbList\",\"@id\":\"https:\/\/ohmondessin.com\/index.php\/product\/carte-merci\/#breadcrumb\",\"itemListElement\":[{\"@type\":\"ListItem\",\"position\":1,\"name\":\"Accueil\",\"item\":\"https:\/\/ohmondessin.com\/\"},{\"@type\":\"ListItem\",\"position\":2,\"name\":\"La boutique\",\"item\":\"https:\/\/ohmondessin.com\/index.php\/la-boutique\/\"},{\"@type\":\"ListItem\",\"position\":3,\"name\":\"Carte de remerciement \u00ab\u00a0Merci\u00a0\u00bb\"}]},{\"@type\":\"WebSite\",\"@id\":\"https:\/\/ohmondessin.com\/#website\",\"url\":\"https:\/\/ohmondessin.com\/\",\"name\":\"ohmondessin.com\",\"description\":\"De l\u2019illustration et du fait-main\",\"publisher\":{\"@id\":\"https:\/\/ohmondessin.com\/#organization\"},\"potentialAction\":[{\"@type\":\"SearchAction\",\"target\":{\"@type\":\"EntryPoint\",\"urlTemplate\":\"https:\/\/ohmondessin.com\/?s={search_term_string}\"},\"query-input\":{\"@type\":\"PropertyValueSpecification\",\"valueRequired\":true,\"valueName\":\"search_term_string\"}}],\"inLanguage\":\"fr-FR\"},{\"@type\":\"Organization\",\"@id\":\"https:\/\/ohmondessin.com\/#organization\",\"name\":\"ohmondessin.com\",\"url\":\"https:\/\/ohmondessin.com\/\",\"logo\":{\"@type\":\"ImageObject\",\"inLanguage\":\"fr-FR\",\"@id\":\"https:\/\/ohmondessin.com\/#\/schema\/logo\/image\/\",\"url\":\"https:\/\/ohmondessin.com\/wp-content\/uploads\/2023\/01\/logo_OHMD-dark.png\",\"contentUrl\":\"https:\/\/ohmondessin.com\/wp-content\/uploads\/2023\/01\/logo_OHMD-dark.png\",\"width\":500,\"height\":500,\"caption\":\"ohmondessin.com\"},\"image\":{\"@id\":\"https:\/\/ohmondessin.com\/#\/schema\/logo\/image\/\"},\"sameAs\":[\"https:\/\/www.facebook.com\/Ohmondessin\",\"https:\/\/www.instagram.com\/ohmondessin\/\"]}]}<\/script>\n<!-- \/ Yoast SEO plugin. -->","yoast_head_json":{"title":"Carte de remerciement \"Merci\" - ohmondessin.com","robots":{"index":"index","follow":"follow","max-snippet":"max-snippet:-1","max-image-preview":"max-image-preview:large","max-video-preview":"max-video-preview:-1"},"canonical":"https:\/\/ohmondessin.com\/index.php\/product\/carte-merci\/","og_locale":"fr_FR","og_type":"article","og_title":"Carte de remerciement \"Merci\" - ohmondessin.com","og_description":"Une jolie carte pour dire merci, tout simplement.  Il s'agit d'une reproduction d'une illustration r\u00e9alis\u00e9e \u00e0 la gouache.  Elle est imprim\u00e9e sur du beau papier mat \u00e9pais et vendue avec son enveloppe.  Cette carte est dessin\u00e9e, imprim\u00e9e et emball\u00e9e dans mon atelier \u00e0 Maisons-Laffitte (78).","og_url":"https:\/\/ohmondessin.com\/index.php\/product\/carte-merci\/","og_site_name":"ohmondessin.com","article_publisher":"https:\/\/www.facebook.com\/Ohmondessin","article_modified_time":"2026-01-15T00:01:55+00:00","og_image":[{"width":1536,"height":1536,"url":"http:\/\/ohmondessin.com\/wp-content\/uploads\/2023\/04\/Cartecarreedouble_merci.jpg","type":"image\/jpeg"}],"twitter_card":"summary_large_image","twitter_misc":{"Dur\u00e9e de lecture estim\u00e9e":"1 minute"},"schema":{"@context":"https:\/\/schema.org","@graph":[{"@type":"WebPage","@id":"https:\/\/ohmondessin.com\/index.php\/product\/carte-merci\/","url":"https:\/\/ohmondessin.com\/index.php\/product\/carte-merci\/","name":"Carte de remerciement \"Merci\" - ohmondessin.com","isPartOf":{"@id":"https:\/\/ohmondessin.com\/#website"},"primaryImageOfPage":{"@id":"https:\/\/ohmondessin.com\/index.php\/product\/carte-merci\/#primaryimage"},"image":{"@id":"https:\/\/ohmondessin.com\/index.php\/product\/carte-merci\/#primaryimage"},"thumbnailUrl":"https:\/\/ohmondessin.com\/wp-content\/uploads\/2023\/04\/Cartecarreedouble_merci.jpg","datePublished":"2023-04-22T14:19:42+00:00","dateModified":"2026-01-15T00:01:55+00:00","breadcrumb":{"@id":"https:\/\/ohmondessin.com\/index.php\/product\/carte-merci\/#breadcrumb"},"inLanguage":"fr-FR","potentialAction":[{"@type":"ReadAction","target":["https:\/\/ohmondessin.com\/index.php\/product\/carte-merci\/"]}]},{"@type":"ImageObject","inLanguage":"fr-FR","@id":"https:\/\/ohmondessin.com\/index.php\/product\/carte-merci\/#primaryimage","url":"https:\/\/ohmondessin.com\/wp-content\/uploads\/2023\/04\/Cartecarreedouble_merci.jpg","contentUrl":"https:\/\/ohmondessin.com\/wp-content\/uploads\/2023\/04\/Cartecarreedouble_merci.jpg","width":1536,"height":1536},{"@type":"BreadcrumbList","@id":"https:\/\/ohmondessin.com\/index.php\/product\/carte-merci\/#breadcrumb","itemListElement":[{"@type":"ListItem","position":1,"name":"Accueil","item":"https:\/\/ohmondessin.com\/"},{"@type":"ListItem","position":2,"name":"La boutique","item":"https:\/\/ohmondessin.com\/index.php\/la-boutique\/"},{"@type":"ListItem","position":3,"name":"Carte de remerciement \u00ab\u00a0Merci\u00a0\u00bb"}]},{"@type":"WebSite","@id":"https:\/\/ohmondessin.com\/#website","url":"https:\/\/ohmondessin.com\/","name":"ohmondessin.com","description":"De l\u2019illustration et du fait-main","publisher":{"@id":"https:\/\/ohmondessin.com\/#organization"},"potentialAction":[{"@type":"SearchAction","target":{"@type":"EntryPoint","urlTemplate":"https:\/\/ohmondessin.com\/?s={search_term_string}"},"query-input":{"@type":"PropertyValueSpecification","valueRequired":true,"valueName":"search_term_string"}}],"inLanguage":"fr-FR"},{"@type":"Organization","@id":"https:\/\/ohmondessin.com\/#organization","name":"ohmondessin.com","url":"https:\/\/ohmondessin.com\/","logo":{"@type":"ImageObject","inLanguage":"fr-FR","@id":"https:\/\/ohmondessin.com\/#\/schema\/logo\/image\/","url":"https:\/\/ohmondessin.com\/wp-content\/uploads\/2023\/01\/logo_OHMD-dark.png","contentUrl":"https:\/\/ohmondessin.com\/wp-content\/uploads\/2023\/01\/logo_OHMD-dark.png","width":500,"height":500,"caption":"ohmondessin.com"},"image":{"@id":"https:\/\/ohmondessin.com\/#\/schema\/logo\/image\/"},"sameAs":["https:\/\/www.facebook.com\/Ohmondessin","https:\/\/www.instagram.com\/ohmondessin\/"]}]}},"jetpack_sharing_enabled":true,"_links":{"self":[{"href":"https:\/\/ohmondessin.com\/index.php\/wp-json\/wp\/v2\/product\/5648","targetHints":{"allow":["GET"]}}],"collection":[{"href":"https:\/\/ohmondessin.com\/index.php\/wp-json\/wp\/v2\/product"}],"about":[{"href":"https:\/\/ohmondessin.com\/index.php\/wp-json\/wp\/v2\/types\/product"}],"replies":[{"embeddable":true,"href":"https:\/\/ohmondessin.com\/index.php\/wp-json\/wp\/v2\/comments?post=5648"}],"wp:featuredmedia":[{"embeddable":true,"href":"https:\/\/ohmondessin.com\/index.php\/wp-json\/wp\/v2\/media\/7232"}],"wp:attachment":[{"href":"https:\/\/ohmondessin.com\/index.php\/wp-json\/wp\/v2\/media?parent=5648"}],"wp:term":[{"taxonomy":"product_brand","embeddable":true,"href":"https:\/\/ohmondessin.com\/index.php\/wp-json\/wp\/v2\/product_brand?post=5648"},{"taxonomy":"product_cat","embeddable":true,"href":"https:\/\/ohmondessin.com\/index.php\/wp-json\/wp\/v2\/product_cat?post=5648"},{"taxonomy":"product_tag","embeddable":true,"href":"https:\/\/ohmondessin.com\/index.php\/wp-json\/wp\/v2\/product_tag?post=5648"}],"curies":[{"name":"wp","href":"https:\/\/api.w.org\/{rel}","templated":true}]}}