{"id":5672,"date":"2023-05-10T12:06:52","date_gmt":"2023-05-10T12:06:52","guid":{"rendered":"https:\/\/ohmondessin.com\/?post_type=product&#038;p=5672"},"modified":"2026-01-02T19:09:37","modified_gmt":"2026-01-02T19:09:37","slug":"tote-bag-en-coton-bio-papi-gateau","status":"publish","type":"product","link":"https:\/\/ohmondessin.com\/index.php\/product\/tote-bag-en-coton-bio-papi-gateau\/","title":{"rendered":"Tote-Bag en Coton \u00ab\u00a0Papi G\u00e2teau\u00a0\u00bb"},"content":{"rendered":"<p><strong>D\u00e9tails du produit :<\/strong><\/p>\n<ul>\n<li><strong>Design original<\/strong> : Un dessin qui capture l\u2019amour et l\u2019\u00e9nergie d\u2019un papi toujours partant pour s\u2019amuser avec ses petits-enfants.<\/li>\n<li><strong>Mat\u00e9riaux \u00e9cologiques<\/strong> : Fabriqu\u00e9 en coton \u00e9pais 140 gr\/m\u00b2 et respectueux de l\u2019environnement, ce tote bag Oeko-Tex 100\u00ae est parfait pour un usage quotidien.<\/li>\n<li><strong>Pratique et polyvalent<\/strong> : Que ce soit pour les courses, les livres, ou vos affaires personnelles, son format pratique (38\u00d742 cm) et ses anses confortables en font un choix pratique et \u00e9l\u00e9gant.<\/li>\n<li><strong>Les petits plus :<\/strong> Imprim\u00e9 \u00e0 10 km de l\u2019atelier et exp\u00e9di\u00e9 avec amour.<\/li>\n<\/ul>\n","protected":false},"excerpt":{"rendered":"<p>Tote Bag en Coton \u00ab\u00a0Papi G\u00e2teau\u00a0\u00bb<\/p>\n<p>Pour tous les papis complices et ador\u00e9s de leurs petits-enfants ! Ce tote bag met en sc\u00e8ne un \u00ab\u00a0Papi G\u00e2teau\u00a0\u00bb en train de pousser une brouette remplie de petits lapins joyeux, pr\u00eat pour de nouvelles aventures. Un clin d\u2019\u0153il tendre et amusant aux grands-p\u00e8res qui aiment g\u00e2ter et divertir leurs petits.<\/p>\n","protected":false},"featured_media":5674,"comment_status":"open","ping_status":"closed","template":"","meta":[],"product_brand":[],"product_cat":[1302,160,159],"product_tag":[681,688,652,683,687,684,689,685,690,686,271,267],"class_list":{"0":"post-5672","1":"product","2":"type-product","3":"status-publish","4":"has-post-thumbnail","6":"product_cat-petits-prix","7":"product_cat-textiles","8":"product_cat-tote-bags","9":"product_tag-cadeau-grand-pere","10":"product_tag-cadeau-grands-parents","11":"product_tag-cadeau-papi","12":"product_tag-cadeau-papy","13":"product_tag-dessin-grand-pere","14":"product_tag-dessin-papi","15":"product_tag-grands-parents","16":"product_tag-illustration-papi","17":"product_tag-merci-papi","18":"product_tag-sac-papi","19":"product_tag-sac-rangement","20":"product_tag-tote-bag","22":"first","23":"instock","24":"sale","25":"taxable","26":"shipping-taxable","27":"purchasable","28":"product-type-simple"},"yoast_head":"<!-- This site is optimized with the Yoast SEO plugin v24.6 - https:\/\/yoast.com\/wordpress\/plugins\/seo\/ -->\n<title>Tote-Bag en Coton &quot;Papi G\u00e2teau&quot; - ohmondessin.com<\/title>\n<meta name=\"robots\" content=\"index, follow, max-snippet:-1, max-image-preview:large, max-video-preview:-1\" \/>\n<link rel=\"canonical\" href=\"https:\/\/ohmondessin.com\/index.php\/product\/tote-bag-en-coton-bio-papi-gateau\/\" \/>\n<meta property=\"og:locale\" content=\"fr_FR\" \/>\n<meta property=\"og:type\" content=\"article\" \/>\n<meta property=\"og:title\" content=\"Tote-Bag en Coton &quot;Papi G\u00e2teau&quot; - ohmondessin.com\" \/>\n<meta property=\"og:description\" content=\"Tote Bag en Coton &quot;Papi G\u00e2teau&quot;  Pour tous les papis complices et ador\u00e9s de leurs petits-enfants ! Ce tote bag met en sc\u00e8ne un &quot;Papi G\u00e2teau&quot; en train de pousser une brouette remplie de petits lapins joyeux, pr\u00eat pour de nouvelles aventures. Un clin d\u2019\u0153il tendre et amusant aux grands-p\u00e8res qui aiment g\u00e2ter et divertir leurs petits.\" \/>\n<meta property=\"og:url\" content=\"https:\/\/ohmondessin.com\/index.php\/product\/tote-bag-en-coton-bio-papi-gateau\/\" \/>\n<meta property=\"og:site_name\" content=\"ohmondessin.com\" \/>\n<meta property=\"article:publisher\" content=\"https:\/\/www.facebook.com\/Ohmondessin\" \/>\n<meta property=\"article:modified_time\" content=\"2026-01-02T19:09:37+00:00\" \/>\n<meta property=\"og:image\" content=\"http:\/\/ohmondessin.com\/wp-content\/uploads\/2023\/05\/Tote-Bag-PapiGateau2.jpg\" \/>\n\t<meta property=\"og:image:width\" content=\"1000\" \/>\n\t<meta property=\"og:image:height\" content=\"1000\" \/>\n\t<meta property=\"og:image:type\" content=\"image\/jpeg\" \/>\n<meta name=\"twitter:card\" content=\"summary_large_image\" \/>\n<meta name=\"twitter:label1\" content=\"Dur\u00e9e de lecture estim\u00e9e\" \/>\n\t<meta name=\"twitter:data1\" content=\"1 minute\" \/>\n<script type=\"application\/ld+json\" class=\"yoast-schema-graph\">{\"@context\":\"https:\/\/schema.org\",\"@graph\":[{\"@type\":\"WebPage\",\"@id\":\"https:\/\/ohmondessin.com\/index.php\/product\/tote-bag-en-coton-bio-papi-gateau\/\",\"url\":\"https:\/\/ohmondessin.com\/index.php\/product\/tote-bag-en-coton-bio-papi-gateau\/\",\"name\":\"Tote-Bag en Coton \\\"Papi G\u00e2teau\\\" - ohmondessin.com\",\"isPartOf\":{\"@id\":\"https:\/\/ohmondessin.com\/#website\"},\"primaryImageOfPage\":{\"@id\":\"https:\/\/ohmondessin.com\/index.php\/product\/tote-bag-en-coton-bio-papi-gateau\/#primaryimage\"},\"image\":{\"@id\":\"https:\/\/ohmondessin.com\/index.php\/product\/tote-bag-en-coton-bio-papi-gateau\/#primaryimage\"},\"thumbnailUrl\":\"https:\/\/ohmondessin.com\/wp-content\/uploads\/2023\/05\/Tote-Bag-PapiGateau2.jpg\",\"datePublished\":\"2023-05-10T12:06:52+00:00\",\"dateModified\":\"2026-01-02T19:09:37+00:00\",\"breadcrumb\":{\"@id\":\"https:\/\/ohmondessin.com\/index.php\/product\/tote-bag-en-coton-bio-papi-gateau\/#breadcrumb\"},\"inLanguage\":\"fr-FR\",\"potentialAction\":[{\"@type\":\"ReadAction\",\"target\":[\"https:\/\/ohmondessin.com\/index.php\/product\/tote-bag-en-coton-bio-papi-gateau\/\"]}]},{\"@type\":\"ImageObject\",\"inLanguage\":\"fr-FR\",\"@id\":\"https:\/\/ohmondessin.com\/index.php\/product\/tote-bag-en-coton-bio-papi-gateau\/#primaryimage\",\"url\":\"https:\/\/ohmondessin.com\/wp-content\/uploads\/2023\/05\/Tote-Bag-PapiGateau2.jpg\",\"contentUrl\":\"https:\/\/ohmondessin.com\/wp-content\/uploads\/2023\/05\/Tote-Bag-PapiGateau2.jpg\",\"width\":1000,\"height\":1000},{\"@type\":\"BreadcrumbList\",\"@id\":\"https:\/\/ohmondessin.com\/index.php\/product\/tote-bag-en-coton-bio-papi-gateau\/#breadcrumb\",\"itemListElement\":[{\"@type\":\"ListItem\",\"position\":1,\"name\":\"Accueil\",\"item\":\"https:\/\/ohmondessin.com\/\"},{\"@type\":\"ListItem\",\"position\":2,\"name\":\"La boutique\",\"item\":\"https:\/\/ohmondessin.com\/index.php\/la-boutique\/\"},{\"@type\":\"ListItem\",\"position\":3,\"name\":\"Tote-Bag en Coton \u00ab\u00a0Papi G\u00e2teau\u00a0\u00bb\"}]},{\"@type\":\"WebSite\",\"@id\":\"https:\/\/ohmondessin.com\/#website\",\"url\":\"https:\/\/ohmondessin.com\/\",\"name\":\"ohmondessin.com\",\"description\":\"De l\u2019illustration et du fait-main\",\"publisher\":{\"@id\":\"https:\/\/ohmondessin.com\/#organization\"},\"potentialAction\":[{\"@type\":\"SearchAction\",\"target\":{\"@type\":\"EntryPoint\",\"urlTemplate\":\"https:\/\/ohmondessin.com\/?s={search_term_string}\"},\"query-input\":{\"@type\":\"PropertyValueSpecification\",\"valueRequired\":true,\"valueName\":\"search_term_string\"}}],\"inLanguage\":\"fr-FR\"},{\"@type\":\"Organization\",\"@id\":\"https:\/\/ohmondessin.com\/#organization\",\"name\":\"ohmondessin.com\",\"url\":\"https:\/\/ohmondessin.com\/\",\"logo\":{\"@type\":\"ImageObject\",\"inLanguage\":\"fr-FR\",\"@id\":\"https:\/\/ohmondessin.com\/#\/schema\/logo\/image\/\",\"url\":\"https:\/\/ohmondessin.com\/wp-content\/uploads\/2023\/01\/logo_OHMD-dark.png\",\"contentUrl\":\"https:\/\/ohmondessin.com\/wp-content\/uploads\/2023\/01\/logo_OHMD-dark.png\",\"width\":500,\"height\":500,\"caption\":\"ohmondessin.com\"},\"image\":{\"@id\":\"https:\/\/ohmondessin.com\/#\/schema\/logo\/image\/\"},\"sameAs\":[\"https:\/\/www.facebook.com\/Ohmondessin\",\"https:\/\/www.instagram.com\/ohmondessin\/\"]}]}<\/script>\n<!-- \/ Yoast SEO plugin. -->","yoast_head_json":{"title":"Tote-Bag en Coton \"Papi G\u00e2teau\" - ohmondessin.com","robots":{"index":"index","follow":"follow","max-snippet":"max-snippet:-1","max-image-preview":"max-image-preview:large","max-video-preview":"max-video-preview:-1"},"canonical":"https:\/\/ohmondessin.com\/index.php\/product\/tote-bag-en-coton-bio-papi-gateau\/","og_locale":"fr_FR","og_type":"article","og_title":"Tote-Bag en Coton \"Papi G\u00e2teau\" - ohmondessin.com","og_description":"Tote Bag en Coton \"Papi G\u00e2teau\"  Pour tous les papis complices et ador\u00e9s de leurs petits-enfants ! Ce tote bag met en sc\u00e8ne un \"Papi G\u00e2teau\" en train de pousser une brouette remplie de petits lapins joyeux, pr\u00eat pour de nouvelles aventures. Un clin d\u2019\u0153il tendre et amusant aux grands-p\u00e8res qui aiment g\u00e2ter et divertir leurs petits.","og_url":"https:\/\/ohmondessin.com\/index.php\/product\/tote-bag-en-coton-bio-papi-gateau\/","og_site_name":"ohmondessin.com","article_publisher":"https:\/\/www.facebook.com\/Ohmondessin","article_modified_time":"2026-01-02T19:09:37+00:00","og_image":[{"width":1000,"height":1000,"url":"http:\/\/ohmondessin.com\/wp-content\/uploads\/2023\/05\/Tote-Bag-PapiGateau2.jpg","type":"image\/jpeg"}],"twitter_card":"summary_large_image","twitter_misc":{"Dur\u00e9e de lecture estim\u00e9e":"1 minute"},"schema":{"@context":"https:\/\/schema.org","@graph":[{"@type":"WebPage","@id":"https:\/\/ohmondessin.com\/index.php\/product\/tote-bag-en-coton-bio-papi-gateau\/","url":"https:\/\/ohmondessin.com\/index.php\/product\/tote-bag-en-coton-bio-papi-gateau\/","name":"Tote-Bag en Coton \"Papi G\u00e2teau\" - ohmondessin.com","isPartOf":{"@id":"https:\/\/ohmondessin.com\/#website"},"primaryImageOfPage":{"@id":"https:\/\/ohmondessin.com\/index.php\/product\/tote-bag-en-coton-bio-papi-gateau\/#primaryimage"},"image":{"@id":"https:\/\/ohmondessin.com\/index.php\/product\/tote-bag-en-coton-bio-papi-gateau\/#primaryimage"},"thumbnailUrl":"https:\/\/ohmondessin.com\/wp-content\/uploads\/2023\/05\/Tote-Bag-PapiGateau2.jpg","datePublished":"2023-05-10T12:06:52+00:00","dateModified":"2026-01-02T19:09:37+00:00","breadcrumb":{"@id":"https:\/\/ohmondessin.com\/index.php\/product\/tote-bag-en-coton-bio-papi-gateau\/#breadcrumb"},"inLanguage":"fr-FR","potentialAction":[{"@type":"ReadAction","target":["https:\/\/ohmondessin.com\/index.php\/product\/tote-bag-en-coton-bio-papi-gateau\/"]}]},{"@type":"ImageObject","inLanguage":"fr-FR","@id":"https:\/\/ohmondessin.com\/index.php\/product\/tote-bag-en-coton-bio-papi-gateau\/#primaryimage","url":"https:\/\/ohmondessin.com\/wp-content\/uploads\/2023\/05\/Tote-Bag-PapiGateau2.jpg","contentUrl":"https:\/\/ohmondessin.com\/wp-content\/uploads\/2023\/05\/Tote-Bag-PapiGateau2.jpg","width":1000,"height":1000},{"@type":"BreadcrumbList","@id":"https:\/\/ohmondessin.com\/index.php\/product\/tote-bag-en-coton-bio-papi-gateau\/#breadcrumb","itemListElement":[{"@type":"ListItem","position":1,"name":"Accueil","item":"https:\/\/ohmondessin.com\/"},{"@type":"ListItem","position":2,"name":"La boutique","item":"https:\/\/ohmondessin.com\/index.php\/la-boutique\/"},{"@type":"ListItem","position":3,"name":"Tote-Bag en Coton \u00ab\u00a0Papi G\u00e2teau\u00a0\u00bb"}]},{"@type":"WebSite","@id":"https:\/\/ohmondessin.com\/#website","url":"https:\/\/ohmondessin.com\/","name":"ohmondessin.com","description":"De l\u2019illustration et du fait-main","publisher":{"@id":"https:\/\/ohmondessin.com\/#organization"},"potentialAction":[{"@type":"SearchAction","target":{"@type":"EntryPoint","urlTemplate":"https:\/\/ohmondessin.com\/?s={search_term_string}"},"query-input":{"@type":"PropertyValueSpecification","valueRequired":true,"valueName":"search_term_string"}}],"inLanguage":"fr-FR"},{"@type":"Organization","@id":"https:\/\/ohmondessin.com\/#organization","name":"ohmondessin.com","url":"https:\/\/ohmondessin.com\/","logo":{"@type":"ImageObject","inLanguage":"fr-FR","@id":"https:\/\/ohmondessin.com\/#\/schema\/logo\/image\/","url":"https:\/\/ohmondessin.com\/wp-content\/uploads\/2023\/01\/logo_OHMD-dark.png","contentUrl":"https:\/\/ohmondessin.com\/wp-content\/uploads\/2023\/01\/logo_OHMD-dark.png","width":500,"height":500,"caption":"ohmondessin.com"},"image":{"@id":"https:\/\/ohmondessin.com\/#\/schema\/logo\/image\/"},"sameAs":["https:\/\/www.facebook.com\/Ohmondessin","https:\/\/www.instagram.com\/ohmondessin\/"]}]}},"jetpack_sharing_enabled":true,"_links":{"self":[{"href":"https:\/\/ohmondessin.com\/index.php\/wp-json\/wp\/v2\/product\/5672","targetHints":{"allow":["GET"]}}],"collection":[{"href":"https:\/\/ohmondessin.com\/index.php\/wp-json\/wp\/v2\/product"}],"about":[{"href":"https:\/\/ohmondessin.com\/index.php\/wp-json\/wp\/v2\/types\/product"}],"replies":[{"embeddable":true,"href":"https:\/\/ohmondessin.com\/index.php\/wp-json\/wp\/v2\/comments?post=5672"}],"wp:featuredmedia":[{"embeddable":true,"href":"https:\/\/ohmondessin.com\/index.php\/wp-json\/wp\/v2\/media\/5674"}],"wp:attachment":[{"href":"https:\/\/ohmondessin.com\/index.php\/wp-json\/wp\/v2\/media?parent=5672"}],"wp:term":[{"taxonomy":"product_brand","embeddable":true,"href":"https:\/\/ohmondessin.com\/index.php\/wp-json\/wp\/v2\/product_brand?post=5672"},{"taxonomy":"product_cat","embeddable":true,"href":"https:\/\/ohmondessin.com\/index.php\/wp-json\/wp\/v2\/product_cat?post=5672"},{"taxonomy":"product_tag","embeddable":true,"href":"https:\/\/ohmondessin.com\/index.php\/wp-json\/wp\/v2\/product_tag?post=5672"}],"curies":[{"name":"wp","href":"https:\/\/api.w.org\/{rel}","templated":true}]}}