{"id":6148,"date":"2023-09-18T14:37:36","date_gmt":"2023-09-18T14:37:36","guid":{"rendered":"https:\/\/ohmondessin.com\/?post_type=product&#038;p=6148"},"modified":"2026-01-15T00:01:54","modified_gmt":"2026-01-15T00:01:54","slug":"carte-postale-le-cheval-de-maisons-laffitte","status":"publish","type":"product","link":"https:\/\/ohmondessin.com\/index.php\/product\/carte-postale-le-cheval-de-maisons-laffitte\/","title":{"rendered":"Carte Postale \u00ab\u00a0Le Cheval de Maisons-Laffitte\u00a0\u00bb"},"content":{"rendered":"<p>Cette illustration est r\u00e9alis\u00e9e, imprim\u00e9e et emball\u00e9e dans mon atelier \u00e0 Maisons-Laffitte (78)<\/p>\n","protected":false},"excerpt":{"rendered":"<p>Une illustration dessin\u00e9e avec amour sur ma jolie ville \ud83e\udde1<\/p>\n<p>Une jolie carte double aux bords arrondis fabriqu\u00e9e artisanalement et fournie avec son enveloppe.<\/p>\n<p>Existe aussi en affiche et en magnet !<\/p>\n","protected":false},"featured_media":7204,"comment_status":"open","ping_status":"closed","template":"","meta":[],"product_brand":[],"product_cat":[1090,719,723,722],"product_tag":[105,111,141,140,112,138,565,139,109,110,106,107],"class_list":{"0":"post-6148","1":"product","2":"type-product","3":"status-publish","4":"has-post-thumbnail","6":"product_cat-affiches-cartes","7":"product_cat-carterie","8":"product_cat-collection-villes-cartes-postales","9":"product_cat-toutes-les-cartes","10":"product_tag-affiche","11":"product_tag-affiche-cavaliere","12":"product_tag-affiche-chateau","13":"product_tag-affiche-cheval","14":"product_tag-affiche-france","15":"product_tag-affiche-paris","16":"product_tag-carte-postale-cheval","17":"product_tag-fait-main","18":"product_tag-maisons-laffitte","19":"product_tag-paris-brest","20":"product_tag-poster","21":"product_tag-yvelines","22":"product_shipping_class-lettre-suivie","24":"first","25":"instock","26":"taxable","27":"shipping-taxable","28":"purchasable","29":"product-type-simple"},"yoast_head":"<!-- This site is optimized with the Yoast SEO plugin v24.6 - https:\/\/yoast.com\/wordpress\/plugins\/seo\/ -->\n<title>Carte Postale &quot;Le Cheval de Maisons-Laffitte&quot; - ohmondessin.com<\/title>\n<meta name=\"robots\" content=\"index, follow, max-snippet:-1, max-image-preview:large, max-video-preview:-1\" \/>\n<link rel=\"canonical\" href=\"https:\/\/ohmondessin.com\/index.php\/product\/carte-postale-le-cheval-de-maisons-laffitte\/\" \/>\n<meta property=\"og:locale\" content=\"fr_FR\" \/>\n<meta property=\"og:type\" content=\"article\" \/>\n<meta property=\"og:title\" content=\"Carte Postale &quot;Le Cheval de Maisons-Laffitte&quot; - ohmondessin.com\" \/>\n<meta property=\"og:description\" content=\"Une illustration dessin\u00e9e avec amour sur ma jolie ville \ud83e\udde1  Une jolie carte double aux bords arrondis fabriqu\u00e9e artisanalement et fournie avec son enveloppe.  Existe aussi en affiche et en magnet !\" \/>\n<meta property=\"og:url\" content=\"https:\/\/ohmondessin.com\/index.php\/product\/carte-postale-le-cheval-de-maisons-laffitte\/\" \/>\n<meta property=\"og:site_name\" content=\"ohmondessin.com\" \/>\n<meta property=\"article:publisher\" content=\"https:\/\/www.facebook.com\/Ohmondessin\" \/>\n<meta property=\"article:modified_time\" content=\"2026-01-15T00:01:54+00:00\" \/>\n<meta property=\"og:image\" content=\"http:\/\/ohmondessin.com\/wp-content\/uploads\/2023\/09\/carte-MAISONS-LAFFITTE-cheval-scaled.jpg\" \/>\n\t<meta property=\"og:image:width\" content=\"2560\" \/>\n\t<meta property=\"og:image:height\" content=\"2560\" \/>\n\t<meta property=\"og:image:type\" content=\"image\/jpeg\" \/>\n<meta name=\"twitter:card\" content=\"summary_large_image\" \/>\n<meta name=\"twitter:label1\" content=\"Dur\u00e9e de lecture estim\u00e9e\" \/>\n\t<meta name=\"twitter:data1\" content=\"1 minute\" \/>\n<script type=\"application\/ld+json\" class=\"yoast-schema-graph\">{\"@context\":\"https:\/\/schema.org\",\"@graph\":[{\"@type\":\"WebPage\",\"@id\":\"https:\/\/ohmondessin.com\/index.php\/product\/carte-postale-le-cheval-de-maisons-laffitte\/\",\"url\":\"https:\/\/ohmondessin.com\/index.php\/product\/carte-postale-le-cheval-de-maisons-laffitte\/\",\"name\":\"Carte Postale \\\"Le Cheval de Maisons-Laffitte\\\" - ohmondessin.com\",\"isPartOf\":{\"@id\":\"https:\/\/ohmondessin.com\/#website\"},\"primaryImageOfPage\":{\"@id\":\"https:\/\/ohmondessin.com\/index.php\/product\/carte-postale-le-cheval-de-maisons-laffitte\/#primaryimage\"},\"image\":{\"@id\":\"https:\/\/ohmondessin.com\/index.php\/product\/carte-postale-le-cheval-de-maisons-laffitte\/#primaryimage\"},\"thumbnailUrl\":\"https:\/\/ohmondessin.com\/wp-content\/uploads\/2023\/09\/carte-MAISONS-LAFFITTE-cheval-scaled.jpg\",\"datePublished\":\"2023-09-18T14:37:36+00:00\",\"dateModified\":\"2026-01-15T00:01:54+00:00\",\"breadcrumb\":{\"@id\":\"https:\/\/ohmondessin.com\/index.php\/product\/carte-postale-le-cheval-de-maisons-laffitte\/#breadcrumb\"},\"inLanguage\":\"fr-FR\",\"potentialAction\":[{\"@type\":\"ReadAction\",\"target\":[\"https:\/\/ohmondessin.com\/index.php\/product\/carte-postale-le-cheval-de-maisons-laffitte\/\"]}]},{\"@type\":\"ImageObject\",\"inLanguage\":\"fr-FR\",\"@id\":\"https:\/\/ohmondessin.com\/index.php\/product\/carte-postale-le-cheval-de-maisons-laffitte\/#primaryimage\",\"url\":\"https:\/\/ohmondessin.com\/wp-content\/uploads\/2023\/09\/carte-MAISONS-LAFFITTE-cheval-scaled.jpg\",\"contentUrl\":\"https:\/\/ohmondessin.com\/wp-content\/uploads\/2023\/09\/carte-MAISONS-LAFFITTE-cheval-scaled.jpg\",\"width\":2560,\"height\":2560},{\"@type\":\"BreadcrumbList\",\"@id\":\"https:\/\/ohmondessin.com\/index.php\/product\/carte-postale-le-cheval-de-maisons-laffitte\/#breadcrumb\",\"itemListElement\":[{\"@type\":\"ListItem\",\"position\":1,\"name\":\"Accueil\",\"item\":\"https:\/\/ohmondessin.com\/\"},{\"@type\":\"ListItem\",\"position\":2,\"name\":\"La boutique\",\"item\":\"https:\/\/ohmondessin.com\/index.php\/la-boutique\/\"},{\"@type\":\"ListItem\",\"position\":3,\"name\":\"Carte Postale \u00ab\u00a0Le Cheval de Maisons-Laffitte\u00a0\u00bb\"}]},{\"@type\":\"WebSite\",\"@id\":\"https:\/\/ohmondessin.com\/#website\",\"url\":\"https:\/\/ohmondessin.com\/\",\"name\":\"ohmondessin.com\",\"description\":\"De l\u2019illustration et du fait-main\",\"publisher\":{\"@id\":\"https:\/\/ohmondessin.com\/#organization\"},\"potentialAction\":[{\"@type\":\"SearchAction\",\"target\":{\"@type\":\"EntryPoint\",\"urlTemplate\":\"https:\/\/ohmondessin.com\/?s={search_term_string}\"},\"query-input\":{\"@type\":\"PropertyValueSpecification\",\"valueRequired\":true,\"valueName\":\"search_term_string\"}}],\"inLanguage\":\"fr-FR\"},{\"@type\":\"Organization\",\"@id\":\"https:\/\/ohmondessin.com\/#organization\",\"name\":\"ohmondessin.com\",\"url\":\"https:\/\/ohmondessin.com\/\",\"logo\":{\"@type\":\"ImageObject\",\"inLanguage\":\"fr-FR\",\"@id\":\"https:\/\/ohmondessin.com\/#\/schema\/logo\/image\/\",\"url\":\"https:\/\/ohmondessin.com\/wp-content\/uploads\/2023\/01\/logo_OHMD-dark.png\",\"contentUrl\":\"https:\/\/ohmondessin.com\/wp-content\/uploads\/2023\/01\/logo_OHMD-dark.png\",\"width\":500,\"height\":500,\"caption\":\"ohmondessin.com\"},\"image\":{\"@id\":\"https:\/\/ohmondessin.com\/#\/schema\/logo\/image\/\"},\"sameAs\":[\"https:\/\/www.facebook.com\/Ohmondessin\",\"https:\/\/www.instagram.com\/ohmondessin\/\"]}]}<\/script>\n<!-- \/ Yoast SEO plugin. -->","yoast_head_json":{"title":"Carte Postale \"Le Cheval de Maisons-Laffitte\" - ohmondessin.com","robots":{"index":"index","follow":"follow","max-snippet":"max-snippet:-1","max-image-preview":"max-image-preview:large","max-video-preview":"max-video-preview:-1"},"canonical":"https:\/\/ohmondessin.com\/index.php\/product\/carte-postale-le-cheval-de-maisons-laffitte\/","og_locale":"fr_FR","og_type":"article","og_title":"Carte Postale \"Le Cheval de Maisons-Laffitte\" - ohmondessin.com","og_description":"Une illustration dessin\u00e9e avec amour sur ma jolie ville \ud83e\udde1  Une jolie carte double aux bords arrondis fabriqu\u00e9e artisanalement et fournie avec son enveloppe.  Existe aussi en affiche et en magnet !","og_url":"https:\/\/ohmondessin.com\/index.php\/product\/carte-postale-le-cheval-de-maisons-laffitte\/","og_site_name":"ohmondessin.com","article_publisher":"https:\/\/www.facebook.com\/Ohmondessin","article_modified_time":"2026-01-15T00:01:54+00:00","og_image":[{"width":2560,"height":2560,"url":"http:\/\/ohmondessin.com\/wp-content\/uploads\/2023\/09\/carte-MAISONS-LAFFITTE-cheval-scaled.jpg","type":"image\/jpeg"}],"twitter_card":"summary_large_image","twitter_misc":{"Dur\u00e9e de lecture estim\u00e9e":"1 minute"},"schema":{"@context":"https:\/\/schema.org","@graph":[{"@type":"WebPage","@id":"https:\/\/ohmondessin.com\/index.php\/product\/carte-postale-le-cheval-de-maisons-laffitte\/","url":"https:\/\/ohmondessin.com\/index.php\/product\/carte-postale-le-cheval-de-maisons-laffitte\/","name":"Carte Postale \"Le Cheval de Maisons-Laffitte\" - ohmondessin.com","isPartOf":{"@id":"https:\/\/ohmondessin.com\/#website"},"primaryImageOfPage":{"@id":"https:\/\/ohmondessin.com\/index.php\/product\/carte-postale-le-cheval-de-maisons-laffitte\/#primaryimage"},"image":{"@id":"https:\/\/ohmondessin.com\/index.php\/product\/carte-postale-le-cheval-de-maisons-laffitte\/#primaryimage"},"thumbnailUrl":"https:\/\/ohmondessin.com\/wp-content\/uploads\/2023\/09\/carte-MAISONS-LAFFITTE-cheval-scaled.jpg","datePublished":"2023-09-18T14:37:36+00:00","dateModified":"2026-01-15T00:01:54+00:00","breadcrumb":{"@id":"https:\/\/ohmondessin.com\/index.php\/product\/carte-postale-le-cheval-de-maisons-laffitte\/#breadcrumb"},"inLanguage":"fr-FR","potentialAction":[{"@type":"ReadAction","target":["https:\/\/ohmondessin.com\/index.php\/product\/carte-postale-le-cheval-de-maisons-laffitte\/"]}]},{"@type":"ImageObject","inLanguage":"fr-FR","@id":"https:\/\/ohmondessin.com\/index.php\/product\/carte-postale-le-cheval-de-maisons-laffitte\/#primaryimage","url":"https:\/\/ohmondessin.com\/wp-content\/uploads\/2023\/09\/carte-MAISONS-LAFFITTE-cheval-scaled.jpg","contentUrl":"https:\/\/ohmondessin.com\/wp-content\/uploads\/2023\/09\/carte-MAISONS-LAFFITTE-cheval-scaled.jpg","width":2560,"height":2560},{"@type":"BreadcrumbList","@id":"https:\/\/ohmondessin.com\/index.php\/product\/carte-postale-le-cheval-de-maisons-laffitte\/#breadcrumb","itemListElement":[{"@type":"ListItem","position":1,"name":"Accueil","item":"https:\/\/ohmondessin.com\/"},{"@type":"ListItem","position":2,"name":"La boutique","item":"https:\/\/ohmondessin.com\/index.php\/la-boutique\/"},{"@type":"ListItem","position":3,"name":"Carte Postale \u00ab\u00a0Le Cheval de Maisons-Laffitte\u00a0\u00bb"}]},{"@type":"WebSite","@id":"https:\/\/ohmondessin.com\/#website","url":"https:\/\/ohmondessin.com\/","name":"ohmondessin.com","description":"De l\u2019illustration et du fait-main","publisher":{"@id":"https:\/\/ohmondessin.com\/#organization"},"potentialAction":[{"@type":"SearchAction","target":{"@type":"EntryPoint","urlTemplate":"https:\/\/ohmondessin.com\/?s={search_term_string}"},"query-input":{"@type":"PropertyValueSpecification","valueRequired":true,"valueName":"search_term_string"}}],"inLanguage":"fr-FR"},{"@type":"Organization","@id":"https:\/\/ohmondessin.com\/#organization","name":"ohmondessin.com","url":"https:\/\/ohmondessin.com\/","logo":{"@type":"ImageObject","inLanguage":"fr-FR","@id":"https:\/\/ohmondessin.com\/#\/schema\/logo\/image\/","url":"https:\/\/ohmondessin.com\/wp-content\/uploads\/2023\/01\/logo_OHMD-dark.png","contentUrl":"https:\/\/ohmondessin.com\/wp-content\/uploads\/2023\/01\/logo_OHMD-dark.png","width":500,"height":500,"caption":"ohmondessin.com"},"image":{"@id":"https:\/\/ohmondessin.com\/#\/schema\/logo\/image\/"},"sameAs":["https:\/\/www.facebook.com\/Ohmondessin","https:\/\/www.instagram.com\/ohmondessin\/"]}]}},"jetpack_sharing_enabled":true,"_links":{"self":[{"href":"https:\/\/ohmondessin.com\/index.php\/wp-json\/wp\/v2\/product\/6148","targetHints":{"allow":["GET"]}}],"collection":[{"href":"https:\/\/ohmondessin.com\/index.php\/wp-json\/wp\/v2\/product"}],"about":[{"href":"https:\/\/ohmondessin.com\/index.php\/wp-json\/wp\/v2\/types\/product"}],"replies":[{"embeddable":true,"href":"https:\/\/ohmondessin.com\/index.php\/wp-json\/wp\/v2\/comments?post=6148"}],"wp:featuredmedia":[{"embeddable":true,"href":"https:\/\/ohmondessin.com\/index.php\/wp-json\/wp\/v2\/media\/7204"}],"wp:attachment":[{"href":"https:\/\/ohmondessin.com\/index.php\/wp-json\/wp\/v2\/media?parent=6148"}],"wp:term":[{"taxonomy":"product_brand","embeddable":true,"href":"https:\/\/ohmondessin.com\/index.php\/wp-json\/wp\/v2\/product_brand?post=6148"},{"taxonomy":"product_cat","embeddable":true,"href":"https:\/\/ohmondessin.com\/index.php\/wp-json\/wp\/v2\/product_cat?post=6148"},{"taxonomy":"product_tag","embeddable":true,"href":"https:\/\/ohmondessin.com\/index.php\/wp-json\/wp\/v2\/product_tag?post=6148"}],"curies":[{"name":"wp","href":"https:\/\/api.w.org\/{rel}","templated":true}]}}