{"id":6299,"date":"2023-10-26T16:02:00","date_gmt":"2023-10-26T16:02:00","guid":{"rendered":"https:\/\/ohmondessin.com\/?post_type=product&#038;p=6299"},"modified":"2026-01-15T00:01:54","modified_gmt":"2026-01-15T00:01:54","slug":"carte-le-hibou-sorcier-et-la-lune","status":"publish","type":"product","link":"https:\/\/ohmondessin.com\/index.php\/product\/carte-le-hibou-sorcier-et-la-lune\/","title":{"rendered":"Carte \u00ab\u00a0Le Hibou sorcier et la Lune\u00a0\u00bb"},"content":{"rendered":"<p>\u2728 Carte double avec enveloppe, format 11,5 x 11,5 cm<\/p>\n<p>\u2728 Imprim\u00e9e sur du beau papier mat et fourni avec son enveloppe<\/p>\n<p>\u2728 Fabriqu\u00e9e dans mon atelier \u00e0 Maisons-Laffitte (78)<\/p>\n","protected":false},"excerpt":{"rendered":"<p>Reproduction d&rsquo;une illustration r\u00e9alis\u00e9e \u00e0 l&rsquo;encre aquarelle intitul\u00e9e \u00ab\u00a0Le Hibou sorcier et la Lune\u00a0\u00bb \ud83c\udf19<\/p>\n<p>Carte imprim\u00e9e sur du beau papier mat \u00e9pais et vendue avec son enveloppe.<\/p>\n<p>Cette carte est dessin\u00e9e, imprim\u00e9e et emball\u00e9e dans mon atelier \u00e0 Maisons-Laffitte (78).<\/p>\n","protected":false},"featured_media":7247,"comment_status":"open","ping_status":"closed","template":"","meta":[],"product_brand":[],"product_cat":[1090,719,874,722],"product_tag":[105,784,786,796,798,505,799,800,793,803,805,372,795,792,139,801,794,342,790,807,797,802,804,806],"class_list":{"0":"post-6299","1":"product","2":"type-product","3":"status-publish","4":"has-post-thumbnail","6":"product_cat-affiches-cartes","7":"product_cat-carterie","8":"product_cat-cartes-de-voeux","9":"product_cat-toutes-les-cartes","10":"product_tag-affiche","11":"product_tag-amour","12":"product_tag-amoureux","13":"product_tag-carte-aquarelle","14":"product_tag-carte-automne","15":"product_tag-carte-chat","16":"product_tag-carte-enfant","17":"product_tag-carte-fantome","18":"product_tag-carte-halloween","19":"product_tag-carte-hibou","20":"product_tag-carte-magicien","21":"product_tag-carte-postale","22":"product_tag-carte-pumpkins","23":"product_tag-citrouilles","24":"product_tag-fait-main","25":"product_tag-fantome","26":"product_tag-halloween","27":"product_tag-illustration-chat","28":"product_tag-illustration-chats","29":"product_tag-illustration-chouette","30":"product_tag-illustration-citrouille","31":"product_tag-illustration-fantome","32":"product_tag-illustration-hibou","33":"product_tag-illustration-lune","34":"product_shipping_class-lettre-suivie","36":"first","37":"instock","38":"featured","39":"taxable","40":"shipping-taxable","41":"purchasable","42":"product-type-simple"},"yoast_head":"<!-- This site is optimized with the Yoast SEO plugin v24.6 - https:\/\/yoast.com\/wordpress\/plugins\/seo\/ -->\n<title>Carte &quot;Le Hibou sorcier et la Lune&quot; - ohmondessin.com<\/title>\n<meta name=\"robots\" content=\"index, follow, max-snippet:-1, max-image-preview:large, max-video-preview:-1\" \/>\n<link rel=\"canonical\" href=\"https:\/\/ohmondessin.com\/index.php\/product\/carte-le-hibou-sorcier-et-la-lune\/\" \/>\n<meta property=\"og:locale\" content=\"fr_FR\" \/>\n<meta property=\"og:type\" content=\"article\" \/>\n<meta property=\"og:title\" content=\"Carte &quot;Le Hibou sorcier et la Lune&quot; - ohmondessin.com\" \/>\n<meta property=\"og:description\" content=\"Reproduction d&#039;une illustration r\u00e9alis\u00e9e \u00e0 l&#039;encre aquarelle intitul\u00e9e &quot;Le Hibou sorcier et la Lune&quot; \ud83c\udf19  Carte imprim\u00e9e sur du beau papier mat \u00e9pais et vendue avec son enveloppe.  Cette carte est dessin\u00e9e, imprim\u00e9e et emball\u00e9e dans mon atelier \u00e0 Maisons-Laffitte (78).\" \/>\n<meta property=\"og:url\" content=\"https:\/\/ohmondessin.com\/index.php\/product\/carte-le-hibou-sorcier-et-la-lune\/\" \/>\n<meta property=\"og:site_name\" content=\"ohmondessin.com\" \/>\n<meta property=\"article:publisher\" content=\"https:\/\/www.facebook.com\/Ohmondessin\" \/>\n<meta property=\"article:modified_time\" content=\"2026-01-15T00:01:54+00:00\" \/>\n<meta property=\"og:image\" content=\"http:\/\/ohmondessin.com\/wp-content\/uploads\/2023\/10\/Cartecarreedouble_HIBOU.jpg\" \/>\n\t<meta property=\"og:image:width\" content=\"1536\" \/>\n\t<meta property=\"og:image:height\" content=\"1536\" \/>\n\t<meta property=\"og:image:type\" content=\"image\/jpeg\" \/>\n<meta name=\"twitter:card\" content=\"summary_large_image\" \/>\n<meta name=\"twitter:label1\" content=\"Dur\u00e9e de lecture estim\u00e9e\" \/>\n\t<meta name=\"twitter:data1\" content=\"1 minute\" \/>\n<script type=\"application\/ld+json\" class=\"yoast-schema-graph\">{\"@context\":\"https:\/\/schema.org\",\"@graph\":[{\"@type\":\"WebPage\",\"@id\":\"https:\/\/ohmondessin.com\/index.php\/product\/carte-le-hibou-sorcier-et-la-lune\/\",\"url\":\"https:\/\/ohmondessin.com\/index.php\/product\/carte-le-hibou-sorcier-et-la-lune\/\",\"name\":\"Carte \\\"Le Hibou sorcier et la Lune\\\" - ohmondessin.com\",\"isPartOf\":{\"@id\":\"https:\/\/ohmondessin.com\/#website\"},\"primaryImageOfPage\":{\"@id\":\"https:\/\/ohmondessin.com\/index.php\/product\/carte-le-hibou-sorcier-et-la-lune\/#primaryimage\"},\"image\":{\"@id\":\"https:\/\/ohmondessin.com\/index.php\/product\/carte-le-hibou-sorcier-et-la-lune\/#primaryimage\"},\"thumbnailUrl\":\"https:\/\/ohmondessin.com\/wp-content\/uploads\/2023\/10\/Cartecarreedouble_HIBOU.jpg\",\"datePublished\":\"2023-10-26T16:02:00+00:00\",\"dateModified\":\"2026-01-15T00:01:54+00:00\",\"breadcrumb\":{\"@id\":\"https:\/\/ohmondessin.com\/index.php\/product\/carte-le-hibou-sorcier-et-la-lune\/#breadcrumb\"},\"inLanguage\":\"fr-FR\",\"potentialAction\":[{\"@type\":\"ReadAction\",\"target\":[\"https:\/\/ohmondessin.com\/index.php\/product\/carte-le-hibou-sorcier-et-la-lune\/\"]}]},{\"@type\":\"ImageObject\",\"inLanguage\":\"fr-FR\",\"@id\":\"https:\/\/ohmondessin.com\/index.php\/product\/carte-le-hibou-sorcier-et-la-lune\/#primaryimage\",\"url\":\"https:\/\/ohmondessin.com\/wp-content\/uploads\/2023\/10\/Cartecarreedouble_HIBOU.jpg\",\"contentUrl\":\"https:\/\/ohmondessin.com\/wp-content\/uploads\/2023\/10\/Cartecarreedouble_HIBOU.jpg\",\"width\":1536,\"height\":1536},{\"@type\":\"BreadcrumbList\",\"@id\":\"https:\/\/ohmondessin.com\/index.php\/product\/carte-le-hibou-sorcier-et-la-lune\/#breadcrumb\",\"itemListElement\":[{\"@type\":\"ListItem\",\"position\":1,\"name\":\"Accueil\",\"item\":\"https:\/\/ohmondessin.com\/\"},{\"@type\":\"ListItem\",\"position\":2,\"name\":\"La boutique\",\"item\":\"https:\/\/ohmondessin.com\/index.php\/la-boutique\/\"},{\"@type\":\"ListItem\",\"position\":3,\"name\":\"Carte \u00ab\u00a0Le Hibou sorcier et la Lune\u00a0\u00bb\"}]},{\"@type\":\"WebSite\",\"@id\":\"https:\/\/ohmondessin.com\/#website\",\"url\":\"https:\/\/ohmondessin.com\/\",\"name\":\"ohmondessin.com\",\"description\":\"De l\u2019illustration et du fait-main\",\"publisher\":{\"@id\":\"https:\/\/ohmondessin.com\/#organization\"},\"potentialAction\":[{\"@type\":\"SearchAction\",\"target\":{\"@type\":\"EntryPoint\",\"urlTemplate\":\"https:\/\/ohmondessin.com\/?s={search_term_string}\"},\"query-input\":{\"@type\":\"PropertyValueSpecification\",\"valueRequired\":true,\"valueName\":\"search_term_string\"}}],\"inLanguage\":\"fr-FR\"},{\"@type\":\"Organization\",\"@id\":\"https:\/\/ohmondessin.com\/#organization\",\"name\":\"ohmondessin.com\",\"url\":\"https:\/\/ohmondessin.com\/\",\"logo\":{\"@type\":\"ImageObject\",\"inLanguage\":\"fr-FR\",\"@id\":\"https:\/\/ohmondessin.com\/#\/schema\/logo\/image\/\",\"url\":\"https:\/\/ohmondessin.com\/wp-content\/uploads\/2023\/01\/logo_OHMD-dark.png\",\"contentUrl\":\"https:\/\/ohmondessin.com\/wp-content\/uploads\/2023\/01\/logo_OHMD-dark.png\",\"width\":500,\"height\":500,\"caption\":\"ohmondessin.com\"},\"image\":{\"@id\":\"https:\/\/ohmondessin.com\/#\/schema\/logo\/image\/\"},\"sameAs\":[\"https:\/\/www.facebook.com\/Ohmondessin\",\"https:\/\/www.instagram.com\/ohmondessin\/\"]}]}<\/script>\n<!-- \/ Yoast SEO plugin. -->","yoast_head_json":{"title":"Carte \"Le Hibou sorcier et la Lune\" - ohmondessin.com","robots":{"index":"index","follow":"follow","max-snippet":"max-snippet:-1","max-image-preview":"max-image-preview:large","max-video-preview":"max-video-preview:-1"},"canonical":"https:\/\/ohmondessin.com\/index.php\/product\/carte-le-hibou-sorcier-et-la-lune\/","og_locale":"fr_FR","og_type":"article","og_title":"Carte \"Le Hibou sorcier et la Lune\" - ohmondessin.com","og_description":"Reproduction d'une illustration r\u00e9alis\u00e9e \u00e0 l'encre aquarelle intitul\u00e9e \"Le Hibou sorcier et la Lune\" \ud83c\udf19  Carte imprim\u00e9e sur du beau papier mat \u00e9pais et vendue avec son enveloppe.  Cette carte est dessin\u00e9e, imprim\u00e9e et emball\u00e9e dans mon atelier \u00e0 Maisons-Laffitte (78).","og_url":"https:\/\/ohmondessin.com\/index.php\/product\/carte-le-hibou-sorcier-et-la-lune\/","og_site_name":"ohmondessin.com","article_publisher":"https:\/\/www.facebook.com\/Ohmondessin","article_modified_time":"2026-01-15T00:01:54+00:00","og_image":[{"width":1536,"height":1536,"url":"http:\/\/ohmondessin.com\/wp-content\/uploads\/2023\/10\/Cartecarreedouble_HIBOU.jpg","type":"image\/jpeg"}],"twitter_card":"summary_large_image","twitter_misc":{"Dur\u00e9e de lecture estim\u00e9e":"1 minute"},"schema":{"@context":"https:\/\/schema.org","@graph":[{"@type":"WebPage","@id":"https:\/\/ohmondessin.com\/index.php\/product\/carte-le-hibou-sorcier-et-la-lune\/","url":"https:\/\/ohmondessin.com\/index.php\/product\/carte-le-hibou-sorcier-et-la-lune\/","name":"Carte \"Le Hibou sorcier et la Lune\" - ohmondessin.com","isPartOf":{"@id":"https:\/\/ohmondessin.com\/#website"},"primaryImageOfPage":{"@id":"https:\/\/ohmondessin.com\/index.php\/product\/carte-le-hibou-sorcier-et-la-lune\/#primaryimage"},"image":{"@id":"https:\/\/ohmondessin.com\/index.php\/product\/carte-le-hibou-sorcier-et-la-lune\/#primaryimage"},"thumbnailUrl":"https:\/\/ohmondessin.com\/wp-content\/uploads\/2023\/10\/Cartecarreedouble_HIBOU.jpg","datePublished":"2023-10-26T16:02:00+00:00","dateModified":"2026-01-15T00:01:54+00:00","breadcrumb":{"@id":"https:\/\/ohmondessin.com\/index.php\/product\/carte-le-hibou-sorcier-et-la-lune\/#breadcrumb"},"inLanguage":"fr-FR","potentialAction":[{"@type":"ReadAction","target":["https:\/\/ohmondessin.com\/index.php\/product\/carte-le-hibou-sorcier-et-la-lune\/"]}]},{"@type":"ImageObject","inLanguage":"fr-FR","@id":"https:\/\/ohmondessin.com\/index.php\/product\/carte-le-hibou-sorcier-et-la-lune\/#primaryimage","url":"https:\/\/ohmondessin.com\/wp-content\/uploads\/2023\/10\/Cartecarreedouble_HIBOU.jpg","contentUrl":"https:\/\/ohmondessin.com\/wp-content\/uploads\/2023\/10\/Cartecarreedouble_HIBOU.jpg","width":1536,"height":1536},{"@type":"BreadcrumbList","@id":"https:\/\/ohmondessin.com\/index.php\/product\/carte-le-hibou-sorcier-et-la-lune\/#breadcrumb","itemListElement":[{"@type":"ListItem","position":1,"name":"Accueil","item":"https:\/\/ohmondessin.com\/"},{"@type":"ListItem","position":2,"name":"La boutique","item":"https:\/\/ohmondessin.com\/index.php\/la-boutique\/"},{"@type":"ListItem","position":3,"name":"Carte \u00ab\u00a0Le Hibou sorcier et la Lune\u00a0\u00bb"}]},{"@type":"WebSite","@id":"https:\/\/ohmondessin.com\/#website","url":"https:\/\/ohmondessin.com\/","name":"ohmondessin.com","description":"De l\u2019illustration et du fait-main","publisher":{"@id":"https:\/\/ohmondessin.com\/#organization"},"potentialAction":[{"@type":"SearchAction","target":{"@type":"EntryPoint","urlTemplate":"https:\/\/ohmondessin.com\/?s={search_term_string}"},"query-input":{"@type":"PropertyValueSpecification","valueRequired":true,"valueName":"search_term_string"}}],"inLanguage":"fr-FR"},{"@type":"Organization","@id":"https:\/\/ohmondessin.com\/#organization","name":"ohmondessin.com","url":"https:\/\/ohmondessin.com\/","logo":{"@type":"ImageObject","inLanguage":"fr-FR","@id":"https:\/\/ohmondessin.com\/#\/schema\/logo\/image\/","url":"https:\/\/ohmondessin.com\/wp-content\/uploads\/2023\/01\/logo_OHMD-dark.png","contentUrl":"https:\/\/ohmondessin.com\/wp-content\/uploads\/2023\/01\/logo_OHMD-dark.png","width":500,"height":500,"caption":"ohmondessin.com"},"image":{"@id":"https:\/\/ohmondessin.com\/#\/schema\/logo\/image\/"},"sameAs":["https:\/\/www.facebook.com\/Ohmondessin","https:\/\/www.instagram.com\/ohmondessin\/"]}]}},"jetpack_sharing_enabled":true,"_links":{"self":[{"href":"https:\/\/ohmondessin.com\/index.php\/wp-json\/wp\/v2\/product\/6299","targetHints":{"allow":["GET"]}}],"collection":[{"href":"https:\/\/ohmondessin.com\/index.php\/wp-json\/wp\/v2\/product"}],"about":[{"href":"https:\/\/ohmondessin.com\/index.php\/wp-json\/wp\/v2\/types\/product"}],"replies":[{"embeddable":true,"href":"https:\/\/ohmondessin.com\/index.php\/wp-json\/wp\/v2\/comments?post=6299"}],"wp:featuredmedia":[{"embeddable":true,"href":"https:\/\/ohmondessin.com\/index.php\/wp-json\/wp\/v2\/media\/7247"}],"wp:attachment":[{"href":"https:\/\/ohmondessin.com\/index.php\/wp-json\/wp\/v2\/media?parent=6299"}],"wp:term":[{"taxonomy":"product_brand","embeddable":true,"href":"https:\/\/ohmondessin.com\/index.php\/wp-json\/wp\/v2\/product_brand?post=6299"},{"taxonomy":"product_cat","embeddable":true,"href":"https:\/\/ohmondessin.com\/index.php\/wp-json\/wp\/v2\/product_cat?post=6299"},{"taxonomy":"product_tag","embeddable":true,"href":"https:\/\/ohmondessin.com\/index.php\/wp-json\/wp\/v2\/product_tag?post=6299"}],"curies":[{"name":"wp","href":"https:\/\/api.w.org\/{rel}","templated":true}]}}