{"id":6398,"date":"2025-09-18T16:54:25","date_gmt":"2025-09-18T16:54:25","guid":{"rendered":"https:\/\/ohmondessin.com\/?post_type=product&#038;p=6398"},"modified":"2026-01-15T00:03:31","modified_gmt":"2026-01-15T00:03:31","slug":"carte-de-voeux-la-couronne-dagrumes-et-le-petit-oiseau","status":"publish","type":"product","link":"https:\/\/ohmondessin.com\/index.php\/product\/carte-de-voeux-la-couronne-dagrumes-et-le-petit-oiseau\/","title":{"rendered":"Carte de voeux \u00ab\u00a0La couronne d&rsquo;agrumes et le petit oiseau\u00a0\u00bb"},"content":{"rendered":"<p>Une illustration toute douce pour f\u00eater No\u00ebl ou se souhaiter une belle ann\u00e9e.<\/p>\n<p>Carte double imprim\u00e9e sur du beau papier et fourni avec son enveloppe.<\/p>\n<p>Cette illustration est dessin\u00e9e, imprim\u00e9e et emball\u00e9e dans mon atelier \u00e0 Maisons-Laffitte (78).<\/p>\n","protected":false},"excerpt":{"rendered":"<p>Une illustration toute douce repr\u00e9sentant un oiseau pos\u00e9 sur une couronne de l&rsquo;avant et portant dans son bec une rondelle d&rsquo;agrume. Illustration aux tons doux pour se souhaiter de belles f\u00eates ou \u00a0une belle ann\u00e9e.<\/p>\n<p>Carte double imprim\u00e9e sur du beau papier et fourni avec son enveloppe.<\/p>\n<p>Vendue \u00e0 l&rsquo;unit\u00e9 ou par lot de 5 cartes.<\/p>\n","protected":false},"featured_media":7396,"comment_status":"open","ping_status":"closed","template":"","meta":[],"product_brand":[],"product_cat":[1235,719,874],"product_tag":[867,864,853,843,841,842,1211,1210,844,866,372,865,852,139,851],"class_list":{"0":"post-6398","1":"product","2":"type-product","3":"status-publish","4":"has-post-thumbnail","6":"product_cat-guide-cadeaux-de-noel","7":"product_cat-carterie","8":"product_cat-cartes-de-voeux","9":"product_tag-agrumes-couronne","10":"product_tag-carte-couronne","11":"product_tag-carte-de-bonne-annee","12":"product_tag-carte-de-noel","13":"product_tag-carte-de-voeux","14":"product_tag-carte-de-voeux-lot","15":"product_tag-carte-de-voeux-made-in-france","16":"product_tag-carte-de-voeux-oiseau","17":"product_tag-carte-noel","18":"product_tag-carte-noel-oiseau","19":"product_tag-carte-postale","20":"product_tag-carte-voeux-couronne","21":"product_tag-decoration-noel","22":"product_tag-fait-main","23":"product_tag-illustration-noel","24":"product_shipping_class-lettre-suivie","26":"first","27":"instock","28":"taxable","29":"shipping-taxable","30":"purchasable","31":"product-type-variable"},"yoast_head":"<!-- This site is optimized with the Yoast SEO plugin v24.6 - https:\/\/yoast.com\/wordpress\/plugins\/seo\/ -->\n<title>Carte de voeux &quot;La couronne d&#039;agrumes et le petit oiseau&quot; - ohmondessin.com<\/title>\n<meta name=\"robots\" content=\"index, follow, max-snippet:-1, max-image-preview:large, max-video-preview:-1\" \/>\n<link rel=\"canonical\" href=\"https:\/\/ohmondessin.com\/index.php\/product\/carte-de-voeux-la-couronne-dagrumes-et-le-petit-oiseau\/\" \/>\n<meta property=\"og:locale\" content=\"fr_FR\" \/>\n<meta property=\"og:type\" content=\"article\" \/>\n<meta property=\"og:title\" content=\"Carte de voeux &quot;La couronne d&#039;agrumes et le petit oiseau&quot; - ohmondessin.com\" \/>\n<meta property=\"og:description\" content=\"Une illustration toute douce repr\u00e9sentant un oiseau pos\u00e9 sur une couronne de l&#039;avant et portant dans son bec une rondelle d&#039;agrume. Illustration aux tons doux pour se souhaiter de belles f\u00eates ou \u00a0une belle ann\u00e9e.  Carte double imprim\u00e9e sur du beau papier et fourni avec son enveloppe.  Vendue \u00e0 l&#039;unit\u00e9 ou par lot de 5 cartes.\" \/>\n<meta property=\"og:url\" content=\"https:\/\/ohmondessin.com\/index.php\/product\/carte-de-voeux-la-couronne-dagrumes-et-le-petit-oiseau\/\" \/>\n<meta property=\"og:site_name\" content=\"ohmondessin.com\" \/>\n<meta property=\"article:publisher\" content=\"https:\/\/www.facebook.com\/Ohmondessin\" \/>\n<meta property=\"article:modified_time\" content=\"2026-01-15T00:03:31+00:00\" \/>\n<meta property=\"og:image\" content=\"http:\/\/ohmondessin.com\/wp-content\/uploads\/2023\/11\/CartedeVoeux_couronne-agrume-web-scaled.jpg\" \/>\n\t<meta property=\"og:image:width\" content=\"2560\" \/>\n\t<meta property=\"og:image:height\" content=\"2560\" \/>\n\t<meta property=\"og:image:type\" content=\"image\/jpeg\" \/>\n<meta name=\"twitter:card\" content=\"summary_large_image\" \/>\n<meta name=\"twitter:label1\" content=\"Dur\u00e9e de lecture estim\u00e9e\" \/>\n\t<meta name=\"twitter:data1\" content=\"1 minute\" \/>\n<script type=\"application\/ld+json\" class=\"yoast-schema-graph\">{\"@context\":\"https:\/\/schema.org\",\"@graph\":[{\"@type\":\"WebPage\",\"@id\":\"https:\/\/ohmondessin.com\/index.php\/product\/carte-de-voeux-la-couronne-dagrumes-et-le-petit-oiseau\/\",\"url\":\"https:\/\/ohmondessin.com\/index.php\/product\/carte-de-voeux-la-couronne-dagrumes-et-le-petit-oiseau\/\",\"name\":\"Carte de voeux \\\"La couronne d'agrumes et le petit oiseau\\\" - ohmondessin.com\",\"isPartOf\":{\"@id\":\"https:\/\/ohmondessin.com\/#website\"},\"primaryImageOfPage\":{\"@id\":\"https:\/\/ohmondessin.com\/index.php\/product\/carte-de-voeux-la-couronne-dagrumes-et-le-petit-oiseau\/#primaryimage\"},\"image\":{\"@id\":\"https:\/\/ohmondessin.com\/index.php\/product\/carte-de-voeux-la-couronne-dagrumes-et-le-petit-oiseau\/#primaryimage\"},\"thumbnailUrl\":\"https:\/\/ohmondessin.com\/wp-content\/uploads\/2023\/11\/CartedeVoeux_couronne-agrume-web-scaled.jpg\",\"datePublished\":\"2025-09-18T16:54:25+00:00\",\"dateModified\":\"2026-01-15T00:03:31+00:00\",\"breadcrumb\":{\"@id\":\"https:\/\/ohmondessin.com\/index.php\/product\/carte-de-voeux-la-couronne-dagrumes-et-le-petit-oiseau\/#breadcrumb\"},\"inLanguage\":\"fr-FR\",\"potentialAction\":[{\"@type\":\"ReadAction\",\"target\":[\"https:\/\/ohmondessin.com\/index.php\/product\/carte-de-voeux-la-couronne-dagrumes-et-le-petit-oiseau\/\"]}]},{\"@type\":\"ImageObject\",\"inLanguage\":\"fr-FR\",\"@id\":\"https:\/\/ohmondessin.com\/index.php\/product\/carte-de-voeux-la-couronne-dagrumes-et-le-petit-oiseau\/#primaryimage\",\"url\":\"https:\/\/ohmondessin.com\/wp-content\/uploads\/2023\/11\/CartedeVoeux_couronne-agrume-web-scaled.jpg\",\"contentUrl\":\"https:\/\/ohmondessin.com\/wp-content\/uploads\/2023\/11\/CartedeVoeux_couronne-agrume-web-scaled.jpg\",\"width\":2560,\"height\":2560},{\"@type\":\"BreadcrumbList\",\"@id\":\"https:\/\/ohmondessin.com\/index.php\/product\/carte-de-voeux-la-couronne-dagrumes-et-le-petit-oiseau\/#breadcrumb\",\"itemListElement\":[{\"@type\":\"ListItem\",\"position\":1,\"name\":\"Accueil\",\"item\":\"https:\/\/ohmondessin.com\/\"},{\"@type\":\"ListItem\",\"position\":2,\"name\":\"La boutique\",\"item\":\"https:\/\/ohmondessin.com\/index.php\/la-boutique\/\"},{\"@type\":\"ListItem\",\"position\":3,\"name\":\"Carte de voeux \u00ab\u00a0La couronne d&rsquo;agrumes et le petit oiseau\u00a0\u00bb\"}]},{\"@type\":\"WebSite\",\"@id\":\"https:\/\/ohmondessin.com\/#website\",\"url\":\"https:\/\/ohmondessin.com\/\",\"name\":\"ohmondessin.com\",\"description\":\"De l\u2019illustration et du fait-main\",\"publisher\":{\"@id\":\"https:\/\/ohmondessin.com\/#organization\"},\"potentialAction\":[{\"@type\":\"SearchAction\",\"target\":{\"@type\":\"EntryPoint\",\"urlTemplate\":\"https:\/\/ohmondessin.com\/?s={search_term_string}\"},\"query-input\":{\"@type\":\"PropertyValueSpecification\",\"valueRequired\":true,\"valueName\":\"search_term_string\"}}],\"inLanguage\":\"fr-FR\"},{\"@type\":\"Organization\",\"@id\":\"https:\/\/ohmondessin.com\/#organization\",\"name\":\"ohmondessin.com\",\"url\":\"https:\/\/ohmondessin.com\/\",\"logo\":{\"@type\":\"ImageObject\",\"inLanguage\":\"fr-FR\",\"@id\":\"https:\/\/ohmondessin.com\/#\/schema\/logo\/image\/\",\"url\":\"https:\/\/ohmondessin.com\/wp-content\/uploads\/2023\/01\/logo_OHMD-dark.png\",\"contentUrl\":\"https:\/\/ohmondessin.com\/wp-content\/uploads\/2023\/01\/logo_OHMD-dark.png\",\"width\":500,\"height\":500,\"caption\":\"ohmondessin.com\"},\"image\":{\"@id\":\"https:\/\/ohmondessin.com\/#\/schema\/logo\/image\/\"},\"sameAs\":[\"https:\/\/www.facebook.com\/Ohmondessin\",\"https:\/\/www.instagram.com\/ohmondessin\/\"]}]}<\/script>\n<!-- \/ Yoast SEO plugin. -->","yoast_head_json":{"title":"Carte de voeux \"La couronne d'agrumes et le petit oiseau\" - ohmondessin.com","robots":{"index":"index","follow":"follow","max-snippet":"max-snippet:-1","max-image-preview":"max-image-preview:large","max-video-preview":"max-video-preview:-1"},"canonical":"https:\/\/ohmondessin.com\/index.php\/product\/carte-de-voeux-la-couronne-dagrumes-et-le-petit-oiseau\/","og_locale":"fr_FR","og_type":"article","og_title":"Carte de voeux \"La couronne d'agrumes et le petit oiseau\" - ohmondessin.com","og_description":"Une illustration toute douce repr\u00e9sentant un oiseau pos\u00e9 sur une couronne de l'avant et portant dans son bec une rondelle d'agrume. Illustration aux tons doux pour se souhaiter de belles f\u00eates ou \u00a0une belle ann\u00e9e.  Carte double imprim\u00e9e sur du beau papier et fourni avec son enveloppe.  Vendue \u00e0 l'unit\u00e9 ou par lot de 5 cartes.","og_url":"https:\/\/ohmondessin.com\/index.php\/product\/carte-de-voeux-la-couronne-dagrumes-et-le-petit-oiseau\/","og_site_name":"ohmondessin.com","article_publisher":"https:\/\/www.facebook.com\/Ohmondessin","article_modified_time":"2026-01-15T00:03:31+00:00","og_image":[{"width":2560,"height":2560,"url":"http:\/\/ohmondessin.com\/wp-content\/uploads\/2023\/11\/CartedeVoeux_couronne-agrume-web-scaled.jpg","type":"image\/jpeg"}],"twitter_card":"summary_large_image","twitter_misc":{"Dur\u00e9e de lecture estim\u00e9e":"1 minute"},"schema":{"@context":"https:\/\/schema.org","@graph":[{"@type":"WebPage","@id":"https:\/\/ohmondessin.com\/index.php\/product\/carte-de-voeux-la-couronne-dagrumes-et-le-petit-oiseau\/","url":"https:\/\/ohmondessin.com\/index.php\/product\/carte-de-voeux-la-couronne-dagrumes-et-le-petit-oiseau\/","name":"Carte de voeux \"La couronne d'agrumes et le petit oiseau\" - ohmondessin.com","isPartOf":{"@id":"https:\/\/ohmondessin.com\/#website"},"primaryImageOfPage":{"@id":"https:\/\/ohmondessin.com\/index.php\/product\/carte-de-voeux-la-couronne-dagrumes-et-le-petit-oiseau\/#primaryimage"},"image":{"@id":"https:\/\/ohmondessin.com\/index.php\/product\/carte-de-voeux-la-couronne-dagrumes-et-le-petit-oiseau\/#primaryimage"},"thumbnailUrl":"https:\/\/ohmondessin.com\/wp-content\/uploads\/2023\/11\/CartedeVoeux_couronne-agrume-web-scaled.jpg","datePublished":"2025-09-18T16:54:25+00:00","dateModified":"2026-01-15T00:03:31+00:00","breadcrumb":{"@id":"https:\/\/ohmondessin.com\/index.php\/product\/carte-de-voeux-la-couronne-dagrumes-et-le-petit-oiseau\/#breadcrumb"},"inLanguage":"fr-FR","potentialAction":[{"@type":"ReadAction","target":["https:\/\/ohmondessin.com\/index.php\/product\/carte-de-voeux-la-couronne-dagrumes-et-le-petit-oiseau\/"]}]},{"@type":"ImageObject","inLanguage":"fr-FR","@id":"https:\/\/ohmondessin.com\/index.php\/product\/carte-de-voeux-la-couronne-dagrumes-et-le-petit-oiseau\/#primaryimage","url":"https:\/\/ohmondessin.com\/wp-content\/uploads\/2023\/11\/CartedeVoeux_couronne-agrume-web-scaled.jpg","contentUrl":"https:\/\/ohmondessin.com\/wp-content\/uploads\/2023\/11\/CartedeVoeux_couronne-agrume-web-scaled.jpg","width":2560,"height":2560},{"@type":"BreadcrumbList","@id":"https:\/\/ohmondessin.com\/index.php\/product\/carte-de-voeux-la-couronne-dagrumes-et-le-petit-oiseau\/#breadcrumb","itemListElement":[{"@type":"ListItem","position":1,"name":"Accueil","item":"https:\/\/ohmondessin.com\/"},{"@type":"ListItem","position":2,"name":"La boutique","item":"https:\/\/ohmondessin.com\/index.php\/la-boutique\/"},{"@type":"ListItem","position":3,"name":"Carte de voeux \u00ab\u00a0La couronne d&rsquo;agrumes et le petit oiseau\u00a0\u00bb"}]},{"@type":"WebSite","@id":"https:\/\/ohmondessin.com\/#website","url":"https:\/\/ohmondessin.com\/","name":"ohmondessin.com","description":"De l\u2019illustration et du fait-main","publisher":{"@id":"https:\/\/ohmondessin.com\/#organization"},"potentialAction":[{"@type":"SearchAction","target":{"@type":"EntryPoint","urlTemplate":"https:\/\/ohmondessin.com\/?s={search_term_string}"},"query-input":{"@type":"PropertyValueSpecification","valueRequired":true,"valueName":"search_term_string"}}],"inLanguage":"fr-FR"},{"@type":"Organization","@id":"https:\/\/ohmondessin.com\/#organization","name":"ohmondessin.com","url":"https:\/\/ohmondessin.com\/","logo":{"@type":"ImageObject","inLanguage":"fr-FR","@id":"https:\/\/ohmondessin.com\/#\/schema\/logo\/image\/","url":"https:\/\/ohmondessin.com\/wp-content\/uploads\/2023\/01\/logo_OHMD-dark.png","contentUrl":"https:\/\/ohmondessin.com\/wp-content\/uploads\/2023\/01\/logo_OHMD-dark.png","width":500,"height":500,"caption":"ohmondessin.com"},"image":{"@id":"https:\/\/ohmondessin.com\/#\/schema\/logo\/image\/"},"sameAs":["https:\/\/www.facebook.com\/Ohmondessin","https:\/\/www.instagram.com\/ohmondessin\/"]}]}},"jetpack_sharing_enabled":true,"_links":{"self":[{"href":"https:\/\/ohmondessin.com\/index.php\/wp-json\/wp\/v2\/product\/6398","targetHints":{"allow":["GET"]}}],"collection":[{"href":"https:\/\/ohmondessin.com\/index.php\/wp-json\/wp\/v2\/product"}],"about":[{"href":"https:\/\/ohmondessin.com\/index.php\/wp-json\/wp\/v2\/types\/product"}],"replies":[{"embeddable":true,"href":"https:\/\/ohmondessin.com\/index.php\/wp-json\/wp\/v2\/comments?post=6398"}],"wp:featuredmedia":[{"embeddable":true,"href":"https:\/\/ohmondessin.com\/index.php\/wp-json\/wp\/v2\/media\/7396"}],"wp:attachment":[{"href":"https:\/\/ohmondessin.com\/index.php\/wp-json\/wp\/v2\/media?parent=6398"}],"wp:term":[{"taxonomy":"product_brand","embeddable":true,"href":"https:\/\/ohmondessin.com\/index.php\/wp-json\/wp\/v2\/product_brand?post=6398"},{"taxonomy":"product_cat","embeddable":true,"href":"https:\/\/ohmondessin.com\/index.php\/wp-json\/wp\/v2\/product_cat?post=6398"},{"taxonomy":"product_tag","embeddable":true,"href":"https:\/\/ohmondessin.com\/index.php\/wp-json\/wp\/v2\/product_tag?post=6398"}],"curies":[{"name":"wp","href":"https:\/\/api.w.org\/{rel}","templated":true}]}}