{"id":6646,"date":"2024-02-25T12:40:45","date_gmt":"2024-02-25T12:40:45","guid":{"rendered":"https:\/\/ohmondessin.com\/?post_type=product&#038;p=6646"},"modified":"2025-08-09T16:37:16","modified_gmt":"2025-08-09T16:37:16","slug":"cartes-invitation-anniversaire-motif-pivoines","status":"publish","type":"product","link":"https:\/\/ohmondessin.com\/index.php\/product\/cartes-invitation-anniversaire-motif-pivoines\/","title":{"rendered":"Cartes Invitation Anniversaire &#8211; Motif Pivoines"},"content":{"rendered":"<p>Motif : Chat Pivoines<\/p>\n<p>Cartes imprim\u00e9es sur du beau papier mat \u00e9pais et fourni avec enveloppes.<\/p>\n<p>Cr\u00e9ation &amp; fabrication 100% fran\u00e7aise<\/p>\n","protected":false},"excerpt":{"rendered":"<p class=\"LC20lb MBeuO DKV0Md\">\ud83d\udc8c Lot de 8 cartes d&rsquo;invitation et ses enveloppes.<\/p>\n<p>Vous organisez la f\u00eate d&rsquo;anniversaire de votre enfant ? Conviez tous ses amis gr\u00e2ce \u00e0 nos cartes d&rsquo;invitations.<\/p>\n<p>Cartes faciles \u00e0 compl\u00e9ter.<\/p>\n<p>Ces invitations sont dessin\u00e9es, fabriqu\u00e9es et imprim\u00e9es dans notre atelier en France.<\/p>\n<p>&nbsp;<\/p>\n","protected":false},"featured_media":6838,"comment_status":"open","ping_status":"closed","template":"","meta":[],"product_brand":[],"product_cat":[1090,1302],"product_tag":[913,917,914,570,504,896,911,916,184,918,915,139,342,912,919],"class_list":{"0":"post-6646","1":"product","2":"type-product","3":"status-publish","4":"has-post-thumbnail","6":"product_cat-affiches-cartes","7":"product_cat-petits-prix","8":"product_tag-anniversaire","9":"product_tag-anniversaire-enfant","10":"product_tag-bougies","11":"product_tag-cadeau-anniversaire","12":"product_tag-carte-anniversaire","13":"product_tag-carte-invitation","14":"product_tag-cartes-invitation","15":"product_tag-cartons-illustration","16":"product_tag-chat","17":"product_tag-chat-lettre","18":"product_tag-correspondance","19":"product_tag-fait-main","20":"product_tag-illustration-chat","21":"product_tag-invitation","22":"product_tag-papier-chat","23":"product_shipping_class-lettre-suivie","25":"first","26":"instock","27":"sale","28":"purchasable","29":"product-type-simple"},"yoast_head":"<!-- This site is optimized with the Yoast SEO plugin v24.6 - https:\/\/yoast.com\/wordpress\/plugins\/seo\/ -->\n<title>Cartes Invitation Anniversaire - Motif Pivoines - ohmondessin.com<\/title>\n<meta name=\"robots\" content=\"index, follow, max-snippet:-1, max-image-preview:large, max-video-preview:-1\" \/>\n<link rel=\"canonical\" href=\"https:\/\/ohmondessin.com\/index.php\/product\/cartes-invitation-anniversaire-motif-pivoines\/\" \/>\n<meta property=\"og:locale\" content=\"fr_FR\" \/>\n<meta property=\"og:type\" content=\"article\" \/>\n<meta property=\"og:title\" content=\"Cartes Invitation Anniversaire - Motif Pivoines - ohmondessin.com\" \/>\n<meta property=\"og:description\" content=\"\ud83d\udc8c Lot de 8 cartes d&#039;invitation et ses enveloppes. Vous organisez la f\u00eate d&#039;anniversaire de votre enfant ? Conviez tous ses amis gr\u00e2ce \u00e0 nos cartes d&#039;invitations.  Cartes faciles \u00e0 compl\u00e9ter.  Ces invitations sont dessin\u00e9es, fabriqu\u00e9es et imprim\u00e9es dans notre atelier en France.  &nbsp;\" \/>\n<meta property=\"og:url\" content=\"https:\/\/ohmondessin.com\/index.php\/product\/cartes-invitation-anniversaire-motif-pivoines\/\" \/>\n<meta property=\"og:site_name\" content=\"ohmondessin.com\" \/>\n<meta property=\"article:publisher\" content=\"https:\/\/www.facebook.com\/Ohmondessin\" \/>\n<meta property=\"article:modified_time\" content=\"2025-08-09T16:37:16+00:00\" \/>\n<meta property=\"og:image\" content=\"http:\/\/ohmondessin.com\/wp-content\/uploads\/2024\/02\/ANNIV-3_OK-min.jpg\" \/>\n\t<meta property=\"og:image:width\" content=\"1000\" \/>\n\t<meta property=\"og:image:height\" content=\"1000\" \/>\n\t<meta property=\"og:image:type\" content=\"image\/jpeg\" \/>\n<meta name=\"twitter:card\" content=\"summary_large_image\" \/>\n<meta name=\"twitter:label1\" content=\"Dur\u00e9e de lecture estim\u00e9e\" \/>\n\t<meta name=\"twitter:data1\" content=\"1 minute\" \/>\n<script type=\"application\/ld+json\" class=\"yoast-schema-graph\">{\"@context\":\"https:\/\/schema.org\",\"@graph\":[{\"@type\":\"WebPage\",\"@id\":\"https:\/\/ohmondessin.com\/index.php\/product\/cartes-invitation-anniversaire-motif-pivoines\/\",\"url\":\"https:\/\/ohmondessin.com\/index.php\/product\/cartes-invitation-anniversaire-motif-pivoines\/\",\"name\":\"Cartes Invitation Anniversaire - Motif Pivoines - ohmondessin.com\",\"isPartOf\":{\"@id\":\"https:\/\/ohmondessin.com\/#website\"},\"primaryImageOfPage\":{\"@id\":\"https:\/\/ohmondessin.com\/index.php\/product\/cartes-invitation-anniversaire-motif-pivoines\/#primaryimage\"},\"image\":{\"@id\":\"https:\/\/ohmondessin.com\/index.php\/product\/cartes-invitation-anniversaire-motif-pivoines\/#primaryimage\"},\"thumbnailUrl\":\"https:\/\/ohmondessin.com\/wp-content\/uploads\/2024\/02\/ANNIV-3_OK-min.jpg\",\"datePublished\":\"2024-02-25T12:40:45+00:00\",\"dateModified\":\"2025-08-09T16:37:16+00:00\",\"breadcrumb\":{\"@id\":\"https:\/\/ohmondessin.com\/index.php\/product\/cartes-invitation-anniversaire-motif-pivoines\/#breadcrumb\"},\"inLanguage\":\"fr-FR\",\"potentialAction\":[{\"@type\":\"ReadAction\",\"target\":[\"https:\/\/ohmondessin.com\/index.php\/product\/cartes-invitation-anniversaire-motif-pivoines\/\"]}]},{\"@type\":\"ImageObject\",\"inLanguage\":\"fr-FR\",\"@id\":\"https:\/\/ohmondessin.com\/index.php\/product\/cartes-invitation-anniversaire-motif-pivoines\/#primaryimage\",\"url\":\"https:\/\/ohmondessin.com\/wp-content\/uploads\/2024\/02\/ANNIV-3_OK-min.jpg\",\"contentUrl\":\"https:\/\/ohmondessin.com\/wp-content\/uploads\/2024\/02\/ANNIV-3_OK-min.jpg\",\"width\":1000,\"height\":1000},{\"@type\":\"BreadcrumbList\",\"@id\":\"https:\/\/ohmondessin.com\/index.php\/product\/cartes-invitation-anniversaire-motif-pivoines\/#breadcrumb\",\"itemListElement\":[{\"@type\":\"ListItem\",\"position\":1,\"name\":\"Accueil\",\"item\":\"https:\/\/ohmondessin.com\/\"},{\"@type\":\"ListItem\",\"position\":2,\"name\":\"La boutique\",\"item\":\"https:\/\/ohmondessin.com\/index.php\/la-boutique\/\"},{\"@type\":\"ListItem\",\"position\":3,\"name\":\"Cartes Invitation Anniversaire &#8211; Motif Pivoines\"}]},{\"@type\":\"WebSite\",\"@id\":\"https:\/\/ohmondessin.com\/#website\",\"url\":\"https:\/\/ohmondessin.com\/\",\"name\":\"ohmondessin.com\",\"description\":\"De l\u2019illustration et du fait-main\",\"publisher\":{\"@id\":\"https:\/\/ohmondessin.com\/#organization\"},\"potentialAction\":[{\"@type\":\"SearchAction\",\"target\":{\"@type\":\"EntryPoint\",\"urlTemplate\":\"https:\/\/ohmondessin.com\/?s={search_term_string}\"},\"query-input\":{\"@type\":\"PropertyValueSpecification\",\"valueRequired\":true,\"valueName\":\"search_term_string\"}}],\"inLanguage\":\"fr-FR\"},{\"@type\":\"Organization\",\"@id\":\"https:\/\/ohmondessin.com\/#organization\",\"name\":\"ohmondessin.com\",\"url\":\"https:\/\/ohmondessin.com\/\",\"logo\":{\"@type\":\"ImageObject\",\"inLanguage\":\"fr-FR\",\"@id\":\"https:\/\/ohmondessin.com\/#\/schema\/logo\/image\/\",\"url\":\"https:\/\/ohmondessin.com\/wp-content\/uploads\/2023\/01\/logo_OHMD-dark.png\",\"contentUrl\":\"https:\/\/ohmondessin.com\/wp-content\/uploads\/2023\/01\/logo_OHMD-dark.png\",\"width\":500,\"height\":500,\"caption\":\"ohmondessin.com\"},\"image\":{\"@id\":\"https:\/\/ohmondessin.com\/#\/schema\/logo\/image\/\"},\"sameAs\":[\"https:\/\/www.facebook.com\/Ohmondessin\",\"https:\/\/www.instagram.com\/ohmondessin\/\"]}]}<\/script>\n<!-- \/ Yoast SEO plugin. -->","yoast_head_json":{"title":"Cartes Invitation Anniversaire - Motif Pivoines - ohmondessin.com","robots":{"index":"index","follow":"follow","max-snippet":"max-snippet:-1","max-image-preview":"max-image-preview:large","max-video-preview":"max-video-preview:-1"},"canonical":"https:\/\/ohmondessin.com\/index.php\/product\/cartes-invitation-anniversaire-motif-pivoines\/","og_locale":"fr_FR","og_type":"article","og_title":"Cartes Invitation Anniversaire - Motif Pivoines - ohmondessin.com","og_description":"\ud83d\udc8c Lot de 8 cartes d'invitation et ses enveloppes. Vous organisez la f\u00eate d'anniversaire de votre enfant ? Conviez tous ses amis gr\u00e2ce \u00e0 nos cartes d'invitations.  Cartes faciles \u00e0 compl\u00e9ter.  Ces invitations sont dessin\u00e9es, fabriqu\u00e9es et imprim\u00e9es dans notre atelier en France.  &nbsp;","og_url":"https:\/\/ohmondessin.com\/index.php\/product\/cartes-invitation-anniversaire-motif-pivoines\/","og_site_name":"ohmondessin.com","article_publisher":"https:\/\/www.facebook.com\/Ohmondessin","article_modified_time":"2025-08-09T16:37:16+00:00","og_image":[{"width":1000,"height":1000,"url":"http:\/\/ohmondessin.com\/wp-content\/uploads\/2024\/02\/ANNIV-3_OK-min.jpg","type":"image\/jpeg"}],"twitter_card":"summary_large_image","twitter_misc":{"Dur\u00e9e de lecture estim\u00e9e":"1 minute"},"schema":{"@context":"https:\/\/schema.org","@graph":[{"@type":"WebPage","@id":"https:\/\/ohmondessin.com\/index.php\/product\/cartes-invitation-anniversaire-motif-pivoines\/","url":"https:\/\/ohmondessin.com\/index.php\/product\/cartes-invitation-anniversaire-motif-pivoines\/","name":"Cartes Invitation Anniversaire - Motif Pivoines - ohmondessin.com","isPartOf":{"@id":"https:\/\/ohmondessin.com\/#website"},"primaryImageOfPage":{"@id":"https:\/\/ohmondessin.com\/index.php\/product\/cartes-invitation-anniversaire-motif-pivoines\/#primaryimage"},"image":{"@id":"https:\/\/ohmondessin.com\/index.php\/product\/cartes-invitation-anniversaire-motif-pivoines\/#primaryimage"},"thumbnailUrl":"https:\/\/ohmondessin.com\/wp-content\/uploads\/2024\/02\/ANNIV-3_OK-min.jpg","datePublished":"2024-02-25T12:40:45+00:00","dateModified":"2025-08-09T16:37:16+00:00","breadcrumb":{"@id":"https:\/\/ohmondessin.com\/index.php\/product\/cartes-invitation-anniversaire-motif-pivoines\/#breadcrumb"},"inLanguage":"fr-FR","potentialAction":[{"@type":"ReadAction","target":["https:\/\/ohmondessin.com\/index.php\/product\/cartes-invitation-anniversaire-motif-pivoines\/"]}]},{"@type":"ImageObject","inLanguage":"fr-FR","@id":"https:\/\/ohmondessin.com\/index.php\/product\/cartes-invitation-anniversaire-motif-pivoines\/#primaryimage","url":"https:\/\/ohmondessin.com\/wp-content\/uploads\/2024\/02\/ANNIV-3_OK-min.jpg","contentUrl":"https:\/\/ohmondessin.com\/wp-content\/uploads\/2024\/02\/ANNIV-3_OK-min.jpg","width":1000,"height":1000},{"@type":"BreadcrumbList","@id":"https:\/\/ohmondessin.com\/index.php\/product\/cartes-invitation-anniversaire-motif-pivoines\/#breadcrumb","itemListElement":[{"@type":"ListItem","position":1,"name":"Accueil","item":"https:\/\/ohmondessin.com\/"},{"@type":"ListItem","position":2,"name":"La boutique","item":"https:\/\/ohmondessin.com\/index.php\/la-boutique\/"},{"@type":"ListItem","position":3,"name":"Cartes Invitation Anniversaire &#8211; Motif Pivoines"}]},{"@type":"WebSite","@id":"https:\/\/ohmondessin.com\/#website","url":"https:\/\/ohmondessin.com\/","name":"ohmondessin.com","description":"De l\u2019illustration et du fait-main","publisher":{"@id":"https:\/\/ohmondessin.com\/#organization"},"potentialAction":[{"@type":"SearchAction","target":{"@type":"EntryPoint","urlTemplate":"https:\/\/ohmondessin.com\/?s={search_term_string}"},"query-input":{"@type":"PropertyValueSpecification","valueRequired":true,"valueName":"search_term_string"}}],"inLanguage":"fr-FR"},{"@type":"Organization","@id":"https:\/\/ohmondessin.com\/#organization","name":"ohmondessin.com","url":"https:\/\/ohmondessin.com\/","logo":{"@type":"ImageObject","inLanguage":"fr-FR","@id":"https:\/\/ohmondessin.com\/#\/schema\/logo\/image\/","url":"https:\/\/ohmondessin.com\/wp-content\/uploads\/2023\/01\/logo_OHMD-dark.png","contentUrl":"https:\/\/ohmondessin.com\/wp-content\/uploads\/2023\/01\/logo_OHMD-dark.png","width":500,"height":500,"caption":"ohmondessin.com"},"image":{"@id":"https:\/\/ohmondessin.com\/#\/schema\/logo\/image\/"},"sameAs":["https:\/\/www.facebook.com\/Ohmondessin","https:\/\/www.instagram.com\/ohmondessin\/"]}]}},"jetpack_sharing_enabled":true,"_links":{"self":[{"href":"https:\/\/ohmondessin.com\/index.php\/wp-json\/wp\/v2\/product\/6646","targetHints":{"allow":["GET"]}}],"collection":[{"href":"https:\/\/ohmondessin.com\/index.php\/wp-json\/wp\/v2\/product"}],"about":[{"href":"https:\/\/ohmondessin.com\/index.php\/wp-json\/wp\/v2\/types\/product"}],"replies":[{"embeddable":true,"href":"https:\/\/ohmondessin.com\/index.php\/wp-json\/wp\/v2\/comments?post=6646"}],"wp:featuredmedia":[{"embeddable":true,"href":"https:\/\/ohmondessin.com\/index.php\/wp-json\/wp\/v2\/media\/6838"}],"wp:attachment":[{"href":"https:\/\/ohmondessin.com\/index.php\/wp-json\/wp\/v2\/media?parent=6646"}],"wp:term":[{"taxonomy":"product_brand","embeddable":true,"href":"https:\/\/ohmondessin.com\/index.php\/wp-json\/wp\/v2\/product_brand?post=6646"},{"taxonomy":"product_cat","embeddable":true,"href":"https:\/\/ohmondessin.com\/index.php\/wp-json\/wp\/v2\/product_cat?post=6646"},{"taxonomy":"product_tag","embeddable":true,"href":"https:\/\/ohmondessin.com\/index.php\/wp-json\/wp\/v2\/product_tag?post=6646"}],"curies":[{"name":"wp","href":"https:\/\/api.w.org\/{rel}","templated":true}]}}