{"id":6708,"date":"2024-03-09T10:25:15","date_gmt":"2024-03-09T10:25:15","guid":{"rendered":"https:\/\/ohmondessin.com\/?post_type=product&#038;p=6708"},"modified":"2026-01-02T18:41:27","modified_gmt":"2026-01-02T18:41:27","slug":"broche-a-paillettes-jacqueline","status":"publish","type":"product","link":"https:\/\/ohmondessin.com\/index.php\/product\/broche-a-paillettes-jacqueline\/","title":{"rendered":"Broche \u00e0 paillettes Jacqueline"},"content":{"rendered":"<p>Broche dessin\u00e9e et fabriqu\u00e9e \u00e0 la main<\/p>\n<p>R\u00e9alis\u00e9e avec de la r\u00e9sine et beaucoup d&rsquo;amour<\/p>\n","protected":false},"excerpt":{"rendered":"<p>La broche Jacqueline est la nouveaut\u00e9 de ce printemps ! Les paillettes argent\u00e9es apporteront une touche de brillance \u00e0 vos looks.<\/p>\n<p>Facile \u00e0 attacher avec son attache au dos.<\/p>\n<p><a href=\"https:\/\/ohmondessin.com\/index.php\/product\/broche-marcel-noir\/\"><em>Existe \u00e9galement avec des paillettes noires<\/em><\/a><\/p>\n<p>&nbsp;<\/p>\n","protected":false},"featured_media":6847,"comment_status":"open","ping_status":"closed","template":"","meta":[],"product_brand":[],"product_cat":[781,929],"product_tag":[936,135,937,930,187,932,131,583,931,934,169,935,933,101,144,133],"class_list":{"0":"post-6708","1":"product","2":"type-product","3":"status-publish","4":"has-post-thumbnail","6":"product_cat-accessoires","7":"product_cat-broche","8":"product_tag-argent-broche","9":"product_tag-badge","10":"product_tag-bijoux-chat","11":"product_tag-broche","12":"product_tag-broche-chat","13":"product_tag-broche-paillettes","14":"product_tag-cadeau-adulte","15":"product_tag-cadeau-chat","16":"product_tag-chat-bijou","17":"product_tag-glitter","18":"product_tag-paillettes","19":"product_tag-paillettes-argent","20":"product_tag-paillettes-noires","21":"product_tag-pins","22":"product_tag-pins-marin","23":"product_tag-pins-mariniere","24":"product_shipping_class-lettre-suivie","26":"first","27":"outofstock","28":"taxable","29":"shipping-taxable","30":"purchasable","31":"product-type-simple"},"yoast_head":"<!-- This site is optimized with the Yoast SEO plugin v24.6 - https:\/\/yoast.com\/wordpress\/plugins\/seo\/ -->\n<title>Broche \u00e0 paillettes Jacqueline - ohmondessin.com<\/title>\n<meta name=\"robots\" content=\"index, follow, max-snippet:-1, max-image-preview:large, max-video-preview:-1\" \/>\n<link rel=\"canonical\" href=\"https:\/\/ohmondessin.com\/index.php\/product\/broche-a-paillettes-jacqueline\/\" \/>\n<meta property=\"og:locale\" content=\"fr_FR\" \/>\n<meta property=\"og:type\" content=\"article\" \/>\n<meta property=\"og:title\" content=\"Broche \u00e0 paillettes Jacqueline - ohmondessin.com\" \/>\n<meta property=\"og:description\" content=\"La broche Jacqueline est la nouveaut\u00e9 de ce printemps ! Les paillettes argent\u00e9es apporteront une touche de brillance \u00e0 vos looks.  Facile \u00e0 attacher avec son attache au dos.  Existe \u00e9galement avec des paillettes noires  &nbsp;\" \/>\n<meta property=\"og:url\" content=\"https:\/\/ohmondessin.com\/index.php\/product\/broche-a-paillettes-jacqueline\/\" \/>\n<meta property=\"og:site_name\" content=\"ohmondessin.com\" \/>\n<meta property=\"article:publisher\" content=\"https:\/\/www.facebook.com\/Ohmondessin\" \/>\n<meta property=\"article:modified_time\" content=\"2026-01-02T18:41:27+00:00\" \/>\n<meta property=\"og:image\" content=\"http:\/\/ohmondessin.com\/wp-content\/uploads\/2024\/03\/CHAT_ARGENT-min.jpg\" \/>\n\t<meta property=\"og:image:width\" content=\"1000\" \/>\n\t<meta property=\"og:image:height\" content=\"1000\" \/>\n\t<meta property=\"og:image:type\" content=\"image\/jpeg\" \/>\n<meta name=\"twitter:card\" content=\"summary_large_image\" \/>\n<meta name=\"twitter:label1\" content=\"Dur\u00e9e de lecture estim\u00e9e\" \/>\n\t<meta name=\"twitter:data1\" content=\"1 minute\" \/>\n<script type=\"application\/ld+json\" class=\"yoast-schema-graph\">{\"@context\":\"https:\/\/schema.org\",\"@graph\":[{\"@type\":\"WebPage\",\"@id\":\"https:\/\/ohmondessin.com\/index.php\/product\/broche-a-paillettes-jacqueline\/\",\"url\":\"https:\/\/ohmondessin.com\/index.php\/product\/broche-a-paillettes-jacqueline\/\",\"name\":\"Broche \u00e0 paillettes Jacqueline - ohmondessin.com\",\"isPartOf\":{\"@id\":\"https:\/\/ohmondessin.com\/#website\"},\"primaryImageOfPage\":{\"@id\":\"https:\/\/ohmondessin.com\/index.php\/product\/broche-a-paillettes-jacqueline\/#primaryimage\"},\"image\":{\"@id\":\"https:\/\/ohmondessin.com\/index.php\/product\/broche-a-paillettes-jacqueline\/#primaryimage\"},\"thumbnailUrl\":\"https:\/\/ohmondessin.com\/wp-content\/uploads\/2024\/03\/CHAT_ARGENT-min.jpg\",\"datePublished\":\"2024-03-09T10:25:15+00:00\",\"dateModified\":\"2026-01-02T18:41:27+00:00\",\"breadcrumb\":{\"@id\":\"https:\/\/ohmondessin.com\/index.php\/product\/broche-a-paillettes-jacqueline\/#breadcrumb\"},\"inLanguage\":\"fr-FR\",\"potentialAction\":[{\"@type\":\"ReadAction\",\"target\":[\"https:\/\/ohmondessin.com\/index.php\/product\/broche-a-paillettes-jacqueline\/\"]}]},{\"@type\":\"ImageObject\",\"inLanguage\":\"fr-FR\",\"@id\":\"https:\/\/ohmondessin.com\/index.php\/product\/broche-a-paillettes-jacqueline\/#primaryimage\",\"url\":\"https:\/\/ohmondessin.com\/wp-content\/uploads\/2024\/03\/CHAT_ARGENT-min.jpg\",\"contentUrl\":\"https:\/\/ohmondessin.com\/wp-content\/uploads\/2024\/03\/CHAT_ARGENT-min.jpg\",\"width\":1000,\"height\":1000},{\"@type\":\"BreadcrumbList\",\"@id\":\"https:\/\/ohmondessin.com\/index.php\/product\/broche-a-paillettes-jacqueline\/#breadcrumb\",\"itemListElement\":[{\"@type\":\"ListItem\",\"position\":1,\"name\":\"Accueil\",\"item\":\"https:\/\/ohmondessin.com\/\"},{\"@type\":\"ListItem\",\"position\":2,\"name\":\"La boutique\",\"item\":\"https:\/\/ohmondessin.com\/index.php\/la-boutique\/\"},{\"@type\":\"ListItem\",\"position\":3,\"name\":\"Broche \u00e0 paillettes Jacqueline\"}]},{\"@type\":\"WebSite\",\"@id\":\"https:\/\/ohmondessin.com\/#website\",\"url\":\"https:\/\/ohmondessin.com\/\",\"name\":\"ohmondessin.com\",\"description\":\"De l\u2019illustration et du fait-main\",\"publisher\":{\"@id\":\"https:\/\/ohmondessin.com\/#organization\"},\"potentialAction\":[{\"@type\":\"SearchAction\",\"target\":{\"@type\":\"EntryPoint\",\"urlTemplate\":\"https:\/\/ohmondessin.com\/?s={search_term_string}\"},\"query-input\":{\"@type\":\"PropertyValueSpecification\",\"valueRequired\":true,\"valueName\":\"search_term_string\"}}],\"inLanguage\":\"fr-FR\"},{\"@type\":\"Organization\",\"@id\":\"https:\/\/ohmondessin.com\/#organization\",\"name\":\"ohmondessin.com\",\"url\":\"https:\/\/ohmondessin.com\/\",\"logo\":{\"@type\":\"ImageObject\",\"inLanguage\":\"fr-FR\",\"@id\":\"https:\/\/ohmondessin.com\/#\/schema\/logo\/image\/\",\"url\":\"https:\/\/ohmondessin.com\/wp-content\/uploads\/2023\/01\/logo_OHMD-dark.png\",\"contentUrl\":\"https:\/\/ohmondessin.com\/wp-content\/uploads\/2023\/01\/logo_OHMD-dark.png\",\"width\":500,\"height\":500,\"caption\":\"ohmondessin.com\"},\"image\":{\"@id\":\"https:\/\/ohmondessin.com\/#\/schema\/logo\/image\/\"},\"sameAs\":[\"https:\/\/www.facebook.com\/Ohmondessin\",\"https:\/\/www.instagram.com\/ohmondessin\/\"]}]}<\/script>\n<!-- \/ Yoast SEO plugin. -->","yoast_head_json":{"title":"Broche \u00e0 paillettes Jacqueline - ohmondessin.com","robots":{"index":"index","follow":"follow","max-snippet":"max-snippet:-1","max-image-preview":"max-image-preview:large","max-video-preview":"max-video-preview:-1"},"canonical":"https:\/\/ohmondessin.com\/index.php\/product\/broche-a-paillettes-jacqueline\/","og_locale":"fr_FR","og_type":"article","og_title":"Broche \u00e0 paillettes Jacqueline - ohmondessin.com","og_description":"La broche Jacqueline est la nouveaut\u00e9 de ce printemps ! Les paillettes argent\u00e9es apporteront une touche de brillance \u00e0 vos looks.  Facile \u00e0 attacher avec son attache au dos.  Existe \u00e9galement avec des paillettes noires  &nbsp;","og_url":"https:\/\/ohmondessin.com\/index.php\/product\/broche-a-paillettes-jacqueline\/","og_site_name":"ohmondessin.com","article_publisher":"https:\/\/www.facebook.com\/Ohmondessin","article_modified_time":"2026-01-02T18:41:27+00:00","og_image":[{"width":1000,"height":1000,"url":"http:\/\/ohmondessin.com\/wp-content\/uploads\/2024\/03\/CHAT_ARGENT-min.jpg","type":"image\/jpeg"}],"twitter_card":"summary_large_image","twitter_misc":{"Dur\u00e9e de lecture estim\u00e9e":"1 minute"},"schema":{"@context":"https:\/\/schema.org","@graph":[{"@type":"WebPage","@id":"https:\/\/ohmondessin.com\/index.php\/product\/broche-a-paillettes-jacqueline\/","url":"https:\/\/ohmondessin.com\/index.php\/product\/broche-a-paillettes-jacqueline\/","name":"Broche \u00e0 paillettes Jacqueline - ohmondessin.com","isPartOf":{"@id":"https:\/\/ohmondessin.com\/#website"},"primaryImageOfPage":{"@id":"https:\/\/ohmondessin.com\/index.php\/product\/broche-a-paillettes-jacqueline\/#primaryimage"},"image":{"@id":"https:\/\/ohmondessin.com\/index.php\/product\/broche-a-paillettes-jacqueline\/#primaryimage"},"thumbnailUrl":"https:\/\/ohmondessin.com\/wp-content\/uploads\/2024\/03\/CHAT_ARGENT-min.jpg","datePublished":"2024-03-09T10:25:15+00:00","dateModified":"2026-01-02T18:41:27+00:00","breadcrumb":{"@id":"https:\/\/ohmondessin.com\/index.php\/product\/broche-a-paillettes-jacqueline\/#breadcrumb"},"inLanguage":"fr-FR","potentialAction":[{"@type":"ReadAction","target":["https:\/\/ohmondessin.com\/index.php\/product\/broche-a-paillettes-jacqueline\/"]}]},{"@type":"ImageObject","inLanguage":"fr-FR","@id":"https:\/\/ohmondessin.com\/index.php\/product\/broche-a-paillettes-jacqueline\/#primaryimage","url":"https:\/\/ohmondessin.com\/wp-content\/uploads\/2024\/03\/CHAT_ARGENT-min.jpg","contentUrl":"https:\/\/ohmondessin.com\/wp-content\/uploads\/2024\/03\/CHAT_ARGENT-min.jpg","width":1000,"height":1000},{"@type":"BreadcrumbList","@id":"https:\/\/ohmondessin.com\/index.php\/product\/broche-a-paillettes-jacqueline\/#breadcrumb","itemListElement":[{"@type":"ListItem","position":1,"name":"Accueil","item":"https:\/\/ohmondessin.com\/"},{"@type":"ListItem","position":2,"name":"La boutique","item":"https:\/\/ohmondessin.com\/index.php\/la-boutique\/"},{"@type":"ListItem","position":3,"name":"Broche \u00e0 paillettes Jacqueline"}]},{"@type":"WebSite","@id":"https:\/\/ohmondessin.com\/#website","url":"https:\/\/ohmondessin.com\/","name":"ohmondessin.com","description":"De l\u2019illustration et du fait-main","publisher":{"@id":"https:\/\/ohmondessin.com\/#organization"},"potentialAction":[{"@type":"SearchAction","target":{"@type":"EntryPoint","urlTemplate":"https:\/\/ohmondessin.com\/?s={search_term_string}"},"query-input":{"@type":"PropertyValueSpecification","valueRequired":true,"valueName":"search_term_string"}}],"inLanguage":"fr-FR"},{"@type":"Organization","@id":"https:\/\/ohmondessin.com\/#organization","name":"ohmondessin.com","url":"https:\/\/ohmondessin.com\/","logo":{"@type":"ImageObject","inLanguage":"fr-FR","@id":"https:\/\/ohmondessin.com\/#\/schema\/logo\/image\/","url":"https:\/\/ohmondessin.com\/wp-content\/uploads\/2023\/01\/logo_OHMD-dark.png","contentUrl":"https:\/\/ohmondessin.com\/wp-content\/uploads\/2023\/01\/logo_OHMD-dark.png","width":500,"height":500,"caption":"ohmondessin.com"},"image":{"@id":"https:\/\/ohmondessin.com\/#\/schema\/logo\/image\/"},"sameAs":["https:\/\/www.facebook.com\/Ohmondessin","https:\/\/www.instagram.com\/ohmondessin\/"]}]}},"jetpack_sharing_enabled":true,"_links":{"self":[{"href":"https:\/\/ohmondessin.com\/index.php\/wp-json\/wp\/v2\/product\/6708","targetHints":{"allow":["GET"]}}],"collection":[{"href":"https:\/\/ohmondessin.com\/index.php\/wp-json\/wp\/v2\/product"}],"about":[{"href":"https:\/\/ohmondessin.com\/index.php\/wp-json\/wp\/v2\/types\/product"}],"replies":[{"embeddable":true,"href":"https:\/\/ohmondessin.com\/index.php\/wp-json\/wp\/v2\/comments?post=6708"}],"wp:featuredmedia":[{"embeddable":true,"href":"https:\/\/ohmondessin.com\/index.php\/wp-json\/wp\/v2\/media\/6847"}],"wp:attachment":[{"href":"https:\/\/ohmondessin.com\/index.php\/wp-json\/wp\/v2\/media?parent=6708"}],"wp:term":[{"taxonomy":"product_brand","embeddable":true,"href":"https:\/\/ohmondessin.com\/index.php\/wp-json\/wp\/v2\/product_brand?post=6708"},{"taxonomy":"product_cat","embeddable":true,"href":"https:\/\/ohmondessin.com\/index.php\/wp-json\/wp\/v2\/product_cat?post=6708"},{"taxonomy":"product_tag","embeddable":true,"href":"https:\/\/ohmondessin.com\/index.php\/wp-json\/wp\/v2\/product_tag?post=6708"}],"curies":[{"name":"wp","href":"https:\/\/api.w.org\/{rel}","templated":true}]}}