{"id":6742,"date":"2025-11-08T12:15:26","date_gmt":"2025-11-08T12:15:26","guid":{"rendered":"https:\/\/ohmondessin.com\/?post_type=product&#038;p=6742"},"modified":"2026-01-15T09:00:17","modified_gmt":"2026-01-15T09:00:17","slug":"carnet-de-poche-la-parisienne","status":"publish","type":"product","link":"https:\/\/ohmondessin.com\/index.php\/product\/carnet-de-poche-la-parisienne\/","title":{"rendered":"Carnet de Poche La Parisienne"},"content":{"rendered":"<dl class=\"flowtabs product-tab\" data-settings=\"{&quot;height&quot;:true}\">\n<dd class=\"tab1 tabs-block active\">\u2728 Carnet de poche aux coins arrondis, format 9 x 12,5 cm<\/p>\n<p>\u2728 Fabrication fran\u00e7aise sur papier offset recycl\u00e9 &#8211; de la couverture \u00e0 l&rsquo;int\u00e9rieur du carnet !<\/p>\n<p>\u2728 48 pages pour \u00e9crire et dessiner<\/p>\n<p>&nbsp;<\/dd>\n<\/dl>\n","protected":false},"excerpt":{"rendered":"<p>Un joli carnet repr\u00e9sentant une Parisienne d\u00e9gustant un bon verre, d&rsquo;apr\u00e8s une illustration dessin\u00e9e \u00e0 la main.<\/p>\n<p>Avec son format facile \u00e0 glisser dans un sac ou dans une poche, ce petit carnet vous permettra de noter ou dessiner toutes vos id\u00e9es ! Il sera le meilleur des alli\u00e9s pour votre quotidien et organiser vos journ\u00e9es.<\/p>\n<p>Fabriqu\u00e9 en France sur un tr\u00e8s beau papier recycl\u00e9.<\/p>\n<p>Le carnet La Parisienne a \u00e9t\u00e9 produit de mani\u00e8re \u00e9co-responsable.<\/p>\n<p>Existe aussi en version <a href=\"https:\/\/ohmondessin.com\/index.php\/product\/bloc-notes-la-parisienne\/\">Bloc-notes<\/a><\/p>\n","protected":false},"featured_media":6743,"comment_status":"open","ping_status":"closed","template":"","meta":[],"product_brand":[],"product_cat":[1358,729,964],"product_tag":[974,965,968,979,967,978,969,541,973,970,975,977,976],"class_list":{"0":"post-6742","1":"product","2":"type-product","3":"status-publish","4":"has-post-thumbnail","6":"product_cat-carnets-de-poche","7":"product_cat-papeterie","8":"product_cat-carnets","9":"product_tag-cadeau-paris","10":"product_tag-carnet","11":"product_tag-carnet-fait-en-france","12":"product_tag-carnet-lifestyle","13":"product_tag-carnet-papeterie","14":"product_tag-carnet-paris","15":"product_tag-eco-responsable","16":"product_tag-illustration-paris","17":"product_tag-papeterie-poule","18":"product_tag-papier-recycle","19":"product_tag-paris-papeterie","20":"product_tag-parisienne-carnet","21":"product_tag-parisienne-lifestyle","23":"first","24":"instock","25":"purchasable","26":"product-type-simple"},"yoast_head":"<!-- This site is optimized with the Yoast SEO plugin v24.6 - https:\/\/yoast.com\/wordpress\/plugins\/seo\/ -->\n<title>Carnet de Poche La Parisienne - ohmondessin.com<\/title>\n<meta name=\"description\" content=\"Un joli carnet fabriqu\u00e9 en France avec du papier recycl\u00e9, repr\u00e9sentant une Parisienne d\u00e9gustant un bon verre.\" \/>\n<meta name=\"robots\" content=\"index, follow, max-snippet:-1, max-image-preview:large, max-video-preview:-1\" \/>\n<link rel=\"canonical\" href=\"https:\/\/ohmondessin.com\/index.php\/product\/carnet-de-poche-la-parisienne\/\" \/>\n<meta property=\"og:locale\" content=\"fr_FR\" \/>\n<meta property=\"og:type\" content=\"article\" \/>\n<meta property=\"og:title\" content=\"Carnet de Poche La Parisienne - ohmondessin.com\" \/>\n<meta property=\"og:description\" content=\"Un joli carnet fabriqu\u00e9 en France avec du papier recycl\u00e9, repr\u00e9sentant une Parisienne d\u00e9gustant un bon verre.\" \/>\n<meta property=\"og:url\" content=\"https:\/\/ohmondessin.com\/index.php\/product\/carnet-de-poche-la-parisienne\/\" \/>\n<meta property=\"og:site_name\" content=\"ohmondessin.com\" \/>\n<meta property=\"article:publisher\" content=\"https:\/\/www.facebook.com\/Ohmondessin\" \/>\n<meta property=\"article:modified_time\" content=\"2026-01-15T09:00:17+00:00\" \/>\n<meta property=\"og:image\" content=\"http:\/\/ohmondessin.com\/wp-content\/uploads\/2024\/04\/Parsienne-Carnet0.jpg\" \/>\n\t<meta property=\"og:image:width\" content=\"1000\" \/>\n\t<meta property=\"og:image:height\" content=\"1000\" \/>\n\t<meta property=\"og:image:type\" content=\"image\/jpeg\" \/>\n<meta name=\"twitter:card\" content=\"summary_large_image\" \/>\n<meta name=\"twitter:label1\" content=\"Dur\u00e9e de lecture estim\u00e9e\" \/>\n\t<meta name=\"twitter:data1\" content=\"1 minute\" \/>\n<script type=\"application\/ld+json\" class=\"yoast-schema-graph\">{\"@context\":\"https:\/\/schema.org\",\"@graph\":[{\"@type\":\"WebPage\",\"@id\":\"https:\/\/ohmondessin.com\/index.php\/product\/carnet-de-poche-la-parisienne\/\",\"url\":\"https:\/\/ohmondessin.com\/index.php\/product\/carnet-de-poche-la-parisienne\/\",\"name\":\"Carnet de Poche La Parisienne - ohmondessin.com\",\"isPartOf\":{\"@id\":\"https:\/\/ohmondessin.com\/#website\"},\"primaryImageOfPage\":{\"@id\":\"https:\/\/ohmondessin.com\/index.php\/product\/carnet-de-poche-la-parisienne\/#primaryimage\"},\"image\":{\"@id\":\"https:\/\/ohmondessin.com\/index.php\/product\/carnet-de-poche-la-parisienne\/#primaryimage\"},\"thumbnailUrl\":\"https:\/\/ohmondessin.com\/wp-content\/uploads\/2024\/04\/Parsienne-Carnet0.jpg\",\"datePublished\":\"2025-11-08T12:15:26+00:00\",\"dateModified\":\"2026-01-15T09:00:17+00:00\",\"description\":\"Un joli carnet fabriqu\u00e9 en France avec du papier recycl\u00e9, repr\u00e9sentant une Parisienne d\u00e9gustant un bon verre.\",\"breadcrumb\":{\"@id\":\"https:\/\/ohmondessin.com\/index.php\/product\/carnet-de-poche-la-parisienne\/#breadcrumb\"},\"inLanguage\":\"fr-FR\",\"potentialAction\":[{\"@type\":\"ReadAction\",\"target\":[\"https:\/\/ohmondessin.com\/index.php\/product\/carnet-de-poche-la-parisienne\/\"]}]},{\"@type\":\"ImageObject\",\"inLanguage\":\"fr-FR\",\"@id\":\"https:\/\/ohmondessin.com\/index.php\/product\/carnet-de-poche-la-parisienne\/#primaryimage\",\"url\":\"https:\/\/ohmondessin.com\/wp-content\/uploads\/2024\/04\/Parsienne-Carnet0.jpg\",\"contentUrl\":\"https:\/\/ohmondessin.com\/wp-content\/uploads\/2024\/04\/Parsienne-Carnet0.jpg\",\"width\":1000,\"height\":1000},{\"@type\":\"BreadcrumbList\",\"@id\":\"https:\/\/ohmondessin.com\/index.php\/product\/carnet-de-poche-la-parisienne\/#breadcrumb\",\"itemListElement\":[{\"@type\":\"ListItem\",\"position\":1,\"name\":\"Accueil\",\"item\":\"https:\/\/ohmondessin.com\/\"},{\"@type\":\"ListItem\",\"position\":2,\"name\":\"La boutique\",\"item\":\"https:\/\/ohmondessin.com\/index.php\/la-boutique\/\"},{\"@type\":\"ListItem\",\"position\":3,\"name\":\"Carnet de Poche La Parisienne\"}]},{\"@type\":\"WebSite\",\"@id\":\"https:\/\/ohmondessin.com\/#website\",\"url\":\"https:\/\/ohmondessin.com\/\",\"name\":\"ohmondessin.com\",\"description\":\"De l\u2019illustration et du fait-main\",\"publisher\":{\"@id\":\"https:\/\/ohmondessin.com\/#organization\"},\"potentialAction\":[{\"@type\":\"SearchAction\",\"target\":{\"@type\":\"EntryPoint\",\"urlTemplate\":\"https:\/\/ohmondessin.com\/?s={search_term_string}\"},\"query-input\":{\"@type\":\"PropertyValueSpecification\",\"valueRequired\":true,\"valueName\":\"search_term_string\"}}],\"inLanguage\":\"fr-FR\"},{\"@type\":\"Organization\",\"@id\":\"https:\/\/ohmondessin.com\/#organization\",\"name\":\"ohmondessin.com\",\"url\":\"https:\/\/ohmondessin.com\/\",\"logo\":{\"@type\":\"ImageObject\",\"inLanguage\":\"fr-FR\",\"@id\":\"https:\/\/ohmondessin.com\/#\/schema\/logo\/image\/\",\"url\":\"https:\/\/ohmondessin.com\/wp-content\/uploads\/2023\/01\/logo_OHMD-dark.png\",\"contentUrl\":\"https:\/\/ohmondessin.com\/wp-content\/uploads\/2023\/01\/logo_OHMD-dark.png\",\"width\":500,\"height\":500,\"caption\":\"ohmondessin.com\"},\"image\":{\"@id\":\"https:\/\/ohmondessin.com\/#\/schema\/logo\/image\/\"},\"sameAs\":[\"https:\/\/www.facebook.com\/Ohmondessin\",\"https:\/\/www.instagram.com\/ohmondessin\/\"]}]}<\/script>\n<!-- \/ Yoast SEO plugin. -->","yoast_head_json":{"title":"Carnet de Poche La Parisienne - ohmondessin.com","description":"Un joli carnet fabriqu\u00e9 en France avec du papier recycl\u00e9, repr\u00e9sentant une Parisienne d\u00e9gustant un bon verre.","robots":{"index":"index","follow":"follow","max-snippet":"max-snippet:-1","max-image-preview":"max-image-preview:large","max-video-preview":"max-video-preview:-1"},"canonical":"https:\/\/ohmondessin.com\/index.php\/product\/carnet-de-poche-la-parisienne\/","og_locale":"fr_FR","og_type":"article","og_title":"Carnet de Poche La Parisienne - ohmondessin.com","og_description":"Un joli carnet fabriqu\u00e9 en France avec du papier recycl\u00e9, repr\u00e9sentant une Parisienne d\u00e9gustant un bon verre.","og_url":"https:\/\/ohmondessin.com\/index.php\/product\/carnet-de-poche-la-parisienne\/","og_site_name":"ohmondessin.com","article_publisher":"https:\/\/www.facebook.com\/Ohmondessin","article_modified_time":"2026-01-15T09:00:17+00:00","og_image":[{"width":1000,"height":1000,"url":"http:\/\/ohmondessin.com\/wp-content\/uploads\/2024\/04\/Parsienne-Carnet0.jpg","type":"image\/jpeg"}],"twitter_card":"summary_large_image","twitter_misc":{"Dur\u00e9e de lecture estim\u00e9e":"1 minute"},"schema":{"@context":"https:\/\/schema.org","@graph":[{"@type":"WebPage","@id":"https:\/\/ohmondessin.com\/index.php\/product\/carnet-de-poche-la-parisienne\/","url":"https:\/\/ohmondessin.com\/index.php\/product\/carnet-de-poche-la-parisienne\/","name":"Carnet de Poche La Parisienne - ohmondessin.com","isPartOf":{"@id":"https:\/\/ohmondessin.com\/#website"},"primaryImageOfPage":{"@id":"https:\/\/ohmondessin.com\/index.php\/product\/carnet-de-poche-la-parisienne\/#primaryimage"},"image":{"@id":"https:\/\/ohmondessin.com\/index.php\/product\/carnet-de-poche-la-parisienne\/#primaryimage"},"thumbnailUrl":"https:\/\/ohmondessin.com\/wp-content\/uploads\/2024\/04\/Parsienne-Carnet0.jpg","datePublished":"2025-11-08T12:15:26+00:00","dateModified":"2026-01-15T09:00:17+00:00","description":"Un joli carnet fabriqu\u00e9 en France avec du papier recycl\u00e9, repr\u00e9sentant une Parisienne d\u00e9gustant un bon verre.","breadcrumb":{"@id":"https:\/\/ohmondessin.com\/index.php\/product\/carnet-de-poche-la-parisienne\/#breadcrumb"},"inLanguage":"fr-FR","potentialAction":[{"@type":"ReadAction","target":["https:\/\/ohmondessin.com\/index.php\/product\/carnet-de-poche-la-parisienne\/"]}]},{"@type":"ImageObject","inLanguage":"fr-FR","@id":"https:\/\/ohmondessin.com\/index.php\/product\/carnet-de-poche-la-parisienne\/#primaryimage","url":"https:\/\/ohmondessin.com\/wp-content\/uploads\/2024\/04\/Parsienne-Carnet0.jpg","contentUrl":"https:\/\/ohmondessin.com\/wp-content\/uploads\/2024\/04\/Parsienne-Carnet0.jpg","width":1000,"height":1000},{"@type":"BreadcrumbList","@id":"https:\/\/ohmondessin.com\/index.php\/product\/carnet-de-poche-la-parisienne\/#breadcrumb","itemListElement":[{"@type":"ListItem","position":1,"name":"Accueil","item":"https:\/\/ohmondessin.com\/"},{"@type":"ListItem","position":2,"name":"La boutique","item":"https:\/\/ohmondessin.com\/index.php\/la-boutique\/"},{"@type":"ListItem","position":3,"name":"Carnet de Poche La Parisienne"}]},{"@type":"WebSite","@id":"https:\/\/ohmondessin.com\/#website","url":"https:\/\/ohmondessin.com\/","name":"ohmondessin.com","description":"De l\u2019illustration et du fait-main","publisher":{"@id":"https:\/\/ohmondessin.com\/#organization"},"potentialAction":[{"@type":"SearchAction","target":{"@type":"EntryPoint","urlTemplate":"https:\/\/ohmondessin.com\/?s={search_term_string}"},"query-input":{"@type":"PropertyValueSpecification","valueRequired":true,"valueName":"search_term_string"}}],"inLanguage":"fr-FR"},{"@type":"Organization","@id":"https:\/\/ohmondessin.com\/#organization","name":"ohmondessin.com","url":"https:\/\/ohmondessin.com\/","logo":{"@type":"ImageObject","inLanguage":"fr-FR","@id":"https:\/\/ohmondessin.com\/#\/schema\/logo\/image\/","url":"https:\/\/ohmondessin.com\/wp-content\/uploads\/2023\/01\/logo_OHMD-dark.png","contentUrl":"https:\/\/ohmondessin.com\/wp-content\/uploads\/2023\/01\/logo_OHMD-dark.png","width":500,"height":500,"caption":"ohmondessin.com"},"image":{"@id":"https:\/\/ohmondessin.com\/#\/schema\/logo\/image\/"},"sameAs":["https:\/\/www.facebook.com\/Ohmondessin","https:\/\/www.instagram.com\/ohmondessin\/"]}]}},"jetpack_sharing_enabled":true,"_links":{"self":[{"href":"https:\/\/ohmondessin.com\/index.php\/wp-json\/wp\/v2\/product\/6742","targetHints":{"allow":["GET"]}}],"collection":[{"href":"https:\/\/ohmondessin.com\/index.php\/wp-json\/wp\/v2\/product"}],"about":[{"href":"https:\/\/ohmondessin.com\/index.php\/wp-json\/wp\/v2\/types\/product"}],"replies":[{"embeddable":true,"href":"https:\/\/ohmondessin.com\/index.php\/wp-json\/wp\/v2\/comments?post=6742"}],"wp:featuredmedia":[{"embeddable":true,"href":"https:\/\/ohmondessin.com\/index.php\/wp-json\/wp\/v2\/media\/6743"}],"wp:attachment":[{"href":"https:\/\/ohmondessin.com\/index.php\/wp-json\/wp\/v2\/media?parent=6742"}],"wp:term":[{"taxonomy":"product_brand","embeddable":true,"href":"https:\/\/ohmondessin.com\/index.php\/wp-json\/wp\/v2\/product_brand?post=6742"},{"taxonomy":"product_cat","embeddable":true,"href":"https:\/\/ohmondessin.com\/index.php\/wp-json\/wp\/v2\/product_cat?post=6742"},{"taxonomy":"product_tag","embeddable":true,"href":"https:\/\/ohmondessin.com\/index.php\/wp-json\/wp\/v2\/product_tag?post=6742"}],"curies":[{"name":"wp","href":"https:\/\/api.w.org\/{rel}","templated":true}]}}