{"id":6746,"date":"2025-11-08T12:34:28","date_gmt":"2025-11-08T12:34:28","guid":{"rendered":"https:\/\/ohmondessin.com\/?post_type=product&#038;p=6746"},"modified":"2026-01-15T00:01:50","modified_gmt":"2026-01-15T00:01:50","slug":"carnet-de-poche-floral","status":"publish","type":"product","link":"https:\/\/ohmondessin.com\/index.php\/product\/carnet-de-poche-floral\/","title":{"rendered":"Carnet de Poche Floral"},"content":{"rendered":"<dl class=\"flowtabs product-tab\" data-settings=\"{&quot;height&quot;:true}\">\n<dd class=\"tab1 tabs-block active\">\u2728 Carnet de poche aux coins arrondis, format 9 x 12,5 cm<\/p>\n<p>\u2728 Fabrication fran\u00e7aise sur papier offset recycl\u00e9 90 g &#8211; de la couverture \u00e0 l&rsquo;int\u00e9rieur du carnet !<\/p>\n<p>\u2728 48 pages pour \u00e9crire et dessiner<\/p>\n<p>&nbsp;<\/dd>\n<\/dl>\n","protected":false},"excerpt":{"rendered":"<p>Un joli carnet repr\u00e9sentant mon chat Renoir (logo de la marque) entour\u00e9 par la v\u00e9g\u00e9tation qui s\u2019entrem\u00eale \u00e0 son petit corps tout dodu.<\/p>\n<p>D&rsquo;apr\u00e8s une illustration dessin\u00e9e \u00e0 la main\u00a0avec beaucoup de tendresse et inspir\u00e9e par ma saison pr\u00e9f\u00e9r\u00e9e, le printemps.<\/p>\n<p>Fabriqu\u00e9 en France sur un tr\u00e8s beau papier recycl\u00e9.<\/p>\n<p>Avec son format facile \u00e0 glisser dans un sac ou dans une poche, ce petit carnet vous permettra de noter ou dessiner toutes vos id\u00e9es ! Il sera le meilleur des alli\u00e9s pour votre quotidien et organiser vos journ\u00e9es.<\/p>\n<p>Le carnet Floral a \u00e9t\u00e9 produit de mani\u00e8re \u00e9co-responsable.<\/p>\n<p>Existe aussi en version <a href=\"https:\/\/ohmondessin.com\/index.php\/product\/bloc-notes-floral\/\">Bloc-notes<\/a><\/p>\n","protected":false},"featured_media":6747,"comment_status":"open","ping_status":"closed","template":"","meta":[],"product_brand":[],"product_cat":[1358,1235,729,964],"product_tag":[583,965,980,982,968,983,967,969,342,961,984,981,970,985],"class_list":{"0":"post-6746","1":"product","2":"type-product","3":"status-publish","4":"has-post-thumbnail","6":"product_cat-carnets-de-poche","7":"product_cat-guide-cadeaux-de-noel","8":"product_cat-papeterie","9":"product_cat-carnets","10":"product_tag-cadeau-chat","11":"product_tag-carnet","12":"product_tag-carnet-chat","13":"product_tag-carnet-de-notes","14":"product_tag-carnet-fait-en-france","15":"product_tag-carnet-fleurs","16":"product_tag-carnet-papeterie","17":"product_tag-eco-responsable","18":"product_tag-illustration-chat","19":"product_tag-illustration-printemps","20":"product_tag-motif-fleurs","21":"product_tag-papeterie-chat","22":"product_tag-papier-recycle","23":"product_tag-pattern-chat","25":"first","26":"instock","27":"purchasable","28":"product-type-simple"},"yoast_head":"<!-- This site is optimized with the Yoast SEO plugin v24.6 - https:\/\/yoast.com\/wordpress\/plugins\/seo\/ -->\n<title>Carnet de Poche Floral - ohmondessin.com<\/title>\n<meta name=\"description\" content=\"Avec son format facile \u00e0 glisser dans un sac ou dans une poche, ce petit carnet fabriqu\u00e9 en France vous permettra de noter ou dessiner toutes vos id\u00e9es !\" \/>\n<meta name=\"robots\" content=\"index, follow, max-snippet:-1, max-image-preview:large, max-video-preview:-1\" \/>\n<link rel=\"canonical\" href=\"https:\/\/ohmondessin.com\/index.php\/product\/carnet-de-poche-floral\/\" \/>\n<meta property=\"og:locale\" content=\"fr_FR\" \/>\n<meta property=\"og:type\" content=\"article\" \/>\n<meta property=\"og:title\" content=\"Carnet de Poche Floral - ohmondessin.com\" \/>\n<meta property=\"og:description\" content=\"Avec son format facile \u00e0 glisser dans un sac ou dans une poche, ce petit carnet fabriqu\u00e9 en France vous permettra de noter ou dessiner toutes vos id\u00e9es !\" \/>\n<meta property=\"og:url\" content=\"https:\/\/ohmondessin.com\/index.php\/product\/carnet-de-poche-floral\/\" \/>\n<meta property=\"og:site_name\" content=\"ohmondessin.com\" \/>\n<meta property=\"article:publisher\" content=\"https:\/\/www.facebook.com\/Ohmondessin\" \/>\n<meta property=\"article:modified_time\" content=\"2026-01-15T00:01:50+00:00\" \/>\n<meta property=\"og:image\" content=\"http:\/\/ohmondessin.com\/wp-content\/uploads\/2024\/04\/Floral-Carnet0.jpg\" \/>\n\t<meta property=\"og:image:width\" content=\"1000\" \/>\n\t<meta property=\"og:image:height\" content=\"1000\" \/>\n\t<meta property=\"og:image:type\" content=\"image\/jpeg\" \/>\n<meta name=\"twitter:card\" content=\"summary_large_image\" \/>\n<meta name=\"twitter:label1\" content=\"Dur\u00e9e de lecture estim\u00e9e\" \/>\n\t<meta name=\"twitter:data1\" content=\"1 minute\" \/>\n<script type=\"application\/ld+json\" class=\"yoast-schema-graph\">{\"@context\":\"https:\/\/schema.org\",\"@graph\":[{\"@type\":\"WebPage\",\"@id\":\"https:\/\/ohmondessin.com\/index.php\/product\/carnet-de-poche-floral\/\",\"url\":\"https:\/\/ohmondessin.com\/index.php\/product\/carnet-de-poche-floral\/\",\"name\":\"Carnet de Poche Floral - ohmondessin.com\",\"isPartOf\":{\"@id\":\"https:\/\/ohmondessin.com\/#website\"},\"primaryImageOfPage\":{\"@id\":\"https:\/\/ohmondessin.com\/index.php\/product\/carnet-de-poche-floral\/#primaryimage\"},\"image\":{\"@id\":\"https:\/\/ohmondessin.com\/index.php\/product\/carnet-de-poche-floral\/#primaryimage\"},\"thumbnailUrl\":\"https:\/\/ohmondessin.com\/wp-content\/uploads\/2024\/04\/Floral-Carnet0.jpg\",\"datePublished\":\"2025-11-08T12:34:28+00:00\",\"dateModified\":\"2026-01-15T00:01:50+00:00\",\"description\":\"Avec son format facile \u00e0 glisser dans un sac ou dans une poche, ce petit carnet fabriqu\u00e9 en France vous permettra de noter ou dessiner toutes vos id\u00e9es !\",\"breadcrumb\":{\"@id\":\"https:\/\/ohmondessin.com\/index.php\/product\/carnet-de-poche-floral\/#breadcrumb\"},\"inLanguage\":\"fr-FR\",\"potentialAction\":[{\"@type\":\"ReadAction\",\"target\":[\"https:\/\/ohmondessin.com\/index.php\/product\/carnet-de-poche-floral\/\"]}]},{\"@type\":\"ImageObject\",\"inLanguage\":\"fr-FR\",\"@id\":\"https:\/\/ohmondessin.com\/index.php\/product\/carnet-de-poche-floral\/#primaryimage\",\"url\":\"https:\/\/ohmondessin.com\/wp-content\/uploads\/2024\/04\/Floral-Carnet0.jpg\",\"contentUrl\":\"https:\/\/ohmondessin.com\/wp-content\/uploads\/2024\/04\/Floral-Carnet0.jpg\",\"width\":1000,\"height\":1000},{\"@type\":\"BreadcrumbList\",\"@id\":\"https:\/\/ohmondessin.com\/index.php\/product\/carnet-de-poche-floral\/#breadcrumb\",\"itemListElement\":[{\"@type\":\"ListItem\",\"position\":1,\"name\":\"Accueil\",\"item\":\"https:\/\/ohmondessin.com\/\"},{\"@type\":\"ListItem\",\"position\":2,\"name\":\"La boutique\",\"item\":\"https:\/\/ohmondessin.com\/index.php\/la-boutique\/\"},{\"@type\":\"ListItem\",\"position\":3,\"name\":\"Carnet de Poche Floral\"}]},{\"@type\":\"WebSite\",\"@id\":\"https:\/\/ohmondessin.com\/#website\",\"url\":\"https:\/\/ohmondessin.com\/\",\"name\":\"ohmondessin.com\",\"description\":\"De l\u2019illustration et du fait-main\",\"publisher\":{\"@id\":\"https:\/\/ohmondessin.com\/#organization\"},\"potentialAction\":[{\"@type\":\"SearchAction\",\"target\":{\"@type\":\"EntryPoint\",\"urlTemplate\":\"https:\/\/ohmondessin.com\/?s={search_term_string}\"},\"query-input\":{\"@type\":\"PropertyValueSpecification\",\"valueRequired\":true,\"valueName\":\"search_term_string\"}}],\"inLanguage\":\"fr-FR\"},{\"@type\":\"Organization\",\"@id\":\"https:\/\/ohmondessin.com\/#organization\",\"name\":\"ohmondessin.com\",\"url\":\"https:\/\/ohmondessin.com\/\",\"logo\":{\"@type\":\"ImageObject\",\"inLanguage\":\"fr-FR\",\"@id\":\"https:\/\/ohmondessin.com\/#\/schema\/logo\/image\/\",\"url\":\"https:\/\/ohmondessin.com\/wp-content\/uploads\/2023\/01\/logo_OHMD-dark.png\",\"contentUrl\":\"https:\/\/ohmondessin.com\/wp-content\/uploads\/2023\/01\/logo_OHMD-dark.png\",\"width\":500,\"height\":500,\"caption\":\"ohmondessin.com\"},\"image\":{\"@id\":\"https:\/\/ohmondessin.com\/#\/schema\/logo\/image\/\"},\"sameAs\":[\"https:\/\/www.facebook.com\/Ohmondessin\",\"https:\/\/www.instagram.com\/ohmondessin\/\"]}]}<\/script>\n<!-- \/ Yoast SEO plugin. -->","yoast_head_json":{"title":"Carnet de Poche Floral - ohmondessin.com","description":"Avec son format facile \u00e0 glisser dans un sac ou dans une poche, ce petit carnet fabriqu\u00e9 en France vous permettra de noter ou dessiner toutes vos id\u00e9es !","robots":{"index":"index","follow":"follow","max-snippet":"max-snippet:-1","max-image-preview":"max-image-preview:large","max-video-preview":"max-video-preview:-1"},"canonical":"https:\/\/ohmondessin.com\/index.php\/product\/carnet-de-poche-floral\/","og_locale":"fr_FR","og_type":"article","og_title":"Carnet de Poche Floral - ohmondessin.com","og_description":"Avec son format facile \u00e0 glisser dans un sac ou dans une poche, ce petit carnet fabriqu\u00e9 en France vous permettra de noter ou dessiner toutes vos id\u00e9es !","og_url":"https:\/\/ohmondessin.com\/index.php\/product\/carnet-de-poche-floral\/","og_site_name":"ohmondessin.com","article_publisher":"https:\/\/www.facebook.com\/Ohmondessin","article_modified_time":"2026-01-15T00:01:50+00:00","og_image":[{"width":1000,"height":1000,"url":"http:\/\/ohmondessin.com\/wp-content\/uploads\/2024\/04\/Floral-Carnet0.jpg","type":"image\/jpeg"}],"twitter_card":"summary_large_image","twitter_misc":{"Dur\u00e9e de lecture estim\u00e9e":"1 minute"},"schema":{"@context":"https:\/\/schema.org","@graph":[{"@type":"WebPage","@id":"https:\/\/ohmondessin.com\/index.php\/product\/carnet-de-poche-floral\/","url":"https:\/\/ohmondessin.com\/index.php\/product\/carnet-de-poche-floral\/","name":"Carnet de Poche Floral - ohmondessin.com","isPartOf":{"@id":"https:\/\/ohmondessin.com\/#website"},"primaryImageOfPage":{"@id":"https:\/\/ohmondessin.com\/index.php\/product\/carnet-de-poche-floral\/#primaryimage"},"image":{"@id":"https:\/\/ohmondessin.com\/index.php\/product\/carnet-de-poche-floral\/#primaryimage"},"thumbnailUrl":"https:\/\/ohmondessin.com\/wp-content\/uploads\/2024\/04\/Floral-Carnet0.jpg","datePublished":"2025-11-08T12:34:28+00:00","dateModified":"2026-01-15T00:01:50+00:00","description":"Avec son format facile \u00e0 glisser dans un sac ou dans une poche, ce petit carnet fabriqu\u00e9 en France vous permettra de noter ou dessiner toutes vos id\u00e9es !","breadcrumb":{"@id":"https:\/\/ohmondessin.com\/index.php\/product\/carnet-de-poche-floral\/#breadcrumb"},"inLanguage":"fr-FR","potentialAction":[{"@type":"ReadAction","target":["https:\/\/ohmondessin.com\/index.php\/product\/carnet-de-poche-floral\/"]}]},{"@type":"ImageObject","inLanguage":"fr-FR","@id":"https:\/\/ohmondessin.com\/index.php\/product\/carnet-de-poche-floral\/#primaryimage","url":"https:\/\/ohmondessin.com\/wp-content\/uploads\/2024\/04\/Floral-Carnet0.jpg","contentUrl":"https:\/\/ohmondessin.com\/wp-content\/uploads\/2024\/04\/Floral-Carnet0.jpg","width":1000,"height":1000},{"@type":"BreadcrumbList","@id":"https:\/\/ohmondessin.com\/index.php\/product\/carnet-de-poche-floral\/#breadcrumb","itemListElement":[{"@type":"ListItem","position":1,"name":"Accueil","item":"https:\/\/ohmondessin.com\/"},{"@type":"ListItem","position":2,"name":"La boutique","item":"https:\/\/ohmondessin.com\/index.php\/la-boutique\/"},{"@type":"ListItem","position":3,"name":"Carnet de Poche Floral"}]},{"@type":"WebSite","@id":"https:\/\/ohmondessin.com\/#website","url":"https:\/\/ohmondessin.com\/","name":"ohmondessin.com","description":"De l\u2019illustration et du fait-main","publisher":{"@id":"https:\/\/ohmondessin.com\/#organization"},"potentialAction":[{"@type":"SearchAction","target":{"@type":"EntryPoint","urlTemplate":"https:\/\/ohmondessin.com\/?s={search_term_string}"},"query-input":{"@type":"PropertyValueSpecification","valueRequired":true,"valueName":"search_term_string"}}],"inLanguage":"fr-FR"},{"@type":"Organization","@id":"https:\/\/ohmondessin.com\/#organization","name":"ohmondessin.com","url":"https:\/\/ohmondessin.com\/","logo":{"@type":"ImageObject","inLanguage":"fr-FR","@id":"https:\/\/ohmondessin.com\/#\/schema\/logo\/image\/","url":"https:\/\/ohmondessin.com\/wp-content\/uploads\/2023\/01\/logo_OHMD-dark.png","contentUrl":"https:\/\/ohmondessin.com\/wp-content\/uploads\/2023\/01\/logo_OHMD-dark.png","width":500,"height":500,"caption":"ohmondessin.com"},"image":{"@id":"https:\/\/ohmondessin.com\/#\/schema\/logo\/image\/"},"sameAs":["https:\/\/www.facebook.com\/Ohmondessin","https:\/\/www.instagram.com\/ohmondessin\/"]}]}},"jetpack_sharing_enabled":true,"_links":{"self":[{"href":"https:\/\/ohmondessin.com\/index.php\/wp-json\/wp\/v2\/product\/6746","targetHints":{"allow":["GET"]}}],"collection":[{"href":"https:\/\/ohmondessin.com\/index.php\/wp-json\/wp\/v2\/product"}],"about":[{"href":"https:\/\/ohmondessin.com\/index.php\/wp-json\/wp\/v2\/types\/product"}],"replies":[{"embeddable":true,"href":"https:\/\/ohmondessin.com\/index.php\/wp-json\/wp\/v2\/comments?post=6746"}],"wp:featuredmedia":[{"embeddable":true,"href":"https:\/\/ohmondessin.com\/index.php\/wp-json\/wp\/v2\/media\/6747"}],"wp:attachment":[{"href":"https:\/\/ohmondessin.com\/index.php\/wp-json\/wp\/v2\/media?parent=6746"}],"wp:term":[{"taxonomy":"product_brand","embeddable":true,"href":"https:\/\/ohmondessin.com\/index.php\/wp-json\/wp\/v2\/product_brand?post=6746"},{"taxonomy":"product_cat","embeddable":true,"href":"https:\/\/ohmondessin.com\/index.php\/wp-json\/wp\/v2\/product_cat?post=6746"},{"taxonomy":"product_tag","embeddable":true,"href":"https:\/\/ohmondessin.com\/index.php\/wp-json\/wp\/v2\/product_tag?post=6746"}],"curies":[{"name":"wp","href":"https:\/\/api.w.org\/{rel}","templated":true}]}}