{"id":6749,"date":"2024-04-09T08:39:08","date_gmt":"2024-04-09T08:39:08","guid":{"rendered":"https:\/\/ohmondessin.com\/?post_type=product&#038;p=6749"},"modified":"2025-10-01T08:08:15","modified_gmt":"2025-10-01T08:08:15","slug":"bloc-notes-la-parisienne","status":"publish","type":"product","link":"https:\/\/ohmondessin.com\/index.php\/product\/bloc-notes-la-parisienne\/","title":{"rendered":"Bloc-notes La Parisienne"},"content":{"rendered":"<dl class=\"flowtabs product-tab\" data-settings=\"{&quot;height&quot;:true}\">\n<dd class=\"tab1 tabs-block active\">\u2728 Bloc-notes de 50 feuillets, format 10 x 18 cm<\/p>\n<p>\u2728 Fabrication fran\u00e7aise sur papier offset recycl\u00e9, encollage dos et dos carton<\/p>\n<p>\u2728 50 feuillets pour noter les choses importantes de votre quotidien<\/p>\n<p>&nbsp;<\/dd>\n<\/dl>\n","protected":false},"excerpt":{"rendered":"<p>Un bloc-notes repr\u00e9sentant une Parisienne d\u00e9gustant un bon verre, d&rsquo;apr\u00e8s une illustration dessin\u00e9e \u00e0 la main.<\/p>\n<p>Pratique pour noter vos t\u00e2ches du quotidien, pr\u00e9parer votre journ\u00e9e avec une jolie to-do&#8230; ce bloc-notes sera le meilleur des alli\u00e9s pour organiser vos journ\u00e9es.<\/p>\n<p>Fabriqu\u00e9 en France sur un tr\u00e8s beau papier recycl\u00e9.<\/p>\n<p>Le bloc-notes La Parisienne a \u00e9t\u00e9 produit de mani\u00e8re \u00e9co-responsable.<\/p>\n<p>Existe aussi en version <a href=\"https:\/\/ohmondessin.com\/index.php\/product\/carnet-de-poche-la-parisienne\/\">Carnet de poche<\/a><\/p>\n","protected":false},"featured_media":6750,"comment_status":"open","ping_status":"closed","template":"","meta":[],"product_brand":[],"product_cat":[729,986],"product_tag":[988,992,987,974,965,968,979,967,978,969,541,973,970,975,977,976,990,989,991],"class_list":{"0":"post-6749","1":"product","2":"type-product","3":"status-publish","4":"has-post-thumbnail","6":"product_cat-papeterie","7":"product_cat-blocs-notes","8":"product_tag-bloc-note","9":"product_tag-bloc-parisienne","10":"product_tag-bloc-notes","11":"product_tag-cadeau-paris","12":"product_tag-carnet","13":"product_tag-carnet-fait-en-france","14":"product_tag-carnet-lifestyle","15":"product_tag-carnet-papeterie","16":"product_tag-carnet-paris","17":"product_tag-eco-responsable","18":"product_tag-illustration-paris","19":"product_tag-papeterie-poule","20":"product_tag-papier-recycle","21":"product_tag-paris-papeterie","22":"product_tag-parisienne-carnet","23":"product_tag-parisienne-lifestyle","24":"product_tag-parisienne-papeterie","25":"product_tag-to-do-paris","26":"product_tag-to-do-parisienne","28":"first","29":"outofstock","30":"taxable","31":"shipping-taxable","32":"purchasable","33":"product-type-simple"},"yoast_head":"<!-- This site is optimized with the Yoast SEO plugin v24.6 - https:\/\/yoast.com\/wordpress\/plugins\/seo\/ -->\n<title>Bloc-notes La Parisienne - ohmondessin.com<\/title>\n<meta name=\"robots\" content=\"index, follow, max-snippet:-1, max-image-preview:large, max-video-preview:-1\" \/>\n<link rel=\"canonical\" href=\"https:\/\/ohmondessin.com\/index.php\/product\/bloc-notes-la-parisienne\/\" \/>\n<meta property=\"og:locale\" content=\"fr_FR\" \/>\n<meta property=\"og:type\" content=\"article\" \/>\n<meta property=\"og:title\" content=\"Bloc-notes La Parisienne - ohmondessin.com\" \/>\n<meta property=\"og:description\" content=\"Un bloc-notes repr\u00e9sentant une Parisienne d\u00e9gustant un bon verre, d&#039;apr\u00e8s une illustration dessin\u00e9e \u00e0 la main.  Pratique pour noter vos t\u00e2ches du quotidien, pr\u00e9parer votre journ\u00e9e avec une jolie to-do... ce bloc-notes sera le meilleur des alli\u00e9s pour organiser vos journ\u00e9es.  Fabriqu\u00e9 en France sur un tr\u00e8s beau papier recycl\u00e9.  Le bloc-notes La Parisienne a \u00e9t\u00e9 produit de mani\u00e8re \u00e9co-responsable.  Existe aussi en version Carnet de poche\" \/>\n<meta property=\"og:url\" content=\"https:\/\/ohmondessin.com\/index.php\/product\/bloc-notes-la-parisienne\/\" \/>\n<meta property=\"og:site_name\" content=\"ohmondessin.com\" \/>\n<meta property=\"article:publisher\" content=\"https:\/\/www.facebook.com\/Ohmondessin\" \/>\n<meta property=\"article:modified_time\" content=\"2025-10-01T08:08:15+00:00\" \/>\n<meta property=\"og:image\" content=\"http:\/\/ohmondessin.com\/wp-content\/uploads\/2024\/04\/Parsienne-BlocsNotes0.jpg\" \/>\n\t<meta property=\"og:image:width\" content=\"1000\" \/>\n\t<meta property=\"og:image:height\" content=\"1000\" \/>\n\t<meta property=\"og:image:type\" content=\"image\/jpeg\" \/>\n<meta name=\"twitter:card\" content=\"summary_large_image\" \/>\n<meta name=\"twitter:label1\" content=\"Dur\u00e9e de lecture estim\u00e9e\" \/>\n\t<meta name=\"twitter:data1\" content=\"1 minute\" \/>\n<script type=\"application\/ld+json\" class=\"yoast-schema-graph\">{\"@context\":\"https:\/\/schema.org\",\"@graph\":[{\"@type\":\"WebPage\",\"@id\":\"https:\/\/ohmondessin.com\/index.php\/product\/bloc-notes-la-parisienne\/\",\"url\":\"https:\/\/ohmondessin.com\/index.php\/product\/bloc-notes-la-parisienne\/\",\"name\":\"Bloc-notes La Parisienne - ohmondessin.com\",\"isPartOf\":{\"@id\":\"https:\/\/ohmondessin.com\/#website\"},\"primaryImageOfPage\":{\"@id\":\"https:\/\/ohmondessin.com\/index.php\/product\/bloc-notes-la-parisienne\/#primaryimage\"},\"image\":{\"@id\":\"https:\/\/ohmondessin.com\/index.php\/product\/bloc-notes-la-parisienne\/#primaryimage\"},\"thumbnailUrl\":\"https:\/\/ohmondessin.com\/wp-content\/uploads\/2024\/04\/Parsienne-BlocsNotes0.jpg\",\"datePublished\":\"2024-04-09T08:39:08+00:00\",\"dateModified\":\"2025-10-01T08:08:15+00:00\",\"breadcrumb\":{\"@id\":\"https:\/\/ohmondessin.com\/index.php\/product\/bloc-notes-la-parisienne\/#breadcrumb\"},\"inLanguage\":\"fr-FR\",\"potentialAction\":[{\"@type\":\"ReadAction\",\"target\":[\"https:\/\/ohmondessin.com\/index.php\/product\/bloc-notes-la-parisienne\/\"]}]},{\"@type\":\"ImageObject\",\"inLanguage\":\"fr-FR\",\"@id\":\"https:\/\/ohmondessin.com\/index.php\/product\/bloc-notes-la-parisienne\/#primaryimage\",\"url\":\"https:\/\/ohmondessin.com\/wp-content\/uploads\/2024\/04\/Parsienne-BlocsNotes0.jpg\",\"contentUrl\":\"https:\/\/ohmondessin.com\/wp-content\/uploads\/2024\/04\/Parsienne-BlocsNotes0.jpg\",\"width\":1000,\"height\":1000},{\"@type\":\"BreadcrumbList\",\"@id\":\"https:\/\/ohmondessin.com\/index.php\/product\/bloc-notes-la-parisienne\/#breadcrumb\",\"itemListElement\":[{\"@type\":\"ListItem\",\"position\":1,\"name\":\"Accueil\",\"item\":\"https:\/\/ohmondessin.com\/\"},{\"@type\":\"ListItem\",\"position\":2,\"name\":\"La boutique\",\"item\":\"https:\/\/ohmondessin.com\/index.php\/la-boutique\/\"},{\"@type\":\"ListItem\",\"position\":3,\"name\":\"Bloc-notes La Parisienne\"}]},{\"@type\":\"WebSite\",\"@id\":\"https:\/\/ohmondessin.com\/#website\",\"url\":\"https:\/\/ohmondessin.com\/\",\"name\":\"ohmondessin.com\",\"description\":\"De l\u2019illustration et du fait-main\",\"publisher\":{\"@id\":\"https:\/\/ohmondessin.com\/#organization\"},\"potentialAction\":[{\"@type\":\"SearchAction\",\"target\":{\"@type\":\"EntryPoint\",\"urlTemplate\":\"https:\/\/ohmondessin.com\/?s={search_term_string}\"},\"query-input\":{\"@type\":\"PropertyValueSpecification\",\"valueRequired\":true,\"valueName\":\"search_term_string\"}}],\"inLanguage\":\"fr-FR\"},{\"@type\":\"Organization\",\"@id\":\"https:\/\/ohmondessin.com\/#organization\",\"name\":\"ohmondessin.com\",\"url\":\"https:\/\/ohmondessin.com\/\",\"logo\":{\"@type\":\"ImageObject\",\"inLanguage\":\"fr-FR\",\"@id\":\"https:\/\/ohmondessin.com\/#\/schema\/logo\/image\/\",\"url\":\"https:\/\/ohmondessin.com\/wp-content\/uploads\/2023\/01\/logo_OHMD-dark.png\",\"contentUrl\":\"https:\/\/ohmondessin.com\/wp-content\/uploads\/2023\/01\/logo_OHMD-dark.png\",\"width\":500,\"height\":500,\"caption\":\"ohmondessin.com\"},\"image\":{\"@id\":\"https:\/\/ohmondessin.com\/#\/schema\/logo\/image\/\"},\"sameAs\":[\"https:\/\/www.facebook.com\/Ohmondessin\",\"https:\/\/www.instagram.com\/ohmondessin\/\"]}]}<\/script>\n<!-- \/ Yoast SEO plugin. -->","yoast_head_json":{"title":"Bloc-notes La Parisienne - ohmondessin.com","robots":{"index":"index","follow":"follow","max-snippet":"max-snippet:-1","max-image-preview":"max-image-preview:large","max-video-preview":"max-video-preview:-1"},"canonical":"https:\/\/ohmondessin.com\/index.php\/product\/bloc-notes-la-parisienne\/","og_locale":"fr_FR","og_type":"article","og_title":"Bloc-notes La Parisienne - ohmondessin.com","og_description":"Un bloc-notes repr\u00e9sentant une Parisienne d\u00e9gustant un bon verre, d'apr\u00e8s une illustration dessin\u00e9e \u00e0 la main.  Pratique pour noter vos t\u00e2ches du quotidien, pr\u00e9parer votre journ\u00e9e avec une jolie to-do... ce bloc-notes sera le meilleur des alli\u00e9s pour organiser vos journ\u00e9es.  Fabriqu\u00e9 en France sur un tr\u00e8s beau papier recycl\u00e9.  Le bloc-notes La Parisienne a \u00e9t\u00e9 produit de mani\u00e8re \u00e9co-responsable.  Existe aussi en version Carnet de poche","og_url":"https:\/\/ohmondessin.com\/index.php\/product\/bloc-notes-la-parisienne\/","og_site_name":"ohmondessin.com","article_publisher":"https:\/\/www.facebook.com\/Ohmondessin","article_modified_time":"2025-10-01T08:08:15+00:00","og_image":[{"width":1000,"height":1000,"url":"http:\/\/ohmondessin.com\/wp-content\/uploads\/2024\/04\/Parsienne-BlocsNotes0.jpg","type":"image\/jpeg"}],"twitter_card":"summary_large_image","twitter_misc":{"Dur\u00e9e de lecture estim\u00e9e":"1 minute"},"schema":{"@context":"https:\/\/schema.org","@graph":[{"@type":"WebPage","@id":"https:\/\/ohmondessin.com\/index.php\/product\/bloc-notes-la-parisienne\/","url":"https:\/\/ohmondessin.com\/index.php\/product\/bloc-notes-la-parisienne\/","name":"Bloc-notes La Parisienne - ohmondessin.com","isPartOf":{"@id":"https:\/\/ohmondessin.com\/#website"},"primaryImageOfPage":{"@id":"https:\/\/ohmondessin.com\/index.php\/product\/bloc-notes-la-parisienne\/#primaryimage"},"image":{"@id":"https:\/\/ohmondessin.com\/index.php\/product\/bloc-notes-la-parisienne\/#primaryimage"},"thumbnailUrl":"https:\/\/ohmondessin.com\/wp-content\/uploads\/2024\/04\/Parsienne-BlocsNotes0.jpg","datePublished":"2024-04-09T08:39:08+00:00","dateModified":"2025-10-01T08:08:15+00:00","breadcrumb":{"@id":"https:\/\/ohmondessin.com\/index.php\/product\/bloc-notes-la-parisienne\/#breadcrumb"},"inLanguage":"fr-FR","potentialAction":[{"@type":"ReadAction","target":["https:\/\/ohmondessin.com\/index.php\/product\/bloc-notes-la-parisienne\/"]}]},{"@type":"ImageObject","inLanguage":"fr-FR","@id":"https:\/\/ohmondessin.com\/index.php\/product\/bloc-notes-la-parisienne\/#primaryimage","url":"https:\/\/ohmondessin.com\/wp-content\/uploads\/2024\/04\/Parsienne-BlocsNotes0.jpg","contentUrl":"https:\/\/ohmondessin.com\/wp-content\/uploads\/2024\/04\/Parsienne-BlocsNotes0.jpg","width":1000,"height":1000},{"@type":"BreadcrumbList","@id":"https:\/\/ohmondessin.com\/index.php\/product\/bloc-notes-la-parisienne\/#breadcrumb","itemListElement":[{"@type":"ListItem","position":1,"name":"Accueil","item":"https:\/\/ohmondessin.com\/"},{"@type":"ListItem","position":2,"name":"La boutique","item":"https:\/\/ohmondessin.com\/index.php\/la-boutique\/"},{"@type":"ListItem","position":3,"name":"Bloc-notes La Parisienne"}]},{"@type":"WebSite","@id":"https:\/\/ohmondessin.com\/#website","url":"https:\/\/ohmondessin.com\/","name":"ohmondessin.com","description":"De l\u2019illustration et du fait-main","publisher":{"@id":"https:\/\/ohmondessin.com\/#organization"},"potentialAction":[{"@type":"SearchAction","target":{"@type":"EntryPoint","urlTemplate":"https:\/\/ohmondessin.com\/?s={search_term_string}"},"query-input":{"@type":"PropertyValueSpecification","valueRequired":true,"valueName":"search_term_string"}}],"inLanguage":"fr-FR"},{"@type":"Organization","@id":"https:\/\/ohmondessin.com\/#organization","name":"ohmondessin.com","url":"https:\/\/ohmondessin.com\/","logo":{"@type":"ImageObject","inLanguage":"fr-FR","@id":"https:\/\/ohmondessin.com\/#\/schema\/logo\/image\/","url":"https:\/\/ohmondessin.com\/wp-content\/uploads\/2023\/01\/logo_OHMD-dark.png","contentUrl":"https:\/\/ohmondessin.com\/wp-content\/uploads\/2023\/01\/logo_OHMD-dark.png","width":500,"height":500,"caption":"ohmondessin.com"},"image":{"@id":"https:\/\/ohmondessin.com\/#\/schema\/logo\/image\/"},"sameAs":["https:\/\/www.facebook.com\/Ohmondessin","https:\/\/www.instagram.com\/ohmondessin\/"]}]}},"jetpack_sharing_enabled":true,"_links":{"self":[{"href":"https:\/\/ohmondessin.com\/index.php\/wp-json\/wp\/v2\/product\/6749","targetHints":{"allow":["GET"]}}],"collection":[{"href":"https:\/\/ohmondessin.com\/index.php\/wp-json\/wp\/v2\/product"}],"about":[{"href":"https:\/\/ohmondessin.com\/index.php\/wp-json\/wp\/v2\/types\/product"}],"replies":[{"embeddable":true,"href":"https:\/\/ohmondessin.com\/index.php\/wp-json\/wp\/v2\/comments?post=6749"}],"wp:featuredmedia":[{"embeddable":true,"href":"https:\/\/ohmondessin.com\/index.php\/wp-json\/wp\/v2\/media\/6750"}],"wp:attachment":[{"href":"https:\/\/ohmondessin.com\/index.php\/wp-json\/wp\/v2\/media?parent=6749"}],"wp:term":[{"taxonomy":"product_brand","embeddable":true,"href":"https:\/\/ohmondessin.com\/index.php\/wp-json\/wp\/v2\/product_brand?post=6749"},{"taxonomy":"product_cat","embeddable":true,"href":"https:\/\/ohmondessin.com\/index.php\/wp-json\/wp\/v2\/product_cat?post=6749"},{"taxonomy":"product_tag","embeddable":true,"href":"https:\/\/ohmondessin.com\/index.php\/wp-json\/wp\/v2\/product_tag?post=6749"}],"curies":[{"name":"wp","href":"https:\/\/api.w.org\/{rel}","templated":true}]}}