{"id":6751,"date":"2024-04-09T09:07:22","date_gmt":"2024-04-09T09:07:22","guid":{"rendered":"https:\/\/ohmondessin.com\/?post_type=product&#038;p=6751"},"modified":"2025-05-19T08:24:24","modified_gmt":"2025-05-19T08:24:24","slug":"bloc-notes-floral","status":"publish","type":"product","link":"https:\/\/ohmondessin.com\/index.php\/product\/bloc-notes-floral\/","title":{"rendered":"Bloc-notes Floral"},"content":{"rendered":"<dl class=\"flowtabs product-tab\" data-settings=\"{&quot;height&quot;:true}\">\n<dd class=\"tab1 tabs-block active\">\n<dl class=\"flowtabs product-tab\" data-settings=\"{&quot;height&quot;:true}\">\n<dd class=\"tab1 tabs-block active\">\u2728 Bloc-notes de 50 feuillets, format 10 x 18 cm<\/p>\n<p>\u2728 Fabrication fran\u00e7aise sur papier offset recycl\u00e9, encollage dos et dos carton<\/p>\n<p>\u2728 50 feuillets pour noter les choses importantes de votre quotidien<\/dd>\n<\/dl>\n<\/dd>\n<\/dl>\n","protected":false},"excerpt":{"rendered":"<p>Un bloc-notes repr\u00e9sentant mon chat Renoir (logo de la marque) entour\u00e9 par la v\u00e9g\u00e9tation qui s\u2019entrem\u00eale \u00e0 son petit corps tout dodu.<\/p>\n<p>D&rsquo;apr\u00e8s une illustration dessin\u00e9e \u00e0 la main\u00a0avec beaucoup de tendresse et inspir\u00e9e par ma saison pr\u00e9f\u00e9r\u00e9e, le printemps.<\/p>\n<p>Fabriqu\u00e9 en France sur un tr\u00e8s beau papier recycl\u00e9.<\/p>\n<p>Pratique pour noter vos t\u00e2ches du quotidien, pr\u00e9parer votre journ\u00e9e avec une jolie to-do&#8230; ce bloc-notes sera le meilleur des alli\u00e9s pour organiser vos journ\u00e9es.<\/p>\n<p>Le bloc-notes Floral a \u00e9t\u00e9 produit de mani\u00e8re \u00e9co-responsable.<\/p>\n<p>Existe aussi en version <a href=\"https:\/\/ohmondessin.com\/index.php\/product\/carnet-de-poche-floral\/\">carnet de poche.<\/a><\/p>\n","protected":false},"featured_media":6752,"comment_status":"open","ping_status":"closed","template":"","meta":[],"product_brand":[],"product_cat":[1235,729,986],"product_tag":[994,996,987,993,583,965,980,982,968,983,967,969,342,961,984,981,997,995,970,985],"class_list":{"0":"post-6751","1":"product","2":"type-product","3":"status-publish","4":"has-post-thumbnail","6":"product_cat-guide-cadeaux-de-noel","7":"product_cat-papeterie","8":"product_cat-blocs-notes","9":"product_tag-bloc-notes-chat","10":"product_tag-bloc-notes-fleurs","11":"product_tag-bloc-notes","12":"product_tag-blocs-notes","13":"product_tag-cadeau-chat","14":"product_tag-carnet","15":"product_tag-carnet-chat","16":"product_tag-carnet-de-notes","17":"product_tag-carnet-fait-en-france","18":"product_tag-carnet-fleurs","19":"product_tag-carnet-papeterie","20":"product_tag-eco-responsable","21":"product_tag-illustration-chat","22":"product_tag-illustration-printemps","23":"product_tag-motif-fleurs","24":"product_tag-papeterie-chat","25":"product_tag-papeterie-fleurs","26":"product_tag-papeterie-made-in-france","27":"product_tag-papier-recycle","28":"product_tag-pattern-chat","30":"first","31":"outofstock","32":"taxable","33":"shipping-taxable","34":"purchasable","35":"product-type-simple"},"yoast_head":"<!-- This site is optimized with the Yoast SEO plugin v24.6 - https:\/\/yoast.com\/wordpress\/plugins\/seo\/ -->\n<title>Bloc-notes Floral - ohmondessin.com<\/title>\n<meta name=\"robots\" content=\"index, follow, max-snippet:-1, max-image-preview:large, max-video-preview:-1\" \/>\n<link rel=\"canonical\" href=\"https:\/\/ohmondessin.com\/index.php\/product\/bloc-notes-floral\/\" \/>\n<meta property=\"og:locale\" content=\"fr_FR\" \/>\n<meta property=\"og:type\" content=\"article\" \/>\n<meta property=\"og:title\" content=\"Bloc-notes Floral - ohmondessin.com\" \/>\n<meta property=\"og:description\" content=\"Un bloc-notes repr\u00e9sentant mon chat Renoir (logo de la marque) entour\u00e9 par la v\u00e9g\u00e9tation qui s\u2019entrem\u00eale \u00e0 son petit corps tout dodu.  D&#039;apr\u00e8s une illustration dessin\u00e9e \u00e0 la main\u00a0avec beaucoup de tendresse et inspir\u00e9e par ma saison pr\u00e9f\u00e9r\u00e9e, le printemps.  Fabriqu\u00e9 en France sur un tr\u00e8s beau papier recycl\u00e9.  Pratique pour noter vos t\u00e2ches du quotidien, pr\u00e9parer votre journ\u00e9e avec une jolie to-do... ce bloc-notes sera le meilleur des alli\u00e9s pour organiser vos journ\u00e9es.  Le bloc-notes Floral a \u00e9t\u00e9 produit de mani\u00e8re \u00e9co-responsable.  Existe aussi en version carnet de poche.\" \/>\n<meta property=\"og:url\" content=\"https:\/\/ohmondessin.com\/index.php\/product\/bloc-notes-floral\/\" \/>\n<meta property=\"og:site_name\" content=\"ohmondessin.com\" \/>\n<meta property=\"article:publisher\" content=\"https:\/\/www.facebook.com\/Ohmondessin\" \/>\n<meta property=\"article:modified_time\" content=\"2025-05-19T08:24:24+00:00\" \/>\n<meta property=\"og:image\" content=\"http:\/\/ohmondessin.com\/wp-content\/uploads\/2024\/04\/Floral-BlocsNotes0.jpg\" \/>\n\t<meta property=\"og:image:width\" content=\"1000\" \/>\n\t<meta property=\"og:image:height\" content=\"1000\" \/>\n\t<meta property=\"og:image:type\" content=\"image\/jpeg\" \/>\n<meta name=\"twitter:card\" content=\"summary_large_image\" \/>\n<meta name=\"twitter:label1\" content=\"Dur\u00e9e de lecture estim\u00e9e\" \/>\n\t<meta name=\"twitter:data1\" content=\"1 minute\" \/>\n<script type=\"application\/ld+json\" class=\"yoast-schema-graph\">{\"@context\":\"https:\/\/schema.org\",\"@graph\":[{\"@type\":\"WebPage\",\"@id\":\"https:\/\/ohmondessin.com\/index.php\/product\/bloc-notes-floral\/\",\"url\":\"https:\/\/ohmondessin.com\/index.php\/product\/bloc-notes-floral\/\",\"name\":\"Bloc-notes Floral - ohmondessin.com\",\"isPartOf\":{\"@id\":\"https:\/\/ohmondessin.com\/#website\"},\"primaryImageOfPage\":{\"@id\":\"https:\/\/ohmondessin.com\/index.php\/product\/bloc-notes-floral\/#primaryimage\"},\"image\":{\"@id\":\"https:\/\/ohmondessin.com\/index.php\/product\/bloc-notes-floral\/#primaryimage\"},\"thumbnailUrl\":\"https:\/\/ohmondessin.com\/wp-content\/uploads\/2024\/04\/Floral-BlocsNotes0.jpg\",\"datePublished\":\"2024-04-09T09:07:22+00:00\",\"dateModified\":\"2025-05-19T08:24:24+00:00\",\"breadcrumb\":{\"@id\":\"https:\/\/ohmondessin.com\/index.php\/product\/bloc-notes-floral\/#breadcrumb\"},\"inLanguage\":\"fr-FR\",\"potentialAction\":[{\"@type\":\"ReadAction\",\"target\":[\"https:\/\/ohmondessin.com\/index.php\/product\/bloc-notes-floral\/\"]}]},{\"@type\":\"ImageObject\",\"inLanguage\":\"fr-FR\",\"@id\":\"https:\/\/ohmondessin.com\/index.php\/product\/bloc-notes-floral\/#primaryimage\",\"url\":\"https:\/\/ohmondessin.com\/wp-content\/uploads\/2024\/04\/Floral-BlocsNotes0.jpg\",\"contentUrl\":\"https:\/\/ohmondessin.com\/wp-content\/uploads\/2024\/04\/Floral-BlocsNotes0.jpg\",\"width\":1000,\"height\":1000},{\"@type\":\"BreadcrumbList\",\"@id\":\"https:\/\/ohmondessin.com\/index.php\/product\/bloc-notes-floral\/#breadcrumb\",\"itemListElement\":[{\"@type\":\"ListItem\",\"position\":1,\"name\":\"Accueil\",\"item\":\"https:\/\/ohmondessin.com\/\"},{\"@type\":\"ListItem\",\"position\":2,\"name\":\"La boutique\",\"item\":\"https:\/\/ohmondessin.com\/index.php\/la-boutique\/\"},{\"@type\":\"ListItem\",\"position\":3,\"name\":\"Bloc-notes Floral\"}]},{\"@type\":\"WebSite\",\"@id\":\"https:\/\/ohmondessin.com\/#website\",\"url\":\"https:\/\/ohmondessin.com\/\",\"name\":\"ohmondessin.com\",\"description\":\"De l\u2019illustration et du fait-main\",\"publisher\":{\"@id\":\"https:\/\/ohmondessin.com\/#organization\"},\"potentialAction\":[{\"@type\":\"SearchAction\",\"target\":{\"@type\":\"EntryPoint\",\"urlTemplate\":\"https:\/\/ohmondessin.com\/?s={search_term_string}\"},\"query-input\":{\"@type\":\"PropertyValueSpecification\",\"valueRequired\":true,\"valueName\":\"search_term_string\"}}],\"inLanguage\":\"fr-FR\"},{\"@type\":\"Organization\",\"@id\":\"https:\/\/ohmondessin.com\/#organization\",\"name\":\"ohmondessin.com\",\"url\":\"https:\/\/ohmondessin.com\/\",\"logo\":{\"@type\":\"ImageObject\",\"inLanguage\":\"fr-FR\",\"@id\":\"https:\/\/ohmondessin.com\/#\/schema\/logo\/image\/\",\"url\":\"https:\/\/ohmondessin.com\/wp-content\/uploads\/2023\/01\/logo_OHMD-dark.png\",\"contentUrl\":\"https:\/\/ohmondessin.com\/wp-content\/uploads\/2023\/01\/logo_OHMD-dark.png\",\"width\":500,\"height\":500,\"caption\":\"ohmondessin.com\"},\"image\":{\"@id\":\"https:\/\/ohmondessin.com\/#\/schema\/logo\/image\/\"},\"sameAs\":[\"https:\/\/www.facebook.com\/Ohmondessin\",\"https:\/\/www.instagram.com\/ohmondessin\/\"]}]}<\/script>\n<!-- \/ Yoast SEO plugin. -->","yoast_head_json":{"title":"Bloc-notes Floral - ohmondessin.com","robots":{"index":"index","follow":"follow","max-snippet":"max-snippet:-1","max-image-preview":"max-image-preview:large","max-video-preview":"max-video-preview:-1"},"canonical":"https:\/\/ohmondessin.com\/index.php\/product\/bloc-notes-floral\/","og_locale":"fr_FR","og_type":"article","og_title":"Bloc-notes Floral - ohmondessin.com","og_description":"Un bloc-notes repr\u00e9sentant mon chat Renoir (logo de la marque) entour\u00e9 par la v\u00e9g\u00e9tation qui s\u2019entrem\u00eale \u00e0 son petit corps tout dodu.  D'apr\u00e8s une illustration dessin\u00e9e \u00e0 la main\u00a0avec beaucoup de tendresse et inspir\u00e9e par ma saison pr\u00e9f\u00e9r\u00e9e, le printemps.  Fabriqu\u00e9 en France sur un tr\u00e8s beau papier recycl\u00e9.  Pratique pour noter vos t\u00e2ches du quotidien, pr\u00e9parer votre journ\u00e9e avec une jolie to-do... ce bloc-notes sera le meilleur des alli\u00e9s pour organiser vos journ\u00e9es.  Le bloc-notes Floral a \u00e9t\u00e9 produit de mani\u00e8re \u00e9co-responsable.  Existe aussi en version carnet de poche.","og_url":"https:\/\/ohmondessin.com\/index.php\/product\/bloc-notes-floral\/","og_site_name":"ohmondessin.com","article_publisher":"https:\/\/www.facebook.com\/Ohmondessin","article_modified_time":"2025-05-19T08:24:24+00:00","og_image":[{"width":1000,"height":1000,"url":"http:\/\/ohmondessin.com\/wp-content\/uploads\/2024\/04\/Floral-BlocsNotes0.jpg","type":"image\/jpeg"}],"twitter_card":"summary_large_image","twitter_misc":{"Dur\u00e9e de lecture estim\u00e9e":"1 minute"},"schema":{"@context":"https:\/\/schema.org","@graph":[{"@type":"WebPage","@id":"https:\/\/ohmondessin.com\/index.php\/product\/bloc-notes-floral\/","url":"https:\/\/ohmondessin.com\/index.php\/product\/bloc-notes-floral\/","name":"Bloc-notes Floral - ohmondessin.com","isPartOf":{"@id":"https:\/\/ohmondessin.com\/#website"},"primaryImageOfPage":{"@id":"https:\/\/ohmondessin.com\/index.php\/product\/bloc-notes-floral\/#primaryimage"},"image":{"@id":"https:\/\/ohmondessin.com\/index.php\/product\/bloc-notes-floral\/#primaryimage"},"thumbnailUrl":"https:\/\/ohmondessin.com\/wp-content\/uploads\/2024\/04\/Floral-BlocsNotes0.jpg","datePublished":"2024-04-09T09:07:22+00:00","dateModified":"2025-05-19T08:24:24+00:00","breadcrumb":{"@id":"https:\/\/ohmondessin.com\/index.php\/product\/bloc-notes-floral\/#breadcrumb"},"inLanguage":"fr-FR","potentialAction":[{"@type":"ReadAction","target":["https:\/\/ohmondessin.com\/index.php\/product\/bloc-notes-floral\/"]}]},{"@type":"ImageObject","inLanguage":"fr-FR","@id":"https:\/\/ohmondessin.com\/index.php\/product\/bloc-notes-floral\/#primaryimage","url":"https:\/\/ohmondessin.com\/wp-content\/uploads\/2024\/04\/Floral-BlocsNotes0.jpg","contentUrl":"https:\/\/ohmondessin.com\/wp-content\/uploads\/2024\/04\/Floral-BlocsNotes0.jpg","width":1000,"height":1000},{"@type":"BreadcrumbList","@id":"https:\/\/ohmondessin.com\/index.php\/product\/bloc-notes-floral\/#breadcrumb","itemListElement":[{"@type":"ListItem","position":1,"name":"Accueil","item":"https:\/\/ohmondessin.com\/"},{"@type":"ListItem","position":2,"name":"La boutique","item":"https:\/\/ohmondessin.com\/index.php\/la-boutique\/"},{"@type":"ListItem","position":3,"name":"Bloc-notes Floral"}]},{"@type":"WebSite","@id":"https:\/\/ohmondessin.com\/#website","url":"https:\/\/ohmondessin.com\/","name":"ohmondessin.com","description":"De l\u2019illustration et du fait-main","publisher":{"@id":"https:\/\/ohmondessin.com\/#organization"},"potentialAction":[{"@type":"SearchAction","target":{"@type":"EntryPoint","urlTemplate":"https:\/\/ohmondessin.com\/?s={search_term_string}"},"query-input":{"@type":"PropertyValueSpecification","valueRequired":true,"valueName":"search_term_string"}}],"inLanguage":"fr-FR"},{"@type":"Organization","@id":"https:\/\/ohmondessin.com\/#organization","name":"ohmondessin.com","url":"https:\/\/ohmondessin.com\/","logo":{"@type":"ImageObject","inLanguage":"fr-FR","@id":"https:\/\/ohmondessin.com\/#\/schema\/logo\/image\/","url":"https:\/\/ohmondessin.com\/wp-content\/uploads\/2023\/01\/logo_OHMD-dark.png","contentUrl":"https:\/\/ohmondessin.com\/wp-content\/uploads\/2023\/01\/logo_OHMD-dark.png","width":500,"height":500,"caption":"ohmondessin.com"},"image":{"@id":"https:\/\/ohmondessin.com\/#\/schema\/logo\/image\/"},"sameAs":["https:\/\/www.facebook.com\/Ohmondessin","https:\/\/www.instagram.com\/ohmondessin\/"]}]}},"jetpack_sharing_enabled":true,"_links":{"self":[{"href":"https:\/\/ohmondessin.com\/index.php\/wp-json\/wp\/v2\/product\/6751","targetHints":{"allow":["GET"]}}],"collection":[{"href":"https:\/\/ohmondessin.com\/index.php\/wp-json\/wp\/v2\/product"}],"about":[{"href":"https:\/\/ohmondessin.com\/index.php\/wp-json\/wp\/v2\/types\/product"}],"replies":[{"embeddable":true,"href":"https:\/\/ohmondessin.com\/index.php\/wp-json\/wp\/v2\/comments?post=6751"}],"wp:featuredmedia":[{"embeddable":true,"href":"https:\/\/ohmondessin.com\/index.php\/wp-json\/wp\/v2\/media\/6752"}],"wp:attachment":[{"href":"https:\/\/ohmondessin.com\/index.php\/wp-json\/wp\/v2\/media?parent=6751"}],"wp:term":[{"taxonomy":"product_brand","embeddable":true,"href":"https:\/\/ohmondessin.com\/index.php\/wp-json\/wp\/v2\/product_brand?post=6751"},{"taxonomy":"product_cat","embeddable":true,"href":"https:\/\/ohmondessin.com\/index.php\/wp-json\/wp\/v2\/product_cat?post=6751"},{"taxonomy":"product_tag","embeddable":true,"href":"https:\/\/ohmondessin.com\/index.php\/wp-json\/wp\/v2\/product_tag?post=6751"}],"curies":[{"name":"wp","href":"https:\/\/api.w.org\/{rel}","templated":true}]}}