{"id":6971,"date":"2024-06-21T10:03:57","date_gmt":"2024-06-21T10:03:57","guid":{"rendered":"https:\/\/ohmondessin.com\/?post_type=product&#038;p=6971"},"modified":"2026-01-15T00:03:30","modified_gmt":"2026-01-15T00:03:30","slug":"affiche-tu-es-ma-vitamine","status":"publish","type":"product","link":"https:\/\/ohmondessin.com\/index.php\/product\/affiche-tu-es-ma-vitamine\/","title":{"rendered":"Affiche Tu es ma Vitamine"},"content":{"rendered":"<p>\u2728 3 formats disponibles : A5, A4 et A3<\/p>\n<p>\u2728 Fabrication fran\u00e7aise sur papier mate premuim<\/p>\n<p>\u2728 Affiche pr\u00eate \u00e0 \u00eatre encadr\u00e9e<\/p>\n","protected":false},"excerpt":{"rendered":"<p>Pour les amoureux d\u2019agrumes et de couleurs chatoyantes, je vous pr\u00e9sente l&rsquo;affiche \u201cTu es ma Vitamine\u201d \ud83c\udf4a<\/p>\n<p>Illustration imprim\u00e9e avec des encres riches et vibrantes sur un papier mate premium de 210 g\/m\u00b2.<\/p>\n<p>L&rsquo;affiche est disponible en plusieurs formats : A5, A4 et A3.<\/p>\n<p>Chaque impression est r\u00e9alis\u00e9e dans mon atelier \u00e0 Maisons-Laffitte (78).<\/p>\n<p>Toutes les commandes sont soigneusement emball\u00e9es avec amour et exp\u00e9di\u00e9es en courrier suivi.<\/p>\n<p>Les tons de l&rsquo;illustration peuvent varier entre l&rsquo;impression et l&rsquo;aper\u00e7u sur votre \u00e9cran.<\/p>\n","protected":false},"featured_media":6968,"comment_status":"open","ping_status":"closed","template":"","meta":[],"product_brand":[],"product_cat":[1235,1304,745,746],"product_tag":[105,1031,1017,1039,112,1040,1038,138,1041,1037,139,1042,1030,354,106],"class_list":{"0":"post-6971","1":"product","2":"type-product","3":"status-publish","4":"has-post-thumbnail","6":"product_cat-guide-cadeaux-de-noel","7":"product_cat-st-valentin","8":"product_cat-affiches","9":"product_cat-toutes-les-affiches","10":"product_tag-affiche","11":"product_tag-affiche-agrumes","12":"product_tag-affiche-chic","13":"product_tag-affiche-dolce-vita","14":"product_tag-affiche-france","15":"product_tag-affiche-italie","16":"product_tag-affiche-oranges","17":"product_tag-affiche-paris","18":"product_tag-affiche-soleil","19":"product_tag-affiche-vitamine","20":"product_tag-fait-main","21":"product_tag-illustration-agrumes","22":"product_tag-illustration-orange","23":"product_tag-paris","24":"product_tag-poster","25":"product_shipping_class-lettre-suivie","27":"first","28":"instock","29":"taxable","30":"shipping-taxable","31":"purchasable","32":"product-type-variable"},"yoast_head":"<!-- This site is optimized with the Yoast SEO plugin v24.6 - https:\/\/yoast.com\/wordpress\/plugins\/seo\/ -->\n<title>Affiche Tu es ma Vitamine - ohmondessin.com<\/title>\n<meta name=\"robots\" content=\"index, follow, max-snippet:-1, max-image-preview:large, max-video-preview:-1\" \/>\n<link rel=\"canonical\" href=\"https:\/\/ohmondessin.com\/index.php\/product\/affiche-tu-es-ma-vitamine\/\" \/>\n<meta property=\"og:locale\" content=\"fr_FR\" \/>\n<meta property=\"og:type\" content=\"article\" \/>\n<meta property=\"og:title\" content=\"Affiche Tu es ma Vitamine - ohmondessin.com\" \/>\n<meta property=\"og:description\" content=\"Pour les amoureux d\u2019agrumes et de couleurs chatoyantes, je vous pr\u00e9sente l&#039;affiche \u201cTu es ma Vitamine\u201d \ud83c\udf4a  Illustration imprim\u00e9e avec des encres riches et vibrantes sur un papier mate premium de 210 g\/m\u00b2.  L&#039;affiche est disponible en plusieurs formats : A5, A4 et A3.  Chaque impression est r\u00e9alis\u00e9e dans mon atelier \u00e0 Maisons-Laffitte (78).  Toutes les commandes sont soigneusement emball\u00e9es avec amour et exp\u00e9di\u00e9es en courrier suivi.  Les tons de l&#039;illustration peuvent varier entre l&#039;impression et l&#039;aper\u00e7u sur votre \u00e9cran.\" \/>\n<meta property=\"og:url\" content=\"https:\/\/ohmondessin.com\/index.php\/product\/affiche-tu-es-ma-vitamine\/\" \/>\n<meta property=\"og:site_name\" content=\"ohmondessin.com\" \/>\n<meta property=\"article:publisher\" content=\"https:\/\/www.facebook.com\/Ohmondessin\" \/>\n<meta property=\"article:modified_time\" content=\"2026-01-15T00:03:30+00:00\" \/>\n<meta property=\"og:image\" content=\"http:\/\/ohmondessin.com\/wp-content\/uploads\/2024\/06\/Cartepostale_vitamines3.jpg\" \/>\n\t<meta property=\"og:image:width\" content=\"1000\" \/>\n\t<meta property=\"og:image:height\" content=\"1000\" \/>\n\t<meta property=\"og:image:type\" content=\"image\/jpeg\" \/>\n<meta name=\"twitter:card\" content=\"summary_large_image\" \/>\n<meta name=\"twitter:label1\" content=\"Dur\u00e9e de lecture estim\u00e9e\" \/>\n\t<meta name=\"twitter:data1\" content=\"1 minute\" \/>\n<script type=\"application\/ld+json\" class=\"yoast-schema-graph\">{\"@context\":\"https:\/\/schema.org\",\"@graph\":[{\"@type\":\"WebPage\",\"@id\":\"https:\/\/ohmondessin.com\/index.php\/product\/affiche-tu-es-ma-vitamine\/\",\"url\":\"https:\/\/ohmondessin.com\/index.php\/product\/affiche-tu-es-ma-vitamine\/\",\"name\":\"Affiche Tu es ma Vitamine - ohmondessin.com\",\"isPartOf\":{\"@id\":\"https:\/\/ohmondessin.com\/#website\"},\"primaryImageOfPage\":{\"@id\":\"https:\/\/ohmondessin.com\/index.php\/product\/affiche-tu-es-ma-vitamine\/#primaryimage\"},\"image\":{\"@id\":\"https:\/\/ohmondessin.com\/index.php\/product\/affiche-tu-es-ma-vitamine\/#primaryimage\"},\"thumbnailUrl\":\"https:\/\/ohmondessin.com\/wp-content\/uploads\/2024\/06\/Cartepostale_vitamines3.jpg\",\"datePublished\":\"2024-06-21T10:03:57+00:00\",\"dateModified\":\"2026-01-15T00:03:30+00:00\",\"breadcrumb\":{\"@id\":\"https:\/\/ohmondessin.com\/index.php\/product\/affiche-tu-es-ma-vitamine\/#breadcrumb\"},\"inLanguage\":\"fr-FR\",\"potentialAction\":[{\"@type\":\"ReadAction\",\"target\":[\"https:\/\/ohmondessin.com\/index.php\/product\/affiche-tu-es-ma-vitamine\/\"]}]},{\"@type\":\"ImageObject\",\"inLanguage\":\"fr-FR\",\"@id\":\"https:\/\/ohmondessin.com\/index.php\/product\/affiche-tu-es-ma-vitamine\/#primaryimage\",\"url\":\"https:\/\/ohmondessin.com\/wp-content\/uploads\/2024\/06\/Cartepostale_vitamines3.jpg\",\"contentUrl\":\"https:\/\/ohmondessin.com\/wp-content\/uploads\/2024\/06\/Cartepostale_vitamines3.jpg\",\"width\":1000,\"height\":1000},{\"@type\":\"BreadcrumbList\",\"@id\":\"https:\/\/ohmondessin.com\/index.php\/product\/affiche-tu-es-ma-vitamine\/#breadcrumb\",\"itemListElement\":[{\"@type\":\"ListItem\",\"position\":1,\"name\":\"Accueil\",\"item\":\"https:\/\/ohmondessin.com\/\"},{\"@type\":\"ListItem\",\"position\":2,\"name\":\"La boutique\",\"item\":\"https:\/\/ohmondessin.com\/index.php\/la-boutique\/\"},{\"@type\":\"ListItem\",\"position\":3,\"name\":\"Affiche Tu es ma Vitamine\"}]},{\"@type\":\"WebSite\",\"@id\":\"https:\/\/ohmondessin.com\/#website\",\"url\":\"https:\/\/ohmondessin.com\/\",\"name\":\"ohmondessin.com\",\"description\":\"De l\u2019illustration et du fait-main\",\"publisher\":{\"@id\":\"https:\/\/ohmondessin.com\/#organization\"},\"potentialAction\":[{\"@type\":\"SearchAction\",\"target\":{\"@type\":\"EntryPoint\",\"urlTemplate\":\"https:\/\/ohmondessin.com\/?s={search_term_string}\"},\"query-input\":{\"@type\":\"PropertyValueSpecification\",\"valueRequired\":true,\"valueName\":\"search_term_string\"}}],\"inLanguage\":\"fr-FR\"},{\"@type\":\"Organization\",\"@id\":\"https:\/\/ohmondessin.com\/#organization\",\"name\":\"ohmondessin.com\",\"url\":\"https:\/\/ohmondessin.com\/\",\"logo\":{\"@type\":\"ImageObject\",\"inLanguage\":\"fr-FR\",\"@id\":\"https:\/\/ohmondessin.com\/#\/schema\/logo\/image\/\",\"url\":\"https:\/\/ohmondessin.com\/wp-content\/uploads\/2023\/01\/logo_OHMD-dark.png\",\"contentUrl\":\"https:\/\/ohmondessin.com\/wp-content\/uploads\/2023\/01\/logo_OHMD-dark.png\",\"width\":500,\"height\":500,\"caption\":\"ohmondessin.com\"},\"image\":{\"@id\":\"https:\/\/ohmondessin.com\/#\/schema\/logo\/image\/\"},\"sameAs\":[\"https:\/\/www.facebook.com\/Ohmondessin\",\"https:\/\/www.instagram.com\/ohmondessin\/\"]}]}<\/script>\n<!-- \/ Yoast SEO plugin. -->","yoast_head_json":{"title":"Affiche Tu es ma Vitamine - ohmondessin.com","robots":{"index":"index","follow":"follow","max-snippet":"max-snippet:-1","max-image-preview":"max-image-preview:large","max-video-preview":"max-video-preview:-1"},"canonical":"https:\/\/ohmondessin.com\/index.php\/product\/affiche-tu-es-ma-vitamine\/","og_locale":"fr_FR","og_type":"article","og_title":"Affiche Tu es ma Vitamine - ohmondessin.com","og_description":"Pour les amoureux d\u2019agrumes et de couleurs chatoyantes, je vous pr\u00e9sente l'affiche \u201cTu es ma Vitamine\u201d \ud83c\udf4a  Illustration imprim\u00e9e avec des encres riches et vibrantes sur un papier mate premium de 210 g\/m\u00b2.  L'affiche est disponible en plusieurs formats : A5, A4 et A3.  Chaque impression est r\u00e9alis\u00e9e dans mon atelier \u00e0 Maisons-Laffitte (78).  Toutes les commandes sont soigneusement emball\u00e9es avec amour et exp\u00e9di\u00e9es en courrier suivi.  Les tons de l'illustration peuvent varier entre l'impression et l'aper\u00e7u sur votre \u00e9cran.","og_url":"https:\/\/ohmondessin.com\/index.php\/product\/affiche-tu-es-ma-vitamine\/","og_site_name":"ohmondessin.com","article_publisher":"https:\/\/www.facebook.com\/Ohmondessin","article_modified_time":"2026-01-15T00:03:30+00:00","og_image":[{"width":1000,"height":1000,"url":"http:\/\/ohmondessin.com\/wp-content\/uploads\/2024\/06\/Cartepostale_vitamines3.jpg","type":"image\/jpeg"}],"twitter_card":"summary_large_image","twitter_misc":{"Dur\u00e9e de lecture estim\u00e9e":"1 minute"},"schema":{"@context":"https:\/\/schema.org","@graph":[{"@type":"WebPage","@id":"https:\/\/ohmondessin.com\/index.php\/product\/affiche-tu-es-ma-vitamine\/","url":"https:\/\/ohmondessin.com\/index.php\/product\/affiche-tu-es-ma-vitamine\/","name":"Affiche Tu es ma Vitamine - ohmondessin.com","isPartOf":{"@id":"https:\/\/ohmondessin.com\/#website"},"primaryImageOfPage":{"@id":"https:\/\/ohmondessin.com\/index.php\/product\/affiche-tu-es-ma-vitamine\/#primaryimage"},"image":{"@id":"https:\/\/ohmondessin.com\/index.php\/product\/affiche-tu-es-ma-vitamine\/#primaryimage"},"thumbnailUrl":"https:\/\/ohmondessin.com\/wp-content\/uploads\/2024\/06\/Cartepostale_vitamines3.jpg","datePublished":"2024-06-21T10:03:57+00:00","dateModified":"2026-01-15T00:03:30+00:00","breadcrumb":{"@id":"https:\/\/ohmondessin.com\/index.php\/product\/affiche-tu-es-ma-vitamine\/#breadcrumb"},"inLanguage":"fr-FR","potentialAction":[{"@type":"ReadAction","target":["https:\/\/ohmondessin.com\/index.php\/product\/affiche-tu-es-ma-vitamine\/"]}]},{"@type":"ImageObject","inLanguage":"fr-FR","@id":"https:\/\/ohmondessin.com\/index.php\/product\/affiche-tu-es-ma-vitamine\/#primaryimage","url":"https:\/\/ohmondessin.com\/wp-content\/uploads\/2024\/06\/Cartepostale_vitamines3.jpg","contentUrl":"https:\/\/ohmondessin.com\/wp-content\/uploads\/2024\/06\/Cartepostale_vitamines3.jpg","width":1000,"height":1000},{"@type":"BreadcrumbList","@id":"https:\/\/ohmondessin.com\/index.php\/product\/affiche-tu-es-ma-vitamine\/#breadcrumb","itemListElement":[{"@type":"ListItem","position":1,"name":"Accueil","item":"https:\/\/ohmondessin.com\/"},{"@type":"ListItem","position":2,"name":"La boutique","item":"https:\/\/ohmondessin.com\/index.php\/la-boutique\/"},{"@type":"ListItem","position":3,"name":"Affiche Tu es ma Vitamine"}]},{"@type":"WebSite","@id":"https:\/\/ohmondessin.com\/#website","url":"https:\/\/ohmondessin.com\/","name":"ohmondessin.com","description":"De l\u2019illustration et du fait-main","publisher":{"@id":"https:\/\/ohmondessin.com\/#organization"},"potentialAction":[{"@type":"SearchAction","target":{"@type":"EntryPoint","urlTemplate":"https:\/\/ohmondessin.com\/?s={search_term_string}"},"query-input":{"@type":"PropertyValueSpecification","valueRequired":true,"valueName":"search_term_string"}}],"inLanguage":"fr-FR"},{"@type":"Organization","@id":"https:\/\/ohmondessin.com\/#organization","name":"ohmondessin.com","url":"https:\/\/ohmondessin.com\/","logo":{"@type":"ImageObject","inLanguage":"fr-FR","@id":"https:\/\/ohmondessin.com\/#\/schema\/logo\/image\/","url":"https:\/\/ohmondessin.com\/wp-content\/uploads\/2023\/01\/logo_OHMD-dark.png","contentUrl":"https:\/\/ohmondessin.com\/wp-content\/uploads\/2023\/01\/logo_OHMD-dark.png","width":500,"height":500,"caption":"ohmondessin.com"},"image":{"@id":"https:\/\/ohmondessin.com\/#\/schema\/logo\/image\/"},"sameAs":["https:\/\/www.facebook.com\/Ohmondessin","https:\/\/www.instagram.com\/ohmondessin\/"]}]}},"jetpack_sharing_enabled":true,"_links":{"self":[{"href":"https:\/\/ohmondessin.com\/index.php\/wp-json\/wp\/v2\/product\/6971","targetHints":{"allow":["GET"]}}],"collection":[{"href":"https:\/\/ohmondessin.com\/index.php\/wp-json\/wp\/v2\/product"}],"about":[{"href":"https:\/\/ohmondessin.com\/index.php\/wp-json\/wp\/v2\/types\/product"}],"replies":[{"embeddable":true,"href":"https:\/\/ohmondessin.com\/index.php\/wp-json\/wp\/v2\/comments?post=6971"}],"wp:featuredmedia":[{"embeddable":true,"href":"https:\/\/ohmondessin.com\/index.php\/wp-json\/wp\/v2\/media\/6968"}],"wp:attachment":[{"href":"https:\/\/ohmondessin.com\/index.php\/wp-json\/wp\/v2\/media?parent=6971"}],"wp:term":[{"taxonomy":"product_brand","embeddable":true,"href":"https:\/\/ohmondessin.com\/index.php\/wp-json\/wp\/v2\/product_brand?post=6971"},{"taxonomy":"product_cat","embeddable":true,"href":"https:\/\/ohmondessin.com\/index.php\/wp-json\/wp\/v2\/product_cat?post=6971"},{"taxonomy":"product_tag","embeddable":true,"href":"https:\/\/ohmondessin.com\/index.php\/wp-json\/wp\/v2\/product_tag?post=6971"}],"curies":[{"name":"wp","href":"https:\/\/api.w.org\/{rel}","templated":true}]}}