{"id":7017,"date":"2024-07-01T16:49:57","date_gmt":"2024-07-01T16:49:57","guid":{"rendered":"https:\/\/ohmondessin.com\/?post_type=product&#038;p=7017"},"modified":"2026-01-15T00:01:51","modified_gmt":"2026-01-15T00:01:51","slug":"mug-en-acier-emaille-bords-noirs-la-parisienne","status":"publish","type":"product","link":"https:\/\/ohmondessin.com\/index.php\/product\/mug-en-acier-emaille-bords-noirs-la-parisienne\/","title":{"rendered":"Mug en acier \u00e9maill\u00e9 bords noirs La Parisienne"},"content":{"rendered":"<p>Mug en acier \u00e9maill\u00e9, \u00e0 emporter partout !<\/p>\n<p>Contenance: 284 ml<\/p>\n<p>Conseil d&rsquo;utilisation : Ce mug n&rsquo;est pas adapt\u00e9 au micro-onde mais il passe au lave-vaisselle !<\/p>\n","protected":false},"excerpt":{"rendered":"<div class=\"wrapper_desc_content\">\n<div class=\"productDescription__block productDescription__bs\">\n<p>Le mug d&rsquo;une \u00e9l\u00e9gante Parisienne d\u00e9gustant un bon verre.<\/p>\n<p>\ud83c\uddeb\ud83c\uddf7 Produit imprim\u00e9 \u00e0 10 km de l&rsquo;atelier et exp\u00e9di\u00e9 avec amour<\/p>\n<\/div>\n<\/div>\n","protected":false},"featured_media":7013,"comment_status":"open","ping_status":"closed","template":"","meta":[],"product_brand":[],"product_cat":[1235,780,117,130,128],"product_tag":[138,567,826,886,541,885,878,118,882,875,831,355,883,881,876,879,884,880],"class_list":{"0":"post-7017","1":"product","2":"type-product","3":"status-publish","4":"has-post-thumbnail","6":"product_cat-guide-cadeaux-de-noel","7":"product_cat-maison","8":"product_cat-mugs-tasses","9":"product_cat-mugs-emailles-mug","10":"product_cat-mugs-emailles","11":"product_tag-affiche-paris","12":"product_tag-affiche-parisienne","13":"product_tag-cadeau-noel","14":"product_tag-deco-paris","15":"product_tag-illustration-paris","16":"product_tag-illustration-parisienne","17":"product_tag-illustration-souris","18":"product_tag-mug-emaille","19":"product_tag-mug-paris","20":"product_tag-mug-tea","21":"product_tag-mug-the","22":"product_tag-parisienne","23":"product_tag-tasse-paris","24":"product_tag-tasse-souris","25":"product_tag-tea-time","26":"product_tag-the-mug","27":"product_tag-the-paris","28":"product_tag-the-tasse","29":"product_shipping_class-mugs","31":"first","32":"instock","33":"featured","34":"taxable","35":"shipping-taxable","36":"purchasable","37":"product-type-simple"},"yoast_head":"<!-- This site is optimized with the Yoast SEO plugin v24.6 - https:\/\/yoast.com\/wordpress\/plugins\/seo\/ -->\n<title>Mug en acier \u00e9maill\u00e9 bords noirs La Parisienne - ohmondessin.com<\/title>\n<meta name=\"robots\" content=\"index, follow, max-snippet:-1, max-image-preview:large, max-video-preview:-1\" \/>\n<link rel=\"canonical\" href=\"https:\/\/ohmondessin.com\/index.php\/product\/mug-en-acier-emaille-bords-noirs-la-parisienne\/\" \/>\n<meta property=\"og:locale\" content=\"fr_FR\" \/>\n<meta property=\"og:type\" content=\"article\" \/>\n<meta property=\"og:title\" content=\"Mug en acier \u00e9maill\u00e9 bords noirs La Parisienne - ohmondessin.com\" \/>\n<meta property=\"og:description\" content=\"Le mug d&#039;une \u00e9l\u00e9gante Parisienne d\u00e9gustant un bon verre.  \ud83c\uddeb\ud83c\uddf7 Produit imprim\u00e9 \u00e0 10 km de l&#039;atelier et exp\u00e9di\u00e9 avec amour\" \/>\n<meta property=\"og:url\" content=\"https:\/\/ohmondessin.com\/index.php\/product\/mug-en-acier-emaille-bords-noirs-la-parisienne\/\" \/>\n<meta property=\"og:site_name\" content=\"ohmondessin.com\" \/>\n<meta property=\"article:publisher\" content=\"https:\/\/www.facebook.com\/Ohmondessin\" \/>\n<meta property=\"article:modified_time\" content=\"2026-01-15T00:01:51+00:00\" \/>\n<meta property=\"og:image\" content=\"http:\/\/ohmondessin.com\/wp-content\/uploads\/2023\/12\/mug-parisienne.jpg\" \/>\n\t<meta property=\"og:image:width\" content=\"1200\" \/>\n\t<meta property=\"og:image:height\" content=\"1200\" \/>\n\t<meta property=\"og:image:type\" content=\"image\/jpeg\" \/>\n<meta name=\"twitter:card\" content=\"summary_large_image\" \/>\n<meta name=\"twitter:label1\" content=\"Dur\u00e9e de lecture estim\u00e9e\" \/>\n\t<meta name=\"twitter:data1\" content=\"1 minute\" \/>\n<script type=\"application\/ld+json\" class=\"yoast-schema-graph\">{\"@context\":\"https:\/\/schema.org\",\"@graph\":[{\"@type\":\"WebPage\",\"@id\":\"https:\/\/ohmondessin.com\/index.php\/product\/mug-en-acier-emaille-bords-noirs-la-parisienne\/\",\"url\":\"https:\/\/ohmondessin.com\/index.php\/product\/mug-en-acier-emaille-bords-noirs-la-parisienne\/\",\"name\":\"Mug en acier \u00e9maill\u00e9 bords noirs La Parisienne - ohmondessin.com\",\"isPartOf\":{\"@id\":\"https:\/\/ohmondessin.com\/#website\"},\"primaryImageOfPage\":{\"@id\":\"https:\/\/ohmondessin.com\/index.php\/product\/mug-en-acier-emaille-bords-noirs-la-parisienne\/#primaryimage\"},\"image\":{\"@id\":\"https:\/\/ohmondessin.com\/index.php\/product\/mug-en-acier-emaille-bords-noirs-la-parisienne\/#primaryimage\"},\"thumbnailUrl\":\"https:\/\/ohmondessin.com\/wp-content\/uploads\/2023\/12\/mug-parisienne.jpg\",\"datePublished\":\"2024-07-01T16:49:57+00:00\",\"dateModified\":\"2026-01-15T00:01:51+00:00\",\"breadcrumb\":{\"@id\":\"https:\/\/ohmondessin.com\/index.php\/product\/mug-en-acier-emaille-bords-noirs-la-parisienne\/#breadcrumb\"},\"inLanguage\":\"fr-FR\",\"potentialAction\":[{\"@type\":\"ReadAction\",\"target\":[\"https:\/\/ohmondessin.com\/index.php\/product\/mug-en-acier-emaille-bords-noirs-la-parisienne\/\"]}]},{\"@type\":\"ImageObject\",\"inLanguage\":\"fr-FR\",\"@id\":\"https:\/\/ohmondessin.com\/index.php\/product\/mug-en-acier-emaille-bords-noirs-la-parisienne\/#primaryimage\",\"url\":\"https:\/\/ohmondessin.com\/wp-content\/uploads\/2023\/12\/mug-parisienne.jpg\",\"contentUrl\":\"https:\/\/ohmondessin.com\/wp-content\/uploads\/2023\/12\/mug-parisienne.jpg\",\"width\":1200,\"height\":1200},{\"@type\":\"BreadcrumbList\",\"@id\":\"https:\/\/ohmondessin.com\/index.php\/product\/mug-en-acier-emaille-bords-noirs-la-parisienne\/#breadcrumb\",\"itemListElement\":[{\"@type\":\"ListItem\",\"position\":1,\"name\":\"Accueil\",\"item\":\"https:\/\/ohmondessin.com\/\"},{\"@type\":\"ListItem\",\"position\":2,\"name\":\"La boutique\",\"item\":\"https:\/\/ohmondessin.com\/index.php\/la-boutique\/\"},{\"@type\":\"ListItem\",\"position\":3,\"name\":\"Mug en acier \u00e9maill\u00e9 bords noirs La Parisienne\"}]},{\"@type\":\"WebSite\",\"@id\":\"https:\/\/ohmondessin.com\/#website\",\"url\":\"https:\/\/ohmondessin.com\/\",\"name\":\"ohmondessin.com\",\"description\":\"De l\u2019illustration et du fait-main\",\"publisher\":{\"@id\":\"https:\/\/ohmondessin.com\/#organization\"},\"potentialAction\":[{\"@type\":\"SearchAction\",\"target\":{\"@type\":\"EntryPoint\",\"urlTemplate\":\"https:\/\/ohmondessin.com\/?s={search_term_string}\"},\"query-input\":{\"@type\":\"PropertyValueSpecification\",\"valueRequired\":true,\"valueName\":\"search_term_string\"}}],\"inLanguage\":\"fr-FR\"},{\"@type\":\"Organization\",\"@id\":\"https:\/\/ohmondessin.com\/#organization\",\"name\":\"ohmondessin.com\",\"url\":\"https:\/\/ohmondessin.com\/\",\"logo\":{\"@type\":\"ImageObject\",\"inLanguage\":\"fr-FR\",\"@id\":\"https:\/\/ohmondessin.com\/#\/schema\/logo\/image\/\",\"url\":\"https:\/\/ohmondessin.com\/wp-content\/uploads\/2023\/01\/logo_OHMD-dark.png\",\"contentUrl\":\"https:\/\/ohmondessin.com\/wp-content\/uploads\/2023\/01\/logo_OHMD-dark.png\",\"width\":500,\"height\":500,\"caption\":\"ohmondessin.com\"},\"image\":{\"@id\":\"https:\/\/ohmondessin.com\/#\/schema\/logo\/image\/\"},\"sameAs\":[\"https:\/\/www.facebook.com\/Ohmondessin\",\"https:\/\/www.instagram.com\/ohmondessin\/\"]}]}<\/script>\n<!-- \/ Yoast SEO plugin. -->","yoast_head_json":{"title":"Mug en acier \u00e9maill\u00e9 bords noirs La Parisienne - ohmondessin.com","robots":{"index":"index","follow":"follow","max-snippet":"max-snippet:-1","max-image-preview":"max-image-preview:large","max-video-preview":"max-video-preview:-1"},"canonical":"https:\/\/ohmondessin.com\/index.php\/product\/mug-en-acier-emaille-bords-noirs-la-parisienne\/","og_locale":"fr_FR","og_type":"article","og_title":"Mug en acier \u00e9maill\u00e9 bords noirs La Parisienne - ohmondessin.com","og_description":"Le mug d'une \u00e9l\u00e9gante Parisienne d\u00e9gustant un bon verre.  \ud83c\uddeb\ud83c\uddf7 Produit imprim\u00e9 \u00e0 10 km de l'atelier et exp\u00e9di\u00e9 avec amour","og_url":"https:\/\/ohmondessin.com\/index.php\/product\/mug-en-acier-emaille-bords-noirs-la-parisienne\/","og_site_name":"ohmondessin.com","article_publisher":"https:\/\/www.facebook.com\/Ohmondessin","article_modified_time":"2026-01-15T00:01:51+00:00","og_image":[{"width":1200,"height":1200,"url":"http:\/\/ohmondessin.com\/wp-content\/uploads\/2023\/12\/mug-parisienne.jpg","type":"image\/jpeg"}],"twitter_card":"summary_large_image","twitter_misc":{"Dur\u00e9e de lecture estim\u00e9e":"1 minute"},"schema":{"@context":"https:\/\/schema.org","@graph":[{"@type":"WebPage","@id":"https:\/\/ohmondessin.com\/index.php\/product\/mug-en-acier-emaille-bords-noirs-la-parisienne\/","url":"https:\/\/ohmondessin.com\/index.php\/product\/mug-en-acier-emaille-bords-noirs-la-parisienne\/","name":"Mug en acier \u00e9maill\u00e9 bords noirs La Parisienne - ohmondessin.com","isPartOf":{"@id":"https:\/\/ohmondessin.com\/#website"},"primaryImageOfPage":{"@id":"https:\/\/ohmondessin.com\/index.php\/product\/mug-en-acier-emaille-bords-noirs-la-parisienne\/#primaryimage"},"image":{"@id":"https:\/\/ohmondessin.com\/index.php\/product\/mug-en-acier-emaille-bords-noirs-la-parisienne\/#primaryimage"},"thumbnailUrl":"https:\/\/ohmondessin.com\/wp-content\/uploads\/2023\/12\/mug-parisienne.jpg","datePublished":"2024-07-01T16:49:57+00:00","dateModified":"2026-01-15T00:01:51+00:00","breadcrumb":{"@id":"https:\/\/ohmondessin.com\/index.php\/product\/mug-en-acier-emaille-bords-noirs-la-parisienne\/#breadcrumb"},"inLanguage":"fr-FR","potentialAction":[{"@type":"ReadAction","target":["https:\/\/ohmondessin.com\/index.php\/product\/mug-en-acier-emaille-bords-noirs-la-parisienne\/"]}]},{"@type":"ImageObject","inLanguage":"fr-FR","@id":"https:\/\/ohmondessin.com\/index.php\/product\/mug-en-acier-emaille-bords-noirs-la-parisienne\/#primaryimage","url":"https:\/\/ohmondessin.com\/wp-content\/uploads\/2023\/12\/mug-parisienne.jpg","contentUrl":"https:\/\/ohmondessin.com\/wp-content\/uploads\/2023\/12\/mug-parisienne.jpg","width":1200,"height":1200},{"@type":"BreadcrumbList","@id":"https:\/\/ohmondessin.com\/index.php\/product\/mug-en-acier-emaille-bords-noirs-la-parisienne\/#breadcrumb","itemListElement":[{"@type":"ListItem","position":1,"name":"Accueil","item":"https:\/\/ohmondessin.com\/"},{"@type":"ListItem","position":2,"name":"La boutique","item":"https:\/\/ohmondessin.com\/index.php\/la-boutique\/"},{"@type":"ListItem","position":3,"name":"Mug en acier \u00e9maill\u00e9 bords noirs La Parisienne"}]},{"@type":"WebSite","@id":"https:\/\/ohmondessin.com\/#website","url":"https:\/\/ohmondessin.com\/","name":"ohmondessin.com","description":"De l\u2019illustration et du fait-main","publisher":{"@id":"https:\/\/ohmondessin.com\/#organization"},"potentialAction":[{"@type":"SearchAction","target":{"@type":"EntryPoint","urlTemplate":"https:\/\/ohmondessin.com\/?s={search_term_string}"},"query-input":{"@type":"PropertyValueSpecification","valueRequired":true,"valueName":"search_term_string"}}],"inLanguage":"fr-FR"},{"@type":"Organization","@id":"https:\/\/ohmondessin.com\/#organization","name":"ohmondessin.com","url":"https:\/\/ohmondessin.com\/","logo":{"@type":"ImageObject","inLanguage":"fr-FR","@id":"https:\/\/ohmondessin.com\/#\/schema\/logo\/image\/","url":"https:\/\/ohmondessin.com\/wp-content\/uploads\/2023\/01\/logo_OHMD-dark.png","contentUrl":"https:\/\/ohmondessin.com\/wp-content\/uploads\/2023\/01\/logo_OHMD-dark.png","width":500,"height":500,"caption":"ohmondessin.com"},"image":{"@id":"https:\/\/ohmondessin.com\/#\/schema\/logo\/image\/"},"sameAs":["https:\/\/www.facebook.com\/Ohmondessin","https:\/\/www.instagram.com\/ohmondessin\/"]}]}},"jetpack_sharing_enabled":true,"_links":{"self":[{"href":"https:\/\/ohmondessin.com\/index.php\/wp-json\/wp\/v2\/product\/7017","targetHints":{"allow":["GET"]}}],"collection":[{"href":"https:\/\/ohmondessin.com\/index.php\/wp-json\/wp\/v2\/product"}],"about":[{"href":"https:\/\/ohmondessin.com\/index.php\/wp-json\/wp\/v2\/types\/product"}],"replies":[{"embeddable":true,"href":"https:\/\/ohmondessin.com\/index.php\/wp-json\/wp\/v2\/comments?post=7017"}],"wp:featuredmedia":[{"embeddable":true,"href":"https:\/\/ohmondessin.com\/index.php\/wp-json\/wp\/v2\/media\/7013"}],"wp:attachment":[{"href":"https:\/\/ohmondessin.com\/index.php\/wp-json\/wp\/v2\/media?parent=7017"}],"wp:term":[{"taxonomy":"product_brand","embeddable":true,"href":"https:\/\/ohmondessin.com\/index.php\/wp-json\/wp\/v2\/product_brand?post=7017"},{"taxonomy":"product_cat","embeddable":true,"href":"https:\/\/ohmondessin.com\/index.php\/wp-json\/wp\/v2\/product_cat?post=7017"},{"taxonomy":"product_tag","embeddable":true,"href":"https:\/\/ohmondessin.com\/index.php\/wp-json\/wp\/v2\/product_tag?post=7017"}],"curies":[{"name":"wp","href":"https:\/\/api.w.org\/{rel}","templated":true}]}}