{"id":7061,"date":"2024-08-18T14:30:57","date_gmt":"2024-08-18T14:30:57","guid":{"rendered":"https:\/\/ohmondessin.com\/?post_type=product&#038;p=7061"},"modified":"2025-10-01T08:07:58","modified_gmt":"2025-10-01T08:07:58","slug":"carnet-de-poche-bouquet","status":"publish","type":"product","link":"https:\/\/ohmondessin.com\/index.php\/product\/carnet-de-poche-bouquet\/","title":{"rendered":"Carnet de Poche Bouquet"},"content":{"rendered":"<dl class=\"flowtabs product-tab\" data-settings=\"{&quot;height&quot;:true}\">\n<dd class=\"tab1 tabs-block active\">\u2728 Carnet de poche aux coins arrondis, format 9 x 12,5 cm<\/p>\n<p>\u2728 Fabrication fran\u00e7aise sur papier offset recycl\u00e9 90 g &#8211; de la couverture \u00e0 l&rsquo;int\u00e9rieur du carnet !<\/p>\n<p>\u2728 48 pages pour \u00e9crire et dessiner<\/p>\n<p>&nbsp;<\/dd>\n<\/dl>\n","protected":false},"excerpt":{"rendered":"<p>Un joli carnet repr\u00e9sentant un bouquet de lilas (une de mes fleurs pr\u00e9f\u00e9r\u00e9es !)<\/p>\n<p>Fabriqu\u00e9 en France sur un tr\u00e8s beau papier recycl\u00e9.<\/p>\n<p>Avec son format facile \u00e0 glisser dans un sac ou dans une poche, ce petit carnet vous permettra de noter ou dessiner toutes vos id\u00e9es ! Il sera le meilleur des alli\u00e9s pour votre quotidien et organiser vos journ\u00e9es.<\/p>\n<p>Le carnet Bouquet a \u00e9t\u00e9 produit de mani\u00e8re \u00e9co-responsable.<\/p>\n","protected":false},"featured_media":7062,"comment_status":"open","ping_status":"closed","template":"","meta":[],"product_brand":[],"product_cat":[1358,1235,729,964],"product_tag":[965,982,968,983,967,969,1069,1068,1072,961,1070,1071,984,981,997,970,985],"class_list":{"0":"post-7061","1":"product","2":"type-product","3":"status-publish","4":"has-post-thumbnail","6":"product_cat-carnets-de-poche","7":"product_cat-guide-cadeaux-de-noel","8":"product_cat-papeterie","9":"product_cat-carnets","10":"product_tag-carnet","11":"product_tag-carnet-de-notes","12":"product_tag-carnet-fait-en-france","13":"product_tag-carnet-fleurs","14":"product_tag-carnet-papeterie","15":"product_tag-eco-responsable","16":"product_tag-fleur","17":"product_tag-fleurs-illustration","18":"product_tag-illustration-lilas","19":"product_tag-illustration-printemps","20":"product_tag-lilas","21":"product_tag-lilas-fleurs","22":"product_tag-motif-fleurs","23":"product_tag-papeterie-chat","24":"product_tag-papeterie-fleurs","25":"product_tag-papier-recycle","26":"product_tag-pattern-chat","28":"first","29":"outofstock","30":"purchasable","31":"product-type-simple"},"yoast_head":"<!-- This site is optimized with the Yoast SEO plugin v24.6 - https:\/\/yoast.com\/wordpress\/plugins\/seo\/ -->\n<title>Carnet de Poche Bouquet - ohmondessin.com<\/title>\n<meta name=\"robots\" content=\"index, follow, max-snippet:-1, max-image-preview:large, max-video-preview:-1\" \/>\n<link rel=\"canonical\" href=\"https:\/\/ohmondessin.com\/index.php\/product\/carnet-de-poche-bouquet\/\" \/>\n<meta property=\"og:locale\" content=\"fr_FR\" \/>\n<meta property=\"og:type\" content=\"article\" \/>\n<meta property=\"og:title\" content=\"Carnet de Poche Bouquet - ohmondessin.com\" \/>\n<meta property=\"og:description\" content=\"Un joli carnet repr\u00e9sentant un bouquet de lilas (une de mes fleurs pr\u00e9f\u00e9r\u00e9es !)  Fabriqu\u00e9 en France sur un tr\u00e8s beau papier recycl\u00e9.  Avec son format facile \u00e0 glisser dans un sac ou dans une poche, ce petit carnet vous permettra de noter ou dessiner toutes vos id\u00e9es ! Il sera le meilleur des alli\u00e9s pour votre quotidien et organiser vos journ\u00e9es.  Le carnet Bouquet a \u00e9t\u00e9 produit de mani\u00e8re \u00e9co-responsable.\" \/>\n<meta property=\"og:url\" content=\"https:\/\/ohmondessin.com\/index.php\/product\/carnet-de-poche-bouquet\/\" \/>\n<meta property=\"og:site_name\" content=\"ohmondessin.com\" \/>\n<meta property=\"article:publisher\" content=\"https:\/\/www.facebook.com\/Ohmondessin\" \/>\n<meta property=\"article:modified_time\" content=\"2025-10-01T08:07:58+00:00\" \/>\n<meta property=\"og:image\" content=\"http:\/\/ohmondessin.com\/wp-content\/uploads\/2024\/08\/bouquet_1-scaled.jpg\" \/>\n\t<meta property=\"og:image:width\" content=\"2560\" \/>\n\t<meta property=\"og:image:height\" content=\"2560\" \/>\n\t<meta property=\"og:image:type\" content=\"image\/jpeg\" \/>\n<meta name=\"twitter:card\" content=\"summary_large_image\" \/>\n<meta name=\"twitter:label1\" content=\"Dur\u00e9e de lecture estim\u00e9e\" \/>\n\t<meta name=\"twitter:data1\" content=\"1 minute\" \/>\n<script type=\"application\/ld+json\" class=\"yoast-schema-graph\">{\"@context\":\"https:\/\/schema.org\",\"@graph\":[{\"@type\":\"WebPage\",\"@id\":\"https:\/\/ohmondessin.com\/index.php\/product\/carnet-de-poche-bouquet\/\",\"url\":\"https:\/\/ohmondessin.com\/index.php\/product\/carnet-de-poche-bouquet\/\",\"name\":\"Carnet de Poche Bouquet - ohmondessin.com\",\"isPartOf\":{\"@id\":\"https:\/\/ohmondessin.com\/#website\"},\"primaryImageOfPage\":{\"@id\":\"https:\/\/ohmondessin.com\/index.php\/product\/carnet-de-poche-bouquet\/#primaryimage\"},\"image\":{\"@id\":\"https:\/\/ohmondessin.com\/index.php\/product\/carnet-de-poche-bouquet\/#primaryimage\"},\"thumbnailUrl\":\"https:\/\/ohmondessin.com\/wp-content\/uploads\/2024\/08\/bouquet_1-scaled.jpg\",\"datePublished\":\"2024-08-18T14:30:57+00:00\",\"dateModified\":\"2025-10-01T08:07:58+00:00\",\"breadcrumb\":{\"@id\":\"https:\/\/ohmondessin.com\/index.php\/product\/carnet-de-poche-bouquet\/#breadcrumb\"},\"inLanguage\":\"fr-FR\",\"potentialAction\":[{\"@type\":\"ReadAction\",\"target\":[\"https:\/\/ohmondessin.com\/index.php\/product\/carnet-de-poche-bouquet\/\"]}]},{\"@type\":\"ImageObject\",\"inLanguage\":\"fr-FR\",\"@id\":\"https:\/\/ohmondessin.com\/index.php\/product\/carnet-de-poche-bouquet\/#primaryimage\",\"url\":\"https:\/\/ohmondessin.com\/wp-content\/uploads\/2024\/08\/bouquet_1-scaled.jpg\",\"contentUrl\":\"https:\/\/ohmondessin.com\/wp-content\/uploads\/2024\/08\/bouquet_1-scaled.jpg\",\"width\":2560,\"height\":2560},{\"@type\":\"BreadcrumbList\",\"@id\":\"https:\/\/ohmondessin.com\/index.php\/product\/carnet-de-poche-bouquet\/#breadcrumb\",\"itemListElement\":[{\"@type\":\"ListItem\",\"position\":1,\"name\":\"Accueil\",\"item\":\"https:\/\/ohmondessin.com\/\"},{\"@type\":\"ListItem\",\"position\":2,\"name\":\"La boutique\",\"item\":\"https:\/\/ohmondessin.com\/index.php\/la-boutique\/\"},{\"@type\":\"ListItem\",\"position\":3,\"name\":\"Carnet de Poche Bouquet\"}]},{\"@type\":\"WebSite\",\"@id\":\"https:\/\/ohmondessin.com\/#website\",\"url\":\"https:\/\/ohmondessin.com\/\",\"name\":\"ohmondessin.com\",\"description\":\"De l\u2019illustration et du fait-main\",\"publisher\":{\"@id\":\"https:\/\/ohmondessin.com\/#organization\"},\"potentialAction\":[{\"@type\":\"SearchAction\",\"target\":{\"@type\":\"EntryPoint\",\"urlTemplate\":\"https:\/\/ohmondessin.com\/?s={search_term_string}\"},\"query-input\":{\"@type\":\"PropertyValueSpecification\",\"valueRequired\":true,\"valueName\":\"search_term_string\"}}],\"inLanguage\":\"fr-FR\"},{\"@type\":\"Organization\",\"@id\":\"https:\/\/ohmondessin.com\/#organization\",\"name\":\"ohmondessin.com\",\"url\":\"https:\/\/ohmondessin.com\/\",\"logo\":{\"@type\":\"ImageObject\",\"inLanguage\":\"fr-FR\",\"@id\":\"https:\/\/ohmondessin.com\/#\/schema\/logo\/image\/\",\"url\":\"https:\/\/ohmondessin.com\/wp-content\/uploads\/2023\/01\/logo_OHMD-dark.png\",\"contentUrl\":\"https:\/\/ohmondessin.com\/wp-content\/uploads\/2023\/01\/logo_OHMD-dark.png\",\"width\":500,\"height\":500,\"caption\":\"ohmondessin.com\"},\"image\":{\"@id\":\"https:\/\/ohmondessin.com\/#\/schema\/logo\/image\/\"},\"sameAs\":[\"https:\/\/www.facebook.com\/Ohmondessin\",\"https:\/\/www.instagram.com\/ohmondessin\/\"]}]}<\/script>\n<!-- \/ Yoast SEO plugin. -->","yoast_head_json":{"title":"Carnet de Poche Bouquet - ohmondessin.com","robots":{"index":"index","follow":"follow","max-snippet":"max-snippet:-1","max-image-preview":"max-image-preview:large","max-video-preview":"max-video-preview:-1"},"canonical":"https:\/\/ohmondessin.com\/index.php\/product\/carnet-de-poche-bouquet\/","og_locale":"fr_FR","og_type":"article","og_title":"Carnet de Poche Bouquet - ohmondessin.com","og_description":"Un joli carnet repr\u00e9sentant un bouquet de lilas (une de mes fleurs pr\u00e9f\u00e9r\u00e9es !)  Fabriqu\u00e9 en France sur un tr\u00e8s beau papier recycl\u00e9.  Avec son format facile \u00e0 glisser dans un sac ou dans une poche, ce petit carnet vous permettra de noter ou dessiner toutes vos id\u00e9es ! Il sera le meilleur des alli\u00e9s pour votre quotidien et organiser vos journ\u00e9es.  Le carnet Bouquet a \u00e9t\u00e9 produit de mani\u00e8re \u00e9co-responsable.","og_url":"https:\/\/ohmondessin.com\/index.php\/product\/carnet-de-poche-bouquet\/","og_site_name":"ohmondessin.com","article_publisher":"https:\/\/www.facebook.com\/Ohmondessin","article_modified_time":"2025-10-01T08:07:58+00:00","og_image":[{"width":2560,"height":2560,"url":"http:\/\/ohmondessin.com\/wp-content\/uploads\/2024\/08\/bouquet_1-scaled.jpg","type":"image\/jpeg"}],"twitter_card":"summary_large_image","twitter_misc":{"Dur\u00e9e de lecture estim\u00e9e":"1 minute"},"schema":{"@context":"https:\/\/schema.org","@graph":[{"@type":"WebPage","@id":"https:\/\/ohmondessin.com\/index.php\/product\/carnet-de-poche-bouquet\/","url":"https:\/\/ohmondessin.com\/index.php\/product\/carnet-de-poche-bouquet\/","name":"Carnet de Poche Bouquet - ohmondessin.com","isPartOf":{"@id":"https:\/\/ohmondessin.com\/#website"},"primaryImageOfPage":{"@id":"https:\/\/ohmondessin.com\/index.php\/product\/carnet-de-poche-bouquet\/#primaryimage"},"image":{"@id":"https:\/\/ohmondessin.com\/index.php\/product\/carnet-de-poche-bouquet\/#primaryimage"},"thumbnailUrl":"https:\/\/ohmondessin.com\/wp-content\/uploads\/2024\/08\/bouquet_1-scaled.jpg","datePublished":"2024-08-18T14:30:57+00:00","dateModified":"2025-10-01T08:07:58+00:00","breadcrumb":{"@id":"https:\/\/ohmondessin.com\/index.php\/product\/carnet-de-poche-bouquet\/#breadcrumb"},"inLanguage":"fr-FR","potentialAction":[{"@type":"ReadAction","target":["https:\/\/ohmondessin.com\/index.php\/product\/carnet-de-poche-bouquet\/"]}]},{"@type":"ImageObject","inLanguage":"fr-FR","@id":"https:\/\/ohmondessin.com\/index.php\/product\/carnet-de-poche-bouquet\/#primaryimage","url":"https:\/\/ohmondessin.com\/wp-content\/uploads\/2024\/08\/bouquet_1-scaled.jpg","contentUrl":"https:\/\/ohmondessin.com\/wp-content\/uploads\/2024\/08\/bouquet_1-scaled.jpg","width":2560,"height":2560},{"@type":"BreadcrumbList","@id":"https:\/\/ohmondessin.com\/index.php\/product\/carnet-de-poche-bouquet\/#breadcrumb","itemListElement":[{"@type":"ListItem","position":1,"name":"Accueil","item":"https:\/\/ohmondessin.com\/"},{"@type":"ListItem","position":2,"name":"La boutique","item":"https:\/\/ohmondessin.com\/index.php\/la-boutique\/"},{"@type":"ListItem","position":3,"name":"Carnet de Poche Bouquet"}]},{"@type":"WebSite","@id":"https:\/\/ohmondessin.com\/#website","url":"https:\/\/ohmondessin.com\/","name":"ohmondessin.com","description":"De l\u2019illustration et du fait-main","publisher":{"@id":"https:\/\/ohmondessin.com\/#organization"},"potentialAction":[{"@type":"SearchAction","target":{"@type":"EntryPoint","urlTemplate":"https:\/\/ohmondessin.com\/?s={search_term_string}"},"query-input":{"@type":"PropertyValueSpecification","valueRequired":true,"valueName":"search_term_string"}}],"inLanguage":"fr-FR"},{"@type":"Organization","@id":"https:\/\/ohmondessin.com\/#organization","name":"ohmondessin.com","url":"https:\/\/ohmondessin.com\/","logo":{"@type":"ImageObject","inLanguage":"fr-FR","@id":"https:\/\/ohmondessin.com\/#\/schema\/logo\/image\/","url":"https:\/\/ohmondessin.com\/wp-content\/uploads\/2023\/01\/logo_OHMD-dark.png","contentUrl":"https:\/\/ohmondessin.com\/wp-content\/uploads\/2023\/01\/logo_OHMD-dark.png","width":500,"height":500,"caption":"ohmondessin.com"},"image":{"@id":"https:\/\/ohmondessin.com\/#\/schema\/logo\/image\/"},"sameAs":["https:\/\/www.facebook.com\/Ohmondessin","https:\/\/www.instagram.com\/ohmondessin\/"]}]}},"jetpack_sharing_enabled":true,"_links":{"self":[{"href":"https:\/\/ohmondessin.com\/index.php\/wp-json\/wp\/v2\/product\/7061","targetHints":{"allow":["GET"]}}],"collection":[{"href":"https:\/\/ohmondessin.com\/index.php\/wp-json\/wp\/v2\/product"}],"about":[{"href":"https:\/\/ohmondessin.com\/index.php\/wp-json\/wp\/v2\/types\/product"}],"replies":[{"embeddable":true,"href":"https:\/\/ohmondessin.com\/index.php\/wp-json\/wp\/v2\/comments?post=7061"}],"wp:featuredmedia":[{"embeddable":true,"href":"https:\/\/ohmondessin.com\/index.php\/wp-json\/wp\/v2\/media\/7062"}],"wp:attachment":[{"href":"https:\/\/ohmondessin.com\/index.php\/wp-json\/wp\/v2\/media?parent=7061"}],"wp:term":[{"taxonomy":"product_brand","embeddable":true,"href":"https:\/\/ohmondessin.com\/index.php\/wp-json\/wp\/v2\/product_brand?post=7061"},{"taxonomy":"product_cat","embeddable":true,"href":"https:\/\/ohmondessin.com\/index.php\/wp-json\/wp\/v2\/product_cat?post=7061"},{"taxonomy":"product_tag","embeddable":true,"href":"https:\/\/ohmondessin.com\/index.php\/wp-json\/wp\/v2\/product_tag?post=7061"}],"curies":[{"name":"wp","href":"https:\/\/api.w.org\/{rel}","templated":true}]}}