{"id":7188,"date":"2024-08-28T14:55:12","date_gmt":"2024-08-28T14:55:12","guid":{"rendered":"https:\/\/ohmondessin.com\/?post_type=product&#038;p=7188"},"modified":"2026-01-15T00:01:50","modified_gmt":"2026-01-15T00:01:50","slug":"planificateur-hebdomadaire-la-parisienne-2","status":"publish","type":"product","link":"https:\/\/ohmondessin.com\/index.php\/product\/planificateur-hebdomadaire-la-parisienne-2\/","title":{"rendered":"Planificateur hebdomadaire La Parisienne"},"content":{"rendered":"<dl class=\"flowtabs product-tab\" data-settings=\"{&quot;height&quot;:true}\">\n<dd class=\"tab1 tabs-block active\">\u2728 Format 21 x 29,7cm<\/p>\n<p>\u2728 Planning du Lundi au Dimanche<\/p>\n<p>\u2728 Fabrication fran\u00e7aise sur papier offset recycl\u00e9<\/p>\n<p>\u2728 50 feuilles pour bien planifier votre semaine<\/p>\n<p>&nbsp;<\/dd>\n<\/dl>\n","protected":false},"excerpt":{"rendered":"<p>Pour une ann\u00e9e bien organis\u00e9e !<\/p>\n<p>Avec ses 50 feuilles, ce planificateur hebdomadaire vous accompagnera tout au long de l&rsquo;ann\u00e9e.<\/p>\n<p>Les pages sont joliment illustr\u00e9es, elles comportent tous les jours de la semaine et un espace a \u00e9t\u00e9 pr\u00e9vu pour votre to-do et g\u00e9rer vos priorit\u00e9s.<\/p>\n<p>Fabriqu\u00e9 en France sur un tr\u00e8s beau papier recycl\u00e9.<\/p>\n<p>Ce planning a \u00e9t\u00e9 produit de mani\u00e8re \u00e9co-responsable et le motif existe \u00e9galement sur carnet et bloc-notes.<\/p>\n","protected":false},"featured_media":7178,"comment_status":"open","ping_status":"closed","template":"","meta":[],"product_brand":[],"product_cat":[1091,729],"product_tag":[1101,1105,978,1073,969,1069,1112,342,763,1072,541,885,984,981,1076,997,1111,970,355,1097,1109,1110,1092,1093,1095,1094,1099,1102,1096,1106,1107,1108],"class_list":{"0":"post-7188","1":"product","2":"type-product","3":"status-publish","4":"has-post-thumbnail","6":"product_cat-blocs-semainiers","7":"product_cat-papeterie","8":"product_tag-agenda-made-in-france","9":"product_tag-agenda-parisienne","10":"product_tag-carnet-paris","11":"product_tag-carnet-parisienne","12":"product_tag-eco-responsable","13":"product_tag-fleur","14":"product_tag-fleurs-lilas","15":"product_tag-illustration-chat","16":"product_tag-illustration-fleurs","17":"product_tag-illustration-lilas","18":"product_tag-illustration-paris","19":"product_tag-illustration-parisienne","20":"product_tag-motif-fleurs","21":"product_tag-papeterie-chat","22":"product_tag-papeterie-femme","23":"product_tag-papeterie-fleurs","24":"product_tag-papeterie-lilas","25":"product_tag-papier-recycle","26":"product_tag-parisienne","27":"product_tag-planificateur-hebdomadaire-enfant","28":"product_tag-planificateur-hebdomadaire-paris","29":"product_tag-planificateur-hebdomadaire-parisienne","30":"product_tag-planner","31":"product_tag-planner-enfant","32":"product_tag-planning-ado","33":"product_tag-planning-enfant","34":"product_tag-planning-fleurs","35":"product_tag-planning-made-in-france","36":"product_tag-planning-maman","37":"product_tag-planning-paris","38":"product_tag-planning-parisienne","39":"product_tag-planning-tour-eiffel","41":"first","42":"instock","43":"purchasable","44":"product-type-simple"},"yoast_head":"<!-- This site is optimized with the Yoast SEO plugin v24.6 - https:\/\/yoast.com\/wordpress\/plugins\/seo\/ -->\n<title>Planificateur hebdomadaire La Parisienne - ohmondessin.com<\/title>\n<meta name=\"robots\" content=\"index, follow, max-snippet:-1, max-image-preview:large, max-video-preview:-1\" \/>\n<link rel=\"canonical\" href=\"https:\/\/ohmondessin.com\/index.php\/product\/planificateur-hebdomadaire-la-parisienne-2\/\" \/>\n<meta property=\"og:locale\" content=\"fr_FR\" \/>\n<meta property=\"og:type\" content=\"article\" \/>\n<meta property=\"og:title\" content=\"Planificateur hebdomadaire La Parisienne - ohmondessin.com\" \/>\n<meta property=\"og:description\" content=\"Pour une ann\u00e9e bien organis\u00e9e !  Avec ses 50 feuilles, ce planificateur hebdomadaire vous accompagnera tout au long de l&#039;ann\u00e9e.  Les pages sont joliment illustr\u00e9es, elles comportent tous les jours de la semaine et un espace a \u00e9t\u00e9 pr\u00e9vu pour votre to-do et g\u00e9rer vos priorit\u00e9s.  Fabriqu\u00e9 en France sur un tr\u00e8s beau papier recycl\u00e9.  Ce planning a \u00e9t\u00e9 produit de mani\u00e8re \u00e9co-responsable et le motif existe \u00e9galement sur carnet et bloc-notes.\" \/>\n<meta property=\"og:url\" content=\"https:\/\/ohmondessin.com\/index.php\/product\/planificateur-hebdomadaire-la-parisienne-2\/\" \/>\n<meta property=\"og:site_name\" content=\"ohmondessin.com\" \/>\n<meta property=\"article:publisher\" content=\"https:\/\/www.facebook.com\/Ohmondessin\" \/>\n<meta property=\"article:modified_time\" content=\"2026-01-15T00:01:50+00:00\" \/>\n<meta property=\"og:image\" content=\"http:\/\/ohmondessin.com\/wp-content\/uploads\/2024\/08\/planning-parisienne1-scaled.jpg\" \/>\n\t<meta property=\"og:image:width\" content=\"2560\" \/>\n\t<meta property=\"og:image:height\" content=\"2560\" \/>\n\t<meta property=\"og:image:type\" content=\"image\/jpeg\" \/>\n<meta name=\"twitter:card\" content=\"summary_large_image\" \/>\n<meta name=\"twitter:label1\" content=\"Dur\u00e9e de lecture estim\u00e9e\" \/>\n\t<meta name=\"twitter:data1\" content=\"1 minute\" \/>\n<script type=\"application\/ld+json\" class=\"yoast-schema-graph\">{\"@context\":\"https:\/\/schema.org\",\"@graph\":[{\"@type\":\"WebPage\",\"@id\":\"https:\/\/ohmondessin.com\/index.php\/product\/planificateur-hebdomadaire-la-parisienne-2\/\",\"url\":\"https:\/\/ohmondessin.com\/index.php\/product\/planificateur-hebdomadaire-la-parisienne-2\/\",\"name\":\"Planificateur hebdomadaire La Parisienne - ohmondessin.com\",\"isPartOf\":{\"@id\":\"https:\/\/ohmondessin.com\/#website\"},\"primaryImageOfPage\":{\"@id\":\"https:\/\/ohmondessin.com\/index.php\/product\/planificateur-hebdomadaire-la-parisienne-2\/#primaryimage\"},\"image\":{\"@id\":\"https:\/\/ohmondessin.com\/index.php\/product\/planificateur-hebdomadaire-la-parisienne-2\/#primaryimage\"},\"thumbnailUrl\":\"https:\/\/ohmondessin.com\/wp-content\/uploads\/2024\/08\/planning-parisienne1-scaled.jpg\",\"datePublished\":\"2024-08-28T14:55:12+00:00\",\"dateModified\":\"2026-01-15T00:01:50+00:00\",\"breadcrumb\":{\"@id\":\"https:\/\/ohmondessin.com\/index.php\/product\/planificateur-hebdomadaire-la-parisienne-2\/#breadcrumb\"},\"inLanguage\":\"fr-FR\",\"potentialAction\":[{\"@type\":\"ReadAction\",\"target\":[\"https:\/\/ohmondessin.com\/index.php\/product\/planificateur-hebdomadaire-la-parisienne-2\/\"]}]},{\"@type\":\"ImageObject\",\"inLanguage\":\"fr-FR\",\"@id\":\"https:\/\/ohmondessin.com\/index.php\/product\/planificateur-hebdomadaire-la-parisienne-2\/#primaryimage\",\"url\":\"https:\/\/ohmondessin.com\/wp-content\/uploads\/2024\/08\/planning-parisienne1-scaled.jpg\",\"contentUrl\":\"https:\/\/ohmondessin.com\/wp-content\/uploads\/2024\/08\/planning-parisienne1-scaled.jpg\",\"width\":2560,\"height\":2560},{\"@type\":\"BreadcrumbList\",\"@id\":\"https:\/\/ohmondessin.com\/index.php\/product\/planificateur-hebdomadaire-la-parisienne-2\/#breadcrumb\",\"itemListElement\":[{\"@type\":\"ListItem\",\"position\":1,\"name\":\"Accueil\",\"item\":\"https:\/\/ohmondessin.com\/\"},{\"@type\":\"ListItem\",\"position\":2,\"name\":\"La boutique\",\"item\":\"https:\/\/ohmondessin.com\/index.php\/la-boutique\/\"},{\"@type\":\"ListItem\",\"position\":3,\"name\":\"Planificateur hebdomadaire La Parisienne\"}]},{\"@type\":\"WebSite\",\"@id\":\"https:\/\/ohmondessin.com\/#website\",\"url\":\"https:\/\/ohmondessin.com\/\",\"name\":\"ohmondessin.com\",\"description\":\"De l\u2019illustration et du fait-main\",\"publisher\":{\"@id\":\"https:\/\/ohmondessin.com\/#organization\"},\"potentialAction\":[{\"@type\":\"SearchAction\",\"target\":{\"@type\":\"EntryPoint\",\"urlTemplate\":\"https:\/\/ohmondessin.com\/?s={search_term_string}\"},\"query-input\":{\"@type\":\"PropertyValueSpecification\",\"valueRequired\":true,\"valueName\":\"search_term_string\"}}],\"inLanguage\":\"fr-FR\"},{\"@type\":\"Organization\",\"@id\":\"https:\/\/ohmondessin.com\/#organization\",\"name\":\"ohmondessin.com\",\"url\":\"https:\/\/ohmondessin.com\/\",\"logo\":{\"@type\":\"ImageObject\",\"inLanguage\":\"fr-FR\",\"@id\":\"https:\/\/ohmondessin.com\/#\/schema\/logo\/image\/\",\"url\":\"https:\/\/ohmondessin.com\/wp-content\/uploads\/2023\/01\/logo_OHMD-dark.png\",\"contentUrl\":\"https:\/\/ohmondessin.com\/wp-content\/uploads\/2023\/01\/logo_OHMD-dark.png\",\"width\":500,\"height\":500,\"caption\":\"ohmondessin.com\"},\"image\":{\"@id\":\"https:\/\/ohmondessin.com\/#\/schema\/logo\/image\/\"},\"sameAs\":[\"https:\/\/www.facebook.com\/Ohmondessin\",\"https:\/\/www.instagram.com\/ohmondessin\/\"]}]}<\/script>\n<!-- \/ Yoast SEO plugin. -->","yoast_head_json":{"title":"Planificateur hebdomadaire La Parisienne - ohmondessin.com","robots":{"index":"index","follow":"follow","max-snippet":"max-snippet:-1","max-image-preview":"max-image-preview:large","max-video-preview":"max-video-preview:-1"},"canonical":"https:\/\/ohmondessin.com\/index.php\/product\/planificateur-hebdomadaire-la-parisienne-2\/","og_locale":"fr_FR","og_type":"article","og_title":"Planificateur hebdomadaire La Parisienne - ohmondessin.com","og_description":"Pour une ann\u00e9e bien organis\u00e9e !  Avec ses 50 feuilles, ce planificateur hebdomadaire vous accompagnera tout au long de l'ann\u00e9e.  Les pages sont joliment illustr\u00e9es, elles comportent tous les jours de la semaine et un espace a \u00e9t\u00e9 pr\u00e9vu pour votre to-do et g\u00e9rer vos priorit\u00e9s.  Fabriqu\u00e9 en France sur un tr\u00e8s beau papier recycl\u00e9.  Ce planning a \u00e9t\u00e9 produit de mani\u00e8re \u00e9co-responsable et le motif existe \u00e9galement sur carnet et bloc-notes.","og_url":"https:\/\/ohmondessin.com\/index.php\/product\/planificateur-hebdomadaire-la-parisienne-2\/","og_site_name":"ohmondessin.com","article_publisher":"https:\/\/www.facebook.com\/Ohmondessin","article_modified_time":"2026-01-15T00:01:50+00:00","og_image":[{"width":2560,"height":2560,"url":"http:\/\/ohmondessin.com\/wp-content\/uploads\/2024\/08\/planning-parisienne1-scaled.jpg","type":"image\/jpeg"}],"twitter_card":"summary_large_image","twitter_misc":{"Dur\u00e9e de lecture estim\u00e9e":"1 minute"},"schema":{"@context":"https:\/\/schema.org","@graph":[{"@type":"WebPage","@id":"https:\/\/ohmondessin.com\/index.php\/product\/planificateur-hebdomadaire-la-parisienne-2\/","url":"https:\/\/ohmondessin.com\/index.php\/product\/planificateur-hebdomadaire-la-parisienne-2\/","name":"Planificateur hebdomadaire La Parisienne - ohmondessin.com","isPartOf":{"@id":"https:\/\/ohmondessin.com\/#website"},"primaryImageOfPage":{"@id":"https:\/\/ohmondessin.com\/index.php\/product\/planificateur-hebdomadaire-la-parisienne-2\/#primaryimage"},"image":{"@id":"https:\/\/ohmondessin.com\/index.php\/product\/planificateur-hebdomadaire-la-parisienne-2\/#primaryimage"},"thumbnailUrl":"https:\/\/ohmondessin.com\/wp-content\/uploads\/2024\/08\/planning-parisienne1-scaled.jpg","datePublished":"2024-08-28T14:55:12+00:00","dateModified":"2026-01-15T00:01:50+00:00","breadcrumb":{"@id":"https:\/\/ohmondessin.com\/index.php\/product\/planificateur-hebdomadaire-la-parisienne-2\/#breadcrumb"},"inLanguage":"fr-FR","potentialAction":[{"@type":"ReadAction","target":["https:\/\/ohmondessin.com\/index.php\/product\/planificateur-hebdomadaire-la-parisienne-2\/"]}]},{"@type":"ImageObject","inLanguage":"fr-FR","@id":"https:\/\/ohmondessin.com\/index.php\/product\/planificateur-hebdomadaire-la-parisienne-2\/#primaryimage","url":"https:\/\/ohmondessin.com\/wp-content\/uploads\/2024\/08\/planning-parisienne1-scaled.jpg","contentUrl":"https:\/\/ohmondessin.com\/wp-content\/uploads\/2024\/08\/planning-parisienne1-scaled.jpg","width":2560,"height":2560},{"@type":"BreadcrumbList","@id":"https:\/\/ohmondessin.com\/index.php\/product\/planificateur-hebdomadaire-la-parisienne-2\/#breadcrumb","itemListElement":[{"@type":"ListItem","position":1,"name":"Accueil","item":"https:\/\/ohmondessin.com\/"},{"@type":"ListItem","position":2,"name":"La boutique","item":"https:\/\/ohmondessin.com\/index.php\/la-boutique\/"},{"@type":"ListItem","position":3,"name":"Planificateur hebdomadaire La Parisienne"}]},{"@type":"WebSite","@id":"https:\/\/ohmondessin.com\/#website","url":"https:\/\/ohmondessin.com\/","name":"ohmondessin.com","description":"De l\u2019illustration et du fait-main","publisher":{"@id":"https:\/\/ohmondessin.com\/#organization"},"potentialAction":[{"@type":"SearchAction","target":{"@type":"EntryPoint","urlTemplate":"https:\/\/ohmondessin.com\/?s={search_term_string}"},"query-input":{"@type":"PropertyValueSpecification","valueRequired":true,"valueName":"search_term_string"}}],"inLanguage":"fr-FR"},{"@type":"Organization","@id":"https:\/\/ohmondessin.com\/#organization","name":"ohmondessin.com","url":"https:\/\/ohmondessin.com\/","logo":{"@type":"ImageObject","inLanguage":"fr-FR","@id":"https:\/\/ohmondessin.com\/#\/schema\/logo\/image\/","url":"https:\/\/ohmondessin.com\/wp-content\/uploads\/2023\/01\/logo_OHMD-dark.png","contentUrl":"https:\/\/ohmondessin.com\/wp-content\/uploads\/2023\/01\/logo_OHMD-dark.png","width":500,"height":500,"caption":"ohmondessin.com"},"image":{"@id":"https:\/\/ohmondessin.com\/#\/schema\/logo\/image\/"},"sameAs":["https:\/\/www.facebook.com\/Ohmondessin","https:\/\/www.instagram.com\/ohmondessin\/"]}]}},"jetpack_sharing_enabled":true,"_links":{"self":[{"href":"https:\/\/ohmondessin.com\/index.php\/wp-json\/wp\/v2\/product\/7188","targetHints":{"allow":["GET"]}}],"collection":[{"href":"https:\/\/ohmondessin.com\/index.php\/wp-json\/wp\/v2\/product"}],"about":[{"href":"https:\/\/ohmondessin.com\/index.php\/wp-json\/wp\/v2\/types\/product"}],"replies":[{"embeddable":true,"href":"https:\/\/ohmondessin.com\/index.php\/wp-json\/wp\/v2\/comments?post=7188"}],"wp:featuredmedia":[{"embeddable":true,"href":"https:\/\/ohmondessin.com\/index.php\/wp-json\/wp\/v2\/media\/7178"}],"wp:attachment":[{"href":"https:\/\/ohmondessin.com\/index.php\/wp-json\/wp\/v2\/media?parent=7188"}],"wp:term":[{"taxonomy":"product_brand","embeddable":true,"href":"https:\/\/ohmondessin.com\/index.php\/wp-json\/wp\/v2\/product_brand?post=7188"},{"taxonomy":"product_cat","embeddable":true,"href":"https:\/\/ohmondessin.com\/index.php\/wp-json\/wp\/v2\/product_cat?post=7188"},{"taxonomy":"product_tag","embeddable":true,"href":"https:\/\/ohmondessin.com\/index.php\/wp-json\/wp\/v2\/product_tag?post=7188"}],"curies":[{"name":"wp","href":"https:\/\/api.w.org\/{rel}","templated":true}]}}