{"id":7223,"date":"2024-09-18T08:45:14","date_gmt":"2024-09-18T08:45:14","guid":{"rendered":"https:\/\/ohmondessin.com\/?post_type=product&#038;p=7223"},"modified":"2026-02-24T08:45:11","modified_gmt":"2026-02-24T08:45:11","slug":"affiche-croissant-amour","status":"publish","type":"product","link":"https:\/\/ohmondessin.com\/index.php\/product\/affiche-croissant-amour\/","title":{"rendered":"Affiche Croissant &#038; Amour"},"content":{"rendered":"<p>\u2728 3 formats disponibles : A5, A4 et A3<\/p>\n<p>\u2728 Fabrication fran\u00e7aise sur papier mate premuim<\/p>\n<p>\u2728 Affiche pr\u00eate \u00e0 \u00eatre encadr\u00e9e<\/p>\n","protected":false},"excerpt":{"rendered":"<p>Croissant &amp; Amour \ud83e\udd50\u2764\ufe0f\u200d\ud83d\udd25<\/p>\n<p>Voici le nom de ma nouvelle affiche tr\u00e8s gourmande et inspir\u00e9e par mon amour pour les viennoiseries !<\/p>\n<p>Illustration imprim\u00e9e avec des encres riches et vibrantes sur un papier mate premium de 210 g\/m\u00b2.<\/p>\n<p>L&rsquo;affiche est disponible en plusieurs formats : A5, A4 et A3.<\/p>\n<p>Chaque impression est r\u00e9alis\u00e9e dans mon atelier \u00e0 Maisons-Laffitte (78).<\/p>\n<p>Toutes les commandes sont soigneusement emball\u00e9es avec amour et exp\u00e9di\u00e9es avec un suivi.<\/p>\n<p>Les tons de l&rsquo;illustration peuvent varier entre l&rsquo;impression et l&rsquo;aper\u00e7u sur votre \u00e9cran.<\/p>\n","protected":false},"featured_media":7227,"comment_status":"open","ping_status":"closed","template":"","meta":[],"product_brand":[],"product_cat":[1235,1304,745,746],"product_tag":[105,1031,1066,1124,1050,1052,1114,1113,542,1039,112,1065,1064,138,1118,1058,1117,1127,1120,1061,139,1062,1042,1067,1125,1123,1051,1116,543,1115,1053,1059,1126,1121,1063,1122,1119,1060,106],"class_list":{"0":"post-7223","1":"product","2":"type-product","3":"status-publish","4":"has-post-thumbnail","6":"product_cat-guide-cadeaux-de-noel","7":"product_cat-st-valentin","8":"product_cat-affiches","9":"product_cat-toutes-les-affiches","10":"product_tag-affiche","11":"product_tag-affiche-agrumes","12":"product_tag-affiche-amour","13":"product_tag-affiche-cafe","14":"product_tag-affiche-citron","15":"product_tag-affiche-citrons","16":"product_tag-affiche-croissant","17":"product_tag-affiche-croissants","18":"product_tag-affiche-cuisine","19":"product_tag-affiche-dolce-vita","20":"product_tag-affiche-france","21":"product_tag-affiche-gastronomie","22":"product_tag-affiche-nourriture","23":"product_tag-affiche-paris","24":"product_tag-affiche-paris-croissant","25":"product_tag-affiche-pasta","26":"product_tag-affiche-patisserie","27":"product_tag-affiche-st-germain-des-pres","28":"product_tag-affiche-viennoiseries","29":"product_tag-amore","30":"product_tag-fait-main","31":"product_tag-food-illustration","32":"product_tag-illustration-agrumes","33":"product_tag-illustration-amour","34":"product_tag-illustration-cafe","35":"product_tag-illustration-chocolatine","36":"product_tag-illustration-citron","37":"product_tag-illustration-croissant","38":"product_tag-illustration-cuisine","39":"product_tag-illustration-cuisine-patisserie","40":"product_tag-illustration-dolce-vita","41":"product_tag-illustration-italienne","42":"product_tag-illustration-st-germain-des-pres","43":"product_tag-illustration-viennoiserie","44":"product_tag-italian-illustration","45":"product_tag-pain-au-chocolat-illustration","46":"product_tag-paris-illustration","47":"product_tag-pasta","48":"product_tag-poster","49":"product_shipping_class-lettre-suivie","51":"first","52":"instock","53":"taxable","54":"shipping-taxable","55":"purchasable","56":"product-type-variable"},"yoast_head":"<!-- This site is optimized with the Yoast SEO plugin v24.6 - https:\/\/yoast.com\/wordpress\/plugins\/seo\/ -->\n<title>Affiche Croissant &amp; Amour - ohmondessin.com<\/title>\n<meta name=\"robots\" content=\"index, follow, max-snippet:-1, max-image-preview:large, max-video-preview:-1\" \/>\n<link rel=\"canonical\" href=\"https:\/\/ohmondessin.com\/index.php\/product\/affiche-croissant-amour\/\" \/>\n<meta property=\"og:locale\" content=\"fr_FR\" \/>\n<meta property=\"og:type\" content=\"article\" \/>\n<meta property=\"og:title\" content=\"Affiche Croissant &amp; Amour - ohmondessin.com\" \/>\n<meta property=\"og:description\" content=\"Croissant &amp; Amour \ud83e\udd50\u2764\ufe0f\u200d\ud83d\udd25  Voici le nom de ma nouvelle affiche tr\u00e8s gourmande et inspir\u00e9e par mon amour pour les viennoiseries !  Illustration imprim\u00e9e avec des encres riches et vibrantes sur un papier mate premium de 210 g\/m\u00b2.  L&#039;affiche est disponible en plusieurs formats : A5, A4 et A3.  Chaque impression est r\u00e9alis\u00e9e dans mon atelier \u00e0 Maisons-Laffitte (78).  Toutes les commandes sont soigneusement emball\u00e9es avec amour et exp\u00e9di\u00e9es avec un suivi.  Les tons de l&#039;illustration peuvent varier entre l&#039;impression et l&#039;aper\u00e7u sur votre \u00e9cran.\" \/>\n<meta property=\"og:url\" content=\"https:\/\/ohmondessin.com\/index.php\/product\/affiche-croissant-amour\/\" \/>\n<meta property=\"og:site_name\" content=\"ohmondessin.com\" \/>\n<meta property=\"article:publisher\" content=\"https:\/\/www.facebook.com\/Ohmondessin\" \/>\n<meta property=\"article:modified_time\" content=\"2026-02-24T08:45:11+00:00\" \/>\n<meta property=\"og:image\" content=\"http:\/\/ohmondessin.com\/wp-content\/uploads\/2024\/09\/CROISSANT-DUO-scaled.jpg\" \/>\n\t<meta property=\"og:image:width\" content=\"2560\" \/>\n\t<meta property=\"og:image:height\" content=\"2560\" \/>\n\t<meta property=\"og:image:type\" content=\"image\/jpeg\" \/>\n<meta name=\"twitter:card\" content=\"summary_large_image\" \/>\n<meta name=\"twitter:label1\" content=\"Dur\u00e9e de lecture estim\u00e9e\" \/>\n\t<meta name=\"twitter:data1\" content=\"1 minute\" \/>\n<script type=\"application\/ld+json\" class=\"yoast-schema-graph\">{\"@context\":\"https:\/\/schema.org\",\"@graph\":[{\"@type\":\"WebPage\",\"@id\":\"https:\/\/ohmondessin.com\/index.php\/product\/affiche-croissant-amour\/\",\"url\":\"https:\/\/ohmondessin.com\/index.php\/product\/affiche-croissant-amour\/\",\"name\":\"Affiche Croissant & Amour - ohmondessin.com\",\"isPartOf\":{\"@id\":\"https:\/\/ohmondessin.com\/#website\"},\"primaryImageOfPage\":{\"@id\":\"https:\/\/ohmondessin.com\/index.php\/product\/affiche-croissant-amour\/#primaryimage\"},\"image\":{\"@id\":\"https:\/\/ohmondessin.com\/index.php\/product\/affiche-croissant-amour\/#primaryimage\"},\"thumbnailUrl\":\"https:\/\/ohmondessin.com\/wp-content\/uploads\/2024\/09\/CROISSANT-DUO-scaled.jpg\",\"datePublished\":\"2024-09-18T08:45:14+00:00\",\"dateModified\":\"2026-02-24T08:45:11+00:00\",\"breadcrumb\":{\"@id\":\"https:\/\/ohmondessin.com\/index.php\/product\/affiche-croissant-amour\/#breadcrumb\"},\"inLanguage\":\"fr-FR\",\"potentialAction\":[{\"@type\":\"ReadAction\",\"target\":[\"https:\/\/ohmondessin.com\/index.php\/product\/affiche-croissant-amour\/\"]}]},{\"@type\":\"ImageObject\",\"inLanguage\":\"fr-FR\",\"@id\":\"https:\/\/ohmondessin.com\/index.php\/product\/affiche-croissant-amour\/#primaryimage\",\"url\":\"https:\/\/ohmondessin.com\/wp-content\/uploads\/2024\/09\/CROISSANT-DUO-scaled.jpg\",\"contentUrl\":\"https:\/\/ohmondessin.com\/wp-content\/uploads\/2024\/09\/CROISSANT-DUO-scaled.jpg\",\"width\":2560,\"height\":2560},{\"@type\":\"BreadcrumbList\",\"@id\":\"https:\/\/ohmondessin.com\/index.php\/product\/affiche-croissant-amour\/#breadcrumb\",\"itemListElement\":[{\"@type\":\"ListItem\",\"position\":1,\"name\":\"Accueil\",\"item\":\"https:\/\/ohmondessin.com\/\"},{\"@type\":\"ListItem\",\"position\":2,\"name\":\"La boutique\",\"item\":\"https:\/\/ohmondessin.com\/index.php\/la-boutique\/\"},{\"@type\":\"ListItem\",\"position\":3,\"name\":\"Affiche Croissant &#038; Amour\"}]},{\"@type\":\"WebSite\",\"@id\":\"https:\/\/ohmondessin.com\/#website\",\"url\":\"https:\/\/ohmondessin.com\/\",\"name\":\"ohmondessin.com\",\"description\":\"De l\u2019illustration et du fait-main\",\"publisher\":{\"@id\":\"https:\/\/ohmondessin.com\/#organization\"},\"potentialAction\":[{\"@type\":\"SearchAction\",\"target\":{\"@type\":\"EntryPoint\",\"urlTemplate\":\"https:\/\/ohmondessin.com\/?s={search_term_string}\"},\"query-input\":{\"@type\":\"PropertyValueSpecification\",\"valueRequired\":true,\"valueName\":\"search_term_string\"}}],\"inLanguage\":\"fr-FR\"},{\"@type\":\"Organization\",\"@id\":\"https:\/\/ohmondessin.com\/#organization\",\"name\":\"ohmondessin.com\",\"url\":\"https:\/\/ohmondessin.com\/\",\"logo\":{\"@type\":\"ImageObject\",\"inLanguage\":\"fr-FR\",\"@id\":\"https:\/\/ohmondessin.com\/#\/schema\/logo\/image\/\",\"url\":\"https:\/\/ohmondessin.com\/wp-content\/uploads\/2023\/01\/logo_OHMD-dark.png\",\"contentUrl\":\"https:\/\/ohmondessin.com\/wp-content\/uploads\/2023\/01\/logo_OHMD-dark.png\",\"width\":500,\"height\":500,\"caption\":\"ohmondessin.com\"},\"image\":{\"@id\":\"https:\/\/ohmondessin.com\/#\/schema\/logo\/image\/\"},\"sameAs\":[\"https:\/\/www.facebook.com\/Ohmondessin\",\"https:\/\/www.instagram.com\/ohmondessin\/\"]}]}<\/script>\n<!-- \/ Yoast SEO plugin. -->","yoast_head_json":{"title":"Affiche Croissant & Amour - ohmondessin.com","robots":{"index":"index","follow":"follow","max-snippet":"max-snippet:-1","max-image-preview":"max-image-preview:large","max-video-preview":"max-video-preview:-1"},"canonical":"https:\/\/ohmondessin.com\/index.php\/product\/affiche-croissant-amour\/","og_locale":"fr_FR","og_type":"article","og_title":"Affiche Croissant & Amour - ohmondessin.com","og_description":"Croissant &amp; Amour \ud83e\udd50\u2764\ufe0f\u200d\ud83d\udd25  Voici le nom de ma nouvelle affiche tr\u00e8s gourmande et inspir\u00e9e par mon amour pour les viennoiseries !  Illustration imprim\u00e9e avec des encres riches et vibrantes sur un papier mate premium de 210 g\/m\u00b2.  L'affiche est disponible en plusieurs formats : A5, A4 et A3.  Chaque impression est r\u00e9alis\u00e9e dans mon atelier \u00e0 Maisons-Laffitte (78).  Toutes les commandes sont soigneusement emball\u00e9es avec amour et exp\u00e9di\u00e9es avec un suivi.  Les tons de l'illustration peuvent varier entre l'impression et l'aper\u00e7u sur votre \u00e9cran.","og_url":"https:\/\/ohmondessin.com\/index.php\/product\/affiche-croissant-amour\/","og_site_name":"ohmondessin.com","article_publisher":"https:\/\/www.facebook.com\/Ohmondessin","article_modified_time":"2026-02-24T08:45:11+00:00","og_image":[{"width":2560,"height":2560,"url":"http:\/\/ohmondessin.com\/wp-content\/uploads\/2024\/09\/CROISSANT-DUO-scaled.jpg","type":"image\/jpeg"}],"twitter_card":"summary_large_image","twitter_misc":{"Dur\u00e9e de lecture estim\u00e9e":"1 minute"},"schema":{"@context":"https:\/\/schema.org","@graph":[{"@type":"WebPage","@id":"https:\/\/ohmondessin.com\/index.php\/product\/affiche-croissant-amour\/","url":"https:\/\/ohmondessin.com\/index.php\/product\/affiche-croissant-amour\/","name":"Affiche Croissant & Amour - ohmondessin.com","isPartOf":{"@id":"https:\/\/ohmondessin.com\/#website"},"primaryImageOfPage":{"@id":"https:\/\/ohmondessin.com\/index.php\/product\/affiche-croissant-amour\/#primaryimage"},"image":{"@id":"https:\/\/ohmondessin.com\/index.php\/product\/affiche-croissant-amour\/#primaryimage"},"thumbnailUrl":"https:\/\/ohmondessin.com\/wp-content\/uploads\/2024\/09\/CROISSANT-DUO-scaled.jpg","datePublished":"2024-09-18T08:45:14+00:00","dateModified":"2026-02-24T08:45:11+00:00","breadcrumb":{"@id":"https:\/\/ohmondessin.com\/index.php\/product\/affiche-croissant-amour\/#breadcrumb"},"inLanguage":"fr-FR","potentialAction":[{"@type":"ReadAction","target":["https:\/\/ohmondessin.com\/index.php\/product\/affiche-croissant-amour\/"]}]},{"@type":"ImageObject","inLanguage":"fr-FR","@id":"https:\/\/ohmondessin.com\/index.php\/product\/affiche-croissant-amour\/#primaryimage","url":"https:\/\/ohmondessin.com\/wp-content\/uploads\/2024\/09\/CROISSANT-DUO-scaled.jpg","contentUrl":"https:\/\/ohmondessin.com\/wp-content\/uploads\/2024\/09\/CROISSANT-DUO-scaled.jpg","width":2560,"height":2560},{"@type":"BreadcrumbList","@id":"https:\/\/ohmondessin.com\/index.php\/product\/affiche-croissant-amour\/#breadcrumb","itemListElement":[{"@type":"ListItem","position":1,"name":"Accueil","item":"https:\/\/ohmondessin.com\/"},{"@type":"ListItem","position":2,"name":"La boutique","item":"https:\/\/ohmondessin.com\/index.php\/la-boutique\/"},{"@type":"ListItem","position":3,"name":"Affiche Croissant &#038; Amour"}]},{"@type":"WebSite","@id":"https:\/\/ohmondessin.com\/#website","url":"https:\/\/ohmondessin.com\/","name":"ohmondessin.com","description":"De l\u2019illustration et du fait-main","publisher":{"@id":"https:\/\/ohmondessin.com\/#organization"},"potentialAction":[{"@type":"SearchAction","target":{"@type":"EntryPoint","urlTemplate":"https:\/\/ohmondessin.com\/?s={search_term_string}"},"query-input":{"@type":"PropertyValueSpecification","valueRequired":true,"valueName":"search_term_string"}}],"inLanguage":"fr-FR"},{"@type":"Organization","@id":"https:\/\/ohmondessin.com\/#organization","name":"ohmondessin.com","url":"https:\/\/ohmondessin.com\/","logo":{"@type":"ImageObject","inLanguage":"fr-FR","@id":"https:\/\/ohmondessin.com\/#\/schema\/logo\/image\/","url":"https:\/\/ohmondessin.com\/wp-content\/uploads\/2023\/01\/logo_OHMD-dark.png","contentUrl":"https:\/\/ohmondessin.com\/wp-content\/uploads\/2023\/01\/logo_OHMD-dark.png","width":500,"height":500,"caption":"ohmondessin.com"},"image":{"@id":"https:\/\/ohmondessin.com\/#\/schema\/logo\/image\/"},"sameAs":["https:\/\/www.facebook.com\/Ohmondessin","https:\/\/www.instagram.com\/ohmondessin\/"]}]}},"jetpack_sharing_enabled":true,"_links":{"self":[{"href":"https:\/\/ohmondessin.com\/index.php\/wp-json\/wp\/v2\/product\/7223","targetHints":{"allow":["GET"]}}],"collection":[{"href":"https:\/\/ohmondessin.com\/index.php\/wp-json\/wp\/v2\/product"}],"about":[{"href":"https:\/\/ohmondessin.com\/index.php\/wp-json\/wp\/v2\/types\/product"}],"replies":[{"embeddable":true,"href":"https:\/\/ohmondessin.com\/index.php\/wp-json\/wp\/v2\/comments?post=7223"}],"wp:featuredmedia":[{"embeddable":true,"href":"https:\/\/ohmondessin.com\/index.php\/wp-json\/wp\/v2\/media\/7227"}],"wp:attachment":[{"href":"https:\/\/ohmondessin.com\/index.php\/wp-json\/wp\/v2\/media?parent=7223"}],"wp:term":[{"taxonomy":"product_brand","embeddable":true,"href":"https:\/\/ohmondessin.com\/index.php\/wp-json\/wp\/v2\/product_brand?post=7223"},{"taxonomy":"product_cat","embeddable":true,"href":"https:\/\/ohmondessin.com\/index.php\/wp-json\/wp\/v2\/product_cat?post=7223"},{"taxonomy":"product_tag","embeddable":true,"href":"https:\/\/ohmondessin.com\/index.php\/wp-json\/wp\/v2\/product_tag?post=7223"}],"curies":[{"name":"wp","href":"https:\/\/api.w.org\/{rel}","templated":true}]}}