{"id":7254,"date":"2024-09-30T06:16:20","date_gmt":"2024-09-30T06:16:20","guid":{"rendered":"https:\/\/ohmondessin.com\/?post_type=product&#038;p=7254"},"modified":"2026-01-15T08:58:49","modified_gmt":"2026-01-15T08:58:49","slug":"portrait-personnalise-de-votre-animal-de-compagnie","status":"publish","type":"product","link":"https:\/\/ohmondessin.com\/index.php\/product\/portrait-personnalise-de-votre-animal-de-compagnie\/","title":{"rendered":"Portrait personnalis\u00e9 de votre animal de compagnie"},"content":{"rendered":"<p><em>Comment \u00e7a se passe ?<\/em><\/p>\n<p>Votre animal est enti\u00e8rement dessin\u00e9 \u00e0 la main (je ne d\u00e9calque pas votre photo, votre animal est dessin\u00e9 avec \u201cmon style de dessin\u201d) et pour cela, il vous suffit de m\u2019envoyer les photos de votre animal \u00e0 l\u2019adresse\u00a0<a href=\"mailto:contact@ohmondessin.com\">contact@ohmondessin.com<\/a><\/p>\n<p>N\u2019oubliez pas de pr\u00e9ciser si il s\u2019agit d\u2019un m\u00e2le ou d\u2019une femelle.<\/p>\n<p><em>Le dessin<\/em><\/p>\n<p>Il vous suffira de choisir deux choses : l&rsquo;habit dans lequel vous souhaitez que votre animal soit repr\u00e9sent\u00e9 et le format de votre illustration imprim\u00e9e : A5, A4 ou bien A3.<\/p>\n<p>Ensuite, c&rsquo;est parti pour le dessin et la cr\u00e9ation d&rsquo;un fond harmonieux \ud83d\ude0a<\/p>\n<p>Attention au choix de votre photo, car une fois le dessin commenc\u00e9, il n&rsquo;est pas possible d&rsquo;en changer.<\/p>\n<p><em>Planning<\/em><\/p>\n<p>Comptez 1 \u00e0 2 semaines pour la cr\u00e9ation et l&rsquo;exp\u00e9dition de l&rsquo;illustration.<\/p>\n","protected":false},"excerpt":{"rendered":"<p>Une illustration sur-mesure de votre animal de compagnie !<\/p>\n<p>\u00c0 vous de choisir avec quels habits votre animal ador\u00e9 sera repr\u00e9sent\u00e9 : en gentleman avec son costume 3 pi\u00e8ces ? En bucheron avec sa chemise \u00e0 carreaux ou en grand monarque ? Et r\u00e9fl\u00e9chir \u00e0 un arri\u00e8re-plan !<\/p>\n<p>Je m&rsquo;occupe du reste \ud83d\ude0a<\/p>\n<p>Illustration imprim\u00e9e sur un format A5, A4 ou A3 avec des encres riches et vibrantes sur un papier mate premium de 210 g\/m\u00b2.<\/p>\n<p>Il est possible de dessiner jusqu&rsquo;\u00e0 3 animaux \u2764\ufe0f\u200d\ud83d\udd25<\/p>\n","protected":false},"featured_media":7693,"comment_status":"open","ping_status":"closed","template":"","meta":[],"product_brand":[],"product_cat":[1235,745,760,746],"product_tag":[105,112,1137,526,1136,525,771,502,1134,1135,1139,139,521,1138,1140,1141,1133,1131,1132,1130,1128,1129],"class_list":{"0":"post-7254","1":"product","2":"type-product","3":"status-publish","4":"has-post-thumbnail","6":"product_cat-guide-cadeaux-de-noel","7":"product_cat-affiches","8":"product_cat-affiches-personnalisables","9":"product_cat-toutes-les-affiches","10":"product_tag-affiche","11":"product_tag-affiche-france","12":"product_tag-cadeau-animal","13":"product_tag-cadeau-mariage-illustration","14":"product_tag-cadeau-noel-animaux","15":"product_tag-cadeau-orginal","16":"product_tag-cadeau-sur-mesure","17":"product_tag-chat-personnalise","18":"product_tag-chien-personnalise","19":"product_tag-christmas-gifts","20":"product_tag-dessin-chat-sur-mesure","21":"product_tag-fait-main","22":"product_tag-illustration-personnalisee","23":"product_tag-portrait-animal","24":"product_tag-portrait-chat","25":"product_tag-portrait-chien","26":"product_tag-portrait-personnalise-animal","27":"product_tag-portrait-personnalise-chat","28":"product_tag-portrait-personnalise-chien","29":"product_tag-portrait-sur-mesure-animal","30":"product_tag-portrait-sur-mesure-chat","31":"product_tag-portrait-sur-mesure-chien","32":"product_shipping_class-lettre-suivie","34":"first","35":"instock","36":"taxable","37":"shipping-taxable","38":"purchasable","39":"product-type-variable"},"yoast_head":"<!-- This site is optimized with the Yoast SEO plugin v24.6 - https:\/\/yoast.com\/wordpress\/plugins\/seo\/ -->\n<title>Portrait personnalis\u00e9 de votre animal de compagnie - ohmondessin.com<\/title>\n<meta name=\"robots\" content=\"index, follow, max-snippet:-1, max-image-preview:large, max-video-preview:-1\" \/>\n<link rel=\"canonical\" href=\"https:\/\/ohmondessin.com\/index.php\/product\/portrait-personnalise-de-votre-animal-de-compagnie\/\" \/>\n<meta property=\"og:locale\" content=\"fr_FR\" \/>\n<meta property=\"og:type\" content=\"article\" \/>\n<meta property=\"og:title\" content=\"Portrait personnalis\u00e9 de votre animal de compagnie - ohmondessin.com\" \/>\n<meta property=\"og:description\" content=\"Une illustration sur-mesure de votre animal de compagnie !  \u00c0 vous de choisir avec quels habits votre animal ador\u00e9 sera repr\u00e9sent\u00e9 : en gentleman avec son costume 3 pi\u00e8ces ? En bucheron avec sa chemise \u00e0 carreaux ou en grand monarque ? Et r\u00e9fl\u00e9chir \u00e0 un arri\u00e8re-plan !  Je m&#039;occupe du reste \ud83d\ude0a  Illustration imprim\u00e9e sur un format A5, A4 ou A3 avec des encres riches et vibrantes sur un papier mate premium de 210 g\/m\u00b2.  Il est possible de dessiner jusqu&#039;\u00e0 3 animaux \u2764\ufe0f\u200d\ud83d\udd25\" \/>\n<meta property=\"og:url\" content=\"https:\/\/ohmondessin.com\/index.php\/product\/portrait-personnalise-de-votre-animal-de-compagnie\/\" \/>\n<meta property=\"og:site_name\" content=\"ohmondessin.com\" \/>\n<meta property=\"article:publisher\" content=\"https:\/\/www.facebook.com\/Ohmondessin\" \/>\n<meta property=\"article:modified_time\" content=\"2026-01-15T08:58:49+00:00\" \/>\n<meta property=\"og:image\" content=\"http:\/\/ohmondessin.com\/wp-content\/uploads\/2024\/09\/portrait-personnalise-chat_savane2-1-scaled.jpg\" \/>\n\t<meta property=\"og:image:width\" content=\"2560\" \/>\n\t<meta property=\"og:image:height\" content=\"2560\" \/>\n\t<meta property=\"og:image:type\" content=\"image\/jpeg\" \/>\n<meta name=\"twitter:card\" content=\"summary_large_image\" \/>\n<meta name=\"twitter:label1\" content=\"Dur\u00e9e de lecture estim\u00e9e\" \/>\n\t<meta name=\"twitter:data1\" content=\"1 minute\" \/>\n<script type=\"application\/ld+json\" class=\"yoast-schema-graph\">{\"@context\":\"https:\/\/schema.org\",\"@graph\":[{\"@type\":\"WebPage\",\"@id\":\"https:\/\/ohmondessin.com\/index.php\/product\/portrait-personnalise-de-votre-animal-de-compagnie\/\",\"url\":\"https:\/\/ohmondessin.com\/index.php\/product\/portrait-personnalise-de-votre-animal-de-compagnie\/\",\"name\":\"Portrait personnalis\u00e9 de votre animal de compagnie - ohmondessin.com\",\"isPartOf\":{\"@id\":\"https:\/\/ohmondessin.com\/#website\"},\"primaryImageOfPage\":{\"@id\":\"https:\/\/ohmondessin.com\/index.php\/product\/portrait-personnalise-de-votre-animal-de-compagnie\/#primaryimage\"},\"image\":{\"@id\":\"https:\/\/ohmondessin.com\/index.php\/product\/portrait-personnalise-de-votre-animal-de-compagnie\/#primaryimage\"},\"thumbnailUrl\":\"https:\/\/ohmondessin.com\/wp-content\/uploads\/2024\/09\/portrait-personnalise-chat_savane2-1-scaled.jpg\",\"datePublished\":\"2024-09-30T06:16:20+00:00\",\"dateModified\":\"2026-01-15T08:58:49+00:00\",\"breadcrumb\":{\"@id\":\"https:\/\/ohmondessin.com\/index.php\/product\/portrait-personnalise-de-votre-animal-de-compagnie\/#breadcrumb\"},\"inLanguage\":\"fr-FR\",\"potentialAction\":[{\"@type\":\"ReadAction\",\"target\":[\"https:\/\/ohmondessin.com\/index.php\/product\/portrait-personnalise-de-votre-animal-de-compagnie\/\"]}]},{\"@type\":\"ImageObject\",\"inLanguage\":\"fr-FR\",\"@id\":\"https:\/\/ohmondessin.com\/index.php\/product\/portrait-personnalise-de-votre-animal-de-compagnie\/#primaryimage\",\"url\":\"https:\/\/ohmondessin.com\/wp-content\/uploads\/2024\/09\/portrait-personnalise-chat_savane2-1-scaled.jpg\",\"contentUrl\":\"https:\/\/ohmondessin.com\/wp-content\/uploads\/2024\/09\/portrait-personnalise-chat_savane2-1-scaled.jpg\",\"width\":2560,\"height\":2560},{\"@type\":\"BreadcrumbList\",\"@id\":\"https:\/\/ohmondessin.com\/index.php\/product\/portrait-personnalise-de-votre-animal-de-compagnie\/#breadcrumb\",\"itemListElement\":[{\"@type\":\"ListItem\",\"position\":1,\"name\":\"Accueil\",\"item\":\"https:\/\/ohmondessin.com\/\"},{\"@type\":\"ListItem\",\"position\":2,\"name\":\"La boutique\",\"item\":\"https:\/\/ohmondessin.com\/index.php\/la-boutique\/\"},{\"@type\":\"ListItem\",\"position\":3,\"name\":\"Portrait personnalis\u00e9 de votre animal de compagnie\"}]},{\"@type\":\"WebSite\",\"@id\":\"https:\/\/ohmondessin.com\/#website\",\"url\":\"https:\/\/ohmondessin.com\/\",\"name\":\"ohmondessin.com\",\"description\":\"De l\u2019illustration et du fait-main\",\"publisher\":{\"@id\":\"https:\/\/ohmondessin.com\/#organization\"},\"potentialAction\":[{\"@type\":\"SearchAction\",\"target\":{\"@type\":\"EntryPoint\",\"urlTemplate\":\"https:\/\/ohmondessin.com\/?s={search_term_string}\"},\"query-input\":{\"@type\":\"PropertyValueSpecification\",\"valueRequired\":true,\"valueName\":\"search_term_string\"}}],\"inLanguage\":\"fr-FR\"},{\"@type\":\"Organization\",\"@id\":\"https:\/\/ohmondessin.com\/#organization\",\"name\":\"ohmondessin.com\",\"url\":\"https:\/\/ohmondessin.com\/\",\"logo\":{\"@type\":\"ImageObject\",\"inLanguage\":\"fr-FR\",\"@id\":\"https:\/\/ohmondessin.com\/#\/schema\/logo\/image\/\",\"url\":\"https:\/\/ohmondessin.com\/wp-content\/uploads\/2023\/01\/logo_OHMD-dark.png\",\"contentUrl\":\"https:\/\/ohmondessin.com\/wp-content\/uploads\/2023\/01\/logo_OHMD-dark.png\",\"width\":500,\"height\":500,\"caption\":\"ohmondessin.com\"},\"image\":{\"@id\":\"https:\/\/ohmondessin.com\/#\/schema\/logo\/image\/\"},\"sameAs\":[\"https:\/\/www.facebook.com\/Ohmondessin\",\"https:\/\/www.instagram.com\/ohmondessin\/\"]}]}<\/script>\n<!-- \/ Yoast SEO plugin. -->","yoast_head_json":{"title":"Portrait personnalis\u00e9 de votre animal de compagnie - ohmondessin.com","robots":{"index":"index","follow":"follow","max-snippet":"max-snippet:-1","max-image-preview":"max-image-preview:large","max-video-preview":"max-video-preview:-1"},"canonical":"https:\/\/ohmondessin.com\/index.php\/product\/portrait-personnalise-de-votre-animal-de-compagnie\/","og_locale":"fr_FR","og_type":"article","og_title":"Portrait personnalis\u00e9 de votre animal de compagnie - ohmondessin.com","og_description":"Une illustration sur-mesure de votre animal de compagnie !  \u00c0 vous de choisir avec quels habits votre animal ador\u00e9 sera repr\u00e9sent\u00e9 : en gentleman avec son costume 3 pi\u00e8ces ? En bucheron avec sa chemise \u00e0 carreaux ou en grand monarque ? Et r\u00e9fl\u00e9chir \u00e0 un arri\u00e8re-plan !  Je m'occupe du reste \ud83d\ude0a  Illustration imprim\u00e9e sur un format A5, A4 ou A3 avec des encres riches et vibrantes sur un papier mate premium de 210 g\/m\u00b2.  Il est possible de dessiner jusqu'\u00e0 3 animaux \u2764\ufe0f\u200d\ud83d\udd25","og_url":"https:\/\/ohmondessin.com\/index.php\/product\/portrait-personnalise-de-votre-animal-de-compagnie\/","og_site_name":"ohmondessin.com","article_publisher":"https:\/\/www.facebook.com\/Ohmondessin","article_modified_time":"2026-01-15T08:58:49+00:00","og_image":[{"width":2560,"height":2560,"url":"http:\/\/ohmondessin.com\/wp-content\/uploads\/2024\/09\/portrait-personnalise-chat_savane2-1-scaled.jpg","type":"image\/jpeg"}],"twitter_card":"summary_large_image","twitter_misc":{"Dur\u00e9e de lecture estim\u00e9e":"1 minute"},"schema":{"@context":"https:\/\/schema.org","@graph":[{"@type":"WebPage","@id":"https:\/\/ohmondessin.com\/index.php\/product\/portrait-personnalise-de-votre-animal-de-compagnie\/","url":"https:\/\/ohmondessin.com\/index.php\/product\/portrait-personnalise-de-votre-animal-de-compagnie\/","name":"Portrait personnalis\u00e9 de votre animal de compagnie - ohmondessin.com","isPartOf":{"@id":"https:\/\/ohmondessin.com\/#website"},"primaryImageOfPage":{"@id":"https:\/\/ohmondessin.com\/index.php\/product\/portrait-personnalise-de-votre-animal-de-compagnie\/#primaryimage"},"image":{"@id":"https:\/\/ohmondessin.com\/index.php\/product\/portrait-personnalise-de-votre-animal-de-compagnie\/#primaryimage"},"thumbnailUrl":"https:\/\/ohmondessin.com\/wp-content\/uploads\/2024\/09\/portrait-personnalise-chat_savane2-1-scaled.jpg","datePublished":"2024-09-30T06:16:20+00:00","dateModified":"2026-01-15T08:58:49+00:00","breadcrumb":{"@id":"https:\/\/ohmondessin.com\/index.php\/product\/portrait-personnalise-de-votre-animal-de-compagnie\/#breadcrumb"},"inLanguage":"fr-FR","potentialAction":[{"@type":"ReadAction","target":["https:\/\/ohmondessin.com\/index.php\/product\/portrait-personnalise-de-votre-animal-de-compagnie\/"]}]},{"@type":"ImageObject","inLanguage":"fr-FR","@id":"https:\/\/ohmondessin.com\/index.php\/product\/portrait-personnalise-de-votre-animal-de-compagnie\/#primaryimage","url":"https:\/\/ohmondessin.com\/wp-content\/uploads\/2024\/09\/portrait-personnalise-chat_savane2-1-scaled.jpg","contentUrl":"https:\/\/ohmondessin.com\/wp-content\/uploads\/2024\/09\/portrait-personnalise-chat_savane2-1-scaled.jpg","width":2560,"height":2560},{"@type":"BreadcrumbList","@id":"https:\/\/ohmondessin.com\/index.php\/product\/portrait-personnalise-de-votre-animal-de-compagnie\/#breadcrumb","itemListElement":[{"@type":"ListItem","position":1,"name":"Accueil","item":"https:\/\/ohmondessin.com\/"},{"@type":"ListItem","position":2,"name":"La boutique","item":"https:\/\/ohmondessin.com\/index.php\/la-boutique\/"},{"@type":"ListItem","position":3,"name":"Portrait personnalis\u00e9 de votre animal de compagnie"}]},{"@type":"WebSite","@id":"https:\/\/ohmondessin.com\/#website","url":"https:\/\/ohmondessin.com\/","name":"ohmondessin.com","description":"De l\u2019illustration et du fait-main","publisher":{"@id":"https:\/\/ohmondessin.com\/#organization"},"potentialAction":[{"@type":"SearchAction","target":{"@type":"EntryPoint","urlTemplate":"https:\/\/ohmondessin.com\/?s={search_term_string}"},"query-input":{"@type":"PropertyValueSpecification","valueRequired":true,"valueName":"search_term_string"}}],"inLanguage":"fr-FR"},{"@type":"Organization","@id":"https:\/\/ohmondessin.com\/#organization","name":"ohmondessin.com","url":"https:\/\/ohmondessin.com\/","logo":{"@type":"ImageObject","inLanguage":"fr-FR","@id":"https:\/\/ohmondessin.com\/#\/schema\/logo\/image\/","url":"https:\/\/ohmondessin.com\/wp-content\/uploads\/2023\/01\/logo_OHMD-dark.png","contentUrl":"https:\/\/ohmondessin.com\/wp-content\/uploads\/2023\/01\/logo_OHMD-dark.png","width":500,"height":500,"caption":"ohmondessin.com"},"image":{"@id":"https:\/\/ohmondessin.com\/#\/schema\/logo\/image\/"},"sameAs":["https:\/\/www.facebook.com\/Ohmondessin","https:\/\/www.instagram.com\/ohmondessin\/"]}]}},"jetpack_sharing_enabled":true,"_links":{"self":[{"href":"https:\/\/ohmondessin.com\/index.php\/wp-json\/wp\/v2\/product\/7254","targetHints":{"allow":["GET"]}}],"collection":[{"href":"https:\/\/ohmondessin.com\/index.php\/wp-json\/wp\/v2\/product"}],"about":[{"href":"https:\/\/ohmondessin.com\/index.php\/wp-json\/wp\/v2\/types\/product"}],"replies":[{"embeddable":true,"href":"https:\/\/ohmondessin.com\/index.php\/wp-json\/wp\/v2\/comments?post=7254"}],"wp:featuredmedia":[{"embeddable":true,"href":"https:\/\/ohmondessin.com\/index.php\/wp-json\/wp\/v2\/media\/7693"}],"wp:attachment":[{"href":"https:\/\/ohmondessin.com\/index.php\/wp-json\/wp\/v2\/media?parent=7254"}],"wp:term":[{"taxonomy":"product_brand","embeddable":true,"href":"https:\/\/ohmondessin.com\/index.php\/wp-json\/wp\/v2\/product_brand?post=7254"},{"taxonomy":"product_cat","embeddable":true,"href":"https:\/\/ohmondessin.com\/index.php\/wp-json\/wp\/v2\/product_cat?post=7254"},{"taxonomy":"product_tag","embeddable":true,"href":"https:\/\/ohmondessin.com\/index.php\/wp-json\/wp\/v2\/product_tag?post=7254"}],"curies":[{"name":"wp","href":"https:\/\/api.w.org\/{rel}","templated":true}]}}