{"id":7313,"date":"2021-11-02T14:39:06","date_gmt":"2021-11-02T14:39:06","guid":{"rendered":"https:\/\/ohmondessin.com\/?post_type=product&#038;p=7313"},"modified":"2026-01-02T19:11:40","modified_gmt":"2026-01-02T19:11:40","slug":"tote-bag-en-coton-epais-la-fine-bouche-de-la-maison-cest-lui","status":"publish","type":"product","link":"https:\/\/ohmondessin.com\/index.php\/product\/tote-bag-en-coton-epais-la-fine-bouche-de-la-maison-cest-lui\/","title":{"rendered":"Tote-Bag en Coton Epais \u00ab\u00a0La fine bouche de la maison, c&rsquo;est lui !\u00a0\u00bb"},"content":{"rendered":"<p><strong>D\u00e9tails du produit :<\/strong><\/p>\n<ul>\n<li><strong>Design original<\/strong> : Un clin d&rsquo;\u0153il aux petits gourmands et aux fans de cuisine, avec un chat qui ne r\u00e9siste pas aux plaisirs de la table.<\/li>\n<li><strong>Mat\u00e9riaux \u00e9cologiques<\/strong> : Fabriqu\u00e9 en coton \u00e9pais 230 gr\/m\u00b2 et respectueux de l\u2019environnement, ce tote bag Oeko-Tex 100\u00ae est parfait pour un usage quotidien.<\/li>\n<li><strong>Pratique et polyvalent<\/strong> : Que ce soit pour les courses, les livres, ou vos affaires personnelles, son format pratique (38\u00d742 cm) et ses anses confortables en font un choix pratique et \u00e9l\u00e9gant.<\/li>\n<li><strong>Les petits plus :<\/strong> Imprim\u00e9 \u00e0 10 km de l\u2019atelier et exp\u00e9di\u00e9 avec amour.<\/li>\n<\/ul>\n","protected":false},"excerpt":{"rendered":"<p>Tote-Bag en Coton Epais \u00ab\u00a0La fine bouche de la maison, c&rsquo;est lui !\u00a0\u00bb<\/p>\n<p>Ce tote bag fera craquer tous les amoureux des chats gourmands ! Avec son illustration amusante d&rsquo;un chat espi\u00e8gle pr\u00eat \u00e0 se r\u00e9galer dans la cuisine, ce sac est parfait pour ceux qui ont un petit chef (ou une fine bouche) \u00e0 quatre pattes \u00e0 la maison.<\/p>\n","protected":false},"featured_media":7837,"comment_status":"open","ping_status":"closed","template":"","meta":[],"product_brand":[],"product_cat":[1235,160,159],"product_tag":[833,666,834,1165,826,342,1162,819,543,1152,835,827,836,202,1166,1164,1167,271,828,267,838,341,1163],"class_list":{"0":"post-7313","1":"product","2":"type-product","3":"status-publish","4":"has-post-thumbnail","6":"product_cat-guide-cadeaux-de-noel","7":"product_cat-textiles","8":"product_cat-tote-bags","9":"product_tag-accessoires-chat","10":"product_tag-affiche-chat-cuisine","11":"product_tag-cadeau-ado","12":"product_tag-cadeau-cuisine","13":"product_tag-cadeau-noel","14":"product_tag-illustration-chat","15":"product_tag-illustration-chat-gris","16":"product_tag-illustration-chat-roux","17":"product_tag-illustration-cuisine","18":"product_tag-illustration-patisserie","19":"product_tag-mug-ado","20":"product_tag-mug-chat","21":"product_tag-sac-ado","22":"product_tag-sac-chat","23":"product_tag-sac-course-chat","24":"product_tag-sac-cuisine","25":"product_tag-sac-patisserie","26":"product_tag-sac-rangement","27":"product_tag-tasse-chat","28":"product_tag-tote-bag","29":"product_tag-tote-bag-ado","30":"product_tag-tote-bag-chat","31":"product_tag-tote-bag-cuisine","33":"first","34":"outofstock","35":"taxable","36":"shipping-taxable","37":"purchasable","38":"product-type-simple"},"yoast_head":"<!-- This site is optimized with the Yoast SEO plugin v24.6 - https:\/\/yoast.com\/wordpress\/plugins\/seo\/ -->\n<title>Tote-Bag en Coton Epais &quot;La fine bouche de la maison, c&#039;est lui !&quot; - ohmondessin.com<\/title>\n<meta name=\"robots\" content=\"index, follow, max-snippet:-1, max-image-preview:large, max-video-preview:-1\" \/>\n<link rel=\"canonical\" href=\"https:\/\/ohmondessin.com\/index.php\/product\/tote-bag-en-coton-epais-la-fine-bouche-de-la-maison-cest-lui\/\" \/>\n<meta property=\"og:locale\" content=\"fr_FR\" \/>\n<meta property=\"og:type\" content=\"article\" \/>\n<meta property=\"og:title\" content=\"Tote-Bag en Coton Epais &quot;La fine bouche de la maison, c&#039;est lui !&quot; - ohmondessin.com\" \/>\n<meta property=\"og:description\" content=\"Tote-Bag en Coton Epais &quot;La fine bouche de la maison, c&#039;est lui !&quot;  Ce tote bag fera craquer tous les amoureux des chats gourmands ! Avec son illustration amusante d&#039;un chat espi\u00e8gle pr\u00eat \u00e0 se r\u00e9galer dans la cuisine, ce sac est parfait pour ceux qui ont un petit chef (ou une fine bouche) \u00e0 quatre pattes \u00e0 la maison.\" \/>\n<meta property=\"og:url\" content=\"https:\/\/ohmondessin.com\/index.php\/product\/tote-bag-en-coton-epais-la-fine-bouche-de-la-maison-cest-lui\/\" \/>\n<meta property=\"og:site_name\" content=\"ohmondessin.com\" \/>\n<meta property=\"article:publisher\" content=\"https:\/\/www.facebook.com\/Ohmondessin\" \/>\n<meta property=\"article:modified_time\" content=\"2026-01-02T19:11:40+00:00\" \/>\n<meta property=\"og:image\" content=\"http:\/\/ohmondessin.com\/wp-content\/uploads\/2024\/11\/tote-bag-finebouche25-scaled.jpg\" \/>\n\t<meta property=\"og:image:width\" content=\"2110\" \/>\n\t<meta property=\"og:image:height\" content=\"2560\" \/>\n\t<meta property=\"og:image:type\" content=\"image\/jpeg\" \/>\n<meta name=\"twitter:card\" content=\"summary_large_image\" \/>\n<meta name=\"twitter:label1\" content=\"Dur\u00e9e de lecture estim\u00e9e\" \/>\n\t<meta name=\"twitter:data1\" content=\"1 minute\" \/>\n<script type=\"application\/ld+json\" class=\"yoast-schema-graph\">{\"@context\":\"https:\/\/schema.org\",\"@graph\":[{\"@type\":\"WebPage\",\"@id\":\"https:\/\/ohmondessin.com\/index.php\/product\/tote-bag-en-coton-epais-la-fine-bouche-de-la-maison-cest-lui\/\",\"url\":\"https:\/\/ohmondessin.com\/index.php\/product\/tote-bag-en-coton-epais-la-fine-bouche-de-la-maison-cest-lui\/\",\"name\":\"Tote-Bag en Coton Epais \\\"La fine bouche de la maison, c'est lui !\\\" - ohmondessin.com\",\"isPartOf\":{\"@id\":\"https:\/\/ohmondessin.com\/#website\"},\"primaryImageOfPage\":{\"@id\":\"https:\/\/ohmondessin.com\/index.php\/product\/tote-bag-en-coton-epais-la-fine-bouche-de-la-maison-cest-lui\/#primaryimage\"},\"image\":{\"@id\":\"https:\/\/ohmondessin.com\/index.php\/product\/tote-bag-en-coton-epais-la-fine-bouche-de-la-maison-cest-lui\/#primaryimage\"},\"thumbnailUrl\":\"https:\/\/ohmondessin.com\/wp-content\/uploads\/2024\/11\/tote-bag-finebouche25-scaled.jpg\",\"datePublished\":\"2021-11-02T14:39:06+00:00\",\"dateModified\":\"2026-01-02T19:11:40+00:00\",\"breadcrumb\":{\"@id\":\"https:\/\/ohmondessin.com\/index.php\/product\/tote-bag-en-coton-epais-la-fine-bouche-de-la-maison-cest-lui\/#breadcrumb\"},\"inLanguage\":\"fr-FR\",\"potentialAction\":[{\"@type\":\"ReadAction\",\"target\":[\"https:\/\/ohmondessin.com\/index.php\/product\/tote-bag-en-coton-epais-la-fine-bouche-de-la-maison-cest-lui\/\"]}]},{\"@type\":\"ImageObject\",\"inLanguage\":\"fr-FR\",\"@id\":\"https:\/\/ohmondessin.com\/index.php\/product\/tote-bag-en-coton-epais-la-fine-bouche-de-la-maison-cest-lui\/#primaryimage\",\"url\":\"https:\/\/ohmondessin.com\/wp-content\/uploads\/2024\/11\/tote-bag-finebouche25-scaled.jpg\",\"contentUrl\":\"https:\/\/ohmondessin.com\/wp-content\/uploads\/2024\/11\/tote-bag-finebouche25-scaled.jpg\",\"width\":2110,\"height\":2560},{\"@type\":\"BreadcrumbList\",\"@id\":\"https:\/\/ohmondessin.com\/index.php\/product\/tote-bag-en-coton-epais-la-fine-bouche-de-la-maison-cest-lui\/#breadcrumb\",\"itemListElement\":[{\"@type\":\"ListItem\",\"position\":1,\"name\":\"Accueil\",\"item\":\"https:\/\/ohmondessin.com\/\"},{\"@type\":\"ListItem\",\"position\":2,\"name\":\"La boutique\",\"item\":\"https:\/\/ohmondessin.com\/index.php\/la-boutique\/\"},{\"@type\":\"ListItem\",\"position\":3,\"name\":\"Tote-Bag en Coton Epais \u00ab\u00a0La fine bouche de la maison, c&rsquo;est lui !\u00a0\u00bb\"}]},{\"@type\":\"WebSite\",\"@id\":\"https:\/\/ohmondessin.com\/#website\",\"url\":\"https:\/\/ohmondessin.com\/\",\"name\":\"ohmondessin.com\",\"description\":\"De l\u2019illustration et du fait-main\",\"publisher\":{\"@id\":\"https:\/\/ohmondessin.com\/#organization\"},\"potentialAction\":[{\"@type\":\"SearchAction\",\"target\":{\"@type\":\"EntryPoint\",\"urlTemplate\":\"https:\/\/ohmondessin.com\/?s={search_term_string}\"},\"query-input\":{\"@type\":\"PropertyValueSpecification\",\"valueRequired\":true,\"valueName\":\"search_term_string\"}}],\"inLanguage\":\"fr-FR\"},{\"@type\":\"Organization\",\"@id\":\"https:\/\/ohmondessin.com\/#organization\",\"name\":\"ohmondessin.com\",\"url\":\"https:\/\/ohmondessin.com\/\",\"logo\":{\"@type\":\"ImageObject\",\"inLanguage\":\"fr-FR\",\"@id\":\"https:\/\/ohmondessin.com\/#\/schema\/logo\/image\/\",\"url\":\"https:\/\/ohmondessin.com\/wp-content\/uploads\/2023\/01\/logo_OHMD-dark.png\",\"contentUrl\":\"https:\/\/ohmondessin.com\/wp-content\/uploads\/2023\/01\/logo_OHMD-dark.png\",\"width\":500,\"height\":500,\"caption\":\"ohmondessin.com\"},\"image\":{\"@id\":\"https:\/\/ohmondessin.com\/#\/schema\/logo\/image\/\"},\"sameAs\":[\"https:\/\/www.facebook.com\/Ohmondessin\",\"https:\/\/www.instagram.com\/ohmondessin\/\"]}]}<\/script>\n<!-- \/ Yoast SEO plugin. -->","yoast_head_json":{"title":"Tote-Bag en Coton Epais \"La fine bouche de la maison, c'est lui !\" - ohmondessin.com","robots":{"index":"index","follow":"follow","max-snippet":"max-snippet:-1","max-image-preview":"max-image-preview:large","max-video-preview":"max-video-preview:-1"},"canonical":"https:\/\/ohmondessin.com\/index.php\/product\/tote-bag-en-coton-epais-la-fine-bouche-de-la-maison-cest-lui\/","og_locale":"fr_FR","og_type":"article","og_title":"Tote-Bag en Coton Epais \"La fine bouche de la maison, c'est lui !\" - ohmondessin.com","og_description":"Tote-Bag en Coton Epais \"La fine bouche de la maison, c'est lui !\"  Ce tote bag fera craquer tous les amoureux des chats gourmands ! Avec son illustration amusante d'un chat espi\u00e8gle pr\u00eat \u00e0 se r\u00e9galer dans la cuisine, ce sac est parfait pour ceux qui ont un petit chef (ou une fine bouche) \u00e0 quatre pattes \u00e0 la maison.","og_url":"https:\/\/ohmondessin.com\/index.php\/product\/tote-bag-en-coton-epais-la-fine-bouche-de-la-maison-cest-lui\/","og_site_name":"ohmondessin.com","article_publisher":"https:\/\/www.facebook.com\/Ohmondessin","article_modified_time":"2026-01-02T19:11:40+00:00","og_image":[{"width":2110,"height":2560,"url":"http:\/\/ohmondessin.com\/wp-content\/uploads\/2024\/11\/tote-bag-finebouche25-scaled.jpg","type":"image\/jpeg"}],"twitter_card":"summary_large_image","twitter_misc":{"Dur\u00e9e de lecture estim\u00e9e":"1 minute"},"schema":{"@context":"https:\/\/schema.org","@graph":[{"@type":"WebPage","@id":"https:\/\/ohmondessin.com\/index.php\/product\/tote-bag-en-coton-epais-la-fine-bouche-de-la-maison-cest-lui\/","url":"https:\/\/ohmondessin.com\/index.php\/product\/tote-bag-en-coton-epais-la-fine-bouche-de-la-maison-cest-lui\/","name":"Tote-Bag en Coton Epais \"La fine bouche de la maison, c'est lui !\" - ohmondessin.com","isPartOf":{"@id":"https:\/\/ohmondessin.com\/#website"},"primaryImageOfPage":{"@id":"https:\/\/ohmondessin.com\/index.php\/product\/tote-bag-en-coton-epais-la-fine-bouche-de-la-maison-cest-lui\/#primaryimage"},"image":{"@id":"https:\/\/ohmondessin.com\/index.php\/product\/tote-bag-en-coton-epais-la-fine-bouche-de-la-maison-cest-lui\/#primaryimage"},"thumbnailUrl":"https:\/\/ohmondessin.com\/wp-content\/uploads\/2024\/11\/tote-bag-finebouche25-scaled.jpg","datePublished":"2021-11-02T14:39:06+00:00","dateModified":"2026-01-02T19:11:40+00:00","breadcrumb":{"@id":"https:\/\/ohmondessin.com\/index.php\/product\/tote-bag-en-coton-epais-la-fine-bouche-de-la-maison-cest-lui\/#breadcrumb"},"inLanguage":"fr-FR","potentialAction":[{"@type":"ReadAction","target":["https:\/\/ohmondessin.com\/index.php\/product\/tote-bag-en-coton-epais-la-fine-bouche-de-la-maison-cest-lui\/"]}]},{"@type":"ImageObject","inLanguage":"fr-FR","@id":"https:\/\/ohmondessin.com\/index.php\/product\/tote-bag-en-coton-epais-la-fine-bouche-de-la-maison-cest-lui\/#primaryimage","url":"https:\/\/ohmondessin.com\/wp-content\/uploads\/2024\/11\/tote-bag-finebouche25-scaled.jpg","contentUrl":"https:\/\/ohmondessin.com\/wp-content\/uploads\/2024\/11\/tote-bag-finebouche25-scaled.jpg","width":2110,"height":2560},{"@type":"BreadcrumbList","@id":"https:\/\/ohmondessin.com\/index.php\/product\/tote-bag-en-coton-epais-la-fine-bouche-de-la-maison-cest-lui\/#breadcrumb","itemListElement":[{"@type":"ListItem","position":1,"name":"Accueil","item":"https:\/\/ohmondessin.com\/"},{"@type":"ListItem","position":2,"name":"La boutique","item":"https:\/\/ohmondessin.com\/index.php\/la-boutique\/"},{"@type":"ListItem","position":3,"name":"Tote-Bag en Coton Epais \u00ab\u00a0La fine bouche de la maison, c&rsquo;est lui !\u00a0\u00bb"}]},{"@type":"WebSite","@id":"https:\/\/ohmondessin.com\/#website","url":"https:\/\/ohmondessin.com\/","name":"ohmondessin.com","description":"De l\u2019illustration et du fait-main","publisher":{"@id":"https:\/\/ohmondessin.com\/#organization"},"potentialAction":[{"@type":"SearchAction","target":{"@type":"EntryPoint","urlTemplate":"https:\/\/ohmondessin.com\/?s={search_term_string}"},"query-input":{"@type":"PropertyValueSpecification","valueRequired":true,"valueName":"search_term_string"}}],"inLanguage":"fr-FR"},{"@type":"Organization","@id":"https:\/\/ohmondessin.com\/#organization","name":"ohmondessin.com","url":"https:\/\/ohmondessin.com\/","logo":{"@type":"ImageObject","inLanguage":"fr-FR","@id":"https:\/\/ohmondessin.com\/#\/schema\/logo\/image\/","url":"https:\/\/ohmondessin.com\/wp-content\/uploads\/2023\/01\/logo_OHMD-dark.png","contentUrl":"https:\/\/ohmondessin.com\/wp-content\/uploads\/2023\/01\/logo_OHMD-dark.png","width":500,"height":500,"caption":"ohmondessin.com"},"image":{"@id":"https:\/\/ohmondessin.com\/#\/schema\/logo\/image\/"},"sameAs":["https:\/\/www.facebook.com\/Ohmondessin","https:\/\/www.instagram.com\/ohmondessin\/"]}]}},"jetpack_sharing_enabled":true,"_links":{"self":[{"href":"https:\/\/ohmondessin.com\/index.php\/wp-json\/wp\/v2\/product\/7313","targetHints":{"allow":["GET"]}}],"collection":[{"href":"https:\/\/ohmondessin.com\/index.php\/wp-json\/wp\/v2\/product"}],"about":[{"href":"https:\/\/ohmondessin.com\/index.php\/wp-json\/wp\/v2\/types\/product"}],"replies":[{"embeddable":true,"href":"https:\/\/ohmondessin.com\/index.php\/wp-json\/wp\/v2\/comments?post=7313"}],"wp:featuredmedia":[{"embeddable":true,"href":"https:\/\/ohmondessin.com\/index.php\/wp-json\/wp\/v2\/media\/7837"}],"wp:attachment":[{"href":"https:\/\/ohmondessin.com\/index.php\/wp-json\/wp\/v2\/media?parent=7313"}],"wp:term":[{"taxonomy":"product_brand","embeddable":true,"href":"https:\/\/ohmondessin.com\/index.php\/wp-json\/wp\/v2\/product_brand?post=7313"},{"taxonomy":"product_cat","embeddable":true,"href":"https:\/\/ohmondessin.com\/index.php\/wp-json\/wp\/v2\/product_cat?post=7313"},{"taxonomy":"product_tag","embeddable":true,"href":"https:\/\/ohmondessin.com\/index.php\/wp-json\/wp\/v2\/product_tag?post=7313"}],"curies":[{"name":"wp","href":"https:\/\/api.w.org\/{rel}","templated":true}]}}