{"id":7384,"date":"2024-11-10T10:41:50","date_gmt":"2024-11-10T10:41:50","guid":{"rendered":"https:\/\/ohmondessin.com\/?post_type=product&#038;p=7384"},"modified":"2026-01-15T00:03:30","modified_gmt":"2026-01-15T00:03:30","slug":"affiche-le-petit-chat-boudeur-so-what","status":"publish","type":"product","link":"https:\/\/ohmondessin.com\/index.php\/product\/affiche-le-petit-chat-boudeur-so-what\/","title":{"rendered":"Affiche Le petit chat Boudeur &#8211; So What ?"},"content":{"rendered":"<p>\u2728 3 formats disponibles : A5, A4 et A3<\/p>\n<p>\u2728 Fabrication fran\u00e7aise sur papier mate premium 210 g\/m\u00b2<\/p>\n<p>\u2728 Affiche pr\u00eate \u00e0 \u00eatre encadr\u00e9e<\/p>\n<p>\u2728 Toutes les commandes sont soigneusement emball\u00e9es avec amour et exp\u00e9di\u00e9es avec un suivi.<\/p>\n<p>\u2728 Cette illustration existe \u00e9galement<a href=\"https:\/\/ohmondessin.com\/index.php\/product\/tasse-en-ceramique-du-petit-chat-boudeur-so-what\/\"> sur tasse en c\u00e9ramique !<\/a><\/p>\n<p>Les tons de l&rsquo;illustration peuvent varier entre l&rsquo;impression et l&rsquo;aper\u00e7u sur votre \u00e9cran.<\/p>\n","protected":false},"excerpt":{"rendered":"<p>Cette affiche repr\u00e9sente une plante aux grandes feuilles vertes et violettes dans un pot en terre, avec un petit chat noir \u00e0 la t\u00eate boudeuse qui regarde curieusement. Un design simple et amusant qui apporte une touche de verdure et une pointe d\u2019humour \u00e0 votre int\u00e9rieur. Id\u00e9ale pour les amoureux des plantes et des chats !<\/p>\n<p>L&rsquo;affiche est disponible en plusieurs formats : A5, A4 et A3.<\/p>\n<p>Chaque impression est r\u00e9alis\u00e9e dans mon atelier \u00e0 Maisons-Laffitte (78).<\/p>\n","protected":false},"featured_media":7382,"comment_status":"open","ping_status":"closed","template":"","meta":[],"product_brand":[],"product_cat":[745,746],"product_tag":[105,1203,1209,1204,112,525,1205,139,1208,928,1206,1207],"class_list":{"0":"post-7384","1":"product","2":"type-product","3":"status-publish","4":"has-post-thumbnail","6":"product_cat-affiches","7":"product_cat-toutes-les-affiches","8":"product_tag-affiche","9":"product_tag-affiche-chat-noir","10":"product_tag-affiche-cocoon","11":"product_tag-affiche-enfant","12":"product_tag-affiche-france","13":"product_tag-cadeau-orginal","14":"product_tag-chat-noir-boudeur","15":"product_tag-fait-main","16":"product_tag-illustration-cocoon","17":"product_tag-illustration-enfant","18":"product_tag-illustration-plante-verte","19":"product_tag-illustration-tendance","20":"product_shipping_class-lettre-suivie","22":"first","23":"instock","24":"taxable","25":"shipping-taxable","26":"purchasable","27":"product-type-variable"},"yoast_head":"<!-- This site is optimized with the Yoast SEO plugin v24.6 - https:\/\/yoast.com\/wordpress\/plugins\/seo\/ -->\n<title>Affiche Le petit chat Boudeur - So What ? - ohmondessin.com<\/title>\n<meta name=\"robots\" content=\"index, follow, max-snippet:-1, max-image-preview:large, max-video-preview:-1\" \/>\n<link rel=\"canonical\" href=\"https:\/\/ohmondessin.com\/index.php\/product\/affiche-le-petit-chat-boudeur-so-what\/\" \/>\n<meta property=\"og:locale\" content=\"fr_FR\" \/>\n<meta property=\"og:type\" content=\"article\" \/>\n<meta property=\"og:title\" content=\"Affiche Le petit chat Boudeur - So What ? - ohmondessin.com\" \/>\n<meta property=\"og:description\" content=\"Cette affiche repr\u00e9sente une plante aux grandes feuilles vertes et violettes dans un pot en terre, avec un petit chat noir \u00e0 la t\u00eate boudeuse qui regarde curieusement. Un design simple et amusant qui apporte une touche de verdure et une pointe d\u2019humour \u00e0 votre int\u00e9rieur. Id\u00e9ale pour les amoureux des plantes et des chats !  L&#039;affiche est disponible en plusieurs formats : A5, A4 et A3.  Chaque impression est r\u00e9alis\u00e9e dans mon atelier \u00e0 Maisons-Laffitte (78).\" \/>\n<meta property=\"og:url\" content=\"https:\/\/ohmondessin.com\/index.php\/product\/affiche-le-petit-chat-boudeur-so-what\/\" \/>\n<meta property=\"og:site_name\" content=\"ohmondessin.com\" \/>\n<meta property=\"article:publisher\" content=\"https:\/\/www.facebook.com\/Ohmondessin\" \/>\n<meta property=\"article:modified_time\" content=\"2026-01-15T00:03:30+00:00\" \/>\n<meta property=\"og:image\" content=\"http:\/\/ohmondessin.com\/wp-content\/uploads\/2024\/11\/SoWhat-Affiche-scaled.jpg\" \/>\n\t<meta property=\"og:image:width\" content=\"2560\" \/>\n\t<meta property=\"og:image:height\" content=\"2560\" \/>\n\t<meta property=\"og:image:type\" content=\"image\/jpeg\" \/>\n<meta name=\"twitter:card\" content=\"summary_large_image\" \/>\n<meta name=\"twitter:label1\" content=\"Dur\u00e9e de lecture estim\u00e9e\" \/>\n\t<meta name=\"twitter:data1\" content=\"1 minute\" \/>\n<script type=\"application\/ld+json\" class=\"yoast-schema-graph\">{\"@context\":\"https:\/\/schema.org\",\"@graph\":[{\"@type\":\"WebPage\",\"@id\":\"https:\/\/ohmondessin.com\/index.php\/product\/affiche-le-petit-chat-boudeur-so-what\/\",\"url\":\"https:\/\/ohmondessin.com\/index.php\/product\/affiche-le-petit-chat-boudeur-so-what\/\",\"name\":\"Affiche Le petit chat Boudeur - So What ? - ohmondessin.com\",\"isPartOf\":{\"@id\":\"https:\/\/ohmondessin.com\/#website\"},\"primaryImageOfPage\":{\"@id\":\"https:\/\/ohmondessin.com\/index.php\/product\/affiche-le-petit-chat-boudeur-so-what\/#primaryimage\"},\"image\":{\"@id\":\"https:\/\/ohmondessin.com\/index.php\/product\/affiche-le-petit-chat-boudeur-so-what\/#primaryimage\"},\"thumbnailUrl\":\"https:\/\/ohmondessin.com\/wp-content\/uploads\/2024\/11\/SoWhat-Affiche-scaled.jpg\",\"datePublished\":\"2024-11-10T10:41:50+00:00\",\"dateModified\":\"2026-01-15T00:03:30+00:00\",\"breadcrumb\":{\"@id\":\"https:\/\/ohmondessin.com\/index.php\/product\/affiche-le-petit-chat-boudeur-so-what\/#breadcrumb\"},\"inLanguage\":\"fr-FR\",\"potentialAction\":[{\"@type\":\"ReadAction\",\"target\":[\"https:\/\/ohmondessin.com\/index.php\/product\/affiche-le-petit-chat-boudeur-so-what\/\"]}]},{\"@type\":\"ImageObject\",\"inLanguage\":\"fr-FR\",\"@id\":\"https:\/\/ohmondessin.com\/index.php\/product\/affiche-le-petit-chat-boudeur-so-what\/#primaryimage\",\"url\":\"https:\/\/ohmondessin.com\/wp-content\/uploads\/2024\/11\/SoWhat-Affiche-scaled.jpg\",\"contentUrl\":\"https:\/\/ohmondessin.com\/wp-content\/uploads\/2024\/11\/SoWhat-Affiche-scaled.jpg\",\"width\":2560,\"height\":2560},{\"@type\":\"BreadcrumbList\",\"@id\":\"https:\/\/ohmondessin.com\/index.php\/product\/affiche-le-petit-chat-boudeur-so-what\/#breadcrumb\",\"itemListElement\":[{\"@type\":\"ListItem\",\"position\":1,\"name\":\"Accueil\",\"item\":\"https:\/\/ohmondessin.com\/\"},{\"@type\":\"ListItem\",\"position\":2,\"name\":\"La boutique\",\"item\":\"https:\/\/ohmondessin.com\/index.php\/la-boutique\/\"},{\"@type\":\"ListItem\",\"position\":3,\"name\":\"Affiche Le petit chat Boudeur &#8211; So What ?\"}]},{\"@type\":\"WebSite\",\"@id\":\"https:\/\/ohmondessin.com\/#website\",\"url\":\"https:\/\/ohmondessin.com\/\",\"name\":\"ohmondessin.com\",\"description\":\"De l\u2019illustration et du fait-main\",\"publisher\":{\"@id\":\"https:\/\/ohmondessin.com\/#organization\"},\"potentialAction\":[{\"@type\":\"SearchAction\",\"target\":{\"@type\":\"EntryPoint\",\"urlTemplate\":\"https:\/\/ohmondessin.com\/?s={search_term_string}\"},\"query-input\":{\"@type\":\"PropertyValueSpecification\",\"valueRequired\":true,\"valueName\":\"search_term_string\"}}],\"inLanguage\":\"fr-FR\"},{\"@type\":\"Organization\",\"@id\":\"https:\/\/ohmondessin.com\/#organization\",\"name\":\"ohmondessin.com\",\"url\":\"https:\/\/ohmondessin.com\/\",\"logo\":{\"@type\":\"ImageObject\",\"inLanguage\":\"fr-FR\",\"@id\":\"https:\/\/ohmondessin.com\/#\/schema\/logo\/image\/\",\"url\":\"https:\/\/ohmondessin.com\/wp-content\/uploads\/2023\/01\/logo_OHMD-dark.png\",\"contentUrl\":\"https:\/\/ohmondessin.com\/wp-content\/uploads\/2023\/01\/logo_OHMD-dark.png\",\"width\":500,\"height\":500,\"caption\":\"ohmondessin.com\"},\"image\":{\"@id\":\"https:\/\/ohmondessin.com\/#\/schema\/logo\/image\/\"},\"sameAs\":[\"https:\/\/www.facebook.com\/Ohmondessin\",\"https:\/\/www.instagram.com\/ohmondessin\/\"]}]}<\/script>\n<!-- \/ Yoast SEO plugin. -->","yoast_head_json":{"title":"Affiche Le petit chat Boudeur - So What ? - ohmondessin.com","robots":{"index":"index","follow":"follow","max-snippet":"max-snippet:-1","max-image-preview":"max-image-preview:large","max-video-preview":"max-video-preview:-1"},"canonical":"https:\/\/ohmondessin.com\/index.php\/product\/affiche-le-petit-chat-boudeur-so-what\/","og_locale":"fr_FR","og_type":"article","og_title":"Affiche Le petit chat Boudeur - So What ? - ohmondessin.com","og_description":"Cette affiche repr\u00e9sente une plante aux grandes feuilles vertes et violettes dans un pot en terre, avec un petit chat noir \u00e0 la t\u00eate boudeuse qui regarde curieusement. Un design simple et amusant qui apporte une touche de verdure et une pointe d\u2019humour \u00e0 votre int\u00e9rieur. Id\u00e9ale pour les amoureux des plantes et des chats !  L'affiche est disponible en plusieurs formats : A5, A4 et A3.  Chaque impression est r\u00e9alis\u00e9e dans mon atelier \u00e0 Maisons-Laffitte (78).","og_url":"https:\/\/ohmondessin.com\/index.php\/product\/affiche-le-petit-chat-boudeur-so-what\/","og_site_name":"ohmondessin.com","article_publisher":"https:\/\/www.facebook.com\/Ohmondessin","article_modified_time":"2026-01-15T00:03:30+00:00","og_image":[{"width":2560,"height":2560,"url":"http:\/\/ohmondessin.com\/wp-content\/uploads\/2024\/11\/SoWhat-Affiche-scaled.jpg","type":"image\/jpeg"}],"twitter_card":"summary_large_image","twitter_misc":{"Dur\u00e9e de lecture estim\u00e9e":"1 minute"},"schema":{"@context":"https:\/\/schema.org","@graph":[{"@type":"WebPage","@id":"https:\/\/ohmondessin.com\/index.php\/product\/affiche-le-petit-chat-boudeur-so-what\/","url":"https:\/\/ohmondessin.com\/index.php\/product\/affiche-le-petit-chat-boudeur-so-what\/","name":"Affiche Le petit chat Boudeur - So What ? - ohmondessin.com","isPartOf":{"@id":"https:\/\/ohmondessin.com\/#website"},"primaryImageOfPage":{"@id":"https:\/\/ohmondessin.com\/index.php\/product\/affiche-le-petit-chat-boudeur-so-what\/#primaryimage"},"image":{"@id":"https:\/\/ohmondessin.com\/index.php\/product\/affiche-le-petit-chat-boudeur-so-what\/#primaryimage"},"thumbnailUrl":"https:\/\/ohmondessin.com\/wp-content\/uploads\/2024\/11\/SoWhat-Affiche-scaled.jpg","datePublished":"2024-11-10T10:41:50+00:00","dateModified":"2026-01-15T00:03:30+00:00","breadcrumb":{"@id":"https:\/\/ohmondessin.com\/index.php\/product\/affiche-le-petit-chat-boudeur-so-what\/#breadcrumb"},"inLanguage":"fr-FR","potentialAction":[{"@type":"ReadAction","target":["https:\/\/ohmondessin.com\/index.php\/product\/affiche-le-petit-chat-boudeur-so-what\/"]}]},{"@type":"ImageObject","inLanguage":"fr-FR","@id":"https:\/\/ohmondessin.com\/index.php\/product\/affiche-le-petit-chat-boudeur-so-what\/#primaryimage","url":"https:\/\/ohmondessin.com\/wp-content\/uploads\/2024\/11\/SoWhat-Affiche-scaled.jpg","contentUrl":"https:\/\/ohmondessin.com\/wp-content\/uploads\/2024\/11\/SoWhat-Affiche-scaled.jpg","width":2560,"height":2560},{"@type":"BreadcrumbList","@id":"https:\/\/ohmondessin.com\/index.php\/product\/affiche-le-petit-chat-boudeur-so-what\/#breadcrumb","itemListElement":[{"@type":"ListItem","position":1,"name":"Accueil","item":"https:\/\/ohmondessin.com\/"},{"@type":"ListItem","position":2,"name":"La boutique","item":"https:\/\/ohmondessin.com\/index.php\/la-boutique\/"},{"@type":"ListItem","position":3,"name":"Affiche Le petit chat Boudeur &#8211; So What ?"}]},{"@type":"WebSite","@id":"https:\/\/ohmondessin.com\/#website","url":"https:\/\/ohmondessin.com\/","name":"ohmondessin.com","description":"De l\u2019illustration et du fait-main","publisher":{"@id":"https:\/\/ohmondessin.com\/#organization"},"potentialAction":[{"@type":"SearchAction","target":{"@type":"EntryPoint","urlTemplate":"https:\/\/ohmondessin.com\/?s={search_term_string}"},"query-input":{"@type":"PropertyValueSpecification","valueRequired":true,"valueName":"search_term_string"}}],"inLanguage":"fr-FR"},{"@type":"Organization","@id":"https:\/\/ohmondessin.com\/#organization","name":"ohmondessin.com","url":"https:\/\/ohmondessin.com\/","logo":{"@type":"ImageObject","inLanguage":"fr-FR","@id":"https:\/\/ohmondessin.com\/#\/schema\/logo\/image\/","url":"https:\/\/ohmondessin.com\/wp-content\/uploads\/2023\/01\/logo_OHMD-dark.png","contentUrl":"https:\/\/ohmondessin.com\/wp-content\/uploads\/2023\/01\/logo_OHMD-dark.png","width":500,"height":500,"caption":"ohmondessin.com"},"image":{"@id":"https:\/\/ohmondessin.com\/#\/schema\/logo\/image\/"},"sameAs":["https:\/\/www.facebook.com\/Ohmondessin","https:\/\/www.instagram.com\/ohmondessin\/"]}]}},"jetpack_sharing_enabled":true,"_links":{"self":[{"href":"https:\/\/ohmondessin.com\/index.php\/wp-json\/wp\/v2\/product\/7384","targetHints":{"allow":["GET"]}}],"collection":[{"href":"https:\/\/ohmondessin.com\/index.php\/wp-json\/wp\/v2\/product"}],"about":[{"href":"https:\/\/ohmondessin.com\/index.php\/wp-json\/wp\/v2\/types\/product"}],"replies":[{"embeddable":true,"href":"https:\/\/ohmondessin.com\/index.php\/wp-json\/wp\/v2\/comments?post=7384"}],"wp:featuredmedia":[{"embeddable":true,"href":"https:\/\/ohmondessin.com\/index.php\/wp-json\/wp\/v2\/media\/7382"}],"wp:attachment":[{"href":"https:\/\/ohmondessin.com\/index.php\/wp-json\/wp\/v2\/media?parent=7384"}],"wp:term":[{"taxonomy":"product_brand","embeddable":true,"href":"https:\/\/ohmondessin.com\/index.php\/wp-json\/wp\/v2\/product_brand?post=7384"},{"taxonomy":"product_cat","embeddable":true,"href":"https:\/\/ohmondessin.com\/index.php\/wp-json\/wp\/v2\/product_cat?post=7384"},{"taxonomy":"product_tag","embeddable":true,"href":"https:\/\/ohmondessin.com\/index.php\/wp-json\/wp\/v2\/product_tag?post=7384"}],"curies":[{"name":"wp","href":"https:\/\/api.w.org\/{rel}","templated":true}]}}