{"id":7405,"date":"2024-11-13T16:45:50","date_gmt":"2024-11-13T16:45:50","guid":{"rendered":"https:\/\/ohmondessin.com\/?post_type=product&#038;p=7405"},"modified":"2026-01-15T00:01:51","modified_gmt":"2026-01-15T00:01:51","slug":"tasse-en-ceramique-tu-es-ma-dolce-vita","status":"publish","type":"product","link":"https:\/\/ohmondessin.com\/index.php\/product\/tasse-en-ceramique-tu-es-ma-dolce-vita\/","title":{"rendered":"Tasse en c\u00e9ramique Tu es ma Dolce Vita"},"content":{"rendered":"<p>Cette tasse est id\u00e9ale pour apporter une touche de couleur et de douceur \u00e0 votre quotidien ou pour offrir en cadeau !<\/p>\n<ul>\n<li><strong>Capacit\u00e9<\/strong> : Parfait pour votre caf\u00e9, th\u00e9 ou toute boisson chaude.<\/li>\n<li><strong>Mat\u00e9riau<\/strong> : C\u00e9ramique de haute qualit\u00e9, durable et facile \u00e0 nettoyer, lavable au lave-vaisselle<\/li>\n<li><strong>Design<\/strong> : Illustration originale id\u00e9ale pour les amoureux d&rsquo;agrumes<\/li>\n<li><strong>Contenance<\/strong> : 325 ml<\/li>\n<li><strong>Production<\/strong> : tasse imprim\u00e9e \u00e0 10 km de l&rsquo;atelier et exp\u00e9di\u00e9e avec amour<\/li>\n<\/ul>\n","protected":false},"excerpt":{"rendered":"<div class=\"wrapper_desc_content\">\n<div class=\"productDescription__block productDescription__bs\">\n<p>Ajoutez une dose de bonne humeur \u00e0 votre quotidien avec notre tasse \u00ab\u00a0Tu es ma Dolce Vita\u00a0\u00bb. Ce design lumineux pr\u00e9sente des citrons juteux et des feuilles d\u00e9licates, encadr\u00e9es sur un fond vert.<\/p>\n<p>Avec le message \u00ab\u00a0Tu es ma Dolce Vita\u00a0\u00bb, ce mug est un rappel quotidien que chaque gorg\u00e9e peut \u00eatre une petite touche d&rsquo;\u00e9nergie et de positivit\u00e9.<\/p>\n<p>Fabriqu\u00e9 en c\u00e9ramique de haute qualit\u00e9, il est parfait pour savourer votre caf\u00e9, th\u00e9 ou toute autre boisson pr\u00e9f\u00e9r\u00e9e. R\u00e9sistant au lave-vaisselle et au micro-ondes, il allie praticit\u00e9 et style pour embellir vos moments de d\u00e9tente.<\/p>\n<\/div>\n<\/div>\n","protected":false},"featured_media":7406,"comment_status":"open","ping_status":"closed","template":"","meta":[],"product_brand":[],"product_cat":[1235,1304,780,117,148],"product_tag":[1223,1037,1213,1221,1218,1212,736,1219,1220,1194,1188,1216,1222,1217,1196],"class_list":{"0":"post-7405","1":"product","2":"type-product","3":"status-publish","4":"has-post-thumbnail","6":"product_cat-guide-cadeaux-de-noel","7":"product_cat-st-valentin","8":"product_cat-maison","9":"product_cat-mugs-tasses","10":"product_cat-tasses-en-ceramique","11":"product_tag-affiche-tu-es-ma-dolce-vita","12":"product_tag-affiche-vitamine","13":"product_tag-mug-agrumes","14":"product_tag-mug-citron","15":"product_tag-mug-vitamine","16":"product_tag-tasse-agrumes","17":"product_tag-tasse-ceramique","18":"product_tag-tasse-ceramique-agrumes","19":"product_tag-tasse-citron","20":"product_tag-tasse-durable","21":"product_tag-tasse-gouter","22":"product_tag-tasse-vitamines","23":"product_tag-tu-es-ma-dolce-vita","24":"product_tag-tu-es-ma-vitamine","25":"product_tag-vaiselle-ceramique","26":"product_shipping_class-mugs","28":"first","29":"instock","30":"taxable","31":"shipping-taxable","32":"purchasable","33":"product-type-simple"},"yoast_head":"<!-- This site is optimized with the Yoast SEO plugin v24.6 - https:\/\/yoast.com\/wordpress\/plugins\/seo\/ -->\n<title>Tasse en c\u00e9ramique Tu es ma Dolce Vita - ohmondessin.com<\/title>\n<meta name=\"description\" content=\"Ajoutez une touche de nature et de charme \u00e0 vos pauses caf\u00e9 avec cette tasse en c\u00e9ramique au design unique !\" \/>\n<meta name=\"robots\" content=\"index, follow, max-snippet:-1, max-image-preview:large, max-video-preview:-1\" \/>\n<link rel=\"canonical\" href=\"https:\/\/ohmondessin.com\/index.php\/product\/tasse-en-ceramique-tu-es-ma-dolce-vita\/\" \/>\n<meta property=\"og:locale\" content=\"fr_FR\" \/>\n<meta property=\"og:type\" content=\"article\" \/>\n<meta property=\"og:title\" content=\"Tasse en c\u00e9ramique Tu es ma Dolce Vita - ohmondessin.com\" \/>\n<meta property=\"og:description\" content=\"Ajoutez une touche de nature et de charme \u00e0 vos pauses caf\u00e9 avec cette tasse en c\u00e9ramique au design unique !\" \/>\n<meta property=\"og:url\" content=\"https:\/\/ohmondessin.com\/index.php\/product\/tasse-en-ceramique-tu-es-ma-dolce-vita\/\" \/>\n<meta property=\"og:site_name\" content=\"ohmondessin.com\" \/>\n<meta property=\"article:publisher\" content=\"https:\/\/www.facebook.com\/Ohmondessin\" \/>\n<meta property=\"article:modified_time\" content=\"2026-01-15T00:01:51+00:00\" \/>\n<meta property=\"og:image\" content=\"http:\/\/ohmondessin.com\/wp-content\/uploads\/2024\/11\/MUG-TU-ES-MA-DOLCE-VITA-scaled.jpg\" \/>\n\t<meta property=\"og:image:width\" content=\"2560\" \/>\n\t<meta property=\"og:image:height\" content=\"2560\" \/>\n\t<meta property=\"og:image:type\" content=\"image\/jpeg\" \/>\n<meta name=\"twitter:card\" content=\"summary_large_image\" \/>\n<meta name=\"twitter:label1\" content=\"Dur\u00e9e de lecture estim\u00e9e\" \/>\n\t<meta name=\"twitter:data1\" content=\"1 minute\" \/>\n<script type=\"application\/ld+json\" class=\"yoast-schema-graph\">{\"@context\":\"https:\/\/schema.org\",\"@graph\":[{\"@type\":\"WebPage\",\"@id\":\"https:\/\/ohmondessin.com\/index.php\/product\/tasse-en-ceramique-tu-es-ma-dolce-vita\/\",\"url\":\"https:\/\/ohmondessin.com\/index.php\/product\/tasse-en-ceramique-tu-es-ma-dolce-vita\/\",\"name\":\"Tasse en c\u00e9ramique Tu es ma Dolce Vita - ohmondessin.com\",\"isPartOf\":{\"@id\":\"https:\/\/ohmondessin.com\/#website\"},\"primaryImageOfPage\":{\"@id\":\"https:\/\/ohmondessin.com\/index.php\/product\/tasse-en-ceramique-tu-es-ma-dolce-vita\/#primaryimage\"},\"image\":{\"@id\":\"https:\/\/ohmondessin.com\/index.php\/product\/tasse-en-ceramique-tu-es-ma-dolce-vita\/#primaryimage\"},\"thumbnailUrl\":\"https:\/\/ohmondessin.com\/wp-content\/uploads\/2024\/11\/MUG-TU-ES-MA-DOLCE-VITA-scaled.jpg\",\"datePublished\":\"2024-11-13T16:45:50+00:00\",\"dateModified\":\"2026-01-15T00:01:51+00:00\",\"description\":\"Ajoutez une touche de nature et de charme \u00e0 vos pauses caf\u00e9 avec cette tasse en c\u00e9ramique au design unique !\",\"breadcrumb\":{\"@id\":\"https:\/\/ohmondessin.com\/index.php\/product\/tasse-en-ceramique-tu-es-ma-dolce-vita\/#breadcrumb\"},\"inLanguage\":\"fr-FR\",\"potentialAction\":[{\"@type\":\"ReadAction\",\"target\":[\"https:\/\/ohmondessin.com\/index.php\/product\/tasse-en-ceramique-tu-es-ma-dolce-vita\/\"]}]},{\"@type\":\"ImageObject\",\"inLanguage\":\"fr-FR\",\"@id\":\"https:\/\/ohmondessin.com\/index.php\/product\/tasse-en-ceramique-tu-es-ma-dolce-vita\/#primaryimage\",\"url\":\"https:\/\/ohmondessin.com\/wp-content\/uploads\/2024\/11\/MUG-TU-ES-MA-DOLCE-VITA-scaled.jpg\",\"contentUrl\":\"https:\/\/ohmondessin.com\/wp-content\/uploads\/2024\/11\/MUG-TU-ES-MA-DOLCE-VITA-scaled.jpg\",\"width\":2560,\"height\":2560},{\"@type\":\"BreadcrumbList\",\"@id\":\"https:\/\/ohmondessin.com\/index.php\/product\/tasse-en-ceramique-tu-es-ma-dolce-vita\/#breadcrumb\",\"itemListElement\":[{\"@type\":\"ListItem\",\"position\":1,\"name\":\"Accueil\",\"item\":\"https:\/\/ohmondessin.com\/\"},{\"@type\":\"ListItem\",\"position\":2,\"name\":\"La boutique\",\"item\":\"https:\/\/ohmondessin.com\/index.php\/la-boutique\/\"},{\"@type\":\"ListItem\",\"position\":3,\"name\":\"Tasse en c\u00e9ramique Tu es ma Dolce Vita\"}]},{\"@type\":\"WebSite\",\"@id\":\"https:\/\/ohmondessin.com\/#website\",\"url\":\"https:\/\/ohmondessin.com\/\",\"name\":\"ohmondessin.com\",\"description\":\"De l\u2019illustration et du fait-main\",\"publisher\":{\"@id\":\"https:\/\/ohmondessin.com\/#organization\"},\"potentialAction\":[{\"@type\":\"SearchAction\",\"target\":{\"@type\":\"EntryPoint\",\"urlTemplate\":\"https:\/\/ohmondessin.com\/?s={search_term_string}\"},\"query-input\":{\"@type\":\"PropertyValueSpecification\",\"valueRequired\":true,\"valueName\":\"search_term_string\"}}],\"inLanguage\":\"fr-FR\"},{\"@type\":\"Organization\",\"@id\":\"https:\/\/ohmondessin.com\/#organization\",\"name\":\"ohmondessin.com\",\"url\":\"https:\/\/ohmondessin.com\/\",\"logo\":{\"@type\":\"ImageObject\",\"inLanguage\":\"fr-FR\",\"@id\":\"https:\/\/ohmondessin.com\/#\/schema\/logo\/image\/\",\"url\":\"https:\/\/ohmondessin.com\/wp-content\/uploads\/2023\/01\/logo_OHMD-dark.png\",\"contentUrl\":\"https:\/\/ohmondessin.com\/wp-content\/uploads\/2023\/01\/logo_OHMD-dark.png\",\"width\":500,\"height\":500,\"caption\":\"ohmondessin.com\"},\"image\":{\"@id\":\"https:\/\/ohmondessin.com\/#\/schema\/logo\/image\/\"},\"sameAs\":[\"https:\/\/www.facebook.com\/Ohmondessin\",\"https:\/\/www.instagram.com\/ohmondessin\/\"]}]}<\/script>\n<!-- \/ Yoast SEO plugin. -->","yoast_head_json":{"title":"Tasse en c\u00e9ramique Tu es ma Dolce Vita - ohmondessin.com","description":"Ajoutez une touche de nature et de charme \u00e0 vos pauses caf\u00e9 avec cette tasse en c\u00e9ramique au design unique !","robots":{"index":"index","follow":"follow","max-snippet":"max-snippet:-1","max-image-preview":"max-image-preview:large","max-video-preview":"max-video-preview:-1"},"canonical":"https:\/\/ohmondessin.com\/index.php\/product\/tasse-en-ceramique-tu-es-ma-dolce-vita\/","og_locale":"fr_FR","og_type":"article","og_title":"Tasse en c\u00e9ramique Tu es ma Dolce Vita - ohmondessin.com","og_description":"Ajoutez une touche de nature et de charme \u00e0 vos pauses caf\u00e9 avec cette tasse en c\u00e9ramique au design unique !","og_url":"https:\/\/ohmondessin.com\/index.php\/product\/tasse-en-ceramique-tu-es-ma-dolce-vita\/","og_site_name":"ohmondessin.com","article_publisher":"https:\/\/www.facebook.com\/Ohmondessin","article_modified_time":"2026-01-15T00:01:51+00:00","og_image":[{"width":2560,"height":2560,"url":"http:\/\/ohmondessin.com\/wp-content\/uploads\/2024\/11\/MUG-TU-ES-MA-DOLCE-VITA-scaled.jpg","type":"image\/jpeg"}],"twitter_card":"summary_large_image","twitter_misc":{"Dur\u00e9e de lecture estim\u00e9e":"1 minute"},"schema":{"@context":"https:\/\/schema.org","@graph":[{"@type":"WebPage","@id":"https:\/\/ohmondessin.com\/index.php\/product\/tasse-en-ceramique-tu-es-ma-dolce-vita\/","url":"https:\/\/ohmondessin.com\/index.php\/product\/tasse-en-ceramique-tu-es-ma-dolce-vita\/","name":"Tasse en c\u00e9ramique Tu es ma Dolce Vita - ohmondessin.com","isPartOf":{"@id":"https:\/\/ohmondessin.com\/#website"},"primaryImageOfPage":{"@id":"https:\/\/ohmondessin.com\/index.php\/product\/tasse-en-ceramique-tu-es-ma-dolce-vita\/#primaryimage"},"image":{"@id":"https:\/\/ohmondessin.com\/index.php\/product\/tasse-en-ceramique-tu-es-ma-dolce-vita\/#primaryimage"},"thumbnailUrl":"https:\/\/ohmondessin.com\/wp-content\/uploads\/2024\/11\/MUG-TU-ES-MA-DOLCE-VITA-scaled.jpg","datePublished":"2024-11-13T16:45:50+00:00","dateModified":"2026-01-15T00:01:51+00:00","description":"Ajoutez une touche de nature et de charme \u00e0 vos pauses caf\u00e9 avec cette tasse en c\u00e9ramique au design unique !","breadcrumb":{"@id":"https:\/\/ohmondessin.com\/index.php\/product\/tasse-en-ceramique-tu-es-ma-dolce-vita\/#breadcrumb"},"inLanguage":"fr-FR","potentialAction":[{"@type":"ReadAction","target":["https:\/\/ohmondessin.com\/index.php\/product\/tasse-en-ceramique-tu-es-ma-dolce-vita\/"]}]},{"@type":"ImageObject","inLanguage":"fr-FR","@id":"https:\/\/ohmondessin.com\/index.php\/product\/tasse-en-ceramique-tu-es-ma-dolce-vita\/#primaryimage","url":"https:\/\/ohmondessin.com\/wp-content\/uploads\/2024\/11\/MUG-TU-ES-MA-DOLCE-VITA-scaled.jpg","contentUrl":"https:\/\/ohmondessin.com\/wp-content\/uploads\/2024\/11\/MUG-TU-ES-MA-DOLCE-VITA-scaled.jpg","width":2560,"height":2560},{"@type":"BreadcrumbList","@id":"https:\/\/ohmondessin.com\/index.php\/product\/tasse-en-ceramique-tu-es-ma-dolce-vita\/#breadcrumb","itemListElement":[{"@type":"ListItem","position":1,"name":"Accueil","item":"https:\/\/ohmondessin.com\/"},{"@type":"ListItem","position":2,"name":"La boutique","item":"https:\/\/ohmondessin.com\/index.php\/la-boutique\/"},{"@type":"ListItem","position":3,"name":"Tasse en c\u00e9ramique Tu es ma Dolce Vita"}]},{"@type":"WebSite","@id":"https:\/\/ohmondessin.com\/#website","url":"https:\/\/ohmondessin.com\/","name":"ohmondessin.com","description":"De l\u2019illustration et du fait-main","publisher":{"@id":"https:\/\/ohmondessin.com\/#organization"},"potentialAction":[{"@type":"SearchAction","target":{"@type":"EntryPoint","urlTemplate":"https:\/\/ohmondessin.com\/?s={search_term_string}"},"query-input":{"@type":"PropertyValueSpecification","valueRequired":true,"valueName":"search_term_string"}}],"inLanguage":"fr-FR"},{"@type":"Organization","@id":"https:\/\/ohmondessin.com\/#organization","name":"ohmondessin.com","url":"https:\/\/ohmondessin.com\/","logo":{"@type":"ImageObject","inLanguage":"fr-FR","@id":"https:\/\/ohmondessin.com\/#\/schema\/logo\/image\/","url":"https:\/\/ohmondessin.com\/wp-content\/uploads\/2023\/01\/logo_OHMD-dark.png","contentUrl":"https:\/\/ohmondessin.com\/wp-content\/uploads\/2023\/01\/logo_OHMD-dark.png","width":500,"height":500,"caption":"ohmondessin.com"},"image":{"@id":"https:\/\/ohmondessin.com\/#\/schema\/logo\/image\/"},"sameAs":["https:\/\/www.facebook.com\/Ohmondessin","https:\/\/www.instagram.com\/ohmondessin\/"]}]}},"jetpack_sharing_enabled":true,"_links":{"self":[{"href":"https:\/\/ohmondessin.com\/index.php\/wp-json\/wp\/v2\/product\/7405","targetHints":{"allow":["GET"]}}],"collection":[{"href":"https:\/\/ohmondessin.com\/index.php\/wp-json\/wp\/v2\/product"}],"about":[{"href":"https:\/\/ohmondessin.com\/index.php\/wp-json\/wp\/v2\/types\/product"}],"replies":[{"embeddable":true,"href":"https:\/\/ohmondessin.com\/index.php\/wp-json\/wp\/v2\/comments?post=7405"}],"wp:featuredmedia":[{"embeddable":true,"href":"https:\/\/ohmondessin.com\/index.php\/wp-json\/wp\/v2\/media\/7406"}],"wp:attachment":[{"href":"https:\/\/ohmondessin.com\/index.php\/wp-json\/wp\/v2\/media?parent=7405"}],"wp:term":[{"taxonomy":"product_brand","embeddable":true,"href":"https:\/\/ohmondessin.com\/index.php\/wp-json\/wp\/v2\/product_brand?post=7405"},{"taxonomy":"product_cat","embeddable":true,"href":"https:\/\/ohmondessin.com\/index.php\/wp-json\/wp\/v2\/product_cat?post=7405"},{"taxonomy":"product_tag","embeddable":true,"href":"https:\/\/ohmondessin.com\/index.php\/wp-json\/wp\/v2\/product_tag?post=7405"}],"curies":[{"name":"wp","href":"https:\/\/api.w.org\/{rel}","templated":true}]}}