{"id":7417,"date":"2024-11-13T17:41:38","date_gmt":"2024-11-13T17:41:38","guid":{"rendered":"https:\/\/ohmondessin.com\/?post_type=product&#038;p=7417"},"modified":"2026-01-15T00:01:51","modified_gmt":"2026-01-15T00:01:51","slug":"tasse-en-ceramique-tkt-je-gere","status":"publish","type":"product","link":"https:\/\/ohmondessin.com\/index.php\/product\/tasse-en-ceramique-tkt-je-gere\/","title":{"rendered":"Tasse en c\u00e9ramique Tkt, je g\u00e8re"},"content":{"rendered":"<p>Cette tasse est id\u00e9ale pour apporter une touche de couleur et de douceur \u00e0 votre quotidien ou pour offrir en cadeau !<\/p>\n<ul>\n<li><strong>Capacit\u00e9<\/strong> : Parfait pour votre caf\u00e9, th\u00e9 ou toute boisson chaude.<\/li>\n<li><strong>Mat\u00e9riau<\/strong> : C\u00e9ramique de haute qualit\u00e9, durable et facile \u00e0 nettoyer, lavable au lave-vaisselle<\/li>\n<li><strong>Design<\/strong> : Illustration originale id\u00e9ale pour g\u00e9rer un max !<\/li>\n<li><strong>Contenance<\/strong> : 325 ml<\/li>\n<li><strong>Production<\/strong> : tasse imprim\u00e9e \u00e0 10 km de l&rsquo;atelier et exp\u00e9di\u00e9e avec amour<\/li>\n<\/ul>\n","protected":false},"excerpt":{"rendered":"<div class=\"wrapper_desc_content\">\n<div class=\"productDescription__block productDescription__bs\">\n<p>Pour tous ceux qui gardent leur calme en toutes circonstances, notre mug \u00ab\u00a0TKT Je G\u00e8re !\u00a0\u00bb est le compagnon id\u00e9al ! Avec son adorable illustration d&rsquo;un chat d\u00e9tendu, les pattes derri\u00e8re la t\u00eate, il incarne parfaitement l&rsquo;attitude \u00ab\u00a0no stress\u00a0\u00bb. Le message \u00ab\u00a0TKT Je G\u00e8re !\u00a0\u00bb ajoute une touche d&rsquo;humour et de confiance, id\u00e9ale pour ceux qui prennent la vie avec l\u00e9g\u00e8ret\u00e9.<\/p>\n<\/div>\n<\/div>\n","protected":false},"featured_media":7418,"comment_status":"open","ping_status":"closed","template":"","meta":[],"product_brand":[],"product_cat":[1235,780,117,148],"product_tag":[834,835,1190,1227,1226,1225,1224,1197,736,828,829,1188,830,832,1196],"class_list":{"0":"post-7417","1":"product","2":"type-product","3":"status-publish","4":"has-post-thumbnail","6":"product_cat-guide-cadeaux-de-noel","7":"product_cat-maison","8":"product_cat-mugs-tasses","9":"product_cat-tasses-en-ceramique","10":"product_tag-cadeau-ado","11":"product_tag-mug-ado","12":"product_tag-mug-chat-noir","13":"product_tag-mug-chat-roux","14":"product_tag-mug-tkt","15":"product_tag-tass-tkt","16":"product_tag-tasse-ado","17":"product_tag-tasse-cafe-chat","18":"product_tag-tasse-ceramique","19":"product_tag-tasse-chat","20":"product_tag-tasse-chat-roux","21":"product_tag-tasse-gouter","22":"product_tag-tasse-tkt","23":"product_tag-tkt-je-gere","24":"product_tag-vaiselle-ceramique","25":"product_shipping_class-mugs","27":"first","28":"instock","29":"taxable","30":"shipping-taxable","31":"purchasable","32":"product-type-simple"},"yoast_head":"<!-- This site is optimized with the Yoast SEO plugin v24.6 - https:\/\/yoast.com\/wordpress\/plugins\/seo\/ -->\n<title>Tasse en c\u00e9ramique Tkt, je g\u00e8re - ohmondessin.com<\/title>\n<meta name=\"description\" content=\"Ajoutez une touche de nature et de charme \u00e0 vos pauses caf\u00e9 avec cette tasse en c\u00e9ramique au design unique !\" \/>\n<meta name=\"robots\" content=\"index, follow, max-snippet:-1, max-image-preview:large, max-video-preview:-1\" \/>\n<link rel=\"canonical\" href=\"https:\/\/ohmondessin.com\/index.php\/product\/tasse-en-ceramique-tkt-je-gere\/\" \/>\n<meta property=\"og:locale\" content=\"fr_FR\" \/>\n<meta property=\"og:type\" content=\"article\" \/>\n<meta property=\"og:title\" content=\"Tasse en c\u00e9ramique Tkt, je g\u00e8re - ohmondessin.com\" \/>\n<meta property=\"og:description\" content=\"Ajoutez une touche de nature et de charme \u00e0 vos pauses caf\u00e9 avec cette tasse en c\u00e9ramique au design unique !\" \/>\n<meta property=\"og:url\" content=\"https:\/\/ohmondessin.com\/index.php\/product\/tasse-en-ceramique-tkt-je-gere\/\" \/>\n<meta property=\"og:site_name\" content=\"ohmondessin.com\" \/>\n<meta property=\"article:publisher\" content=\"https:\/\/www.facebook.com\/Ohmondessin\" \/>\n<meta property=\"article:modified_time\" content=\"2026-01-15T00:01:51+00:00\" \/>\n<meta property=\"og:image\" content=\"http:\/\/ohmondessin.com\/wp-content\/uploads\/2024\/11\/MUG-TKT-CERAMIQUE-2-scaled.jpg\" \/>\n\t<meta property=\"og:image:width\" content=\"2560\" \/>\n\t<meta property=\"og:image:height\" content=\"2560\" \/>\n\t<meta property=\"og:image:type\" content=\"image\/jpeg\" \/>\n<meta name=\"twitter:card\" content=\"summary_large_image\" \/>\n<meta name=\"twitter:label1\" content=\"Dur\u00e9e de lecture estim\u00e9e\" \/>\n\t<meta name=\"twitter:data1\" content=\"1 minute\" \/>\n<script type=\"application\/ld+json\" class=\"yoast-schema-graph\">{\"@context\":\"https:\/\/schema.org\",\"@graph\":[{\"@type\":\"WebPage\",\"@id\":\"https:\/\/ohmondessin.com\/index.php\/product\/tasse-en-ceramique-tkt-je-gere\/\",\"url\":\"https:\/\/ohmondessin.com\/index.php\/product\/tasse-en-ceramique-tkt-je-gere\/\",\"name\":\"Tasse en c\u00e9ramique Tkt, je g\u00e8re - ohmondessin.com\",\"isPartOf\":{\"@id\":\"https:\/\/ohmondessin.com\/#website\"},\"primaryImageOfPage\":{\"@id\":\"https:\/\/ohmondessin.com\/index.php\/product\/tasse-en-ceramique-tkt-je-gere\/#primaryimage\"},\"image\":{\"@id\":\"https:\/\/ohmondessin.com\/index.php\/product\/tasse-en-ceramique-tkt-je-gere\/#primaryimage\"},\"thumbnailUrl\":\"https:\/\/ohmondessin.com\/wp-content\/uploads\/2024\/11\/MUG-TKT-CERAMIQUE-2-scaled.jpg\",\"datePublished\":\"2024-11-13T17:41:38+00:00\",\"dateModified\":\"2026-01-15T00:01:51+00:00\",\"description\":\"Ajoutez une touche de nature et de charme \u00e0 vos pauses caf\u00e9 avec cette tasse en c\u00e9ramique au design unique !\",\"breadcrumb\":{\"@id\":\"https:\/\/ohmondessin.com\/index.php\/product\/tasse-en-ceramique-tkt-je-gere\/#breadcrumb\"},\"inLanguage\":\"fr-FR\",\"potentialAction\":[{\"@type\":\"ReadAction\",\"target\":[\"https:\/\/ohmondessin.com\/index.php\/product\/tasse-en-ceramique-tkt-je-gere\/\"]}]},{\"@type\":\"ImageObject\",\"inLanguage\":\"fr-FR\",\"@id\":\"https:\/\/ohmondessin.com\/index.php\/product\/tasse-en-ceramique-tkt-je-gere\/#primaryimage\",\"url\":\"https:\/\/ohmondessin.com\/wp-content\/uploads\/2024\/11\/MUG-TKT-CERAMIQUE-2-scaled.jpg\",\"contentUrl\":\"https:\/\/ohmondessin.com\/wp-content\/uploads\/2024\/11\/MUG-TKT-CERAMIQUE-2-scaled.jpg\",\"width\":2560,\"height\":2560},{\"@type\":\"BreadcrumbList\",\"@id\":\"https:\/\/ohmondessin.com\/index.php\/product\/tasse-en-ceramique-tkt-je-gere\/#breadcrumb\",\"itemListElement\":[{\"@type\":\"ListItem\",\"position\":1,\"name\":\"Accueil\",\"item\":\"https:\/\/ohmondessin.com\/\"},{\"@type\":\"ListItem\",\"position\":2,\"name\":\"La boutique\",\"item\":\"https:\/\/ohmondessin.com\/index.php\/la-boutique\/\"},{\"@type\":\"ListItem\",\"position\":3,\"name\":\"Tasse en c\u00e9ramique Tkt, je g\u00e8re\"}]},{\"@type\":\"WebSite\",\"@id\":\"https:\/\/ohmondessin.com\/#website\",\"url\":\"https:\/\/ohmondessin.com\/\",\"name\":\"ohmondessin.com\",\"description\":\"De l\u2019illustration et du fait-main\",\"publisher\":{\"@id\":\"https:\/\/ohmondessin.com\/#organization\"},\"potentialAction\":[{\"@type\":\"SearchAction\",\"target\":{\"@type\":\"EntryPoint\",\"urlTemplate\":\"https:\/\/ohmondessin.com\/?s={search_term_string}\"},\"query-input\":{\"@type\":\"PropertyValueSpecification\",\"valueRequired\":true,\"valueName\":\"search_term_string\"}}],\"inLanguage\":\"fr-FR\"},{\"@type\":\"Organization\",\"@id\":\"https:\/\/ohmondessin.com\/#organization\",\"name\":\"ohmondessin.com\",\"url\":\"https:\/\/ohmondessin.com\/\",\"logo\":{\"@type\":\"ImageObject\",\"inLanguage\":\"fr-FR\",\"@id\":\"https:\/\/ohmondessin.com\/#\/schema\/logo\/image\/\",\"url\":\"https:\/\/ohmondessin.com\/wp-content\/uploads\/2023\/01\/logo_OHMD-dark.png\",\"contentUrl\":\"https:\/\/ohmondessin.com\/wp-content\/uploads\/2023\/01\/logo_OHMD-dark.png\",\"width\":500,\"height\":500,\"caption\":\"ohmondessin.com\"},\"image\":{\"@id\":\"https:\/\/ohmondessin.com\/#\/schema\/logo\/image\/\"},\"sameAs\":[\"https:\/\/www.facebook.com\/Ohmondessin\",\"https:\/\/www.instagram.com\/ohmondessin\/\"]}]}<\/script>\n<!-- \/ Yoast SEO plugin. -->","yoast_head_json":{"title":"Tasse en c\u00e9ramique Tkt, je g\u00e8re - ohmondessin.com","description":"Ajoutez une touche de nature et de charme \u00e0 vos pauses caf\u00e9 avec cette tasse en c\u00e9ramique au design unique !","robots":{"index":"index","follow":"follow","max-snippet":"max-snippet:-1","max-image-preview":"max-image-preview:large","max-video-preview":"max-video-preview:-1"},"canonical":"https:\/\/ohmondessin.com\/index.php\/product\/tasse-en-ceramique-tkt-je-gere\/","og_locale":"fr_FR","og_type":"article","og_title":"Tasse en c\u00e9ramique Tkt, je g\u00e8re - ohmondessin.com","og_description":"Ajoutez une touche de nature et de charme \u00e0 vos pauses caf\u00e9 avec cette tasse en c\u00e9ramique au design unique !","og_url":"https:\/\/ohmondessin.com\/index.php\/product\/tasse-en-ceramique-tkt-je-gere\/","og_site_name":"ohmondessin.com","article_publisher":"https:\/\/www.facebook.com\/Ohmondessin","article_modified_time":"2026-01-15T00:01:51+00:00","og_image":[{"width":2560,"height":2560,"url":"http:\/\/ohmondessin.com\/wp-content\/uploads\/2024\/11\/MUG-TKT-CERAMIQUE-2-scaled.jpg","type":"image\/jpeg"}],"twitter_card":"summary_large_image","twitter_misc":{"Dur\u00e9e de lecture estim\u00e9e":"1 minute"},"schema":{"@context":"https:\/\/schema.org","@graph":[{"@type":"WebPage","@id":"https:\/\/ohmondessin.com\/index.php\/product\/tasse-en-ceramique-tkt-je-gere\/","url":"https:\/\/ohmondessin.com\/index.php\/product\/tasse-en-ceramique-tkt-je-gere\/","name":"Tasse en c\u00e9ramique Tkt, je g\u00e8re - ohmondessin.com","isPartOf":{"@id":"https:\/\/ohmondessin.com\/#website"},"primaryImageOfPage":{"@id":"https:\/\/ohmondessin.com\/index.php\/product\/tasse-en-ceramique-tkt-je-gere\/#primaryimage"},"image":{"@id":"https:\/\/ohmondessin.com\/index.php\/product\/tasse-en-ceramique-tkt-je-gere\/#primaryimage"},"thumbnailUrl":"https:\/\/ohmondessin.com\/wp-content\/uploads\/2024\/11\/MUG-TKT-CERAMIQUE-2-scaled.jpg","datePublished":"2024-11-13T17:41:38+00:00","dateModified":"2026-01-15T00:01:51+00:00","description":"Ajoutez une touche de nature et de charme \u00e0 vos pauses caf\u00e9 avec cette tasse en c\u00e9ramique au design unique !","breadcrumb":{"@id":"https:\/\/ohmondessin.com\/index.php\/product\/tasse-en-ceramique-tkt-je-gere\/#breadcrumb"},"inLanguage":"fr-FR","potentialAction":[{"@type":"ReadAction","target":["https:\/\/ohmondessin.com\/index.php\/product\/tasse-en-ceramique-tkt-je-gere\/"]}]},{"@type":"ImageObject","inLanguage":"fr-FR","@id":"https:\/\/ohmondessin.com\/index.php\/product\/tasse-en-ceramique-tkt-je-gere\/#primaryimage","url":"https:\/\/ohmondessin.com\/wp-content\/uploads\/2024\/11\/MUG-TKT-CERAMIQUE-2-scaled.jpg","contentUrl":"https:\/\/ohmondessin.com\/wp-content\/uploads\/2024\/11\/MUG-TKT-CERAMIQUE-2-scaled.jpg","width":2560,"height":2560},{"@type":"BreadcrumbList","@id":"https:\/\/ohmondessin.com\/index.php\/product\/tasse-en-ceramique-tkt-je-gere\/#breadcrumb","itemListElement":[{"@type":"ListItem","position":1,"name":"Accueil","item":"https:\/\/ohmondessin.com\/"},{"@type":"ListItem","position":2,"name":"La boutique","item":"https:\/\/ohmondessin.com\/index.php\/la-boutique\/"},{"@type":"ListItem","position":3,"name":"Tasse en c\u00e9ramique Tkt, je g\u00e8re"}]},{"@type":"WebSite","@id":"https:\/\/ohmondessin.com\/#website","url":"https:\/\/ohmondessin.com\/","name":"ohmondessin.com","description":"De l\u2019illustration et du fait-main","publisher":{"@id":"https:\/\/ohmondessin.com\/#organization"},"potentialAction":[{"@type":"SearchAction","target":{"@type":"EntryPoint","urlTemplate":"https:\/\/ohmondessin.com\/?s={search_term_string}"},"query-input":{"@type":"PropertyValueSpecification","valueRequired":true,"valueName":"search_term_string"}}],"inLanguage":"fr-FR"},{"@type":"Organization","@id":"https:\/\/ohmondessin.com\/#organization","name":"ohmondessin.com","url":"https:\/\/ohmondessin.com\/","logo":{"@type":"ImageObject","inLanguage":"fr-FR","@id":"https:\/\/ohmondessin.com\/#\/schema\/logo\/image\/","url":"https:\/\/ohmondessin.com\/wp-content\/uploads\/2023\/01\/logo_OHMD-dark.png","contentUrl":"https:\/\/ohmondessin.com\/wp-content\/uploads\/2023\/01\/logo_OHMD-dark.png","width":500,"height":500,"caption":"ohmondessin.com"},"image":{"@id":"https:\/\/ohmondessin.com\/#\/schema\/logo\/image\/"},"sameAs":["https:\/\/www.facebook.com\/Ohmondessin","https:\/\/www.instagram.com\/ohmondessin\/"]}]}},"jetpack_sharing_enabled":true,"_links":{"self":[{"href":"https:\/\/ohmondessin.com\/index.php\/wp-json\/wp\/v2\/product\/7417","targetHints":{"allow":["GET"]}}],"collection":[{"href":"https:\/\/ohmondessin.com\/index.php\/wp-json\/wp\/v2\/product"}],"about":[{"href":"https:\/\/ohmondessin.com\/index.php\/wp-json\/wp\/v2\/types\/product"}],"replies":[{"embeddable":true,"href":"https:\/\/ohmondessin.com\/index.php\/wp-json\/wp\/v2\/comments?post=7417"}],"wp:featuredmedia":[{"embeddable":true,"href":"https:\/\/ohmondessin.com\/index.php\/wp-json\/wp\/v2\/media\/7418"}],"wp:attachment":[{"href":"https:\/\/ohmondessin.com\/index.php\/wp-json\/wp\/v2\/media?parent=7417"}],"wp:term":[{"taxonomy":"product_brand","embeddable":true,"href":"https:\/\/ohmondessin.com\/index.php\/wp-json\/wp\/v2\/product_brand?post=7417"},{"taxonomy":"product_cat","embeddable":true,"href":"https:\/\/ohmondessin.com\/index.php\/wp-json\/wp\/v2\/product_cat?post=7417"},{"taxonomy":"product_tag","embeddable":true,"href":"https:\/\/ohmondessin.com\/index.php\/wp-json\/wp\/v2\/product_tag?post=7417"}],"curies":[{"name":"wp","href":"https:\/\/api.w.org\/{rel}","templated":true}]}}