{"id":7421,"date":"2024-11-14T13:49:49","date_gmt":"2024-11-14T13:49:49","guid":{"rendered":"https:\/\/ohmondessin.com\/?post_type=product&#038;p=7421"},"modified":"2026-01-28T15:02:48","modified_gmt":"2026-01-28T15:02:48","slug":"la-fiole-dallumettes","status":"publish","type":"product","link":"https:\/\/ohmondessin.com\/index.php\/product\/la-fiole-dallumettes\/","title":{"rendered":"La Fiole d\u2019Allumettes"},"content":{"rendered":"<p>Avec leur design soign\u00e9, elles apporteront une touche po\u00e9tique \u00e0 votre int\u00e9rieur, que ce soit dans la salle de bain, pr\u00e8s d\u2019une bougie ou en d\u00e9coration dans le salon. Chaque fiole contient 30 allumettes de qualit\u00e9, parfaites pour allumer vos bougies ou accompagner vos moments de d\u00e9tente. Pratique, un petit grattoir se trouve sous la fiole pour vous permettre d&rsquo;allumer vos allumettes.<\/p>\n<p>Un d\u00e9tail charmant \u00e0 offrir ou \u00e0 s&rsquo;offrir !<\/p>\n<ul>\n<li><strong>Capacit\u00e9 :<\/strong> Pr\u00eate \u00e0 illuminer votre quotidien, chaque fiole contient 30 allumettes \u00e0 t\u00eate blanche et un petit grattoir.<\/li>\n<li><strong>Mat\u00e9riau :<\/strong> Fiole en verre transparent avec bouchon en li\u00e8ge, pour une esth\u00e9tique naturelle.<\/li>\n<li><strong>Design :<\/strong> Illustration originale et paillet\u00e9e, pour ajouter une touche magique et chaleureuse \u00e0 votre d\u00e9coration.<\/li>\n<li><strong>Utilisation :<\/strong> Parfait pour allumer vos bougies, feux de chemin\u00e9e, ou tout autre moment cosy.<\/li>\n<li><strong>Production :<\/strong> Flacon d\u2019allumettes assembl\u00e9 localement et exp\u00e9di\u00e9 avec amour.<\/li>\n<\/ul>\n","protected":false},"excerpt":{"rendered":"<div class=\"page\" title=\"Page 1\">\n<div class=\"section\">\n<div class=\"layoutArea\">\n<div class=\"column\">\n<p>D\u00e9couvrez notre flacon d&rsquo;allumettes, un petit objet du quotidien qui se transforme en accessoire d\u00e9coratif raffin\u00e9. Pr\u00e9sent\u00e9es dans une fiole en verre avec un bouchon en li\u00e8ge, ces 30 allumettes sont \u00e0 la fois pratiques et \u00e9l\u00e9gantes.<\/p>\n<\/div>\n<\/div>\n<\/div>\n<\/div>\n","protected":false},"featured_media":7422,"comment_status":"open","ping_status":"closed","template":"","meta":[],"product_brand":[],"product_cat":[1228,1235,780,612],"product_tag":[1230,1233,613,1232,619,616,617,618,620,1231,1229,355],"class_list":{"0":"post-7421","1":"product","2":"type-product","3":"status-publish","4":"has-post-thumbnail","6":"product_cat-allumettes","7":"product_cat-guide-cadeaux-de-noel","8":"product_cat-maison","9":"product_cat-bougies","10":"product_tag-allumettes","11":"product_tag-allumettes-blanches","12":"product_tag-bougie","13":"product_tag-bougie-et-allumettes","14":"product_tag-bougie-maison","15":"product_tag-bougie-parfumee","16":"product_tag-cadeau-bougie","17":"product_tag-cadeau-maison","18":"product_tag-decoration-bougie","19":"product_tag-falcon-allumettes","20":"product_tag-fiole-allumettes","21":"product_tag-parisienne","23":"first","24":"instock","25":"taxable","26":"shipping-taxable","27":"purchasable","28":"product-type-simple"},"yoast_head":"<!-- This site is optimized with the Yoast SEO plugin v24.6 - https:\/\/yoast.com\/wordpress\/plugins\/seo\/ -->\n<title>La Fiole d\u2019Allumettes - ohmondessin.com<\/title>\n<meta name=\"robots\" content=\"index, follow, max-snippet:-1, max-image-preview:large, max-video-preview:-1\" \/>\n<link rel=\"canonical\" href=\"https:\/\/ohmondessin.com\/index.php\/product\/la-fiole-dallumettes\/\" \/>\n<meta property=\"og:locale\" content=\"fr_FR\" \/>\n<meta property=\"og:type\" content=\"article\" \/>\n<meta property=\"og:title\" content=\"La Fiole d\u2019Allumettes - ohmondessin.com\" \/>\n<meta property=\"og:description\" content=\"D\u00e9couvrez notre flacon d&#039;allumettes, un petit objet du quotidien qui se transforme en accessoire d\u00e9coratif raffin\u00e9. Pr\u00e9sent\u00e9es dans une fiole en verre avec un bouchon en li\u00e8ge, ces 30 allumettes sont \u00e0 la fois pratiques et \u00e9l\u00e9gantes.\" \/>\n<meta property=\"og:url\" content=\"https:\/\/ohmondessin.com\/index.php\/product\/la-fiole-dallumettes\/\" \/>\n<meta property=\"og:site_name\" content=\"ohmondessin.com\" \/>\n<meta property=\"article:publisher\" content=\"https:\/\/www.facebook.com\/Ohmondessin\" \/>\n<meta property=\"article:modified_time\" content=\"2026-01-28T15:02:48+00:00\" \/>\n<meta property=\"og:image\" content=\"http:\/\/ohmondessin.com\/wp-content\/uploads\/2024\/11\/Fiole-allumettes-1-scaled-e1763028787311.jpg\" \/>\n\t<meta property=\"og:image:width\" content=\"2206\" \/>\n\t<meta property=\"og:image:height\" content=\"2560\" \/>\n\t<meta property=\"og:image:type\" content=\"image\/jpeg\" \/>\n<meta name=\"twitter:card\" content=\"summary_large_image\" \/>\n<meta name=\"twitter:label1\" content=\"Dur\u00e9e de lecture estim\u00e9e\" \/>\n\t<meta name=\"twitter:data1\" content=\"1 minute\" \/>\n<script type=\"application\/ld+json\" class=\"yoast-schema-graph\">{\"@context\":\"https:\/\/schema.org\",\"@graph\":[{\"@type\":\"WebPage\",\"@id\":\"https:\/\/ohmondessin.com\/index.php\/product\/la-fiole-dallumettes\/\",\"url\":\"https:\/\/ohmondessin.com\/index.php\/product\/la-fiole-dallumettes\/\",\"name\":\"La Fiole d\u2019Allumettes - ohmondessin.com\",\"isPartOf\":{\"@id\":\"https:\/\/ohmondessin.com\/#website\"},\"primaryImageOfPage\":{\"@id\":\"https:\/\/ohmondessin.com\/index.php\/product\/la-fiole-dallumettes\/#primaryimage\"},\"image\":{\"@id\":\"https:\/\/ohmondessin.com\/index.php\/product\/la-fiole-dallumettes\/#primaryimage\"},\"thumbnailUrl\":\"https:\/\/ohmondessin.com\/wp-content\/uploads\/2024\/11\/Fiole-allumettes-1-scaled-e1763028787311.jpg\",\"datePublished\":\"2024-11-14T13:49:49+00:00\",\"dateModified\":\"2026-01-28T15:02:48+00:00\",\"breadcrumb\":{\"@id\":\"https:\/\/ohmondessin.com\/index.php\/product\/la-fiole-dallumettes\/#breadcrumb\"},\"inLanguage\":\"fr-FR\",\"potentialAction\":[{\"@type\":\"ReadAction\",\"target\":[\"https:\/\/ohmondessin.com\/index.php\/product\/la-fiole-dallumettes\/\"]}]},{\"@type\":\"ImageObject\",\"inLanguage\":\"fr-FR\",\"@id\":\"https:\/\/ohmondessin.com\/index.php\/product\/la-fiole-dallumettes\/#primaryimage\",\"url\":\"https:\/\/ohmondessin.com\/wp-content\/uploads\/2024\/11\/Fiole-allumettes-1-scaled-e1763028787311.jpg\",\"contentUrl\":\"https:\/\/ohmondessin.com\/wp-content\/uploads\/2024\/11\/Fiole-allumettes-1-scaled-e1763028787311.jpg\",\"width\":2206,\"height\":2560},{\"@type\":\"BreadcrumbList\",\"@id\":\"https:\/\/ohmondessin.com\/index.php\/product\/la-fiole-dallumettes\/#breadcrumb\",\"itemListElement\":[{\"@type\":\"ListItem\",\"position\":1,\"name\":\"Accueil\",\"item\":\"https:\/\/ohmondessin.com\/\"},{\"@type\":\"ListItem\",\"position\":2,\"name\":\"La boutique\",\"item\":\"https:\/\/ohmondessin.com\/index.php\/la-boutique\/\"},{\"@type\":\"ListItem\",\"position\":3,\"name\":\"La Fiole d\u2019Allumettes\"}]},{\"@type\":\"WebSite\",\"@id\":\"https:\/\/ohmondessin.com\/#website\",\"url\":\"https:\/\/ohmondessin.com\/\",\"name\":\"ohmondessin.com\",\"description\":\"De l\u2019illustration et du fait-main\",\"publisher\":{\"@id\":\"https:\/\/ohmondessin.com\/#organization\"},\"potentialAction\":[{\"@type\":\"SearchAction\",\"target\":{\"@type\":\"EntryPoint\",\"urlTemplate\":\"https:\/\/ohmondessin.com\/?s={search_term_string}\"},\"query-input\":{\"@type\":\"PropertyValueSpecification\",\"valueRequired\":true,\"valueName\":\"search_term_string\"}}],\"inLanguage\":\"fr-FR\"},{\"@type\":\"Organization\",\"@id\":\"https:\/\/ohmondessin.com\/#organization\",\"name\":\"ohmondessin.com\",\"url\":\"https:\/\/ohmondessin.com\/\",\"logo\":{\"@type\":\"ImageObject\",\"inLanguage\":\"fr-FR\",\"@id\":\"https:\/\/ohmondessin.com\/#\/schema\/logo\/image\/\",\"url\":\"https:\/\/ohmondessin.com\/wp-content\/uploads\/2023\/01\/logo_OHMD-dark.png\",\"contentUrl\":\"https:\/\/ohmondessin.com\/wp-content\/uploads\/2023\/01\/logo_OHMD-dark.png\",\"width\":500,\"height\":500,\"caption\":\"ohmondessin.com\"},\"image\":{\"@id\":\"https:\/\/ohmondessin.com\/#\/schema\/logo\/image\/\"},\"sameAs\":[\"https:\/\/www.facebook.com\/Ohmondessin\",\"https:\/\/www.instagram.com\/ohmondessin\/\"]}]}<\/script>\n<!-- \/ Yoast SEO plugin. -->","yoast_head_json":{"title":"La Fiole d\u2019Allumettes - ohmondessin.com","robots":{"index":"index","follow":"follow","max-snippet":"max-snippet:-1","max-image-preview":"max-image-preview:large","max-video-preview":"max-video-preview:-1"},"canonical":"https:\/\/ohmondessin.com\/index.php\/product\/la-fiole-dallumettes\/","og_locale":"fr_FR","og_type":"article","og_title":"La Fiole d\u2019Allumettes - ohmondessin.com","og_description":"D\u00e9couvrez notre flacon d'allumettes, un petit objet du quotidien qui se transforme en accessoire d\u00e9coratif raffin\u00e9. Pr\u00e9sent\u00e9es dans une fiole en verre avec un bouchon en li\u00e8ge, ces 30 allumettes sont \u00e0 la fois pratiques et \u00e9l\u00e9gantes.","og_url":"https:\/\/ohmondessin.com\/index.php\/product\/la-fiole-dallumettes\/","og_site_name":"ohmondessin.com","article_publisher":"https:\/\/www.facebook.com\/Ohmondessin","article_modified_time":"2026-01-28T15:02:48+00:00","og_image":[{"width":2206,"height":2560,"url":"http:\/\/ohmondessin.com\/wp-content\/uploads\/2024\/11\/Fiole-allumettes-1-scaled-e1763028787311.jpg","type":"image\/jpeg"}],"twitter_card":"summary_large_image","twitter_misc":{"Dur\u00e9e de lecture estim\u00e9e":"1 minute"},"schema":{"@context":"https:\/\/schema.org","@graph":[{"@type":"WebPage","@id":"https:\/\/ohmondessin.com\/index.php\/product\/la-fiole-dallumettes\/","url":"https:\/\/ohmondessin.com\/index.php\/product\/la-fiole-dallumettes\/","name":"La Fiole d\u2019Allumettes - ohmondessin.com","isPartOf":{"@id":"https:\/\/ohmondessin.com\/#website"},"primaryImageOfPage":{"@id":"https:\/\/ohmondessin.com\/index.php\/product\/la-fiole-dallumettes\/#primaryimage"},"image":{"@id":"https:\/\/ohmondessin.com\/index.php\/product\/la-fiole-dallumettes\/#primaryimage"},"thumbnailUrl":"https:\/\/ohmondessin.com\/wp-content\/uploads\/2024\/11\/Fiole-allumettes-1-scaled-e1763028787311.jpg","datePublished":"2024-11-14T13:49:49+00:00","dateModified":"2026-01-28T15:02:48+00:00","breadcrumb":{"@id":"https:\/\/ohmondessin.com\/index.php\/product\/la-fiole-dallumettes\/#breadcrumb"},"inLanguage":"fr-FR","potentialAction":[{"@type":"ReadAction","target":["https:\/\/ohmondessin.com\/index.php\/product\/la-fiole-dallumettes\/"]}]},{"@type":"ImageObject","inLanguage":"fr-FR","@id":"https:\/\/ohmondessin.com\/index.php\/product\/la-fiole-dallumettes\/#primaryimage","url":"https:\/\/ohmondessin.com\/wp-content\/uploads\/2024\/11\/Fiole-allumettes-1-scaled-e1763028787311.jpg","contentUrl":"https:\/\/ohmondessin.com\/wp-content\/uploads\/2024\/11\/Fiole-allumettes-1-scaled-e1763028787311.jpg","width":2206,"height":2560},{"@type":"BreadcrumbList","@id":"https:\/\/ohmondessin.com\/index.php\/product\/la-fiole-dallumettes\/#breadcrumb","itemListElement":[{"@type":"ListItem","position":1,"name":"Accueil","item":"https:\/\/ohmondessin.com\/"},{"@type":"ListItem","position":2,"name":"La boutique","item":"https:\/\/ohmondessin.com\/index.php\/la-boutique\/"},{"@type":"ListItem","position":3,"name":"La Fiole d\u2019Allumettes"}]},{"@type":"WebSite","@id":"https:\/\/ohmondessin.com\/#website","url":"https:\/\/ohmondessin.com\/","name":"ohmondessin.com","description":"De l\u2019illustration et du fait-main","publisher":{"@id":"https:\/\/ohmondessin.com\/#organization"},"potentialAction":[{"@type":"SearchAction","target":{"@type":"EntryPoint","urlTemplate":"https:\/\/ohmondessin.com\/?s={search_term_string}"},"query-input":{"@type":"PropertyValueSpecification","valueRequired":true,"valueName":"search_term_string"}}],"inLanguage":"fr-FR"},{"@type":"Organization","@id":"https:\/\/ohmondessin.com\/#organization","name":"ohmondessin.com","url":"https:\/\/ohmondessin.com\/","logo":{"@type":"ImageObject","inLanguage":"fr-FR","@id":"https:\/\/ohmondessin.com\/#\/schema\/logo\/image\/","url":"https:\/\/ohmondessin.com\/wp-content\/uploads\/2023\/01\/logo_OHMD-dark.png","contentUrl":"https:\/\/ohmondessin.com\/wp-content\/uploads\/2023\/01\/logo_OHMD-dark.png","width":500,"height":500,"caption":"ohmondessin.com"},"image":{"@id":"https:\/\/ohmondessin.com\/#\/schema\/logo\/image\/"},"sameAs":["https:\/\/www.facebook.com\/Ohmondessin","https:\/\/www.instagram.com\/ohmondessin\/"]}]}},"jetpack_sharing_enabled":true,"_links":{"self":[{"href":"https:\/\/ohmondessin.com\/index.php\/wp-json\/wp\/v2\/product\/7421","targetHints":{"allow":["GET"]}}],"collection":[{"href":"https:\/\/ohmondessin.com\/index.php\/wp-json\/wp\/v2\/product"}],"about":[{"href":"https:\/\/ohmondessin.com\/index.php\/wp-json\/wp\/v2\/types\/product"}],"replies":[{"embeddable":true,"href":"https:\/\/ohmondessin.com\/index.php\/wp-json\/wp\/v2\/comments?post=7421"}],"wp:featuredmedia":[{"embeddable":true,"href":"https:\/\/ohmondessin.com\/index.php\/wp-json\/wp\/v2\/media\/7422"}],"wp:attachment":[{"href":"https:\/\/ohmondessin.com\/index.php\/wp-json\/wp\/v2\/media?parent=7421"}],"wp:term":[{"taxonomy":"product_brand","embeddable":true,"href":"https:\/\/ohmondessin.com\/index.php\/wp-json\/wp\/v2\/product_brand?post=7421"},{"taxonomy":"product_cat","embeddable":true,"href":"https:\/\/ohmondessin.com\/index.php\/wp-json\/wp\/v2\/product_cat?post=7421"},{"taxonomy":"product_tag","embeddable":true,"href":"https:\/\/ohmondessin.com\/index.php\/wp-json\/wp\/v2\/product_tag?post=7421"}],"curies":[{"name":"wp","href":"https:\/\/api.w.org\/{rel}","templated":true}]}}