{"id":7432,"date":"2024-11-14T15:29:49","date_gmt":"2024-11-14T15:29:49","guid":{"rendered":"https:\/\/ohmondessin.com\/?post_type=product&#038;p=7432"},"modified":"2026-01-20T21:19:57","modified_gmt":"2026-01-20T21:19:57","slug":"puzzle-pasta-amore-1000-pieces","status":"publish","type":"product","link":"https:\/\/ohmondessin.com\/index.php\/product\/puzzle-pasta-amore-1000-pieces\/","title":{"rendered":"Puzzle \u00ab\u00a0Pasta &#038; Amore\u00a0\u00bb \u2013 1000 pi\u00e8ces"},"content":{"rendered":"<p>Ce puzzle est un v\u00e9ritable voyage \u00e0 partager entre amis ou en famille, ou \u00e0 savourer en solo !<\/p>\n<ul>\n<li><strong>Dimensions<\/strong> : 69 x 47,6 cm une fois assembl\u00e9.<\/li>\n<li><strong>Mat\u00e9riau<\/strong> : Avec une boite en carton recycl\u00e9 et une fabrication fran\u00e7aise pour un meilleur respect de l\u2019environnement<\/li>\n<li><strong>Illustration<\/strong> : Un visuel original sign\u00e9 Oh ! Mon Dessin, con\u00e7u pour \u00e9veiller les sens et offrir un moment de plaisir visuel.<\/li>\n<li><strong>Cadeau id\u00e9al<\/strong> : Parfait pour offrir \u00e0 un proche ou pour s\u2019accorder un moment de pause m\u00e9ditative.<\/li>\n<\/ul>\n","protected":false},"excerpt":{"rendered":"<div class=\"wrapper_desc_content\">\n<div class=\"productDescription__block productDescription__bs\">\n<p>Plongez dans une ambiance m\u00e9diterran\u00e9enne avec le puzzle \u00ab\u00a0Pasta &amp; Amore\u00a0\u00bb ! Ce puzzle de 1000 pi\u00e8ces repr\u00e9sente une illustration pleine de charme d&rsquo;une assiette de p\u00e2tes et d&rsquo;un verre de vin, parfaite pour les amateurs de gastronomie italienne et de moments chaleureux. Avec ses couleurs douces et son design \u00e9l\u00e9gant, il apporte une touche de douceur et de gourmandise \u00e0 vos moments de d\u00e9tente.<\/p>\n<p><b>Nos engagements<\/b> :<\/p>\n<p>\ud83d\ude9a Livraison rapide &amp; suivie<br \/>\n\ud83c\uddeb\ud83c\uddf7 Puzzles cr\u00e9\u00e9s et fabriqu\u00e9s en France<br \/>\n\ud83d\udc9b Tirages en petite s\u00e9rie, pi\u00e8ces exclusives<br \/>\n\ud83d\udd12 Paiement 100 % s\u00e9curis\u00e9<\/p>\n<\/div>\n<\/div>\n","protected":false},"featured_media":7508,"comment_status":"open","ping_status":"closed","template":"","meta":[],"product_brand":[],"product_cat":[1234,1302,1235,1304],"product_tag":[1040,1058,1242,1270,1275,1271,1277,1272,1279,1276,1282,1281,1278,1274,1280,1273],"class_list":{"0":"post-7432","1":"product","2":"type-product","3":"status-publish","4":"has-post-thumbnail","6":"product_cat-puzzles","7":"product_cat-petits-prix","8":"product_cat-guide-cadeaux-de-noel","9":"product_cat-st-valentin","10":"product_tag-affiche-italie","11":"product_tag-affiche-pasta","12":"product_tag-pasta-amore","13":"product_tag-puzzle","14":"product_tag-puzzle-1000-pieces-made-in-france","15":"product_tag-puzzle-adulte","16":"product_tag-puzzle-amour","17":"product_tag-puzzle-cuisine","18":"product_tag-puzzle-design","19":"product_tag-puzzle-fait-en-france","20":"product_tag-puzzle-food","21":"product_tag-puzzle-food-street","22":"product_tag-puzzle-illustratice","23":"product_tag-puzzle-illustration","24":"product_tag-puzzle-italie","25":"product_tag-puzzle-pasta","26":"product_shipping_class-puzzles","28":"first","29":"instock","30":"taxable","31":"shipping-taxable","32":"purchasable","33":"product-type-simple"},"yoast_head":"<!-- This site is optimized with the Yoast SEO plugin v24.6 - https:\/\/yoast.com\/wordpress\/plugins\/seo\/ -->\n<title>Puzzle &quot;Pasta &amp; Amore&quot; \u2013 1000 pi\u00e8ces - ohmondessin.com<\/title>\n<meta name=\"description\" content=\"Ajoutez une touche de nature et de charme \u00e0 vos pauses caf\u00e9 avec cette tasse en c\u00e9ramique au design unique !\" \/>\n<meta name=\"robots\" content=\"index, follow, max-snippet:-1, max-image-preview:large, max-video-preview:-1\" \/>\n<link rel=\"canonical\" href=\"https:\/\/ohmondessin.com\/index.php\/product\/puzzle-pasta-amore-1000-pieces\/\" \/>\n<meta property=\"og:locale\" content=\"fr_FR\" \/>\n<meta property=\"og:type\" content=\"article\" \/>\n<meta property=\"og:title\" content=\"Puzzle &quot;Pasta &amp; Amore&quot; \u2013 1000 pi\u00e8ces - ohmondessin.com\" \/>\n<meta property=\"og:description\" content=\"Ajoutez une touche de nature et de charme \u00e0 vos pauses caf\u00e9 avec cette tasse en c\u00e9ramique au design unique !\" \/>\n<meta property=\"og:url\" content=\"https:\/\/ohmondessin.com\/index.php\/product\/puzzle-pasta-amore-1000-pieces\/\" \/>\n<meta property=\"og:site_name\" content=\"ohmondessin.com\" \/>\n<meta property=\"article:publisher\" content=\"https:\/\/www.facebook.com\/Ohmondessin\" \/>\n<meta property=\"article:modified_time\" content=\"2026-01-20T21:19:57+00:00\" \/>\n<meta property=\"og:image\" content=\"http:\/\/ohmondessin.com\/wp-content\/uploads\/2024\/11\/pastaamore-puzzle-scaled.jpg\" \/>\n\t<meta property=\"og:image:width\" content=\"2560\" \/>\n\t<meta property=\"og:image:height\" content=\"2560\" \/>\n\t<meta property=\"og:image:type\" content=\"image\/jpeg\" \/>\n<meta name=\"twitter:card\" content=\"summary_large_image\" \/>\n<meta name=\"twitter:label1\" content=\"Dur\u00e9e de lecture estim\u00e9e\" \/>\n\t<meta name=\"twitter:data1\" content=\"1 minute\" \/>\n<script type=\"application\/ld+json\" class=\"yoast-schema-graph\">{\"@context\":\"https:\/\/schema.org\",\"@graph\":[{\"@type\":\"WebPage\",\"@id\":\"https:\/\/ohmondessin.com\/index.php\/product\/puzzle-pasta-amore-1000-pieces\/\",\"url\":\"https:\/\/ohmondessin.com\/index.php\/product\/puzzle-pasta-amore-1000-pieces\/\",\"name\":\"Puzzle \\\"Pasta & Amore\\\" \u2013 1000 pi\u00e8ces - ohmondessin.com\",\"isPartOf\":{\"@id\":\"https:\/\/ohmondessin.com\/#website\"},\"primaryImageOfPage\":{\"@id\":\"https:\/\/ohmondessin.com\/index.php\/product\/puzzle-pasta-amore-1000-pieces\/#primaryimage\"},\"image\":{\"@id\":\"https:\/\/ohmondessin.com\/index.php\/product\/puzzle-pasta-amore-1000-pieces\/#primaryimage\"},\"thumbnailUrl\":\"https:\/\/ohmondessin.com\/wp-content\/uploads\/2024\/11\/pastaamore-puzzle-scaled.jpg\",\"datePublished\":\"2024-11-14T15:29:49+00:00\",\"dateModified\":\"2026-01-20T21:19:57+00:00\",\"description\":\"Ajoutez une touche de nature et de charme \u00e0 vos pauses caf\u00e9 avec cette tasse en c\u00e9ramique au design unique !\",\"breadcrumb\":{\"@id\":\"https:\/\/ohmondessin.com\/index.php\/product\/puzzle-pasta-amore-1000-pieces\/#breadcrumb\"},\"inLanguage\":\"fr-FR\",\"potentialAction\":[{\"@type\":\"ReadAction\",\"target\":[\"https:\/\/ohmondessin.com\/index.php\/product\/puzzle-pasta-amore-1000-pieces\/\"]}]},{\"@type\":\"ImageObject\",\"inLanguage\":\"fr-FR\",\"@id\":\"https:\/\/ohmondessin.com\/index.php\/product\/puzzle-pasta-amore-1000-pieces\/#primaryimage\",\"url\":\"https:\/\/ohmondessin.com\/wp-content\/uploads\/2024\/11\/pastaamore-puzzle-scaled.jpg\",\"contentUrl\":\"https:\/\/ohmondessin.com\/wp-content\/uploads\/2024\/11\/pastaamore-puzzle-scaled.jpg\",\"width\":2560,\"height\":2560,\"caption\":\"pasta&amore-puzzle\"},{\"@type\":\"BreadcrumbList\",\"@id\":\"https:\/\/ohmondessin.com\/index.php\/product\/puzzle-pasta-amore-1000-pieces\/#breadcrumb\",\"itemListElement\":[{\"@type\":\"ListItem\",\"position\":1,\"name\":\"Accueil\",\"item\":\"https:\/\/ohmondessin.com\/\"},{\"@type\":\"ListItem\",\"position\":2,\"name\":\"La boutique\",\"item\":\"https:\/\/ohmondessin.com\/index.php\/la-boutique\/\"},{\"@type\":\"ListItem\",\"position\":3,\"name\":\"Puzzle \u00ab\u00a0Pasta &#038; Amore\u00a0\u00bb \u2013 1000 pi\u00e8ces\"}]},{\"@type\":\"WebSite\",\"@id\":\"https:\/\/ohmondessin.com\/#website\",\"url\":\"https:\/\/ohmondessin.com\/\",\"name\":\"ohmondessin.com\",\"description\":\"De l\u2019illustration et du fait-main\",\"publisher\":{\"@id\":\"https:\/\/ohmondessin.com\/#organization\"},\"potentialAction\":[{\"@type\":\"SearchAction\",\"target\":{\"@type\":\"EntryPoint\",\"urlTemplate\":\"https:\/\/ohmondessin.com\/?s={search_term_string}\"},\"query-input\":{\"@type\":\"PropertyValueSpecification\",\"valueRequired\":true,\"valueName\":\"search_term_string\"}}],\"inLanguage\":\"fr-FR\"},{\"@type\":\"Organization\",\"@id\":\"https:\/\/ohmondessin.com\/#organization\",\"name\":\"ohmondessin.com\",\"url\":\"https:\/\/ohmondessin.com\/\",\"logo\":{\"@type\":\"ImageObject\",\"inLanguage\":\"fr-FR\",\"@id\":\"https:\/\/ohmondessin.com\/#\/schema\/logo\/image\/\",\"url\":\"https:\/\/ohmondessin.com\/wp-content\/uploads\/2023\/01\/logo_OHMD-dark.png\",\"contentUrl\":\"https:\/\/ohmondessin.com\/wp-content\/uploads\/2023\/01\/logo_OHMD-dark.png\",\"width\":500,\"height\":500,\"caption\":\"ohmondessin.com\"},\"image\":{\"@id\":\"https:\/\/ohmondessin.com\/#\/schema\/logo\/image\/\"},\"sameAs\":[\"https:\/\/www.facebook.com\/Ohmondessin\",\"https:\/\/www.instagram.com\/ohmondessin\/\"]}]}<\/script>\n<!-- \/ Yoast SEO plugin. -->","yoast_head_json":{"title":"Puzzle \"Pasta & Amore\" \u2013 1000 pi\u00e8ces - ohmondessin.com","description":"Ajoutez une touche de nature et de charme \u00e0 vos pauses caf\u00e9 avec cette tasse en c\u00e9ramique au design unique !","robots":{"index":"index","follow":"follow","max-snippet":"max-snippet:-1","max-image-preview":"max-image-preview:large","max-video-preview":"max-video-preview:-1"},"canonical":"https:\/\/ohmondessin.com\/index.php\/product\/puzzle-pasta-amore-1000-pieces\/","og_locale":"fr_FR","og_type":"article","og_title":"Puzzle \"Pasta & Amore\" \u2013 1000 pi\u00e8ces - ohmondessin.com","og_description":"Ajoutez une touche de nature et de charme \u00e0 vos pauses caf\u00e9 avec cette tasse en c\u00e9ramique au design unique !","og_url":"https:\/\/ohmondessin.com\/index.php\/product\/puzzle-pasta-amore-1000-pieces\/","og_site_name":"ohmondessin.com","article_publisher":"https:\/\/www.facebook.com\/Ohmondessin","article_modified_time":"2026-01-20T21:19:57+00:00","og_image":[{"width":2560,"height":2560,"url":"http:\/\/ohmondessin.com\/wp-content\/uploads\/2024\/11\/pastaamore-puzzle-scaled.jpg","type":"image\/jpeg"}],"twitter_card":"summary_large_image","twitter_misc":{"Dur\u00e9e de lecture estim\u00e9e":"1 minute"},"schema":{"@context":"https:\/\/schema.org","@graph":[{"@type":"WebPage","@id":"https:\/\/ohmondessin.com\/index.php\/product\/puzzle-pasta-amore-1000-pieces\/","url":"https:\/\/ohmondessin.com\/index.php\/product\/puzzle-pasta-amore-1000-pieces\/","name":"Puzzle \"Pasta & Amore\" \u2013 1000 pi\u00e8ces - ohmondessin.com","isPartOf":{"@id":"https:\/\/ohmondessin.com\/#website"},"primaryImageOfPage":{"@id":"https:\/\/ohmondessin.com\/index.php\/product\/puzzle-pasta-amore-1000-pieces\/#primaryimage"},"image":{"@id":"https:\/\/ohmondessin.com\/index.php\/product\/puzzle-pasta-amore-1000-pieces\/#primaryimage"},"thumbnailUrl":"https:\/\/ohmondessin.com\/wp-content\/uploads\/2024\/11\/pastaamore-puzzle-scaled.jpg","datePublished":"2024-11-14T15:29:49+00:00","dateModified":"2026-01-20T21:19:57+00:00","description":"Ajoutez une touche de nature et de charme \u00e0 vos pauses caf\u00e9 avec cette tasse en c\u00e9ramique au design unique !","breadcrumb":{"@id":"https:\/\/ohmondessin.com\/index.php\/product\/puzzle-pasta-amore-1000-pieces\/#breadcrumb"},"inLanguage":"fr-FR","potentialAction":[{"@type":"ReadAction","target":["https:\/\/ohmondessin.com\/index.php\/product\/puzzle-pasta-amore-1000-pieces\/"]}]},{"@type":"ImageObject","inLanguage":"fr-FR","@id":"https:\/\/ohmondessin.com\/index.php\/product\/puzzle-pasta-amore-1000-pieces\/#primaryimage","url":"https:\/\/ohmondessin.com\/wp-content\/uploads\/2024\/11\/pastaamore-puzzle-scaled.jpg","contentUrl":"https:\/\/ohmondessin.com\/wp-content\/uploads\/2024\/11\/pastaamore-puzzle-scaled.jpg","width":2560,"height":2560,"caption":"pasta&amore-puzzle"},{"@type":"BreadcrumbList","@id":"https:\/\/ohmondessin.com\/index.php\/product\/puzzle-pasta-amore-1000-pieces\/#breadcrumb","itemListElement":[{"@type":"ListItem","position":1,"name":"Accueil","item":"https:\/\/ohmondessin.com\/"},{"@type":"ListItem","position":2,"name":"La boutique","item":"https:\/\/ohmondessin.com\/index.php\/la-boutique\/"},{"@type":"ListItem","position":3,"name":"Puzzle \u00ab\u00a0Pasta &#038; Amore\u00a0\u00bb \u2013 1000 pi\u00e8ces"}]},{"@type":"WebSite","@id":"https:\/\/ohmondessin.com\/#website","url":"https:\/\/ohmondessin.com\/","name":"ohmondessin.com","description":"De l\u2019illustration et du fait-main","publisher":{"@id":"https:\/\/ohmondessin.com\/#organization"},"potentialAction":[{"@type":"SearchAction","target":{"@type":"EntryPoint","urlTemplate":"https:\/\/ohmondessin.com\/?s={search_term_string}"},"query-input":{"@type":"PropertyValueSpecification","valueRequired":true,"valueName":"search_term_string"}}],"inLanguage":"fr-FR"},{"@type":"Organization","@id":"https:\/\/ohmondessin.com\/#organization","name":"ohmondessin.com","url":"https:\/\/ohmondessin.com\/","logo":{"@type":"ImageObject","inLanguage":"fr-FR","@id":"https:\/\/ohmondessin.com\/#\/schema\/logo\/image\/","url":"https:\/\/ohmondessin.com\/wp-content\/uploads\/2023\/01\/logo_OHMD-dark.png","contentUrl":"https:\/\/ohmondessin.com\/wp-content\/uploads\/2023\/01\/logo_OHMD-dark.png","width":500,"height":500,"caption":"ohmondessin.com"},"image":{"@id":"https:\/\/ohmondessin.com\/#\/schema\/logo\/image\/"},"sameAs":["https:\/\/www.facebook.com\/Ohmondessin","https:\/\/www.instagram.com\/ohmondessin\/"]}]}},"jetpack_sharing_enabled":true,"_links":{"self":[{"href":"https:\/\/ohmondessin.com\/index.php\/wp-json\/wp\/v2\/product\/7432","targetHints":{"allow":["GET"]}}],"collection":[{"href":"https:\/\/ohmondessin.com\/index.php\/wp-json\/wp\/v2\/product"}],"about":[{"href":"https:\/\/ohmondessin.com\/index.php\/wp-json\/wp\/v2\/types\/product"}],"replies":[{"embeddable":true,"href":"https:\/\/ohmondessin.com\/index.php\/wp-json\/wp\/v2\/comments?post=7432"}],"wp:featuredmedia":[{"embeddable":true,"href":"https:\/\/ohmondessin.com\/index.php\/wp-json\/wp\/v2\/media\/7508"}],"wp:attachment":[{"href":"https:\/\/ohmondessin.com\/index.php\/wp-json\/wp\/v2\/media?parent=7432"}],"wp:term":[{"taxonomy":"product_brand","embeddable":true,"href":"https:\/\/ohmondessin.com\/index.php\/wp-json\/wp\/v2\/product_brand?post=7432"},{"taxonomy":"product_cat","embeddable":true,"href":"https:\/\/ohmondessin.com\/index.php\/wp-json\/wp\/v2\/product_cat?post=7432"},{"taxonomy":"product_tag","embeddable":true,"href":"https:\/\/ohmondessin.com\/index.php\/wp-json\/wp\/v2\/product_tag?post=7432"}],"curies":[{"name":"wp","href":"https:\/\/api.w.org\/{rel}","templated":true}]}}