{"id":7450,"date":"2024-11-19T14:23:24","date_gmt":"2024-11-19T14:23:24","guid":{"rendered":"https:\/\/ohmondessin.com\/?post_type=product&#038;p=7450"},"modified":"2026-01-15T00:01:51","modified_gmt":"2026-01-15T00:01:51","slug":"magnet-madame","status":"publish","type":"product","link":"https:\/\/ohmondessin.com\/index.php\/product\/magnet-madame\/","title":{"rendered":"Magnet Madame"},"content":{"rendered":"<p>D\u00e9couvrez <a href=\"https:\/\/ohmondessin.com\/index.php\/product-category\/maison\/magnets\/\">notre collection de magnets aux illustrations originales<\/a>, imagin\u00e9es et cr\u00e9\u00e9es avec soin. Ces petites \u0153uvres d\u2019art aimant\u00e9es sont id\u00e9ales pour personnaliser votre frigo, tableau magn\u00e9tique ou toute autre surface m\u00e9tallique.<\/p>\n","protected":false},"excerpt":{"rendered":"<p>\u00c9l\u00e9gance \u00e0 la fran\u00e7aise, avec une touche humoristique. Une femme styl\u00e9e en marini\u00e8re, bouquet \u00e0 la main et baguette sous le bras \u2013 un hommage graphique au charme parisien intemporel.<\/p>\n<ul>\n<li><strong>Mat\u00e9riaux :<\/strong> R\u00e9alis\u00e9s avec des mat\u00e9riaux robustes et durables, ces magnets allient praticit\u00e9 et esth\u00e9tique.<\/li>\n<li><strong>Design :<\/strong> Illustrations originales et d\u00e9taill\u00e9es, cr\u00e9\u00e9es avec passion pour apporter une touche artistique unique \u00e0 votre d\u00e9coration.<\/li>\n<li><strong>Utilisation :<\/strong> Id\u00e9al pour sublimer votre cuisine, bureau ou tout autre espace n\u00e9cessitant une note personnelle et chaleureuse.<\/li>\n<li><strong>Production :<\/strong> Magnets assembl\u00e9s et imprim\u00e9s localement, exp\u00e9di\u00e9s avec soin et beaucoup d\u2019amour.<\/li>\n<\/ul>\n<p>&nbsp;<\/p>\n","protected":false},"featured_media":7458,"comment_status":"open","ping_status":"closed","template":"","meta":[],"product_brand":[],"product_cat":[1235,780,164],"product_tag":[567,256,1239,1240,139,1238,885,1237,662,813,809,808,1236,811,106,371,107],"class_list":{"0":"post-7450","1":"product","2":"type-product","3":"status-publish","4":"has-post-thumbnail","6":"product_cat-guide-cadeaux-de-noel","7":"product_cat-maison","8":"product_cat-magnets","9":"product_tag-affiche-parisienne","10":"product_tag-aimant-frigo","11":"product_tag-aimant-paris","12":"product_tag-aimant-parisienne","13":"product_tag-fait-main","14":"product_tag-femme-baguette-magnet","15":"product_tag-illustration-parisienne","16":"product_tag-madame","17":"product_tag-magnet-chat","18":"product_tag-magnet-cool","19":"product_tag-magnet-france","20":"product_tag-magnet-paris","21":"product_tag-magnet-parisienne","22":"product_tag-magnet-tour-eiffel","23":"product_tag-poster","24":"product_tag-tour-eiffel","25":"product_tag-yvelines","27":"first","28":"instock","29":"taxable","30":"shipping-taxable","31":"purchasable","32":"product-type-simple"},"yoast_head":"<!-- This site is optimized with the Yoast SEO plugin v24.6 - https:\/\/yoast.com\/wordpress\/plugins\/seo\/ -->\n<title>Magnet Madame - ohmondessin.com<\/title>\n<meta name=\"description\" content=\"D\u00e9couvrez notre collection de magnets aux illustrations originales, imagin\u00e9es et cr\u00e9\u00e9es avec soin. Ces petites \u0153uvres d\u2019art aimant\u00e9es sont id\u00e9ales pour personnaliser votre frigo, tableau magn\u00e9tique ou toute autre surface m\u00e9tallique.\" \/>\n<meta name=\"robots\" content=\"index, follow, max-snippet:-1, max-image-preview:large, max-video-preview:-1\" \/>\n<link rel=\"canonical\" href=\"https:\/\/ohmondessin.com\/index.php\/product\/magnet-madame\/\" \/>\n<meta property=\"og:locale\" content=\"fr_FR\" \/>\n<meta property=\"og:type\" content=\"article\" \/>\n<meta property=\"og:title\" content=\"Magnet Madame - ohmondessin.com\" \/>\n<meta property=\"og:description\" content=\"D\u00e9couvrez notre collection de magnets aux illustrations originales, imagin\u00e9es et cr\u00e9\u00e9es avec soin. Ces petites \u0153uvres d\u2019art aimant\u00e9es sont id\u00e9ales pour personnaliser votre frigo, tableau magn\u00e9tique ou toute autre surface m\u00e9tallique.\" \/>\n<meta property=\"og:url\" content=\"https:\/\/ohmondessin.com\/index.php\/product\/magnet-madame\/\" \/>\n<meta property=\"og:site_name\" content=\"ohmondessin.com\" \/>\n<meta property=\"article:publisher\" content=\"https:\/\/www.facebook.com\/Ohmondessin\" \/>\n<meta property=\"article:modified_time\" content=\"2026-01-15T00:01:51+00:00\" \/>\n<meta property=\"og:image\" content=\"http:\/\/ohmondessin.com\/wp-content\/uploads\/2024\/11\/MADAME_1-1-scaled.jpg\" \/>\n\t<meta property=\"og:image:width\" content=\"2560\" \/>\n\t<meta property=\"og:image:height\" content=\"2560\" \/>\n\t<meta property=\"og:image:type\" content=\"image\/jpeg\" \/>\n<meta name=\"twitter:card\" content=\"summary_large_image\" \/>\n<meta name=\"twitter:label1\" content=\"Dur\u00e9e de lecture estim\u00e9e\" \/>\n\t<meta name=\"twitter:data1\" content=\"1 minute\" \/>\n<script type=\"application\/ld+json\" class=\"yoast-schema-graph\">{\"@context\":\"https:\/\/schema.org\",\"@graph\":[{\"@type\":\"WebPage\",\"@id\":\"https:\/\/ohmondessin.com\/index.php\/product\/magnet-madame\/\",\"url\":\"https:\/\/ohmondessin.com\/index.php\/product\/magnet-madame\/\",\"name\":\"Magnet Madame - ohmondessin.com\",\"isPartOf\":{\"@id\":\"https:\/\/ohmondessin.com\/#website\"},\"primaryImageOfPage\":{\"@id\":\"https:\/\/ohmondessin.com\/index.php\/product\/magnet-madame\/#primaryimage\"},\"image\":{\"@id\":\"https:\/\/ohmondessin.com\/index.php\/product\/magnet-madame\/#primaryimage\"},\"thumbnailUrl\":\"https:\/\/ohmondessin.com\/wp-content\/uploads\/2024\/11\/MADAME_1-1-scaled.jpg\",\"datePublished\":\"2024-11-19T14:23:24+00:00\",\"dateModified\":\"2026-01-15T00:01:51+00:00\",\"description\":\"D\u00e9couvrez notre collection de magnets aux illustrations originales, imagin\u00e9es et cr\u00e9\u00e9es avec soin. Ces petites \u0153uvres d\u2019art aimant\u00e9es sont id\u00e9ales pour personnaliser votre frigo, tableau magn\u00e9tique ou toute autre surface m\u00e9tallique.\",\"breadcrumb\":{\"@id\":\"https:\/\/ohmondessin.com\/index.php\/product\/magnet-madame\/#breadcrumb\"},\"inLanguage\":\"fr-FR\",\"potentialAction\":[{\"@type\":\"ReadAction\",\"target\":[\"https:\/\/ohmondessin.com\/index.php\/product\/magnet-madame\/\"]}]},{\"@type\":\"ImageObject\",\"inLanguage\":\"fr-FR\",\"@id\":\"https:\/\/ohmondessin.com\/index.php\/product\/magnet-madame\/#primaryimage\",\"url\":\"https:\/\/ohmondessin.com\/wp-content\/uploads\/2024\/11\/MADAME_1-1-scaled.jpg\",\"contentUrl\":\"https:\/\/ohmondessin.com\/wp-content\/uploads\/2024\/11\/MADAME_1-1-scaled.jpg\",\"width\":2560,\"height\":2560,\"caption\":\"https:\/\/ohmondessin.com\/index.php\/product-category\/maison\/magnets\/\"},{\"@type\":\"BreadcrumbList\",\"@id\":\"https:\/\/ohmondessin.com\/index.php\/product\/magnet-madame\/#breadcrumb\",\"itemListElement\":[{\"@type\":\"ListItem\",\"position\":1,\"name\":\"Accueil\",\"item\":\"https:\/\/ohmondessin.com\/\"},{\"@type\":\"ListItem\",\"position\":2,\"name\":\"La boutique\",\"item\":\"https:\/\/ohmondessin.com\/index.php\/la-boutique\/\"},{\"@type\":\"ListItem\",\"position\":3,\"name\":\"Magnet Madame\"}]},{\"@type\":\"WebSite\",\"@id\":\"https:\/\/ohmondessin.com\/#website\",\"url\":\"https:\/\/ohmondessin.com\/\",\"name\":\"ohmondessin.com\",\"description\":\"De l\u2019illustration et du fait-main\",\"publisher\":{\"@id\":\"https:\/\/ohmondessin.com\/#organization\"},\"potentialAction\":[{\"@type\":\"SearchAction\",\"target\":{\"@type\":\"EntryPoint\",\"urlTemplate\":\"https:\/\/ohmondessin.com\/?s={search_term_string}\"},\"query-input\":{\"@type\":\"PropertyValueSpecification\",\"valueRequired\":true,\"valueName\":\"search_term_string\"}}],\"inLanguage\":\"fr-FR\"},{\"@type\":\"Organization\",\"@id\":\"https:\/\/ohmondessin.com\/#organization\",\"name\":\"ohmondessin.com\",\"url\":\"https:\/\/ohmondessin.com\/\",\"logo\":{\"@type\":\"ImageObject\",\"inLanguage\":\"fr-FR\",\"@id\":\"https:\/\/ohmondessin.com\/#\/schema\/logo\/image\/\",\"url\":\"https:\/\/ohmondessin.com\/wp-content\/uploads\/2023\/01\/logo_OHMD-dark.png\",\"contentUrl\":\"https:\/\/ohmondessin.com\/wp-content\/uploads\/2023\/01\/logo_OHMD-dark.png\",\"width\":500,\"height\":500,\"caption\":\"ohmondessin.com\"},\"image\":{\"@id\":\"https:\/\/ohmondessin.com\/#\/schema\/logo\/image\/\"},\"sameAs\":[\"https:\/\/www.facebook.com\/Ohmondessin\",\"https:\/\/www.instagram.com\/ohmondessin\/\"]}]}<\/script>\n<!-- \/ Yoast SEO plugin. -->","yoast_head_json":{"title":"Magnet Madame - ohmondessin.com","description":"D\u00e9couvrez notre collection de magnets aux illustrations originales, imagin\u00e9es et cr\u00e9\u00e9es avec soin. Ces petites \u0153uvres d\u2019art aimant\u00e9es sont id\u00e9ales pour personnaliser votre frigo, tableau magn\u00e9tique ou toute autre surface m\u00e9tallique.","robots":{"index":"index","follow":"follow","max-snippet":"max-snippet:-1","max-image-preview":"max-image-preview:large","max-video-preview":"max-video-preview:-1"},"canonical":"https:\/\/ohmondessin.com\/index.php\/product\/magnet-madame\/","og_locale":"fr_FR","og_type":"article","og_title":"Magnet Madame - ohmondessin.com","og_description":"D\u00e9couvrez notre collection de magnets aux illustrations originales, imagin\u00e9es et cr\u00e9\u00e9es avec soin. Ces petites \u0153uvres d\u2019art aimant\u00e9es sont id\u00e9ales pour personnaliser votre frigo, tableau magn\u00e9tique ou toute autre surface m\u00e9tallique.","og_url":"https:\/\/ohmondessin.com\/index.php\/product\/magnet-madame\/","og_site_name":"ohmondessin.com","article_publisher":"https:\/\/www.facebook.com\/Ohmondessin","article_modified_time":"2026-01-15T00:01:51+00:00","og_image":[{"width":2560,"height":2560,"url":"http:\/\/ohmondessin.com\/wp-content\/uploads\/2024\/11\/MADAME_1-1-scaled.jpg","type":"image\/jpeg"}],"twitter_card":"summary_large_image","twitter_misc":{"Dur\u00e9e de lecture estim\u00e9e":"1 minute"},"schema":{"@context":"https:\/\/schema.org","@graph":[{"@type":"WebPage","@id":"https:\/\/ohmondessin.com\/index.php\/product\/magnet-madame\/","url":"https:\/\/ohmondessin.com\/index.php\/product\/magnet-madame\/","name":"Magnet Madame - ohmondessin.com","isPartOf":{"@id":"https:\/\/ohmondessin.com\/#website"},"primaryImageOfPage":{"@id":"https:\/\/ohmondessin.com\/index.php\/product\/magnet-madame\/#primaryimage"},"image":{"@id":"https:\/\/ohmondessin.com\/index.php\/product\/magnet-madame\/#primaryimage"},"thumbnailUrl":"https:\/\/ohmondessin.com\/wp-content\/uploads\/2024\/11\/MADAME_1-1-scaled.jpg","datePublished":"2024-11-19T14:23:24+00:00","dateModified":"2026-01-15T00:01:51+00:00","description":"D\u00e9couvrez notre collection de magnets aux illustrations originales, imagin\u00e9es et cr\u00e9\u00e9es avec soin. Ces petites \u0153uvres d\u2019art aimant\u00e9es sont id\u00e9ales pour personnaliser votre frigo, tableau magn\u00e9tique ou toute autre surface m\u00e9tallique.","breadcrumb":{"@id":"https:\/\/ohmondessin.com\/index.php\/product\/magnet-madame\/#breadcrumb"},"inLanguage":"fr-FR","potentialAction":[{"@type":"ReadAction","target":["https:\/\/ohmondessin.com\/index.php\/product\/magnet-madame\/"]}]},{"@type":"ImageObject","inLanguage":"fr-FR","@id":"https:\/\/ohmondessin.com\/index.php\/product\/magnet-madame\/#primaryimage","url":"https:\/\/ohmondessin.com\/wp-content\/uploads\/2024\/11\/MADAME_1-1-scaled.jpg","contentUrl":"https:\/\/ohmondessin.com\/wp-content\/uploads\/2024\/11\/MADAME_1-1-scaled.jpg","width":2560,"height":2560,"caption":"https:\/\/ohmondessin.com\/index.php\/product-category\/maison\/magnets\/"},{"@type":"BreadcrumbList","@id":"https:\/\/ohmondessin.com\/index.php\/product\/magnet-madame\/#breadcrumb","itemListElement":[{"@type":"ListItem","position":1,"name":"Accueil","item":"https:\/\/ohmondessin.com\/"},{"@type":"ListItem","position":2,"name":"La boutique","item":"https:\/\/ohmondessin.com\/index.php\/la-boutique\/"},{"@type":"ListItem","position":3,"name":"Magnet Madame"}]},{"@type":"WebSite","@id":"https:\/\/ohmondessin.com\/#website","url":"https:\/\/ohmondessin.com\/","name":"ohmondessin.com","description":"De l\u2019illustration et du fait-main","publisher":{"@id":"https:\/\/ohmondessin.com\/#organization"},"potentialAction":[{"@type":"SearchAction","target":{"@type":"EntryPoint","urlTemplate":"https:\/\/ohmondessin.com\/?s={search_term_string}"},"query-input":{"@type":"PropertyValueSpecification","valueRequired":true,"valueName":"search_term_string"}}],"inLanguage":"fr-FR"},{"@type":"Organization","@id":"https:\/\/ohmondessin.com\/#organization","name":"ohmondessin.com","url":"https:\/\/ohmondessin.com\/","logo":{"@type":"ImageObject","inLanguage":"fr-FR","@id":"https:\/\/ohmondessin.com\/#\/schema\/logo\/image\/","url":"https:\/\/ohmondessin.com\/wp-content\/uploads\/2023\/01\/logo_OHMD-dark.png","contentUrl":"https:\/\/ohmondessin.com\/wp-content\/uploads\/2023\/01\/logo_OHMD-dark.png","width":500,"height":500,"caption":"ohmondessin.com"},"image":{"@id":"https:\/\/ohmondessin.com\/#\/schema\/logo\/image\/"},"sameAs":["https:\/\/www.facebook.com\/Ohmondessin","https:\/\/www.instagram.com\/ohmondessin\/"]}]}},"jetpack_sharing_enabled":true,"_links":{"self":[{"href":"https:\/\/ohmondessin.com\/index.php\/wp-json\/wp\/v2\/product\/7450","targetHints":{"allow":["GET"]}}],"collection":[{"href":"https:\/\/ohmondessin.com\/index.php\/wp-json\/wp\/v2\/product"}],"about":[{"href":"https:\/\/ohmondessin.com\/index.php\/wp-json\/wp\/v2\/types\/product"}],"replies":[{"embeddable":true,"href":"https:\/\/ohmondessin.com\/index.php\/wp-json\/wp\/v2\/comments?post=7450"}],"wp:featuredmedia":[{"embeddable":true,"href":"https:\/\/ohmondessin.com\/index.php\/wp-json\/wp\/v2\/media\/7458"}],"wp:attachment":[{"href":"https:\/\/ohmondessin.com\/index.php\/wp-json\/wp\/v2\/media?parent=7450"}],"wp:term":[{"taxonomy":"product_brand","embeddable":true,"href":"https:\/\/ohmondessin.com\/index.php\/wp-json\/wp\/v2\/product_brand?post=7450"},{"taxonomy":"product_cat","embeddable":true,"href":"https:\/\/ohmondessin.com\/index.php\/wp-json\/wp\/v2\/product_cat?post=7450"},{"taxonomy":"product_tag","embeddable":true,"href":"https:\/\/ohmondessin.com\/index.php\/wp-json\/wp\/v2\/product_tag?post=7450"}],"curies":[{"name":"wp","href":"https:\/\/api.w.org\/{rel}","templated":true}]}}