{"id":7462,"date":"2024-11-19T15:06:35","date_gmt":"2024-11-19T15:06:35","guid":{"rendered":"https:\/\/ohmondessin.com\/?post_type=product&#038;p=7462"},"modified":"2026-01-15T00:01:51","modified_gmt":"2026-01-15T00:01:51","slug":"magnet-croissant-amour","status":"publish","type":"product","link":"https:\/\/ohmondessin.com\/index.php\/product\/magnet-croissant-amour\/","title":{"rendered":"Magnet Croissant &#038; Amour"},"content":{"rendered":"<p>D\u00e9couvrez <a href=\"https:\/\/ohmondessin.com\/index.php\/product-category\/maison\/magnets\/\">notre collection de magnets aux illustrations originales<\/a>, imagin\u00e9es et cr\u00e9\u00e9es avec soin. Ces petites \u0153uvres d\u2019art aimant\u00e9es sont id\u00e9ales pour personnaliser votre frigo, tableau magn\u00e9tique ou toute autre surface m\u00e9tallique.<\/p>\n","protected":false},"excerpt":{"rendered":"<p>Commencez votre journ\u00e9e avec une sc\u00e8ne de petit-d\u00e9jeuner idyllique, des croissants dor\u00e9s et une ambiance de matin ensoleill\u00e9. Une illustration parfaite pour les amoureux de la gastronomie fran\u00e7aise.<\/p>\n<ul>\n<li><strong>Mat\u00e9riaux :<\/strong> R\u00e9alis\u00e9s avec des mat\u00e9riaux robustes et durables, ces magnets allient praticit\u00e9 et esth\u00e9tique.<\/li>\n<li><strong>Design :<\/strong> Illustrations originales et d\u00e9taill\u00e9es, cr\u00e9\u00e9es avec passion pour apporter une touche artistique unique \u00e0 votre d\u00e9coration.<\/li>\n<li><strong>Utilisation :<\/strong> Id\u00e9al pour sublimer votre cuisine, bureau ou tout autre espace n\u00e9cessitant une note personnelle et chaleureuse.<\/li>\n<li><strong>Production :<\/strong> Magnets assembl\u00e9s et imprim\u00e9s localement, exp\u00e9di\u00e9s avec soin et beaucoup d\u2019amour.<\/li>\n<\/ul>\n<p>&nbsp;<\/p>\n","protected":false},"featured_media":7465,"comment_status":"open","ping_status":"closed","template":"","meta":[],"product_brand":[],"product_cat":[1235,1304,780,164],"product_tag":[1249,1040,567,1241,1246,1247,256,1239,1240,139,1248,1237,1245,809,1243,808,1244,1242,106,371,107],"class_list":{"0":"post-7462","1":"product","2":"type-product","3":"status-publish","4":"has-post-thumbnail","6":"product_cat-guide-cadeaux-de-noel","7":"product_cat-st-valentin","8":"product_cat-maison","9":"product_cat-magnets","10":"product_tag-affiche-couple","11":"product_tag-affiche-italie","12":"product_tag-affiche-parisienne","13":"product_tag-affiche-pasta-amore","14":"product_tag-aimant-amour","15":"product_tag-aimant-couple","16":"product_tag-aimant-frigo","17":"product_tag-aimant-paris","18":"product_tag-aimant-parisienne","19":"product_tag-fait-main","20":"product_tag-illustration-couple","21":"product_tag-madame","22":"product_tag-magnet-amour","23":"product_tag-magnet-france","24":"product_tag-magnet-italie","25":"product_tag-magnet-paris","26":"product_tag-magnet-pasta","27":"product_tag-pasta-amore","28":"product_tag-poster","29":"product_tag-tour-eiffel","30":"product_tag-yvelines","32":"first","33":"instock","34":"taxable","35":"shipping-taxable","36":"purchasable","37":"product-type-simple"},"yoast_head":"<!-- This site is optimized with the Yoast SEO plugin v24.6 - https:\/\/yoast.com\/wordpress\/plugins\/seo\/ -->\n<title>Magnet Croissant &amp; Amour - ohmondessin.com<\/title>\n<meta name=\"description\" content=\"D\u00e9couvrez notre collection de magnets aux illustrations originales, imagin\u00e9es et cr\u00e9\u00e9es avec soin. Ces petites \u0153uvres d\u2019art aimant\u00e9es sont id\u00e9ales pour personnaliser votre frigo, tableau magn\u00e9tique ou toute autre surface m\u00e9tallique.\" \/>\n<meta name=\"robots\" content=\"index, follow, max-snippet:-1, max-image-preview:large, max-video-preview:-1\" \/>\n<link rel=\"canonical\" href=\"https:\/\/ohmondessin.com\/index.php\/product\/magnet-croissant-amour\/\" \/>\n<meta property=\"og:locale\" content=\"fr_FR\" \/>\n<meta property=\"og:type\" content=\"article\" \/>\n<meta property=\"og:title\" content=\"Magnet Croissant &amp; Amour - ohmondessin.com\" \/>\n<meta property=\"og:description\" content=\"D\u00e9couvrez notre collection de magnets aux illustrations originales, imagin\u00e9es et cr\u00e9\u00e9es avec soin. Ces petites \u0153uvres d\u2019art aimant\u00e9es sont id\u00e9ales pour personnaliser votre frigo, tableau magn\u00e9tique ou toute autre surface m\u00e9tallique.\" \/>\n<meta property=\"og:url\" content=\"https:\/\/ohmondessin.com\/index.php\/product\/magnet-croissant-amour\/\" \/>\n<meta property=\"og:site_name\" content=\"ohmondessin.com\" \/>\n<meta property=\"article:publisher\" content=\"https:\/\/www.facebook.com\/Ohmondessin\" \/>\n<meta property=\"article:modified_time\" content=\"2026-01-15T00:01:51+00:00\" \/>\n<meta property=\"og:image\" content=\"http:\/\/ohmondessin.com\/wp-content\/uploads\/2024\/11\/croissant_1-3-scaled.jpg\" \/>\n\t<meta property=\"og:image:width\" content=\"2560\" \/>\n\t<meta property=\"og:image:height\" content=\"2560\" \/>\n\t<meta property=\"og:image:type\" content=\"image\/jpeg\" \/>\n<meta name=\"twitter:card\" content=\"summary_large_image\" \/>\n<meta name=\"twitter:label1\" content=\"Dur\u00e9e de lecture estim\u00e9e\" \/>\n\t<meta name=\"twitter:data1\" content=\"1 minute\" \/>\n<script type=\"application\/ld+json\" class=\"yoast-schema-graph\">{\"@context\":\"https:\/\/schema.org\",\"@graph\":[{\"@type\":\"WebPage\",\"@id\":\"https:\/\/ohmondessin.com\/index.php\/product\/magnet-croissant-amour\/\",\"url\":\"https:\/\/ohmondessin.com\/index.php\/product\/magnet-croissant-amour\/\",\"name\":\"Magnet Croissant & Amour - ohmondessin.com\",\"isPartOf\":{\"@id\":\"https:\/\/ohmondessin.com\/#website\"},\"primaryImageOfPage\":{\"@id\":\"https:\/\/ohmondessin.com\/index.php\/product\/magnet-croissant-amour\/#primaryimage\"},\"image\":{\"@id\":\"https:\/\/ohmondessin.com\/index.php\/product\/magnet-croissant-amour\/#primaryimage\"},\"thumbnailUrl\":\"https:\/\/ohmondessin.com\/wp-content\/uploads\/2024\/11\/croissant_1-3-scaled.jpg\",\"datePublished\":\"2024-11-19T15:06:35+00:00\",\"dateModified\":\"2026-01-15T00:01:51+00:00\",\"description\":\"D\u00e9couvrez notre collection de magnets aux illustrations originales, imagin\u00e9es et cr\u00e9\u00e9es avec soin. Ces petites \u0153uvres d\u2019art aimant\u00e9es sont id\u00e9ales pour personnaliser votre frigo, tableau magn\u00e9tique ou toute autre surface m\u00e9tallique.\",\"breadcrumb\":{\"@id\":\"https:\/\/ohmondessin.com\/index.php\/product\/magnet-croissant-amour\/#breadcrumb\"},\"inLanguage\":\"fr-FR\",\"potentialAction\":[{\"@type\":\"ReadAction\",\"target\":[\"https:\/\/ohmondessin.com\/index.php\/product\/magnet-croissant-amour\/\"]}]},{\"@type\":\"ImageObject\",\"inLanguage\":\"fr-FR\",\"@id\":\"https:\/\/ohmondessin.com\/index.php\/product\/magnet-croissant-amour\/#primaryimage\",\"url\":\"https:\/\/ohmondessin.com\/wp-content\/uploads\/2024\/11\/croissant_1-3-scaled.jpg\",\"contentUrl\":\"https:\/\/ohmondessin.com\/wp-content\/uploads\/2024\/11\/croissant_1-3-scaled.jpg\",\"width\":2560,\"height\":2560,\"caption\":\"croissant & amour\"},{\"@type\":\"BreadcrumbList\",\"@id\":\"https:\/\/ohmondessin.com\/index.php\/product\/magnet-croissant-amour\/#breadcrumb\",\"itemListElement\":[{\"@type\":\"ListItem\",\"position\":1,\"name\":\"Accueil\",\"item\":\"https:\/\/ohmondessin.com\/\"},{\"@type\":\"ListItem\",\"position\":2,\"name\":\"La boutique\",\"item\":\"https:\/\/ohmondessin.com\/index.php\/la-boutique\/\"},{\"@type\":\"ListItem\",\"position\":3,\"name\":\"Magnet Croissant &#038; Amour\"}]},{\"@type\":\"WebSite\",\"@id\":\"https:\/\/ohmondessin.com\/#website\",\"url\":\"https:\/\/ohmondessin.com\/\",\"name\":\"ohmondessin.com\",\"description\":\"De l\u2019illustration et du fait-main\",\"publisher\":{\"@id\":\"https:\/\/ohmondessin.com\/#organization\"},\"potentialAction\":[{\"@type\":\"SearchAction\",\"target\":{\"@type\":\"EntryPoint\",\"urlTemplate\":\"https:\/\/ohmondessin.com\/?s={search_term_string}\"},\"query-input\":{\"@type\":\"PropertyValueSpecification\",\"valueRequired\":true,\"valueName\":\"search_term_string\"}}],\"inLanguage\":\"fr-FR\"},{\"@type\":\"Organization\",\"@id\":\"https:\/\/ohmondessin.com\/#organization\",\"name\":\"ohmondessin.com\",\"url\":\"https:\/\/ohmondessin.com\/\",\"logo\":{\"@type\":\"ImageObject\",\"inLanguage\":\"fr-FR\",\"@id\":\"https:\/\/ohmondessin.com\/#\/schema\/logo\/image\/\",\"url\":\"https:\/\/ohmondessin.com\/wp-content\/uploads\/2023\/01\/logo_OHMD-dark.png\",\"contentUrl\":\"https:\/\/ohmondessin.com\/wp-content\/uploads\/2023\/01\/logo_OHMD-dark.png\",\"width\":500,\"height\":500,\"caption\":\"ohmondessin.com\"},\"image\":{\"@id\":\"https:\/\/ohmondessin.com\/#\/schema\/logo\/image\/\"},\"sameAs\":[\"https:\/\/www.facebook.com\/Ohmondessin\",\"https:\/\/www.instagram.com\/ohmondessin\/\"]}]}<\/script>\n<!-- \/ Yoast SEO plugin. -->","yoast_head_json":{"title":"Magnet Croissant & Amour - ohmondessin.com","description":"D\u00e9couvrez notre collection de magnets aux illustrations originales, imagin\u00e9es et cr\u00e9\u00e9es avec soin. Ces petites \u0153uvres d\u2019art aimant\u00e9es sont id\u00e9ales pour personnaliser votre frigo, tableau magn\u00e9tique ou toute autre surface m\u00e9tallique.","robots":{"index":"index","follow":"follow","max-snippet":"max-snippet:-1","max-image-preview":"max-image-preview:large","max-video-preview":"max-video-preview:-1"},"canonical":"https:\/\/ohmondessin.com\/index.php\/product\/magnet-croissant-amour\/","og_locale":"fr_FR","og_type":"article","og_title":"Magnet Croissant & Amour - ohmondessin.com","og_description":"D\u00e9couvrez notre collection de magnets aux illustrations originales, imagin\u00e9es et cr\u00e9\u00e9es avec soin. Ces petites \u0153uvres d\u2019art aimant\u00e9es sont id\u00e9ales pour personnaliser votre frigo, tableau magn\u00e9tique ou toute autre surface m\u00e9tallique.","og_url":"https:\/\/ohmondessin.com\/index.php\/product\/magnet-croissant-amour\/","og_site_name":"ohmondessin.com","article_publisher":"https:\/\/www.facebook.com\/Ohmondessin","article_modified_time":"2026-01-15T00:01:51+00:00","og_image":[{"width":2560,"height":2560,"url":"http:\/\/ohmondessin.com\/wp-content\/uploads\/2024\/11\/croissant_1-3-scaled.jpg","type":"image\/jpeg"}],"twitter_card":"summary_large_image","twitter_misc":{"Dur\u00e9e de lecture estim\u00e9e":"1 minute"},"schema":{"@context":"https:\/\/schema.org","@graph":[{"@type":"WebPage","@id":"https:\/\/ohmondessin.com\/index.php\/product\/magnet-croissant-amour\/","url":"https:\/\/ohmondessin.com\/index.php\/product\/magnet-croissant-amour\/","name":"Magnet Croissant & Amour - ohmondessin.com","isPartOf":{"@id":"https:\/\/ohmondessin.com\/#website"},"primaryImageOfPage":{"@id":"https:\/\/ohmondessin.com\/index.php\/product\/magnet-croissant-amour\/#primaryimage"},"image":{"@id":"https:\/\/ohmondessin.com\/index.php\/product\/magnet-croissant-amour\/#primaryimage"},"thumbnailUrl":"https:\/\/ohmondessin.com\/wp-content\/uploads\/2024\/11\/croissant_1-3-scaled.jpg","datePublished":"2024-11-19T15:06:35+00:00","dateModified":"2026-01-15T00:01:51+00:00","description":"D\u00e9couvrez notre collection de magnets aux illustrations originales, imagin\u00e9es et cr\u00e9\u00e9es avec soin. Ces petites \u0153uvres d\u2019art aimant\u00e9es sont id\u00e9ales pour personnaliser votre frigo, tableau magn\u00e9tique ou toute autre surface m\u00e9tallique.","breadcrumb":{"@id":"https:\/\/ohmondessin.com\/index.php\/product\/magnet-croissant-amour\/#breadcrumb"},"inLanguage":"fr-FR","potentialAction":[{"@type":"ReadAction","target":["https:\/\/ohmondessin.com\/index.php\/product\/magnet-croissant-amour\/"]}]},{"@type":"ImageObject","inLanguage":"fr-FR","@id":"https:\/\/ohmondessin.com\/index.php\/product\/magnet-croissant-amour\/#primaryimage","url":"https:\/\/ohmondessin.com\/wp-content\/uploads\/2024\/11\/croissant_1-3-scaled.jpg","contentUrl":"https:\/\/ohmondessin.com\/wp-content\/uploads\/2024\/11\/croissant_1-3-scaled.jpg","width":2560,"height":2560,"caption":"croissant & amour"},{"@type":"BreadcrumbList","@id":"https:\/\/ohmondessin.com\/index.php\/product\/magnet-croissant-amour\/#breadcrumb","itemListElement":[{"@type":"ListItem","position":1,"name":"Accueil","item":"https:\/\/ohmondessin.com\/"},{"@type":"ListItem","position":2,"name":"La boutique","item":"https:\/\/ohmondessin.com\/index.php\/la-boutique\/"},{"@type":"ListItem","position":3,"name":"Magnet Croissant &#038; Amour"}]},{"@type":"WebSite","@id":"https:\/\/ohmondessin.com\/#website","url":"https:\/\/ohmondessin.com\/","name":"ohmondessin.com","description":"De l\u2019illustration et du fait-main","publisher":{"@id":"https:\/\/ohmondessin.com\/#organization"},"potentialAction":[{"@type":"SearchAction","target":{"@type":"EntryPoint","urlTemplate":"https:\/\/ohmondessin.com\/?s={search_term_string}"},"query-input":{"@type":"PropertyValueSpecification","valueRequired":true,"valueName":"search_term_string"}}],"inLanguage":"fr-FR"},{"@type":"Organization","@id":"https:\/\/ohmondessin.com\/#organization","name":"ohmondessin.com","url":"https:\/\/ohmondessin.com\/","logo":{"@type":"ImageObject","inLanguage":"fr-FR","@id":"https:\/\/ohmondessin.com\/#\/schema\/logo\/image\/","url":"https:\/\/ohmondessin.com\/wp-content\/uploads\/2023\/01\/logo_OHMD-dark.png","contentUrl":"https:\/\/ohmondessin.com\/wp-content\/uploads\/2023\/01\/logo_OHMD-dark.png","width":500,"height":500,"caption":"ohmondessin.com"},"image":{"@id":"https:\/\/ohmondessin.com\/#\/schema\/logo\/image\/"},"sameAs":["https:\/\/www.facebook.com\/Ohmondessin","https:\/\/www.instagram.com\/ohmondessin\/"]}]}},"jetpack_sharing_enabled":true,"_links":{"self":[{"href":"https:\/\/ohmondessin.com\/index.php\/wp-json\/wp\/v2\/product\/7462","targetHints":{"allow":["GET"]}}],"collection":[{"href":"https:\/\/ohmondessin.com\/index.php\/wp-json\/wp\/v2\/product"}],"about":[{"href":"https:\/\/ohmondessin.com\/index.php\/wp-json\/wp\/v2\/types\/product"}],"replies":[{"embeddable":true,"href":"https:\/\/ohmondessin.com\/index.php\/wp-json\/wp\/v2\/comments?post=7462"}],"wp:featuredmedia":[{"embeddable":true,"href":"https:\/\/ohmondessin.com\/index.php\/wp-json\/wp\/v2\/media\/7465"}],"wp:attachment":[{"href":"https:\/\/ohmondessin.com\/index.php\/wp-json\/wp\/v2\/media?parent=7462"}],"wp:term":[{"taxonomy":"product_brand","embeddable":true,"href":"https:\/\/ohmondessin.com\/index.php\/wp-json\/wp\/v2\/product_brand?post=7462"},{"taxonomy":"product_cat","embeddable":true,"href":"https:\/\/ohmondessin.com\/index.php\/wp-json\/wp\/v2\/product_cat?post=7462"},{"taxonomy":"product_tag","embeddable":true,"href":"https:\/\/ohmondessin.com\/index.php\/wp-json\/wp\/v2\/product_tag?post=7462"}],"curies":[{"name":"wp","href":"https:\/\/api.w.org\/{rel}","templated":true}]}}