{"id":7466,"date":"2024-11-19T16:06:28","date_gmt":"2024-11-19T16:06:28","guid":{"rendered":"https:\/\/ohmondessin.com\/?post_type=product&#038;p=7466"},"modified":"2026-01-15T00:01:51","modified_gmt":"2026-01-15T00:01:51","slug":"magnet-le-fleuriste","status":"publish","type":"product","link":"https:\/\/ohmondessin.com\/index.php\/product\/magnet-le-fleuriste\/","title":{"rendered":"Magnet Le Fleuriste"},"content":{"rendered":"<p>D\u00e9couvrez <a href=\"https:\/\/ohmondessin.com\/index.php\/product-category\/maison\/magnets\/\">notre collection de magnets aux illustrations originales<\/a>, imagin\u00e9es et cr\u00e9\u00e9es avec soin. Ces petites \u0153uvres d\u2019art aimant\u00e9es sont id\u00e9ales pour personnaliser votre frigo, tableau magn\u00e9tique ou toute autre surface m\u00e9tallique.<\/p>\n","protected":false},"excerpt":{"rendered":"<p>Une illustration pleine de po\u00e9sie o\u00f9 un adorable chat g\u00e8re une boutique de fleurs. Chaque d\u00e9tail, des plantes aux fen\u00eatres, raconte une histoire douce et attachante.<\/p>\n<ul>\n<li><strong>Mat\u00e9riaux :<\/strong> R\u00e9alis\u00e9s avec des mat\u00e9riaux robustes et durables, ces magnets allient praticit\u00e9 et esth\u00e9tique.<\/li>\n<li><strong>Design :<\/strong> Illustrations originales et d\u00e9taill\u00e9es, cr\u00e9\u00e9es avec passion pour apporter une touche artistique unique \u00e0 votre d\u00e9coration.<\/li>\n<li><strong>Utilisation :<\/strong> Id\u00e9al pour sublimer votre cuisine, bureau ou tout autre espace n\u00e9cessitant une note personnelle et chaleureuse.<\/li>\n<li><strong>Production :<\/strong> Magnets assembl\u00e9s et imprim\u00e9s localement, exp\u00e9di\u00e9s avec soin et beaucoup d\u2019amour.<\/li>\n<\/ul>\n<p>&nbsp;<\/p>\n","protected":false},"featured_media":7468,"comment_status":"open","ping_status":"closed","template":"","meta":[],"product_brand":[],"product_cat":[1235,780,164],"product_tag":[1253,665,1254,256,1239,139,1185,1180,1251,662,813,1250,1252,809,808,811,106,107],"class_list":{"0":"post-7466","1":"product","2":"type-product","3":"status-publish","4":"has-post-thumbnail","6":"product_cat-guide-cadeaux-de-noel","7":"product_cat-maison","8":"product_cat-magnets","9":"product_tag-affiche-fleurs-boutique","10":"product_tag-aimant-chat","11":"product_tag-aimant-fleuriste","12":"product_tag-aimant-frigo","13":"product_tag-aimant-paris","14":"product_tag-fait-main","15":"product_tag-illustration-boutique","16":"product_tag-illustration-fleuriste","17":"product_tag-magnet-boutique","18":"product_tag-magnet-chat","19":"product_tag-magnet-cool","20":"product_tag-magnet-fleuriste","21":"product_tag-magnet-fleurs","22":"product_tag-magnet-france","23":"product_tag-magnet-paris","24":"product_tag-magnet-tour-eiffel","25":"product_tag-poster","26":"product_tag-yvelines","28":"first","29":"instock","30":"taxable","31":"shipping-taxable","32":"purchasable","33":"product-type-simple"},"yoast_head":"<!-- This site is optimized with the Yoast SEO plugin v24.6 - https:\/\/yoast.com\/wordpress\/plugins\/seo\/ -->\n<title>Magnet Le Fleuriste - ohmondessin.com<\/title>\n<meta name=\"description\" content=\"D\u00e9couvrez notre collection de magnets aux illustrations originales, imagin\u00e9es et cr\u00e9\u00e9es avec soin. Ces petites \u0153uvres d\u2019art aimant\u00e9es sont id\u00e9ales pour personnaliser votre frigo, tableau magn\u00e9tique ou toute autre surface m\u00e9tallique.\" \/>\n<meta name=\"robots\" content=\"index, follow, max-snippet:-1, max-image-preview:large, max-video-preview:-1\" \/>\n<link rel=\"canonical\" href=\"https:\/\/ohmondessin.com\/index.php\/product\/magnet-le-fleuriste\/\" \/>\n<meta property=\"og:locale\" content=\"fr_FR\" \/>\n<meta property=\"og:type\" content=\"article\" \/>\n<meta property=\"og:title\" content=\"Magnet Le Fleuriste - ohmondessin.com\" \/>\n<meta property=\"og:description\" content=\"D\u00e9couvrez notre collection de magnets aux illustrations originales, imagin\u00e9es et cr\u00e9\u00e9es avec soin. Ces petites \u0153uvres d\u2019art aimant\u00e9es sont id\u00e9ales pour personnaliser votre frigo, tableau magn\u00e9tique ou toute autre surface m\u00e9tallique.\" \/>\n<meta property=\"og:url\" content=\"https:\/\/ohmondessin.com\/index.php\/product\/magnet-le-fleuriste\/\" \/>\n<meta property=\"og:site_name\" content=\"ohmondessin.com\" \/>\n<meta property=\"article:publisher\" content=\"https:\/\/www.facebook.com\/Ohmondessin\" \/>\n<meta property=\"article:modified_time\" content=\"2026-01-15T00:01:51+00:00\" \/>\n<meta property=\"og:image\" content=\"http:\/\/ohmondessin.com\/wp-content\/uploads\/2024\/11\/FLEURISTE_1-1-scaled.jpg\" \/>\n\t<meta property=\"og:image:width\" content=\"2560\" \/>\n\t<meta property=\"og:image:height\" content=\"2560\" \/>\n\t<meta property=\"og:image:type\" content=\"image\/jpeg\" \/>\n<meta name=\"twitter:card\" content=\"summary_large_image\" \/>\n<meta name=\"twitter:label1\" content=\"Dur\u00e9e de lecture estim\u00e9e\" \/>\n\t<meta name=\"twitter:data1\" content=\"1 minute\" \/>\n<script type=\"application\/ld+json\" class=\"yoast-schema-graph\">{\"@context\":\"https:\/\/schema.org\",\"@graph\":[{\"@type\":\"WebPage\",\"@id\":\"https:\/\/ohmondessin.com\/index.php\/product\/magnet-le-fleuriste\/\",\"url\":\"https:\/\/ohmondessin.com\/index.php\/product\/magnet-le-fleuriste\/\",\"name\":\"Magnet Le Fleuriste - ohmondessin.com\",\"isPartOf\":{\"@id\":\"https:\/\/ohmondessin.com\/#website\"},\"primaryImageOfPage\":{\"@id\":\"https:\/\/ohmondessin.com\/index.php\/product\/magnet-le-fleuriste\/#primaryimage\"},\"image\":{\"@id\":\"https:\/\/ohmondessin.com\/index.php\/product\/magnet-le-fleuriste\/#primaryimage\"},\"thumbnailUrl\":\"https:\/\/ohmondessin.com\/wp-content\/uploads\/2024\/11\/FLEURISTE_1-1-scaled.jpg\",\"datePublished\":\"2024-11-19T16:06:28+00:00\",\"dateModified\":\"2026-01-15T00:01:51+00:00\",\"description\":\"D\u00e9couvrez notre collection de magnets aux illustrations originales, imagin\u00e9es et cr\u00e9\u00e9es avec soin. Ces petites \u0153uvres d\u2019art aimant\u00e9es sont id\u00e9ales pour personnaliser votre frigo, tableau magn\u00e9tique ou toute autre surface m\u00e9tallique.\",\"breadcrumb\":{\"@id\":\"https:\/\/ohmondessin.com\/index.php\/product\/magnet-le-fleuriste\/#breadcrumb\"},\"inLanguage\":\"fr-FR\",\"potentialAction\":[{\"@type\":\"ReadAction\",\"target\":[\"https:\/\/ohmondessin.com\/index.php\/product\/magnet-le-fleuriste\/\"]}]},{\"@type\":\"ImageObject\",\"inLanguage\":\"fr-FR\",\"@id\":\"https:\/\/ohmondessin.com\/index.php\/product\/magnet-le-fleuriste\/#primaryimage\",\"url\":\"https:\/\/ohmondessin.com\/wp-content\/uploads\/2024\/11\/FLEURISTE_1-1-scaled.jpg\",\"contentUrl\":\"https:\/\/ohmondessin.com\/wp-content\/uploads\/2024\/11\/FLEURISTE_1-1-scaled.jpg\",\"width\":2560,\"height\":2560,\"caption\":\"magnet fleuriste\"},{\"@type\":\"BreadcrumbList\",\"@id\":\"https:\/\/ohmondessin.com\/index.php\/product\/magnet-le-fleuriste\/#breadcrumb\",\"itemListElement\":[{\"@type\":\"ListItem\",\"position\":1,\"name\":\"Accueil\",\"item\":\"https:\/\/ohmondessin.com\/\"},{\"@type\":\"ListItem\",\"position\":2,\"name\":\"La boutique\",\"item\":\"https:\/\/ohmondessin.com\/index.php\/la-boutique\/\"},{\"@type\":\"ListItem\",\"position\":3,\"name\":\"Magnet Le Fleuriste\"}]},{\"@type\":\"WebSite\",\"@id\":\"https:\/\/ohmondessin.com\/#website\",\"url\":\"https:\/\/ohmondessin.com\/\",\"name\":\"ohmondessin.com\",\"description\":\"De l\u2019illustration et du fait-main\",\"publisher\":{\"@id\":\"https:\/\/ohmondessin.com\/#organization\"},\"potentialAction\":[{\"@type\":\"SearchAction\",\"target\":{\"@type\":\"EntryPoint\",\"urlTemplate\":\"https:\/\/ohmondessin.com\/?s={search_term_string}\"},\"query-input\":{\"@type\":\"PropertyValueSpecification\",\"valueRequired\":true,\"valueName\":\"search_term_string\"}}],\"inLanguage\":\"fr-FR\"},{\"@type\":\"Organization\",\"@id\":\"https:\/\/ohmondessin.com\/#organization\",\"name\":\"ohmondessin.com\",\"url\":\"https:\/\/ohmondessin.com\/\",\"logo\":{\"@type\":\"ImageObject\",\"inLanguage\":\"fr-FR\",\"@id\":\"https:\/\/ohmondessin.com\/#\/schema\/logo\/image\/\",\"url\":\"https:\/\/ohmondessin.com\/wp-content\/uploads\/2023\/01\/logo_OHMD-dark.png\",\"contentUrl\":\"https:\/\/ohmondessin.com\/wp-content\/uploads\/2023\/01\/logo_OHMD-dark.png\",\"width\":500,\"height\":500,\"caption\":\"ohmondessin.com\"},\"image\":{\"@id\":\"https:\/\/ohmondessin.com\/#\/schema\/logo\/image\/\"},\"sameAs\":[\"https:\/\/www.facebook.com\/Ohmondessin\",\"https:\/\/www.instagram.com\/ohmondessin\/\"]}]}<\/script>\n<!-- \/ Yoast SEO plugin. -->","yoast_head_json":{"title":"Magnet Le Fleuriste - ohmondessin.com","description":"D\u00e9couvrez notre collection de magnets aux illustrations originales, imagin\u00e9es et cr\u00e9\u00e9es avec soin. Ces petites \u0153uvres d\u2019art aimant\u00e9es sont id\u00e9ales pour personnaliser votre frigo, tableau magn\u00e9tique ou toute autre surface m\u00e9tallique.","robots":{"index":"index","follow":"follow","max-snippet":"max-snippet:-1","max-image-preview":"max-image-preview:large","max-video-preview":"max-video-preview:-1"},"canonical":"https:\/\/ohmondessin.com\/index.php\/product\/magnet-le-fleuriste\/","og_locale":"fr_FR","og_type":"article","og_title":"Magnet Le Fleuriste - ohmondessin.com","og_description":"D\u00e9couvrez notre collection de magnets aux illustrations originales, imagin\u00e9es et cr\u00e9\u00e9es avec soin. Ces petites \u0153uvres d\u2019art aimant\u00e9es sont id\u00e9ales pour personnaliser votre frigo, tableau magn\u00e9tique ou toute autre surface m\u00e9tallique.","og_url":"https:\/\/ohmondessin.com\/index.php\/product\/magnet-le-fleuriste\/","og_site_name":"ohmondessin.com","article_publisher":"https:\/\/www.facebook.com\/Ohmondessin","article_modified_time":"2026-01-15T00:01:51+00:00","og_image":[{"width":2560,"height":2560,"url":"http:\/\/ohmondessin.com\/wp-content\/uploads\/2024\/11\/FLEURISTE_1-1-scaled.jpg","type":"image\/jpeg"}],"twitter_card":"summary_large_image","twitter_misc":{"Dur\u00e9e de lecture estim\u00e9e":"1 minute"},"schema":{"@context":"https:\/\/schema.org","@graph":[{"@type":"WebPage","@id":"https:\/\/ohmondessin.com\/index.php\/product\/magnet-le-fleuriste\/","url":"https:\/\/ohmondessin.com\/index.php\/product\/magnet-le-fleuriste\/","name":"Magnet Le Fleuriste - ohmondessin.com","isPartOf":{"@id":"https:\/\/ohmondessin.com\/#website"},"primaryImageOfPage":{"@id":"https:\/\/ohmondessin.com\/index.php\/product\/magnet-le-fleuriste\/#primaryimage"},"image":{"@id":"https:\/\/ohmondessin.com\/index.php\/product\/magnet-le-fleuriste\/#primaryimage"},"thumbnailUrl":"https:\/\/ohmondessin.com\/wp-content\/uploads\/2024\/11\/FLEURISTE_1-1-scaled.jpg","datePublished":"2024-11-19T16:06:28+00:00","dateModified":"2026-01-15T00:01:51+00:00","description":"D\u00e9couvrez notre collection de magnets aux illustrations originales, imagin\u00e9es et cr\u00e9\u00e9es avec soin. Ces petites \u0153uvres d\u2019art aimant\u00e9es sont id\u00e9ales pour personnaliser votre frigo, tableau magn\u00e9tique ou toute autre surface m\u00e9tallique.","breadcrumb":{"@id":"https:\/\/ohmondessin.com\/index.php\/product\/magnet-le-fleuriste\/#breadcrumb"},"inLanguage":"fr-FR","potentialAction":[{"@type":"ReadAction","target":["https:\/\/ohmondessin.com\/index.php\/product\/magnet-le-fleuriste\/"]}]},{"@type":"ImageObject","inLanguage":"fr-FR","@id":"https:\/\/ohmondessin.com\/index.php\/product\/magnet-le-fleuriste\/#primaryimage","url":"https:\/\/ohmondessin.com\/wp-content\/uploads\/2024\/11\/FLEURISTE_1-1-scaled.jpg","contentUrl":"https:\/\/ohmondessin.com\/wp-content\/uploads\/2024\/11\/FLEURISTE_1-1-scaled.jpg","width":2560,"height":2560,"caption":"magnet fleuriste"},{"@type":"BreadcrumbList","@id":"https:\/\/ohmondessin.com\/index.php\/product\/magnet-le-fleuriste\/#breadcrumb","itemListElement":[{"@type":"ListItem","position":1,"name":"Accueil","item":"https:\/\/ohmondessin.com\/"},{"@type":"ListItem","position":2,"name":"La boutique","item":"https:\/\/ohmondessin.com\/index.php\/la-boutique\/"},{"@type":"ListItem","position":3,"name":"Magnet Le Fleuriste"}]},{"@type":"WebSite","@id":"https:\/\/ohmondessin.com\/#website","url":"https:\/\/ohmondessin.com\/","name":"ohmondessin.com","description":"De l\u2019illustration et du fait-main","publisher":{"@id":"https:\/\/ohmondessin.com\/#organization"},"potentialAction":[{"@type":"SearchAction","target":{"@type":"EntryPoint","urlTemplate":"https:\/\/ohmondessin.com\/?s={search_term_string}"},"query-input":{"@type":"PropertyValueSpecification","valueRequired":true,"valueName":"search_term_string"}}],"inLanguage":"fr-FR"},{"@type":"Organization","@id":"https:\/\/ohmondessin.com\/#organization","name":"ohmondessin.com","url":"https:\/\/ohmondessin.com\/","logo":{"@type":"ImageObject","inLanguage":"fr-FR","@id":"https:\/\/ohmondessin.com\/#\/schema\/logo\/image\/","url":"https:\/\/ohmondessin.com\/wp-content\/uploads\/2023\/01\/logo_OHMD-dark.png","contentUrl":"https:\/\/ohmondessin.com\/wp-content\/uploads\/2023\/01\/logo_OHMD-dark.png","width":500,"height":500,"caption":"ohmondessin.com"},"image":{"@id":"https:\/\/ohmondessin.com\/#\/schema\/logo\/image\/"},"sameAs":["https:\/\/www.facebook.com\/Ohmondessin","https:\/\/www.instagram.com\/ohmondessin\/"]}]}},"jetpack_sharing_enabled":true,"_links":{"self":[{"href":"https:\/\/ohmondessin.com\/index.php\/wp-json\/wp\/v2\/product\/7466","targetHints":{"allow":["GET"]}}],"collection":[{"href":"https:\/\/ohmondessin.com\/index.php\/wp-json\/wp\/v2\/product"}],"about":[{"href":"https:\/\/ohmondessin.com\/index.php\/wp-json\/wp\/v2\/types\/product"}],"replies":[{"embeddable":true,"href":"https:\/\/ohmondessin.com\/index.php\/wp-json\/wp\/v2\/comments?post=7466"}],"wp:featuredmedia":[{"embeddable":true,"href":"https:\/\/ohmondessin.com\/index.php\/wp-json\/wp\/v2\/media\/7468"}],"wp:attachment":[{"href":"https:\/\/ohmondessin.com\/index.php\/wp-json\/wp\/v2\/media?parent=7466"}],"wp:term":[{"taxonomy":"product_brand","embeddable":true,"href":"https:\/\/ohmondessin.com\/index.php\/wp-json\/wp\/v2\/product_brand?post=7466"},{"taxonomy":"product_cat","embeddable":true,"href":"https:\/\/ohmondessin.com\/index.php\/wp-json\/wp\/v2\/product_cat?post=7466"},{"taxonomy":"product_tag","embeddable":true,"href":"https:\/\/ohmondessin.com\/index.php\/wp-json\/wp\/v2\/product_tag?post=7466"}],"curies":[{"name":"wp","href":"https:\/\/api.w.org\/{rel}","templated":true}]}}