{"id":7472,"date":"2025-09-19T16:31:55","date_gmt":"2025-09-19T16:31:55","guid":{"rendered":"https:\/\/ohmondessin.com\/?post_type=product&#038;p=7472"},"modified":"2026-01-15T00:03:31","modified_gmt":"2026-01-15T00:03:31","slug":"carte-de-voeux-le-village-sous-les-etoiles-2","status":"publish","type":"product","link":"https:\/\/ohmondessin.com\/index.php\/product\/carte-de-voeux-le-village-sous-les-etoiles-2\/","title":{"rendered":"Carte de voeux \u00ab\u00a0Le village sous les \u00e9toiles\u00a0\u00bb"},"content":{"rendered":"<p>Con\u00e7ue et imprim\u00e9e \u00e0 l&rsquo;atelier avec une attention particuli\u00e8re port\u00e9e \u00e0 la qualit\u00e9 et \u00e0 l\u2019\u00e9coresponsabilit\u00e9. Chaque carte est emball\u00e9e avec soin et exp\u00e9di\u00e9e avec amour.<\/p>\n<ul>\n<li><strong>Design :<\/strong> Illustration originale mettant en sc\u00e8ne un village charmant sous un ciel nocturne d\u2019un bleu profond et parsem\u00e9 d\u2019\u00e9toiles dor\u00e9es.<\/li>\n<li><strong>Qualit\u00e9 :<\/strong> Papier \u00e9pais et textur\u00e9 pour une finition \u00e9l\u00e9gante et agr\u00e9able au toucher.<\/li>\n<li><strong>Format :<\/strong> Carte double avec int\u00e9rieur vierge, offrant tout l\u2019espace n\u00e9cessaire pour vos v\u0153ux personnalis\u00e9s.<\/li>\n<li><strong>Enveloppe Incluse :<\/strong> Livr\u00e9e avec une enveloppe blanche assortie pour un envoi soign\u00e9.<\/li>\n<li><strong>Utilisation :<\/strong> Convient pour adresser vos v\u0153ux de mani\u00e8re unique \u00e0 vos proches, amis ou coll\u00e8gues.<\/li>\n<\/ul>\n","protected":false},"excerpt":{"rendered":"<p>Invitez la magie d\u2019une douce nuit d\u2019hiver dans vos v\u0153ux avec cette illustration f\u00e9\u00e9rique. Un petit village paisible baign\u00e9 dans un ciel \u00e9toil\u00e9 o\u00f9 la lune et une \u00e9toile filante illuminent la sc\u00e8ne. Une carte qui inspire s\u00e9r\u00e9nit\u00e9 et \u00e9merveillement, parfaite pour c\u00e9l\u00e9brer les f\u00eates ou envoyer un message chaleureux.<\/p>\n<p>&nbsp;<\/p>\n","protected":false},"featured_media":7473,"comment_status":"open","ping_status":"closed","template":"","meta":[],"product_brand":[],"product_cat":[1235,719,874],"product_tag":[1257,849,888,1261,1255,853,843,841,1258,842,1259,850,1262,1260,844,372,1256,852,139,891],"class_list":{"0":"post-7472","1":"product","2":"type-product","3":"status-publish","4":"has-post-thumbnail","6":"product_cat-guide-cadeaux-de-noel","7":"product_cat-carterie","8":"product_cat-cartes-de-voeux","9":"product_tag-affiche-chalet","10":"product_tag-affiche-montagne","11":"product_tag-bonne-annee","12":"product_tag-carte-astres","13":"product_tag-carte-chalet","14":"product_tag-carte-de-bonne-annee","15":"product_tag-carte-de-noel","16":"product_tag-carte-de-voeux","17":"product_tag-carte-de-voeux-etoiles","18":"product_tag-carte-de-voeux-lot","19":"product_tag-carte-de-voeux-lune","20":"product_tag-carte-de-voeux-montagne","21":"product_tag-carte-de-voeux-village","22":"product_tag-carte-etoile","23":"product_tag-carte-noel","24":"product_tag-carte-postale","25":"product_tag-carte-voeux","26":"product_tag-decoration-noel","27":"product_tag-fait-main","28":"product_tag-illustration-bonne-annee","29":"product_shipping_class-lettre-suivie","31":"first","32":"instock","33":"purchasable","34":"product-type-variable"},"yoast_head":"<!-- This site is optimized with the Yoast SEO plugin v24.6 - https:\/\/yoast.com\/wordpress\/plugins\/seo\/ -->\n<title>Carte de voeux &quot;Le village sous les \u00e9toiles&quot; - ohmondessin.com<\/title>\n<meta name=\"description\" content=\"Con\u00e7ue et imprim\u00e9e \u00e0 l&#039;atelier avec une attention particuli\u00e8re port\u00e9e \u00e0 la qualit\u00e9 et \u00e0 l\u2019\u00e9coresponsabilit\u00e9. Chaque carte est emball\u00e9e avec soin et exp\u00e9di\u00e9e avec amour.\" \/>\n<meta name=\"robots\" content=\"index, follow, max-snippet:-1, max-image-preview:large, max-video-preview:-1\" \/>\n<link rel=\"canonical\" href=\"https:\/\/ohmondessin.com\/index.php\/product\/carte-de-voeux-le-village-sous-les-etoiles-2\/\" \/>\n<meta property=\"og:locale\" content=\"fr_FR\" \/>\n<meta property=\"og:type\" content=\"article\" \/>\n<meta property=\"og:title\" content=\"Carte de voeux &quot;Le village sous les \u00e9toiles&quot; - ohmondessin.com\" \/>\n<meta property=\"og:description\" content=\"Con\u00e7ue et imprim\u00e9e \u00e0 l&#039;atelier avec une attention particuli\u00e8re port\u00e9e \u00e0 la qualit\u00e9 et \u00e0 l\u2019\u00e9coresponsabilit\u00e9. Chaque carte est emball\u00e9e avec soin et exp\u00e9di\u00e9e avec amour.\" \/>\n<meta property=\"og:url\" content=\"https:\/\/ohmondessin.com\/index.php\/product\/carte-de-voeux-le-village-sous-les-etoiles-2\/\" \/>\n<meta property=\"og:site_name\" content=\"ohmondessin.com\" \/>\n<meta property=\"article:publisher\" content=\"https:\/\/www.facebook.com\/Ohmondessin\" \/>\n<meta property=\"article:modified_time\" content=\"2026-01-15T00:03:31+00:00\" \/>\n<meta property=\"og:image\" content=\"http:\/\/ohmondessin.com\/wp-content\/uploads\/2024\/11\/Cartedouble_levillagesouslesetoiles-scaled.jpg\" \/>\n\t<meta property=\"og:image:width\" content=\"2560\" \/>\n\t<meta property=\"og:image:height\" content=\"2560\" \/>\n\t<meta property=\"og:image:type\" content=\"image\/jpeg\" \/>\n<meta name=\"twitter:card\" content=\"summary_large_image\" \/>\n<meta name=\"twitter:label1\" content=\"Dur\u00e9e de lecture estim\u00e9e\" \/>\n\t<meta name=\"twitter:data1\" content=\"1 minute\" \/>\n<script type=\"application\/ld+json\" class=\"yoast-schema-graph\">{\"@context\":\"https:\/\/schema.org\",\"@graph\":[{\"@type\":\"WebPage\",\"@id\":\"https:\/\/ohmondessin.com\/index.php\/product\/carte-de-voeux-le-village-sous-les-etoiles-2\/\",\"url\":\"https:\/\/ohmondessin.com\/index.php\/product\/carte-de-voeux-le-village-sous-les-etoiles-2\/\",\"name\":\"Carte de voeux \\\"Le village sous les \u00e9toiles\\\" - ohmondessin.com\",\"isPartOf\":{\"@id\":\"https:\/\/ohmondessin.com\/#website\"},\"primaryImageOfPage\":{\"@id\":\"https:\/\/ohmondessin.com\/index.php\/product\/carte-de-voeux-le-village-sous-les-etoiles-2\/#primaryimage\"},\"image\":{\"@id\":\"https:\/\/ohmondessin.com\/index.php\/product\/carte-de-voeux-le-village-sous-les-etoiles-2\/#primaryimage\"},\"thumbnailUrl\":\"https:\/\/ohmondessin.com\/wp-content\/uploads\/2024\/11\/Cartedouble_levillagesouslesetoiles-scaled.jpg\",\"datePublished\":\"2025-09-19T16:31:55+00:00\",\"dateModified\":\"2026-01-15T00:03:31+00:00\",\"description\":\"Con\u00e7ue et imprim\u00e9e \u00e0 l'atelier avec une attention particuli\u00e8re port\u00e9e \u00e0 la qualit\u00e9 et \u00e0 l\u2019\u00e9coresponsabilit\u00e9. Chaque carte est emball\u00e9e avec soin et exp\u00e9di\u00e9e avec amour.\",\"breadcrumb\":{\"@id\":\"https:\/\/ohmondessin.com\/index.php\/product\/carte-de-voeux-le-village-sous-les-etoiles-2\/#breadcrumb\"},\"inLanguage\":\"fr-FR\",\"potentialAction\":[{\"@type\":\"ReadAction\",\"target\":[\"https:\/\/ohmondessin.com\/index.php\/product\/carte-de-voeux-le-village-sous-les-etoiles-2\/\"]}]},{\"@type\":\"ImageObject\",\"inLanguage\":\"fr-FR\",\"@id\":\"https:\/\/ohmondessin.com\/index.php\/product\/carte-de-voeux-le-village-sous-les-etoiles-2\/#primaryimage\",\"url\":\"https:\/\/ohmondessin.com\/wp-content\/uploads\/2024\/11\/Cartedouble_levillagesouslesetoiles-scaled.jpg\",\"contentUrl\":\"https:\/\/ohmondessin.com\/wp-content\/uploads\/2024\/11\/Cartedouble_levillagesouslesetoiles-scaled.jpg\",\"width\":2560,\"height\":2560,\"caption\":\"carte double le village sous les \u00e9toiles\"},{\"@type\":\"BreadcrumbList\",\"@id\":\"https:\/\/ohmondessin.com\/index.php\/product\/carte-de-voeux-le-village-sous-les-etoiles-2\/#breadcrumb\",\"itemListElement\":[{\"@type\":\"ListItem\",\"position\":1,\"name\":\"Accueil\",\"item\":\"https:\/\/ohmondessin.com\/\"},{\"@type\":\"ListItem\",\"position\":2,\"name\":\"La boutique\",\"item\":\"https:\/\/ohmondessin.com\/index.php\/la-boutique\/\"},{\"@type\":\"ListItem\",\"position\":3,\"name\":\"Carte de voeux \u00ab\u00a0Le village sous les \u00e9toiles\u00a0\u00bb\"}]},{\"@type\":\"WebSite\",\"@id\":\"https:\/\/ohmondessin.com\/#website\",\"url\":\"https:\/\/ohmondessin.com\/\",\"name\":\"ohmondessin.com\",\"description\":\"De l\u2019illustration et du fait-main\",\"publisher\":{\"@id\":\"https:\/\/ohmondessin.com\/#organization\"},\"potentialAction\":[{\"@type\":\"SearchAction\",\"target\":{\"@type\":\"EntryPoint\",\"urlTemplate\":\"https:\/\/ohmondessin.com\/?s={search_term_string}\"},\"query-input\":{\"@type\":\"PropertyValueSpecification\",\"valueRequired\":true,\"valueName\":\"search_term_string\"}}],\"inLanguage\":\"fr-FR\"},{\"@type\":\"Organization\",\"@id\":\"https:\/\/ohmondessin.com\/#organization\",\"name\":\"ohmondessin.com\",\"url\":\"https:\/\/ohmondessin.com\/\",\"logo\":{\"@type\":\"ImageObject\",\"inLanguage\":\"fr-FR\",\"@id\":\"https:\/\/ohmondessin.com\/#\/schema\/logo\/image\/\",\"url\":\"https:\/\/ohmondessin.com\/wp-content\/uploads\/2023\/01\/logo_OHMD-dark.png\",\"contentUrl\":\"https:\/\/ohmondessin.com\/wp-content\/uploads\/2023\/01\/logo_OHMD-dark.png\",\"width\":500,\"height\":500,\"caption\":\"ohmondessin.com\"},\"image\":{\"@id\":\"https:\/\/ohmondessin.com\/#\/schema\/logo\/image\/\"},\"sameAs\":[\"https:\/\/www.facebook.com\/Ohmondessin\",\"https:\/\/www.instagram.com\/ohmondessin\/\"]}]}<\/script>\n<!-- \/ Yoast SEO plugin. -->","yoast_head_json":{"title":"Carte de voeux \"Le village sous les \u00e9toiles\" - ohmondessin.com","description":"Con\u00e7ue et imprim\u00e9e \u00e0 l'atelier avec une attention particuli\u00e8re port\u00e9e \u00e0 la qualit\u00e9 et \u00e0 l\u2019\u00e9coresponsabilit\u00e9. Chaque carte est emball\u00e9e avec soin et exp\u00e9di\u00e9e avec amour.","robots":{"index":"index","follow":"follow","max-snippet":"max-snippet:-1","max-image-preview":"max-image-preview:large","max-video-preview":"max-video-preview:-1"},"canonical":"https:\/\/ohmondessin.com\/index.php\/product\/carte-de-voeux-le-village-sous-les-etoiles-2\/","og_locale":"fr_FR","og_type":"article","og_title":"Carte de voeux \"Le village sous les \u00e9toiles\" - ohmondessin.com","og_description":"Con\u00e7ue et imprim\u00e9e \u00e0 l'atelier avec une attention particuli\u00e8re port\u00e9e \u00e0 la qualit\u00e9 et \u00e0 l\u2019\u00e9coresponsabilit\u00e9. Chaque carte est emball\u00e9e avec soin et exp\u00e9di\u00e9e avec amour.","og_url":"https:\/\/ohmondessin.com\/index.php\/product\/carte-de-voeux-le-village-sous-les-etoiles-2\/","og_site_name":"ohmondessin.com","article_publisher":"https:\/\/www.facebook.com\/Ohmondessin","article_modified_time":"2026-01-15T00:03:31+00:00","og_image":[{"width":2560,"height":2560,"url":"http:\/\/ohmondessin.com\/wp-content\/uploads\/2024\/11\/Cartedouble_levillagesouslesetoiles-scaled.jpg","type":"image\/jpeg"}],"twitter_card":"summary_large_image","twitter_misc":{"Dur\u00e9e de lecture estim\u00e9e":"1 minute"},"schema":{"@context":"https:\/\/schema.org","@graph":[{"@type":"WebPage","@id":"https:\/\/ohmondessin.com\/index.php\/product\/carte-de-voeux-le-village-sous-les-etoiles-2\/","url":"https:\/\/ohmondessin.com\/index.php\/product\/carte-de-voeux-le-village-sous-les-etoiles-2\/","name":"Carte de voeux \"Le village sous les \u00e9toiles\" - ohmondessin.com","isPartOf":{"@id":"https:\/\/ohmondessin.com\/#website"},"primaryImageOfPage":{"@id":"https:\/\/ohmondessin.com\/index.php\/product\/carte-de-voeux-le-village-sous-les-etoiles-2\/#primaryimage"},"image":{"@id":"https:\/\/ohmondessin.com\/index.php\/product\/carte-de-voeux-le-village-sous-les-etoiles-2\/#primaryimage"},"thumbnailUrl":"https:\/\/ohmondessin.com\/wp-content\/uploads\/2024\/11\/Cartedouble_levillagesouslesetoiles-scaled.jpg","datePublished":"2025-09-19T16:31:55+00:00","dateModified":"2026-01-15T00:03:31+00:00","description":"Con\u00e7ue et imprim\u00e9e \u00e0 l'atelier avec une attention particuli\u00e8re port\u00e9e \u00e0 la qualit\u00e9 et \u00e0 l\u2019\u00e9coresponsabilit\u00e9. Chaque carte est emball\u00e9e avec soin et exp\u00e9di\u00e9e avec amour.","breadcrumb":{"@id":"https:\/\/ohmondessin.com\/index.php\/product\/carte-de-voeux-le-village-sous-les-etoiles-2\/#breadcrumb"},"inLanguage":"fr-FR","potentialAction":[{"@type":"ReadAction","target":["https:\/\/ohmondessin.com\/index.php\/product\/carte-de-voeux-le-village-sous-les-etoiles-2\/"]}]},{"@type":"ImageObject","inLanguage":"fr-FR","@id":"https:\/\/ohmondessin.com\/index.php\/product\/carte-de-voeux-le-village-sous-les-etoiles-2\/#primaryimage","url":"https:\/\/ohmondessin.com\/wp-content\/uploads\/2024\/11\/Cartedouble_levillagesouslesetoiles-scaled.jpg","contentUrl":"https:\/\/ohmondessin.com\/wp-content\/uploads\/2024\/11\/Cartedouble_levillagesouslesetoiles-scaled.jpg","width":2560,"height":2560,"caption":"carte double le village sous les \u00e9toiles"},{"@type":"BreadcrumbList","@id":"https:\/\/ohmondessin.com\/index.php\/product\/carte-de-voeux-le-village-sous-les-etoiles-2\/#breadcrumb","itemListElement":[{"@type":"ListItem","position":1,"name":"Accueil","item":"https:\/\/ohmondessin.com\/"},{"@type":"ListItem","position":2,"name":"La boutique","item":"https:\/\/ohmondessin.com\/index.php\/la-boutique\/"},{"@type":"ListItem","position":3,"name":"Carte de voeux \u00ab\u00a0Le village sous les \u00e9toiles\u00a0\u00bb"}]},{"@type":"WebSite","@id":"https:\/\/ohmondessin.com\/#website","url":"https:\/\/ohmondessin.com\/","name":"ohmondessin.com","description":"De l\u2019illustration et du fait-main","publisher":{"@id":"https:\/\/ohmondessin.com\/#organization"},"potentialAction":[{"@type":"SearchAction","target":{"@type":"EntryPoint","urlTemplate":"https:\/\/ohmondessin.com\/?s={search_term_string}"},"query-input":{"@type":"PropertyValueSpecification","valueRequired":true,"valueName":"search_term_string"}}],"inLanguage":"fr-FR"},{"@type":"Organization","@id":"https:\/\/ohmondessin.com\/#organization","name":"ohmondessin.com","url":"https:\/\/ohmondessin.com\/","logo":{"@type":"ImageObject","inLanguage":"fr-FR","@id":"https:\/\/ohmondessin.com\/#\/schema\/logo\/image\/","url":"https:\/\/ohmondessin.com\/wp-content\/uploads\/2023\/01\/logo_OHMD-dark.png","contentUrl":"https:\/\/ohmondessin.com\/wp-content\/uploads\/2023\/01\/logo_OHMD-dark.png","width":500,"height":500,"caption":"ohmondessin.com"},"image":{"@id":"https:\/\/ohmondessin.com\/#\/schema\/logo\/image\/"},"sameAs":["https:\/\/www.facebook.com\/Ohmondessin","https:\/\/www.instagram.com\/ohmondessin\/"]}]}},"jetpack_sharing_enabled":true,"_links":{"self":[{"href":"https:\/\/ohmondessin.com\/index.php\/wp-json\/wp\/v2\/product\/7472","targetHints":{"allow":["GET"]}}],"collection":[{"href":"https:\/\/ohmondessin.com\/index.php\/wp-json\/wp\/v2\/product"}],"about":[{"href":"https:\/\/ohmondessin.com\/index.php\/wp-json\/wp\/v2\/types\/product"}],"replies":[{"embeddable":true,"href":"https:\/\/ohmondessin.com\/index.php\/wp-json\/wp\/v2\/comments?post=7472"}],"wp:featuredmedia":[{"embeddable":true,"href":"https:\/\/ohmondessin.com\/index.php\/wp-json\/wp\/v2\/media\/7473"}],"wp:attachment":[{"href":"https:\/\/ohmondessin.com\/index.php\/wp-json\/wp\/v2\/media?parent=7472"}],"wp:term":[{"taxonomy":"product_brand","embeddable":true,"href":"https:\/\/ohmondessin.com\/index.php\/wp-json\/wp\/v2\/product_brand?post=7472"},{"taxonomy":"product_cat","embeddable":true,"href":"https:\/\/ohmondessin.com\/index.php\/wp-json\/wp\/v2\/product_cat?post=7472"},{"taxonomy":"product_tag","embeddable":true,"href":"https:\/\/ohmondessin.com\/index.php\/wp-json\/wp\/v2\/product_tag?post=7472"}],"curies":[{"name":"wp","href":"https:\/\/api.w.org\/{rel}","templated":true}]}}