{"id":7479,"date":"2025-11-11T14:15:45","date_gmt":"2025-11-11T14:15:45","guid":{"rendered":"https:\/\/ohmondessin.com\/?post_type=product&#038;p=7479"},"modified":"2025-12-08T07:41:08","modified_gmt":"2025-12-08T07:41:08","slug":"bougie-jardin-dhiver","status":"publish","type":"product","link":"https:\/\/ohmondessin.com\/index.php\/product\/bougie-jardin-dhiver\/","title":{"rendered":"Bougie \u00ab\u00a0Jardin d&rsquo;Hiver\u00a0\u00bb"},"content":{"rendered":"<ul>\n<li>Composition : Cires v\u00e9g\u00e9tales 100% naturelles<\/li>\n<li>M\u00e8che en coton pour une combustion optimale et sans toxines<\/li>\n<li>Parfum : Zeste d&rsquo;orange, th\u00e9 noir, et clou de girofle<\/li>\n<li>Dur\u00e9e de combustion : 47 heures<\/li>\n<li>Rang\u00e9e dans sa jolie bo\u00eete que vous pourrez recycler suivant vos envies !<\/li>\n<\/ul>\n<p>Laissez-vous emporter par la po\u00e9sie de l\u2019hiver et cr\u00e9ez une ambiance chaleureuse \u00e0 chaque allumage.<\/p>\n","protected":false},"excerpt":{"rendered":"<div class=\"page\" title=\"Page 1\">\n<div class=\"section\">\n<div class=\"layoutArea\">\n<p>Plongez dans la magie de l\u2019hiver avec notre bougie \u00ab\u00a0Jardin d&rsquo;Hiver\u00a0\u00bb, une cr\u00e9ation artisanale con\u00e7ue pour transformer votre int\u00e9rieur en un cocon chaleureux. Fabriqu\u00e9e \u00e0 partir de cires v\u00e9g\u00e9tales naturelles et respectueuses de l&rsquo;environnement, cette bougie offre une combustion propre gr\u00e2ce \u00e0 sa m\u00e8che en coton non trait\u00e9.<\/p>\n<\/div>\n<\/div>\n<p>Son parfum d\u00e9licat m\u00eale la fra\u00eecheur des agrumes, la douceur du th\u00e9 noir, et une touche subtile de clous de girofle pour une ambiance apaisante et festive. Avec sa bo\u00eete raffin\u00e9e et ses senteurs envo\u00fbtantes, \u00ab\u00a0Jardin d&rsquo;Hiver\u00a0\u00bb est le cadeau parfait ou une touche id\u00e9ale pour embellir vos moments cocooning.<\/p>\n<p>\u2728 Dur\u00e9e de combustion : 47h<\/p>\n<p>\u2728 Parfum : zeste d&rsquo;orange, th\u00e9 noir, et clou de girofle<\/p>\n<div class=\"section\">\n<div class=\"layoutArea\">\n<p>&nbsp;<\/p>\n<\/div>\n<\/div>\n<\/div>\n","protected":false},"featured_media":7480,"comment_status":"open","ping_status":"closed","template":"","meta":[],"product_brand":[],"product_cat":[1235,780,612],"product_tag":[613,1269,1267,1268,1265,1264,619,1266,616,617,618,826,614,620,109],"class_list":{"0":"post-7479","1":"product","2":"type-product","3":"status-publish","4":"has-post-thumbnail","6":"product_cat-guide-cadeaux-de-noel","7":"product_cat-maison","8":"product_cat-bougies","9":"product_tag-bougie","10":"product_tag-bougie-cire-vegetale","11":"product_tag-bougie-cocon","12":"product_tag-bougie-cocoon","13":"product_tag-bougie-de-noel","14":"product_tag-bougie-hiver","15":"product_tag-bougie-maison","16":"product_tag-bougie-noel","17":"product_tag-bougie-parfumee","18":"product_tag-cadeau-bougie","19":"product_tag-cadeau-maison","20":"product_tag-cadeau-noel","21":"product_tag-cavalier","22":"product_tag-decoration-bougie","23":"product_tag-maisons-laffitte","24":"product_shipping_class-puzzles","26":"first","27":"outofstock","28":"taxable","29":"shipping-taxable","30":"purchasable","31":"product-type-simple"},"yoast_head":"<!-- This site is optimized with the Yoast SEO plugin v24.6 - https:\/\/yoast.com\/wordpress\/plugins\/seo\/ -->\n<title>Bougie &quot;Jardin d&#039;Hiver&quot; - ohmondessin.com<\/title>\n<meta name=\"description\" content=\"Plongez dans la magie de l\u2019hiver avec notre bougie &quot;Jardin d&#039;Hiver&quot;, une cr\u00e9ation artisanale con\u00e7ue pour transformer votre int\u00e9rieur en un cocon chaleureux. Fabriqu\u00e9e \u00e0 partir de cires v\u00e9g\u00e9tales naturelles et respectueuses de l&#039;environnement, cette bougie offre une combustion propre gr\u00e2ce \u00e0 sa m\u00e8che en coton non trait\u00e9.\" \/>\n<meta name=\"robots\" content=\"index, follow, max-snippet:-1, max-image-preview:large, max-video-preview:-1\" \/>\n<link rel=\"canonical\" href=\"https:\/\/ohmondessin.com\/index.php\/product\/bougie-jardin-dhiver\/\" \/>\n<meta property=\"og:locale\" content=\"fr_FR\" \/>\n<meta property=\"og:type\" content=\"article\" \/>\n<meta property=\"og:title\" content=\"Bougie &quot;Jardin d&#039;Hiver&quot; - ohmondessin.com\" \/>\n<meta property=\"og:description\" content=\"Plongez dans la magie de l\u2019hiver avec notre bougie &quot;Jardin d&#039;Hiver&quot;, une cr\u00e9ation artisanale con\u00e7ue pour transformer votre int\u00e9rieur en un cocon chaleureux. Fabriqu\u00e9e \u00e0 partir de cires v\u00e9g\u00e9tales naturelles et respectueuses de l&#039;environnement, cette bougie offre une combustion propre gr\u00e2ce \u00e0 sa m\u00e8che en coton non trait\u00e9.\" \/>\n<meta property=\"og:url\" content=\"https:\/\/ohmondessin.com\/index.php\/product\/bougie-jardin-dhiver\/\" \/>\n<meta property=\"og:site_name\" content=\"ohmondessin.com\" \/>\n<meta property=\"article:publisher\" content=\"https:\/\/www.facebook.com\/Ohmondessin\" \/>\n<meta property=\"article:modified_time\" content=\"2025-12-08T07:41:08+00:00\" \/>\n<meta property=\"og:image\" content=\"http:\/\/ohmondessin.com\/wp-content\/uploads\/2024\/11\/bougie-Jardindhiver-3-scaled-e1763028674951.jpg\" \/>\n\t<meta property=\"og:image:width\" content=\"2206\" \/>\n\t<meta property=\"og:image:height\" content=\"2560\" \/>\n\t<meta property=\"og:image:type\" content=\"image\/jpeg\" \/>\n<meta name=\"twitter:card\" content=\"summary_large_image\" \/>\n<meta name=\"twitter:label1\" content=\"Dur\u00e9e de lecture estim\u00e9e\" \/>\n\t<meta name=\"twitter:data1\" content=\"1 minute\" \/>\n<script type=\"application\/ld+json\" class=\"yoast-schema-graph\">{\"@context\":\"https:\/\/schema.org\",\"@graph\":[{\"@type\":\"WebPage\",\"@id\":\"https:\/\/ohmondessin.com\/index.php\/product\/bougie-jardin-dhiver\/\",\"url\":\"https:\/\/ohmondessin.com\/index.php\/product\/bougie-jardin-dhiver\/\",\"name\":\"Bougie \\\"Jardin d'Hiver\\\" - ohmondessin.com\",\"isPartOf\":{\"@id\":\"https:\/\/ohmondessin.com\/#website\"},\"primaryImageOfPage\":{\"@id\":\"https:\/\/ohmondessin.com\/index.php\/product\/bougie-jardin-dhiver\/#primaryimage\"},\"image\":{\"@id\":\"https:\/\/ohmondessin.com\/index.php\/product\/bougie-jardin-dhiver\/#primaryimage\"},\"thumbnailUrl\":\"https:\/\/ohmondessin.com\/wp-content\/uploads\/2024\/11\/bougie-Jardindhiver-3-scaled-e1763028674951.jpg\",\"datePublished\":\"2025-11-11T14:15:45+00:00\",\"dateModified\":\"2025-12-08T07:41:08+00:00\",\"description\":\"Plongez dans la magie de l\u2019hiver avec notre bougie \\\"Jardin d'Hiver\\\", une cr\u00e9ation artisanale con\u00e7ue pour transformer votre int\u00e9rieur en un cocon chaleureux. Fabriqu\u00e9e \u00e0 partir de cires v\u00e9g\u00e9tales naturelles et respectueuses de l'environnement, cette bougie offre une combustion propre gr\u00e2ce \u00e0 sa m\u00e8che en coton non trait\u00e9.\",\"breadcrumb\":{\"@id\":\"https:\/\/ohmondessin.com\/index.php\/product\/bougie-jardin-dhiver\/#breadcrumb\"},\"inLanguage\":\"fr-FR\",\"potentialAction\":[{\"@type\":\"ReadAction\",\"target\":[\"https:\/\/ohmondessin.com\/index.php\/product\/bougie-jardin-dhiver\/\"]}]},{\"@type\":\"ImageObject\",\"inLanguage\":\"fr-FR\",\"@id\":\"https:\/\/ohmondessin.com\/index.php\/product\/bougie-jardin-dhiver\/#primaryimage\",\"url\":\"https:\/\/ohmondessin.com\/wp-content\/uploads\/2024\/11\/bougie-Jardindhiver-3-scaled-e1763028674951.jpg\",\"contentUrl\":\"https:\/\/ohmondessin.com\/wp-content\/uploads\/2024\/11\/bougie-Jardindhiver-3-scaled-e1763028674951.jpg\",\"width\":2206,\"height\":2560,\"caption\":\"bougie Jardin d'hiver\"},{\"@type\":\"BreadcrumbList\",\"@id\":\"https:\/\/ohmondessin.com\/index.php\/product\/bougie-jardin-dhiver\/#breadcrumb\",\"itemListElement\":[{\"@type\":\"ListItem\",\"position\":1,\"name\":\"Accueil\",\"item\":\"https:\/\/ohmondessin.com\/\"},{\"@type\":\"ListItem\",\"position\":2,\"name\":\"La boutique\",\"item\":\"https:\/\/ohmondessin.com\/index.php\/la-boutique\/\"},{\"@type\":\"ListItem\",\"position\":3,\"name\":\"Bougie \u00ab\u00a0Jardin d&rsquo;Hiver\u00a0\u00bb\"}]},{\"@type\":\"WebSite\",\"@id\":\"https:\/\/ohmondessin.com\/#website\",\"url\":\"https:\/\/ohmondessin.com\/\",\"name\":\"ohmondessin.com\",\"description\":\"De l\u2019illustration et du fait-main\",\"publisher\":{\"@id\":\"https:\/\/ohmondessin.com\/#organization\"},\"potentialAction\":[{\"@type\":\"SearchAction\",\"target\":{\"@type\":\"EntryPoint\",\"urlTemplate\":\"https:\/\/ohmondessin.com\/?s={search_term_string}\"},\"query-input\":{\"@type\":\"PropertyValueSpecification\",\"valueRequired\":true,\"valueName\":\"search_term_string\"}}],\"inLanguage\":\"fr-FR\"},{\"@type\":\"Organization\",\"@id\":\"https:\/\/ohmondessin.com\/#organization\",\"name\":\"ohmondessin.com\",\"url\":\"https:\/\/ohmondessin.com\/\",\"logo\":{\"@type\":\"ImageObject\",\"inLanguage\":\"fr-FR\",\"@id\":\"https:\/\/ohmondessin.com\/#\/schema\/logo\/image\/\",\"url\":\"https:\/\/ohmondessin.com\/wp-content\/uploads\/2023\/01\/logo_OHMD-dark.png\",\"contentUrl\":\"https:\/\/ohmondessin.com\/wp-content\/uploads\/2023\/01\/logo_OHMD-dark.png\",\"width\":500,\"height\":500,\"caption\":\"ohmondessin.com\"},\"image\":{\"@id\":\"https:\/\/ohmondessin.com\/#\/schema\/logo\/image\/\"},\"sameAs\":[\"https:\/\/www.facebook.com\/Ohmondessin\",\"https:\/\/www.instagram.com\/ohmondessin\/\"]}]}<\/script>\n<!-- \/ Yoast SEO plugin. -->","yoast_head_json":{"title":"Bougie \"Jardin d'Hiver\" - ohmondessin.com","description":"Plongez dans la magie de l\u2019hiver avec notre bougie \"Jardin d'Hiver\", une cr\u00e9ation artisanale con\u00e7ue pour transformer votre int\u00e9rieur en un cocon chaleureux. Fabriqu\u00e9e \u00e0 partir de cires v\u00e9g\u00e9tales naturelles et respectueuses de l'environnement, cette bougie offre une combustion propre gr\u00e2ce \u00e0 sa m\u00e8che en coton non trait\u00e9.","robots":{"index":"index","follow":"follow","max-snippet":"max-snippet:-1","max-image-preview":"max-image-preview:large","max-video-preview":"max-video-preview:-1"},"canonical":"https:\/\/ohmondessin.com\/index.php\/product\/bougie-jardin-dhiver\/","og_locale":"fr_FR","og_type":"article","og_title":"Bougie \"Jardin d'Hiver\" - ohmondessin.com","og_description":"Plongez dans la magie de l\u2019hiver avec notre bougie \"Jardin d'Hiver\", une cr\u00e9ation artisanale con\u00e7ue pour transformer votre int\u00e9rieur en un cocon chaleureux. Fabriqu\u00e9e \u00e0 partir de cires v\u00e9g\u00e9tales naturelles et respectueuses de l'environnement, cette bougie offre une combustion propre gr\u00e2ce \u00e0 sa m\u00e8che en coton non trait\u00e9.","og_url":"https:\/\/ohmondessin.com\/index.php\/product\/bougie-jardin-dhiver\/","og_site_name":"ohmondessin.com","article_publisher":"https:\/\/www.facebook.com\/Ohmondessin","article_modified_time":"2025-12-08T07:41:08+00:00","og_image":[{"width":2206,"height":2560,"url":"http:\/\/ohmondessin.com\/wp-content\/uploads\/2024\/11\/bougie-Jardindhiver-3-scaled-e1763028674951.jpg","type":"image\/jpeg"}],"twitter_card":"summary_large_image","twitter_misc":{"Dur\u00e9e de lecture estim\u00e9e":"1 minute"},"schema":{"@context":"https:\/\/schema.org","@graph":[{"@type":"WebPage","@id":"https:\/\/ohmondessin.com\/index.php\/product\/bougie-jardin-dhiver\/","url":"https:\/\/ohmondessin.com\/index.php\/product\/bougie-jardin-dhiver\/","name":"Bougie \"Jardin d'Hiver\" - ohmondessin.com","isPartOf":{"@id":"https:\/\/ohmondessin.com\/#website"},"primaryImageOfPage":{"@id":"https:\/\/ohmondessin.com\/index.php\/product\/bougie-jardin-dhiver\/#primaryimage"},"image":{"@id":"https:\/\/ohmondessin.com\/index.php\/product\/bougie-jardin-dhiver\/#primaryimage"},"thumbnailUrl":"https:\/\/ohmondessin.com\/wp-content\/uploads\/2024\/11\/bougie-Jardindhiver-3-scaled-e1763028674951.jpg","datePublished":"2025-11-11T14:15:45+00:00","dateModified":"2025-12-08T07:41:08+00:00","description":"Plongez dans la magie de l\u2019hiver avec notre bougie \"Jardin d'Hiver\", une cr\u00e9ation artisanale con\u00e7ue pour transformer votre int\u00e9rieur en un cocon chaleureux. Fabriqu\u00e9e \u00e0 partir de cires v\u00e9g\u00e9tales naturelles et respectueuses de l'environnement, cette bougie offre une combustion propre gr\u00e2ce \u00e0 sa m\u00e8che en coton non trait\u00e9.","breadcrumb":{"@id":"https:\/\/ohmondessin.com\/index.php\/product\/bougie-jardin-dhiver\/#breadcrumb"},"inLanguage":"fr-FR","potentialAction":[{"@type":"ReadAction","target":["https:\/\/ohmondessin.com\/index.php\/product\/bougie-jardin-dhiver\/"]}]},{"@type":"ImageObject","inLanguage":"fr-FR","@id":"https:\/\/ohmondessin.com\/index.php\/product\/bougie-jardin-dhiver\/#primaryimage","url":"https:\/\/ohmondessin.com\/wp-content\/uploads\/2024\/11\/bougie-Jardindhiver-3-scaled-e1763028674951.jpg","contentUrl":"https:\/\/ohmondessin.com\/wp-content\/uploads\/2024\/11\/bougie-Jardindhiver-3-scaled-e1763028674951.jpg","width":2206,"height":2560,"caption":"bougie Jardin d'hiver"},{"@type":"BreadcrumbList","@id":"https:\/\/ohmondessin.com\/index.php\/product\/bougie-jardin-dhiver\/#breadcrumb","itemListElement":[{"@type":"ListItem","position":1,"name":"Accueil","item":"https:\/\/ohmondessin.com\/"},{"@type":"ListItem","position":2,"name":"La boutique","item":"https:\/\/ohmondessin.com\/index.php\/la-boutique\/"},{"@type":"ListItem","position":3,"name":"Bougie \u00ab\u00a0Jardin d&rsquo;Hiver\u00a0\u00bb"}]},{"@type":"WebSite","@id":"https:\/\/ohmondessin.com\/#website","url":"https:\/\/ohmondessin.com\/","name":"ohmondessin.com","description":"De l\u2019illustration et du fait-main","publisher":{"@id":"https:\/\/ohmondessin.com\/#organization"},"potentialAction":[{"@type":"SearchAction","target":{"@type":"EntryPoint","urlTemplate":"https:\/\/ohmondessin.com\/?s={search_term_string}"},"query-input":{"@type":"PropertyValueSpecification","valueRequired":true,"valueName":"search_term_string"}}],"inLanguage":"fr-FR"},{"@type":"Organization","@id":"https:\/\/ohmondessin.com\/#organization","name":"ohmondessin.com","url":"https:\/\/ohmondessin.com\/","logo":{"@type":"ImageObject","inLanguage":"fr-FR","@id":"https:\/\/ohmondessin.com\/#\/schema\/logo\/image\/","url":"https:\/\/ohmondessin.com\/wp-content\/uploads\/2023\/01\/logo_OHMD-dark.png","contentUrl":"https:\/\/ohmondessin.com\/wp-content\/uploads\/2023\/01\/logo_OHMD-dark.png","width":500,"height":500,"caption":"ohmondessin.com"},"image":{"@id":"https:\/\/ohmondessin.com\/#\/schema\/logo\/image\/"},"sameAs":["https:\/\/www.facebook.com\/Ohmondessin","https:\/\/www.instagram.com\/ohmondessin\/"]}]}},"jetpack_sharing_enabled":true,"_links":{"self":[{"href":"https:\/\/ohmondessin.com\/index.php\/wp-json\/wp\/v2\/product\/7479","targetHints":{"allow":["GET"]}}],"collection":[{"href":"https:\/\/ohmondessin.com\/index.php\/wp-json\/wp\/v2\/product"}],"about":[{"href":"https:\/\/ohmondessin.com\/index.php\/wp-json\/wp\/v2\/types\/product"}],"replies":[{"embeddable":true,"href":"https:\/\/ohmondessin.com\/index.php\/wp-json\/wp\/v2\/comments?post=7479"}],"wp:featuredmedia":[{"embeddable":true,"href":"https:\/\/ohmondessin.com\/index.php\/wp-json\/wp\/v2\/media\/7480"}],"wp:attachment":[{"href":"https:\/\/ohmondessin.com\/index.php\/wp-json\/wp\/v2\/media?parent=7479"}],"wp:term":[{"taxonomy":"product_brand","embeddable":true,"href":"https:\/\/ohmondessin.com\/index.php\/wp-json\/wp\/v2\/product_brand?post=7479"},{"taxonomy":"product_cat","embeddable":true,"href":"https:\/\/ohmondessin.com\/index.php\/wp-json\/wp\/v2\/product_cat?post=7479"},{"taxonomy":"product_tag","embeddable":true,"href":"https:\/\/ohmondessin.com\/index.php\/wp-json\/wp\/v2\/product_tag?post=7479"}],"curies":[{"name":"wp","href":"https:\/\/api.w.org\/{rel}","templated":true}]}}