{"id":7513,"date":"2024-12-04T14:31:50","date_gmt":"2024-12-04T14:31:50","guid":{"rendered":"https:\/\/ohmondessin.com\/?post_type=product&#038;p=7513"},"modified":"2026-01-15T00:01:50","modified_gmt":"2026-01-15T00:01:50","slug":"puzzle-le-fleuriste-500-pieces","status":"publish","type":"product","link":"https:\/\/ohmondessin.com\/index.php\/product\/puzzle-le-fleuriste-500-pieces\/","title":{"rendered":"Puzzle \u00ab\u00a0Le Fleuriste\u00a0\u00bb \u2013 500 pi\u00e8ces"},"content":{"rendered":"<p>Ce puzzle est un v\u00e9ritable voyage \u00e0 partager entre amis ou en famille, ou \u00e0 savourer en solo !<\/p>\n<ul>\n<li><strong>Dimensions<\/strong> : 47,8 x 42,4 cm une fois assembl\u00e9.<\/li>\n<li><strong>Mat\u00e9riau<\/strong> : Avec une boite en carton recycl\u00e9 et une fabrication fran\u00e7aise pour un meilleur respect de l\u2019environnement<\/li>\n<li><strong>Illustration<\/strong> : Un visuel original sign\u00e9 Oh ! Mon Dessin, con\u00e7u pour \u00e9veiller les sens et offrir un moment de plaisir visuel.<\/li>\n<li><strong>Cadeau id\u00e9al<\/strong> : Parfait pour offrir \u00e0 un proche ou pour s\u2019accorder un moment de pause m\u00e9ditative.<\/li>\n<\/ul>\n<p><a href=\"https:\/\/ohmondessin.com\/index.php\/product\/affiche-le-fleuriste\/\">D&rsquo;apr\u00e8s l&rsquo;illustration \u00ab\u00a0Le Fleuriste\u00a0\u00bb \u00e0 retrouver en affiche.<\/a><\/p>\n","protected":false},"excerpt":{"rendered":"<div class=\"wrapper_desc_content\">\n<div class=\"productDescription__block productDescription__bs\">\n<p>Plongez dans l&rsquo;univers d\u00e9licat et charmant d&rsquo;une boutique de fleurs avec le puzzle <strong>\u00ab\u00a0Le Fleuriste\u00a0\u00bb<\/strong>. Ce puzzle de 500 pi\u00e8ces capture une sc\u00e8ne pleine de douceur et de d\u00e9tails soigneusement illustr\u00e9s. Entre les pots de fleurs color\u00e9s, les plantes grimpantes et les petits animaux qui se glissent ici et l\u00e0, chaque pi\u00e8ce raconte une histoire.<\/p>\n<p><b>Nos engagements<\/b> :<\/p>\n<p>\ud83d\ude9a Livraison rapide &amp; suivie<br \/>\n\ud83c\uddeb\ud83c\uddf7 Puzzles cr\u00e9\u00e9s et fabriqu\u00e9s en France<br \/>\n\ud83d\udc9b Tirages en petite s\u00e9rie, pi\u00e8ces exclusives<br \/>\n\ud83d\udd12 Paiement 100 % s\u00e9curis\u00e9<\/p>\n<\/div>\n<\/div>\n","protected":false},"featured_media":7518,"comment_status":"open","ping_status":"closed","template":"","meta":[],"product_brand":[],"product_cat":[1234,1235],"product_tag":[1184,1179,342,1270,1275,1289,1284,1271,1277,1287,1285,1279,1288,1283,1276,1286,1278,1274,1273],"class_list":{"0":"post-7513","1":"product","2":"type-product","3":"status-publish","4":"has-post-thumbnail","6":"product_cat-puzzles","7":"product_cat-guide-cadeaux-de-noel","8":"product_tag-affiche-boutique","9":"product_tag-affiche-fleuriste","10":"product_tag-illustration-chat","11":"product_tag-puzzle","12":"product_tag-puzzle-1000-pieces-made-in-france","13":"product_tag-puzzle-500-pieces","14":"product_tag-puzzle-ados","15":"product_tag-puzzle-adulte","16":"product_tag-puzzle-amour","17":"product_tag-puzzle-boutique","18":"product_tag-puzzle-chat","19":"product_tag-puzzle-design","20":"product_tag-puzzle-devanture","21":"product_tag-puzzle-enfant","22":"product_tag-puzzle-fait-en-france","23":"product_tag-puzzle-fleuriste","24":"product_tag-puzzle-illustratice","25":"product_tag-puzzle-illustration","26":"product_tag-puzzle-pasta","27":"product_shipping_class-puzzles","29":"first","30":"outofstock","31":"taxable","32":"shipping-taxable","33":"purchasable","34":"product-type-simple"},"yoast_head":"<!-- This site is optimized with the Yoast SEO plugin v24.6 - https:\/\/yoast.com\/wordpress\/plugins\/seo\/ -->\n<title>Puzzle &quot;Le Fleuriste&quot; \u2013 500 pi\u00e8ces - ohmondessin.com<\/title>\n<meta name=\"description\" content=\"Ajoutez une touche de nature et de charme \u00e0 vos pauses caf\u00e9 avec cette tasse en c\u00e9ramique au design unique !\" \/>\n<meta name=\"robots\" content=\"index, follow, max-snippet:-1, max-image-preview:large, max-video-preview:-1\" \/>\n<link rel=\"canonical\" href=\"https:\/\/ohmondessin.com\/index.php\/product\/puzzle-le-fleuriste-500-pieces\/\" \/>\n<meta property=\"og:locale\" content=\"fr_FR\" \/>\n<meta property=\"og:type\" content=\"article\" \/>\n<meta property=\"og:title\" content=\"Puzzle &quot;Le Fleuriste&quot; \u2013 500 pi\u00e8ces - ohmondessin.com\" \/>\n<meta property=\"og:description\" content=\"Ajoutez une touche de nature et de charme \u00e0 vos pauses caf\u00e9 avec cette tasse en c\u00e9ramique au design unique !\" \/>\n<meta property=\"og:url\" content=\"https:\/\/ohmondessin.com\/index.php\/product\/puzzle-le-fleuriste-500-pieces\/\" \/>\n<meta property=\"og:site_name\" content=\"ohmondessin.com\" \/>\n<meta property=\"article:publisher\" content=\"https:\/\/www.facebook.com\/Ohmondessin\" \/>\n<meta property=\"article:modified_time\" content=\"2026-01-15T00:01:50+00:00\" \/>\n<meta property=\"og:image\" content=\"http:\/\/ohmondessin.com\/wp-content\/uploads\/2024\/12\/fleuriste-puzzle-1-1-scaled.jpg\" \/>\n\t<meta property=\"og:image:width\" content=\"2560\" \/>\n\t<meta property=\"og:image:height\" content=\"2560\" \/>\n\t<meta property=\"og:image:type\" content=\"image\/jpeg\" \/>\n<meta name=\"twitter:card\" content=\"summary_large_image\" \/>\n<meta name=\"twitter:label1\" content=\"Dur\u00e9e de lecture estim\u00e9e\" \/>\n\t<meta name=\"twitter:data1\" content=\"1 minute\" \/>\n<script type=\"application\/ld+json\" class=\"yoast-schema-graph\">{\"@context\":\"https:\/\/schema.org\",\"@graph\":[{\"@type\":\"WebPage\",\"@id\":\"https:\/\/ohmondessin.com\/index.php\/product\/puzzle-le-fleuriste-500-pieces\/\",\"url\":\"https:\/\/ohmondessin.com\/index.php\/product\/puzzle-le-fleuriste-500-pieces\/\",\"name\":\"Puzzle \\\"Le Fleuriste\\\" \u2013 500 pi\u00e8ces - ohmondessin.com\",\"isPartOf\":{\"@id\":\"https:\/\/ohmondessin.com\/#website\"},\"primaryImageOfPage\":{\"@id\":\"https:\/\/ohmondessin.com\/index.php\/product\/puzzle-le-fleuriste-500-pieces\/#primaryimage\"},\"image\":{\"@id\":\"https:\/\/ohmondessin.com\/index.php\/product\/puzzle-le-fleuriste-500-pieces\/#primaryimage\"},\"thumbnailUrl\":\"https:\/\/ohmondessin.com\/wp-content\/uploads\/2024\/12\/fleuriste-puzzle-1-1-scaled.jpg\",\"datePublished\":\"2024-12-04T14:31:50+00:00\",\"dateModified\":\"2026-01-15T00:01:50+00:00\",\"description\":\"Ajoutez une touche de nature et de charme \u00e0 vos pauses caf\u00e9 avec cette tasse en c\u00e9ramique au design unique !\",\"breadcrumb\":{\"@id\":\"https:\/\/ohmondessin.com\/index.php\/product\/puzzle-le-fleuriste-500-pieces\/#breadcrumb\"},\"inLanguage\":\"fr-FR\",\"potentialAction\":[{\"@type\":\"ReadAction\",\"target\":[\"https:\/\/ohmondessin.com\/index.php\/product\/puzzle-le-fleuriste-500-pieces\/\"]}]},{\"@type\":\"ImageObject\",\"inLanguage\":\"fr-FR\",\"@id\":\"https:\/\/ohmondessin.com\/index.php\/product\/puzzle-le-fleuriste-500-pieces\/#primaryimage\",\"url\":\"https:\/\/ohmondessin.com\/wp-content\/uploads\/2024\/12\/fleuriste-puzzle-1-1-scaled.jpg\",\"contentUrl\":\"https:\/\/ohmondessin.com\/wp-content\/uploads\/2024\/12\/fleuriste-puzzle-1-1-scaled.jpg\",\"width\":2560,\"height\":2560,\"caption\":\"fleuriste-puzzle-1\"},{\"@type\":\"BreadcrumbList\",\"@id\":\"https:\/\/ohmondessin.com\/index.php\/product\/puzzle-le-fleuriste-500-pieces\/#breadcrumb\",\"itemListElement\":[{\"@type\":\"ListItem\",\"position\":1,\"name\":\"Accueil\",\"item\":\"https:\/\/ohmondessin.com\/\"},{\"@type\":\"ListItem\",\"position\":2,\"name\":\"La boutique\",\"item\":\"https:\/\/ohmondessin.com\/index.php\/la-boutique\/\"},{\"@type\":\"ListItem\",\"position\":3,\"name\":\"Puzzle \u00ab\u00a0Le Fleuriste\u00a0\u00bb \u2013 500 pi\u00e8ces\"}]},{\"@type\":\"WebSite\",\"@id\":\"https:\/\/ohmondessin.com\/#website\",\"url\":\"https:\/\/ohmondessin.com\/\",\"name\":\"ohmondessin.com\",\"description\":\"De l\u2019illustration et du fait-main\",\"publisher\":{\"@id\":\"https:\/\/ohmondessin.com\/#organization\"},\"potentialAction\":[{\"@type\":\"SearchAction\",\"target\":{\"@type\":\"EntryPoint\",\"urlTemplate\":\"https:\/\/ohmondessin.com\/?s={search_term_string}\"},\"query-input\":{\"@type\":\"PropertyValueSpecification\",\"valueRequired\":true,\"valueName\":\"search_term_string\"}}],\"inLanguage\":\"fr-FR\"},{\"@type\":\"Organization\",\"@id\":\"https:\/\/ohmondessin.com\/#organization\",\"name\":\"ohmondessin.com\",\"url\":\"https:\/\/ohmondessin.com\/\",\"logo\":{\"@type\":\"ImageObject\",\"inLanguage\":\"fr-FR\",\"@id\":\"https:\/\/ohmondessin.com\/#\/schema\/logo\/image\/\",\"url\":\"https:\/\/ohmondessin.com\/wp-content\/uploads\/2023\/01\/logo_OHMD-dark.png\",\"contentUrl\":\"https:\/\/ohmondessin.com\/wp-content\/uploads\/2023\/01\/logo_OHMD-dark.png\",\"width\":500,\"height\":500,\"caption\":\"ohmondessin.com\"},\"image\":{\"@id\":\"https:\/\/ohmondessin.com\/#\/schema\/logo\/image\/\"},\"sameAs\":[\"https:\/\/www.facebook.com\/Ohmondessin\",\"https:\/\/www.instagram.com\/ohmondessin\/\"]}]}<\/script>\n<!-- \/ Yoast SEO plugin. -->","yoast_head_json":{"title":"Puzzle \"Le Fleuriste\" \u2013 500 pi\u00e8ces - ohmondessin.com","description":"Ajoutez une touche de nature et de charme \u00e0 vos pauses caf\u00e9 avec cette tasse en c\u00e9ramique au design unique !","robots":{"index":"index","follow":"follow","max-snippet":"max-snippet:-1","max-image-preview":"max-image-preview:large","max-video-preview":"max-video-preview:-1"},"canonical":"https:\/\/ohmondessin.com\/index.php\/product\/puzzle-le-fleuriste-500-pieces\/","og_locale":"fr_FR","og_type":"article","og_title":"Puzzle \"Le Fleuriste\" \u2013 500 pi\u00e8ces - ohmondessin.com","og_description":"Ajoutez une touche de nature et de charme \u00e0 vos pauses caf\u00e9 avec cette tasse en c\u00e9ramique au design unique !","og_url":"https:\/\/ohmondessin.com\/index.php\/product\/puzzle-le-fleuriste-500-pieces\/","og_site_name":"ohmondessin.com","article_publisher":"https:\/\/www.facebook.com\/Ohmondessin","article_modified_time":"2026-01-15T00:01:50+00:00","og_image":[{"width":2560,"height":2560,"url":"http:\/\/ohmondessin.com\/wp-content\/uploads\/2024\/12\/fleuriste-puzzle-1-1-scaled.jpg","type":"image\/jpeg"}],"twitter_card":"summary_large_image","twitter_misc":{"Dur\u00e9e de lecture estim\u00e9e":"1 minute"},"schema":{"@context":"https:\/\/schema.org","@graph":[{"@type":"WebPage","@id":"https:\/\/ohmondessin.com\/index.php\/product\/puzzle-le-fleuriste-500-pieces\/","url":"https:\/\/ohmondessin.com\/index.php\/product\/puzzle-le-fleuriste-500-pieces\/","name":"Puzzle \"Le Fleuriste\" \u2013 500 pi\u00e8ces - ohmondessin.com","isPartOf":{"@id":"https:\/\/ohmondessin.com\/#website"},"primaryImageOfPage":{"@id":"https:\/\/ohmondessin.com\/index.php\/product\/puzzle-le-fleuriste-500-pieces\/#primaryimage"},"image":{"@id":"https:\/\/ohmondessin.com\/index.php\/product\/puzzle-le-fleuriste-500-pieces\/#primaryimage"},"thumbnailUrl":"https:\/\/ohmondessin.com\/wp-content\/uploads\/2024\/12\/fleuriste-puzzle-1-1-scaled.jpg","datePublished":"2024-12-04T14:31:50+00:00","dateModified":"2026-01-15T00:01:50+00:00","description":"Ajoutez une touche de nature et de charme \u00e0 vos pauses caf\u00e9 avec cette tasse en c\u00e9ramique au design unique !","breadcrumb":{"@id":"https:\/\/ohmondessin.com\/index.php\/product\/puzzle-le-fleuriste-500-pieces\/#breadcrumb"},"inLanguage":"fr-FR","potentialAction":[{"@type":"ReadAction","target":["https:\/\/ohmondessin.com\/index.php\/product\/puzzle-le-fleuriste-500-pieces\/"]}]},{"@type":"ImageObject","inLanguage":"fr-FR","@id":"https:\/\/ohmondessin.com\/index.php\/product\/puzzle-le-fleuriste-500-pieces\/#primaryimage","url":"https:\/\/ohmondessin.com\/wp-content\/uploads\/2024\/12\/fleuriste-puzzle-1-1-scaled.jpg","contentUrl":"https:\/\/ohmondessin.com\/wp-content\/uploads\/2024\/12\/fleuriste-puzzle-1-1-scaled.jpg","width":2560,"height":2560,"caption":"fleuriste-puzzle-1"},{"@type":"BreadcrumbList","@id":"https:\/\/ohmondessin.com\/index.php\/product\/puzzle-le-fleuriste-500-pieces\/#breadcrumb","itemListElement":[{"@type":"ListItem","position":1,"name":"Accueil","item":"https:\/\/ohmondessin.com\/"},{"@type":"ListItem","position":2,"name":"La boutique","item":"https:\/\/ohmondessin.com\/index.php\/la-boutique\/"},{"@type":"ListItem","position":3,"name":"Puzzle \u00ab\u00a0Le Fleuriste\u00a0\u00bb \u2013 500 pi\u00e8ces"}]},{"@type":"WebSite","@id":"https:\/\/ohmondessin.com\/#website","url":"https:\/\/ohmondessin.com\/","name":"ohmondessin.com","description":"De l\u2019illustration et du fait-main","publisher":{"@id":"https:\/\/ohmondessin.com\/#organization"},"potentialAction":[{"@type":"SearchAction","target":{"@type":"EntryPoint","urlTemplate":"https:\/\/ohmondessin.com\/?s={search_term_string}"},"query-input":{"@type":"PropertyValueSpecification","valueRequired":true,"valueName":"search_term_string"}}],"inLanguage":"fr-FR"},{"@type":"Organization","@id":"https:\/\/ohmondessin.com\/#organization","name":"ohmondessin.com","url":"https:\/\/ohmondessin.com\/","logo":{"@type":"ImageObject","inLanguage":"fr-FR","@id":"https:\/\/ohmondessin.com\/#\/schema\/logo\/image\/","url":"https:\/\/ohmondessin.com\/wp-content\/uploads\/2023\/01\/logo_OHMD-dark.png","contentUrl":"https:\/\/ohmondessin.com\/wp-content\/uploads\/2023\/01\/logo_OHMD-dark.png","width":500,"height":500,"caption":"ohmondessin.com"},"image":{"@id":"https:\/\/ohmondessin.com\/#\/schema\/logo\/image\/"},"sameAs":["https:\/\/www.facebook.com\/Ohmondessin","https:\/\/www.instagram.com\/ohmondessin\/"]}]}},"jetpack_sharing_enabled":true,"_links":{"self":[{"href":"https:\/\/ohmondessin.com\/index.php\/wp-json\/wp\/v2\/product\/7513","targetHints":{"allow":["GET"]}}],"collection":[{"href":"https:\/\/ohmondessin.com\/index.php\/wp-json\/wp\/v2\/product"}],"about":[{"href":"https:\/\/ohmondessin.com\/index.php\/wp-json\/wp\/v2\/types\/product"}],"replies":[{"embeddable":true,"href":"https:\/\/ohmondessin.com\/index.php\/wp-json\/wp\/v2\/comments?post=7513"}],"wp:featuredmedia":[{"embeddable":true,"href":"https:\/\/ohmondessin.com\/index.php\/wp-json\/wp\/v2\/media\/7518"}],"wp:attachment":[{"href":"https:\/\/ohmondessin.com\/index.php\/wp-json\/wp\/v2\/media?parent=7513"}],"wp:term":[{"taxonomy":"product_brand","embeddable":true,"href":"https:\/\/ohmondessin.com\/index.php\/wp-json\/wp\/v2\/product_brand?post=7513"},{"taxonomy":"product_cat","embeddable":true,"href":"https:\/\/ohmondessin.com\/index.php\/wp-json\/wp\/v2\/product_cat?post=7513"},{"taxonomy":"product_tag","embeddable":true,"href":"https:\/\/ohmondessin.com\/index.php\/wp-json\/wp\/v2\/product_tag?post=7513"}],"curies":[{"name":"wp","href":"https:\/\/api.w.org\/{rel}","templated":true}]}}