{"id":7686,"date":"2025-03-06T15:35:55","date_gmt":"2025-03-06T15:35:55","guid":{"rendered":"https:\/\/ohmondessin.com\/?post_type=product&#038;p=7686"},"modified":"2026-01-15T00:01:51","modified_gmt":"2026-01-15T00:01:51","slug":"mug-en-acier-emaille-maisons-laffitte","status":"publish","type":"product","link":"https:\/\/ohmondessin.com\/index.php\/product\/mug-en-acier-emaille-maisons-laffitte\/","title":{"rendered":"Mug en acier \u00e9maill\u00e9 Maisons-Laffitte"},"content":{"rendered":"<p data-start=\"231\" data-end=\"675\">Capacit\u00e9 : Parfait pour votre caf\u00e9, th\u00e9 ou toute boisson chaude. Ce mug n&rsquo;est pas adapt\u00e9 au micro-onde mais il passe au lave-vaisselle !<br data-start=\"301\" data-end=\"304\" \/>Mat\u00e9riau : Acier \u00e9maill\u00e9 robuste, l\u00e9ger et r\u00e9sistant, parfait pour la maison comme pour l\u2019aventure.<br data-start=\"410\" data-end=\"413\" \/>Design : Illustration originale inspir\u00e9e de l\u2019univers raffin\u00e9 de Maisons-Laffitte et de son c\u00e9l\u00e8bre ch\u00e2teau.<br data-start=\"528\" data-end=\"531\" \/>Contenance : 284 ml<br data-start=\"556\" data-end=\"559\" \/>Production : Mug imprim\u00e9 avec soin \u00e0 quelques kilom\u00e8tres de l\u2019atelier, puis exp\u00e9di\u00e9 avec amour.<\/p>\n","protected":false},"excerpt":{"rendered":"<div class=\"wrapper_desc_content\">\n<div class=\"productDescription__block productDescription__bs\">\n<p>Plongez dans l\u2019\u00e9l\u00e9gance et l\u2019atmosph\u00e8re unique de Maisons-Laffitte avec ce superbe mug \u00e9maill\u00e9. Son design d\u00e9licatement illustr\u00e9 met en sc\u00e8ne une cavali\u00e8re, profitant d\u2019un moment gourmand avec un d\u00e9licieux Paris-Brest et en arri\u00e8re-plan, le Ch\u00e2teau de Maisons.<\/p>\n<\/div>\n<p>Cette tasse est id\u00e9ale pour ajouter une touche d\u2019\u00e9l\u00e9gance et d\u2019authenticit\u00e9 \u00e0 votre quotidien ou pour offrir en cadeau !<\/p>\n<\/div>\n","protected":false},"featured_media":7687,"comment_status":"open","ping_status":"closed","template":"","meta":[],"product_brand":[],"product_cat":[1235,780,117,130],"product_tag":[109,1311,1308,1312,118,1305,831,1119,1307,1314,1309,1313,1310,1306],"class_list":{"0":"post-7686","1":"product","2":"type-product","3":"status-publish","4":"has-post-thumbnail","6":"product_cat-guide-cadeaux-de-noel","7":"product_cat-maison","8":"product_cat-mugs-tasses","9":"product_cat-mugs-emailles-mug","10":"product_tag-maisons-laffitte","11":"product_tag-mug-cavaliere","12":"product_tag-mug-chateau","13":"product_tag-mug-cheval","14":"product_tag-mug-emaille","15":"product_tag-mug-maisons-laffitte","16":"product_tag-mug-the","17":"product_tag-paris-illustration","18":"product_tag-paris-brest-illustration","19":"product_tag-tasse-cavalier","20":"product_tag-tasse-chateau","21":"product_tag-tasse-cheval","22":"product_tag-tasse-maisons-laffitte","23":"product_tag-yvelines-illustration","24":"product_shipping_class-mugs","26":"first","27":"instock","28":"taxable","29":"shipping-taxable","30":"purchasable","31":"product-type-simple"},"yoast_head":"<!-- This site is optimized with the Yoast SEO plugin v24.6 - https:\/\/yoast.com\/wordpress\/plugins\/seo\/ -->\n<title>Mug en acier \u00e9maill\u00e9 Maisons-Laffitte - ohmondessin.com<\/title>\n<meta name=\"robots\" content=\"index, follow, max-snippet:-1, max-image-preview:large, max-video-preview:-1\" \/>\n<link rel=\"canonical\" href=\"https:\/\/ohmondessin.com\/index.php\/product\/mug-en-acier-emaille-maisons-laffitte\/\" \/>\n<meta property=\"og:locale\" content=\"fr_FR\" \/>\n<meta property=\"og:type\" content=\"article\" \/>\n<meta property=\"og:title\" content=\"Mug en acier \u00e9maill\u00e9 Maisons-Laffitte - ohmondessin.com\" \/>\n<meta property=\"og:description\" content=\"Plongez dans l\u2019\u00e9l\u00e9gance et l\u2019atmosph\u00e8re unique de Maisons-Laffitte avec ce superbe mug \u00e9maill\u00e9. Son design d\u00e9licatement illustr\u00e9 met en sc\u00e8ne une cavali\u00e8re, profitant d\u2019un moment gourmand avec un d\u00e9licieux Paris-Brest et en arri\u00e8re-plan, le Ch\u00e2teau de Maisons.   Cette tasse est id\u00e9ale pour ajouter une touche d\u2019\u00e9l\u00e9gance et d\u2019authenticit\u00e9 \u00e0 votre quotidien ou pour offrir en cadeau !\" \/>\n<meta property=\"og:url\" content=\"https:\/\/ohmondessin.com\/index.php\/product\/mug-en-acier-emaille-maisons-laffitte\/\" \/>\n<meta property=\"og:site_name\" content=\"ohmondessin.com\" \/>\n<meta property=\"article:publisher\" content=\"https:\/\/www.facebook.com\/Ohmondessin\" \/>\n<meta property=\"article:modified_time\" content=\"2026-01-15T00:01:51+00:00\" \/>\n<meta property=\"og:image\" content=\"http:\/\/ohmondessin.com\/wp-content\/uploads\/2025\/03\/MUGS_MAISONS-LAFFITTE-1-1024x1024.jpg\" \/>\n\t<meta property=\"og:image:width\" content=\"1024\" \/>\n\t<meta property=\"og:image:height\" content=\"1024\" \/>\n\t<meta property=\"og:image:type\" content=\"image\/jpeg\" \/>\n<meta name=\"twitter:card\" content=\"summary_large_image\" \/>\n<meta name=\"twitter:label1\" content=\"Dur\u00e9e de lecture estim\u00e9e\" \/>\n\t<meta name=\"twitter:data1\" content=\"1 minute\" \/>\n<script type=\"application\/ld+json\" class=\"yoast-schema-graph\">{\"@context\":\"https:\/\/schema.org\",\"@graph\":[{\"@type\":\"WebPage\",\"@id\":\"https:\/\/ohmondessin.com\/index.php\/product\/mug-en-acier-emaille-maisons-laffitte\/\",\"url\":\"https:\/\/ohmondessin.com\/index.php\/product\/mug-en-acier-emaille-maisons-laffitte\/\",\"name\":\"Mug en acier \u00e9maill\u00e9 Maisons-Laffitte - ohmondessin.com\",\"isPartOf\":{\"@id\":\"https:\/\/ohmondessin.com\/#website\"},\"primaryImageOfPage\":{\"@id\":\"https:\/\/ohmondessin.com\/index.php\/product\/mug-en-acier-emaille-maisons-laffitte\/#primaryimage\"},\"image\":{\"@id\":\"https:\/\/ohmondessin.com\/index.php\/product\/mug-en-acier-emaille-maisons-laffitte\/#primaryimage\"},\"thumbnailUrl\":\"https:\/\/ohmondessin.com\/wp-content\/uploads\/2025\/03\/MUGS_MAISONS-LAFFITTE-1.jpg\",\"datePublished\":\"2025-03-06T15:35:55+00:00\",\"dateModified\":\"2026-01-15T00:01:51+00:00\",\"breadcrumb\":{\"@id\":\"https:\/\/ohmondessin.com\/index.php\/product\/mug-en-acier-emaille-maisons-laffitte\/#breadcrumb\"},\"inLanguage\":\"fr-FR\",\"potentialAction\":[{\"@type\":\"ReadAction\",\"target\":[\"https:\/\/ohmondessin.com\/index.php\/product\/mug-en-acier-emaille-maisons-laffitte\/\"]}]},{\"@type\":\"ImageObject\",\"inLanguage\":\"fr-FR\",\"@id\":\"https:\/\/ohmondessin.com\/index.php\/product\/mug-en-acier-emaille-maisons-laffitte\/#primaryimage\",\"url\":\"https:\/\/ohmondessin.com\/wp-content\/uploads\/2025\/03\/MUGS_MAISONS-LAFFITTE-1.jpg\",\"contentUrl\":\"https:\/\/ohmondessin.com\/wp-content\/uploads\/2025\/03\/MUGS_MAISONS-LAFFITTE-1.jpg\",\"width\":2524,\"height\":2524},{\"@type\":\"BreadcrumbList\",\"@id\":\"https:\/\/ohmondessin.com\/index.php\/product\/mug-en-acier-emaille-maisons-laffitte\/#breadcrumb\",\"itemListElement\":[{\"@type\":\"ListItem\",\"position\":1,\"name\":\"Accueil\",\"item\":\"https:\/\/ohmondessin.com\/\"},{\"@type\":\"ListItem\",\"position\":2,\"name\":\"La boutique\",\"item\":\"https:\/\/ohmondessin.com\/index.php\/la-boutique\/\"},{\"@type\":\"ListItem\",\"position\":3,\"name\":\"Mug en acier \u00e9maill\u00e9 Maisons-Laffitte\"}]},{\"@type\":\"WebSite\",\"@id\":\"https:\/\/ohmondessin.com\/#website\",\"url\":\"https:\/\/ohmondessin.com\/\",\"name\":\"ohmondessin.com\",\"description\":\"De l\u2019illustration et du fait-main\",\"publisher\":{\"@id\":\"https:\/\/ohmondessin.com\/#organization\"},\"potentialAction\":[{\"@type\":\"SearchAction\",\"target\":{\"@type\":\"EntryPoint\",\"urlTemplate\":\"https:\/\/ohmondessin.com\/?s={search_term_string}\"},\"query-input\":{\"@type\":\"PropertyValueSpecification\",\"valueRequired\":true,\"valueName\":\"search_term_string\"}}],\"inLanguage\":\"fr-FR\"},{\"@type\":\"Organization\",\"@id\":\"https:\/\/ohmondessin.com\/#organization\",\"name\":\"ohmondessin.com\",\"url\":\"https:\/\/ohmondessin.com\/\",\"logo\":{\"@type\":\"ImageObject\",\"inLanguage\":\"fr-FR\",\"@id\":\"https:\/\/ohmondessin.com\/#\/schema\/logo\/image\/\",\"url\":\"https:\/\/ohmondessin.com\/wp-content\/uploads\/2023\/01\/logo_OHMD-dark.png\",\"contentUrl\":\"https:\/\/ohmondessin.com\/wp-content\/uploads\/2023\/01\/logo_OHMD-dark.png\",\"width\":500,\"height\":500,\"caption\":\"ohmondessin.com\"},\"image\":{\"@id\":\"https:\/\/ohmondessin.com\/#\/schema\/logo\/image\/\"},\"sameAs\":[\"https:\/\/www.facebook.com\/Ohmondessin\",\"https:\/\/www.instagram.com\/ohmondessin\/\"]}]}<\/script>\n<!-- \/ Yoast SEO plugin. -->","yoast_head_json":{"title":"Mug en acier \u00e9maill\u00e9 Maisons-Laffitte - ohmondessin.com","robots":{"index":"index","follow":"follow","max-snippet":"max-snippet:-1","max-image-preview":"max-image-preview:large","max-video-preview":"max-video-preview:-1"},"canonical":"https:\/\/ohmondessin.com\/index.php\/product\/mug-en-acier-emaille-maisons-laffitte\/","og_locale":"fr_FR","og_type":"article","og_title":"Mug en acier \u00e9maill\u00e9 Maisons-Laffitte - ohmondessin.com","og_description":"Plongez dans l\u2019\u00e9l\u00e9gance et l\u2019atmosph\u00e8re unique de Maisons-Laffitte avec ce superbe mug \u00e9maill\u00e9. Son design d\u00e9licatement illustr\u00e9 met en sc\u00e8ne une cavali\u00e8re, profitant d\u2019un moment gourmand avec un d\u00e9licieux Paris-Brest et en arri\u00e8re-plan, le Ch\u00e2teau de Maisons.   Cette tasse est id\u00e9ale pour ajouter une touche d\u2019\u00e9l\u00e9gance et d\u2019authenticit\u00e9 \u00e0 votre quotidien ou pour offrir en cadeau !","og_url":"https:\/\/ohmondessin.com\/index.php\/product\/mug-en-acier-emaille-maisons-laffitte\/","og_site_name":"ohmondessin.com","article_publisher":"https:\/\/www.facebook.com\/Ohmondessin","article_modified_time":"2026-01-15T00:01:51+00:00","og_image":[{"width":1024,"height":1024,"url":"http:\/\/ohmondessin.com\/wp-content\/uploads\/2025\/03\/MUGS_MAISONS-LAFFITTE-1-1024x1024.jpg","type":"image\/jpeg"}],"twitter_card":"summary_large_image","twitter_misc":{"Dur\u00e9e de lecture estim\u00e9e":"1 minute"},"schema":{"@context":"https:\/\/schema.org","@graph":[{"@type":"WebPage","@id":"https:\/\/ohmondessin.com\/index.php\/product\/mug-en-acier-emaille-maisons-laffitte\/","url":"https:\/\/ohmondessin.com\/index.php\/product\/mug-en-acier-emaille-maisons-laffitte\/","name":"Mug en acier \u00e9maill\u00e9 Maisons-Laffitte - ohmondessin.com","isPartOf":{"@id":"https:\/\/ohmondessin.com\/#website"},"primaryImageOfPage":{"@id":"https:\/\/ohmondessin.com\/index.php\/product\/mug-en-acier-emaille-maisons-laffitte\/#primaryimage"},"image":{"@id":"https:\/\/ohmondessin.com\/index.php\/product\/mug-en-acier-emaille-maisons-laffitte\/#primaryimage"},"thumbnailUrl":"https:\/\/ohmondessin.com\/wp-content\/uploads\/2025\/03\/MUGS_MAISONS-LAFFITTE-1.jpg","datePublished":"2025-03-06T15:35:55+00:00","dateModified":"2026-01-15T00:01:51+00:00","breadcrumb":{"@id":"https:\/\/ohmondessin.com\/index.php\/product\/mug-en-acier-emaille-maisons-laffitte\/#breadcrumb"},"inLanguage":"fr-FR","potentialAction":[{"@type":"ReadAction","target":["https:\/\/ohmondessin.com\/index.php\/product\/mug-en-acier-emaille-maisons-laffitte\/"]}]},{"@type":"ImageObject","inLanguage":"fr-FR","@id":"https:\/\/ohmondessin.com\/index.php\/product\/mug-en-acier-emaille-maisons-laffitte\/#primaryimage","url":"https:\/\/ohmondessin.com\/wp-content\/uploads\/2025\/03\/MUGS_MAISONS-LAFFITTE-1.jpg","contentUrl":"https:\/\/ohmondessin.com\/wp-content\/uploads\/2025\/03\/MUGS_MAISONS-LAFFITTE-1.jpg","width":2524,"height":2524},{"@type":"BreadcrumbList","@id":"https:\/\/ohmondessin.com\/index.php\/product\/mug-en-acier-emaille-maisons-laffitte\/#breadcrumb","itemListElement":[{"@type":"ListItem","position":1,"name":"Accueil","item":"https:\/\/ohmondessin.com\/"},{"@type":"ListItem","position":2,"name":"La boutique","item":"https:\/\/ohmondessin.com\/index.php\/la-boutique\/"},{"@type":"ListItem","position":3,"name":"Mug en acier \u00e9maill\u00e9 Maisons-Laffitte"}]},{"@type":"WebSite","@id":"https:\/\/ohmondessin.com\/#website","url":"https:\/\/ohmondessin.com\/","name":"ohmondessin.com","description":"De l\u2019illustration et du fait-main","publisher":{"@id":"https:\/\/ohmondessin.com\/#organization"},"potentialAction":[{"@type":"SearchAction","target":{"@type":"EntryPoint","urlTemplate":"https:\/\/ohmondessin.com\/?s={search_term_string}"},"query-input":{"@type":"PropertyValueSpecification","valueRequired":true,"valueName":"search_term_string"}}],"inLanguage":"fr-FR"},{"@type":"Organization","@id":"https:\/\/ohmondessin.com\/#organization","name":"ohmondessin.com","url":"https:\/\/ohmondessin.com\/","logo":{"@type":"ImageObject","inLanguage":"fr-FR","@id":"https:\/\/ohmondessin.com\/#\/schema\/logo\/image\/","url":"https:\/\/ohmondessin.com\/wp-content\/uploads\/2023\/01\/logo_OHMD-dark.png","contentUrl":"https:\/\/ohmondessin.com\/wp-content\/uploads\/2023\/01\/logo_OHMD-dark.png","width":500,"height":500,"caption":"ohmondessin.com"},"image":{"@id":"https:\/\/ohmondessin.com\/#\/schema\/logo\/image\/"},"sameAs":["https:\/\/www.facebook.com\/Ohmondessin","https:\/\/www.instagram.com\/ohmondessin\/"]}]}},"jetpack_sharing_enabled":true,"_links":{"self":[{"href":"https:\/\/ohmondessin.com\/index.php\/wp-json\/wp\/v2\/product\/7686","targetHints":{"allow":["GET"]}}],"collection":[{"href":"https:\/\/ohmondessin.com\/index.php\/wp-json\/wp\/v2\/product"}],"about":[{"href":"https:\/\/ohmondessin.com\/index.php\/wp-json\/wp\/v2\/types\/product"}],"replies":[{"embeddable":true,"href":"https:\/\/ohmondessin.com\/index.php\/wp-json\/wp\/v2\/comments?post=7686"}],"wp:featuredmedia":[{"embeddable":true,"href":"https:\/\/ohmondessin.com\/index.php\/wp-json\/wp\/v2\/media\/7687"}],"wp:attachment":[{"href":"https:\/\/ohmondessin.com\/index.php\/wp-json\/wp\/v2\/media?parent=7686"}],"wp:term":[{"taxonomy":"product_brand","embeddable":true,"href":"https:\/\/ohmondessin.com\/index.php\/wp-json\/wp\/v2\/product_brand?post=7686"},{"taxonomy":"product_cat","embeddable":true,"href":"https:\/\/ohmondessin.com\/index.php\/wp-json\/wp\/v2\/product_cat?post=7686"},{"taxonomy":"product_tag","embeddable":true,"href":"https:\/\/ohmondessin.com\/index.php\/wp-json\/wp\/v2\/product_tag?post=7686"}],"curies":[{"name":"wp","href":"https:\/\/api.w.org\/{rel}","templated":true}]}}