{"id":7712,"date":"2025-03-12T13:45:00","date_gmt":"2025-03-12T13:45:00","guid":{"rendered":"https:\/\/ohmondessin.com\/?post_type=product&#038;p=7712"},"modified":"2026-01-15T00:01:53","modified_gmt":"2026-01-15T00:01:53","slug":"nouveau-carte-anniversaire-les-paons","status":"publish","type":"product","link":"https:\/\/ohmondessin.com\/index.php\/product\/nouveau-carte-anniversaire-les-paons\/","title":{"rendered":"NOUVEAU &#8211; Carte Anniversaire \u00ab\u00a0Les Paons\u00a0\u00bb"},"content":{"rendered":"<p data-start=\"52\" data-end=\"224\">Con\u00e7ue et imprim\u00e9e en France avec une attention particuli\u00e8re port\u00e9e \u00e0 la qualit\u00e9 et \u00e0 l\u2019\u00e9coresponsabilit\u00e9. Chaque carte est emball\u00e9e avec soin et exp\u00e9di\u00e9e avec amour.<\/p>\n<p data-start=\"226\" data-end=\"404\">Design : Une illustration \u00e9l\u00e9gante et d\u00e9taill\u00e9e mettant en sc\u00e8ne des paons aux teintes profondes et chatoyantes, entour\u00e9s d\u2019un feuillage luxuriant et fleuri. Une composition harmonieuse qui \u00e9voque la gr\u00e2ce et la splendeur de ces oiseaux embl\u00e9matiques.<\/p>\n<p data-start=\"226\" data-end=\"404\">Qualit\u00e9 : Papier \u00e9pais et certifi\u00e9 FSC pour une finition raffin\u00e9e et un toucher agr\u00e9able.<\/p>\n<p data-start=\"501\" data-end=\"630\">Format : 10,5 x 15 cm, cette carte double offre tout l\u2019espace n\u00e9cessaire pour vos mots doux et messages chaleureux.<\/p>\n<p data-start=\"632\" data-end=\"738\">Enveloppe incluse : Livr\u00e9e avec une enveloppe blanche \u00e9l\u00e9gante et gaufr\u00e9e de notre logo, pour un envoi raffin\u00e9 et d\u00e9licat.<\/p>\n<p data-start=\"740\" data-end=\"857\">Utilisation : Id\u00e9ale pour souhaiter un joyeux anniversaire avec originalit\u00e9 et \u00e9l\u00e9gance. Un souvenir pr\u00e9cieux \u00e0 conserver.<\/p>\n","protected":false},"excerpt":{"rendered":"<div class=\"DraftEditor-root\">\n<div class=\"DraftEditor-editorContainer\">\n<div id=\"yoast-google-preview-description-metabox\" class=\"notranslate public-DraftEditor-content\" role=\"combobox\" contenteditable=\"true\" spellcheck=\"true\" aria-autocomplete=\"list\" aria-expanded=\"false\" aria-labelledby=\"replacement-variable-editor-field-5\">\n<div data-contents=\"true\">\n<div class=\"\" data-block=\"true\" data-editor=\"5j2s8\" data-offset-key=\"cu2uc-0-0\">\n<div class=\"public-DraftStyleDefault-block public-DraftStyleDefault-ltr\" data-offset-key=\"cu2uc-0-0\"><span data-offset-key=\"cu2uc-0-0\">Une carte \u00e9l\u00e9gante et d\u00e9taill\u00e9e mettant en sc\u00e8ne des paons aux teintes profondes et chatoyantes. Id\u00e9ale pour souhaiter un joyeux anniversaire avec originalit\u00e9 et \u00e9l\u00e9gance.<\/span><\/div>\n<\/div>\n<\/div>\n<\/div>\n<\/div>\n<\/div>\n","protected":false},"featured_media":7714,"comment_status":"open","ping_status":"closed","template":"","meta":[],"product_brand":[],"product_cat":[1090,1320,719,725,722],"product_tag":[504,509,1331,1326,1327,956,823,1329,1330,1328],"class_list":{"0":"post-7712","1":"product","2":"type-product","3":"status-publish","4":"has-post-thumbnail","6":"product_cat-affiches-cartes","7":"product_cat-nouveautes","8":"product_cat-carterie","9":"product_cat-collection-anniversaire-cartes-postales","10":"product_cat-toutes-les-cartes","11":"product_tag-carte-anniversaire","12":"product_tag-carte-joyeux-anniversaire","13":"product_tag-carte-motifs","14":"product_tag-carte-paon","15":"product_tag-carte-paons","16":"product_tag-carte-printemps","17":"product_tag-carte-vegetale","18":"product_tag-design-paon","19":"product_tag-illustration-paon","20":"product_tag-illustration-paon-design-paon","21":"product_shipping_class-lettre-suivie","23":"first","24":"instock","25":"purchasable","26":"product-type-simple"},"yoast_head":"<!-- This site is optimized with the Yoast SEO plugin v24.6 - https:\/\/yoast.com\/wordpress\/plugins\/seo\/ -->\n<title>NOUVEAU - Carte Anniversaire &quot;Les Paons&quot; - ohmondessin.com<\/title>\n<meta name=\"description\" content=\"Une carte \u00e9l\u00e9gante et d\u00e9taill\u00e9e mettant en sc\u00e8ne des paons aux teintes profondes et chatoyantes. Id\u00e9ale pour souhaiter un joyeux anniversaire avec originalit\u00e9 et \u00e9l\u00e9gance.\" \/>\n<meta name=\"robots\" content=\"index, follow, max-snippet:-1, max-image-preview:large, max-video-preview:-1\" \/>\n<link rel=\"canonical\" href=\"https:\/\/ohmondessin.com\/index.php\/product\/nouveau-carte-anniversaire-les-paons\/\" \/>\n<meta property=\"og:locale\" content=\"fr_FR\" \/>\n<meta property=\"og:type\" content=\"article\" \/>\n<meta property=\"og:title\" content=\"NOUVEAU - Carte Anniversaire &quot;Les Paons&quot; - ohmondessin.com\" \/>\n<meta property=\"og:description\" content=\"Une carte \u00e9l\u00e9gante et d\u00e9taill\u00e9e mettant en sc\u00e8ne des paons aux teintes profondes et chatoyantes. Id\u00e9ale pour souhaiter un joyeux anniversaire avec originalit\u00e9 et \u00e9l\u00e9gance.\" \/>\n<meta property=\"og:url\" content=\"https:\/\/ohmondessin.com\/index.php\/product\/nouveau-carte-anniversaire-les-paons\/\" \/>\n<meta property=\"og:site_name\" content=\"ohmondessin.com\" \/>\n<meta property=\"article:publisher\" content=\"https:\/\/www.facebook.com\/Ohmondessin\" \/>\n<meta property=\"article:modified_time\" content=\"2026-01-15T00:01:53+00:00\" \/>\n<meta property=\"og:image\" content=\"http:\/\/ohmondessin.com\/wp-content\/uploads\/2025\/03\/Carte-Paons-1.jpg\" \/>\n\t<meta property=\"og:image:width\" content=\"1536\" \/>\n\t<meta property=\"og:image:height\" content=\"1536\" \/>\n\t<meta property=\"og:image:type\" content=\"image\/jpeg\" \/>\n<meta name=\"twitter:card\" content=\"summary_large_image\" \/>\n<meta name=\"twitter:label1\" content=\"Dur\u00e9e de lecture estim\u00e9e\" \/>\n\t<meta name=\"twitter:data1\" content=\"1 minute\" \/>\n<script type=\"application\/ld+json\" class=\"yoast-schema-graph\">{\"@context\":\"https:\/\/schema.org\",\"@graph\":[{\"@type\":\"WebPage\",\"@id\":\"https:\/\/ohmondessin.com\/index.php\/product\/nouveau-carte-anniversaire-les-paons\/\",\"url\":\"https:\/\/ohmondessin.com\/index.php\/product\/nouveau-carte-anniversaire-les-paons\/\",\"name\":\"NOUVEAU - Carte Anniversaire \\\"Les Paons\\\" - ohmondessin.com\",\"isPartOf\":{\"@id\":\"https:\/\/ohmondessin.com\/#website\"},\"primaryImageOfPage\":{\"@id\":\"https:\/\/ohmondessin.com\/index.php\/product\/nouveau-carte-anniversaire-les-paons\/#primaryimage\"},\"image\":{\"@id\":\"https:\/\/ohmondessin.com\/index.php\/product\/nouveau-carte-anniversaire-les-paons\/#primaryimage\"},\"thumbnailUrl\":\"https:\/\/ohmondessin.com\/wp-content\/uploads\/2025\/03\/Carte-Paons-1.jpg\",\"datePublished\":\"2025-03-12T13:45:00+00:00\",\"dateModified\":\"2026-01-15T00:01:53+00:00\",\"description\":\"Une carte \u00e9l\u00e9gante et d\u00e9taill\u00e9e mettant en sc\u00e8ne des paons aux teintes profondes et chatoyantes. Id\u00e9ale pour souhaiter un joyeux anniversaire avec originalit\u00e9 et \u00e9l\u00e9gance.\",\"breadcrumb\":{\"@id\":\"https:\/\/ohmondessin.com\/index.php\/product\/nouveau-carte-anniversaire-les-paons\/#breadcrumb\"},\"inLanguage\":\"fr-FR\",\"potentialAction\":[{\"@type\":\"ReadAction\",\"target\":[\"https:\/\/ohmondessin.com\/index.php\/product\/nouveau-carte-anniversaire-les-paons\/\"]}]},{\"@type\":\"ImageObject\",\"inLanguage\":\"fr-FR\",\"@id\":\"https:\/\/ohmondessin.com\/index.php\/product\/nouveau-carte-anniversaire-les-paons\/#primaryimage\",\"url\":\"https:\/\/ohmondessin.com\/wp-content\/uploads\/2025\/03\/Carte-Paons-1.jpg\",\"contentUrl\":\"https:\/\/ohmondessin.com\/wp-content\/uploads\/2025\/03\/Carte-Paons-1.jpg\",\"width\":1536,\"height\":1536},{\"@type\":\"BreadcrumbList\",\"@id\":\"https:\/\/ohmondessin.com\/index.php\/product\/nouveau-carte-anniversaire-les-paons\/#breadcrumb\",\"itemListElement\":[{\"@type\":\"ListItem\",\"position\":1,\"name\":\"Accueil\",\"item\":\"https:\/\/ohmondessin.com\/\"},{\"@type\":\"ListItem\",\"position\":2,\"name\":\"La boutique\",\"item\":\"https:\/\/ohmondessin.com\/index.php\/la-boutique\/\"},{\"@type\":\"ListItem\",\"position\":3,\"name\":\"NOUVEAU &#8211; Carte Anniversaire \u00ab\u00a0Les Paons\u00a0\u00bb\"}]},{\"@type\":\"WebSite\",\"@id\":\"https:\/\/ohmondessin.com\/#website\",\"url\":\"https:\/\/ohmondessin.com\/\",\"name\":\"ohmondessin.com\",\"description\":\"De l\u2019illustration et du fait-main\",\"publisher\":{\"@id\":\"https:\/\/ohmondessin.com\/#organization\"},\"potentialAction\":[{\"@type\":\"SearchAction\",\"target\":{\"@type\":\"EntryPoint\",\"urlTemplate\":\"https:\/\/ohmondessin.com\/?s={search_term_string}\"},\"query-input\":{\"@type\":\"PropertyValueSpecification\",\"valueRequired\":true,\"valueName\":\"search_term_string\"}}],\"inLanguage\":\"fr-FR\"},{\"@type\":\"Organization\",\"@id\":\"https:\/\/ohmondessin.com\/#organization\",\"name\":\"ohmondessin.com\",\"url\":\"https:\/\/ohmondessin.com\/\",\"logo\":{\"@type\":\"ImageObject\",\"inLanguage\":\"fr-FR\",\"@id\":\"https:\/\/ohmondessin.com\/#\/schema\/logo\/image\/\",\"url\":\"https:\/\/ohmondessin.com\/wp-content\/uploads\/2023\/01\/logo_OHMD-dark.png\",\"contentUrl\":\"https:\/\/ohmondessin.com\/wp-content\/uploads\/2023\/01\/logo_OHMD-dark.png\",\"width\":500,\"height\":500,\"caption\":\"ohmondessin.com\"},\"image\":{\"@id\":\"https:\/\/ohmondessin.com\/#\/schema\/logo\/image\/\"},\"sameAs\":[\"https:\/\/www.facebook.com\/Ohmondessin\",\"https:\/\/www.instagram.com\/ohmondessin\/\"]}]}<\/script>\n<!-- \/ Yoast SEO plugin. -->","yoast_head_json":{"title":"NOUVEAU - Carte Anniversaire \"Les Paons\" - ohmondessin.com","description":"Une carte \u00e9l\u00e9gante et d\u00e9taill\u00e9e mettant en sc\u00e8ne des paons aux teintes profondes et chatoyantes. Id\u00e9ale pour souhaiter un joyeux anniversaire avec originalit\u00e9 et \u00e9l\u00e9gance.","robots":{"index":"index","follow":"follow","max-snippet":"max-snippet:-1","max-image-preview":"max-image-preview:large","max-video-preview":"max-video-preview:-1"},"canonical":"https:\/\/ohmondessin.com\/index.php\/product\/nouveau-carte-anniversaire-les-paons\/","og_locale":"fr_FR","og_type":"article","og_title":"NOUVEAU - Carte Anniversaire \"Les Paons\" - ohmondessin.com","og_description":"Une carte \u00e9l\u00e9gante et d\u00e9taill\u00e9e mettant en sc\u00e8ne des paons aux teintes profondes et chatoyantes. Id\u00e9ale pour souhaiter un joyeux anniversaire avec originalit\u00e9 et \u00e9l\u00e9gance.","og_url":"https:\/\/ohmondessin.com\/index.php\/product\/nouveau-carte-anniversaire-les-paons\/","og_site_name":"ohmondessin.com","article_publisher":"https:\/\/www.facebook.com\/Ohmondessin","article_modified_time":"2026-01-15T00:01:53+00:00","og_image":[{"width":1536,"height":1536,"url":"http:\/\/ohmondessin.com\/wp-content\/uploads\/2025\/03\/Carte-Paons-1.jpg","type":"image\/jpeg"}],"twitter_card":"summary_large_image","twitter_misc":{"Dur\u00e9e de lecture estim\u00e9e":"1 minute"},"schema":{"@context":"https:\/\/schema.org","@graph":[{"@type":"WebPage","@id":"https:\/\/ohmondessin.com\/index.php\/product\/nouveau-carte-anniversaire-les-paons\/","url":"https:\/\/ohmondessin.com\/index.php\/product\/nouveau-carte-anniversaire-les-paons\/","name":"NOUVEAU - Carte Anniversaire \"Les Paons\" - ohmondessin.com","isPartOf":{"@id":"https:\/\/ohmondessin.com\/#website"},"primaryImageOfPage":{"@id":"https:\/\/ohmondessin.com\/index.php\/product\/nouveau-carte-anniversaire-les-paons\/#primaryimage"},"image":{"@id":"https:\/\/ohmondessin.com\/index.php\/product\/nouveau-carte-anniversaire-les-paons\/#primaryimage"},"thumbnailUrl":"https:\/\/ohmondessin.com\/wp-content\/uploads\/2025\/03\/Carte-Paons-1.jpg","datePublished":"2025-03-12T13:45:00+00:00","dateModified":"2026-01-15T00:01:53+00:00","description":"Une carte \u00e9l\u00e9gante et d\u00e9taill\u00e9e mettant en sc\u00e8ne des paons aux teintes profondes et chatoyantes. Id\u00e9ale pour souhaiter un joyeux anniversaire avec originalit\u00e9 et \u00e9l\u00e9gance.","breadcrumb":{"@id":"https:\/\/ohmondessin.com\/index.php\/product\/nouveau-carte-anniversaire-les-paons\/#breadcrumb"},"inLanguage":"fr-FR","potentialAction":[{"@type":"ReadAction","target":["https:\/\/ohmondessin.com\/index.php\/product\/nouveau-carte-anniversaire-les-paons\/"]}]},{"@type":"ImageObject","inLanguage":"fr-FR","@id":"https:\/\/ohmondessin.com\/index.php\/product\/nouveau-carte-anniversaire-les-paons\/#primaryimage","url":"https:\/\/ohmondessin.com\/wp-content\/uploads\/2025\/03\/Carte-Paons-1.jpg","contentUrl":"https:\/\/ohmondessin.com\/wp-content\/uploads\/2025\/03\/Carte-Paons-1.jpg","width":1536,"height":1536},{"@type":"BreadcrumbList","@id":"https:\/\/ohmondessin.com\/index.php\/product\/nouveau-carte-anniversaire-les-paons\/#breadcrumb","itemListElement":[{"@type":"ListItem","position":1,"name":"Accueil","item":"https:\/\/ohmondessin.com\/"},{"@type":"ListItem","position":2,"name":"La boutique","item":"https:\/\/ohmondessin.com\/index.php\/la-boutique\/"},{"@type":"ListItem","position":3,"name":"NOUVEAU &#8211; Carte Anniversaire \u00ab\u00a0Les Paons\u00a0\u00bb"}]},{"@type":"WebSite","@id":"https:\/\/ohmondessin.com\/#website","url":"https:\/\/ohmondessin.com\/","name":"ohmondessin.com","description":"De l\u2019illustration et du fait-main","publisher":{"@id":"https:\/\/ohmondessin.com\/#organization"},"potentialAction":[{"@type":"SearchAction","target":{"@type":"EntryPoint","urlTemplate":"https:\/\/ohmondessin.com\/?s={search_term_string}"},"query-input":{"@type":"PropertyValueSpecification","valueRequired":true,"valueName":"search_term_string"}}],"inLanguage":"fr-FR"},{"@type":"Organization","@id":"https:\/\/ohmondessin.com\/#organization","name":"ohmondessin.com","url":"https:\/\/ohmondessin.com\/","logo":{"@type":"ImageObject","inLanguage":"fr-FR","@id":"https:\/\/ohmondessin.com\/#\/schema\/logo\/image\/","url":"https:\/\/ohmondessin.com\/wp-content\/uploads\/2023\/01\/logo_OHMD-dark.png","contentUrl":"https:\/\/ohmondessin.com\/wp-content\/uploads\/2023\/01\/logo_OHMD-dark.png","width":500,"height":500,"caption":"ohmondessin.com"},"image":{"@id":"https:\/\/ohmondessin.com\/#\/schema\/logo\/image\/"},"sameAs":["https:\/\/www.facebook.com\/Ohmondessin","https:\/\/www.instagram.com\/ohmondessin\/"]}]}},"jetpack_sharing_enabled":true,"_links":{"self":[{"href":"https:\/\/ohmondessin.com\/index.php\/wp-json\/wp\/v2\/product\/7712","targetHints":{"allow":["GET"]}}],"collection":[{"href":"https:\/\/ohmondessin.com\/index.php\/wp-json\/wp\/v2\/product"}],"about":[{"href":"https:\/\/ohmondessin.com\/index.php\/wp-json\/wp\/v2\/types\/product"}],"replies":[{"embeddable":true,"href":"https:\/\/ohmondessin.com\/index.php\/wp-json\/wp\/v2\/comments?post=7712"}],"wp:featuredmedia":[{"embeddable":true,"href":"https:\/\/ohmondessin.com\/index.php\/wp-json\/wp\/v2\/media\/7714"}],"wp:attachment":[{"href":"https:\/\/ohmondessin.com\/index.php\/wp-json\/wp\/v2\/media?parent=7712"}],"wp:term":[{"taxonomy":"product_brand","embeddable":true,"href":"https:\/\/ohmondessin.com\/index.php\/wp-json\/wp\/v2\/product_brand?post=7712"},{"taxonomy":"product_cat","embeddable":true,"href":"https:\/\/ohmondessin.com\/index.php\/wp-json\/wp\/v2\/product_cat?post=7712"},{"taxonomy":"product_tag","embeddable":true,"href":"https:\/\/ohmondessin.com\/index.php\/wp-json\/wp\/v2\/product_tag?post=7712"}],"curies":[{"name":"wp","href":"https:\/\/api.w.org\/{rel}","templated":true}]}}