{"id":7761,"date":"2025-03-23T13:40:01","date_gmt":"2025-03-23T13:40:01","guid":{"rendered":"https:\/\/ohmondessin.com\/?post_type=product&#038;p=7761"},"modified":"2026-01-15T00:01:50","modified_gmt":"2026-01-15T00:01:50","slug":"nouveau-carnet-a5-les-mots-de-passe","status":"publish","type":"product","link":"https:\/\/ohmondessin.com\/index.php\/product\/nouveau-carnet-a5-les-mots-de-passe\/","title":{"rendered":"NOUVEAU Carnet A5 &#8211; Les Mots de Passe"},"content":{"rendered":"<dl class=\"flowtabs product-tab\" data-settings=\"{&quot;height&quot;:true}\">\n<dd class=\"tab1 tabs-block active\">\n<p data-start=\"428\" data-end=\"721\">Gardez tous vos mots de passe bien organis\u00e9s avec ce carnet A5 au design unique ! Son format pratique, ses 48 pages et son papier recycl\u00e9 permet une prise de notes rapide, tandis que son illustration printani\u00e8re apporte une touche de po\u00e9sie et de s\u00e9r\u00e9nit\u00e9. Id\u00e9al pour noter vos acc\u00e8s en toute s\u00e9curit\u00e9, il est aussi une excellente id\u00e9e cadeau pour ceux qui aiment allier organisation et esth\u00e9tique.<\/p>\n<ul data-start=\"723\" data-end=\"1472\">\n<li data-start=\"723\" data-end=\"939\"><strong data-start=\"725\" data-end=\"735\">Design<\/strong> : Une illustration tendre\u00a0et malicieuse, qui invite \u00e0 la r\u00eaverie.<\/li>\n<li data-start=\"940\" data-end=\"1102\"><strong data-start=\"942\" data-end=\"953\">Qualit\u00e9<\/strong> : Nous utilisons un papier recycl\u00e9 pour la conception compl\u00e8te de ce carnet.<\/li>\n<li data-start=\"940\" data-end=\"1102\"><strong>Fabrication<\/strong> : Fabriqu\u00e9 en France avec un papier recycl\u00e9 certifi\u00e9 FSC.<\/li>\n<li data-start=\"1103\" data-end=\"1232\"><strong data-start=\"1105\" data-end=\"1115\">Format<\/strong> : Carnet de 14,8 x 21 cm, offrant 48 pages lign\u00e9es avec des espaces d\u00e9di\u00e9s \u00e0 la date et aux anecdotes marquantes.<\/li>\n<li data-start=\"1233\" data-end=\"1472\"><strong data-start=\"1235\" data-end=\"1250\">Utilisation<\/strong> : Id\u00e9al pour noter tous vos mots de passe.<\/li>\n<\/ul>\n<\/dd>\n<\/dl>\n<p>Pour accompagner votre papeterie, nous vous proposons le grand cahier <a href=\"https:\/\/ohmondessin.com\/index.php\/product\/nouveau-journal-n006-le-printemps\/\">Le Printemps<\/a> assortit \u00e0 l&rsquo;illustration.<\/p>\n","protected":false},"excerpt":{"rendered":"<p>Un carnet A5 de 48 pages pratique et esth\u00e9tique pour conserver tous vos mots de passe en s\u00e9curit\u00e9 ! Avec sa couverture illustr\u00e9e d\u2019un chat paisible dans les herbes printani\u00e8res, il apporte une touche de douceur et d\u2019originalit\u00e9 \u00e0 votre organisation.<\/p>\n","protected":false},"featured_media":7764,"comment_status":"open","ping_status":"closed","template":"","meta":[],"product_brand":[],"product_cat":[1359,729,964],"product_tag":[1363,1362,980,1360,969,1350,981,1361,1354,970],"class_list":{"0":"post-7761","1":"product","2":"type-product","3":"status-publish","4":"has-post-thumbnail","6":"product_cat-carnets-a5","7":"product_cat-papeterie","8":"product_cat-carnets","9":"product_tag-cahier-mots-de-passe","10":"product_tag-carnet-bureau","11":"product_tag-carnet-chat","12":"product_tag-carnet-mots-de-passe","13":"product_tag-eco-responsable","14":"product_tag-fabrique-en-france","15":"product_tag-papeterie-chat","16":"product_tag-papeterie-mots-de-passe","17":"product_tag-papeterie-printemps","18":"product_tag-papier-recycle","20":"first","21":"instock","22":"purchasable","23":"product-type-simple"},"yoast_head":"<!-- This site is optimized with the Yoast SEO plugin v24.6 - https:\/\/yoast.com\/wordpress\/plugins\/seo\/ -->\n<title>NOUVEAU Carnet A5 - Les Mots de Passe - ohmondessin.com<\/title>\n<meta name=\"description\" content=\"Un carnet A5 de 48 pages fabriqu\u00e9 en France, pratique et esth\u00e9tique pour conserver tous vos mots de passe en s\u00e9curit\u00e9 !\" \/>\n<meta name=\"robots\" content=\"index, follow, max-snippet:-1, max-image-preview:large, max-video-preview:-1\" \/>\n<link rel=\"canonical\" href=\"https:\/\/ohmondessin.com\/index.php\/product\/nouveau-carnet-a5-les-mots-de-passe\/\" \/>\n<meta property=\"og:locale\" content=\"fr_FR\" \/>\n<meta property=\"og:type\" content=\"article\" \/>\n<meta property=\"og:title\" content=\"NOUVEAU Carnet A5 - Les Mots de Passe - ohmondessin.com\" \/>\n<meta property=\"og:description\" content=\"Un carnet A5 de 48 pages fabriqu\u00e9 en France, pratique et esth\u00e9tique pour conserver tous vos mots de passe en s\u00e9curit\u00e9 !\" \/>\n<meta property=\"og:url\" content=\"https:\/\/ohmondessin.com\/index.php\/product\/nouveau-carnet-a5-les-mots-de-passe\/\" \/>\n<meta property=\"og:site_name\" content=\"ohmondessin.com\" \/>\n<meta property=\"article:publisher\" content=\"https:\/\/www.facebook.com\/Ohmondessin\" \/>\n<meta property=\"article:modified_time\" content=\"2026-01-15T00:01:50+00:00\" \/>\n<meta property=\"og:image\" content=\"http:\/\/ohmondessin.com\/wp-content\/uploads\/2025\/03\/Carnet-MotsdePasse-2.jpg\" \/>\n\t<meta property=\"og:image:width\" content=\"1536\" \/>\n\t<meta property=\"og:image:height\" content=\"1536\" \/>\n\t<meta property=\"og:image:type\" content=\"image\/jpeg\" \/>\n<meta name=\"twitter:card\" content=\"summary_large_image\" \/>\n<meta name=\"twitter:label1\" content=\"Dur\u00e9e de lecture estim\u00e9e\" \/>\n\t<meta name=\"twitter:data1\" content=\"1 minute\" \/>\n<script type=\"application\/ld+json\" class=\"yoast-schema-graph\">{\"@context\":\"https:\/\/schema.org\",\"@graph\":[{\"@type\":\"WebPage\",\"@id\":\"https:\/\/ohmondessin.com\/index.php\/product\/nouveau-carnet-a5-les-mots-de-passe\/\",\"url\":\"https:\/\/ohmondessin.com\/index.php\/product\/nouveau-carnet-a5-les-mots-de-passe\/\",\"name\":\"NOUVEAU Carnet A5 - Les Mots de Passe - ohmondessin.com\",\"isPartOf\":{\"@id\":\"https:\/\/ohmondessin.com\/#website\"},\"primaryImageOfPage\":{\"@id\":\"https:\/\/ohmondessin.com\/index.php\/product\/nouveau-carnet-a5-les-mots-de-passe\/#primaryimage\"},\"image\":{\"@id\":\"https:\/\/ohmondessin.com\/index.php\/product\/nouveau-carnet-a5-les-mots-de-passe\/#primaryimage\"},\"thumbnailUrl\":\"https:\/\/ohmondessin.com\/wp-content\/uploads\/2025\/03\/Carnet-MotsdePasse-2.jpg\",\"datePublished\":\"2025-03-23T13:40:01+00:00\",\"dateModified\":\"2026-01-15T00:01:50+00:00\",\"description\":\"Un carnet A5 de 48 pages fabriqu\u00e9 en France, pratique et esth\u00e9tique pour conserver tous vos mots de passe en s\u00e9curit\u00e9 !\",\"breadcrumb\":{\"@id\":\"https:\/\/ohmondessin.com\/index.php\/product\/nouveau-carnet-a5-les-mots-de-passe\/#breadcrumb\"},\"inLanguage\":\"fr-FR\",\"potentialAction\":[{\"@type\":\"ReadAction\",\"target\":[\"https:\/\/ohmondessin.com\/index.php\/product\/nouveau-carnet-a5-les-mots-de-passe\/\"]}]},{\"@type\":\"ImageObject\",\"inLanguage\":\"fr-FR\",\"@id\":\"https:\/\/ohmondessin.com\/index.php\/product\/nouveau-carnet-a5-les-mots-de-passe\/#primaryimage\",\"url\":\"https:\/\/ohmondessin.com\/wp-content\/uploads\/2025\/03\/Carnet-MotsdePasse-2.jpg\",\"contentUrl\":\"https:\/\/ohmondessin.com\/wp-content\/uploads\/2025\/03\/Carnet-MotsdePasse-2.jpg\",\"width\":1536,\"height\":1536},{\"@type\":\"BreadcrumbList\",\"@id\":\"https:\/\/ohmondessin.com\/index.php\/product\/nouveau-carnet-a5-les-mots-de-passe\/#breadcrumb\",\"itemListElement\":[{\"@type\":\"ListItem\",\"position\":1,\"name\":\"Accueil\",\"item\":\"https:\/\/ohmondessin.com\/\"},{\"@type\":\"ListItem\",\"position\":2,\"name\":\"La boutique\",\"item\":\"https:\/\/ohmondessin.com\/index.php\/la-boutique\/\"},{\"@type\":\"ListItem\",\"position\":3,\"name\":\"NOUVEAU Carnet A5 &#8211; Les Mots de Passe\"}]},{\"@type\":\"WebSite\",\"@id\":\"https:\/\/ohmondessin.com\/#website\",\"url\":\"https:\/\/ohmondessin.com\/\",\"name\":\"ohmondessin.com\",\"description\":\"De l\u2019illustration et du fait-main\",\"publisher\":{\"@id\":\"https:\/\/ohmondessin.com\/#organization\"},\"potentialAction\":[{\"@type\":\"SearchAction\",\"target\":{\"@type\":\"EntryPoint\",\"urlTemplate\":\"https:\/\/ohmondessin.com\/?s={search_term_string}\"},\"query-input\":{\"@type\":\"PropertyValueSpecification\",\"valueRequired\":true,\"valueName\":\"search_term_string\"}}],\"inLanguage\":\"fr-FR\"},{\"@type\":\"Organization\",\"@id\":\"https:\/\/ohmondessin.com\/#organization\",\"name\":\"ohmondessin.com\",\"url\":\"https:\/\/ohmondessin.com\/\",\"logo\":{\"@type\":\"ImageObject\",\"inLanguage\":\"fr-FR\",\"@id\":\"https:\/\/ohmondessin.com\/#\/schema\/logo\/image\/\",\"url\":\"https:\/\/ohmondessin.com\/wp-content\/uploads\/2023\/01\/logo_OHMD-dark.png\",\"contentUrl\":\"https:\/\/ohmondessin.com\/wp-content\/uploads\/2023\/01\/logo_OHMD-dark.png\",\"width\":500,\"height\":500,\"caption\":\"ohmondessin.com\"},\"image\":{\"@id\":\"https:\/\/ohmondessin.com\/#\/schema\/logo\/image\/\"},\"sameAs\":[\"https:\/\/www.facebook.com\/Ohmondessin\",\"https:\/\/www.instagram.com\/ohmondessin\/\"]}]}<\/script>\n<!-- \/ Yoast SEO plugin. -->","yoast_head_json":{"title":"NOUVEAU Carnet A5 - Les Mots de Passe - ohmondessin.com","description":"Un carnet A5 de 48 pages fabriqu\u00e9 en France, pratique et esth\u00e9tique pour conserver tous vos mots de passe en s\u00e9curit\u00e9 !","robots":{"index":"index","follow":"follow","max-snippet":"max-snippet:-1","max-image-preview":"max-image-preview:large","max-video-preview":"max-video-preview:-1"},"canonical":"https:\/\/ohmondessin.com\/index.php\/product\/nouveau-carnet-a5-les-mots-de-passe\/","og_locale":"fr_FR","og_type":"article","og_title":"NOUVEAU Carnet A5 - Les Mots de Passe - ohmondessin.com","og_description":"Un carnet A5 de 48 pages fabriqu\u00e9 en France, pratique et esth\u00e9tique pour conserver tous vos mots de passe en s\u00e9curit\u00e9 !","og_url":"https:\/\/ohmondessin.com\/index.php\/product\/nouveau-carnet-a5-les-mots-de-passe\/","og_site_name":"ohmondessin.com","article_publisher":"https:\/\/www.facebook.com\/Ohmondessin","article_modified_time":"2026-01-15T00:01:50+00:00","og_image":[{"width":1536,"height":1536,"url":"http:\/\/ohmondessin.com\/wp-content\/uploads\/2025\/03\/Carnet-MotsdePasse-2.jpg","type":"image\/jpeg"}],"twitter_card":"summary_large_image","twitter_misc":{"Dur\u00e9e de lecture estim\u00e9e":"1 minute"},"schema":{"@context":"https:\/\/schema.org","@graph":[{"@type":"WebPage","@id":"https:\/\/ohmondessin.com\/index.php\/product\/nouveau-carnet-a5-les-mots-de-passe\/","url":"https:\/\/ohmondessin.com\/index.php\/product\/nouveau-carnet-a5-les-mots-de-passe\/","name":"NOUVEAU Carnet A5 - Les Mots de Passe - ohmondessin.com","isPartOf":{"@id":"https:\/\/ohmondessin.com\/#website"},"primaryImageOfPage":{"@id":"https:\/\/ohmondessin.com\/index.php\/product\/nouveau-carnet-a5-les-mots-de-passe\/#primaryimage"},"image":{"@id":"https:\/\/ohmondessin.com\/index.php\/product\/nouveau-carnet-a5-les-mots-de-passe\/#primaryimage"},"thumbnailUrl":"https:\/\/ohmondessin.com\/wp-content\/uploads\/2025\/03\/Carnet-MotsdePasse-2.jpg","datePublished":"2025-03-23T13:40:01+00:00","dateModified":"2026-01-15T00:01:50+00:00","description":"Un carnet A5 de 48 pages fabriqu\u00e9 en France, pratique et esth\u00e9tique pour conserver tous vos mots de passe en s\u00e9curit\u00e9 !","breadcrumb":{"@id":"https:\/\/ohmondessin.com\/index.php\/product\/nouveau-carnet-a5-les-mots-de-passe\/#breadcrumb"},"inLanguage":"fr-FR","potentialAction":[{"@type":"ReadAction","target":["https:\/\/ohmondessin.com\/index.php\/product\/nouveau-carnet-a5-les-mots-de-passe\/"]}]},{"@type":"ImageObject","inLanguage":"fr-FR","@id":"https:\/\/ohmondessin.com\/index.php\/product\/nouveau-carnet-a5-les-mots-de-passe\/#primaryimage","url":"https:\/\/ohmondessin.com\/wp-content\/uploads\/2025\/03\/Carnet-MotsdePasse-2.jpg","contentUrl":"https:\/\/ohmondessin.com\/wp-content\/uploads\/2025\/03\/Carnet-MotsdePasse-2.jpg","width":1536,"height":1536},{"@type":"BreadcrumbList","@id":"https:\/\/ohmondessin.com\/index.php\/product\/nouveau-carnet-a5-les-mots-de-passe\/#breadcrumb","itemListElement":[{"@type":"ListItem","position":1,"name":"Accueil","item":"https:\/\/ohmondessin.com\/"},{"@type":"ListItem","position":2,"name":"La boutique","item":"https:\/\/ohmondessin.com\/index.php\/la-boutique\/"},{"@type":"ListItem","position":3,"name":"NOUVEAU Carnet A5 &#8211; Les Mots de Passe"}]},{"@type":"WebSite","@id":"https:\/\/ohmondessin.com\/#website","url":"https:\/\/ohmondessin.com\/","name":"ohmondessin.com","description":"De l\u2019illustration et du fait-main","publisher":{"@id":"https:\/\/ohmondessin.com\/#organization"},"potentialAction":[{"@type":"SearchAction","target":{"@type":"EntryPoint","urlTemplate":"https:\/\/ohmondessin.com\/?s={search_term_string}"},"query-input":{"@type":"PropertyValueSpecification","valueRequired":true,"valueName":"search_term_string"}}],"inLanguage":"fr-FR"},{"@type":"Organization","@id":"https:\/\/ohmondessin.com\/#organization","name":"ohmondessin.com","url":"https:\/\/ohmondessin.com\/","logo":{"@type":"ImageObject","inLanguage":"fr-FR","@id":"https:\/\/ohmondessin.com\/#\/schema\/logo\/image\/","url":"https:\/\/ohmondessin.com\/wp-content\/uploads\/2023\/01\/logo_OHMD-dark.png","contentUrl":"https:\/\/ohmondessin.com\/wp-content\/uploads\/2023\/01\/logo_OHMD-dark.png","width":500,"height":500,"caption":"ohmondessin.com"},"image":{"@id":"https:\/\/ohmondessin.com\/#\/schema\/logo\/image\/"},"sameAs":["https:\/\/www.facebook.com\/Ohmondessin","https:\/\/www.instagram.com\/ohmondessin\/"]}]}},"jetpack_sharing_enabled":true,"_links":{"self":[{"href":"https:\/\/ohmondessin.com\/index.php\/wp-json\/wp\/v2\/product\/7761","targetHints":{"allow":["GET"]}}],"collection":[{"href":"https:\/\/ohmondessin.com\/index.php\/wp-json\/wp\/v2\/product"}],"about":[{"href":"https:\/\/ohmondessin.com\/index.php\/wp-json\/wp\/v2\/types\/product"}],"replies":[{"embeddable":true,"href":"https:\/\/ohmondessin.com\/index.php\/wp-json\/wp\/v2\/comments?post=7761"}],"wp:featuredmedia":[{"embeddable":true,"href":"https:\/\/ohmondessin.com\/index.php\/wp-json\/wp\/v2\/media\/7764"}],"wp:attachment":[{"href":"https:\/\/ohmondessin.com\/index.php\/wp-json\/wp\/v2\/media?parent=7761"}],"wp:term":[{"taxonomy":"product_brand","embeddable":true,"href":"https:\/\/ohmondessin.com\/index.php\/wp-json\/wp\/v2\/product_brand?post=7761"},{"taxonomy":"product_cat","embeddable":true,"href":"https:\/\/ohmondessin.com\/index.php\/wp-json\/wp\/v2\/product_cat?post=7761"},{"taxonomy":"product_tag","embeddable":true,"href":"https:\/\/ohmondessin.com\/index.php\/wp-json\/wp\/v2\/product_tag?post=7761"}],"curies":[{"name":"wp","href":"https:\/\/api.w.org\/{rel}","templated":true}]}}