{"id":7771,"date":"2025-04-01T06:44:33","date_gmt":"2025-04-01T06:44:33","guid":{"rendered":"https:\/\/ohmondessin.com\/?post_type=product&#038;p=7771"},"modified":"2026-01-15T00:01:50","modified_gmt":"2026-01-15T00:01:50","slug":"nouveau-journal-le-journal-de-la-mariee","status":"publish","type":"product","link":"https:\/\/ohmondessin.com\/index.php\/product\/nouveau-journal-le-journal-de-la-mariee\/","title":{"rendered":"NOUVEAU Grand Cahier &#8211; Le Journal de la Mari\u00e9e"},"content":{"rendered":"<dl class=\"flowtabs product-tab\" data-settings=\"{&quot;height&quot;:true}\">\n<dd class=\"tab1 tabs-block active\">\n<p style=\"text-align: left;\" data-start=\"428\" data-end=\"721\">Ce journal est con\u00e7u avec du papier recycl\u00e9, offrant une texture douce et lisse, id\u00e9ale pour l\u2019\u00e9criture et les petits collages.<\/p>\n<ul data-start=\"723\" data-end=\"1472\">\n<li data-start=\"723\" data-end=\"939\"><strong data-start=\"725\" data-end=\"735\">Design<\/strong> : Une illustration unique et dessin\u00e9e avec beaucoup d&rsquo;amour!<\/li>\n<li data-start=\"940\" data-end=\"1102\"><strong data-start=\"942\" data-end=\"953\">Qualit\u00e9<\/strong> : Nous utilisons un papier recycl\u00e9 pour la conception compl\u00e8te de ce journal.<\/li>\n<li data-start=\"940\" data-end=\"1102\"><strong>Fabrication<\/strong> : Fabriqu\u00e9 en France avec un papier recycl\u00e9 certifi\u00e9 FSC.<\/li>\n<li data-start=\"1103\" data-end=\"1232\"><strong data-start=\"1105\" data-end=\"1115\">Format<\/strong> : Cahier de 20 x 25,5 cm, offrant 48 pages lign\u00e9es.<\/li>\n<li data-start=\"1233\" data-end=\"1472\"><strong data-start=\"1235\" data-end=\"1250\">Utilisation<\/strong> : Un cadeau symbolique et intemporel \u00e0 offrir \u00e0 une future mari\u00e9e pour immortaliser chaque instant de ce chapitre magique de sa vie.<\/li>\n<\/ul>\n<\/dd>\n<\/dl>\n<p>Pour accompagner votre papeterie, nous vous proposons le <a href=\"https:\/\/ohmondessin.com\/index.php\/product\/nouveau-carnet-a5-le-carnet-de-la-mariee\/\">Carnet de la Mari\u00e9e<\/a> assortit \u00e0 l&rsquo;illustration.<\/p>\n","protected":false},"excerpt":{"rendered":"<p style=\"text-align: left;\">Un magnifique journal de 48 pages lign\u00e9es, imagin\u00e9e sp\u00e9cialement pour les mari\u00e9es. Parfait pour y \u00e9crire ses souvenirs, coller des photos, noter les moments forts et cr\u00e9er un pr\u00e9cieux cahier de cette aventure unique. Son design \u00e9l\u00e9gant et son grand format (20&#215;25,5 cm) en font un compagnon id\u00e9al tout au long des pr\u00e9paratifs et apr\u00e8s le grand jour.<\/p>\n<p style=\"text-align: left;\">Nous utilisons un papier recycl\u00e9 pour la conception compl\u00e8te de ce journal. Ce papier nous permet d&rsquo;avoir un cahier tr\u00e8s doux et lisse, id\u00e9al pour l\u2019\u00e9criture et les petits collages.<\/p>\n","protected":false},"featured_media":7775,"comment_status":"open","ping_status":"closed","template":"","meta":[],"product_brand":[],"product_cat":[1379,1342,729],"product_tag":[1351,1370,191,1368,969,1350,1352,1343,1353,1364,1365,1356,1366,1367,970,1371,1369],"class_list":{"0":"post-7771","1":"product","2":"type-product","3":"status-publish","4":"has-post-thumbnail","6":"product_cat-mariage","7":"product_cat-grand-cahier-journal","8":"product_cat-papeterie","9":"product_tag-bullet-journal","10":"product_tag-bullet-weeding","11":"product_tag-cadeau-mariage","12":"product_tag-cadeaux-mariee","13":"product_tag-eco-responsable","14":"product_tag-fabrique-en-france","15":"product_tag-grand-cahier","16":"product_tag-journal","17":"product_tag-journal-intime","18":"product_tag-journal-mariage","19":"product_tag-journal-mariee","20":"product_tag-journal-papeterie","21":"product_tag-mariage-papeterie","22":"product_tag-mariage-souvenirs","23":"product_tag-papier-recycle","24":"product_tag-souvenir-mariage","25":"product_tag-souvenirs-de-la-mariee","27":"first","28":"instock","29":"purchasable","30":"product-type-simple"},"yoast_head":"<!-- This site is optimized with the Yoast SEO plugin v24.6 - https:\/\/yoast.com\/wordpress\/plugins\/seo\/ -->\n<title>NOUVEAU Grand Cahier - Le Journal de la Mari\u00e9e - ohmondessin.com<\/title>\n<meta name=\"description\" content=\"Un joli journal pens\u00e9 pour \u00e9crire, dessiner ou coller des souvenirs uniques de ses premi\u00e8res aventures. Une belle id\u00e9e cadeau pour les jeunes parents !\" \/>\n<meta name=\"robots\" content=\"index, follow, max-snippet:-1, max-image-preview:large, max-video-preview:-1\" \/>\n<link rel=\"canonical\" href=\"https:\/\/ohmondessin.com\/index.php\/product\/nouveau-journal-le-journal-de-la-mariee\/\" \/>\n<meta property=\"og:locale\" content=\"fr_FR\" \/>\n<meta property=\"og:type\" content=\"article\" \/>\n<meta property=\"og:title\" content=\"NOUVEAU Grand Cahier - Le Journal de la Mari\u00e9e - ohmondessin.com\" \/>\n<meta property=\"og:description\" content=\"Un joli journal pens\u00e9 pour \u00e9crire, dessiner ou coller des souvenirs uniques de ses premi\u00e8res aventures. Une belle id\u00e9e cadeau pour les jeunes parents !\" \/>\n<meta property=\"og:url\" content=\"https:\/\/ohmondessin.com\/index.php\/product\/nouveau-journal-le-journal-de-la-mariee\/\" \/>\n<meta property=\"og:site_name\" content=\"ohmondessin.com\" \/>\n<meta property=\"article:publisher\" content=\"https:\/\/www.facebook.com\/Ohmondessin\" \/>\n<meta property=\"article:modified_time\" content=\"2026-01-15T00:01:50+00:00\" \/>\n<meta property=\"og:image\" content=\"http:\/\/ohmondessin.com\/wp-content\/uploads\/2025\/04\/Journal-Bouquet-de-la-mariee-4-scaled.jpg\" \/>\n\t<meta property=\"og:image:width\" content=\"2560\" \/>\n\t<meta property=\"og:image:height\" content=\"2560\" \/>\n\t<meta property=\"og:image:type\" content=\"image\/jpeg\" \/>\n<meta name=\"twitter:card\" content=\"summary_large_image\" \/>\n<meta name=\"twitter:label1\" content=\"Dur\u00e9e de lecture estim\u00e9e\" \/>\n\t<meta name=\"twitter:data1\" content=\"1 minute\" \/>\n<script type=\"application\/ld+json\" class=\"yoast-schema-graph\">{\"@context\":\"https:\/\/schema.org\",\"@graph\":[{\"@type\":\"WebPage\",\"@id\":\"https:\/\/ohmondessin.com\/index.php\/product\/nouveau-journal-le-journal-de-la-mariee\/\",\"url\":\"https:\/\/ohmondessin.com\/index.php\/product\/nouveau-journal-le-journal-de-la-mariee\/\",\"name\":\"NOUVEAU Grand Cahier - Le Journal de la Mari\u00e9e - ohmondessin.com\",\"isPartOf\":{\"@id\":\"https:\/\/ohmondessin.com\/#website\"},\"primaryImageOfPage\":{\"@id\":\"https:\/\/ohmondessin.com\/index.php\/product\/nouveau-journal-le-journal-de-la-mariee\/#primaryimage\"},\"image\":{\"@id\":\"https:\/\/ohmondessin.com\/index.php\/product\/nouveau-journal-le-journal-de-la-mariee\/#primaryimage\"},\"thumbnailUrl\":\"https:\/\/ohmondessin.com\/wp-content\/uploads\/2025\/04\/Journal-Bouquet-de-la-mariee-4-scaled.jpg\",\"datePublished\":\"2025-04-01T06:44:33+00:00\",\"dateModified\":\"2026-01-15T00:01:50+00:00\",\"description\":\"Un joli journal pens\u00e9 pour \u00e9crire, dessiner ou coller des souvenirs uniques de ses premi\u00e8res aventures. Une belle id\u00e9e cadeau pour les jeunes parents !\",\"breadcrumb\":{\"@id\":\"https:\/\/ohmondessin.com\/index.php\/product\/nouveau-journal-le-journal-de-la-mariee\/#breadcrumb\"},\"inLanguage\":\"fr-FR\",\"potentialAction\":[{\"@type\":\"ReadAction\",\"target\":[\"https:\/\/ohmondessin.com\/index.php\/product\/nouveau-journal-le-journal-de-la-mariee\/\"]}]},{\"@type\":\"ImageObject\",\"inLanguage\":\"fr-FR\",\"@id\":\"https:\/\/ohmondessin.com\/index.php\/product\/nouveau-journal-le-journal-de-la-mariee\/#primaryimage\",\"url\":\"https:\/\/ohmondessin.com\/wp-content\/uploads\/2025\/04\/Journal-Bouquet-de-la-mariee-4-scaled.jpg\",\"contentUrl\":\"https:\/\/ohmondessin.com\/wp-content\/uploads\/2025\/04\/Journal-Bouquet-de-la-mariee-4-scaled.jpg\",\"width\":2560,\"height\":2560},{\"@type\":\"BreadcrumbList\",\"@id\":\"https:\/\/ohmondessin.com\/index.php\/product\/nouveau-journal-le-journal-de-la-mariee\/#breadcrumb\",\"itemListElement\":[{\"@type\":\"ListItem\",\"position\":1,\"name\":\"Accueil\",\"item\":\"https:\/\/ohmondessin.com\/\"},{\"@type\":\"ListItem\",\"position\":2,\"name\":\"La boutique\",\"item\":\"https:\/\/ohmondessin.com\/index.php\/la-boutique\/\"},{\"@type\":\"ListItem\",\"position\":3,\"name\":\"NOUVEAU Grand Cahier &#8211; Le Journal de la Mari\u00e9e\"}]},{\"@type\":\"WebSite\",\"@id\":\"https:\/\/ohmondessin.com\/#website\",\"url\":\"https:\/\/ohmondessin.com\/\",\"name\":\"ohmondessin.com\",\"description\":\"De l\u2019illustration et du fait-main\",\"publisher\":{\"@id\":\"https:\/\/ohmondessin.com\/#organization\"},\"potentialAction\":[{\"@type\":\"SearchAction\",\"target\":{\"@type\":\"EntryPoint\",\"urlTemplate\":\"https:\/\/ohmondessin.com\/?s={search_term_string}\"},\"query-input\":{\"@type\":\"PropertyValueSpecification\",\"valueRequired\":true,\"valueName\":\"search_term_string\"}}],\"inLanguage\":\"fr-FR\"},{\"@type\":\"Organization\",\"@id\":\"https:\/\/ohmondessin.com\/#organization\",\"name\":\"ohmondessin.com\",\"url\":\"https:\/\/ohmondessin.com\/\",\"logo\":{\"@type\":\"ImageObject\",\"inLanguage\":\"fr-FR\",\"@id\":\"https:\/\/ohmondessin.com\/#\/schema\/logo\/image\/\",\"url\":\"https:\/\/ohmondessin.com\/wp-content\/uploads\/2023\/01\/logo_OHMD-dark.png\",\"contentUrl\":\"https:\/\/ohmondessin.com\/wp-content\/uploads\/2023\/01\/logo_OHMD-dark.png\",\"width\":500,\"height\":500,\"caption\":\"ohmondessin.com\"},\"image\":{\"@id\":\"https:\/\/ohmondessin.com\/#\/schema\/logo\/image\/\"},\"sameAs\":[\"https:\/\/www.facebook.com\/Ohmondessin\",\"https:\/\/www.instagram.com\/ohmondessin\/\"]}]}<\/script>\n<!-- \/ Yoast SEO plugin. -->","yoast_head_json":{"title":"NOUVEAU Grand Cahier - Le Journal de la Mari\u00e9e - ohmondessin.com","description":"Un joli journal pens\u00e9 pour \u00e9crire, dessiner ou coller des souvenirs uniques de ses premi\u00e8res aventures. Une belle id\u00e9e cadeau pour les jeunes parents !","robots":{"index":"index","follow":"follow","max-snippet":"max-snippet:-1","max-image-preview":"max-image-preview:large","max-video-preview":"max-video-preview:-1"},"canonical":"https:\/\/ohmondessin.com\/index.php\/product\/nouveau-journal-le-journal-de-la-mariee\/","og_locale":"fr_FR","og_type":"article","og_title":"NOUVEAU Grand Cahier - Le Journal de la Mari\u00e9e - ohmondessin.com","og_description":"Un joli journal pens\u00e9 pour \u00e9crire, dessiner ou coller des souvenirs uniques de ses premi\u00e8res aventures. Une belle id\u00e9e cadeau pour les jeunes parents !","og_url":"https:\/\/ohmondessin.com\/index.php\/product\/nouveau-journal-le-journal-de-la-mariee\/","og_site_name":"ohmondessin.com","article_publisher":"https:\/\/www.facebook.com\/Ohmondessin","article_modified_time":"2026-01-15T00:01:50+00:00","og_image":[{"width":2560,"height":2560,"url":"http:\/\/ohmondessin.com\/wp-content\/uploads\/2025\/04\/Journal-Bouquet-de-la-mariee-4-scaled.jpg","type":"image\/jpeg"}],"twitter_card":"summary_large_image","twitter_misc":{"Dur\u00e9e de lecture estim\u00e9e":"1 minute"},"schema":{"@context":"https:\/\/schema.org","@graph":[{"@type":"WebPage","@id":"https:\/\/ohmondessin.com\/index.php\/product\/nouveau-journal-le-journal-de-la-mariee\/","url":"https:\/\/ohmondessin.com\/index.php\/product\/nouveau-journal-le-journal-de-la-mariee\/","name":"NOUVEAU Grand Cahier - Le Journal de la Mari\u00e9e - ohmondessin.com","isPartOf":{"@id":"https:\/\/ohmondessin.com\/#website"},"primaryImageOfPage":{"@id":"https:\/\/ohmondessin.com\/index.php\/product\/nouveau-journal-le-journal-de-la-mariee\/#primaryimage"},"image":{"@id":"https:\/\/ohmondessin.com\/index.php\/product\/nouveau-journal-le-journal-de-la-mariee\/#primaryimage"},"thumbnailUrl":"https:\/\/ohmondessin.com\/wp-content\/uploads\/2025\/04\/Journal-Bouquet-de-la-mariee-4-scaled.jpg","datePublished":"2025-04-01T06:44:33+00:00","dateModified":"2026-01-15T00:01:50+00:00","description":"Un joli journal pens\u00e9 pour \u00e9crire, dessiner ou coller des souvenirs uniques de ses premi\u00e8res aventures. Une belle id\u00e9e cadeau pour les jeunes parents !","breadcrumb":{"@id":"https:\/\/ohmondessin.com\/index.php\/product\/nouveau-journal-le-journal-de-la-mariee\/#breadcrumb"},"inLanguage":"fr-FR","potentialAction":[{"@type":"ReadAction","target":["https:\/\/ohmondessin.com\/index.php\/product\/nouveau-journal-le-journal-de-la-mariee\/"]}]},{"@type":"ImageObject","inLanguage":"fr-FR","@id":"https:\/\/ohmondessin.com\/index.php\/product\/nouveau-journal-le-journal-de-la-mariee\/#primaryimage","url":"https:\/\/ohmondessin.com\/wp-content\/uploads\/2025\/04\/Journal-Bouquet-de-la-mariee-4-scaled.jpg","contentUrl":"https:\/\/ohmondessin.com\/wp-content\/uploads\/2025\/04\/Journal-Bouquet-de-la-mariee-4-scaled.jpg","width":2560,"height":2560},{"@type":"BreadcrumbList","@id":"https:\/\/ohmondessin.com\/index.php\/product\/nouveau-journal-le-journal-de-la-mariee\/#breadcrumb","itemListElement":[{"@type":"ListItem","position":1,"name":"Accueil","item":"https:\/\/ohmondessin.com\/"},{"@type":"ListItem","position":2,"name":"La boutique","item":"https:\/\/ohmondessin.com\/index.php\/la-boutique\/"},{"@type":"ListItem","position":3,"name":"NOUVEAU Grand Cahier &#8211; Le Journal de la Mari\u00e9e"}]},{"@type":"WebSite","@id":"https:\/\/ohmondessin.com\/#website","url":"https:\/\/ohmondessin.com\/","name":"ohmondessin.com","description":"De l\u2019illustration et du fait-main","publisher":{"@id":"https:\/\/ohmondessin.com\/#organization"},"potentialAction":[{"@type":"SearchAction","target":{"@type":"EntryPoint","urlTemplate":"https:\/\/ohmondessin.com\/?s={search_term_string}"},"query-input":{"@type":"PropertyValueSpecification","valueRequired":true,"valueName":"search_term_string"}}],"inLanguage":"fr-FR"},{"@type":"Organization","@id":"https:\/\/ohmondessin.com\/#organization","name":"ohmondessin.com","url":"https:\/\/ohmondessin.com\/","logo":{"@type":"ImageObject","inLanguage":"fr-FR","@id":"https:\/\/ohmondessin.com\/#\/schema\/logo\/image\/","url":"https:\/\/ohmondessin.com\/wp-content\/uploads\/2023\/01\/logo_OHMD-dark.png","contentUrl":"https:\/\/ohmondessin.com\/wp-content\/uploads\/2023\/01\/logo_OHMD-dark.png","width":500,"height":500,"caption":"ohmondessin.com"},"image":{"@id":"https:\/\/ohmondessin.com\/#\/schema\/logo\/image\/"},"sameAs":["https:\/\/www.facebook.com\/Ohmondessin","https:\/\/www.instagram.com\/ohmondessin\/"]}]}},"jetpack_sharing_enabled":true,"_links":{"self":[{"href":"https:\/\/ohmondessin.com\/index.php\/wp-json\/wp\/v2\/product\/7771","targetHints":{"allow":["GET"]}}],"collection":[{"href":"https:\/\/ohmondessin.com\/index.php\/wp-json\/wp\/v2\/product"}],"about":[{"href":"https:\/\/ohmondessin.com\/index.php\/wp-json\/wp\/v2\/types\/product"}],"replies":[{"embeddable":true,"href":"https:\/\/ohmondessin.com\/index.php\/wp-json\/wp\/v2\/comments?post=7771"}],"wp:featuredmedia":[{"embeddable":true,"href":"https:\/\/ohmondessin.com\/index.php\/wp-json\/wp\/v2\/media\/7775"}],"wp:attachment":[{"href":"https:\/\/ohmondessin.com\/index.php\/wp-json\/wp\/v2\/media?parent=7771"}],"wp:term":[{"taxonomy":"product_brand","embeddable":true,"href":"https:\/\/ohmondessin.com\/index.php\/wp-json\/wp\/v2\/product_brand?post=7771"},{"taxonomy":"product_cat","embeddable":true,"href":"https:\/\/ohmondessin.com\/index.php\/wp-json\/wp\/v2\/product_cat?post=7771"},{"taxonomy":"product_tag","embeddable":true,"href":"https:\/\/ohmondessin.com\/index.php\/wp-json\/wp\/v2\/product_tag?post=7771"}],"curies":[{"name":"wp","href":"https:\/\/api.w.org\/{rel}","templated":true}]}}