{"id":7777,"date":"2025-04-01T07:12:18","date_gmt":"2025-04-01T07:12:18","guid":{"rendered":"https:\/\/ohmondessin.com\/?post_type=product&#038;p=7777"},"modified":"2026-01-15T00:01:50","modified_gmt":"2026-01-15T00:01:50","slug":"nouveau-carnet-a5-le-carnet-de-la-mariee","status":"publish","type":"product","link":"https:\/\/ohmondessin.com\/index.php\/product\/nouveau-carnet-a5-le-carnet-de-la-mariee\/","title":{"rendered":"NOUVEAU Carnet A5 &#8211; Le Carnet de la Mari\u00e9e"},"content":{"rendered":"<dl class=\"flowtabs product-tab\" data-settings=\"{&quot;height&quot;:true}\">\n<dd class=\"tab1 tabs-block active\">Un carnet A5 de 48 pages \u00e9l\u00e9gant et raffin\u00e9 pour accompagner les mari\u00e9es dans chaque \u00e9tape de leur mariage. \u00c0 remplir avec ses id\u00e9es, inspirations, souvenirs et petits tr\u00e9sors pour garder une trace de cette belle aventure. Un cadeau d\u00e9licat et unique \u00e0 offrir ou \u00e0 s\u2019offrir.<\/p>\n<ul data-start=\"723\" data-end=\"1472\">\n<li data-start=\"723\" data-end=\"939\"><strong data-start=\"725\" data-end=\"735\">Design<\/strong> : Une illustration unique et dessin\u00e9e avec beaucoup d\u2019amour!<\/li>\n<li data-start=\"940\" data-end=\"1102\"><strong data-start=\"942\" data-end=\"953\">Qualit\u00e9<\/strong> : Nous utilisons un papier recycl\u00e9 pour la conception compl\u00e8te de ce carnet.<\/li>\n<li data-start=\"940\" data-end=\"1102\"><strong>Fabrication<\/strong> : Fabriqu\u00e9 en France avec un papier recycl\u00e9 certifi\u00e9 FSC.<\/li>\n<li data-start=\"1103\" data-end=\"1232\"><strong data-start=\"1105\" data-end=\"1115\">Format<\/strong> : Carnet de 14,8 x 21 cm, offrant 48 pages lign\u00e9es avec des espaces d\u00e9di\u00e9s \u00e0 la date et aux anecdotes marquantes.<\/li>\n<li data-start=\"1233\" data-end=\"1472\"><strong data-start=\"1235\" data-end=\"1250\">Utilisation<\/strong> : Un cadeau symbolique et intemporel \u00e0 offrir \u00e0 une future mari\u00e9e pour immortaliser chaque instant.<\/li>\n<\/ul>\n<\/dd>\n<\/dl>\n<p>Pour accompagner votre papeterie, nous vous proposons le grand cahier <a href=\"https:\/\/ohmondessin.com\/index.php\/product\/nouveau-journal-le-journal-de-la-mariee\/\">Le Journal de la Mari\u00e9e<\/a> assortit \u00e0 l&rsquo;illustration.<\/p>\n","protected":false},"excerpt":{"rendered":"<p>Un carnet de 48 pages lign\u00e9es, imagin\u00e9 sp\u00e9cialement pour les mari\u00e9es. Id\u00e9al pour noter ses inspirations, organiser ses pr\u00e9paratifs, raconter ses souvenirs ou coller des photos. Son format pratique et son design tout en douceur en font un compagnon parfait pour tout noter de ce moment unique.<\/p>\n<p>Nous utilisons du papier recycl\u00e9 pour la conception compl\u00e8te de ce carnet, garantissant une texture douce et lisse, id\u00e9ale pour l\u2019\u00e9criture et les petits collages.<\/p>\n","protected":false},"featured_media":7780,"comment_status":"open","ping_status":"closed","template":"","meta":[],"product_brand":[],"product_cat":[1359,1379,729,964],"product_tag":[191,1378,1368,1375,1372,1374,1373,969,1350,1377,970,1371,1376],"class_list":{"0":"post-7777","1":"product","2":"type-product","3":"status-publish","4":"has-post-thumbnail","6":"product_cat-carnets-a5","7":"product_cat-mariage","8":"product_cat-papeterie","9":"product_cat-carnets","10":"product_tag-cadeau-mariage","11":"product_tag-cadeaux-mariage","12":"product_tag-cadeaux-mariee","13":"product_tag-cahier-de-la-mariee","14":"product_tag-cahier-mariage","15":"product_tag-carnet-de-la-mariee","16":"product_tag-carnet-mariage","17":"product_tag-eco-responsable","18":"product_tag-fabrique-en-france","19":"product_tag-papeterie-mariage","20":"product_tag-papier-recycle","21":"product_tag-souvenir-mariage","22":"product_tag-souvenirs-maraige","24":"first","25":"instock","26":"purchasable","27":"product-type-simple"},"yoast_head":"<!-- This site is optimized with the Yoast SEO plugin v24.6 - https:\/\/yoast.com\/wordpress\/plugins\/seo\/ -->\n<title>NOUVEAU Carnet A5 - Le Carnet de la Mari\u00e9e - ohmondessin.com<\/title>\n<meta name=\"description\" content=\"Un carnet de 48 pages lign\u00e9es fabriqu\u00e9 en France, imagin\u00e9 sp\u00e9cialement pour les mari\u00e9es. Id\u00e9al pour noter ses inspirations et organiser ses pr\u00e9paratifs.\" \/>\n<meta name=\"robots\" content=\"index, follow, max-snippet:-1, max-image-preview:large, max-video-preview:-1\" \/>\n<link rel=\"canonical\" href=\"https:\/\/ohmondessin.com\/index.php\/product\/nouveau-carnet-a5-le-carnet-de-la-mariee\/\" \/>\n<meta property=\"og:locale\" content=\"fr_FR\" \/>\n<meta property=\"og:type\" content=\"article\" \/>\n<meta property=\"og:title\" content=\"NOUVEAU Carnet A5 - Le Carnet de la Mari\u00e9e - ohmondessin.com\" \/>\n<meta property=\"og:description\" content=\"Un carnet de 48 pages lign\u00e9es fabriqu\u00e9 en France, imagin\u00e9 sp\u00e9cialement pour les mari\u00e9es. Id\u00e9al pour noter ses inspirations et organiser ses pr\u00e9paratifs.\" \/>\n<meta property=\"og:url\" content=\"https:\/\/ohmondessin.com\/index.php\/product\/nouveau-carnet-a5-le-carnet-de-la-mariee\/\" \/>\n<meta property=\"og:site_name\" content=\"ohmondessin.com\" \/>\n<meta property=\"article:publisher\" content=\"https:\/\/www.facebook.com\/Ohmondessin\" \/>\n<meta property=\"article:modified_time\" content=\"2026-01-15T00:01:50+00:00\" \/>\n<meta property=\"og:image\" content=\"http:\/\/ohmondessin.com\/wp-content\/uploads\/2025\/04\/Carnet-Bouquet-de-la-mariee-2-1-scaled.jpg\" \/>\n\t<meta property=\"og:image:width\" content=\"2560\" \/>\n\t<meta property=\"og:image:height\" content=\"2560\" \/>\n\t<meta property=\"og:image:type\" content=\"image\/jpeg\" \/>\n<meta name=\"twitter:card\" content=\"summary_large_image\" \/>\n<meta name=\"twitter:label1\" content=\"Dur\u00e9e de lecture estim\u00e9e\" \/>\n\t<meta name=\"twitter:data1\" content=\"1 minute\" \/>\n<script type=\"application\/ld+json\" class=\"yoast-schema-graph\">{\"@context\":\"https:\/\/schema.org\",\"@graph\":[{\"@type\":\"WebPage\",\"@id\":\"https:\/\/ohmondessin.com\/index.php\/product\/nouveau-carnet-a5-le-carnet-de-la-mariee\/\",\"url\":\"https:\/\/ohmondessin.com\/index.php\/product\/nouveau-carnet-a5-le-carnet-de-la-mariee\/\",\"name\":\"NOUVEAU Carnet A5 - Le Carnet de la Mari\u00e9e - ohmondessin.com\",\"isPartOf\":{\"@id\":\"https:\/\/ohmondessin.com\/#website\"},\"primaryImageOfPage\":{\"@id\":\"https:\/\/ohmondessin.com\/index.php\/product\/nouveau-carnet-a5-le-carnet-de-la-mariee\/#primaryimage\"},\"image\":{\"@id\":\"https:\/\/ohmondessin.com\/index.php\/product\/nouveau-carnet-a5-le-carnet-de-la-mariee\/#primaryimage\"},\"thumbnailUrl\":\"https:\/\/ohmondessin.com\/wp-content\/uploads\/2025\/04\/Carnet-Bouquet-de-la-mariee-2-1-scaled.jpg\",\"datePublished\":\"2025-04-01T07:12:18+00:00\",\"dateModified\":\"2026-01-15T00:01:50+00:00\",\"description\":\"Un carnet de 48 pages lign\u00e9es fabriqu\u00e9 en France, imagin\u00e9 sp\u00e9cialement pour les mari\u00e9es. Id\u00e9al pour noter ses inspirations et organiser ses pr\u00e9paratifs.\",\"breadcrumb\":{\"@id\":\"https:\/\/ohmondessin.com\/index.php\/product\/nouveau-carnet-a5-le-carnet-de-la-mariee\/#breadcrumb\"},\"inLanguage\":\"fr-FR\",\"potentialAction\":[{\"@type\":\"ReadAction\",\"target\":[\"https:\/\/ohmondessin.com\/index.php\/product\/nouveau-carnet-a5-le-carnet-de-la-mariee\/\"]}]},{\"@type\":\"ImageObject\",\"inLanguage\":\"fr-FR\",\"@id\":\"https:\/\/ohmondessin.com\/index.php\/product\/nouveau-carnet-a5-le-carnet-de-la-mariee\/#primaryimage\",\"url\":\"https:\/\/ohmondessin.com\/wp-content\/uploads\/2025\/04\/Carnet-Bouquet-de-la-mariee-2-1-scaled.jpg\",\"contentUrl\":\"https:\/\/ohmondessin.com\/wp-content\/uploads\/2025\/04\/Carnet-Bouquet-de-la-mariee-2-1-scaled.jpg\",\"width\":2560,\"height\":2560},{\"@type\":\"BreadcrumbList\",\"@id\":\"https:\/\/ohmondessin.com\/index.php\/product\/nouveau-carnet-a5-le-carnet-de-la-mariee\/#breadcrumb\",\"itemListElement\":[{\"@type\":\"ListItem\",\"position\":1,\"name\":\"Accueil\",\"item\":\"https:\/\/ohmondessin.com\/\"},{\"@type\":\"ListItem\",\"position\":2,\"name\":\"La boutique\",\"item\":\"https:\/\/ohmondessin.com\/index.php\/la-boutique\/\"},{\"@type\":\"ListItem\",\"position\":3,\"name\":\"NOUVEAU Carnet A5 &#8211; Le Carnet de la Mari\u00e9e\"}]},{\"@type\":\"WebSite\",\"@id\":\"https:\/\/ohmondessin.com\/#website\",\"url\":\"https:\/\/ohmondessin.com\/\",\"name\":\"ohmondessin.com\",\"description\":\"De l\u2019illustration et du fait-main\",\"publisher\":{\"@id\":\"https:\/\/ohmondessin.com\/#organization\"},\"potentialAction\":[{\"@type\":\"SearchAction\",\"target\":{\"@type\":\"EntryPoint\",\"urlTemplate\":\"https:\/\/ohmondessin.com\/?s={search_term_string}\"},\"query-input\":{\"@type\":\"PropertyValueSpecification\",\"valueRequired\":true,\"valueName\":\"search_term_string\"}}],\"inLanguage\":\"fr-FR\"},{\"@type\":\"Organization\",\"@id\":\"https:\/\/ohmondessin.com\/#organization\",\"name\":\"ohmondessin.com\",\"url\":\"https:\/\/ohmondessin.com\/\",\"logo\":{\"@type\":\"ImageObject\",\"inLanguage\":\"fr-FR\",\"@id\":\"https:\/\/ohmondessin.com\/#\/schema\/logo\/image\/\",\"url\":\"https:\/\/ohmondessin.com\/wp-content\/uploads\/2023\/01\/logo_OHMD-dark.png\",\"contentUrl\":\"https:\/\/ohmondessin.com\/wp-content\/uploads\/2023\/01\/logo_OHMD-dark.png\",\"width\":500,\"height\":500,\"caption\":\"ohmondessin.com\"},\"image\":{\"@id\":\"https:\/\/ohmondessin.com\/#\/schema\/logo\/image\/\"},\"sameAs\":[\"https:\/\/www.facebook.com\/Ohmondessin\",\"https:\/\/www.instagram.com\/ohmondessin\/\"]}]}<\/script>\n<!-- \/ Yoast SEO plugin. -->","yoast_head_json":{"title":"NOUVEAU Carnet A5 - Le Carnet de la Mari\u00e9e - ohmondessin.com","description":"Un carnet de 48 pages lign\u00e9es fabriqu\u00e9 en France, imagin\u00e9 sp\u00e9cialement pour les mari\u00e9es. Id\u00e9al pour noter ses inspirations et organiser ses pr\u00e9paratifs.","robots":{"index":"index","follow":"follow","max-snippet":"max-snippet:-1","max-image-preview":"max-image-preview:large","max-video-preview":"max-video-preview:-1"},"canonical":"https:\/\/ohmondessin.com\/index.php\/product\/nouveau-carnet-a5-le-carnet-de-la-mariee\/","og_locale":"fr_FR","og_type":"article","og_title":"NOUVEAU Carnet A5 - Le Carnet de la Mari\u00e9e - ohmondessin.com","og_description":"Un carnet de 48 pages lign\u00e9es fabriqu\u00e9 en France, imagin\u00e9 sp\u00e9cialement pour les mari\u00e9es. Id\u00e9al pour noter ses inspirations et organiser ses pr\u00e9paratifs.","og_url":"https:\/\/ohmondessin.com\/index.php\/product\/nouveau-carnet-a5-le-carnet-de-la-mariee\/","og_site_name":"ohmondessin.com","article_publisher":"https:\/\/www.facebook.com\/Ohmondessin","article_modified_time":"2026-01-15T00:01:50+00:00","og_image":[{"width":2560,"height":2560,"url":"http:\/\/ohmondessin.com\/wp-content\/uploads\/2025\/04\/Carnet-Bouquet-de-la-mariee-2-1-scaled.jpg","type":"image\/jpeg"}],"twitter_card":"summary_large_image","twitter_misc":{"Dur\u00e9e de lecture estim\u00e9e":"1 minute"},"schema":{"@context":"https:\/\/schema.org","@graph":[{"@type":"WebPage","@id":"https:\/\/ohmondessin.com\/index.php\/product\/nouveau-carnet-a5-le-carnet-de-la-mariee\/","url":"https:\/\/ohmondessin.com\/index.php\/product\/nouveau-carnet-a5-le-carnet-de-la-mariee\/","name":"NOUVEAU Carnet A5 - Le Carnet de la Mari\u00e9e - ohmondessin.com","isPartOf":{"@id":"https:\/\/ohmondessin.com\/#website"},"primaryImageOfPage":{"@id":"https:\/\/ohmondessin.com\/index.php\/product\/nouveau-carnet-a5-le-carnet-de-la-mariee\/#primaryimage"},"image":{"@id":"https:\/\/ohmondessin.com\/index.php\/product\/nouveau-carnet-a5-le-carnet-de-la-mariee\/#primaryimage"},"thumbnailUrl":"https:\/\/ohmondessin.com\/wp-content\/uploads\/2025\/04\/Carnet-Bouquet-de-la-mariee-2-1-scaled.jpg","datePublished":"2025-04-01T07:12:18+00:00","dateModified":"2026-01-15T00:01:50+00:00","description":"Un carnet de 48 pages lign\u00e9es fabriqu\u00e9 en France, imagin\u00e9 sp\u00e9cialement pour les mari\u00e9es. Id\u00e9al pour noter ses inspirations et organiser ses pr\u00e9paratifs.","breadcrumb":{"@id":"https:\/\/ohmondessin.com\/index.php\/product\/nouveau-carnet-a5-le-carnet-de-la-mariee\/#breadcrumb"},"inLanguage":"fr-FR","potentialAction":[{"@type":"ReadAction","target":["https:\/\/ohmondessin.com\/index.php\/product\/nouveau-carnet-a5-le-carnet-de-la-mariee\/"]}]},{"@type":"ImageObject","inLanguage":"fr-FR","@id":"https:\/\/ohmondessin.com\/index.php\/product\/nouveau-carnet-a5-le-carnet-de-la-mariee\/#primaryimage","url":"https:\/\/ohmondessin.com\/wp-content\/uploads\/2025\/04\/Carnet-Bouquet-de-la-mariee-2-1-scaled.jpg","contentUrl":"https:\/\/ohmondessin.com\/wp-content\/uploads\/2025\/04\/Carnet-Bouquet-de-la-mariee-2-1-scaled.jpg","width":2560,"height":2560},{"@type":"BreadcrumbList","@id":"https:\/\/ohmondessin.com\/index.php\/product\/nouveau-carnet-a5-le-carnet-de-la-mariee\/#breadcrumb","itemListElement":[{"@type":"ListItem","position":1,"name":"Accueil","item":"https:\/\/ohmondessin.com\/"},{"@type":"ListItem","position":2,"name":"La boutique","item":"https:\/\/ohmondessin.com\/index.php\/la-boutique\/"},{"@type":"ListItem","position":3,"name":"NOUVEAU Carnet A5 &#8211; Le Carnet de la Mari\u00e9e"}]},{"@type":"WebSite","@id":"https:\/\/ohmondessin.com\/#website","url":"https:\/\/ohmondessin.com\/","name":"ohmondessin.com","description":"De l\u2019illustration et du fait-main","publisher":{"@id":"https:\/\/ohmondessin.com\/#organization"},"potentialAction":[{"@type":"SearchAction","target":{"@type":"EntryPoint","urlTemplate":"https:\/\/ohmondessin.com\/?s={search_term_string}"},"query-input":{"@type":"PropertyValueSpecification","valueRequired":true,"valueName":"search_term_string"}}],"inLanguage":"fr-FR"},{"@type":"Organization","@id":"https:\/\/ohmondessin.com\/#organization","name":"ohmondessin.com","url":"https:\/\/ohmondessin.com\/","logo":{"@type":"ImageObject","inLanguage":"fr-FR","@id":"https:\/\/ohmondessin.com\/#\/schema\/logo\/image\/","url":"https:\/\/ohmondessin.com\/wp-content\/uploads\/2023\/01\/logo_OHMD-dark.png","contentUrl":"https:\/\/ohmondessin.com\/wp-content\/uploads\/2023\/01\/logo_OHMD-dark.png","width":500,"height":500,"caption":"ohmondessin.com"},"image":{"@id":"https:\/\/ohmondessin.com\/#\/schema\/logo\/image\/"},"sameAs":["https:\/\/www.facebook.com\/Ohmondessin","https:\/\/www.instagram.com\/ohmondessin\/"]}]}},"jetpack_sharing_enabled":true,"_links":{"self":[{"href":"https:\/\/ohmondessin.com\/index.php\/wp-json\/wp\/v2\/product\/7777","targetHints":{"allow":["GET"]}}],"collection":[{"href":"https:\/\/ohmondessin.com\/index.php\/wp-json\/wp\/v2\/product"}],"about":[{"href":"https:\/\/ohmondessin.com\/index.php\/wp-json\/wp\/v2\/types\/product"}],"replies":[{"embeddable":true,"href":"https:\/\/ohmondessin.com\/index.php\/wp-json\/wp\/v2\/comments?post=7777"}],"wp:featuredmedia":[{"embeddable":true,"href":"https:\/\/ohmondessin.com\/index.php\/wp-json\/wp\/v2\/media\/7780"}],"wp:attachment":[{"href":"https:\/\/ohmondessin.com\/index.php\/wp-json\/wp\/v2\/media?parent=7777"}],"wp:term":[{"taxonomy":"product_brand","embeddable":true,"href":"https:\/\/ohmondessin.com\/index.php\/wp-json\/wp\/v2\/product_brand?post=7777"},{"taxonomy":"product_cat","embeddable":true,"href":"https:\/\/ohmondessin.com\/index.php\/wp-json\/wp\/v2\/product_cat?post=7777"},{"taxonomy":"product_tag","embeddable":true,"href":"https:\/\/ohmondessin.com\/index.php\/wp-json\/wp\/v2\/product_tag?post=7777"}],"curies":[{"name":"wp","href":"https:\/\/api.w.org\/{rel}","templated":true}]}}